{"id":937,"date":"2017-12-21T12:50:00","date_gmt":"2017-12-21T12:50:00","guid":{"rendered":"https:\/\/sitechecker.pro\/?page_id=937"},"modified":"2026-02-13T16:47:41","modified_gmt":"2026-02-13T16:47:41","slug":"internal-links","status":"publish","type":"page","link":"https:\/\/sitechecker.pro\/es\/internal-links\/","title":{"rendered":"Encontrar enlaces internos para p\u00e1gina o sitio web | Sitechecker \u2611"},"content":{"rendered":"<p><\/p>\n<h2 id=\"par1\">\u00bfQu\u00e9 es el Comprobador de enlaces internos?<\/h2>\n<p>Esta herramienta imprescindible ayuda a optimizar la distribuci\u00f3n del jugo de enlaces, crear estructuras de enlaces internos e identificar y resolver problemas de referencias. Simplifica la obtenci\u00f3n de datos para una URL espec\u00edfica o un sitio web completo, al mismo tiempo que realiza un seguimiento y control de los cambios y detecta errores de forma autom\u00e1tica y constante.<\/p>\n<h3>Caracter\u00edsticas clave del buscador de enlaces internos<\/h3>\n<p>\u00bfQu\u00e9 puede hacer esta herramienta?<\/p>\n<ul>\n<li><strong>Recopila datos completos<\/strong> de cada URL de tu sitio web, incluidos c\u00f3digos de estado, estados dofollow\/nofollow y texto de <a href=\"https:\/\/sitechecker.pro\/anchor-text-checker\/\" target=\"_blank\" rel=\"noopener noreferrer\">anchor<\/a>.<\/li>\n<li><strong>Los backlinks internos y los datos de anclaje<\/strong> est\u00e1n disponibles, lo que te permite obtener las referencias internas de una URL espec\u00edfica y la lista completa de backlinks internos para esa URL, junto con el texto de anclaje presentado en formato de porcentaje.<\/li>\n<li><strong>Detecta errores de enlaces<\/strong>, genera una lista completa de URL problem\u00e1ticas y proporciona instrucciones detalladas para resolver problemas.<\/li>\n<li>Realiza un seguimiento y control continuos de los cambios con cobertura las 24 horas del d\u00eda, los 7 d\u00edas de la semana, que incluye <a href=\"https:\/\/sitechecker.pro\/backlinks-checker\/\" target=\"_blank\" rel=\"noopener noreferrer\">seguimiento de backlinks<\/a> y mantenimiento de un historial completo de modificaciones y errores.<\/li>\n<li>Nuestra completa <a href=\"https:\/\/sitechecker.pro\/\" target=\"_blank\" rel=\"noopener noreferrer\">plataforma SEO<\/a> ofrece m\u00e1s que un an\u00e1lisis de enlaces internos, incluida una auditor\u00eda SEO completa (en la p\u00e1gina y fuera de la p\u00e1gina), seguimiento de posiciones, monitoreo del sitio y m\u00e1s.<\/li>\n<\/ul>\n<h2 id=\"par2\">Importancia del an\u00e1lisis de referencias internas<\/h2>\n<p>Nuestro analizador ayuda a redistribuir el peso SEO de su sitio entre las p\u00e1ginas importantes, lo que permite que Google indexe las p\u00e1ginas m\u00e1s r\u00e1pido. Mejore las tasas de conversi\u00f3n de su sitio web, aumente la participaci\u00f3n de los usuarios y mejore la navegaci\u00f3n del sitio. Consulte la p\u00e1gina wiki de enlaces internos para obtener una comprensi\u00f3n m\u00e1s profunda y conocer los errores comunes y las mejores pr\u00e1cticas.<\/p>\n<h2 id=\"par3\">\u00bfC\u00f3mo utilizar el analizador de enlaces internos de sitios web?<\/h2>\n<p>El verificador de referencias internas es una de las herramientas que cualquiera puede usar. No es necesario instalar ning\u00fan software adicional para realizar una auditor\u00eda de enlaces: puede hacerlo todo con la herramienta Sitechecker. A continuaci\u00f3n, se indican dos pasos b\u00e1sicos que debe seguir para obtener los resultados. Introduzca la direcci\u00f3n URL en el campo de entrada y, a continuaci\u00f3n, utilice el selector para comprobar el sitio completo o una p\u00e1gina espec\u00edfica.<br \/>\n<div class=\"content__img-wrap\"><img src=\"https:\/\/sitechecker.pro\/wp-content\/uploads\/2024\/08\/Selector-1-min.png\" alt=\"Inicio del verificador de enlaces internos\" class=\"description-img description-img-zoom\" loading=\"lazy\" ><\/div><\/p>\n<h2>Verificaci\u00f3n de dominio<\/h2>\n<h3>Paso 1: inserte la URL de su dominio y haga clic en el bot\u00f3n &#8220;Iniciar auditor\u00eda&#8221;<\/h3>\n<div class=\"content__img-wrap\"><img src=\"https:\/\/sitechecker.pro\/wp-content\/uploads\/2024\/08\/2-site-check-min.png\" alt=\"Verificaci\u00f3n de enlaces internos de dominio\" class=\"description-img description-img-zoom\" loading=\"lazy\" ><\/div>\n<div class=\"important-block\">Nota: para recibir los resultados y acceder a las funciones de Sitechecker durante 14 d\u00edas, comience su prueba GRATUITA. Reg\u00edstrese f\u00e1cilmente con su cuenta de correo electr\u00f3nico, Google o Facebook. NO se necesita tarjeta de cr\u00e9dito.<\/div>\n<h3>Paso 2: obtenga los resultados<\/h3>\n<p>Recibir\u00e1 una lista completa de enlaces internos para la URL que ha analizado. Esta lista incluir\u00e1 la URL de referencia, el c\u00f3digo de estado, la informaci\u00f3n del enlace dofollow y el texto de anclaje.<\/p>\n<div class=\"content__img-wrap\"><img src=\"https:\/\/sitechecker.pro\/wp-content\/uploads\/2023\/05\/internal-links-info.png\" alt=\"Informaci\u00f3n de enlaces internos\" class=\"description-img description-img-zoom\" loading=\"lazy\" ><\/div>\n<p>Adem\u00e1s, puede filtrar los datos en funci\u00f3n de los par\u00e1metros disponibles o buscar una URL espec\u00edfica si est\u00e1 interesado en una en particular. Por ejemplo, puede seleccionar ver <a href=\"https:\/\/sitechecker.pro\/website-link-counter\/\"> todos los enlaces<\/a> que est\u00e1n rotos y tienen errores de servidor 404 (pueden da\u00f1ar su enlace) o buscar referencias con redirecci\u00f3n 301 y cambiarlas por la URL final a la que est\u00e1n redireccionando.<\/p>\n<div class=\"content__img-wrap\"><img src=\"https:\/\/sitechecker.pro\/wp-content\/uploads\/2023\/05\/internal-links-filter.png\" alt=\"Filtro de enlaces internos\" class=\"description-img description-img-zoom\" loading=\"lazy\" ><\/div>\n<h2 id=\"par4\">Funciones adicionales de Internal References Checker<\/h2>\n<h3>Datos de backlinks internos<\/h3>\n<p>El acceso a los datos de auditor\u00eda de enlaces internos ofrece una gran oportunidad para analizar y refinar su estrategia de enlaces internos. Considere explorar las secciones Backlinks internos y Anclajes de backlinks internos para mayor claridad y m\u00e1s informaci\u00f3n.<\/p>\n<p>Estas dos categor\u00edas adicionales dentro de la auditor\u00eda en la p\u00e1gina le permiten descubrir las referencias de una URL espec\u00edfica y los backlinks internos a esa URL desde otras p\u00e1ginas internas. Adem\u00e1s, puede revisar la distribuci\u00f3n porcentual de cada texto de anclaje utilizado en los backlinks internos. Si est\u00e1 realizando una auditor\u00eda completa de enlaces, tambi\u00e9n puede utilizar el <a href=\"https:\/\/sitechecker.pro\/external-links\/\" target=\"_blank\" rel=\"noopener noreferrer\">verificador de enlaces externos salientes<\/a>.<\/p>\n<div class=\"content__img-wrap\"><img src=\"https:\/\/sitechecker.pro\/wp-content\/uploads\/2023\/05\/internal-backlinks.png\" alt=\"Enlaces de retroceso internos\" class=\"description-img description-img-zoom\" loading=\"lazy\" ><\/div>\n<div class=\"content__img-wrap\"><img src=\"https:\/\/sitechecker.pro\/wp-content\/uploads\/2023\/05\/internal-backlinks-anchors.png\" alt=\"Enlaces de retroceso internos Anclajes\" class=\"description-img description-img-zoom\" loading=\"lazy\" ><\/div>\n<h3>Encuentra problemas de enlaces internos en el sitio web de la sala<\/h3>\n<p>Al examinar una URL espec\u00edfica, nuestro <a href=\"https:\/\/sitechecker.pro\/on-page-seo-checker\/\" target=\"_blank\" rel=\"noopener noreferrer\">verificador de SEO<\/a> realiza una auditor\u00eda integral de todo tu sitio web. Para acceder a la lista completa de problemas que han surgido, simplemente visita la p\u00e1gina de auditor\u00eda del sitio dentro de la aplicaci\u00f3n. Por ejemplo, en la categor\u00eda &#8220;Enlaces&#8221;, puedes identificar problemas de referencia interna para tu sitio web y descubrir las URL afectadas. Todos los problemas se priorizan para ayudarte a saber cu\u00e1l abordar primero. Adem\u00e1s, proporcionamos instrucciones detalladas para resolverlos.<\/p>\n<div class=\"content__img-wrap\"><img src=\"https:\/\/sitechecker.pro\/wp-content\/uploads\/2023\/05\/internal-links-issues.png\" alt=\"Problemas de enlaces internos\" class=\"description-img description-img-zoom\" loading=\"lazy\" ><\/div>\n<div class=\"content__img-wrap\"><img src=\"https:\/\/sitechecker.pro\/wp-content\/uploads\/2023\/05\/internal-links-3xx-pages.png\" alt=\"Enlaces internos a p\u00e1ginas 3xx\" class=\"description-img description-img-zoom\" loading=\"lazy\" ><\/div>\n<p>\u00bfEs propietario de un sitio web y necesita enviar datos de problemas a su especialista en SEO? \u00bfO tal vez es un profesional de SEO que busca compartir problemas con colegas, enviar un informe a un cliente o crear una tarea t\u00e9cnica para un equipo de desarrollo? Entonces, nuestro equipo est\u00e1 aqu\u00ed para ayudarlo. Ofrecemos un sistema de informes y uso compartido altamente flexible adaptado a sus necesidades. Esta plataforma le permite generar y descargar informes, listas de problemas o listas de referencia espec\u00edficas de URL, entre otras opciones. Incluso puede <a href=\"https:\/\/sitechecker.pro\/dofollow-link-checker\/\">probar los enlaces dofollow<\/a> directamente a trav\u00e9s de nuestro sistema para asegurarse de que funcionan correctamente y transmiten valor SEO, lo que hace que el proceso de generaci\u00f3n de informes sea m\u00e1s eficiente y pr\u00e1ctico.<\/p>\n<div class=\"content__img-wrap\"><img src=\"https:\/\/sitechecker.pro\/wp-content\/uploads\/2023\/05\/data-export.png\" alt=\"Exportaci\u00f3n de datos\" class=\"description-img description-img-zoom\" loading=\"lazy\" ><\/div>\n<h2 id=\"par5\">\n<h2>Verificar p\u00e1gina<\/h2>\n<h3>Paso 1: inserte su URL<\/h3>\n<p>Con solo un clic, puede realizar una verificaci\u00f3n de enlaces internos de la p\u00e1gina de la direcci\u00f3n web que desea analizar.<br \/>\n<div class=\"content__img-wrap\"><img src=\"https:\/\/sitechecker.pro\/wp-content\/uploads\/2024\/08\/Page-check-min.png\" alt=\"Enlaces internos de la p\u00e1gina\" class=\"description-img description-img-zoom\" loading=\"lazy\" ><\/div><\/p>\n<h3>Paso 2: Obtenga resultados<\/h3>\n<p>El Comprobador de enlaces internos es una funci\u00f3n clave dentro de una herramienta de an\u00e1lisis SEO que le ayuda a garantizar la integridad y la eficacia de la estructura de enlaces internos de su sitio web. El m\u00f3dulo muestra una lista completa de enlaces internos detectados en un sitio web, organiz\u00e1ndolos cuidadosamente por sus URL y el <a href=\"https:\/\/sitechecker.pro\/anchor-text-checker\/\"> texto de anclaje<\/a> correspondiente.<\/p>\n<p>Cada enlace est\u00e1 acompa\u00f1ado de un c\u00f3digo de estado; en este caso, todos los enlaces muestran un estado &#8220;200 OK&#8221;, lo que indica su funcionamiento y accesibilidad adecuados.<br \/>\n<div class=\"content__img-wrap\"><img src=\"https:\/\/sitechecker.pro\/wp-content\/uploads\/2024\/08\/image11-min.png\" alt=\"Exportaci\u00f3n de datos de enlaces internos de la p\u00e1gina\" class=\"description-img description-img-zoom\" loading=\"lazy\" ><\/div><\/p>\n<p>Para obtener una idea completa de las capacidades de la herramienta m\u00e1s all\u00e1 de evaluar los enlaces internos en una sola p\u00e1gina, consulte las pantallas de confirmaci\u00f3n de dominio ubicadas en el segmento inicial de la gu\u00eda, que aparecen despu\u00e9s de realizar un escaneo de dominio.<\/p>\n<p>Alternativamente, seleccione &#8220;Auditor\u00eda del sitio&#8221; para profundizar en la gama completa de funciones que ofrece la herramienta. Esto le permitir\u00e1 descubrir su potencial y c\u00f3mo se puede adaptar a las necesidades de su sitio web.<br \/>\n<div class=\"content__img-wrap\"><img src=\"https:\/\/sitechecker.pro\/wp-content\/uploads\/2024\/08\/image8-min.png\" alt=\"Funciones adicionales de los enlaces internos de la p\u00e1gina\" class=\"description-img description-img-zoom\" loading=\"lazy\" ><\/div><\/p>\n<h2 id=\"par6\">\n<h2>Funciones adicionales de Page Check<\/h2>\n<p>El panel de navegaci\u00f3n de la herramienta Internal Link Checker muestra un conjunto de funciones dedicadas a mejorar el rendimiento de un sitio web en los motores de b\u00fasqueda. Incluye una secci\u00f3n &#8220;Enlaces&#8221; que examina la red de enlaces internos y externos en todo el sitio. La &#8220;Descripci\u00f3n general de problemas&#8221; agrega y clasifica varios problemas que podr\u00edan estar obstaculizando la optimizaci\u00f3n del sitio.<\/p>\n<p>En el \u00e1rea &#8220;Optimizaci\u00f3n de contenido&#8221;, se gu\u00eda a los usuarios sobre c\u00f3mo ajustar su contenido para aumentar su relevancia y la participaci\u00f3n del usuario.<\/p>\n<p>Los &#8220;Datos estructurados&#8221; ayudan a administrar la informaci\u00f3n de una manera que facilita que los motores de b\u00fasqueda interpreten y presenten el contenido de manera efectiva. La secci\u00f3n &#8220;Im\u00e1genes&#8221; probablemente se centre en garantizar que el contenido visual sea compatible con los motores de b\u00fasqueda. La categor\u00eda general &#8220;Optimizaci\u00f3n de b\u00fasqueda&#8221; cubre un amplio espectro de estrategias de SEO.<\/p>\n<p>&#8220;PageSpeed \u200b\u200bInsights&#8221; es particularmente crucial, ya que eval\u00faa las m\u00e9tricas de rendimiento del sitio, que son vitales tanto para la experiencia del usuario como para las clasificaciones en los motores de b\u00fasqueda. Este panel es indicativo de un conjunto integral de herramientas dise\u00f1adas para brindar una auditor\u00eda de SEO en profundidad con informaci\u00f3n \u00fatil.<br \/>\n<div class=\"content__img-wrap\"><img src=\"https:\/\/sitechecker.pro\/wp-content\/uploads\/2024\/08\/image10-min.png\" alt=\"Funciones adicionales de enlaces internos de la p\u00e1gina\" class=\"description-img description-img-zoom\" loading=\"lazy\" ><\/div><\/p>\n<p>Adem\u00e1s, la integraci\u00f3n de <a href=\"https:\/\/sitechecker.pro\/404-errors-monitoring\/\">Monitoreo de errores 404<\/a> ayuda a identificar y resolver enlaces rotos en tiempo real, lo que garantiza que los visitantes y los motores de b\u00fasqueda puedan acceder sin problemas a sus p\u00e1ginas sin encontrar errores. Esta combinaci\u00f3n de herramientas proporciona una auditor\u00eda de SEO integral con informaci\u00f3n \u00fatil.<\/p>\n<h2 id=\"par7\">Observaciones finales<\/h2>\n<p>El verificador de enlaces internos ofrece un an\u00e1lisis completo de las estructuras de enlaces internos, identifica problemas y proporciona informaci\u00f3n \u00fatil para ayudarlo a refinar su estrategia. Con funciones como seguimiento y monitoreo continuos, una plataforma SEO extensa y opciones de informes flexibles, esta herramienta es invaluable para propietarios de sitios web, profesionales de SEO y equipos de desarrollo. Con el <a href=\"https:\/\/sitechecker.pro\/link-extractor\/\">analizador de enlaces<\/a> interno, puede mejorar la navegaci\u00f3n del sitio, mejorar las tasas de conversi\u00f3n y aumentar la participaci\u00f3n del usuario. En \u00faltima instancia, obtendr\u00e1 una mejor indexaci\u00f3n y clasificaci\u00f3n en los motores de b\u00fasqueda para su sitio web.<\/p>\n<div id=\"par6\"><\/div>\n<p><div class=\"front__faq-block\"><div class=\"faq__block-title\">Preguntas frecuentes<\/div><div class=\"panel-group\" id=\"faq-accordion\" itemscope itemtype=\"https:\/\/schema.org\/FAQPage\" role=\"tablist\" aria-multiselectable=\"true\"><div class=\"panel\" itemscope itemtype=\"https:\/\/schema.org\/Question\" itemprop=\"mainEntity\">\n                            <div class=\"panel-heading\" id=\"headingFaq-1\">\n                                <div class=\"panel-title\" data-toggle=\"collapse\" aria-expanded=\"false\" href=\"#collapseFaq-1\">\n                                    <h3 itemprop=\"name\">\u00bfC\u00f3mo encontrar enlaces internos a una p\u00e1gina?<\/h3>\n                                <\/div>\n                            <\/div>\n                            <div id=\"collapseFaq-1\" class=\"panel-collapse collapse\" itemprop=\"acceptedAnswer\" itemscope itemtype=\"http:\/\/schema.org\/Answer\">\n                                <div class=\"panel-body\" itemprop=\"text\">La forma m\u00e1s eficaz de encontrar todas las referencias internas en una p\u00e1gina web es utilizar una herramienta. Despu\u00e9s de revisar cuidadosamente la p\u00e1gina, obtendr\u00e1 una lista de enlaces, c\u00f3digo de estado, estado dofolow y anclas utilizadas actualmente en la p\u00e1gina. Puede utilizar esta herramienta para todo tipo de sitios, incluidas las p\u00e1ginas de destino y los sitios web de comercio electr\u00f3nico.<\/div>\n                            <\/div>\n                        <\/div><div class=\"panel\" itemscope itemtype=\"https:\/\/schema.org\/Question\" itemprop=\"mainEntity\">\n                            <div class=\"panel-heading\" id=\"headingFaq-2\">\n                                <div class=\"panel-title\" data-toggle=\"collapse\" aria-expanded=\"false\" href=\"#collapseFaq-2\">\n                                    <h3 itemprop=\"name\">\u00bfC\u00f3mo encontrar enlaces internos en el sitio web?<\/h3>\n                                <\/div>\n                            <\/div>\n                            <div id=\"collapseFaq-2\" class=\"panel-collapse collapse\" itemprop=\"acceptedAnswer\" itemscope itemtype=\"http:\/\/schema.org\/Answer\">\n                                <div class=\"panel-body\" itemprop=\"text\">La herramienta de Sitechecker le permite examinar los enlaces internos de una p\u00e1gina espec\u00edfica y de todas las p\u00e1ginas del sitio web. Como caracter\u00edstica adicional, proporciona una lista de problemas del sitio web y una compilaci\u00f3n de URL afectadas por cada problema.<\/div>\n                            <\/div>\n                        <\/div><div class=\"panel\" itemscope itemtype=\"https:\/\/schema.org\/Question\" itemprop=\"mainEntity\">\n                            <div class=\"panel-heading\" id=\"headingFaq-3\">\n                                <div class=\"panel-title\" data-toggle=\"collapse\" aria-expanded=\"false\" href=\"#collapseFaq-3\">\n                                    <h3 itemprop=\"name\">\u00bfPuede esta herramienta analizar los enlaces internos que apuntan a sitios web en cualquier CMS?<\/h3>\n                                <\/div>\n                            <\/div>\n                            <div id=\"collapseFaq-3\" class=\"panel-collapse collapse\" itemprop=\"acceptedAnswer\" itemscope itemtype=\"http:\/\/schema.org\/Answer\">\n                                <div class=\"panel-body\" itemprop=\"text\">Nuestra herramienta analiza la estructura de referencias internas de cualquier sitio web, independientemente de si est\u00e1 en WordPress, Shopify, Wix u otro CMS.<\/div>\n                            <\/div>\n                        <\/div><\/div><\/div><\/p>","protected":false},"excerpt":{"rendered":"\u00bfQu\u00e9 es el Comprobador de enlaces internos? Esta herramienta imprescindible ayuda a optimizar la distribuci\u00f3n del jugo de enlaces, crear estructuras de enlaces internos e identificar y resolver problemas de referencias. Simplifica la obtenci\u00f3n de datos para una URL espec\u00edfica o un sitio web completo, al mismo tiempo que realiza un seguimiento y control de&#8230;","protected":false},"author":10409641,"featured_media":3742,"parent":0,"menu_order":0,"comment_status":"closed","ping_status":"closed","template":"pages-templates\/pages-minitools-3.php","meta":[],"categories":[72],"tags":[],"_links":{"self":[{"href":"https:\/\/sitechecker.pro\/es\/wp-json\/wp\/v2\/pages\/937"}],"collection":[{"href":"https:\/\/sitechecker.pro\/es\/wp-json\/wp\/v2\/pages"}],"about":[{"href":"https:\/\/sitechecker.pro\/es\/wp-json\/wp\/v2\/types\/page"}],"author":[{"embeddable":true,"href":"https:\/\/sitechecker.pro\/es\/wp-json\/wp\/v2\/users\/10409641"}],"replies":[{"embeddable":true,"href":"https:\/\/sitechecker.pro\/es\/wp-json\/wp\/v2\/comments?post=937"}],"version-history":[{"count":100,"href":"https:\/\/sitechecker.pro\/es\/wp-json\/wp\/v2\/pages\/937\/revisions"}],"predecessor-version":[{"id":39263,"href":"https:\/\/sitechecker.pro\/es\/wp-json\/wp\/v2\/pages\/937\/revisions\/39263"}],"wp:featuredmedia":[{"embeddable":true,"href":"https:\/\/sitechecker.pro\/es\/wp-json\/wp\/v2\/media\/3742"}],"wp:attachment":[{"href":"https:\/\/sitechecker.pro\/es\/wp-json\/wp\/v2\/media?parent=937"}],"wp:term":[{"taxonomy":"category","embeddable":true,"href":"https:\/\/sitechecker.pro\/es\/wp-json\/wp\/v2\/categories?post=937"},{"taxonomy":"post_tag","embeddable":true,"href":"https:\/\/sitechecker.pro\/es\/wp-json\/wp\/v2\/tags?post=937"}],"curies":[{"name":"wp","href":"https:\/\/api.w.org\/{rel}","templated":true}]}}