{"id":8472,"date":"2019-10-18T10:13:00","date_gmt":"2019-10-18T10:13:00","guid":{"rendered":"https:\/\/sitechecker.pro\/?page_id=8472"},"modified":"2025-11-27T13:37:26","modified_gmt":"2025-11-27T13:37:26","slug":"wordpress-theme-checker","status":"publish","type":"page","link":"https:\/\/sitechecker.pro\/es\/wordpress-theme-checker\/","title":{"rendered":"Detector de temas de WordPress | Encuentre qu\u00e9 tema WP utiliza"},"content":{"rendered":"<p><\/p>\n<h2 id=\"par1\">\u00bfQu\u00e9 es el detector de temas de WordPress?<\/h2>\n<p>El verificador de temas de sitios web de <a href=\"https:\/\/sitechecker.pro\/\" target=\"_blank\" rel=\"noopener noreferrer\">Sitechecker<\/a> es una herramienta en l\u00ednea que identifica los temas utilizados en un sitio web de WordPress y ofrece informaci\u00f3n detallada sobre su dise\u00f1o y funcionalidad.<\/p>\n<h3>C\u00f3mo puede ayudarle la herramienta<\/h3>\n<p><strong>Identificaci\u00f3n de temas: <\/strong>detecta la plantilla exacta de WordPress utilizada en un sitio web, incluido su nombre, versi\u00f3n y proveedor.<\/p>\n<p><strong>Detecci\u00f3n de complementos: <\/strong><a href=\"https:\/\/sitechecker.pro\/wordpress-plugin-checker\/\" target=\"_blank\" rel=\"noopener noreferrer\">identifica los complementos<\/a> en un sitio de WordPress y ofrece informaci\u00f3n sobre la funcionalidad y el rendimiento del sitio.<\/p>\n<p><strong>Detecci\u00f3n de complementos: <\/strong>ofrece informaci\u00f3n adicional, como los detalles de dise\u00f1o de la plantilla y los prop\u00f3sitos de los complementos, lo que ayuda a los usuarios a comprender la configuraci\u00f3n de cualquier sitio.<\/p>\n<h3>Caracter\u00edsticas clave de la herramienta<\/h3>\n<p><strong>Panel de control unificado: <\/strong>ofrece un centro centralizado para supervisar, analizar y administrar todos sus esfuerzos de SEO en un solo lugar.<\/p>\n<p><strong>Interfaz f\u00e1cil de usar: <\/strong>ofrece un dise\u00f1o intuitivo y f\u00e1cil de navegar, lo que lo hace accesible tanto para principiantes como para profesionales de SEO experimentados.<\/p>\n<p><strong>Conjunto completo de herramientas de SEO: <\/strong>incluye herramientas para auditor\u00eda de sitios web, seguimiento de clasificaci\u00f3n, optimizaci\u00f3n en la p\u00e1gina y monitoreo del rendimiento en tiempo real.<\/p>\n<h2 id=\"par2\">C\u00f3mo usar la herramienta<\/h2>\n<p>Para comenzar a usar el Buscador de temas de WordPress, simplemente ingrese el nombre de dominio del sitio web que desea analizar en el campo de entrada y haga clic en el bot\u00f3n &#8220;Detectar tema&#8221;. La herramienta identificar\u00e1 r\u00e1pidamente la plantilla y los complementos de WordPress utilizados en el sitio, lo que le proporcionar\u00e1 informaci\u00f3n detallada.<\/p>\n<h3>Paso 1: inserte la direcci\u00f3n URL del dominio<\/h3>\n<div class=\"content__img-wrap\"><img src=\"https:\/\/sitechecker.pro\/wp-content\/uploads\/2025\/01\/wordpress-theme-detector.png\" alt=\"Detector de temas de WordPress\" class=\"description-img description-img-zoom\" loading=\"lazy\" ><\/div>\n<h3>Paso 2: obtenga los resultados<\/h3>\n<p>La herramienta proporciona informaci\u00f3n detallada sobre el tema y los complementos de WordPress utilizados en un sitio web, incluido el nombre de la plantilla, la versi\u00f3n y el autor, as\u00ed como enlaces a los complementos identificados para una exploraci\u00f3n m\u00e1s profunda.<\/p>\n<div class=\"content__img-wrap\"><img src=\"https:\/\/sitechecker.pro\/wp-content\/uploads\/2025\/01\/wordpress-checker-results.png\" alt=\"Resultados del verificador de WordPress\" class=\"description-img description-img-zoom\" loading=\"lazy\" ><\/div>\n<h2 id=\"par3\">Funciones adicionales<\/h2>\n<p>Mant\u00e9ngase informado sobre las actualizaciones de sus complementos de WordPress configurando un sistema de alerta que env\u00ede notificaciones directamente a su correo electr\u00f3nico o Slack.<\/p>\n<div class=\"content__img-wrap\"><img src=\"https:\/\/sitechecker.pro\/wp-content\/uploads\/2025\/01\/wordpress-checker-set-up-alerts.png\" alt=\"Configuraci\u00f3n de alertas de WordPress Checker\" class=\"description-img description-img-zoom\" loading=\"lazy\" ><\/div>\n<p>Al habilitar las notificaciones de cambios cr\u00edticos (como <a href=\"https:\/\/sitechecker.pro\/wordpress-site-monitoring\/\" target=\"_blank\" rel=\"noopener noreferrer\">actualizaciones de temas, versiones o complementos de WordPress<\/a>) se garantiza que se le informe de inmediato sobre los posibles impactos en el dise\u00f1o, el rendimiento y el SEO de su sitio.<\/p>\n<div class=\"content__img-wrap\"><img src=\"https:\/\/sitechecker.pro\/wp-content\/uploads\/2025\/01\/send-alerts.png\" alt=\"Enviar alertas\" class=\"description-img description-img-zoom\" loading=\"lazy\" ><\/div>\n<p>Este sistema de notificaciones es esencial para mantener la estabilidad del sitio web y abordar r\u00e1pidamente los cambios que podr\u00edan afectar la experiencia del usuario y las clasificaciones en los motores de b\u00fasqueda.<\/p>\n<div class=\"content__img-wrap\"><img src=\"https:\/\/sitechecker.pro\/wp-content\/uploads\/2025\/01\/wordpress-theme-updated.png\" alt=\"Tema de WordPress actualizado\" class=\"description-img description-img-zoom\" loading=\"lazy\" ><\/div>\n<h2 id=\"par4\">Idea final<\/h2>\n<p>El detector de temas de sitios web es una herramienta poderosa para identificar los temas y complementos utilizados en cualquier sitio web de WordPress. Proporciona informaci\u00f3n detallada sobre el dise\u00f1o, la funcionalidad y la configuraci\u00f3n de SEO de un sitio. Con una interfaz f\u00e1cil de usar y funciones completas, la herramienta es ideal para analizar plantillas, realizar un seguimiento de las actualizaciones de complementos y mantener el rendimiento del sitio web. Simplemente ingrese un dominio para recibir resultados instant\u00e1neos, incluidos los detalles del tema y la informaci\u00f3n del complemento. Las funciones adicionales, como las alertas de notificaci\u00f3n, garantizan que se mantenga actualizado sobre los cambios cr\u00edticos, lo que ayuda a mantener la estabilidad del sitio web y optimizar la experiencia del usuario y las clasificaciones de SEO.<\/p>\n<div id=\"par5\"><\/div>\n<p><div class=\"front__faq-block\"><div class=\"faq__block-title\">Preguntas frecuentes<\/div><div class=\"panel-group\" id=\"faq-accordion\" itemscope itemtype=\"https:\/\/schema.org\/FAQPage\" role=\"tablist\" aria-multiselectable=\"true\"><div class=\"panel\" itemscope itemtype=\"https:\/\/schema.org\/Question\" itemprop=\"mainEntity\">\n                            <div class=\"panel-heading\" id=\"headingFaq-1\">\n                                <div class=\"panel-title\" data-toggle=\"collapse\" aria-expanded=\"false\" href=\"#collapseFaq-1\">\n                                    <h3 itemprop=\"name\">\u00bfPuedo usar el Detector de temas de WordPress para investigar a la competencia?<\/h3>\n                                <\/div>\n                            <\/div>\n                            <div id=\"collapseFaq-1\" class=\"panel-collapse collapse\" itemprop=\"acceptedAnswer\" itemscope itemtype=\"http:\/\/schema.org\/Answer\">\n                                <div class=\"panel-body\" itemprop=\"text\">S\u00ed, la herramienta es excelente para analizar los sitios web de la competencia y comprender sus opciones de dise\u00f1o y configuraci\u00f3n de funciones.<\/div>\n                            <\/div>\n                        <\/div><div class=\"panel\" itemscope itemtype=\"https:\/\/schema.org\/Question\" itemprop=\"mainEntity\">\n                            <div class=\"panel-heading\" id=\"headingFaq-2\">\n                                <div class=\"panel-title\" data-toggle=\"collapse\" aria-expanded=\"false\" href=\"#collapseFaq-2\">\n                                    <h3 itemprop=\"name\">\u00bfExiste un l\u00edmite en la cantidad de sitios web que puedo analizar con la herramienta?<\/h3>\n                                <\/div>\n                            <\/div>\n                            <div id=\"collapseFaq-2\" class=\"panel-collapse collapse\" itemprop=\"acceptedAnswer\" itemscope itemtype=\"http:\/\/schema.org\/Answer\">\n                                <div class=\"panel-body\" itemprop=\"text\">La herramienta permite analizar varios sitios web, pero el uso frecuente puede requerir una cuenta de Sitechecker para obtener funciones extendidas.<\/div>\n                            <\/div>\n                        <\/div><div class=\"panel\" itemscope itemtype=\"https:\/\/schema.org\/Question\" itemprop=\"mainEntity\">\n                            <div class=\"panel-heading\" id=\"headingFaq-3\">\n                                <div class=\"panel-title\" data-toggle=\"collapse\" aria-expanded=\"false\" href=\"#collapseFaq-3\">\n                                    <h3 itemprop=\"name\">\u00bfLa herramienta afecta al sitio web que se analiza?<\/h3>\n                                <\/div>\n                            <\/div>\n                            <div id=\"collapseFaq-3\" class=\"panel-collapse collapse\" itemprop=\"acceptedAnswer\" itemscope itemtype=\"http:\/\/schema.org\/Answer\">\n                                <div class=\"panel-body\" itemprop=\"text\">No, solo escanea datos disponibles p\u00fablicamente y no interfiere con la funcionalidad o el rendimiento del sitio.<\/div>\n                            <\/div>\n                        <\/div><div class=\"panel\" itemscope itemtype=\"https:\/\/schema.org\/Question\" itemprop=\"mainEntity\">\n                            <div class=\"panel-heading\" id=\"headingFaq-4\">\n                                <div class=\"panel-title\" data-toggle=\"collapse\" aria-expanded=\"false\" href=\"#collapseFaq-4\">\n                                    <h3 itemprop=\"name\">\u00bfLa herramienta puede identificar temas de WordPress desarrollados a medida?<\/h3>\n                                <\/div>\n                            <\/div>\n                            <div id=\"collapseFaq-4\" class=\"panel-collapse collapse\" itemprop=\"acceptedAnswer\" itemscope itemtype=\"http:\/\/schema.org\/Answer\">\n                                <div class=\"panel-body\" itemprop=\"text\">S\u00ed, pero solo puede proporcionar detalles limitados para temas personalizados, ya que no son parte de repositorios p\u00fablicos o mercados.<\/div>\n                            <\/div>\n                        <\/div><div class=\"panel\" itemscope itemtype=\"https:\/\/schema.org\/Question\" itemprop=\"mainEntity\">\n                            <div class=\"panel-heading\" id=\"headingFaq-5\">\n                                <div class=\"panel-title\" data-toggle=\"collapse\" aria-expanded=\"false\" href=\"#collapseFaq-5\">\n                                    <h3 itemprop=\"name\">\u00bfLa funci\u00f3n de notificaci\u00f3n incluye actualizaciones tanto para temas como para complementos?<\/h3>\n                                <\/div>\n                            <\/div>\n                            <div id=\"collapseFaq-5\" class=\"panel-collapse collapse\" itemprop=\"acceptedAnswer\" itemscope itemtype=\"http:\/\/schema.org\/Answer\">\n                                <div class=\"panel-body\" itemprop=\"text\">S\u00ed, el sistema de notificaciones informa a los usuarios sobre actualizaciones y cambios en los temas y complementos de WordPress, lo que garantiza la estabilidad del sitio web.<\/div>\n                            <\/div>\n                        <\/div><\/div><\/div><\/p>","protected":false},"excerpt":{"rendered":"\u00bfQu\u00e9 es el detector de temas de WordPress? El verificador de temas de sitios web de Sitechecker es una herramienta en l\u00ednea que identifica los temas utilizados en un sitio web de WordPress y ofrece informaci\u00f3n detallada sobre su dise\u00f1o y funcionalidad. C\u00f3mo puede ayudarle la herramienta Identificaci\u00f3n de temas: detecta la plantilla exacta de&#8230;","protected":false},"author":10409641,"featured_media":8511,"parent":0,"menu_order":0,"comment_status":"closed","ping_status":"closed","template":"pages-templates\/pages-minitools-3.php","meta":[],"categories":[73],"tags":[],"_links":{"self":[{"href":"https:\/\/sitechecker.pro\/es\/wp-json\/wp\/v2\/pages\/8472"}],"collection":[{"href":"https:\/\/sitechecker.pro\/es\/wp-json\/wp\/v2\/pages"}],"about":[{"href":"https:\/\/sitechecker.pro\/es\/wp-json\/wp\/v2\/types\/page"}],"author":[{"embeddable":true,"href":"https:\/\/sitechecker.pro\/es\/wp-json\/wp\/v2\/users\/10409641"}],"replies":[{"embeddable":true,"href":"https:\/\/sitechecker.pro\/es\/wp-json\/wp\/v2\/comments?post=8472"}],"version-history":[{"count":5,"href":"https:\/\/sitechecker.pro\/es\/wp-json\/wp\/v2\/pages\/8472\/revisions"}],"predecessor-version":[{"id":38953,"href":"https:\/\/sitechecker.pro\/es\/wp-json\/wp\/v2\/pages\/8472\/revisions\/38953"}],"wp:featuredmedia":[{"embeddable":true,"href":"https:\/\/sitechecker.pro\/es\/wp-json\/wp\/v2\/media\/8511"}],"wp:attachment":[{"href":"https:\/\/sitechecker.pro\/es\/wp-json\/wp\/v2\/media?parent=8472"}],"wp:term":[{"taxonomy":"category","embeddable":true,"href":"https:\/\/sitechecker.pro\/es\/wp-json\/wp\/v2\/categories?post=8472"},{"taxonomy":"post_tag","embeddable":true,"href":"https:\/\/sitechecker.pro\/es\/wp-json\/wp\/v2\/tags?post=8472"}],"curies":[{"name":"wp","href":"https:\/\/api.w.org\/{rel}","templated":true}]}}