{"id":8470,"date":"2019-10-18T09:32:37","date_gmt":"2019-10-18T09:32:37","guid":{"rendered":"https:\/\/sitechecker.pro\/?page_id=8470"},"modified":"2025-02-19T08:45:35","modified_gmt":"2025-02-19T08:45:35","slug":"wordpress-plugin-checker","status":"publish","type":"page","link":"https:\/\/sitechecker.pro\/es\/wordpress-plugin-checker\/","title":{"rendered":"Detector de plugins de WordPress: Compruebe qu\u00e9 plugins est\u00e1 utilizando el sitio"},"content":{"rendered":"<p><\/p>\n<h2 id=\"par1\">\u00bfQu\u00e9 es el Comprobador de Plugins de WordPress?<\/h2>\n<p>El Detector de Plugins de WordPress de <a href=\"https:\/\/sitechecker.pro\/\" target=\"_blank\" rel=\"noopener noreferrer\">Sitechecker<\/a> es una herramienta que identifica los plugins de WordPress utilizados en un sitio web espec\u00edfico. El an\u00e1lisis del sitio revela los plugins que contribuyen a su funcionalidad, como el SEO, el dise\u00f1o o las funciones de comercio electr\u00f3nico. Esta herramienta es valiosa para desarrolladores, vendedores y propietarios de empresas que desean descubrir los plugins utilizados por la competencia, descubrir nuevas herramientas o mejorar sus sitios web.<\/p>\n<h3>C\u00f3mo puede ayudarle la herramienta<\/h3>\n<p><strong>Descubrir plugins: <\/strong>identifique las extensiones utilizadas en un sitio web para replicar o mejorar sus funcionalidades.<\/p>\n<p><strong>An\u00e1lisis de la competencia: <\/strong>analice los sitios web de la competencia para comprender sus estrategias y adoptar instrumentos efectivos.<\/p>\n<p><strong>Optimice su sitio: <\/strong>obtenga informaci\u00f3n sobre el rendimiento, el SEO y los complementos de dise\u00f1o para mejorar la funcionalidad de su sitio y la experiencia del usuario.<\/p>\n<h3>Caracter\u00edsticas clave de la herramienta<\/h3>\n<p><strong>Panel de control unificado: <\/strong>acceda a todas las herramientas de an\u00e1lisis y la informaci\u00f3n de su sitio web en una ubicaci\u00f3n centralizada para una gesti\u00f3n optimizada.<\/p>\n<p><strong>Interfaz f\u00e1cil de usar: <\/strong>navegue sin esfuerzo con un dise\u00f1o intuitivo, lo que la hace accesible para todos los niveles de experiencia.<\/p>\n<p><strong>Conjunto completo de herramientas de SEO: <\/strong>aproveche una amplia gama de herramientas de SEO, incluidas auditor\u00edas de sitios, seguimiento de clasificaci\u00f3n y m\u00e1s, para optimizar el rendimiento de su sitio web.<\/p>\n<h2 id=\"par2\">C\u00f3mo usar la herramienta<\/h2>\n<p>Para usar el detector de complementos, simplemente ingrese el nombre de dominio del sitio web que desea analizar en el campo provisto y haga clic en el bot\u00f3n &#8220;Detectar complementos&#8221;. La herramienta escanear\u00e1 el sitio y mostrar\u00e1 una lista de los complementos de WordPress detectados. Es r\u00e1pido, f\u00e1cil y eficaz para descubrir las herramientas que se esconden detr\u00e1s de la funcionalidad de un sitio.<\/p>\n<h3>Paso 1: Inserta el nombre de dominio<\/h3>\n<div class=\"content__img-wrap\"><img src=\"https:\/\/sitechecker.pro\/wp-content\/uploads\/2025\/01\/wordpress-plugin-detector.png\" alt=\"Detector de complementos de WordPress\" class=\"description-img description-img-zoom\" loading=\"lazy\" ><\/div>\n<h3>Paso 2: Obt\u00e9n los resultados<\/h3>\n<div class=\"content__img-wrap\"><img src=\"https:\/\/sitechecker.pro\/wp-content\/uploads\/2025\/01\/wordpress-checker-results.png\" alt=\"Resultados del verificador de WordPress\" class=\"description-img description-img-zoom\" loading=\"lazy\" ><\/div>\n<p>La herramienta proporciona informaci\u00f3n detallada sobre las extensiones de WordPress y los <a href=\"https:\/\/sitechecker.pro\/wordpress-theme-checker\/\" target=\"_blank\" rel=\"noopener noreferrer\">temas<\/a> utilizados en un sitio web, incluidos los enlaces de las extensiones y los detalles de los temas, lo que ayuda a los usuarios a identificar las herramientas que impulsan la funcionalidad del sitio.<\/p>\n<h2 id=\"par3\">Caracter\u00edsticas adicionales de la herramienta<\/h2>\n<p>Para realizar un seguimiento de las actualizaciones de sus complementos, conecte un sistema de alerta que le permita recibir notificaciones por correo electr\u00f3nico o Slack.<\/p>\n<div class=\"content__img-wrap\"><img src=\"https:\/\/sitechecker.pro\/wp-content\/uploads\/2025\/01\/wordpress-checker-set-up-alerts.png\" alt=\"Configuraci\u00f3n de alertas de WordPress Checker\" class=\"description-img description-img-zoom\" loading=\"lazy\" ><\/div>\n<div class=\"important-block\">Para recibir resultados y acceder a las funciones de Sitechecker durante 14 d\u00edas, comience su prueba GRATUITA. Reg\u00edstrese f\u00e1cilmente con su correo electr\u00f3nico, cuenta de Google o Facebook. No se necesita tarjeta de cr\u00e9dito.<\/div>\n<p>Para realizar un seguimiento de las actualizaciones de sus complementos de WordPress, conecte un sistema de alerta que env\u00ede notificaciones por correo electr\u00f3nico o Slack. Esto lo ayudar\u00e1 a responder r\u00e1pidamente a posibles fallas del CMS.<\/p>\n<div class=\"content__img-wrap\"><img src=\"https:\/\/sitechecker.pro\/wp-content\/uploads\/2025\/01\/send-alerts.png\" alt=\"Enviar alertas\" class=\"description-img description-img-zoom\" loading=\"lazy\" ><\/div>\n<p>Mant\u00e9ngase informado sobre los cambios en su <a href=\"https:\/\/sitechecker.pro\/wordpress-site-monitoring\/\" target=\"_blank\" rel=\"noopener noreferrer\">sitio de WordPress<\/a> con alertas. Estas notificaciones lo ayudan a realizar un seguimiento de cu\u00e1ndo se agregan o eliminan complementos, lo que garantiza que su sitio web se mantenga optimizado, seguro y alineado con sus objetivos.<\/p>\n<div class=\"content__img-wrap\"><img src=\"https:\/\/sitechecker.pro\/wp-content\/uploads\/2025\/01\/wordpress-plugins-added-alert.png\" alt=\"Alerta de complementos de WordPress agregados\" class=\"description-img description-img-zoom\" loading=\"lazy\" ><\/div>\n<p>Ya sea que los complementos mejoren la funcionalidad o se eliminen para optimizar el rendimiento, estas actualizaciones brindan informaci\u00f3n clara para mantener la salud de su sitio web.<\/p>\n<div class=\"content__img-wrap\"><img src=\"https:\/\/sitechecker.pro\/wp-content\/uploads\/2025\/01\/wordpress-plugins-deleted-alert.png\" alt=\"Alerta de eliminaci\u00f3n de plugins de WordPress\" class=\"description-img description-img-zoom\" loading=\"lazy\" ><\/div>\n<h2 id=\"par4\">Idea final<\/h2>\n<p>El detector de plugins de WordPress es una herramienta poderosa que ayuda a los usuarios a descubrir los plugins y temas que impulsan un sitio. Es ideal para desarrolladores, vendedores y propietarios de empresas que buscan descubrir nuevas herramientas, analizar a la competencia u optimizar sus sitios web. Con una interfaz intuitiva, un panel unificado y un conjunto completo de herramientas de SEO, proporciona informaci\u00f3n detallada sobre extensiones y temas. Los usuarios pueden analizar f\u00e1cilmente los sitios web ingresando un dominio y recibiendo resultados instant\u00e1neos. Las funciones adicionales, como los sistemas de alerta para actualizaciones, mejoran el monitoreo del sitio y la confiabilidad del CMS.<\/p>\n<div id=\"par5\"><\/div>\n<p><div class=\"front__faq-block\"><div class=\"faq__block-title\">Preguntas frecuentes<\/div><div class=\"panel-group\" id=\"faq-accordion\" itemscope itemtype=\"https:\/\/schema.org\/FAQPage\" role=\"tablist\" aria-multiselectable=\"true\"><div class=\"panel\" itemscope itemtype=\"https:\/\/schema.org\/Question\" itemprop=\"mainEntity\">\n                            <div class=\"panel-heading\" id=\"headingFaq-1\">\n                                <div class=\"panel-title\" data-toggle=\"collapse\" aria-expanded=\"false\" href=\"#collapseFaq-1\">\n                                    <h3 itemprop=\"name\">\u00bfLa herramienta tambi\u00e9n proporciona informaci\u00f3n sobre los temas de WordPress?<\/h3>\n                                <\/div>\n                            <\/div>\n                            <div id=\"collapseFaq-1\" class=\"panel-collapse collapse\" itemprop=\"acceptedAnswer\" itemscope itemtype=\"http:\/\/schema.org\/Answer\">\n                                <div class=\"panel-body\" itemprop=\"text\">S\u00ed, adem\u00e1s de las extensiones, la herramienta puede identificar el tema de WordPress utilizado en un sitio web, incluido su nombre y versi\u00f3n.<\/div>\n                            <\/div>\n                        <\/div><div class=\"panel\" itemscope itemtype=\"https:\/\/schema.org\/Question\" itemprop=\"mainEntity\">\n                            <div class=\"panel-heading\" id=\"headingFaq-2\">\n                                <div class=\"panel-title\" data-toggle=\"collapse\" aria-expanded=\"false\" href=\"#collapseFaq-2\">\n                                    <h3 itemprop=\"name\">\u00bfLa herramienta afecta al sitio web que se est\u00e1 analizando?<\/h3>\n                                <\/div>\n                            <\/div>\n                            <div id=\"collapseFaq-2\" class=\"panel-collapse collapse\" itemprop=\"acceptedAnswer\" itemscope itemtype=\"http:\/\/schema.org\/Answer\">\n                                <div class=\"panel-body\" itemprop=\"text\">No, la herramienta solo escanea la informaci\u00f3n disponible p\u00fablicamente y no interfiere ni afecta la funcionalidad del sitio web que se est\u00e1 analizando.<\/div>\n                            <\/div>\n                        <\/div><div class=\"panel\" itemscope itemtype=\"https:\/\/schema.org\/Question\" itemprop=\"mainEntity\">\n                            <div class=\"panel-heading\" id=\"headingFaq-3\">\n                                <div class=\"panel-title\" data-toggle=\"collapse\" aria-expanded=\"false\" href=\"#collapseFaq-3\">\n                                    <h3 itemprop=\"name\">\u00bfPuedo monitorear varios sitios web con el Detector de complementos de WordPress?<\/h3>\n                                <\/div>\n                            <\/div>\n                            <div id=\"collapseFaq-3\" class=\"panel-collapse collapse\" itemprop=\"acceptedAnswer\" itemscope itemtype=\"http:\/\/schema.org\/Answer\">\n                                <div class=\"panel-body\" itemprop=\"text\">S\u00ed, puede analizar varios sitios web ingresando sus nombres de dominio individualmente en la herramienta.<\/div>\n                            <\/div>\n                        <\/div><\/div><\/div><\/p>","protected":false},"excerpt":{"rendered":"\u00bfQu\u00e9 es el Comprobador de Plugins de WordPress? El Detector de Plugins de WordPress de Sitechecker es una herramienta que identifica los plugins de WordPress utilizados en un sitio web espec\u00edfico. El an\u00e1lisis del sitio revela los plugins que contribuyen a su funcionalidad, como el SEO, el dise\u00f1o o las funciones de comercio electr\u00f3nico. Esta&#8230;","protected":false},"author":10409641,"featured_media":8500,"parent":0,"menu_order":0,"comment_status":"closed","ping_status":"closed","template":"pages-templates\/pages-minitools-3.php","meta":[],"categories":[73],"tags":[],"_links":{"self":[{"href":"https:\/\/sitechecker.pro\/es\/wp-json\/wp\/v2\/pages\/8470"}],"collection":[{"href":"https:\/\/sitechecker.pro\/es\/wp-json\/wp\/v2\/pages"}],"about":[{"href":"https:\/\/sitechecker.pro\/es\/wp-json\/wp\/v2\/types\/page"}],"author":[{"embeddable":true,"href":"https:\/\/sitechecker.pro\/es\/wp-json\/wp\/v2\/users\/10409641"}],"replies":[{"embeddable":true,"href":"https:\/\/sitechecker.pro\/es\/wp-json\/wp\/v2\/comments?post=8470"}],"version-history":[{"count":27,"href":"https:\/\/sitechecker.pro\/es\/wp-json\/wp\/v2\/pages\/8470\/revisions"}],"predecessor-version":[{"id":35603,"href":"https:\/\/sitechecker.pro\/es\/wp-json\/wp\/v2\/pages\/8470\/revisions\/35603"}],"wp:featuredmedia":[{"embeddable":true,"href":"https:\/\/sitechecker.pro\/es\/wp-json\/wp\/v2\/media\/8500"}],"wp:attachment":[{"href":"https:\/\/sitechecker.pro\/es\/wp-json\/wp\/v2\/media?parent=8470"}],"wp:term":[{"taxonomy":"category","embeddable":true,"href":"https:\/\/sitechecker.pro\/es\/wp-json\/wp\/v2\/categories?post=8470"},{"taxonomy":"post_tag","embeddable":true,"href":"https:\/\/sitechecker.pro\/es\/wp-json\/wp\/v2\/tags?post=8470"}],"curies":[{"name":"wp","href":"https:\/\/api.w.org\/{rel}","templated":true}]}}