{"id":8272,"date":"2019-10-03T13:14:07","date_gmt":"2019-10-03T13:14:07","guid":{"rendered":"https:\/\/sitechecker.pro\/?page_id=8272"},"modified":"2026-02-26T15:33:02","modified_gmt":"2026-02-26T15:33:02","slug":"ga-checker","status":"publish","type":"page","link":"https:\/\/sitechecker.pro\/es\/ga-checker\/","title":{"rendered":"Free Google Analytics Checker | Pruebe si GA est\u00e1 funcionando \u1408"},"content":{"rendered":"<p><\/p>\n<h2 id=\"par1\">\u00bfQu\u00e9 es un verificador de Google Analytics?<\/h2>\n<p>El verificador de Google Analytics de <a href=\"https:\/\/sitechecker.pro\/\" target=\"_blank\" rel=\"noopener noreferrer\">Sitechecker<\/a> est\u00e1 dise\u00f1ado para verificar si un sitio web tiene un c\u00f3digo de seguimiento de Google Analytics instalado y funcionando correctamente. Escanea una URL para detectar scripts de GA4 o Universal Analytics (UA) y garantiza un seguimiento activo. Esto ayuda a los propietarios de sitios web, vendedores y especialistas en SEO a confirmar que su configuraci\u00f3n de an\u00e1lisis est\u00e1 implementada correctamente, evitando la p\u00e9rdida de datos o errores de seguimiento. La herramienta es especialmente \u00fatil para diagnosticar instalaciones de Google Analytics faltantes, duplicadas o da\u00f1adas que podr\u00edan afectar los datos de rendimiento del sitio web.<\/p>\n<h3>C\u00f3mo puede ayudarlo la herramienta<\/h3>\n<p><strong>Detecci\u00f3n de c\u00f3digo de seguimiento de GA: <\/strong>verifica si un sitio web tiene un c\u00f3digo de seguimiento de GA4 o Universal Analytics (UA) instalado y funcionando correctamente, lo que garantiza una recopilaci\u00f3n de datos precisa.<\/p>\n<p><strong>Panel de control integral de GA: <\/strong>ofrece tendencias de tr\u00e1fico clave, indicadores de SEO, m\u00e9tricas de clasificaci\u00f3n e informaci\u00f3n sobre la interacci\u00f3n para supervisar y optimizar el rendimiento del sitio web.<\/p>\n<p><strong>Identificaci\u00f3n de problemas: <\/strong>detecta c\u00f3digos de seguimiento faltantes, duplicados o da\u00f1ados, destaca los problemas de tr\u00e1fico de b\u00fasqueda y ofrece recomendaciones de SEO pr\u00e1cticas para una mejor visibilidad.<\/p>\n<h3>Caracter\u00edsticas clave del detector de Google Analytics<\/h3>\n<p><strong>Panel de control unificado: <\/strong>ofrece una vista centralizada de todas las m\u00e9tricas de rendimiento del sitio web, incluidas las estad\u00edsticas de SEO, los datos de tr\u00e1fico y la integraci\u00f3n de Google Analytics, lo que permite a los usuarios supervisar y optimizar su sitio de manera eficiente.<\/p>\n<p><strong>Interfaz f\u00e1cil de usar: <\/strong>dise\u00f1ado tanto para principiantes como para usuarios experimentados, Sitechecker ofrece una plataforma intuitiva y f\u00e1cil de navegar que simplifica las auditor\u00edas de sitios web, el an\u00e1lisis de SEO y el seguimiento del rendimiento.<\/p>\n<p><strong>Conjunto completo de herramientas de SEO:<\/strong> incluye un conjunto completo de herramientas de SEO, como auditor\u00edas de sitios, seguimiento de posiciones y funciones de optimizaci\u00f3n en la p\u00e1gina para ayudar a mejorar la visibilidad del sitio web y las posiciones en los motores de b\u00fasqueda.<\/p>\n<h2 id=\"par2\">C\u00f3mo utilizar la herramienta<\/h2>\n<p>Para utilizar el verificador de GA4, elija una opci\u00f3n de auditor\u00eda. Seleccione &#8220;Probar GA para su sitio&#8221; para obtener un an\u00e1lisis completo, incluidos los datos de tr\u00e1fico. Elija &#8220;Probar GA para otro sitio&#8221; para verificar r\u00e1pidamente el c\u00f3digo de seguimiento de GA. Haga clic en &#8220;Iniciar auditor\u00eda&#8221; para comenzar.<\/p>\n<h2 id=\"par3\">Prueba GA para tu sitio<\/h2>\n<h3>Paso 1: Elige la prueba de GA para tu sitio web<\/h3>\n<div class=\"content__img-wrap\"><img src=\"https:\/\/sitechecker.pro\/wp-content\/uploads\/2025\/02\/test-ga-your-site.png\" alt=\"Prueba GA para tu sitio\" class=\"description-img description-img-zoom\" loading=\"lazy\" ><\/div>\n<div class=\"important-block\">Para recibir resultados y acceder a las funciones de Sitechecker durante 14 d\u00edas, comienza tu prueba GRATUITA. Registrarse es f\u00e1cil con tu correo electr\u00f3nico, cuenta de Google o Facebook. No se necesita tarjeta de cr\u00e9dito.<\/div>\n<h3>Paso 2: Conecta Google Analytics<\/h3>\n<p>Vincula tu cuenta de Google Analytics a Sitechecker para obtener informaci\u00f3n e informes. Haz clic en &#8220;Conectar cuenta de Google&#8221; para continuar.<\/p>\n<div class=\"content__img-wrap\"><img src=\"https:\/\/sitechecker.pro\/wp-content\/uploads\/2025\/02\/connect-google-account.png\" alt=\"Conectar cuenta de Google\" class=\"description-img description-img-zoom\" loading=\"lazy\" ><\/div>\n<h3>Paso 3: Obtenga los resultados<\/h3>\n<p>Realice un seguimiento del tr\u00e1fico, la visibilidad y el rendimiento de b\u00fasqueda de su sitio web con m\u00e9tricas clave de Google Analytics. Obtenga informaci\u00f3n sobre el tr\u00e1fico org\u00e1nico, los clics, las impresiones, las p\u00e1ginas indexadas, el CTR y las clasificaciones de palabras clave para optimizar su estrategia de SEO.<\/p>\n<div class=\"content__img-wrap\"><img src=\"https:\/\/sitechecker.pro\/wp-content\/uploads\/2025\/02\/sitechecker-dashboard.png\" alt=\"Panel de control de Sitechecker\" class=\"description-img description-img-zoom\" loading=\"lazy\" ><\/div>\n<h3>El panel de control de GA agrega indicadores clave de rendimiento esenciales para el monitoreo del sitio web<\/h3>\n<p><strong>Descripci\u00f3n general del tr\u00e1fico: <\/strong>compara el tr\u00e1fico total y org\u00e1nico, destacando las tendencias de crecimiento.<\/p>\n<p><strong>M\u00e9tricas de interacci\u00f3n: <\/strong>realiza un seguimiento de las impresiones y los clics para medir la interacci\u00f3n del usuario.<\/p>\n<p><strong>Indicadores de SEO: <\/strong>eval\u00faa la visibilidad y la indexaci\u00f3n en los resultados de b\u00fasqueda para los informes de SEO.<\/p>\n<p><strong>M\u00e9tricas de clasificaci\u00f3n: <\/strong>muestra la posici\u00f3n promedio y el CTR para la evaluaci\u00f3n de SEO.<\/p>\n<p><strong>Puntuaci\u00f3n de estado: <\/strong>eval\u00faa el estado general de SEO y el estado de clasificaci\u00f3n de las palabras clave.<\/p>\n<p><strong>An\u00e1lisis de tendencias: <\/strong>grafica las tendencias de tr\u00e1fico para detectar patrones y valores at\u00edpicos.<\/p>\n<p>Las funciones como la toma de notas, la gesti\u00f3n de widgets, la exportaci\u00f3n de datos y los filtros de tiempo ajustables mejoran la flexibilidad anal\u00edtica del panel.<\/p>\n<div class=\"content__img-wrap\"><img src=\"https:\/\/sitechecker.pro\/wp-content\/uploads\/2025\/02\/google-search-console-metrics.png\" alt=\"M\u00e9tricas de Google Search Console\" class=\"description-img description-img-zoom\" loading=\"lazy\" ><\/div>\n<p>Esta interfaz din\u00e1mica permite a los webmasters y profesionales de SEO aprovechar datos valiosos, desde tendencias generales hasta m\u00e9tricas detalladas. De esta forma, perfeccionan sus estrategias de b\u00fasqueda y obtienen las instrucciones para mejorar la presencia de su sitio web en los motores de b\u00fasqueda.<\/p>\n<h3>Insights r\u00e1pidos de GA con la extensi\u00f3n de Chrome de Sitechecker<\/h3>\n<p>Despu\u00e9s de comprobar que Google Analytics est\u00e1 instalado correctamente, la extensi\u00f3n de Chrome de Sitechecker te ayuda a entender r\u00e1pidamente c\u00f3mo funciona una p\u00e1gina en la pr\u00e1ctica. Mientras navegas por cualquier URL, puedes ver al instante se\u00f1ales de rendimiento a nivel de p\u00e1gina (potencial de tr\u00e1fico, visibilidad y contexto de interacci\u00f3n) sin necesidad de abrir Google Analytics.<\/p>\n<div class=\"content__img-wrap\"><img src=\"https:\/\/sitechecker.pro\/wp-content\/uploads\/2026\/02\/ga-insights-extension.png\" alt=\"GA insights extension\" class=\"description-img description-img-zoom\" loading=\"lazy\" ><\/div>\n<p>Esto facilita validar la configuraci\u00f3n del seguimiento, detectar p\u00e1ginas con datos bajos o inexistentes y comprobar los resultados despu\u00e9s de actualizaciones de contenido o migraciones, todo directamente en el navegador.<\/p>\n<h2 id=\"par4\">Funciones adicionales del verificador de c\u00f3digo de Google Analytics<\/h2>\n<p>El verificador de c\u00f3digo de GA ofrece c\u00f3digos de seguimiento de an\u00e1lisis de rendimiento detallados para sitios web y p\u00e1ginas seleccionadas aprovechando los datos de GA y Search Console. Esta herramienta de auditor\u00eda de SEO destaca los problemas que afectan al tr\u00e1fico de b\u00fasqueda (por ejemplo, p\u00e1ginas sin impresiones ni clics) y ofrece un desglose detallado para realizar mejoras espec\u00edficas.<\/p>\n<ul>\n<li><strong>Identificaci\u00f3n de problemas: <\/strong>identifica problemas espec\u00edficos de tr\u00e1fico de b\u00fasqueda para realizar una revisi\u00f3n en profundidad y ofrece sugerencias sobre c\u00f3mo solucionarlos.<\/li>\n<li><strong>Categorizaci\u00f3n: <\/strong>clasifica los problemas por gravedad para priorizarlos.<\/li>\n<li><strong>Categorizaci\u00f3n de p\u00e1ginas: <\/strong>visualiza las p\u00e1ginas afectadas seg\u00fan factores de SEO como enlaces y velocidad de p\u00e1gina.<\/li>\n<li><strong>Recomendaciones pr\u00e1cticas: <\/strong>sugiere palabras clave para realizar un seguimiento e integra datos para una planificaci\u00f3n de SEO m\u00e1s reflexiva.<\/li>\n<\/ul>\n<p>Google Analytics Tester es un recurso esencial para webmasters y profesionales de SEO. Mejora el tr\u00e1fico de b\u00fasqueda y optimiza las estrategias de SEO de manera eficaz.<\/p>\n<div class=\"content__img-wrap\"><img src=\"https:\/\/sitechecker.pro\/wp-content\/uploads\/2025\/02\/search-traffic-issues.png\" alt=\"Problemas de tr\u00e1fico de b\u00fasqueda\" class=\"description-img description-img-zoom\" loading=\"lazy\" ><\/div>\n<p>Para un an\u00e1lisis detallado de una sola p\u00e1gina, haga clic en el bot\u00f3n &#8220;Todas las p\u00e1ginas HTML&#8221; y seleccione una p\u00e1gina espec\u00edfica para profundizar.<\/p>\n<p>Eval\u00faa el potencial de tr\u00e1fico de las consultas de b\u00fasqueda para la optimizaci\u00f3n de palabras clave espec\u00edficas.<\/p>\n<h3>La auditor\u00eda de p\u00e1ginas es un enfoque integral del an\u00e1lisis SEO<\/h3>\n<p>Por ejemplo, puede consultar una URL espec\u00edfica:<\/p>\n<ul>\n<li><strong>M\u00e9tricas de b\u00fasqueda: <\/strong>Proporciona datos sobre el rendimiento de b\u00fasqueda, incluidas las impresiones y el CTR, por dispositivo y pa\u00eds.<\/li>\n<li><strong>M\u00e9tricas de rendimiento: <\/strong>Muestra las impresiones y el CTR espec\u00edficos del dispositivo, lo que revela las fortalezas del sitio web.<\/li>\n<li><strong>An\u00e1lisis geogr\u00e1fico: <\/strong>Muestra el rendimiento por pa\u00eds para respaldar las estrategias globales.<\/li>\n<li><strong>Seguimiento de consultas de b\u00fasqueda: <\/strong>Realiza un seguimiento de las clasificaciones de las consultas principales, lo que indica el progreso de SEO y las oportunidades de optimizaci\u00f3n.<\/li>\n<li><strong>Potencial de SEO: <\/strong>Eval\u00faa el potencial de tr\u00e1fico de las consultas de b\u00fasqueda para la optimizaci\u00f3n de palabras clave espec\u00edficas.<\/li>\n<\/ul>\n<div class=\"content__img-wrap\"><img src=\"https:\/\/sitechecker.pro\/wp-content\/uploads\/2025\/02\/search-metrics.png\" alt=\"M\u00e9tricas de b\u00fasqueda\" class=\"description-img description-img-zoom\" loading=\"lazy\" ><\/div>\n<p>En resumen, la interfaz indica una plataforma que rastrea e informa sobre el rendimiento de SEO. Adem\u00e1s, ofrece informaci\u00f3n \u00fatil que puede impulsar la estrategia de optimizaci\u00f3n de b\u00fasqueda de un sitio web.<\/p>\n<h2 id=\"par5\">Prueba el c\u00f3digo de seguimiento de GA de otro sitio<\/h2>\n<h3>Paso 1: elige la opci\u00f3n para verificar un sitio que no sea el tuyo<\/h3>\n<div class=\"content__img-wrap\"><img src=\"https:\/\/sitechecker.pro\/wp-content\/uploads\/2025\/02\/test-ga-another-site.png\" alt=\"Prueba GA de otro sitio\" class=\"description-img description-img-zoom\" loading=\"lazy\" ><\/div>\n<h3>Paso 2: obt\u00e9n los resultados<\/h3>\n<p>Verifica si un sitio web tiene habilitado el seguimiento de Google Analytics y aseg\u00farate de que el c\u00f3digo de seguimiento est\u00e9 funcionando correctamente.<\/p>\n<div class=\"content__img-wrap\"><img src=\"https:\/\/sitechecker.pro\/wp-content\/uploads\/2025\/02\/google-analytics-checker-results.png\" alt=\"Resultados del verificador de Google Analytics\" class=\"description-img description-img-zoom\" loading=\"lazy\" ><\/div>\n<h2 id=\"par6\">Idea final<\/h2>\n<p>El verificador de etiquetas de Google Analytics verifica si un sitio web tiene instalado correctamente un c\u00f3digo de seguimiento de GA. Detecta scripts de GA4 y Universal Analytics (UA), lo que garantiza un seguimiento activo para evitar la p\u00e9rdida de datos. Los usuarios pueden probar GA para su propio sitio (informaci\u00f3n detallada sobre el tr\u00e1fico) o para otro sitio (verificaci\u00f3n r\u00e1pida del seguimiento). La herramienta proporciona un panel unificado con tendencias de tr\u00e1fico, indicadores de SEO, m\u00e9tricas de clasificaci\u00f3n y datos de interacci\u00f3n. Las funciones adicionales incluyen identificaci\u00f3n de problemas, seguimiento de palabras clave y recomendaciones de SEO pr\u00e1cticas. Esta herramienta ayuda a los webmasters y profesionales de SEO a supervisar los an\u00e1lisis, optimizar la visibilidad de b\u00fasqueda y mejorar el rendimiento del sitio web de manera eficaz.<\/p>\n<div id=\"par7\"><\/div>\n<p><div class=\"front__faq-block\"><div class=\"faq__block-title\">Preguntas frecuentes<\/div><div class=\"panel-group\" id=\"faq-accordion\" itemscope itemtype=\"https:\/\/schema.org\/FAQPage\" role=\"tablist\" aria-multiselectable=\"true\"><div class=\"panel\" itemscope itemtype=\"https:\/\/schema.org\/Question\" itemprop=\"mainEntity\">\n                            <div class=\"panel-heading\" id=\"headingFaq-1\">\n                                <div class=\"panel-title\" data-toggle=\"collapse\" aria-expanded=\"false\" href=\"#collapseFaq-1\">\n                                    <h3 itemprop=\"name\">\u00bfPuedo comprobar si varios sitios web tienen habilitado el seguimiento de Google Analytics?<\/h3>\n                                <\/div>\n                            <\/div>\n                            <div id=\"collapseFaq-1\" class=\"panel-collapse collapse\" itemprop=\"acceptedAnswer\" itemscope itemtype=\"http:\/\/schema.org\/Answer\">\n                                <div class=\"panel-body\" itemprop=\"text\">S\u00ed, puedes probar varios sitios web ingresando diferentes URL de forma individual para verificar si el seguimiento de GA est\u00e1 instalado.<\/div>\n                            <\/div>\n                        <\/div><div class=\"panel\" itemscope itemtype=\"https:\/\/schema.org\/Question\" itemprop=\"mainEntity\">\n                            <div class=\"panel-heading\" id=\"headingFaq-2\">\n                                <div class=\"panel-title\" data-toggle=\"collapse\" aria-expanded=\"false\" href=\"#collapseFaq-2\">\n                                    <h3 itemprop=\"name\">\u00bfLa herramienta comprueba tanto GA4 como Universal Analytics (UA)?<\/h3>\n                                <\/div>\n                            <\/div>\n                            <div id=\"collapseFaq-2\" class=\"panel-collapse collapse\" itemprop=\"acceptedAnswer\" itemscope itemtype=\"http:\/\/schema.org\/Answer\">\n                                <div class=\"panel-body\" itemprop=\"text\">S\u00ed, detecta y verifica los c\u00f3digos de seguimiento de GA4 y UA para garantizar una implementaci\u00f3n adecuada.<\/div>\n                            <\/div>\n                        <\/div><div class=\"panel\" itemscope itemtype=\"https:\/\/schema.org\/Question\" itemprop=\"mainEntity\">\n                            <div class=\"panel-heading\" id=\"headingFaq-3\">\n                                <div class=\"panel-title\" data-toggle=\"collapse\" aria-expanded=\"false\" href=\"#collapseFaq-3\">\n                                    <h3 itemprop=\"name\">\u00bfNecesito registrarme para comprobar el seguimiento de GA en otro sitio?<\/h3>\n                                <\/div>\n                            <\/div>\n                            <div id=\"collapseFaq-3\" class=\"panel-collapse collapse\" itemprop=\"acceptedAnswer\" itemscope itemtype=\"http:\/\/schema.org\/Answer\">\n                                <div class=\"panel-body\" itemprop=\"text\">No, probar GA en otro sitio proporciona un informe instant\u00e1neo sin necesidad de una cuenta.<\/div>\n                            <\/div>\n                        <\/div><div class=\"panel\" itemscope itemtype=\"https:\/\/schema.org\/Question\" itemprop=\"mainEntity\">\n                            <div class=\"panel-heading\" id=\"headingFaq-4\">\n                                <div class=\"panel-title\" data-toggle=\"collapse\" aria-expanded=\"false\" href=\"#collapseFaq-4\">\n                                    <h3 itemprop=\"name\">\u00bfLa herramienta puede identificar si el c\u00f3digo de seguimiento de GA est\u00e1 roto o falta?<\/h3>\n                                <\/div>\n                            <\/div>\n                            <div id=\"collapseFaq-4\" class=\"panel-collapse collapse\" itemprop=\"acceptedAnswer\" itemscope itemtype=\"http:\/\/schema.org\/Answer\">\n                                <div class=\"panel-body\" itemprop=\"text\">S\u00ed, detecta c\u00f3digos de seguimiento faltantes, duplicados o que no funcionan y que pueden causar p\u00e9rdida de datos.<\/div>\n                            <\/div>\n                        <\/div><div class=\"panel\" itemscope itemtype=\"https:\/\/schema.org\/Question\" itemprop=\"mainEntity\">\n                            <div class=\"panel-heading\" id=\"headingFaq-5\">\n                                <div class=\"panel-title\" data-toggle=\"collapse\" aria-expanded=\"false\" href=\"#collapseFaq-5\">\n                                    <h3 itemprop=\"name\">\u00bfLa herramienta proporciona informaci\u00f3n m\u00e1s all\u00e1 de la verificaci\u00f3n del seguimiento?<\/h3>\n                                <\/div>\n                            <\/div>\n                            <div id=\"collapseFaq-5\" class=\"panel-collapse collapse\" itemprop=\"acceptedAnswer\" itemscope itemtype=\"http:\/\/schema.org\/Answer\">\n                                <div class=\"panel-body\" itemprop=\"text\">S\u00ed, al probar su propio sitio, ofrece datos de tr\u00e1fico, m\u00e9tricas de rendimiento de SEO y perspectivas de clasificaci\u00f3n.<\/div>\n                            <\/div>\n                        <\/div><div class=\"panel\" itemscope itemtype=\"https:\/\/schema.org\/Question\" itemprop=\"mainEntity\">\n                            <div class=\"panel-heading\" id=\"headingFaq-6\">\n                                <div class=\"panel-title\" data-toggle=\"collapse\" aria-expanded=\"false\" href=\"#collapseFaq-6\">\n                                    <h3 itemprop=\"name\">\u00bfCon qu\u00e9 frecuencia debo verificar mi sitio web para detectar problemas de seguimiento de GA?<\/h3>\n                                <\/div>\n                            <\/div>\n                            <div id=\"collapseFaq-6\" class=\"panel-collapse collapse\" itemprop=\"acceptedAnswer\" itemscope itemtype=\"http:\/\/schema.org\/Answer\">\n                                <div class=\"panel-body\" itemprop=\"text\">Se recomienda verificar despu\u00e9s de actualizaciones importantes del sitio web, migraciones o cambios en su configuraci\u00f3n de an\u00e1lisis.<\/div>\n                            <\/div>\n                        <\/div><div class=\"panel\" itemscope itemtype=\"https:\/\/schema.org\/Question\" itemprop=\"mainEntity\">\n                            <div class=\"panel-heading\" id=\"headingFaq-7\">\n                                <div class=\"panel-title\" data-toggle=\"collapse\" aria-expanded=\"false\" href=\"#collapseFaq-7\">\n                                    <h3 itemprop=\"name\">\u00bfPuedo exportar los resultados de la prueba de GA?<\/h3>\n                                <\/div>\n                            <\/div>\n                            <div id=\"collapseFaq-7\" class=\"panel-collapse collapse\" itemprop=\"acceptedAnswer\" itemscope itemtype=\"http:\/\/schema.org\/Answer\">\n                                <div class=\"panel-body\" itemprop=\"text\">S\u00ed, Sitechecker permite exportar informes para un an\u00e1lisis y documentaci\u00f3n m\u00e1s detallados.<\/div>\n                            <\/div>\n                        <\/div><\/div><\/div><\/p>","protected":false},"excerpt":{"rendered":"\u00bfQu\u00e9 es un verificador de Google Analytics? El verificador de Google Analytics de Sitechecker est\u00e1 dise\u00f1ado para verificar si un sitio web tiene un c\u00f3digo de seguimiento de Google Analytics instalado y funcionando correctamente. Escanea una URL para detectar scripts de GA4 o Universal Analytics (UA) y garantiza un seguimiento activo. Esto ayuda a los&#8230;","protected":false},"author":10409641,"featured_media":8276,"parent":0,"menu_order":0,"comment_status":"closed","ping_status":"closed","template":"pages-templates\/pages-minitools-3.php","meta":[],"categories":[73],"tags":[],"_links":{"self":[{"href":"https:\/\/sitechecker.pro\/es\/wp-json\/wp\/v2\/pages\/8272"}],"collection":[{"href":"https:\/\/sitechecker.pro\/es\/wp-json\/wp\/v2\/pages"}],"about":[{"href":"https:\/\/sitechecker.pro\/es\/wp-json\/wp\/v2\/types\/page"}],"author":[{"embeddable":true,"href":"https:\/\/sitechecker.pro\/es\/wp-json\/wp\/v2\/users\/10409641"}],"replies":[{"embeddable":true,"href":"https:\/\/sitechecker.pro\/es\/wp-json\/wp\/v2\/comments?post=8272"}],"version-history":[{"count":55,"href":"https:\/\/sitechecker.pro\/es\/wp-json\/wp\/v2\/pages\/8272\/revisions"}],"predecessor-version":[{"id":39524,"href":"https:\/\/sitechecker.pro\/es\/wp-json\/wp\/v2\/pages\/8272\/revisions\/39524"}],"wp:featuredmedia":[{"embeddable":true,"href":"https:\/\/sitechecker.pro\/es\/wp-json\/wp\/v2\/media\/8276"}],"wp:attachment":[{"href":"https:\/\/sitechecker.pro\/es\/wp-json\/wp\/v2\/media?parent=8272"}],"wp:term":[{"taxonomy":"category","embeddable":true,"href":"https:\/\/sitechecker.pro\/es\/wp-json\/wp\/v2\/categories?post=8272"},{"taxonomy":"post_tag","embeddable":true,"href":"https:\/\/sitechecker.pro\/es\/wp-json\/wp\/v2\/tags?post=8272"}],"curies":[{"name":"wp","href":"https:\/\/api.w.org\/{rel}","templated":true}]}}