{"id":8059,"date":"2019-09-19T10:48:46","date_gmt":"2019-09-19T10:48:46","guid":{"rendered":"https:\/\/sitechecker.pro\/?page_id=8059"},"modified":"2025-02-28T10:04:36","modified_gmt":"2025-02-28T10:04:36","slug":"blacklist-checker","status":"publish","type":"page","link":"https:\/\/sitechecker.pro\/es\/blacklist-checker\/","title":{"rendered":"Comprobador de la lista negra de dominios: \u00bfSi el dominio o la IP est\u00e1n en la lista negra?"},"content":{"rendered":"<p><\/p>\n<h2 id=\"par1\">\u00bfQu\u00e9 es Domain Blacklist Checker?<\/h2>\n<p>El Domain Blacklist Checker de <a href=\"https:\/\/sitechecker.pro\/\" target=\"_blank\" rel=\"noopener noreferrer\">Sitechecker<\/a> es una herramienta en l\u00ednea que permite a los usuarios comprobar si un dominio o una direcci\u00f3n IP est\u00e1 incluido en alguna lista negra que pueda afectar a su posicionamiento SEO y a la capacidad de entrega de correo electr\u00f3nico. Est\u00e1 dise\u00f1ado para ayudar a los propietarios de sitios web a garantizar que su dominio no haya sido marcado como spam o actividad maliciosa, lo que puede ayudar a mantener la reputaci\u00f3n y la visibilidad de su sitio web en l\u00ednea.<\/p>\n<h3>C\u00f3mo puede ayudarle la herramienta<\/h3>\n<p><strong>Verificaci\u00f3n del estado de la lista negra: <\/strong>comprueba directamente si un dominio o una direcci\u00f3n IP est\u00e1 incluido en las bases de datos DNSBL para su posible inclusi\u00f3n en la lista negra.<\/p>\n<p><strong>Generaci\u00f3n de informes detallados: <\/strong>proporciona informes sobre el estado de la lista negra, ofreciendo informaci\u00f3n sobre los problemas detectados.<\/p>\n<p><strong>Comprobaci\u00f3n de seguridad de sitios web: <\/strong>ofrece un an\u00e1lisis exhaustivo de las vulnerabilidades de los sitios web y brinda consejos pr\u00e1cticos para abordarlas.<\/p>\n<h3>Caracter\u00edsticas clave de la herramienta<\/h3>\n<p><strong>Panel unificado: <\/strong>ofrece una vista \u00fanica e integrada para supervisar los indicadores de rendimiento y las anal\u00edticas de los sitios web, lo que simplifica el an\u00e1lisis de datos.<\/p>\n<p><strong>Interfaz f\u00e1cil de usar: <\/strong>dise\u00f1ada para la accesibilidad, garantiza que los profesionales y los principiantes puedan navegar y usar la herramienta de manera eficaz.<\/p>\n<p><strong>Conjunto completo de herramientas de SEO: <\/strong>ofrece una amplia colecci\u00f3n de herramientas de SEO que cubren todos los aspectos necesarios para realizar esfuerzos integrales de optimizaci\u00f3n de motores de b\u00fasqueda.<\/p>\n<h2 id=\"par2\">C\u00f3mo utilizar la herramienta<\/h2>\n<h3>Paso 1: Introduce el dominio que quieres comprobar y haz clic en el bot\u00f3n &#8220;Comprobar listas negras&#8221;<\/h3>\n<div class=\"content__img-wrap\"><img src=\"https:\/\/sitechecker.pro\/wp-content\/uploads\/2024\/03\/domain-blacklist-checker.png\" alt=\"Comprobador de listas negras de dominios\" class=\"description-img description-img-zoom\" loading=\"lazy\" ><\/div>\n<h3>Paso 2: Recibe el resultado<\/h3>\n<p>En cuesti\u00f3n de segundos, obtendr\u00e1s toda la informaci\u00f3n sobre tu sitio web reunida en un informe completo.<\/p>\n<div class=\"content__img-wrap\"><img src=\"https:\/\/sitechecker.pro\/wp-content\/uploads\/2024\/03\/spam-blacklist-checker.png\" alt=\"Comprobador de listas negras de spam\" class=\"description-img description-img-zoom\" loading=\"lazy\" ><\/div>\n<p>Adem\u00e1s, si es necesario, puedes realizar una nueva prueba utilizando la direcci\u00f3n IP en lugar del nombre de dominio.<\/p>\n<div class=\"content__img-wrap\"><img src=\"https:\/\/sitechecker.pro\/wp-content\/uploads\/2024\/03\/check-your-domain-or-ip.png\" alt=\"Verifique su dominio o IP\" class=\"description-img description-img-zoom\" loading=\"lazy\" ><\/div>\n<p>Para iniciar un an\u00e1lisis SEO completo, simplemente haga clic en el bot\u00f3n &#8220;Iniciar seguimiento&#8221;.<\/p>\n<h2 id=\"par3\">Funciones adicionales de Domain Spam Checker<\/h2>\n<p>Al escanear su dominio para ver si est\u00e1 en la lista negra, rastreamos su sitio en segundo plano. Por lo tanto, al hacer clic en el bot\u00f3n &#8220;Verificar informe&#8221; en el banner, obtendr\u00e1 un informe completo de auditor\u00eda del sitio web. Le ayuda a identificar y abordar cualquier problema en su sitio.<\/p>\n<div class=\"content__img-wrap\"><img src=\"https:\/\/sitechecker.pro\/wp-content\/uploads\/2024\/03\/site-audit.png\" alt=\"Auditor\u00eda del sitio\" class=\"description-img description-img-zoom\" loading=\"lazy\" ><\/div>\n<p>Adem\u00e1s, facilitamos las comprobaciones por IP, incluso si no conoce la IP de su sitio web. Puede obtenerlo f\u00e1cilmente haciendo clic en la informaci\u00f3n del dominio en la p\u00e1gina de auditor\u00eda del sitio; solo tiene que copiarlo desde all\u00ed. Con esto, ya est\u00e1 todo listo para una verificaci\u00f3n de lista negra de IP.<\/p>\n<div class=\"content__img-wrap\"><img src=\"https:\/\/sitechecker.pro\/wp-content\/uploads\/2024\/03\/blacklist-checker-tool.png\" alt=\"Herramienta de verificaci\u00f3n de lista negra\" class=\"description-img description-img-zoom\" loading=\"lazy\" ><\/div>\n<h2 id=\"par4\">Observaciones finales<\/h2>\n<p>Para terminar, podemos decir que una b\u00fasqueda de lista negra es un software vital para proteger su sitio web o direcci\u00f3n IP. Le permite determinar si ha sido baneado, lo que podr\u00eda afectar significativamente su tr\u00e1fico. El verificador escanea la base de datos DNSBL y proporciona una evaluaci\u00f3n exhaustiva de SEO y monitoreo del sitio. Es simple y r\u00e1pido, y entrega un informe completo en segundos. Adem\u00e1s, ofrece una funci\u00f3n de verificaci\u00f3n de lista negra de IP para una comodidad total. La importancia de esta herramienta para mantener una presencia digital segura y eficiente no se puede subestimar.<\/p>\n<div id=\"par5\"><\/div>\n<p><div class=\"front__faq-block\"><div class=\"faq__block-title\">Preguntas frecuentes<\/div><div class=\"panel-group\" id=\"faq-accordion\" itemscope itemtype=\"https:\/\/schema.org\/FAQPage\" role=\"tablist\" aria-multiselectable=\"true\"><div class=\"panel\" itemscope itemtype=\"https:\/\/schema.org\/Question\" itemprop=\"mainEntity\">\n                            <div class=\"panel-heading\" id=\"headingFaq-1\">\n                                <div class=\"panel-title\" data-toggle=\"collapse\" aria-expanded=\"false\" href=\"#collapseFaq-1\">\n                                    <h3 itemprop=\"name\">\u00bfC\u00f3mo puedo comprobar si mi dominio est\u00e1 en la lista negra?<\/h3>\n                                <\/div>\n                            <\/div>\n                            <div id=\"collapseFaq-1\" class=\"panel-collapse collapse\" itemprop=\"acceptedAnswer\" itemscope itemtype=\"http:\/\/schema.org\/Answer\">\n                                <div class=\"panel-body\" itemprop=\"text\">Puede utilizar nuestro verificador de listas negras de sitios web: introduzca el dominio, env\u00ede la solicitud y vea los resultados. Puede hacerlo por nombre de dominio o por la IP del sitio web.<\/div>\n                            <\/div>\n                        <\/div><div class=\"panel\" itemscope itemtype=\"https:\/\/schema.org\/Question\" itemprop=\"mainEntity\">\n                            <div class=\"panel-heading\" id=\"headingFaq-2\">\n                                <div class=\"panel-title\" data-toggle=\"collapse\" aria-expanded=\"false\" href=\"#collapseFaq-2\">\n                                    <h3 itemprop=\"name\">\u00bfC\u00f3mo puedo comprobar si Google me ha incluido en la lista negra?<\/h3>\n                                <\/div>\n                            <\/div>\n                            <div id=\"collapseFaq-2\" class=\"panel-collapse collapse\" itemprop=\"acceptedAnswer\" itemscope itemtype=\"http:\/\/schema.org\/Answer\">\n                                <div class=\"panel-body\" itemprop=\"text\">Utilice nuestro verificador de listas negras o consulte el informe de transparencia de Google (transparencyreport.google.com) introduciendo la URL de su sitio y enviando la consulta.<\/div>\n                            <\/div>\n                        <\/div><div class=\"panel\" itemscope itemtype=\"https:\/\/schema.org\/Question\" itemprop=\"mainEntity\">\n                            <div class=\"panel-heading\" id=\"headingFaq-3\">\n                                <div class=\"panel-title\" data-toggle=\"collapse\" aria-expanded=\"false\" href=\"#collapseFaq-3\">\n                                    <h3 itemprop=\"name\">\u00bfC\u00f3mo puedo salir de la lista negra si mi sitio web est\u00e1 en la lista negra?<\/h3>\n                                <\/div>\n                            <\/div>\n                            <div id=\"collapseFaq-3\" class=\"panel-collapse collapse\" itemprop=\"acceptedAnswer\" itemscope itemtype=\"http:\/\/schema.org\/Answer\">\n                                <div class=\"panel-body\" itemprop=\"text\">Si descubre que su IP o dominio ha sido incluido en la lista negra, es recomendable ponerse en contacto con cada servicio DNSBL y enviar una solicitud para eliminar su listado. Nuestra herramienta generar\u00e1 c\u00f3modamente una lista de estos servicios para usted. Si bien algunos servicios pueden eliminar autom\u00e1ticamente su IP o dominio despu\u00e9s de un cierto per\u00edodo de gracia, otros pueden no hacerlo.<\/div>\n                            <\/div>\n                        <\/div><\/div><\/div><\/p>","protected":false},"excerpt":{"rendered":"\u00bfQu\u00e9 es Domain Blacklist Checker? El Domain Blacklist Checker de Sitechecker es una herramienta en l\u00ednea que permite a los usuarios comprobar si un dominio o una direcci\u00f3n IP est\u00e1 incluido en alguna lista negra que pueda afectar a su posicionamiento SEO y a la capacidad de entrega de correo electr\u00f3nico. Est\u00e1 dise\u00f1ado para ayudar&#8230;","protected":false},"author":10409641,"featured_media":8275,"parent":0,"menu_order":0,"comment_status":"closed","ping_status":"closed","template":"pages-templates\/pages-minitools-3.php","meta":[],"categories":[73],"tags":[],"_links":{"self":[{"href":"https:\/\/sitechecker.pro\/es\/wp-json\/wp\/v2\/pages\/8059"}],"collection":[{"href":"https:\/\/sitechecker.pro\/es\/wp-json\/wp\/v2\/pages"}],"about":[{"href":"https:\/\/sitechecker.pro\/es\/wp-json\/wp\/v2\/types\/page"}],"author":[{"embeddable":true,"href":"https:\/\/sitechecker.pro\/es\/wp-json\/wp\/v2\/users\/10409641"}],"replies":[{"embeddable":true,"href":"https:\/\/sitechecker.pro\/es\/wp-json\/wp\/v2\/comments?post=8059"}],"version-history":[{"count":56,"href":"https:\/\/sitechecker.pro\/es\/wp-json\/wp\/v2\/pages\/8059\/revisions"}],"predecessor-version":[{"id":35779,"href":"https:\/\/sitechecker.pro\/es\/wp-json\/wp\/v2\/pages\/8059\/revisions\/35779"}],"wp:featuredmedia":[{"embeddable":true,"href":"https:\/\/sitechecker.pro\/es\/wp-json\/wp\/v2\/media\/8275"}],"wp:attachment":[{"href":"https:\/\/sitechecker.pro\/es\/wp-json\/wp\/v2\/media?parent=8059"}],"wp:term":[{"taxonomy":"category","embeddable":true,"href":"https:\/\/sitechecker.pro\/es\/wp-json\/wp\/v2\/categories?post=8059"},{"taxonomy":"post_tag","embeddable":true,"href":"https:\/\/sitechecker.pro\/es\/wp-json\/wp\/v2\/tags?post=8059"}],"curies":[{"name":"wp","href":"https:\/\/api.w.org\/{rel}","templated":true}]}}