{"id":7887,"date":"2019-09-05T13:55:01","date_gmt":"2019-09-05T13:55:01","guid":{"rendered":"https:\/\/sitechecker.pro\/?page_id=7887"},"modified":"2026-02-13T16:48:55","modified_gmt":"2026-02-13T16:48:55","slug":"link-extractor","status":"publish","type":"page","link":"https:\/\/sitechecker.pro\/es\/link-extractor\/","title":{"rendered":"Link Extractor: Obtener todos los enlaces de un sitio web \u2611"},"content":{"rendered":"<p><\/p>\n<h2 id=\"par1\">\u00bfQu\u00e9 es un extractor de enlaces?<\/h2>\n<p>La herramienta de extracci\u00f3n de enlaces sirve para extraer todos los enlaces de un sitio web o extraer enlaces de una p\u00e1gina web espec\u00edfica, incluidos los <a href=\"https:\/\/sitechecker.pro\/internal-links\/\" target=\"_blank\" rel=\"noopener noreferrer\">enlaces internos<\/a> y los backlinks internos, los enlaces de anclaje de backlinks internos y los <a href=\"https:\/\/sitechecker.pro\/external-links\/\" target=\"_blank\" rel=\"noopener noreferrer\">enlaces salientes<\/a> externos para cada URL del sitio.<\/p>\n<h3>\u00bfEn qu\u00e9 puede ayudarle esta herramienta?<\/h3>\n<p><strong>Extracci\u00f3n de todos los enlaces: <\/strong>puede extraer todos los enlaces de un sitio web o de una p\u00e1gina web espec\u00edfica. Esto incluye tanto los enlaces internos como los enlaces salientes externos.<\/p>\n<p><strong>Identifica todos los enlaces de anclaje que enlazan a la p\u00e1gina de destino. <\/strong>Descubra todos los enlaces de anclaje que dirigen a su p\u00e1gina de destino.<\/p>\n<p><strong>An\u00e1lisis detallado de enlaces internos: <\/strong>La herramienta proporciona datos completos sobre direcciones de hiperv\u00ednculos internos, incluidos los backlinks internos.<\/p>\n<p><strong>Identificaci\u00f3n de problemas relacionados con enlaces: <\/strong>Ayuda a detectar problemas en su sitio web, proporcionando una lista exhaustiva de URL problem\u00e1ticas.<\/p>\n<p><strong>Seguimiento y monitoreo continuos: <\/strong>Ofrece capacidades para el seguimiento y monitoreo continuo de direcciones de hiperv\u00ednculos, manteniendo un registro de cambios y errores.<\/p>\n<h3>Caracter\u00edsticas generales de Website Links Extractor<\/h3>\n<p><strong>Panel de control unificado: <\/strong>Proporciona una plataforma centralizada donde puede acceder y administrar todas las herramientas y datos de SEO. Este panel de control presenta una vista completa del rendimiento de SEO de su sitio web, lo que facilita el monitoreo y an\u00e1lisis de m\u00e9tricas clave.<\/p>\n<p><strong>Interfaz f\u00e1cil de usar: <\/strong>La interfaz est\u00e1 dise\u00f1ada para ser intuitiva y f\u00e1cil de navegar, incluso para aquellos que no son expertos en SEO. Esta facilidad de uso garantiza que los usuarios puedan utilizar de forma eficaz todas las funciones sin una curva de aprendizaje pronunciada.<\/p>\n<p><strong>Conjunto completo de herramientas de SEO: <\/strong><a href=\"https:\/\/sitechecker.pro\/\" target=\"_blank\" rel=\"noopener noreferrer\">Sitechecker<\/a> ofrece una gama completa de herramientas de SEO, que cubren varios aspectos como la auditor\u00eda del sitio, el seguimiento de la clasificaci\u00f3n, la comprobaci\u00f3n de v\u00ednculos de retroceso y m\u00e1s. Este conjunto completo de herramientas permite un enfoque exhaustivo e integrado para administrar y mejorar el SEO de su sitio web.<\/p>\n<h2 id=\"par2\">C\u00f3mo utilizar la herramienta<\/h2>\n<p>Para la extracci\u00f3n de enlaces, elija el m\u00e9todo de dominio para analizar <a href=\"https:\/\/sitechecker.pro\/website-link-counter\/\"> todos los enlaces de un sitio web<\/a> (requiere una cuenta y una prueba gratuita), o seleccione el m\u00e9todo de p\u00e1gina \u00fanica para obtener informaci\u00f3n detallada sobre una p\u00e1gina espec\u00edfica (disponible con un solo clic, sin cargo). Ingrese su dominio o URL y haga clic en &#8220;Obtener todos los enlaces&#8221; para comenzar. Una vez lista, la herramienta comienza a <a href=\"https:\/\/sitechecker.pro\/what-is-web-scraping\/\" target=\"_blank\" rel=\"noopener noreferrer\">extraer<\/a> los datos del sitio.<\/p>\n<div class=\"content__img-wrap\"><img src=\"https:\/\/sitechecker.pro\/wp-content\/uploads\/2024\/08\/1-Link-extractor-min.png\" alt=\"Link Extractor\" class=\"description-img description-img-zoom\" loading=\"lazy\" ><\/div>\n<h2 id=\"par3\">Comprobaci\u00f3n de dominio<\/h2>\n<h3>Paso 1: Elija la opci\u00f3n de dominio, ingrese el dominio que desea analizar y haga clic en el bot\u00f3n &#8220;Obtener todos los enlaces&#8221;<\/h3>\n<div class=\"content__img-wrap\"><img src=\"https:\/\/sitechecker.pro\/wp-content\/uploads\/2024\/08\/2-External-link-Check-Website-min.png\" alt=\"Comprobaci\u00f3n de dominio de Link Extractor\" class=\"description-img description-img-zoom\" loading=\"lazy\" ><\/div>\n<div class=\"important-block\">Para recibir resultados y acceder a las funciones de Sitechecker durante 14 d\u00edas, comience su prueba GRATUITA. Reg\u00edstrese es f\u00e1cil con su cuenta de correo electr\u00f3nico, Google o Facebook. No se necesita tarjeta de cr\u00e9dito.<\/div>\n<h3>Paso 2: Interpretaci\u00f3n de los resultados del extractor de enlaces de dominio a trav\u00e9s del dominio<\/h3>\n<p>El an\u00e1lisis que realice generar\u00e1 una auditor\u00eda del sitio para el dominio que ingrese, que revelar\u00e1 varios problemas con los enlaces, como backlinks, URL internas y externas, sus anclas, c\u00f3digos de estado HTTP y atributos rel. Al hacer clic en cualquier problema, puede ver qu\u00e9 p\u00e1ginas est\u00e1n afectadas y extraer una lista de referencias para esas p\u00e1ginas. De esta manera, identifique y resuelva f\u00e1cilmente cualquier problema posible.<\/p>\n<div class=\"content__img-wrap\"><img src=\"https:\/\/sitechecker.pro\/wp-content\/uploads\/2024\/01\/site-audit-results.png\" alt=\"Resultados de la auditor\u00eda del sitio\" class=\"description-img description-img-zoom\" loading=\"lazy\" ><\/div>\n<p>\u00bfQuiere extraer todas las URL de un sitio web para obtener una lista completa para la creaci\u00f3n del mapa del sitio? Ya lo hemos hecho por usted. Puede descargar el mapa del sitio generado a partir de las URL que nuestro <a href=\"https:\/\/sitechecker.pro\/on-page-seo-checker\/\" target=\"_blank\" rel=\"noopener noreferrer\">verificador de SEO<\/a> ha rastreado anteriormente.<\/p>\n<div class=\"content__img-wrap\"><img src=\"https:\/\/sitechecker.pro\/wp-content\/uploads\/2024\/01\/generate-sitemap.png\" alt=\"Generar mapa del sitio\" class=\"description-img description-img-zoom\" loading=\"lazy\" ><\/div>\n<h3>Funciones adicionales del extractor de enlaces de sitios web<\/h3>\n<p>La herramienta Extractor de enlaces de sitios web demuestra su capacidad para analizar e informar sobre diversos problemas de SEO. En su panel de control, encontrar\u00e1 una &#8220;Lista de problemas&#8221; organizada donde puede revisar y abordar problemas espec\u00edficos, como enlaces internos excesivos, texto alternativo faltante en im\u00e1genes y texto de anclaje inconsistente.<\/p>\n<p>La barra lateral proporciona un desglose estad\u00edstico de las p\u00e1ginas afectadas, lo que permite una priorizaci\u00f3n y una soluci\u00f3n eficientes. Esta herramienta le permite tomar medidas pr\u00e1cticas para optimizar la estructura de URL de su sitio web y la salud general del SEO.<\/p>\n<div class=\"content__img-wrap\"><img src=\"https:\/\/sitechecker.pro\/wp-content\/uploads\/2024\/01\/issues-list-1.png\" alt=\"Lista de problemas\" class=\"description-img description-img-zoom\" loading=\"lazy\" ><\/div>\n<p>El extractor de enlaces de sitios web proporciona una soluci\u00f3n optimizada para que los profesionales de SEO supervisen y exporten datos sobre URL salientes con atributos href mal formados. Garantiza que los problemas se puedan abordar directamente dentro de la herramienta, con funcionalidades para ver el fragmento de c\u00f3digo espec\u00edfico del problema. Adem\u00e1s, la herramienta ofrece s\u00f3lidas opciones de exportaci\u00f3n, que incluyen CSV, Google Sheets y una pr\u00e1ctica funci\u00f3n de copia de URL, lo que optimiza el flujo de trabajo para las auditor\u00edas y el mantenimiento del sitio. Su capacidad integrada de generaci\u00f3n de mapas del sitio ayuda a\u00fan m\u00e1s a una gesti\u00f3n eficiente del sitio.<\/p>\n<p>Tambi\u00e9n puedes consultar nuestro tutorial a continuaci\u00f3n:<\/p>\n<p><iframe title=\"Reproductor de video de YouTube\" src=\"https:\/\/www.youtube.com\/embed\/-cexaqBe4KQ?si=vHbnAbP6SvpSyYjg\" width=\"700\" height=\"350\" frameborder=\"0\" allowfullscreen=\"allowfullscreen\"><\/iframe><\/p>\n<h2 id=\"par4\">Verificaci\u00f3n de p\u00e1gina<\/h2>\n<div class=\"content__img-wrap\"><img src=\"https:\/\/sitechecker.pro\/wp-content\/uploads\/2024\/08\/3-External-Links-Page-Check-min.png\" alt=\"Verificaci\u00f3n de p\u00e1gina del extractor de enlaces\" class=\"description-img description-img-zoom\" loading=\"lazy\" ><\/div>\n<p>La herramienta en l\u00ednea enumera las URL externas que se encuentran en la p\u00e1gina, junto con los textos de anclaje y los c\u00f3digos de estado HTTP, para una revisi\u00f3n detallada.<\/p>\n<h3>Paso 2: Interpretaci\u00f3n de los resultados mediante la comprobaci\u00f3n de la p\u00e1gina<\/h3>\n<p>Enumera los enlaces externos, los enlaces internos y los enlaces de subdominios con los anclajes y c\u00f3digos de estado correspondientes, lo que facilita una revisi\u00f3n sencilla de los elementos de SEO salientes.<\/p>\n<p>La herramienta muestra el estado de una p\u00e1gina web con una puntuaci\u00f3n de SEO y ofrece acceso r\u00e1pido a informaci\u00f3n detallada, como el c\u00f3digo de estado, la indexaci\u00f3n y el tama\u00f1o de la p\u00e1gina.<\/p>\n<div class=\"content__img-wrap\"><img src=\"https:\/\/sitechecker.pro\/wp-content\/uploads\/2024\/01\/on-page-seo-checker-results.png\" alt=\"Resultados de On Page Seo Checker\" class=\"description-img description-img-zoom\" loading=\"lazy\" ><\/div>\n<p>La herramienta proporciona un an\u00e1lisis de los enlaces internos y de subdominios de un sitio web. Enumera los enlaces internos, muestra el texto de anclaje utilizado para cada enlace y el c\u00f3digo de estado HTTP, lo que indica una navegaci\u00f3n exitosa dentro del sitio. Tambi\u00e9n identifica los enlaces a subdominios, que se tratan por separado, mostrando sus anclajes y c\u00f3digos de estado para garantizar que est\u00e9n configurados correctamente para una estructura \u00f3ptima del sitio web y un rendimiento de SEO.<\/p>\n<div class=\"content__img-wrap\"><img src=\"https:\/\/sitechecker.pro\/wp-content\/uploads\/2024\/01\/internal-subdomain-links-2.png\" alt=\"Enlaces de subdominios internos\" class=\"description-img description-img-zoom\" loading=\"lazy\" ><\/div>\n<p>La herramienta tambi\u00e9n ayuda con aspectos clave de la optimizaci\u00f3n del sitio web. Identifica problemas cr\u00edticos de SEO para su resoluci\u00f3n, mejora el contenido mediante la revisi\u00f3n de t\u00edtulos y metadatos, garantiza que los datos estructurados est\u00e9n en su lugar y verifica la configuraci\u00f3n adecuada del \u00edndice de b\u00fasqueda. Adem\u00e1s, eval\u00faa la velocidad del sitio m\u00f3vil para mejorar la experiencia del usuario.<\/p>\n<div class=\"content__img-wrap\"><img src=\"https:\/\/sitechecker.pro\/wp-content\/uploads\/2024\/01\/issues-overview-3.png\" alt=\"Descripci\u00f3n general de los problemas\" class=\"description-img description-img-zoom\" loading=\"lazy\" ><\/div>\n<h3>Funciones adicionales de la comprobaci\u00f3n de p\u00e1ginas<\/h3>\n<p>Para realizar una auditor\u00eda de SEO exhaustiva de su sitio web, cree una cuenta gratuita para realizar un an\u00e1lisis exhaustivo de hasta 1000 p\u00e1ginas. Con acceso a su cuenta, puede revisar todas las p\u00e1ginas internas y externas de su sitio, identificar errores, investigar c\u00f3digos de respuesta, analizar toda la estrategia de anclaje de su sitio, etc.<\/p>\n<div class=\"content__img-wrap\"><img src=\"https:\/\/sitechecker.pro\/wp-content\/uploads\/2024\/01\/full-website-audit.png\" alt=\"Auditor\u00eda completa del sitio web\" class=\"description-img description-img-zoom\" loading=\"lazy\" ><\/div>\n<p>Para obtener una visi\u00f3n m\u00e1s completa de las caracter\u00edsticas de la herramienta despu\u00e9s de escanear su dominio, consulte las pantallas de verificaci\u00f3n de dominio en la primera secci\u00f3n de este manual. Alternativamente, el proyecto de demostraci\u00f3n interactivo proporciona un ejemplo pr\u00e1ctico de c\u00f3mo la herramienta puede beneficiarlo.<\/p>\n<p>Adem\u00e1s, el uso del <a href=\"https:\/\/sitechecker.pro\/crawlability-checker\/\">Buscador de subdominios<\/a> lo ayudar\u00e1 a localizar y analizar todos los subdominios asociados con su dominio, asegur\u00e1ndose de que est\u00e9n optimizados y libres de errores. Esto es especialmente \u00fatil para sitios web grandes con m\u00faltiples subdominios que pueden necesitar atenci\u00f3n individual para mejoras de SEO.<\/p>\n<h2 id=\"par5\">Observaciones finales<\/h2>\n<p>Para concluir, el buscador de enlaces de sitios web extrae, analiza y monitorea todos los enlaces de un sitio web, brindando informaci\u00f3n completa para cada URL. Detecta y ayuda a corregir problemas relacionados con los enlaces, al mismo tiempo que ofrece capacidades de SEO integrales, que incluyen auditor\u00edas dentro y fuera de la p\u00e1gina, seguimiento de la clasificaci\u00f3n y monitoreo del sitio. Los usuarios pueden aprovechar esta herramienta para diversos fines, como verificar el estado de los enlaces, generar mapas de sitios o probar nuevas p\u00e1ginas de destino. Con funciones f\u00e1ciles de usar, los usuarios pueden analizar un dominio completo o una p\u00e1gina espec\u00edfica. Adem\u00e1s, la herramienta ofrece un sistema de informes personalizable, lo que la hace ideal para consultores de SEO, profesionales de agencias y propietarios de sitios web.<\/p>\n<div id=\"par6\"><\/div>\n<p><div class=\"front__faq-block\"><div class=\"faq__block-title\">Preguntas frecuentes<\/div><div class=\"panel-group\" id=\"faq-accordion\" itemscope itemtype=\"https:\/\/schema.org\/FAQPage\" role=\"tablist\" aria-multiselectable=\"true\"><div class=\"panel\" itemscope itemtype=\"https:\/\/schema.org\/Question\" itemprop=\"mainEntity\">\n                            <div class=\"panel-heading\" id=\"headingFaq-1\">\n                                <div class=\"panel-title\" data-toggle=\"collapse\" aria-expanded=\"false\" href=\"#collapseFaq-1\">\n                                    <h3 itemprop=\"name\">\u00bfC\u00f3mo obtener todos los enlaces de un sitio web?<\/h3>\n                                <\/div>\n                            <\/div>\n                            <div id=\"collapseFaq-1\" class=\"panel-collapse collapse\" itemprop=\"acceptedAnswer\" itemscope itemtype=\"http:\/\/schema.org\/Answer\">\n                                <div class=\"panel-body\" itemprop=\"text\">URL extractor te permitir\u00e1 exportar todas las URL del sitio web o extraer enlaces de una p\u00e1gina, incluidos los backlinks internos, los anclajes de backlinks internos y los enlaces salientes externos para cada URL del sitio.<\/div>\n                            <\/div>\n                        <\/div><div class=\"panel\" itemscope itemtype=\"https:\/\/schema.org\/Question\" itemprop=\"mainEntity\">\n                            <div class=\"panel-heading\" id=\"headingFaq-2\">\n                                <div class=\"panel-title\" data-toggle=\"collapse\" aria-expanded=\"false\" href=\"#collapseFaq-2\">\n                                    <h3 itemprop=\"name\">\u00bfC\u00f3mo extraigo un enlace de una imagen (foto)?<\/h3>\n                                <\/div>\n                            <\/div>\n                            <div id=\"collapseFaq-2\" class=\"panel-collapse collapse\" itemprop=\"acceptedAnswer\" itemscope itemtype=\"http:\/\/schema.org\/Answer\">\n                                <div class=\"panel-body\" itemprop=\"text\">Nuestra herramienta analiza todas las referencias en cada p\u00e1gina de tu sitio web. Por lo tanto, si necesitas la URL de una imagen, es f\u00e1cil obtenerla con nuestra herramienta. Abre la secci\u00f3n 'Im\u00e1genes' en la auditor\u00eda de la p\u00e1gina y obtendr\u00e1s una lista de URL de im\u00e1genes. Adem\u00e1s, tendr\u00e1s acceso a datos como el tama\u00f1o de la imagen, el atributo alt, el atributo title, el c\u00f3digo de estado y la asignaci\u00f3n de robot.txt.<\/div>\n                            <\/div>\n                        <\/div><div class=\"panel\" itemscope itemtype=\"https:\/\/schema.org\/Question\" itemprop=\"mainEntity\">\n                            <div class=\"panel-heading\" id=\"headingFaq-3\">\n                                <div class=\"panel-title\" data-toggle=\"collapse\" aria-expanded=\"false\" href=\"#collapseFaq-3\">\n                                    <h3 itemprop=\"name\">\u00bfQu\u00e9 es la extensi\u00f3n de Chrome link extractor?<\/h3>\n                                <\/div>\n                            <\/div>\n                            <div id=\"collapseFaq-3\" class=\"panel-collapse collapse\" itemprop=\"acceptedAnswer\" itemscope itemtype=\"http:\/\/schema.org\/Answer\">\n                                <div class=\"panel-body\" itemprop=\"text\">Ya hemos desarrollado una extensi\u00f3n de Google Chrome para Sitechecker. Nuestra extensi\u00f3n realiza una auditor\u00eda integral de la p\u00e1gina, que le permite escanear todas las URL. Inicie la prueba gratuita y descargue la aplicaci\u00f3n Sitechecker en su navegador Google Chrome. Despu\u00e9s, \u00e1brala en la p\u00e1gina que desea examinar y reciba los resultados.<\/div>\n                            <\/div>\n                        <\/div><\/div><\/div><\/p>","protected":false},"excerpt":{"rendered":"\u00bfQu\u00e9 es un extractor de enlaces? La herramienta de extracci\u00f3n de enlaces sirve para extraer todos los enlaces de un sitio web o extraer enlaces de una p\u00e1gina web espec\u00edfica, incluidos los enlaces internos y los backlinks internos, los enlaces de anclaje de backlinks internos y los enlaces salientes externos para cada URL del sitio&#8230;.","protected":false},"author":10504980,"featured_media":7940,"parent":0,"menu_order":0,"comment_status":"closed","ping_status":"closed","template":"pages-templates\/pages-minitools-3.php","meta":[],"categories":[72],"tags":[],"_links":{"self":[{"href":"https:\/\/sitechecker.pro\/es\/wp-json\/wp\/v2\/pages\/7887"}],"collection":[{"href":"https:\/\/sitechecker.pro\/es\/wp-json\/wp\/v2\/pages"}],"about":[{"href":"https:\/\/sitechecker.pro\/es\/wp-json\/wp\/v2\/types\/page"}],"author":[{"embeddable":true,"href":"https:\/\/sitechecker.pro\/es\/wp-json\/wp\/v2\/users\/10504980"}],"replies":[{"embeddable":true,"href":"https:\/\/sitechecker.pro\/es\/wp-json\/wp\/v2\/comments?post=7887"}],"version-history":[{"count":52,"href":"https:\/\/sitechecker.pro\/es\/wp-json\/wp\/v2\/pages\/7887\/revisions"}],"predecessor-version":[{"id":39264,"href":"https:\/\/sitechecker.pro\/es\/wp-json\/wp\/v2\/pages\/7887\/revisions\/39264"}],"wp:featuredmedia":[{"embeddable":true,"href":"https:\/\/sitechecker.pro\/es\/wp-json\/wp\/v2\/media\/7940"}],"wp:attachment":[{"href":"https:\/\/sitechecker.pro\/es\/wp-json\/wp\/v2\/media?parent=7887"}],"wp:term":[{"taxonomy":"category","embeddable":true,"href":"https:\/\/sitechecker.pro\/es\/wp-json\/wp\/v2\/categories?post=7887"},{"taxonomy":"post_tag","embeddable":true,"href":"https:\/\/sitechecker.pro\/es\/wp-json\/wp\/v2\/tags?post=7887"}],"curies":[{"name":"wp","href":"https:\/\/api.w.org\/{rel}","templated":true}]}}