{"id":7885,"date":"2019-09-05T13:51:52","date_gmt":"2019-09-05T13:51:52","guid":{"rendered":"https:\/\/sitechecker.pro\/?page_id=7885"},"modified":"2025-02-06T11:00:13","modified_gmt":"2025-02-06T11:00:13","slug":"page-counter","status":"publish","type":"page","link":"https:\/\/sitechecker.pro\/es\/page-counter\/","title":{"rendered":"Page Counter: compruebe cu\u00e1ntas p\u00e1ginas tiene un sitio web \u1408"},"content":{"rendered":"<p><\/p>\n<h2 id=\"par1\">\u00bfQu\u00e9 es un comprobador de n\u00famero de p\u00e1gina web?<\/h2>\n<p>Contador de P\u00e1ginas es una herramienta que le ayuda a contar el n\u00famero de URLs en su sitio. Puede ser \u00fatil para el seguimiento de su estado de indexaci\u00f3n y la identificaci\u00f3n de cualquier problema t\u00e9cnico. La herramienta de contador de URL del sitio web Sitechecker es f\u00e1cil de usar y ofrece una variedad de caracter\u00edsticas.<\/p>\n<h3>El contador de p\u00e1ginas web puede ayudarle con lo siguiente<\/h3>\n<ul>\n<li>Determinar el n\u00famero total de todas las URLs de su sitio web.<\/li>\n<li>Identificar el n\u00famero total de URLs de su sitio web.\n<li>Identificar qu\u00e9 URLs del sitemap XML est\u00e1n indexadas por los motores de b\u00fasqueda de Google.<\/li>\n<li>Detectar cualquier error en el sitemap XML.\n<li>Detectar cualquier error en las URL de su propio sitio web.<\/li>\n<li>Comprender c\u00f3mo distribuir eficazmente la equidad de enlace a trav\u00e9s de su sitio.<\/li>\n<\/ul>\n<h3>Caracter\u00edsticas principales de un contador de p\u00e1ginas web<\/h3>\n<p><strong>Panel de control unificado: <\/strong>Un panel de control unificado proporciona un \u00fanico lugar para ver los datos de salud t\u00e9cnica de su sitio web. Puede ver estos datos para per\u00edodos espec\u00edficos, como hoy, ayer, la semana pasada, el mes pasado y el a\u00f1o hasta la fecha.<\/p>\n<p><strong>Interfaz f\u00e1cil de usar: <\/strong>Una interfaz f\u00e1cil de usar facilita el uso y an\u00e1lisis de sus datos de tr\u00e1fico. El panel de control est\u00e1 bien organizado y es f\u00e1cil de navegar.<\/p>\n<p><strong>Completo conjunto de herramientas SEO: <\/strong>Un conjunto completo de herramientas SEO incluye una variedad de instrumentos para ayudarle a mejorar el ranking de su sitio web en los resultados de los motores de b\u00fasqueda (SERPs). Esto puede incluir herramientas para la investigaci\u00f3n de palabras clave, construcci\u00f3n de enlaces y SEO t\u00e9cnico.<\/p>\n<h2 id=\"par2\">\u00bfC\u00f3mo utilizar el contador de p\u00e1ginas web?<\/h2>\n<p>\u00bfSe pregunta c\u00f3mo encontrar f\u00e1cilmente el n\u00famero de p\u00e1ginas HTML de un sitio web? Nuestra herramienta le da la respuesta.<\/p>\n<h3>Paso 1: Introduzca su dominio <\/h3>\n<p>Todo lo que tienes que hacer es introducir el nombre de dominio y luego ver todas las URL de un sitio.<\/p>\n<div class=\"content__img-wrap\"><img src=\"https:\/\/sitechecker.pro\/wp-content\/uploads\/2023\/11\/website-page-counter.png\" alt=\"Contador de p\u00e1ginas web\" class=\"description-img description-img-zoom\" loading=\"lazy\" ><\/div>\n<div class=\"important-block\">Para recibir los resultados y el acceso a Sitechecker&apos;s caracter\u00edsticas durante 14 d\u00edas, inicie su prueba gratuita. Registrarse es f\u00e1cil con su correo electr\u00f3nico, Google, o cuenta de Facebook. No se necesita tarjeta de cr\u00e9dito.<\/div>\n<h3>Paso 2: Obtener el resultado<\/h3>\n<p>Despu\u00e9s del rastreo, puedes ver &#8220;cu\u00e1ntas URL hay&#8221;. Este n\u00famero indica cu\u00e1ntas URLs tiene el <a href=\"https:\/\/sitechecker.pro\/what-is-google-index\/\" target=\"_blank\" rel=\"noopener noreferrer\">\u00edndice de Google<\/a>:<\/p>\n<div class=\"content__img-wrap\"><img src=\"https:\/\/sitechecker.pro\/wp-content\/uploads\/2023\/11\/website-page-counter-results.png\" alt=\"Website Page Counter Results\" class=\"description-img description-img-zoom\" loading=\"lazy\" ><\/div>\n<p>A continuaci\u00f3n encontrar\u00e1 una lista de los problemas encontrados en las URL rastreadas. Para comprobar si hay errores en todas las URL de su sitio, considere la posibilidad de actualizar su plan de tarifas.<\/p>\n<div class=\"content__img-wrap\"><img src=\"https:\/\/sitechecker.pro\/wp-content\/uploads\/2023\/11\/page-counter-issues-list.png\" alt=\"Lista de problemas del contador de p\u00e1ginas\" class=\"description-img description-img-zoom\" loading=\"lazy\" ><\/div>\n<p>Para cada error identificado, la lista incluye sugerencias de soluci\u00f3n de problemas y especifica las URL en las que se produjo.<\/p>\n<div class=\"content__img-wrap\"><img src=\"https:\/\/sitechecker.pro\/wp-content\/uploads\/2023\/11\/view-issue-option.png\" alt=\"Ver opci\u00f3n de problemas\" class=\"description-img description-img-zoom\" loading=\"lazy\" ><\/div>\n<h2 id=\"par3\">Caracter\u00edsticas adicionales de la herramienta Contador de p\u00e1ginas web<\/h2>\n<p>Adem\u00e1s, haciendo clic en &#8220;P\u00e1ginas rastreadas&#8221; o &#8220;Ver todas las p\u00e1ginas&#8221;, puede abrir la lista de URL con informaci\u00f3n sobre problemas, estado y otros tipos de URL <a href=\"https:\/\/sitechecker.pro\/\" target=\"_blank\" rel=\"noopener noreferrer\">auditor\u00eda SEO<\/a>.<\/p>\n<div class=\"content__img-wrap\"><img src=\"https:\/\/sitechecker.pro\/wp-content\/uploads\/2023\/11\/page-counter-view-all-pages.png\" alt=\"Contador de p\u00e1ginas Ver todas las p\u00e1ginas\" class=\"description-img description-img-zoom\" loading=\"lazy\" ><\/div>\n<div class=\"content__img-wrap\"><img src=\"https:\/\/sitechecker.pro\/wp-content\/uploads\/2023\/11\/page-counter-additional-features.png\" alt=\"Contador de P\u00e1ginas Funciones Adicionales\" class=\"description-img description-img-zoom\" loading=\"lazy\" ><\/div>\n<p>Esta secci\u00f3n muestra una lista categorizada de errores, permiti\u00e9ndole ordenarlos por Prioridad o Categor\u00eda. Si el sitio contiene URL rotas o redirecciones, puede filtrarlas en la tabla. El indicador del peso de la p\u00e1gina proporciona informaci\u00f3n sobre la eficacia de su estructura de enlaces internos.<\/p>\n<p>Con esta informaci\u00f3n, puede abordar r\u00e1pidamente los problemas cr\u00edticos de su propio sitio web y recibir orientaci\u00f3n para optimizarlo.<\/p>\n<p>Consulte tambi\u00e9n nuestra gu\u00eda en v\u00eddeo sobre c\u00f3mo utilizar el contador de p\u00e1ginas en la plataforma SiteChecker:<\/p>\n<p><iframe width=\"700\" height=\"350\" src=\"https:\/\/www.youtube.com\/embed\/-cexaqBe4KQ?si=4doM2SLEO-4z_i69&amp;start=213\" title=\"YouTube video player\" frameborder=\"0\" allow=\"accelerometer; autoplay; clipboard-write; encrypted-media; gyroscope; picture-in-picture; web-share\" allowfullscreen><\/iframe><\/p>\n<h2 id=\"par4\">Idea final<\/h2>\n<p>El Website Post Counter es una eficaz herramienta gratuita ofrecida por Sitechecker que cuenta las p\u00e1ginas de su sitio, ayudando en el seguimiento de la indexaci\u00f3n y la identificaci\u00f3n de problemas t\u00e9cnicos. Cuenta con funciones f\u00e1ciles de usar, como el filtrado por tipo y la profundidad de rastreo. Entre sus principales ventajas se incluyen la capacidad de determinar el recuento total de URL de su sitio, identificar las p\u00e1ginas indexadas, comprobar si hay duplicados, detectar errores y elaborar estrategias para la distribuci\u00f3n de la equidad de enlaces. Su panel de control centraliza los datos de salud t\u00e9cnica, presentando una interfaz f\u00e1cil de usar para el an\u00e1lisis del tr\u00e1fico y un conjunto completo de herramientas SEO para mejorar las clasificaciones SERP.<\/p>\n<div id=\"par5\"><\/div>\n<p><div class=\"front__faq-block\"><div class=\"faq__block-title\">FAQ<\/div><div class=\"panel-group\" id=\"faq-accordion\" itemscope itemtype=\"https:\/\/schema.org\/FAQPage\" role=\"tablist\" aria-multiselectable=\"true\"><div class=\"panel\" itemscope itemtype=\"https:\/\/schema.org\/Question\" itemprop=\"mainEntity\">\n                            <div class=\"panel-heading\" id=\"headingFaq-1\">\n                                <div class=\"panel-title\" data-toggle=\"collapse\" aria-expanded=\"false\" href=\"#collapseFaq-1\">\n                                    <h3 itemprop=\"name\">\u00bfCu\u00e1l es el objetivo principal del contador de p\u00e1ginas?<\/h3>\n                                <\/div>\n                            <\/div>\n                            <div id=\"collapseFaq-1\" class=\"panel-collapse collapse\" itemprop=\"acceptedAnswer\" itemscope itemtype=\"http:\/\/schema.org\/Answer\">\n                                <div class=\"panel-body\" itemprop=\"text\">El objetivo principal de la herramienta en l\u00ednea Contador de p\u00e1ginas es proporcionar un recuento del n\u00famero total de URLs de su sitio, ayudar a realizar un seguimiento de las URLs indexadas por los motores de b\u00fasqueda, identificar contenido duplicado, detectar errores y ofrecer informaci\u00f3n para optimizar la distribuci\u00f3n de enlaces.<\/div>\n                            <\/div>\n                        <\/div><div class=\"panel\" itemscope itemtype=\"https:\/\/schema.org\/Question\" itemprop=\"mainEntity\">\n                            <div class=\"panel-heading\" id=\"headingFaq-2\">\n                                <div class=\"panel-title\" data-toggle=\"collapse\" aria-expanded=\"false\" href=\"#collapseFaq-2\">\n                                    <h3 itemprop=\"name\">\u00bfC\u00f3mo comprobar cu\u00e1ntas p\u00e1ginas tiene un sitio web?<\/h3>\n                                <\/div>\n                            <\/div>\n                            <div id=\"collapseFaq-2\" class=\"panel-collapse collapse\" itemprop=\"acceptedAnswer\" itemscope itemtype=\"http:\/\/schema.org\/Answer\">\n                                <div class=\"panel-body\" itemprop=\"text\">Utiliza una herramienta contadora de art\u00edculos web como Sitechecker introduciendo el dominio del sitio web para obtener un recuento completo de todas sus URLs.<\/div>\n                            <\/div>\n                        <\/div><div class=\"panel\" itemscope itemtype=\"https:\/\/schema.org\/Question\" itemprop=\"mainEntity\">\n                            <div class=\"panel-heading\" id=\"headingFaq-3\">\n                                <div class=\"panel-title\" data-toggle=\"collapse\" aria-expanded=\"false\" href=\"#collapseFaq-3\">\n                                    <h3 itemprop=\"name\">\u00bfC\u00f3mo cuento las URLs de un sitio web?<\/h3>\n                                <\/div>\n                            <\/div>\n                            <div id=\"collapseFaq-3\" class=\"panel-collapse collapse\" itemprop=\"acceptedAnswer\" itemscope itemtype=\"http:\/\/schema.org\/Answer\">\n                                <div class=\"panel-body\" itemprop=\"text\">Utiliza un comprobador de p\u00e1ginas de recuento de sitios introduciendo tu nombre de dominio para contar autom\u00e1ticamente las URLs.<\/div>\n                            <\/div>\n                        <\/div><div class=\"panel\" itemscope itemtype=\"https:\/\/schema.org\/Question\" itemprop=\"mainEntity\">\n                            <div class=\"panel-heading\" id=\"headingFaq-4\">\n                                <div class=\"panel-title\" data-toggle=\"collapse\" aria-expanded=\"false\" href=\"#collapseFaq-4\">\n                                    <h3 itemprop=\"name\">\u00bfCu\u00e1ntas URLs tiene un sitio t\u00edpico?<\/h3>\n                                <\/div>\n                            <\/div>\n                            <div id=\"collapseFaq-4\" class=\"panel-collapse collapse\" itemprop=\"acceptedAnswer\" itemscope itemtype=\"http:\/\/schema.org\/Answer\">\n                                <div class=\"panel-body\" itemprop=\"text\">Un sitio web t\u00edpico puede tener desde unas pocas URLs hasta cientos, dependiendo de su prop\u00f3sito y escala. Las peque\u00f1as empresas suelen tener menos de 20 URL, por ejemplo, mientras que los sitios m\u00e1s grandes y los de comercio electr\u00f3nico pueden tener cientos o miles de p\u00e1ginas web.<\/div>\n                            <\/div>\n                        <\/div><\/div><\/div><\/p>","protected":false},"excerpt":{"rendered":"\u00bfQu\u00e9 es un comprobador de n\u00famero de p\u00e1gina web? Contador de P\u00e1ginas es una herramienta que le ayuda a contar el n\u00famero de URLs en su sitio. Puede ser \u00fatil para el seguimiento de su estado de indexaci\u00f3n y la identificaci\u00f3n de cualquier problema t\u00e9cnico. La herramienta de contador de URL del sitio web Sitechecker&#8230;","protected":false},"author":10504980,"featured_media":7945,"parent":0,"menu_order":0,"comment_status":"closed","ping_status":"closed","template":"pages-templates\/pages-minitools.php","meta":[],"categories":[73],"tags":[],"_links":{"self":[{"href":"https:\/\/sitechecker.pro\/es\/wp-json\/wp\/v2\/pages\/7885"}],"collection":[{"href":"https:\/\/sitechecker.pro\/es\/wp-json\/wp\/v2\/pages"}],"about":[{"href":"https:\/\/sitechecker.pro\/es\/wp-json\/wp\/v2\/types\/page"}],"author":[{"embeddable":true,"href":"https:\/\/sitechecker.pro\/es\/wp-json\/wp\/v2\/users\/10504980"}],"replies":[{"embeddable":true,"href":"https:\/\/sitechecker.pro\/es\/wp-json\/wp\/v2\/comments?post=7885"}],"version-history":[{"count":97,"href":"https:\/\/sitechecker.pro\/es\/wp-json\/wp\/v2\/pages\/7885\/revisions"}],"predecessor-version":[{"id":35343,"href":"https:\/\/sitechecker.pro\/es\/wp-json\/wp\/v2\/pages\/7885\/revisions\/35343"}],"wp:featuredmedia":[{"embeddable":true,"href":"https:\/\/sitechecker.pro\/es\/wp-json\/wp\/v2\/media\/7945"}],"wp:attachment":[{"href":"https:\/\/sitechecker.pro\/es\/wp-json\/wp\/v2\/media?parent=7885"}],"wp:term":[{"taxonomy":"category","embeddable":true,"href":"https:\/\/sitechecker.pro\/es\/wp-json\/wp\/v2\/categories?post=7885"},{"taxonomy":"post_tag","embeddable":true,"href":"https:\/\/sitechecker.pro\/es\/wp-json\/wp\/v2\/tags?post=7885"}],"curies":[{"name":"wp","href":"https:\/\/api.w.org\/{rel}","templated":true}]}}