{"id":7877,"date":"2019-09-05T13:03:16","date_gmt":"2019-09-05T13:03:16","guid":{"rendered":"https:\/\/sitechecker.pro\/?page_id=7877"},"modified":"2025-02-05T15:28:27","modified_gmt":"2025-02-05T15:28:27","slug":"text-to-code-ratio","status":"publish","type":"page","link":"https:\/\/sitechecker.pro\/es\/text-to-code-ratio\/","title":{"rendered":"Text to HTML Code Ratio Checker | Prueba cualquier URL en el sitio web \u2611"},"content":{"rendered":"<p><\/p>\n<h2 id=\"par1\">\u00bfQu\u00e9 es el verificador de relaci\u00f3n texto-c\u00f3digo?<\/h2>\n<p>El verificador de relaci\u00f3n texto-c\u00f3digo de <a href=\"https:\/\/sitechecker.pro\/\" target=\"_blank\" rel=\"noopener noreferrer\">Sitechecker<\/a> analiza la proporci\u00f3n de contenido de texto con respecto al <a href=\"https:\/\/sitechecker.pro\/html-source-code-viewer\/\" target=\"_blank\" rel=\"noopener noreferrer\">c\u00f3digo HTML<\/a> en una p\u00e1gina web. Proporciona un informe instant\u00e1neo para una sola p\u00e1gina o una auditor\u00eda integral para todas las p\u00e1ginas. La herramienta ayuda a identificar relaciones texto-c\u00f3digo bajas, posibles problemas de relevancia del texto y monitoreo continuo para la optimizaci\u00f3n SEO.<\/p>\n<h3>C\u00f3mo puede ayudarlo la herramienta<\/h3>\n<p><strong>C\u00e1lculo de la relaci\u00f3n texto-c\u00f3digo: <\/strong>mide la proporci\u00f3n de texto visible con respecto al c\u00f3digo HTML para evaluar la eficiencia del contenido para SEO.<\/p>\n<p><strong>Detecci\u00f3n de p\u00e1ginas con una baja relaci\u00f3n texto-c\u00f3digo: <\/strong>proporciona informes para identificar posibles problemas de contenido.<\/p>\n<p><strong>Monitoreo de relevancia de texto: <\/strong>detecta y rastrea problemas de relevancia de texto para garantizar la calidad del contenido y mejorar las clasificaciones en los motores de b\u00fasqueda.<\/p>\n<h3>Caracter\u00edsticas clave de la herramienta<\/h3>\n<p><strong>Panel unificado: <\/strong>proporciona un centro centralizado para realizar un seguimiento del estado del sitio web, el rendimiento de SEO y los resultados de auditor\u00eda en un solo lugar.<\/p>\n<p><strong>Interfaz f\u00e1cil de usar: <\/strong>dise\u00f1ada para una navegaci\u00f3n sencilla, lo que hace que el an\u00e1lisis de SEO sea accesible tanto para principiantes como para profesionales.<\/p>\n<p><strong>Conjunto completo de herramientas de SEO: <\/strong>incluye auditor\u00edas de sitios web, seguimiento de clasificaci\u00f3n, controles de SEO en la p\u00e1gina y monitoreo en tiempo real para una optimizaci\u00f3n integral.<\/p>\n<h2 id=\"par2\">C\u00f3mo usar la herramienta<\/h2>\n<p>Para usar el Comprobador de relaci\u00f3n texto-c\u00f3digo, comience seleccionando una opci\u00f3n de auditor\u00eda, ya sea un informe instant\u00e1neo para una sola p\u00e1gina o un an\u00e1lisis completo del sitio web. Ingresa la URL de la p\u00e1gina web o el sitio que deseas analizar y haz clic en el bot\u00f3n &#8220;Iniciar auditor\u00eda&#8221;. La herramienta evaluar\u00e1 la relaci\u00f3n texto-c\u00f3digo y proporcionar\u00e1 un informe detallado que destaca la relevancia del texto, la eficiencia del HTML y las posibles mejoras de SEO.<\/p>\n<h2 id=\"par3\">Prueba la relaci\u00f3n texto-c\u00f3digo para todas las p\u00e1ginas<\/h2>\n<h3>Paso 1: elige la opci\u00f3n de auditor\u00eda &#8220;Todas las p\u00e1ginas&#8221;<\/h3>\n<div class=\"content__img-wrap\"><img src=\"https:\/\/sitechecker.pro\/wp-content\/uploads\/2025\/02\/text-to-code-ratio-all-pages.png\" alt=\"Relaci\u00f3n texto-c\u00f3digo para todas las p\u00e1ginas\" class=\"description-img description-img-zoom\" loading=\"lazy\" ><\/div>\n<div class=\"important-block\">Para recibir resultados y acceder a las funciones de Sitechecker durante 14 d\u00edas, comienza tu prueba GRATUITA. Registrarse es f\u00e1cil con tu correo electr\u00f3nico, cuenta de Google o Facebook. No se necesita tarjeta de cr\u00e9dito.<\/div>\n<h3>Paso 2: Obtenga los resultados<\/h3>\n<p>Identifique las p\u00e1ginas con una baja proporci\u00f3n de texto a c\u00f3digo (&lt;10 %) que puedan afectar el rendimiento de SEO. Obtenga un desglose detallado de las p\u00e1ginas afectadas, reciba recomendaciones de optimizaci\u00f3n y acceda a sugerencias de mejora en el c\u00f3digo para mejorar la relevancia del contenido y la visibilidad de b\u00fasqueda.<\/p>\n<div class=\"content__img-wrap\"><img src=\"https:\/\/sitechecker.pro\/wp-content\/uploads\/2025\/02\/text-to-code-ratio-issue.png\" alt=\"Problema de proporci\u00f3n de texto a c\u00f3digo\" class=\"description-img description-img-zoom\" loading=\"lazy\" ><\/div>\n<h3>Caracter\u00edsticas adicionales de la herramienta<\/h3>\n<p>Obtenga una descripci\u00f3n detallada del estado del sitio web, incluidos errores cr\u00edticos, advertencias y oportunidades de optimizaci\u00f3n. Identifique las p\u00e1ginas afectadas por categor\u00eda, analice la relevancia del contenido, los enlaces internos y externos, la indexabilidad y los problemas de validaci\u00f3n de c\u00f3digo. Priorice las correcciones con el seguimiento de problemas categorizados y mejore el rendimiento general de SEO.<\/p>\n<div class=\"content__img-wrap\"><img src=\"https:\/\/sitechecker.pro\/wp-content\/uploads\/2025\/02\/site-audit-issues-4.png\" alt=\"Problemas de auditor\u00eda del sitio\" class=\"description-img description-img-zoom\" loading=\"lazy\" ><\/div>\n<h2 id=\"par4\">Prueba la relaci\u00f3n texto-c\u00f3digo de la p\u00e1gina<\/h2>\n<h3>Paso 1: elige la opci\u00f3n de prueba de p\u00e1gina<\/h3>\n<div class=\"content__img-wrap\"><img src=\"https:\/\/sitechecker.pro\/wp-content\/uploads\/2025\/02\/text-to-code-ratio-page.png\" alt=\"Relaci\u00f3n texto-c\u00f3digo de la p\u00e1gina\" class=\"description-img description-img-zoom\" loading=\"lazy\" ><\/div>\n<h3>Paso 2: obt\u00e9n los resultados<\/h3>\n<p>Eval\u00faa la relaci\u00f3n texto-c\u00f3digo de una p\u00e1gina espec\u00edfica, lo que garantiza un equilibrio de contenido \u00f3ptimo para SEO. Obt\u00e9n informaci\u00f3n sobre la longitud del texto, el porcentaje de la relaci\u00f3n y recomendaciones para mejorar la relevancia del contenido y el rendimiento del motor de b\u00fasqueda.<\/p>\n<div class=\"content__img-wrap\"><img src=\"https:\/\/sitechecker.pro\/wp-content\/uploads\/2025\/02\/text-length-text-to-code-ratio.png\" alt=\"Resultados de la relaci\u00f3n entre longitud de texto y c\u00f3digo\" class=\"description-img description-img-zoom\" loading=\"lazy\" ><\/div>\n<p>Para descubrir todas las capacidades de la herramienta, visite la secci\u00f3n Auditor\u00eda del sitio. Explore la versi\u00f3n demo para ver c\u00f3mo Sitechecker identifica y resuelve problemas t\u00e9cnicos clave de SEO.<\/p>\n<div class=\"content__img-wrap\"><img src=\"https:\/\/sitechecker.pro\/wp-content\/uploads\/2025\/02\/site-audit-4.png\" alt=\"Auditor\u00eda del sitio\" class=\"description-img description-img-zoom\" loading=\"lazy\" ><\/div>\n<h3>Funciones adicionales de la verificaci\u00f3n de p\u00e1ginas<\/h3>\n<p>Obtenga un desglose completo del estado de la p\u00e1gina, incluidos los problemas cr\u00edticos y de advertencia. Identifique problemas de rendimiento, estado de datos estructurados, optimizaciones de im\u00e1genes y factores t\u00e9cnicos de SEO para mejorar la visibilidad de b\u00fasqueda y la eficacia del contenido.<\/p>\n<div class=\"content__img-wrap\"><img src=\"https:\/\/sitechecker.pro\/wp-content\/uploads\/2025\/02\/site-audit-4.png\" alt=\"Auditor\u00eda del sitio\" class=\"description-img description-img-zoom\" loading=\"lazy\" ><\/div>\n<h2 id=\"par5\">Idea final<\/h2>\n<p>La herramienta de relaci\u00f3n de texto a texto HTML analiza la proporci\u00f3n de texto visible con respecto al c\u00f3digo HTML, lo que ayuda a optimizar el rendimiento de SEO. Proporciona informes instant\u00e1neos para p\u00e1ginas individuales y auditor\u00edas completas para sitios web completos. La herramienta detecta relaciones bajas de texto a c\u00f3digo, identifica problemas de relevancia del contenido y ofrece informaci\u00f3n de optimizaci\u00f3n. Con una interfaz f\u00e1cil de usar, un panel unificado y un conjunto completo de herramientas de SEO, permite un an\u00e1lisis eficaz del sitio web. Los usuarios pueden acceder a informes detallados, realizar un seguimiento del estado del sitio web y priorizar las correcciones.<\/p>\n<div id=\"par6\"><\/div>\n<p><div class=\"front__faq-block\"><div class=\"faq__block-title\">Preguntas frecuentes<\/div><div class=\"panel-group\" id=\"faq-accordion\" itemscope itemtype=\"https:\/\/schema.org\/FAQPage\" role=\"tablist\" aria-multiselectable=\"true\"><div class=\"panel\" itemscope itemtype=\"https:\/\/schema.org\/Question\" itemprop=\"mainEntity\">\n                            <div class=\"panel-heading\" id=\"headingFaq-1\">\n                                <div class=\"panel-title\" data-toggle=\"collapse\" aria-expanded=\"false\" href=\"#collapseFaq-1\">\n                                    <h3 itemprop=\"name\">\u00bfCu\u00e1l es la relaci\u00f3n texto a c\u00f3digo ideal para SEO?<\/h3>\n                                <\/div>\n                            <\/div>\n                            <div id=\"collapseFaq-1\" class=\"panel-collapse collapse\" itemprop=\"acceptedAnswer\" itemscope itemtype=\"http:\/\/schema.org\/Answer\">\n                                <div class=\"panel-body\" itemprop=\"text\">Se recomienda generalmente una relaci\u00f3n texto a c\u00f3digo superior al 10 % para un mejor rendimiento de SEO, lo que garantiza que los motores de b\u00fasqueda puedan interpretar el contenido de manera eficaz.<\/div>\n                            <\/div>\n                        <\/div><div class=\"panel\" itemscope itemtype=\"https:\/\/schema.org\/Question\" itemprop=\"mainEntity\">\n                            <div class=\"panel-heading\" id=\"headingFaq-2\">\n                                <div class=\"panel-title\" data-toggle=\"collapse\" aria-expanded=\"false\" href=\"#collapseFaq-2\">\n                                    <h3 itemprop=\"name\">\u00bfC\u00f3mo afecta una relaci\u00f3n texto a c\u00f3digo baja a mi sitio web?<\/h3>\n                                <\/div>\n                            <\/div>\n                            <div id=\"collapseFaq-2\" class=\"panel-collapse collapse\" itemprop=\"acceptedAnswer\" itemscope itemtype=\"http:\/\/schema.org\/Answer\">\n                                <div class=\"panel-body\" itemprop=\"text\">Una relaci\u00f3n baja puede indicar un exceso de HTML o contenido insuficiente, lo que puede provocar una mala clasificaci\u00f3n en los motores de b\u00fasqueda y una menor participaci\u00f3n del usuario.<\/div>\n                            <\/div>\n                        <\/div><div class=\"panel\" itemscope itemtype=\"https:\/\/schema.org\/Question\" itemprop=\"mainEntity\">\n                            <div class=\"panel-heading\" id=\"headingFaq-3\">\n                                <div class=\"panel-title\" data-toggle=\"collapse\" aria-expanded=\"false\" href=\"#collapseFaq-3\">\n                                    <h3 itemprop=\"name\">\u00bfPuedo comprobar la relaci\u00f3n texto-c\u00f3digo de varias p\u00e1ginas a la vez?<\/h3>\n                                <\/div>\n                            <\/div>\n                            <div id=\"collapseFaq-3\" class=\"panel-collapse collapse\" itemprop=\"acceptedAnswer\" itemscope itemtype=\"http:\/\/schema.org\/Answer\">\n                                <div class=\"panel-body\" itemprop=\"text\">S\u00ed, con la opci\u00f3n de auditor\u00eda 'Todas las p\u00e1ginas', puede analizar la relaci\u00f3n de todo su sitio web y recibir informes detallados sobre las p\u00e1ginas afectadas.<\/div>\n                            <\/div>\n                        <\/div><div class=\"panel\" itemscope itemtype=\"https:\/\/schema.org\/Question\" itemprop=\"mainEntity\">\n                            <div class=\"panel-heading\" id=\"headingFaq-4\">\n                                <div class=\"panel-title\" data-toggle=\"collapse\" aria-expanded=\"false\" href=\"#collapseFaq-4\">\n                                    <h3 itemprop=\"name\">\u00bfLa relaci\u00f3n texto-c\u00f3digo es el \u00fanico factor que afecta a las clasificaciones SEO?<\/h3>\n                                <\/div>\n                            <\/div>\n                            <div id=\"collapseFaq-4\" class=\"panel-collapse collapse\" itemprop=\"acceptedAnswer\" itemscope itemtype=\"http:\/\/schema.org\/Answer\">\n                                <div class=\"panel-body\" itemprop=\"text\">No, si bien es importante, las clasificaciones SEO se ven influenciadas por muchos factores, incluidos los v\u00ednculos de retroceso, la velocidad de la p\u00e1gina, la compatibilidad con dispositivos m\u00f3viles, los datos estructurados y la calidad del contenido.<\/div>\n                            <\/div>\n                        <\/div><div class=\"panel\" itemscope itemtype=\"https:\/\/schema.org\/Question\" itemprop=\"mainEntity\">\n                            <div class=\"panel-heading\" id=\"headingFaq-5\">\n                                <div class=\"panel-title\" data-toggle=\"collapse\" aria-expanded=\"false\" href=\"#collapseFaq-5\">\n                                    <h3 itemprop=\"name\">\u00bfLa herramienta puede sugerir mejoras para solucionar una relaci\u00f3n texto-c\u00f3digo baja?<\/h3>\n                                <\/div>\n                            <\/div>\n                            <div id=\"collapseFaq-5\" class=\"panel-collapse collapse\" itemprop=\"acceptedAnswer\" itemscope itemtype=\"http:\/\/schema.org\/Answer\">\n                                <div class=\"panel-body\" itemprop=\"text\">S\u00ed, Sitechecker proporciona recomendaciones de optimizaci\u00f3n, que incluyen la reducci\u00f3n de c\u00f3digo innecesario, la mejora de la calidad del contenido y el equilibrio de la estructura HTML.<\/div>\n                            <\/div>\n                        <\/div><\/div><\/div><\/p>","protected":false},"excerpt":{"rendered":"\u00bfQu\u00e9 es el verificador de relaci\u00f3n texto-c\u00f3digo? El verificador de relaci\u00f3n texto-c\u00f3digo de Sitechecker analiza la proporci\u00f3n de contenido de texto con respecto al c\u00f3digo HTML en una p\u00e1gina web. Proporciona un informe instant\u00e1neo para una sola p\u00e1gina o una auditor\u00eda integral para todas las p\u00e1ginas. La herramienta ayuda a identificar relaciones texto-c\u00f3digo bajas, posibles&#8230;","protected":false},"author":10409641,"featured_media":7943,"parent":0,"menu_order":0,"comment_status":"closed","ping_status":"closed","template":"pages-templates\/pages-minitools-3.php","meta":[],"categories":[70],"tags":[],"_links":{"self":[{"href":"https:\/\/sitechecker.pro\/es\/wp-json\/wp\/v2\/pages\/7877"}],"collection":[{"href":"https:\/\/sitechecker.pro\/es\/wp-json\/wp\/v2\/pages"}],"about":[{"href":"https:\/\/sitechecker.pro\/es\/wp-json\/wp\/v2\/types\/page"}],"author":[{"embeddable":true,"href":"https:\/\/sitechecker.pro\/es\/wp-json\/wp\/v2\/users\/10409641"}],"replies":[{"embeddable":true,"href":"https:\/\/sitechecker.pro\/es\/wp-json\/wp\/v2\/comments?post=7877"}],"version-history":[{"count":24,"href":"https:\/\/sitechecker.pro\/es\/wp-json\/wp\/v2\/pages\/7877\/revisions"}],"predecessor-version":[{"id":38135,"href":"https:\/\/sitechecker.pro\/es\/wp-json\/wp\/v2\/pages\/7877\/revisions\/38135"}],"wp:featuredmedia":[{"embeddable":true,"href":"https:\/\/sitechecker.pro\/es\/wp-json\/wp\/v2\/media\/7943"}],"wp:attachment":[{"href":"https:\/\/sitechecker.pro\/es\/wp-json\/wp\/v2\/media?parent=7877"}],"wp:term":[{"taxonomy":"category","embeddable":true,"href":"https:\/\/sitechecker.pro\/es\/wp-json\/wp\/v2\/categories?post=7877"},{"taxonomy":"post_tag","embeddable":true,"href":"https:\/\/sitechecker.pro\/es\/wp-json\/wp\/v2\/tags?post=7877"}],"curies":[{"name":"wp","href":"https:\/\/api.w.org\/{rel}","templated":true}]}}