{"id":7873,"date":"2019-09-05T12:25:47","date_gmt":"2019-09-05T12:25:47","guid":{"rendered":"https:\/\/sitechecker.pro\/?page_id=7873"},"modified":"2026-02-20T12:10:45","modified_gmt":"2026-02-20T12:10:45","slug":"similar-websites","status":"publish","type":"page","link":"https:\/\/sitechecker.pro\/es\/similar-websites\/","title":{"rendered":"Buscador de sitios web similares | Imprescindible para la investigaci\u00f3n de mercado \u1408"},"content":{"rendered":"<p>Desea iniciar un sitio y, como parte de la encuesta de mercado, necesita saber qui\u00e9nes son sus competidores. Si esa situaci\u00f3n es similar a la tuya y no tienes idea de c\u00f3mo abordarla, entonces est\u00e1s en el lugar correcto. Puede hacer esto muy f\u00e1cilmente con un buscador de sitios web similar; en este art\u00edculo, le diremos todo lo que necesita saber sobre c\u00f3mo usar uno de manera efectiva.<\/p>\n<h2>\u00bfQu\u00e9 es un buscador de sitios web similares?<\/h2>\n<p>Un <b>buscador de sitios web similares<\/b><b>es una herramienta que puede utilizar para encontrar otros sitios web que produzcan contenido similar al suyo. Estas herramientas est\u00e1n disponibles a trav\u00e9s de muchos proveedores, muchos de ellos de forma gratuita. Al usar estas herramientas, puede encuestar a sus competidores y obtener m\u00e1s informaci\u00f3n sobre c\u00f3mo trabajan, qu\u00e9 hacen bien y qu\u00e9 obtienen los usuarios de ellos. Al absorber toda esta informaci\u00f3n y hacer planes en consecuencia, podr\u00e1 sacar lo mejor de todos sus competidores y eliminar cualquier cosa que no funcione.<\/b><\/p>\n<p>Adem\u00e1s de ayudarlo a encontrar sitios web similares, <a href=\"https:\/\/sitechecker.pro\/\">Sitechecker<\/a> tiene mucho m\u00e1s que ofrecer. Mira este video para conocer m\u00e1s sobre nuestros servicios:<\/p>\n<p><iframe title=\"Reproductor de video de YouTube\" src=\"https:\/\/www.youtube.com\/embed\/iQWrmE-J-yU\" width=\"770\" height=\"350\" frameborder=\"0\" allowfullscreen=\"allowfullscreen\"><\/iframe><\/p>\n<h2>Uso de un buscador de sitios web similares<\/h2>\n<p>Descubra c\u00f3mo utilizar nuestro buscador de sitios web similares.<\/p>\n<h3>Paso 1: inserte su dominio<\/h3>\n<p>Simplemente tome la URL de su sitio web, p\u00e9guela en la barra de b\u00fasqueda y haga clic en la flecha hacia la derecha.<br \/>\n<div class=\"content__img-wrap\"><img src=\"https:\/\/sitechecker.pro\/wp-content\/uploads\/2022\/02\/Sitecheckers-similar-website-finder.jpg\" alt=\"Buscador de sitios web similares de Sitechecker\" class=\"description-img description-img-zoom\" loading=\"lazy\" ><\/div><\/p>\n<h3>Paso 2: An\u00e1lisis de resultados<\/h3>\n<p>El sitio tardar\u00e1 unos segundos en encontrar todos los sitios similares al suyo y mostrarlos en una lista.<br \/>\n<div class=\"content__img-wrap\"><img src=\"https:\/\/sitechecker.pro\/wp-content\/uploads\/2022\/02\/Sitecheckers-similar-website-finder-Results.jpg\" alt=\"Buscador de sitios web similares de Sitechecker: Resultados\" class=\"description-img description-img-zoom\" loading=\"lazy\" ><\/div><\/p>\n<h2>Casos en los que se necesita un buscador de sitios web similares<\/h2>\n<p>Antes de crear un sitio y comenzar a publicar alg\u00fan contenido, debe averiguar si su empresa es rentable. Por ejemplo, \u00bfcrees que alguien usar\u00eda una plataforma para compartir videos con caracter\u00edsticas similares a las de YouTube si YouTube ya existiera? No. Cosas como TikTok y Vimeo solo funcionan porque ofrecen diferentes enfoques y caracter\u00edsticas \u00fanicas para sus usuarios.<\/p>\n<p>Del mismo modo, si est\u00e1 comenzando un blog, necesita saber qui\u00e9n ya est\u00e1 produciendo contenido similar al suyo. \u00bfQu\u00e9 tipo de contenido producen? \u00bfC\u00f3mo es su base de audiencia? Informaci\u00f3n como esta es necesaria para decirle las posibilidades de \u00e9xito. Si estos competidores tienen el monopolio del mercado, entonces no hay ganancia en seguir adelante.<\/p>\n<p>Por otro lado, si est\u00e1 establecido en su <a href=\"https:\/\/sitechecker.pro\/dental-seo-marketing-tool\/\" target=\"_blank\" rel=\"noopener noreferrer\">nicho<\/a> industria, siempre debe estar atento a los nuevos emprendimientos y nuevas empresas. Est\u00e9 atento a si est\u00e1n cobrando fuerza y \u200b\u200bponi\u00e9ndose al d\u00eda con usted. En cualquier caso, es la se\u00f1al de un creador de contenido maduro para mantenerse al tanto del pulso del mercado y comprender d\u00f3nde soplan los vientos.<\/p>\n<p>Al estudiar las alternativas, puede aprender qu\u00e9 funciona y qu\u00e9 no funciona y encontrar formas de mejorar. As\u00ed es como mejoras y pasas al siguiente nivel.<br \/>\n    <div class=\"blog__conversion blog__conversion-app element__logged_out\">\n        <div class=\"blog__conversion-inner\">\n            <p class=\"title\">\u00a1Descubra no solo la informaci\u00f3n sobre sitios web similares, sino tambi\u00e9n la presencia de errores t\u00e9cnicos en ellos!<\/p>\n            <p class=\"description\">Realice una auditor\u00eda completa para descubrir y corregir todos los problemas a nivel de sitio y de p\u00e1gina en su sitio web.<\/p>\n            <form id=\"audit__form\"\n                  class=\"article__seo-search audit__form Realice una auditor\u00eda completa para descubrir y corregir todos los problemas a nivel de sitio y de p\u00e1gina en su sitio web.\"\n                  action=\"\"\n                  method=\"POST\"\n                  autocomplete=\"off\">\n                <span class=\"error\"><\/span>\n                <div class=\"error__limits\">Something went wrong. Please, try again later.<\/div>\n                <input name=\"url\"\n                       type=\"text\"\n                       placeholder=\"Ingrese su dominio aqu\u00ed\">\n                                <button type=\"submit\"\n                        class=\"sitechecker__text\">\n                    <span>Lanzar auditor\u00eda<\/span>\n                    <img src=\"\/wp-content\/themes\/sitechecker\/out\/img_design\/loading.svg\"\n                         width=\"31\"\n                         height=\"30\"\n                         class=\"loading\">\n                <\/button>\n            <\/form>\n        <\/div>\n    <\/div>\n    <\/p>\n<h2>C\u00f3mo analizar sitios similares<\/h2>\n<p>Ahora sabe c\u00f3mo encontrar un mont\u00f3n de sitios similares, pero \u00bfqu\u00e9 hace despu\u00e9s de encontrarlos? \u00a1Por qu\u00e9, los estudias, por supuesto! Es lo m\u00e1s inteligente que se puede hacer, y deber\u00edas revisar las empresas que compiten contigo. Puedes apostar que te har\u00e1n lo mismo.<br \/>\nPero que buscas?<\/p>\n<ul>\n<li>\u00bfCu\u00e1l es la estructura del sitio de las alternativas disponibles? \u00bfEs similar al tuyo? \u00bfMejor? \u00bfQu\u00e9 elementos de la p\u00e1gina usan que t\u00fa no, y viceversa? \u00bfQu\u00e9 puedes mejorar?<\/li>\n<li>\u00bfCu\u00e1ntas visitas reciben diariamente? \u00bfCu\u00e1l de ellos rinde mejor? \u00bfC\u00f3mo es su rendimiento en comparaci\u00f3n con usted? \u00bfQu\u00e9 est\u00e1n haciendo diferente?<\/li>\n<li>\u00bfQu\u00e9 tipo de v\u00ednculos de retroceso utilizan? \u00bfQu\u00e9 tipo de servicios aparecen m\u00e1s? \u00bfEst\u00e1n vinculados a algo que t\u00fa no eres? \u00bfEst\u00e1n vinculados a cosas que ya haces?<\/li>\n<li>\u00bfCu\u00e1les son sus palabras clave? \u00bfCu\u00e1l es su legibilidad? Ejecute sus sitios a trav\u00e9s de un verificador de SEO y aproveche al m\u00e1ximo lo que pueda.<\/li>\n<\/ul>\n<h3>Uso del Comprobador de tr\u00e1fico del sitio web para un mejor an\u00e1lisis<\/h3>\n<p>Para el an\u00e1lisis tambi\u00e9n puede utilizar nuestra herramienta que comprueba el tr\u00e1fico del sitio. Un <a href=\"https:\/\/sitechecker.pro\/traffic-checker\/\">verificador de tr\u00e1fico del sitio web<\/a> hace exactamente lo que dice: calcula una gran cantidad de datos relacionados con el tr\u00e1fico. Por ejemplo, si ejecuta la URL a trav\u00e9s de un verificador de tr\u00e1fico del sitio web, verificar\u00e1:<\/p>\n<ol>\n<li>Cu\u00e1nto tr\u00e1fico ha recibido esa p\u00e1gina durante al menos unos meses<\/li>\n<li>Cu\u00e1nto tr\u00e1fico se genera desde diferentes pa\u00edses<\/li>\n<li>Qu\u00e9 volumen de tr\u00e1fico generan los diferentes canales: b\u00fasqueda org\u00e1nica, referencias, b\u00fasqueda directa, etc.<\/li>\n<li>Las principales palabras clave utilizadas por el sitio, ya sea de forma org\u00e1nica o de pago<\/li>\n<\/ol>\n<p><div class=\"content__img-wrap\"><img src=\"https:\/\/sitechecker.pro\/wp-content\/uploads\/2022\/02\/Sitecheckers-traffic-checker.jpg\" alt=\"Verifique el tr\u00e1fico con nuestra herramienta\" class=\"description-img description-img-zoom\" loading=\"lazy\" ><\/div><br \/>\n<div class=\"content__img-wrap\"><img src=\"https:\/\/sitechecker.pro\/wp-content\/uploads\/2022\/02\/Sitecheckers-traffic-checker-Result-1.jpg\" alt=\"Comprobador de tr\u00e1fico: Resultados\" class=\"description-img description-img-zoom\" loading=\"lazy\" ><\/div><br \/>\n<div class=\"content__img-wrap\"><img src=\"https:\/\/sitechecker.pro\/wp-content\/uploads\/2022\/02\/Sitecheckers-traffic-checker-Result-2.jpg\" alt=\"Resultados de la herramienta (cont)\" class=\"description-img description-img-zoom\" loading=\"lazy\" ><\/div><\/p>\n<p>En tan solo unos instantes, tendr\u00e1s todos estos datos al alcance de tu mano. Si ejecuta todos los sitios similares que encontr\u00f3 a trav\u00e9s de este verificador de tr\u00e1fico, tendr\u00e1 datos similares sobre todos sus competidores. Sabr\u00e1 en qu\u00e9 nichos trabajan, de d\u00f3nde proviene su tr\u00e1fico y c\u00f3mo se compara el tr\u00e1fico de su sitio con el suyo. Es una gran herramienta para analizar el mercado de Internet y dise\u00f1ar estrategias para enfrentar estos desaf\u00edos.<\/p>\n<h3>Auditor\u00eda de Sitechecker &amp; An\u00e1lisis de la competencia en la p\u00e1gina<\/h3>\n<p>Una auditor\u00eda de SEO es una herramienta que le muestra qu\u00e9 tan bien lo est\u00e1 haciendo en t\u00e9rminos de SEO y d\u00f3nde puede mejorar. El objetivo es llevar su sitio a la parte superior de los resultados de b\u00fasqueda de Google. Esta herramienta lo ayudar\u00e1 a administrar eso revisando todo su sitio y p\u00e1ginas, y las de sus competidores, si as\u00ed lo desea, y brind\u00e1ndole un informe detallado sobre todo lo que tienen a su favor. Puede ejecutar nuestro <a href=\"https:\/\/sitechecker.pro\/on-page-seo-checker\/\">verificador de SEO en la p\u00e1gina<\/a> o <a href=\"https:\/\/chrome.google .com\/webstore\/detail\/website-seo-checker-free\/nljcdkjpjnhlilgepggmmagnmebhadnk\">Comprobador de SEO de sitios web de Google<\/a>.<\/p>\n<h3>Sitechecker Backlink Checker para an\u00e1lisis de la competencia<\/h3>\n<p>Desea un <a href=\"https:\/\/sitechecker.pro\/backlinks-checker\/\">verificador de backlinks<\/a> para asegurarse de que sus backlinks est\u00e9n siendo utilizados por sitios que reciben una buena cantidad de tr\u00e1fico y eliminarlos de sitios que ya no son relevantes. Al analizar a sus competidores de esta manera, obtiene informaci\u00f3n sobre su desempe\u00f1o y sabe qu\u00e9 hacer, qu\u00e9 evitar y qu\u00e9 palabras clave, anclas y etiquetas deber\u00eda aprovechar.<br \/>\n<div class=\"content__img-wrap\"><img src=\"https:\/\/sitechecker.pro\/wp-content\/uploads\/2022\/02\/Sitecheckers-backlink-checker.jpg\" alt=\"Comprobar backlinks con nuestra herramienta\" class=\"description-img description-img-zoom\" loading=\"lazy\" ><\/div><\/p>\n<div class=\"content__img-wrap\"><img src=\"https:\/\/sitechecker.pro\/wp-content\/uploads\/2022\/02\/Sitecheckers-backlink-checker-Results-2.jpg\" alt=\"Comprobar backlinks con nuestra herramienta - Resultados\" class=\"description-img description-img-zoom\" loading=\"lazy\" ><\/div>\n<p><div class=\"front__faq-block\"><div class=\"faq__block-title\">FAQ<\/div><div class=\"panel-group\" id=\"faq-accordion\" itemscope itemtype=\"https:\/\/schema.org\/FAQPage\" role=\"tablist\" aria-multiselectable=\"true\"><div class=\"panel\" itemscope itemtype=\"https:\/\/schema.org\/Question\" itemprop=\"mainEntity\">\n                            <div class=\"panel-heading\" id=\"headingFaq-1\">\n                                <div class=\"panel-title\" data-toggle=\"collapse\" aria-expanded=\"false\" href=\"#collapseFaq-1\">\n                                    <h3 itemprop=\"name\">\u00bfC\u00f3mo encontrar sitios web similares en Google?<\/h3>\n                                <\/div>\n                            <\/div>\n                            <div id=\"collapseFaq-1\" class=\"panel-collapse collapse\" itemprop=\"acceptedAnswer\" itemscope itemtype=\"http:\/\/schema.org\/Answer\">\n                                <div class=\"panel-body\" itemprop=\"text\"><\/div>\n                            <\/div>\n                        <\/div><div class=\"panel\" itemscope itemtype=\"https:\/\/schema.org\/Question\" itemprop=\"mainEntity\">\n                            <div class=\"panel-heading\" id=\"headingFaq-2\">\n                                <div class=\"panel-title\" data-toggle=\"collapse\" aria-expanded=\"false\" href=\"#collapseFaq-2\">\n                                    <h3 itemprop=\"name\">\u00bfC\u00f3mo usan extensiones sitios similares?<\/h3>\n                                <\/div>\n                            <\/div>\n                            <div id=\"collapseFaq-2\" class=\"panel-collapse collapse\" itemprop=\"acceptedAnswer\" itemscope itemtype=\"http:\/\/schema.org\/Answer\">\n                                <div class=\"panel-body\" itemprop=\"text\">Cada vez que visita un sitio, puede hacer clic en la pesta\u00f1a de extensi\u00f3n en Chrome para buscar otros sitios relacionados con la b\u00fasqueda que acaba de visitar.<\/div>\n                            <\/div>\n                        <\/div><div class=\"panel\" itemscope itemtype=\"https:\/\/schema.org\/Question\" itemprop=\"mainEntity\">\n                            <div class=\"panel-heading\" id=\"headingFaq-3\">\n                                <div class=\"panel-title\" data-toggle=\"collapse\" aria-expanded=\"false\" href=\"#collapseFaq-3\">\n                                    <h3 itemprop=\"name\">\u00bfQu\u00e9 es una b\u00fasqueda relacionada?<\/h3>\n                                <\/div>\n                            <\/div>\n                            <div id=\"collapseFaq-3\" class=\"panel-collapse collapse\" itemprop=\"acceptedAnswer\" itemscope itemtype=\"http:\/\/schema.org\/Answer\">\n                                <div class=\"panel-body\" itemprop=\"text\">\u00bfConoces esos ocho o m\u00e1s resultados de b\u00fasqueda en la parte inferior de una p\u00e1gina de resultados de b\u00fasqueda de Google? Esas son b\u00fasquedas relacionadas y Google las genera en funci\u00f3n del algoritmo del motor de b\u00fasqueda en un esfuerzo por ayudarlo a encontrar m\u00e1s cosas relacionadas a su b\u00fasqueda.<\/div>\n                            <\/div>\n                        <\/div><div class=\"panel\" itemscope itemtype=\"https:\/\/schema.org\/Question\" itemprop=\"mainEntity\">\n                            <div class=\"panel-heading\" id=\"headingFaq-4\">\n                                <div class=\"panel-title\" data-toggle=\"collapse\" aria-expanded=\"false\" href=\"#collapseFaq-4\">\n                                    <h3 itemprop=\"name\"><\/h3>\n                                <\/div>\n                            <\/div>\n                            <div id=\"collapseFaq-4\" class=\"panel-collapse collapse\" itemprop=\"acceptedAnswer\" itemscope itemtype=\"http:\/\/schema.org\/Answer\">\n                                <div class=\"panel-body\" itemprop=\"text\"><\/div>\n                            <\/div>\n                        <\/div><div class=\"panel\" itemscope itemtype=\"https:\/\/schema.org\/Question\" itemprop=\"mainEntity\">\n                            <div class=\"panel-heading\" id=\"headingFaq-5\">\n                                <div class=\"panel-title\" data-toggle=\"collapse\" aria-expanded=\"false\" href=\"#collapseFaq-5\">\n                                    <h3 itemprop=\"name\"><\/h3>\n                                <\/div>\n                            <\/div>\n                            <div id=\"collapseFaq-5\" class=\"panel-collapse collapse\" itemprop=\"acceptedAnswer\" itemscope itemtype=\"http:\/\/schema.org\/Answer\">\n                                <div class=\"panel-body\" itemprop=\"text\"><\/div>\n                            <\/div>\n                        <\/div><div class=\"panel\" itemscope itemtype=\"https:\/\/schema.org\/Question\" itemprop=\"mainEntity\">\n                            <div class=\"panel-heading\" id=\"headingFaq-6\">\n                                <div class=\"panel-title\" data-toggle=\"collapse\" aria-expanded=\"false\" href=\"#collapseFaq-6\">\n                                    <h3 itemprop=\"name\"><\/h3>\n                                <\/div>\n                            <\/div>\n                            <div id=\"collapseFaq-6\" class=\"panel-collapse collapse\" itemprop=\"acceptedAnswer\" itemscope itemtype=\"http:\/\/schema.org\/Answer\">\n                                <div class=\"panel-body\" itemprop=\"text\"><\/div>\n                            <\/div>\n                        <\/div><div class=\"panel\" itemscope itemtype=\"https:\/\/schema.org\/Question\" itemprop=\"mainEntity\">\n                            <div class=\"panel-heading\" id=\"headingFaq-7\">\n                                <div class=\"panel-title\" data-toggle=\"collapse\" aria-expanded=\"false\" href=\"#collapseFaq-7\">\n                                    <h3 itemprop=\"name\"><\/h3>\n                                <\/div>\n                            <\/div>\n                            <div id=\"collapseFaq-7\" class=\"panel-collapse collapse\" itemprop=\"acceptedAnswer\" itemscope itemtype=\"http:\/\/schema.org\/Answer\">\n                                <div class=\"panel-body\" itemprop=\"text\"><\/div>\n                            <\/div>\n                        <\/div><div class=\"panel\" itemscope itemtype=\"https:\/\/schema.org\/Question\" itemprop=\"mainEntity\">\n                            <div class=\"panel-heading\" id=\"headingFaq-8\">\n                                <div class=\"panel-title\" data-toggle=\"collapse\" aria-expanded=\"false\" href=\"#collapseFaq-8\">\n                                    <h3 itemprop=\"name\"><\/h3>\n                                <\/div>\n                            <\/div>\n                            <div id=\"collapseFaq-8\" class=\"panel-collapse collapse\" itemprop=\"acceptedAnswer\" itemscope itemtype=\"http:\/\/schema.org\/Answer\">\n                                <div class=\"panel-body\" itemprop=\"text\"><\/div>\n                            <\/div>\n                        <\/div><div class=\"panel\" itemscope itemtype=\"https:\/\/schema.org\/Question\" itemprop=\"mainEntity\">\n                            <div class=\"panel-heading\" id=\"headingFaq-9\">\n                                <div class=\"panel-title\" data-toggle=\"collapse\" aria-expanded=\"false\" href=\"#collapseFaq-9\">\n                                    <h3 itemprop=\"name\"><\/h3>\n                                <\/div>\n                            <\/div>\n                            <div id=\"collapseFaq-9\" class=\"panel-collapse collapse\" itemprop=\"acceptedAnswer\" itemscope itemtype=\"http:\/\/schema.org\/Answer\">\n                                <div class=\"panel-body\" itemprop=\"text\"><\/div>\n                            <\/div>\n                        <\/div><div class=\"panel\" itemscope itemtype=\"https:\/\/schema.org\/Question\" itemprop=\"mainEntity\">\n                            <div class=\"panel-heading\" id=\"headingFaq-10\">\n                                <div class=\"panel-title\" data-toggle=\"collapse\" aria-expanded=\"false\" href=\"#collapseFaq-10\">\n                                    <h3 itemprop=\"name\"><\/h3>\n                                <\/div>\n                            <\/div>\n                            <div id=\"collapseFaq-10\" class=\"panel-collapse collapse\" itemprop=\"acceptedAnswer\" itemscope itemtype=\"http:\/\/schema.org\/Answer\">\n                                <div class=\"panel-body\" itemprop=\"text\"><\/div>\n                            <\/div>\n                        <\/div><div class=\"panel\" itemscope itemtype=\"https:\/\/schema.org\/Question\" itemprop=\"mainEntity\">\n                            <div class=\"panel-heading\" id=\"headingFaq-11\">\n                                <div class=\"panel-title\" data-toggle=\"collapse\" aria-expanded=\"false\" href=\"#collapseFaq-11\">\n                                    <h3 itemprop=\"name\"><\/h3>\n                                <\/div>\n                            <\/div>\n                            <div id=\"collapseFaq-11\" class=\"panel-collapse collapse\" itemprop=\"acceptedAnswer\" itemscope itemtype=\"http:\/\/schema.org\/Answer\">\n                                <div class=\"panel-body\" itemprop=\"text\"><\/div>\n                            <\/div>\n                        <\/div><div class=\"panel\" itemscope itemtype=\"https:\/\/schema.org\/Question\" itemprop=\"mainEntity\">\n                            <div class=\"panel-heading\" id=\"headingFaq-12\">\n                                <div class=\"panel-title\" data-toggle=\"collapse\" aria-expanded=\"false\" href=\"#collapseFaq-12\">\n                                    <h3 itemprop=\"name\"><\/h3>\n                                <\/div>\n                            <\/div>\n                            <div id=\"collapseFaq-12\" class=\"panel-collapse collapse\" itemprop=\"acceptedAnswer\" itemscope itemtype=\"http:\/\/schema.org\/Answer\">\n                                <div class=\"panel-body\" itemprop=\"text\"><\/div>\n                            <\/div>\n                        <\/div><div class=\"panel\" itemscope itemtype=\"https:\/\/schema.org\/Question\" itemprop=\"mainEntity\">\n                            <div class=\"panel-heading\" id=\"headingFaq-13\">\n                                <div class=\"panel-title\" data-toggle=\"collapse\" aria-expanded=\"false\" href=\"#collapseFaq-13\">\n                                    <h3 itemprop=\"name\"><\/h3>\n                                <\/div>\n                            <\/div>\n                            <div id=\"collapseFaq-13\" class=\"panel-collapse collapse\" itemprop=\"acceptedAnswer\" itemscope itemtype=\"http:\/\/schema.org\/Answer\">\n                                <div class=\"panel-body\" itemprop=\"text\"><\/div>\n                            <\/div>\n                        <\/div><div class=\"panel\" itemscope itemtype=\"https:\/\/schema.org\/Question\" itemprop=\"mainEntity\">\n                            <div class=\"panel-heading\" id=\"headingFaq-14\">\n                                <div class=\"panel-title\" data-toggle=\"collapse\" aria-expanded=\"false\" href=\"#collapseFaq-14\">\n                                    <h3 itemprop=\"name\"><\/h3>\n                                <\/div>\n                            <\/div>\n                            <div id=\"collapseFaq-14\" class=\"panel-collapse collapse\" itemprop=\"acceptedAnswer\" itemscope itemtype=\"http:\/\/schema.org\/Answer\">\n                                <div class=\"panel-body\" itemprop=\"text\"><\/div>\n                            <\/div>\n                        <\/div><div class=\"panel\" itemscope itemtype=\"https:\/\/schema.org\/Question\" itemprop=\"mainEntity\">\n                            <div class=\"panel-heading\" id=\"headingFaq-15\">\n                                <div class=\"panel-title\" data-toggle=\"collapse\" aria-expanded=\"false\" href=\"#collapseFaq-15\">\n                                    <h3 itemprop=\"name\"><\/h3>\n                                <\/div>\n                            <\/div>\n                            <div id=\"collapseFaq-15\" class=\"panel-collapse collapse\" itemprop=\"acceptedAnswer\" itemscope itemtype=\"http:\/\/schema.org\/Answer\">\n                                <div class=\"panel-body\" itemprop=\"text\"><\/div>\n                            <\/div>\n                        <\/div><\/div><\/div><\/p>","protected":false},"excerpt":{"rendered":"Desea iniciar un sitio y, como parte de la encuesta de mercado, necesita saber qui\u00e9nes son sus competidores. Si esa situaci\u00f3n es similar a la tuya y no tienes idea de c\u00f3mo abordarla, entonces est\u00e1s en el lugar correcto. Puede hacer esto muy f\u00e1cilmente con un buscador de sitios web similar; en este art\u00edculo, le&#8230;","protected":false},"author":10504980,"featured_media":7956,"parent":0,"menu_order":0,"comment_status":"closed","ping_status":"closed","template":"pages-templates\/pages-minitools-2.php","meta":[],"categories":[75],"tags":[],"_links":{"self":[{"href":"https:\/\/sitechecker.pro\/es\/wp-json\/wp\/v2\/pages\/7873"}],"collection":[{"href":"https:\/\/sitechecker.pro\/es\/wp-json\/wp\/v2\/pages"}],"about":[{"href":"https:\/\/sitechecker.pro\/es\/wp-json\/wp\/v2\/types\/page"}],"author":[{"embeddable":true,"href":"https:\/\/sitechecker.pro\/es\/wp-json\/wp\/v2\/users\/10504980"}],"replies":[{"embeddable":true,"href":"https:\/\/sitechecker.pro\/es\/wp-json\/wp\/v2\/comments?post=7873"}],"version-history":[{"count":18,"href":"https:\/\/sitechecker.pro\/es\/wp-json\/wp\/v2\/pages\/7873\/revisions"}],"predecessor-version":[{"id":39391,"href":"https:\/\/sitechecker.pro\/es\/wp-json\/wp\/v2\/pages\/7873\/revisions\/39391"}],"wp:featuredmedia":[{"embeddable":true,"href":"https:\/\/sitechecker.pro\/es\/wp-json\/wp\/v2\/media\/7956"}],"wp:attachment":[{"href":"https:\/\/sitechecker.pro\/es\/wp-json\/wp\/v2\/media?parent=7873"}],"wp:term":[{"taxonomy":"category","embeddable":true,"href":"https:\/\/sitechecker.pro\/es\/wp-json\/wp\/v2\/categories?post=7873"},{"taxonomy":"post_tag","embeddable":true,"href":"https:\/\/sitechecker.pro\/es\/wp-json\/wp\/v2\/tags?post=7873"}],"curies":[{"name":"wp","href":"https:\/\/api.w.org\/{rel}","templated":true}]}}