{"id":7871,"date":"2019-09-05T12:15:59","date_gmt":"2019-09-05T12:15:59","guid":{"rendered":"https:\/\/sitechecker.pro\/?page_id=7871"},"modified":"2024-10-28T16:12:31","modified_gmt":"2024-10-28T16:12:31","slug":"directory-scanner","status":"publish","type":"page","link":"https:\/\/sitechecker.pro\/es\/directory-scanner\/","title":{"rendered":"Esc\u00e1ner de Directorio de Sitios Web | Ver Archivos Ocultos \u1408"},"content":{"rendered":"<p><\/p>\n<h2 id=\"par1\">\u00bfQu\u00e9 es un esc\u00e1ner de directorio de sitios web?<\/h2>\n<p>El esc\u00e1ner gratuito de directorios de sitios web proporcionado por Sitechecker es una herramienta dise\u00f1ada para escanear <a href=\"https:\/\/sitechecker.pro\/what-is-directory-website\/\" target=\"_blank\" rel=\"noopener noreferrer\">directorios de sitios <\/a> y archivos confidenciales. Este proceso es crucial para detectar directorios confidenciales u ocultos en un sitio web. Puede escanear listados de directorios en l\u00ednea y encontrar archivos como PHP, Robots.txt y otra informaci\u00f3n confidencial.<\/p>\n<h3>Beneficios que obtiene al utilizar Website Directory Scanner Online<\/h3>\n<p><strong>Detecci\u00f3n precisa de la jerarqu\u00eda del sitio web: <\/strong>El esc\u00e1ner rastrea el servidor web y ofrece una vista compartimentada de la jerarqu\u00eda de un sitio, segmentando el sitio en secciones manejables para mejorar la supervisi\u00f3n del directorio.<\/p>\n<p><strong>Detecci\u00f3n de deficiencias en directorios: <\/strong>Subdirectory Finder permite a los usuarios descubrir un directorio espec\u00edfico en el sitio e identificar y abordar deficiencias espec\u00edficas dentro de diferentes directorios.<\/p>\n<p><strong>Inspecci\u00f3n personalizada:<\/strong> los usuarios pueden personalizar su an\u00e1lisis con una gama completa de filtros y configuraciones, proporcionando un examen detallado de los elementos estructurales del sitio que se alinean con sus objetivos de SEO.<\/p>\n<h3>Caracter\u00edsticas clave del Buscador de directorios de sitios web<\/h3>\n<ul>\n<li><strong>Panel de control unificado: <\/strong>ofrece una vista completa de m\u00e9tricas de SEO como tr\u00e1fico, palabras clave y v\u00ednculos de retroceso, utilizando datos de Google Search Console y Google Analytics para obtener informaci\u00f3n detallada.<\/li>\n<li><strong>Interfaz f\u00e1cil de usar:<\/strong>Dise\u00f1ada para facilitar su uso, permitiendo una navegaci\u00f3n e interpretaci\u00f3n fluidas de las m\u00e9tricas del sitio web, es adecuada para usuarios de todos los niveles t\u00e9cnicos.<\/li>\n<li><strong>Conjunto completo de herramientas de SEO: <\/strong>Incluye una variedad de herramientas, como el rastreador de sitios web, el monitoreo del sitio, el rastreador de clasificaci\u00f3n y m\u00e1s, para un an\u00e1lisis y optimizaci\u00f3n SEO detallados, integrando datos de varias fuentes para una vista hol\u00edstica. del rendimiento SEO.<\/li>\n<\/ul>\n<h2 id=\"par2\">\u00bfC\u00f3mo utilizar eficazmente el esc\u00e1ner de directorios en l\u00ednea?<\/h2>\n<div class=\"content__img-wrap\"><img src=\"https:\/\/sitechecker.pro\/wp-content\/uploads\/2023\/11\/website-directory-scanner_655e1a56a5d9b.png\" alt=\"Esc\u00e1ner de directorio de sitios web\" class=\"description-img description-img-zoom\" loading=\"lazy\" ><\/div>\n<div class=\"important-block\">Para recibir resultados y acceder a las funciones de Sitechecker durante 14 d\u00edas, comience su prueba GRATUITA. Registrarse es f\u00e1cil con su cuenta de correo electr\u00f3nico, Google o Facebook. No se necesita tarjeta de cr\u00e9dito.<\/div>\n<p>Site Audit proporciona una interfaz integral para evaluar el SEO del sitio, con informaci\u00f3n de dominio de acceso r\u00e1pido, un panel para m\u00e9tricas de SEO, un rastreador de problemas para problemas de SEO, men\u00fas de problemas categorizados para priorizaci\u00f3n y elementos interactivos para an\u00e1lisis e informes en profundidad. Haga clic en el bot\u00f3n &#8220;Ver todas las p\u00e1ginas&#8221; para mostrar una pantalla que enumera todas las carpetas y subcarpetas de su sitio.<\/p>\n<div class=\"content__img-wrap\"><img src=\"https:\/\/sitechecker.pro\/wp-content\/uploads\/2023\/11\/directory-scanner-view-all-pages.png\" alt=\"Esc\u00e1ner de directorio Ver todas las p\u00e1ginas\" class=\"description-img description-img-zoom\" loading=\"lazy\" ><\/div>\n<p>Website Hidden Page Finder est\u00e1 dise\u00f1ado para ser f\u00e1cil de usar, lo que permite tanto a los expertos en SEO como a los principiantes evaluar y mejorar de manera eficiente el potencial de clasificaci\u00f3n de su sitio web en los motores de b\u00fasqueda.<\/p>\n<p>URL Directory Scanner presenta una interfaz optimizada para analizar la estructura de carpetas de un sitio:<\/p>\n<ul>\n<li>Muestra un an\u00e1lisis centrado en carpetas, con \u00e9nfasis en la pesta\u00f1a &#8216;P\u00e1ginas por carpetas&#8217; que clasifica las p\u00e1ginas web seg\u00fan sus rutas de subcarpetas, lo que ayuda a organizar archivos grandes y priorizar los esfuerzos de SEO.<\/li>\n<li>Esta pesta\u00f1a ofrece una vista r\u00e1pida de la arquitectura del sitio, clasifica las p\u00e1ginas en carpetas como &#8216;\/shop\/&#8217; o &#8216;\/cart\/&#8217; y permite a los usuarios identificar y ordenar los problemas por gravedad o tipo. enfatizando as\u00ed la capacidad de la herramienta para analizar y mostrar la estructura del sitio con fines de optimizaci\u00f3n.<\/li>\n<\/ul>\n<div class=\"content__img-wrap\"><img src=\"https:\/\/sitechecker.pro\/wp-content\/uploads\/2023\/11\/pages-by-folder.png\" alt=\"P\u00e1ginas del esc\u00e1ner de directorio por carpeta\" class=\"description-img description-img-zoom\" loading=\"lazy\" ><\/div>\n<p>El Buscador de subcarpetas de sitios web mejora la gesti\u00f3n de SEO al escanear la estructura de carpetas del sitio web, clasificar las listas de carpetas en directorios separados y, opcionalmente, facilitar el an\u00e1lisis de secciones espec\u00edficas del sitio web.<\/p>\n<div class=\"content__img-wrap\"><img src=\"https:\/\/sitechecker.pro\/wp-content\/uploads\/2023\/11\/data-display-options.png\" alt=\"Opciones de visualizaci\u00f3n de datos del esc\u00e1ner de directorio\" class=\"description-img description-img-zoom\" loading=\"lazy\" ><\/div>\n<p>Adem\u00e1s, el esc\u00e1ner de carpetas del sitio web detalla las m\u00e9tricas y los problemas de la p\u00e1gina al tiempo que ofrece opciones de personalizaci\u00f3n para la visualizaci\u00f3n de datos. Esta caracter\u00edstica es crucial para una estructura de archivos del sitio web, una organizaci\u00f3n de proyectos y una optimizaci\u00f3n SEO efectivas.<\/p>\n<h2 id=\"par3\">Idea final<\/h2>\n<p>La herramienta Directory Finder Online de Sitechecker es esencial para el an\u00e1lisis en profundidad de la estructura del sitio y la optimizaci\u00f3n SEO. Destaca por revelar directorios de sitios visibles y ocultos, lo que permite una vista granular de la arquitectura de un sitio. Con caracter\u00edsticas como detecci\u00f3n precisa de jerarqu\u00edas, mejoras de SEO espec\u00edficas de carpetas e inspecciones personalizables, est\u00e1 dirigido tanto a expertos como a principiantes en la mejora del SEO de sitios. La interfaz f\u00e1cil de usar de Website Directory Viewer, combinada con un conjunto completo de herramientas de SEO, lo convierte en un activo valioso para la gesti\u00f3n y optimizaci\u00f3n eficaces del sitio.<\/p>\n<div id=\"par4\"><\/div>\n<p><div class=\"front__faq-block\"><div class=\"faq__block-title\">Preguntas frecuentes<\/div><div class=\"panel-group\" id=\"faq-accordion\" itemscope itemtype=\"https:\/\/schema.org\/FAQPage\" role=\"tablist\" aria-multiselectable=\"true\"><div class=\"panel\" itemscope itemtype=\"https:\/\/schema.org\/Question\" itemprop=\"mainEntity\">\n                            <div class=\"panel-heading\" id=\"headingFaq-1\">\n                                <div class=\"panel-title\" data-toggle=\"collapse\" aria-expanded=\"false\" href=\"#collapseFaq-1\">\n                                    <h3 itemprop=\"name\">\u00bfPuede la herramienta Website Tree Scanner identificar todos los tipos de b\u00fasqueda de archivos ocultos en un sitio web?<\/h3>\n                                <\/div>\n                            <\/div>\n                            <div id=\"collapseFaq-1\" class=\"panel-collapse collapse\" itemprop=\"acceptedAnswer\" itemscope itemtype=\"http:\/\/schema.org\/Answer\">\n                                <div class=\"panel-body\" itemprop=\"text\">El buscador de directorios est\u00e1 dise\u00f1ado para encontrar una variedad de archivos ocultos, incluidos PHP y Robots.txt. Sin embargo, es posible que no detecte todos los tipos de archivos ocultos, seg\u00fan la configuraci\u00f3n y las medidas de seguridad del sitio.<\/div>\n                            <\/div>\n                        <\/div><div class=\"panel\" itemscope itemtype=\"https:\/\/schema.org\/Question\" itemprop=\"mainEntity\">\n                            <div class=\"panel-heading\" id=\"headingFaq-2\">\n                                <div class=\"panel-title\" data-toggle=\"collapse\" aria-expanded=\"false\" href=\"#collapseFaq-2\">\n                                    <h3 itemprop=\"name\">\u00bfQu\u00e9 es un Fuzzer de URL?<\/h3>\n                                <\/div>\n                            <\/div>\n                            <div id=\"collapseFaq-2\" class=\"panel-collapse collapse\" itemprop=\"acceptedAnswer\" itemscope itemtype=\"http:\/\/schema.org\/Answer\">\n                                <div class=\"panel-body\" itemprop=\"text\">Esta es una acci\u00f3n de descubrimiento que le permite descubrir recursos que no deber\u00edan ser p\u00fablicos (por ejemplo, \/backups, \/index.php.old, \/archive.tgz, \/source_code.zip, etc.).<\/div>\n                            <\/div>\n                        <\/div><div class=\"panel\" itemscope itemtype=\"https:\/\/schema.org\/Question\" itemprop=\"mainEntity\">\n                            <div class=\"panel-heading\" id=\"headingFaq-3\">\n                                <div class=\"panel-title\" data-toggle=\"collapse\" aria-expanded=\"false\" href=\"#collapseFaq-3\">\n                                    <h3 itemprop=\"name\">\u00bfEs ilegal la confusi\u00f3n de URL?<\/h3>\n                                <\/div>\n                            <\/div>\n                            <div id=\"collapseFaq-3\" class=\"panel-collapse collapse\" itemprop=\"acceptedAnswer\" itemscope itemtype=\"http:\/\/schema.org\/Answer\">\n                                <div class=\"panel-body\" itemprop=\"text\">Le recomendamos encarecidamente que no ejecute programas de pruebas de penetraci\u00f3n en el sitio de otra persona sin el permiso escrito del webmaster. Podr\u00eda tener consecuencias indeseables para usted, dependiendo de las leyes de ciberseguridad de su pa\u00eds.<\/div>\n                            <\/div>\n                        <\/div><\/div><\/div><\/p>","protected":false},"excerpt":{"rendered":"\u00bfQu\u00e9 es un esc\u00e1ner de directorio de sitios web? El esc\u00e1ner gratuito de directorios de sitios web proporcionado por Sitechecker es una herramienta dise\u00f1ada para escanear directorios de sitios y archivos confidenciales. Este proceso es crucial para detectar directorios confidenciales u ocultos en un sitio web. Puede escanear listados de directorios en l\u00ednea y encontrar&#8230;","protected":false},"author":10504980,"featured_media":8390,"parent":0,"menu_order":0,"comment_status":"closed","ping_status":"closed","template":"pages-templates\/pages-minitools.php","meta":[],"categories":[73],"tags":[],"_links":{"self":[{"href":"https:\/\/sitechecker.pro\/es\/wp-json\/wp\/v2\/pages\/7871"}],"collection":[{"href":"https:\/\/sitechecker.pro\/es\/wp-json\/wp\/v2\/pages"}],"about":[{"href":"https:\/\/sitechecker.pro\/es\/wp-json\/wp\/v2\/types\/page"}],"author":[{"embeddable":true,"href":"https:\/\/sitechecker.pro\/es\/wp-json\/wp\/v2\/users\/10504980"}],"replies":[{"embeddable":true,"href":"https:\/\/sitechecker.pro\/es\/wp-json\/wp\/v2\/comments?post=7871"}],"version-history":[{"count":97,"href":"https:\/\/sitechecker.pro\/es\/wp-json\/wp\/v2\/pages\/7871\/revisions"}],"predecessor-version":[{"id":33994,"href":"https:\/\/sitechecker.pro\/es\/wp-json\/wp\/v2\/pages\/7871\/revisions\/33994"}],"wp:featuredmedia":[{"embeddable":true,"href":"https:\/\/sitechecker.pro\/es\/wp-json\/wp\/v2\/media\/8390"}],"wp:attachment":[{"href":"https:\/\/sitechecker.pro\/es\/wp-json\/wp\/v2\/media?parent=7871"}],"wp:term":[{"taxonomy":"category","embeddable":true,"href":"https:\/\/sitechecker.pro\/es\/wp-json\/wp\/v2\/categories?post=7871"},{"taxonomy":"post_tag","embeddable":true,"href":"https:\/\/sitechecker.pro\/es\/wp-json\/wp\/v2\/tags?post=7871"}],"curies":[{"name":"wp","href":"https:\/\/api.w.org\/{rel}","templated":true}]}}