{"id":7847,"date":"2020-07-17T11:26:36","date_gmt":"2020-07-17T09:26:36","guid":{"rendered":"https:\/\/sitechecker.pro\/?page_id=7847"},"modified":"2025-02-13T12:28:20","modified_gmt":"2025-02-13T12:28:20","slug":"hosting-checker","status":"publish","type":"page","link":"https:\/\/sitechecker.pro\/es\/hosting-checker\/","title":{"rendered":"Saber hosting de una web: qui\u00e9n la aloja y d\u00f3nde est\u00e1 \u1408"},"content":{"rendered":"<p><\/p>\n<h2 id=\"par1\">\u00bfQu\u00e9 es una herramienta de comprobaci\u00f3n de alojamiento web?<\/h2>\n<p>Un verificador de alojamiento web es un servicio en l\u00ednea que le permite averiguar qu\u00e9 <a href=\"https:\/\/sitechecker.pro\/what-is-host\/\" rel=\"noopener noreferrer\" target=\"_blank\">empresa de alojamiento web<\/a> es una <a href=\"https:\/\/sitechecker.pro\/what-is-host\/\" rel=\"noopener noreferrer\" target=\"_blank\">empresa de alojamiento web<\/a> de un sitio web en particular. \u00bfPor qu\u00e9 necesita esta informaci\u00f3n?<\/p>\n<ul>\n<li>para entender qu\u00e9 empresa de alojamiento web utilizan sus competidores,<\/li>\n<li>comprobar la informaci\u00f3n t\u00e9cnica de contacto para realizar evaluaciones de seguridad,<\/li>\n<li>o simplemente satisfacer su curiosidad sobre la infraestructura del sitio web.<\/li>\n<\/ul>\n<h3>As\u00ed es como ayuda un comprobador de hosting:<\/h3>\n<ul>\n<li><strong>Compruebe el proveedor de alojamiento web. <\/strong>Esto puede resultar \u00fatil si desea comprar un sitio web o intentar localizar al propietario del sitio web.<\/li>\n<li><strong>Compruebe los servidores de nombres: <\/strong>Los servidores de nombres traducen el nombre de dominio de Internet de un sitio web a su direcci\u00f3n IP. Al consultar los servidores de nombres, puede ver d\u00f3nde est\u00e1 alojado el sitio web y qui\u00e9n es el responsable de \u00e9l.<\/li>\n<li><strong>Compruebe el servidor web: <\/strong>el servidor web almacena y entrega los archivos de un sitio web a los visitantes. Al marcarlo, podr\u00e1s ver qu\u00e9 tipo de servidor web se est\u00e1 utilizando y su versi\u00f3n.<\/li>\n<li><strong>Compruebe el proveedor de DNS:<\/strong> el proveedor de DNS convierte el nombre de dominio de un sitio web en su direcci\u00f3n IP que las m\u00e1quinas entienden. Al consultar el proveedor de DNS, podr\u00e1 ver d\u00f3nde est\u00e1 alojado el sitio web y qui\u00e9n es el responsable del mismo.<\/li>\n<li><strong>Compruebe la direcci\u00f3n IP: <\/strong>La direcci\u00f3n IP es un identificador \u00fanico para una computadora en la World Wide Web. Al comprobar la direcci\u00f3n IP, podr\u00e1 ver d\u00f3nde est\u00e1 alojado el sitio web y qui\u00e9n es el responsable del mismo.<\/li>\n<li><strong>Compruebe el pa\u00eds, la regi\u00f3n y la ciudad donde est\u00e1 alojado el sitio web. <\/strong>Esto puede resultar \u00fatil si desea saber d\u00f3nde se encuentra el registro de dominio.<\/li>\n<li><strong>Comprueba la antig\u00fcedad del dominio. <\/strong>Esto puede resultar \u00fatil si intenta averiguar cu\u00e1nto tiempo lleva activo el sitio web.<\/li>\n<\/ul>\n<h3>Caracter\u00edsticas principales de la herramienta de comprobaci\u00f3n de alojamiento de sitios web<\/h3>\n<p><strong>Un panel de control unificado: <\/strong>El panel de control unificado proporciona un \u00fanico lugar para ver toda la informaci\u00f3n de su sitio web.<\/p>\n<p><strong>Una interfaz f\u00e1cil de usar: <\/strong>La interfaz f\u00e1cil de usar facilita el uso de la herramienta, incluso si no eres un experto t\u00e9cnico.<\/p>\n<p><strong>Un completo conjunto de herramientas SEO: <\/strong>El comprobador incluye un completo conjunto de herramientas SEO. Le ayuda a mejorar el posicionamiento de su sitio web en las p\u00e1ginas de resultados de los motores de b\u00fasqueda (SERPs).<\/p>\n<h2 id=\"par2\">Uso de la herramienta de comprobaci\u00f3n de alojamiento web gratuita<\/h2>\n<p>Nuestra herramienta gratuita en l\u00ednea puede comprobar el alojamiento web de sus competidores, as\u00ed como obtener informaci\u00f3n completa sobre su sitio web.<\/p>\n<p>S\u00f3lo tiene que elegir la opci\u00f3n que necesite, &#8220;Comprobar su competidor&#8221; o &#8220;Comprobar su dominio&#8221;, y comprobar el proveedor de alojamiento.<\/p>\n<div class=\"content__img-wrap\"><img src=\"https:\/\/sitechecker.pro\/wp-content\/uploads\/2023\/11\/website-hosting-checker.png\" alt=\"Comprobador de alojamiento web\" class=\"description-img description-img-zoom\" loading=\"lazy\" ><\/div>\n<h2 id=\"par3\">Comprobaci\u00f3n del sitio web de la competencia<\/h2>\n<h3>Paso 1: Inserte su dominio<\/h3>\n<p>Para empezar, haz clic en el bot\u00f3n &#8220;Comprueba tu competidor&#8221; y pega el dominio del sitio web que quieres analizar para obtener los datos de su proveedor de alojamiento web. Una vez hecho esto, pulsa el bot\u00f3n con la flecha para iniciar el an\u00e1lisis. Por ejemplo, en el siguiente ejemplo, escanearemos <a href=\"https:\/\/sitechecker.pro\/\" rel=\"noopener noreferrer\" target=\"_blank\">SiteChecker<\/a>.<\/p>\n<div class=\"content__img-wrap\"><img src=\"https:\/\/sitechecker.pro\/wp-content\/uploads\/2023\/11\/hosting-checker-competitor-check.png\" alt=\"Hosting Checker Competitor Check\" class=\"description-img description-img-zoom\" loading=\"lazy\" ><\/div>\n<h3>Paso 2: Interpretar los resultados<\/h3>\n<p>En unos instantes, obtendr\u00e1s el informe con la siguiente informaci\u00f3n.<\/p>\n<div class=\"content__img-wrap\"><img src=\"https:\/\/sitechecker.pro\/wp-content\/uploads\/2023\/11\/hosting-checker-results.png\" alt=\"Resultados Hosting Checker\" class=\"description-img description-img-zoom\" loading=\"lazy\" ><\/div>\n<h3>\u00bfQui\u00e9n aloja el sitio?<\/h3>\n<p>La primera pesta\u00f1a de nuestro buscador de alojamiento web le ayuda a averiguar qui\u00e9n aloja un sitio web. Puedes ver el nombre de la empresa de alojamiento web en la primera fila.<\/p>\n<p>El nombre del <strong>proveedor DNS<\/strong> aparece al final. La pesta\u00f1a tambi\u00e9n incluye informaci\u00f3n sobre un servidor de nombres y un servidor web. Veamos por qu\u00e9 estos dos son importantes.<\/p>\n<p><strong>Los servidores de nombres<\/strong> son una parte fundamental del DNS (Sistema de Nombres de Dominio). Procesan consultas sobre la ubicaci\u00f3n de los servicios de un nombre de dominio. Los servidores de nombres nos permiten escribir dominios en lugar de direcciones IP.<\/p>\n<p>Un <strong>servidor web<\/strong> es un software servidor que satisface las peticiones de los usuarios en Internet. Procesa esas peticiones a trav\u00e9s de HTTP y otros protocolos. Su funci\u00f3n principal es almacenar, gestionar y entregar p\u00e1ginas web a un cliente.<\/p>\n<h3>\u00bfD\u00f3nde est\u00e1 alojado este sitio?<\/h3>\n<p>En esta secci\u00f3n, averiguar\u00e1 en qu\u00e9 servidor se ejecuta un sitio web, su direcci\u00f3n IP, la ubicaci\u00f3n del servidor web del sitio (pa\u00eds, ciudad y regi\u00f3n) y el nombre de la organizaci\u00f3n que lo gestiona.<\/p>\n<p>Tal vez se pregunte por qu\u00e9 la ubicaci\u00f3n del servidor figura en el informe de la herramienta de b\u00fasqueda de host. La proximidad del servidor web influye en la velocidad de carga. Cuanto m\u00e1s cerca est\u00e9 el servidor web del p\u00fablico objetivo, m\u00e1s r\u00e1pido se transferir\u00e1n los datos. Algunos proveedores de alojamiento web incluso cobran un extra por elegir una ubicaci\u00f3n espec\u00edfica del servidor web. Para comprobar d\u00f3nde se encuentra una direcci\u00f3n IP espec\u00edfica, prueba nuestro <a href=\"https:\/\/sitechecker.pro\/domain-to-ip\/\" target=\"_blank\" rel=\"noopener noreferrer\">Comprobador de IP<\/a>.<\/p>\n<div class=\"content__img-wrap\"><img src=\"https:\/\/sitechecker.pro\/wp-content\/uploads\/2023\/11\/where-is-site-hosted.png\" alt=\"D\u00f3nde est\u00e1 alojado el sitio web\" class=\"description-img description-img-zoom\" loading=\"lazy\" ><\/div>\n<h3>Alternativas de proveedores de alojamiento<\/h3>\n<p>En la parte derecha de la p\u00e1gina de resultados, puede encontrar una lista completa de proveedores. Incluye cinco alternativas cuidadosamente seleccionadas con informaci\u00f3n pertinente sobre el precio y las garant\u00edas de devoluci\u00f3n del dinero. Cada entrada tiene enlaces a la rese\u00f1a y a la p\u00e1gina del proveedor calificado, para que pueda obtener m\u00e1s detalles antes de tomar una decisi\u00f3n.<\/p>\n<div class=\"content__img-wrap\"><img src=\"https:\/\/sitechecker.pro\/wp-content\/uploads\/2023\/11\/hosting-provider-alternatives.png\" alt=\"Proveedores de alojamiento alternativos\" class=\"description-img description-img-zoom\" loading=\"lazy\" ><\/div>\n<p>Si quieres guardar el contenido de cualquier pesta\u00f1a de nuestro comprobador de proveedores de alojamiento, puedes hacerlo con un solo clic. C\u00f3pialo en el portapapeles para pegarlo en otro sitio, desc\u00e1rgalo como archivo PDF o comp\u00e1rtelo en las redes sociales.<\/p>\n<div class=\"content__img-wrap\"><img src=\"https:\/\/sitechecker.pro\/wp-content\/uploads\/2023\/11\/hosting-check-download-results.png\" alt=\"Resultados de la descarga del comprobador de alojamiento\" class=\"description-img description-img-zoom\" loading=\"lazy\" ><\/div>\n<h2 id=\"par4\">Compruebe el alojamiento como un propietario de sitio web<\/h2>\n<h3>Paso 1: Inserte su dominio<\/h3>\n<div class=\"content__img-wrap\"><img src=\"https:\/\/sitechecker.pro\/wp-content\/uploads\/2023\/11\/hosting-checker-domain-check.png\" alt=\"Comprobador de Hosting Comprobar Dominio\" class=\"description-img description-img-zoom\" loading=\"lazy\" ><\/div>\n<div class=\"important-block\">Para recibir los resultados y el acceso a Sitechecker&apos;s caracter\u00edsticas durante 14 d\u00edas, inicie su prueba gratuita. Registrarse es f\u00e1cil con su correo electr\u00f3nico, Google, o cuenta de Facebook. No se necesita tarjeta de cr\u00e9dito.<\/div>\n<p>Para empezar, haz clic en el bot\u00f3n &#8220;Comprueba tu dominio&#8221; e introduce el nombre de dominio del sitio web que deseas analizar en el campo correspondiente. Una vez completado este paso, puedes iniciar sesi\u00f3n con tu cuenta de Meta o Google para mayor comodidad.<\/p>\n<h3>Paso 2: Entender los resultados del Buscador de Alojamiento<\/h3>\n<p>Obtendr\u00e1s datos sobre la antig\u00fcedad del dominio, incluyendo la fecha de creaci\u00f3n. Tambi\u00e9n te proporciona informaci\u00f3n sobre el sitio web, como el propietario del dominio y la organizaci\u00f3n administradora.<\/p>\n<div class=\"content__img-wrap\"><img src=\"https:\/\/sitechecker.pro\/wp-content\/uploads\/2023\/11\/domain-info.png\" alt=\"Informaci\u00f3n del dominio\" class=\"description-img description-img-zoom\" loading=\"lazy\" ><\/div>\n<p>Aqu\u00ed est\u00e1 el v\u00eddeo con instrucciones detalladas sobre c\u00f3mo utilizar la herramienta de b\u00fasqueda de host de sitios web:<\/p>\n<p><iframe width=\"700\" height=\"350\" src=\"https:\/\/www.youtube.com\/embed\/YMDmq4XAl4M?si=V0fpmJaIvX-5sGAH&amp;start=79\" title=\"YouTube video player\" frameborder=\"0\" allow=\"accelerometer; autoplay; clipboard-write; encrypted-media; gyroscope; picture-in-picture; web-share\" allowfullscreen><\/iframe><\/p>\n<h2 id=\"par5\">Caracter\u00edsticas adicionales<\/h2>\n<p>Puede comprobar esta informaci\u00f3n del sitio en cualquier momento en la p\u00e1gina de auditor\u00eda del sitio. Adem\u00e1s, como hemos rastreado su sitio web para obtener los datos, le ofrecemos consultar la auditor\u00eda SEO completa preparada para su sitio web.<\/p>\n<p>Despu\u00e9s de decidirte por un host, es importante evaluar la calidad del rendimiento del sitio. Adem\u00e1s, puede controlar el estado de su sitio web recibiendo una notificaci\u00f3n en cuanto deje de estar disponible. Para ello, utilice herramientas de verificaci\u00f3n como <a href=\"https:\/\/sitechecker.pro\/speed-test\/\" target=\"_blank\" rel=\"noopener noreferrer\">Prueba de velocidad del sitio web<\/a> y <a href=\"https:\/\/sitechecker.pro\/website-down\/\" target=\"_blank\" rel=\"noopener noreferrer\">herramienta de ca\u00edda del sitio web<\/a>. Utiliz\u00e1ndola junto con nuestro comprobador de alojamiento web, puede hacerse una idea de la velocidad media de carga de algunos proveedores. Adem\u00e1s, puede monitorizar el estado de su sitio web, recibiendo notificaciones tan pronto como se vuelva inaccesible.<\/p>\n<div class=\"content__img-wrap\"><img src=\"https:\/\/sitechecker.pro\/wp-content\/uploads\/2023\/11\/additional-features.png\" alt=\"Caracter\u00edsticas Adicionales\" class=\"description-img description-img-zoom\" loading=\"lazy\" ><\/div>\n<p>Si est\u00e1 buscando nombres de dominio para su negocio online, utilice nuestro <a href=\"https:\/\/sitechecker.pro\/domain-availability\/\" target=\"_blank\" rel=\"noopener noreferrer\">Comprobador de disponibilidad de dominios<\/a>.<\/p>\n<h3>C\u00f3mo elegir la mejor empresa de alojamiento web para su sitio web<\/h3>\n<p>Nuestro comprobador de proveedores de alojamiento web puede ayudarle a encontrar algunas opciones para su sitio web. Las ofertas incluyen numerosos servicios web. Las <a href=\"https:\/\/sitechecker.pro\/web-hosting\/\" target=\"_blank\" rel=\"noopener noreferrer\">mejores empresas de alojamiento web<\/a> tienen pocos problemas con el tiempo de actividad y garantizan una carga r\u00e1pida de las p\u00e1ginas. Adem\u00e1s, ofrecen un servicio de atenci\u00f3n al cliente 24 horas al d\u00eda, 7 d\u00edas a la semana, que resuelve eficazmente cualquier problema. Y todo esto a un precio relativamente razonable.<\/p>\n<h2 id=\"par6\">Idea final<\/h2>\n<p>A Website Hosting Checker Tool es una herramienta en l\u00ednea que ayuda a identificar el proveedor, servidores de nombres, servidor web, proveedor de DNS, y la direcci\u00f3n IP de un sitio web. Es \u00fatil para el an\u00e1lisis de la competencia, evaluaciones de seguridad, o la curiosidad general. Entre sus principales caracter\u00edsticas se incluyen un panel de control unificado, una interfaz f\u00e1cil de usar y un completo conjunto de herramientas SEO. El uso es sencillo: introduce un dominio para comprobar el alojamiento de la competencia o el tuyo propio, con resultados que detallan datos y alternativas. Otras funciones son las auditor\u00edas SEO, las pruebas de velocidad y la supervisi\u00f3n del estado. Para encontrar un proveedor de alojamiento, tambi\u00e9n puedes buscar en los registros de facturaci\u00f3n. Adem\u00e1s, el detector de alojamiento ayuda a elegir las mejores empresas de alojamiento web ofreciendo art\u00edculos de investigaci\u00f3n sobre diversos servicios.<\/p>\n<div id=\"par7\"><\/div>\n<p><div class=\"front__faq-block\"><div class=\"faq__block-title\">FAQ<\/div><div class=\"panel-group\" id=\"faq-accordion\" itemscope itemtype=\"https:\/\/schema.org\/FAQPage\" role=\"tablist\" aria-multiselectable=\"true\"><div class=\"panel\" itemscope itemtype=\"https:\/\/schema.org\/Question\" itemprop=\"mainEntity\">\n                            <div class=\"panel-heading\" id=\"headingFaq-1\">\n                                <div class=\"panel-title\" data-toggle=\"collapse\" aria-expanded=\"false\" href=\"#collapseFaq-1\">\n                                    <h3 itemprop=\"name\">\u00bfC\u00f3mo puedo saber qui\u00e9n aloja un sitio web?<\/h3>\n                                <\/div>\n                            <\/div>\n                            <div id=\"collapseFaq-1\" class=\"panel-collapse collapse\" itemprop=\"acceptedAnswer\" itemscope itemtype=\"http:\/\/schema.org\/Answer\">\n                                <div class=\"panel-body\" itemprop=\"text\">Para saber qui\u00e9n aloja un sitio web, primero debes identificar al propietario del dominio. Puedes utilizar nuestra herramienta para comprobar qui\u00e9n es el propietario de un dominio espec\u00edfico.<\/div>\n                            <\/div>\n                        <\/div><div class=\"panel\" itemscope itemtype=\"https:\/\/schema.org\/Question\" itemprop=\"mainEntity\">\n                            <div class=\"panel-heading\" id=\"headingFaq-2\">\n                                <div class=\"panel-title\" data-toggle=\"collapse\" aria-expanded=\"false\" href=\"#collapseFaq-2\">\n                                    <h3 itemprop=\"name\">\u00bfC\u00f3mo puedo encontrar los detalles de un sitio web?<\/h3>\n                                <\/div>\n                            <\/div>\n                            <div id=\"collapseFaq-2\" class=\"panel-collapse collapse\" itemprop=\"acceptedAnswer\" itemscope itemtype=\"http:\/\/schema.org\/Answer\">\n                                <div class=\"panel-body\" itemprop=\"text\">La herramienta de comprobaci\u00f3n del proveedor de alojamiento te permite comprobar los datos del sitio web: ID del dominio de registro, fecha de creaci\u00f3n, organizaci\u00f3n administradora y otros.<\/div>\n                            <\/div>\n                        <\/div><div class=\"panel\" itemscope itemtype=\"https:\/\/schema.org\/Question\" itemprop=\"mainEntity\">\n                            <div class=\"panel-heading\" id=\"headingFaq-3\">\n                                <div class=\"panel-title\" data-toggle=\"collapse\" aria-expanded=\"false\" href=\"#collapseFaq-3\">\n                                    <h3 itemprop=\"name\">\u00bfC\u00f3mo se averigua qui\u00e9n aloja un sitio WordPress?<\/h3>\n                                <\/div>\n                            <\/div>\n                            <div id=\"collapseFaq-3\" class=\"panel-collapse collapse\" itemprop=\"acceptedAnswer\" itemscope itemtype=\"http:\/\/schema.org\/Answer\">\n                                <div class=\"panel-body\" itemprop=\"text\">Dado que WordPress es otra opci\u00f3n para crear sitios, nuestro buscador de hosts permite comprobar tambi\u00e9n el host del sitio web.<\/div>\n                            <\/div>\n                        <\/div><div class=\"panel\" itemscope itemtype=\"https:\/\/schema.org\/Question\" itemprop=\"mainEntity\">\n                            <div class=\"panel-heading\" id=\"headingFaq-4\">\n                                <div class=\"panel-title\" data-toggle=\"collapse\" aria-expanded=\"false\" href=\"#collapseFaq-4\">\n                                    <h3 itemprop=\"name\">\u00bfSe puede rastrear al propietario del sitio web?<\/h3>\n                                <\/div>\n                            <\/div>\n                            <div id=\"collapseFaq-4\" class=\"panel-collapse collapse\" itemprop=\"acceptedAnswer\" itemscope itemtype=\"http:\/\/schema.org\/Answer\">\n                                <div class=\"panel-body\" itemprop=\"text\">\u00a1Claro! Comprobar el sitio web a trav\u00e9s de Hosting Checker le permite encontrar los proveedores de alojamiento web y el propietario del sitio web.<\/div>\n                            <\/div>\n                        <\/div><\/div><\/div><\/p>","protected":false},"excerpt":{"rendered":"\u00bfQu\u00e9 es una herramienta de comprobaci\u00f3n de alojamiento web? Un verificador de alojamiento web es un servicio en l\u00ednea que le permite averiguar qu\u00e9 empresa de alojamiento web es una empresa de alojamiento web de un sitio web en particular. \u00bfPor qu\u00e9 necesita esta informaci\u00f3n? para entender qu\u00e9 empresa de alojamiento web utilizan sus competidores,&#8230;","protected":false},"author":10409641,"featured_media":7901,"parent":0,"menu_order":0,"comment_status":"closed","ping_status":"closed","template":"pages-templates\/pages-minitools-3.php","meta":[],"categories":[73],"tags":[],"_links":{"self":[{"href":"https:\/\/sitechecker.pro\/es\/wp-json\/wp\/v2\/pages\/7847"}],"collection":[{"href":"https:\/\/sitechecker.pro\/es\/wp-json\/wp\/v2\/pages"}],"about":[{"href":"https:\/\/sitechecker.pro\/es\/wp-json\/wp\/v2\/types\/page"}],"author":[{"embeddable":true,"href":"https:\/\/sitechecker.pro\/es\/wp-json\/wp\/v2\/users\/10409641"}],"replies":[{"embeddable":true,"href":"https:\/\/sitechecker.pro\/es\/wp-json\/wp\/v2\/comments?post=7847"}],"version-history":[{"count":94,"href":"https:\/\/sitechecker.pro\/es\/wp-json\/wp\/v2\/pages\/7847\/revisions"}],"predecessor-version":[{"id":35469,"href":"https:\/\/sitechecker.pro\/es\/wp-json\/wp\/v2\/pages\/7847\/revisions\/35469"}],"wp:featuredmedia":[{"embeddable":true,"href":"https:\/\/sitechecker.pro\/es\/wp-json\/wp\/v2\/media\/7901"}],"wp:attachment":[{"href":"https:\/\/sitechecker.pro\/es\/wp-json\/wp\/v2\/media?parent=7847"}],"wp:term":[{"taxonomy":"category","embeddable":true,"href":"https:\/\/sitechecker.pro\/es\/wp-json\/wp\/v2\/categories?post=7847"},{"taxonomy":"post_tag","embeddable":true,"href":"https:\/\/sitechecker.pro\/es\/wp-json\/wp\/v2\/tags?post=7847"}],"curies":[{"name":"wp","href":"https:\/\/api.w.org\/{rel}","templated":true}]}}