{"id":7844,"date":"2024-02-16T11:17:04","date_gmt":"2024-02-16T11:17:04","guid":{"rendered":"https:\/\/sitechecker.pro\/?page_id=7844"},"modified":"2026-01-16T18:54:47","modified_gmt":"2026-01-16T18:54:47","slug":"domain-to-ip","status":"publish","type":"page","link":"https:\/\/sitechecker.pro\/es\/domain-to-ip\/","title":{"rendered":"Convertidor de dominio a IP | Convertir la URL del sitio web en direcci\u00f3n IP \u2611"},"content":{"rendered":"<p><\/p>\n<h2 id=\"par1\">\u00bfQu\u00e9 es el convertidor de nombre de dominio a direcci\u00f3n IP?<\/h2>\n<p>El Convertidor de URL a Direcci\u00f3n IP de <a href=\"https:\/\/sitechecker.pro\/\" target=\"_blank\" rel=\"noopener noreferrer\">Sitechecker<\/a> es una herramienta que identifica la direcci\u00f3n IP de cualquier nombre de dominio. Al introducir una URL de dominio, la herramienta resuelve su IP de alojamiento, lo que te ayuda a entender d\u00f3nde est\u00e1 alojado el sitio web, c\u00f3mo est\u00e1 configurado y permite realizar comprobaciones t\u00e9cnicas y de seguridad m\u00e1s profundas.<\/p>\n<h3>C\u00f3mo puede ayudarte la herramienta<\/h3>\n<p><strong>Conversi\u00f3n de dominio a IP: <\/strong>resuelve instant\u00e1neamente la direcci\u00f3n IP asociada a cualquier dominio para mostrar d\u00f3nde est\u00e1 alojado el sitio.<\/p>\n<p><strong>Confirmaci\u00f3n de propiedad del sitio: <\/strong>ayuda a verificar si el sitio web te pertenece y te gu\u00eda al flujo correcto: datos detallados del dominio para tu propio sitio o un informe de seguridad para sitios externos.<\/p>\n<p><strong>Comprobaci\u00f3n de seguridad b\u00e1sica y configuraci\u00f3n del servidor: <\/strong>identifica problemas en la configuraci\u00f3n del servidor, posibles vulnerabilidades y proporciona acceso a un <a href=\"https:\/\/sitechecker.pro\/website-safety\/\" target=\"_blank\" rel=\"noopener noreferrer\">an\u00e1lisis de seguridad<\/a> m\u00e1s profundo.<\/p>\n<h3>Caracter\u00edsticas clave de la herramienta<\/h3>\n<p><strong>Panel unificado: <\/strong>ofrece un panel centralizado que proporciona una visi\u00f3n completa del rendimiento SEO de tu sitio web. Este panel agrupa datos de varios an\u00e1lisis y del <a href=\"https:\/\/sitechecker.pro\/website-monitoring\/\" target=\"_blank\" rel=\"noopener noreferrer\">monitoreo SEO<\/a>, present\u00e1ndolos de forma clara y f\u00e1cil de entender.<\/p>\n<p><strong>Interfaz f\u00e1cil de usar: <\/strong>dise\u00f1ada pensando en la experiencia del usuario, con una interfaz intuitiva que hace que la navegaci\u00f3n y el uso sean sencillos.<\/p>\n<p><strong>Conjunto completo de herramientas SEO: <\/strong>proporciona una suite completa de herramientas SEO que cubren todos los aspectos de la optimizaci\u00f3n de sitios web.<\/p>\n<h2 id=\"par2\">C\u00f3mo usar la herramienta<\/h2>\n<p>Una vez que est\u00e9s en la p\u00e1gina del Website IP Checker, ver\u00e1s un campo donde puedes introducir el nombre de dominio que deseas convertir. Escribe el nombre de dominio en ese campo.<\/p>\n<p>Despu\u00e9s de introducir el nombre de dominio, haz clic en \u201cFind IP\u201d.<\/p>\n<div class=\"content__img-wrap\"><img src=\"https:\/\/sitechecker.pro\/wp-content\/uploads\/2025\/12\/domain-to-ip-converter.png\" alt=\"Domain Name to IP Address converter\" class=\"description-img description-img-zoom\" loading=\"lazy\" ><\/div>\n<p>Luego se te preguntar\u00e1 si el sitio web te pertenece o no. Elige \u201cYes, it\u2019s mine\u201d si deseas un an\u00e1lisis de seguridad completo y una auditor\u00eda del sitio, o selecciona \u201cNo, it\u2019s not\u201d para ver el informe de un sitio web externo.<\/p>\n<div class=\"content__img-wrap\"><img src=\"https:\/\/sitechecker.pro\/wp-content\/uploads\/2025\/12\/is-it-your-own-site.png\" alt=\"Is it your own website?\" class=\"description-img description-img-zoom\" loading=\"lazy\" ><\/div>\n<h2 id=\"par3\">Convertidor de dominio a IP de tu propio sitio<\/h2>\n<h3>Paso 1: Elige la inspecci\u00f3n de tu propio sitio web<\/h3>\n<div class=\"content__img-wrap\"><img src=\"https:\/\/sitechecker.pro\/wp-content\/uploads\/2025\/12\/my-site.png\" alt=\"It is my own website\" class=\"description-img description-img-zoom\" loading=\"lazy\" ><\/div>\n<h3>Paso 2: Obtener los resultados<\/h3>\n<p>Despu\u00e9s de seleccionar que el sitio web te pertenece, ser\u00e1s dirigido a la vista de Informaci\u00f3n del Dominio dentro de tu primer proyecto. All\u00ed ver\u00e1s datos detallados de alojamiento, incluyendo la direcci\u00f3n IP del sitio web, la ubicaci\u00f3n del servidor, el pa\u00eds, la organizaci\u00f3n y otros par\u00e1metros t\u00e9cnicos a nivel de dominio.<\/p>\n<p>Esta informaci\u00f3n te ayuda a entender d\u00f3nde est\u00e1 alojado tu sitio y c\u00f3mo est\u00e1 configurada su infraestructura.<\/p>\n<div class=\"content__img-wrap\"><img src=\"https:\/\/sitechecker.pro\/wp-content\/uploads\/2025\/12\/where-is-site-hosted-ip-adress.png\" alt=\"Where is site hosted, IP adress\" class=\"description-img description-img-zoom\" loading=\"lazy\" ><\/div>\n<div class=\"important-block\">Para recibir los resultados y acceder a las funciones de Sitechecker durante 14 d\u00edas, inicia tu prueba GRATUITA. El registro es sencillo con tu correo electr\u00f3nico, Google o Facebook. No se requiere tarjeta de cr\u00e9dito.<\/div>\n<h3>Funciones adicionales de la comprobaci\u00f3n dominio a IP<\/h3>\n<p>Adem\u00e1s de identificar la direcci\u00f3n IP y la ubicaci\u00f3n de alojamiento del sitio web, la herramienta proporciona acceso a una visi\u00f3n general completa de los problemas de seguridad dentro del m\u00f3dulo Site Audit. Esta secci\u00f3n destaca vulnerabilidades relacionadas con HTTPS, la configuraci\u00f3n del servidor, contenido mixto, protecci\u00f3n contra XSS y clickjacking, validez del SSL y otros factores que pueden exponer tu sitio web a riesgos.<\/p>\n<div class=\"content__img-wrap\"><img src=\"https:\/\/sitechecker.pro\/wp-content\/uploads\/2025\/12\/site-audit-security-issues.png\" alt=\"Site audit security issues\" class=\"description-img description-img-zoom\" loading=\"lazy\" ><\/div>\n<p>Puedes revisar cada problema en detalle, entender su impacto y obtener recomendaciones sobre c\u00f3mo solucionarlo para mantener tu sitio web seguro y conforme.<\/p>\n<h2 id=\"par4\">Convertidor de dominio a IP de otro sitio<\/h2>\n<h3>Paso 1: Selecciona que est\u00e1s comprobando el sitio web de otra persona<\/h3>\n<div class=\"content__img-wrap\"><img src=\"https:\/\/sitechecker.pro\/wp-content\/uploads\/2025\/12\/not-my-site.png\" alt=\"It is not my own website?\" class=\"description-img description-img-zoom\" loading=\"lazy\" ><\/div>\n<h3>Paso 2: Obtener los resultados<\/h3>\n<p>Ser\u00e1s redirigido al Informe de Seguridad del Sitio Web para el dominio que est\u00e1s comprobando. El informe muestra la direcci\u00f3n IP del sitio web, la ubicaci\u00f3n del servidor (incluyendo pa\u00eds, regi\u00f3n y ciudad) y la <a href=\"https:\/\/sitechecker.pro\/hosting-checker\/\" target=\"_blank\" rel=\"noopener noreferrer\">organizaci\u00f3n de hosting<\/a>.<\/p>\n<div class=\"content__img-wrap\"><img src=\"https:\/\/sitechecker.pro\/wp-content\/uploads\/2025\/12\/website-safety-report-ip-adress.png\" alt=\"Website safety report, IP adress\" class=\"description-img description-img-zoom\" loading=\"lazy\" ><\/div>\n<p>Reg\u00edstrate para recibir los hallazgos de seguridad, incluyendo <a href=\"https:\/\/sitechecker.pro\/site-audit-issues\/https-http-mixed-content\/\" target=\"_blank\" rel=\"noopener noreferrer\">contenido mixto<\/a>, enlaces HTTP o la ausencia de <a href=\"https:\/\/sitechecker.pro\/http-header-checker\/\" target=\"_blank\" rel=\"noopener noreferrer\">encabezados de protecci\u00f3n<\/a>.<\/p>\n<h2 id=\"par5\">Idea final<\/h2>\n<p>El Convertidor de Dominio a IP es una herramienta sencilla pero potente para descubrir d\u00f3nde est\u00e1 alojado cualquier sitio web y c\u00f3mo est\u00e1 configurada su infraestructura. Tanto si revisas tu propio sitio como si analizas un dominio externo, la herramienta ofrece datos de hosting precisos, informaci\u00f3n de IP y conocimientos esenciales de seguridad. Para los propietarios de sitios web, permite acceder a una auditor\u00eda t\u00e9cnica y SEO m\u00e1s profunda que ayuda a mejorar el rendimiento, la seguridad y la fiabilidad.<\/p>\n<p>Para sitios externos, proporciona una visi\u00f3n r\u00e1pida de la seguridad con la opci\u00f3n de explorar los problemas en mayor detalle.<\/p>\n<div id=\"par6\"><\/div>\n<p><div class=\"front__faq-block\"><div class=\"faq__block-title\">FAQ<\/div><div class=\"panel-group\" id=\"faq-accordion\" itemscope itemtype=\"https:\/\/schema.org\/FAQPage\" role=\"tablist\" aria-multiselectable=\"true\"><div class=\"panel\" itemscope itemtype=\"https:\/\/schema.org\/Question\" itemprop=\"mainEntity\">\n                            <div class=\"panel-heading\" id=\"headingFaq-1\">\n                                <div class=\"panel-title\" data-toggle=\"collapse\" aria-expanded=\"false\" href=\"#collapseFaq-1\">\n                                    <h3 itemprop=\"name\">\u00bfPuede la herramienta Convertidor de sitio web a IP identificar todos los tipos de direcciones de Protocolo de Internet?<\/h3>\n                                <\/div>\n                            <\/div>\n                            <div id=\"collapseFaq-1\" class=\"panel-collapse collapse\" itemprop=\"acceptedAnswer\" itemscope itemtype=\"http:\/\/schema.org\/Answer\">\n                                <div class=\"panel-body\" itemprop=\"text\">La herramienta est\u00e1 dise\u00f1ada para identificar direcciones IPv4 e IPv6 asociadas a un sitio web, cubriendo una amplia variedad de tipos de direcciones IP.<\/div>\n                            <\/div>\n                        <\/div><div class=\"panel\" itemscope itemtype=\"https:\/\/schema.org\/Question\" itemprop=\"mainEntity\">\n                            <div class=\"panel-heading\" id=\"headingFaq-2\">\n                                <div class=\"panel-title\" data-toggle=\"collapse\" aria-expanded=\"false\" href=\"#collapseFaq-2\">\n                                    <h3 itemprop=\"name\">\u00bfQu\u00e9 tan precisa es la informaci\u00f3n de geolocalizaci\u00f3n proporcionada por el Convertidor de Dominio a IP?<\/h3>\n                                <\/div>\n                            <\/div>\n                            <div id=\"collapseFaq-2\" class=\"panel-collapse collapse\" itemprop=\"acceptedAnswer\" itemscope itemtype=\"http:\/\/schema.org\/Answer\">\n                                <div class=\"panel-body\" itemprop=\"text\">La informaci\u00f3n de geolocalizaci\u00f3n suele ser precisa, pero puede variar seg\u00fan la exactitud de la base de datos IP utilizada por la herramienta. Proporciona una buena aproximaci\u00f3n de la ubicaci\u00f3n f\u00edsica del servidor.<\/div>\n                            <\/div>\n                        <\/div><div class=\"panel\" itemscope itemtype=\"https:\/\/schema.org\/Question\" itemprop=\"mainEntity\">\n                            <div class=\"panel-heading\" id=\"headingFaq-3\">\n                                <div class=\"panel-title\" data-toggle=\"collapse\" aria-expanded=\"false\" href=\"#collapseFaq-3\">\n                                    <h3 itemprop=\"name\">\u00bfQu\u00e9 tan actuales son los datos proporcionados por el Convertidor de sitio web a IP?<\/h3>\n                                <\/div>\n                            <\/div>\n                            <div id=\"collapseFaq-3\" class=\"panel-collapse collapse\" itemprop=\"acceptedAnswer\" itemscope itemtype=\"http:\/\/schema.org\/Answer\">\n                                <div class=\"panel-body\" itemprop=\"text\">La herramienta proporciona informaci\u00f3n actualizada basada en los datos m\u00e1s recientes disponibles. Sin embargo, la frescura de los datos depende de la frecuencia de actualizaci\u00f3n de las bases de datos de direcciones IP y geolocalizaci\u00f3n que utiliza.<\/div>\n                            <\/div>\n                        <\/div><div class=\"panel\" itemscope itemtype=\"https:\/\/schema.org\/Question\" itemprop=\"mainEntity\">\n                            <div class=\"panel-heading\" id=\"headingFaq-4\">\n                                <div class=\"panel-title\" data-toggle=\"collapse\" aria-expanded=\"false\" href=\"#collapseFaq-4\">\n                                    <h3 itemprop=\"name\">\u00bfPuedo usar el Convertidor de Dominio a IP para fines de an\u00e1lisis de seguridad?<\/h3>\n                                <\/div>\n                            <\/div>\n                            <div id=\"collapseFaq-4\" class=\"panel-collapse collapse\" itemprop=\"acceptedAnswer\" itemscope itemtype=\"http:\/\/schema.org\/Answer\">\n                                <div class=\"panel-body\" itemprop=\"text\">S\u00ed, la herramienta puede utilizarse para un an\u00e1lisis de seguridad preliminar, como identificar la ubicaci\u00f3n geogr\u00e1fica de un servidor, lo que puede ayudar a evaluar posibles riesgos de seguridad o investigar sitios web sospechosos.<\/div>\n                            <\/div>\n                        <\/div><\/div><\/div><\/p>","protected":false},"excerpt":{"rendered":"\u00bfQu\u00e9 es el convertidor de nombre de dominio a direcci\u00f3n IP? El Convertidor de URL a Direcci\u00f3n IP de Sitechecker es una herramienta que identifica la direcci\u00f3n IP de cualquier nombre de dominio. Al introducir una URL de dominio, la herramienta resuelve su IP de alojamiento, lo que te ayuda a entender d\u00f3nde est\u00e1 alojado&#8230;","protected":false},"author":10409641,"featured_media":7907,"parent":0,"menu_order":0,"comment_status":"closed","ping_status":"closed","template":"pages-templates\/pages-minitools-3.php","meta":[],"categories":[73],"tags":[],"_links":{"self":[{"href":"https:\/\/sitechecker.pro\/es\/wp-json\/wp\/v2\/pages\/7844"}],"collection":[{"href":"https:\/\/sitechecker.pro\/es\/wp-json\/wp\/v2\/pages"}],"about":[{"href":"https:\/\/sitechecker.pro\/es\/wp-json\/wp\/v2\/types\/page"}],"author":[{"embeddable":true,"href":"https:\/\/sitechecker.pro\/es\/wp-json\/wp\/v2\/users\/10409641"}],"replies":[{"embeddable":true,"href":"https:\/\/sitechecker.pro\/es\/wp-json\/wp\/v2\/comments?post=7844"}],"version-history":[{"count":55,"href":"https:\/\/sitechecker.pro\/es\/wp-json\/wp\/v2\/pages\/7844\/revisions"}],"predecessor-version":[{"id":39196,"href":"https:\/\/sitechecker.pro\/es\/wp-json\/wp\/v2\/pages\/7844\/revisions\/39196"}],"wp:featuredmedia":[{"embeddable":true,"href":"https:\/\/sitechecker.pro\/es\/wp-json\/wp\/v2\/media\/7907"}],"wp:attachment":[{"href":"https:\/\/sitechecker.pro\/es\/wp-json\/wp\/v2\/media?parent=7844"}],"wp:term":[{"taxonomy":"category","embeddable":true,"href":"https:\/\/sitechecker.pro\/es\/wp-json\/wp\/v2\/categories?post=7844"},{"taxonomy":"post_tag","embeddable":true,"href":"https:\/\/sitechecker.pro\/es\/wp-json\/wp\/v2\/tags?post=7844"}],"curies":[{"name":"wp","href":"https:\/\/api.w.org\/{rel}","templated":true}]}}