{"id":763,"date":"2017-12-14T16:06:09","date_gmt":"2017-12-14T16:06:09","guid":{"rendered":"https:\/\/sitechecker.pro\/?page_id=763"},"modified":"2026-02-18T15:56:52","modified_gmt":"2026-02-18T15:56:52","slug":"robots-txt-tester-use-online-free-tool-for-seo-sitechecker","status":"publish","type":"page","link":"https:\/\/sitechecker.pro\/es\/robots-tester\/","title":{"rendered":"Comprobador de Robots.txt | Validar Robots en busca de problemas y solucionarlos \u2611"},"content":{"rendered":"<p><\/p>\n<h2 id=\"par1\">\u00bfQu\u00e9 es Robots.txt Tester?<\/h2>\n<p>La herramienta Robots.txt Tester de <a href=\"https:\/\/sitechecker.pro\/\" rel=\"noopener noreferrer\" target=\"_blank\">Sitechecker<\/a> est\u00e1 dise\u00f1ada para validar el archivo <a href=\"https:\/\/sitechecker.pro\/meta-robots-tag\/\" rel=\"noopener noreferrer\" target=\"_blank\">robots.txt<\/a> de un sitio web, lo que garantiza que los <a href=\"https:\/\/sitechecker.pro\/google-bot\/\" rel=\"noopener noreferrer\" target=\"_blank\">bots de motores de b\u00fasqueda<\/a> comprendan qu\u00e9 p\u00e1ginas deben indexarse \u200b\u200bo ignorarse. Esto facilita la gesti\u00f3n eficiente de la <a href=\"https:\/\/sitechecker.pro\/what-is-website-visibility\/\" rel=\"noopener noreferrer\" target=\"_blank\">visibilidad<\/a> de un sitio en los resultados de b\u00fasqueda. La herramienta ofrece comprobaciones integrales del sitio para identificar problemas de indexaci\u00f3n y tambi\u00e9n proporciona an\u00e1lisis espec\u00edficos de la p\u00e1gina para determinar si una p\u00e1gina est\u00e1 <a href=\"https:\/\/sitechecker.pro\/what-is-google-index\/\" rel=\"noopener noreferrer\" target=\"_blank\">indexada<\/a>. Esto mejora la precisi\u00f3n de la indexaci\u00f3n del motor de b\u00fasqueda al identificar y corregir r\u00e1pidamente cualquier error en la configuraci\u00f3n del archivo robots.txt.<\/p>\n<h3>\u00bfC\u00f3mo puede ayudarle la herramienta?<\/h3>\n<p><strong>Validaci\u00f3n del archivo robots.txt: <\/strong>verifica la exactitud del archivo robots.txt de un sitio web, lo que garantiza que dirija con precisi\u00f3n a los robots de los motores de b\u00fasqueda.<\/p>\n<p><strong>An\u00e1lisis espec\u00edficos de p\u00e1ginas: <\/strong>ofrece la posibilidad de comprobar si las p\u00e1ginas individuales est\u00e1n indexadas correctamente o no, lo que permite la resoluci\u00f3n de problemas espec\u00edficos.<\/p>\n<p><strong>Identificaci\u00f3n de problemas de indexaci\u00f3n: <\/strong>ofrece comprobaciones exhaustivas para detectar cualquier problema de indexaci\u00f3n en todo el sitio.<\/p>\n<h3>Caracter\u00edsticas clave de la herramienta<\/h3>\n<p><strong>Panel de control unificado: <\/strong>ofrece una descripci\u00f3n general completa de las m\u00e9tricas de SEO para un f\u00e1cil monitoreo.<\/p>\n<p><strong>Interfaz f\u00e1cil de usar: <\/strong>dise\u00f1ada para una navegaci\u00f3n intuitiva y f\u00e1cil de usar.<\/p>\n<p><strong>Conjunto completo de herramientas de SEO: <\/strong>ofrece una amplia gama de herramientas para optimizar el rendimiento del sitio web en los motores de b\u00fasqueda.<\/p>\n<h2 id=\"par2\">C\u00f3mo utilizar la herramienta<\/h2>\n<p>La herramienta ofrece dos tipos de an\u00e1lisis en l\u00ednea: sitio completo y p\u00e1gina individual. Simplemente seleccione la opci\u00f3n que le interese e inicie el an\u00e1lisis.<\/p>\n<div class=\"content__img-wrap\"><img src=\"https:\/\/sitechecker.pro\/wp-content\/uploads\/2024\/08\/choose-audit-option.png\" alt=\"Elegir opci\u00f3n de auditor\u00eda\" class=\"description-img description-img-zoom\" loading=\"lazy\" ><\/div>\n<h2 id=\"par3\">Prueba del archivo Robots.txt del sitio<\/h2>\n<p>Para comprobar la configuraci\u00f3n del robot de su sitio y descubrir cualquier problema de indexaci\u00f3n, simplemente seleccione la opci\u00f3n de inspecci\u00f3n del sitio. En unos minutos, recibir\u00e1 un informe completo.<\/p>\n<h3>Paso 1: Elija la verificaci\u00f3n del sitio<\/h3>\n<div class=\"content__img-wrap\"><img src=\"https:\/\/sitechecker.pro\/wp-content\/uploads\/2025\/02\/check-robots-site.png\" alt=\"Verificar robots.txt para el sitio\" class=\"description-img description-img-zoom\" loading=\"lazy\" ><\/div>\n<div class=\"important-block\">Para recibir resultados y acceder a las funciones de Sitechecker durante 14 d\u00edas, comience su prueba GRATUITA. Registrarse es f\u00e1cil con su cuenta de correo electr\u00f3nico, Google o Facebook. No se necesita tarjeta de cr\u00e9dito.<\/div>\n<h3>Paso 2: Obtenga los resultados<\/h3>\n<p>El analizador Robots.txt eval\u00faa la configuraci\u00f3n del archivo de directivas del servidor y le brinda datos valiosos sobre c\u00f3mo las directivas de su sitio web influyen en la indexaci\u00f3n de los motores de b\u00fasqueda. El informe incluye la identificaci\u00f3n de p\u00e1ginas bloqueadas para el rastreo, directivas espec\u00edficas como &#8220;noindex&#8221; y &#8220;nofollow&#8221; y cualquier retraso de rastreo establecido para los robots de los motores de b\u00fasqueda. Esto ayuda a garantizar que el archivo de pol\u00edtica de rastreo del sitio web facilite la visibilidad \u00f3ptima del sitio web y la accesibilidad de los motores de b\u00fasqueda.<\/p>\n<div class=\"content__img-wrap\"><img src=\"https:\/\/sitechecker.pro\/wp-content\/uploads\/2024\/08\/indexability-issues.png\" alt=\"Problemas de indexabilidad\" class=\"description-img description-img-zoom\" loading=\"lazy\" ><\/div>\n<h3>Funciones adicionales<\/h3>\n<p>El verificador Robots.txt ofrece un an\u00e1lisis integral del estado de SEO de un sitio web. Identifica problemas cr\u00edticos, advertencias, oportunidades de mejora y avisos generales. Se proporcionan informaci\u00f3n detallada sobre la relevancia del contenido, la integridad de los enlaces, la velocidad de la p\u00e1gina y la indexabilidad. La auditor\u00eda clasifica las p\u00e1ginas afectadas, lo que permite a los usuarios priorizar las optimizaciones para lograr una mejor visibilidad en los motores de b\u00fasqueda. Esta funci\u00f3n complementa al verificador de robots.txt al garantizar que tambi\u00e9n se aborden elementos de SEO m\u00e1s amplios.<\/p>\n<div class=\"content__img-wrap\"><img src=\"https:\/\/sitechecker.pro\/wp-content\/uploads\/2024\/08\/site-audit-issues-list.png\" alt=\"Lista de problemas de auditor\u00eda de sitios\" class=\"description-img description-img-zoom\" loading=\"lazy\" ><\/div>\n<h2 id=\"par4\">Prueba de Robots.txt para una p\u00e1gina espec\u00edfica<\/h2>\n<h3>Paso 1: Inicia una comprobaci\u00f3n para una p\u00e1gina espec\u00edfica<\/h3>\n<div class=\"content__img-wrap\"><img src=\"https:\/\/sitechecker.pro\/wp-content\/uploads\/2025\/02\/check-robots-page.png\" alt=\"Verificar robots.txt para la p\u00e1gina\" class=\"description-img description-img-zoom\" loading=\"lazy\" ><\/div>\n<h3>Paso 2: Obt\u00e9n los resultados<\/h3>\n<p>El comprobador de Robots.txt para una p\u00e1gina espec\u00edfica proporciona informaci\u00f3n fundamental sobre c\u00f3mo los motores de b\u00fasqueda interpretan las directivas de robots.txt para esa p\u00e1gina. Analiza la etiqueta meta robots y la etiqueta X-Robots-Tag para confirmar si la p\u00e1gina est\u00e1 abierta para indexaci\u00f3n. Adem\u00e1s, verifica si el archivo de pol\u00edtica de rastreo del sitio web permite el rastreo y comprueba la presencia de etiquetas &#8220;noindex&#8221; que podr\u00edan impedir la indexaci\u00f3n. Esta evaluaci\u00f3n espec\u00edfica garantiza que cada p\u00e1gina est\u00e9 configurada correctamente para que los robots de los motores de b\u00fasqueda puedan acceder a ella.<\/p>\n<div class=\"content__img-wrap\"><img src=\"https:\/\/sitechecker.pro\/wp-content\/uploads\/2024\/08\/on-page-seo-checker-indexation.png\" alt=\"On Page SEO Checker Indexation\" class=\"description-img description-img-zoom\" loading=\"lazy\" ><\/div>\n<p>Para comprender en profundidad las directivas robots.txt de su sitio, es mejor realizar una auditor\u00eda completa del sitio web. Esto descubrir\u00e1 cualquier problema de indexaci\u00f3n en todo el sitio. Para comenzar la auditor\u00eda, simplemente haga clic en el banner &#8220;Iniciar auditor\u00eda completa del sitio web&#8221;. Se puede acceder a una versi\u00f3n de demostraci\u00f3n de la herramienta a trav\u00e9s de la secci\u00f3n Auditor\u00eda del sitio, lo que le permite probar sus capacidades.<\/p>\n<div class=\"content__img-wrap\"><img src=\"https:\/\/sitechecker.pro\/wp-content\/uploads\/2024\/08\/run-full-website-audit.png\" alt=\"Ejecutar auditor\u00eda completa del sitio web\" class=\"description-img description-img-zoom\" loading=\"lazy\" ><\/div>\n<h3>Funciones adicionales<\/h3>\n<p>Adem\u00e1s de probar el archivo de directivas del servidor para una p\u00e1gina espec\u00edfica, la auditor\u00eda t\u00e9cnica proporciona informaci\u00f3n sobre el estado de la p\u00e1gina, como la puntuaci\u00f3n de PageSpeed \u200b\u200bpara dispositivos m\u00f3viles, el c\u00f3digo de estado y el tama\u00f1o del HTML. Comprueba si la longitud del t\u00edtulo y la descripci\u00f3n cumple con los est\u00e1ndares recomendados y ofrece una vista previa de Google para garantizar que la p\u00e1gina est\u00e9 optimizada para los motores de b\u00fasqueda. Este an\u00e1lisis ayuda a mejorar el SEO t\u00e9cnico de la p\u00e1gina.<\/p>\n<div class=\"content__img-wrap\"><img src=\"https:\/\/sitechecker.pro\/wp-content\/uploads\/2024\/08\/issues-overview.png\" alt=\"Descripci\u00f3n general de los problemas\" class=\"description-img description-img-zoom\" loading=\"lazy\" ><\/div>\n<h2 id=\"par5\">Idea final<\/h2>\n<p>El comprobador de robots.txt es una herramienta de diagn\u00f3stico de SEO s\u00f3lida que garantiza que el archivo de directivas del servidor de un sitio web est\u00e9 dirigiendo correctamente a los robots de los motores de b\u00fasqueda. Ofrece an\u00e1lisis tanto de sitios completos como de p\u00e1ginas espec\u00edficas, lo que revela cualquier barrera de indexaci\u00f3n. Los usuarios se benefician de una interfaz f\u00e1cil de usar, un amplio conjunto de herramientas de SEO y un panel de control unificado para el monitoreo. Las capacidades de auditor\u00eda integrales de la herramienta permiten la identificaci\u00f3n de una amplia gama de problemas t\u00e9cnicos de SEO, incluida la optimizaci\u00f3n de contenido y las m\u00e9tricas de salud de la p\u00e1gina, lo que garantiza que cada p\u00e1gina est\u00e9 preparada para el descubrimiento y la clasificaci\u00f3n de los motores de b\u00fasqueda.<\/p>\n<div id=\"par6\"><\/div>\n<p><div class=\"front__faq-block\"><div class=\"faq__block-title\">Preguntas frecuentes<\/div><div class=\"panel-group\" id=\"faq-accordion\" itemscope itemtype=\"https:\/\/schema.org\/FAQPage\" role=\"tablist\" aria-multiselectable=\"true\"><div class=\"panel\" itemscope itemtype=\"https:\/\/schema.org\/Question\" itemprop=\"mainEntity\">\n                            <div class=\"panel-heading\" id=\"headingFaq-1\">\n                                <div class=\"panel-title\" data-toggle=\"collapse\" aria-expanded=\"false\" href=\"#collapseFaq-1\">\n                                    <h3 itemprop=\"name\">\u00bfPor qu\u00e9 necesito verificar mi archivo robots.txt?<\/h3>\n                                <\/div>\n                            <\/div>\n                            <div id=\"collapseFaq-1\" class=\"panel-collapse collapse\" itemprop=\"acceptedAnswer\" itemscope itemtype=\"http:\/\/schema.org\/Answer\">\n                                <div class=\"panel-body\" itemprop=\"text\">Robots.txt muestra a los motores de b\u00fasqueda qu\u00e9 URL de su sitio pueden rastrear e indexar, principalmente para evitar sobrecargar su sitio con consultas. Se recomienda comprobar este archivo v\u00e1lido para asegurarse de que funciona correctamente.<\/div>\n                            <\/div>\n                        <\/div><div class=\"panel\" itemscope itemtype=\"https:\/\/schema.org\/Question\" itemprop=\"mainEntity\">\n                            <div class=\"panel-heading\" id=\"headingFaq-2\">\n                                <div class=\"panel-title\" data-toggle=\"collapse\" aria-expanded=\"false\" href=\"#collapseFaq-2\">\n                                    <h3 itemprop=\"name\">\u00bfEs ilegal violar un archivo Robot.txt?<\/h3>\n                                <\/div>\n                            <\/div>\n                            <div id=\"collapseFaq-2\" class=\"panel-collapse collapse\" itemprop=\"acceptedAnswer\" itemscope itemtype=\"http:\/\/schema.org\/Answer\">\n                                <div class=\"panel-body\" itemprop=\"text\">Hoy en d\u00eda, no existe ninguna ley que exija que uno deba seguir estrictamente las instrucciones del archivo. Ese no es un contrato vinculante entre los motores de b\u00fasqueda y los sitios web.<\/div>\n                            <\/div>\n                        <\/div><div class=\"panel\" itemscope itemtype=\"https:\/\/schema.org\/Question\" itemprop=\"mainEntity\">\n                            <div class=\"panel-heading\" id=\"headingFaq-3\">\n                                <div class=\"panel-title\" data-toggle=\"collapse\" aria-expanded=\"false\" href=\"#collapseFaq-3\">\n                                    <h3 itemprop=\"name\">\u00bfQu\u00e9 hace Robots.txt?<\/h3>\n                                <\/div>\n                            <\/div>\n                            <div id=\"collapseFaq-3\" class=\"panel-collapse collapse\" itemprop=\"acceptedAnswer\" itemscope itemtype=\"http:\/\/schema.org\/Answer\">\n                                <div class=\"panel-body\" itemprop=\"text\">Robots.txt muestra a los agentes de los motores de b\u00fasqueda qu\u00e9 p\u00e1ginas de su sitio se pueden rastrear e indexar y qu\u00e9 p\u00e1ginas se han excluido de la navegaci\u00f3n. Permitir que los motores de b\u00fasqueda rastreen e indexen algunas p\u00e1ginas de su sitio es una oportunidad para controlar la privacidad de algunas p\u00e1ginas. Es necesario para la optimizaci\u00f3n de los motores de b\u00fasqueda de su sitio.<\/div>\n                            <\/div>\n                        <\/div><div class=\"panel\" itemscope itemtype=\"https:\/\/schema.org\/Question\" itemprop=\"mainEntity\">\n                            <div class=\"panel-heading\" id=\"headingFaq-4\">\n                                <div class=\"panel-title\" data-toggle=\"collapse\" aria-expanded=\"false\" href=\"#collapseFaq-4\">\n                                    <h3 itemprop=\"name\">\u00bfEs seguro Robot.txt?<\/h3>\n                                <\/div>\n                            <\/div>\n                            <div id=\"collapseFaq-4\" class=\"panel-collapse collapse\" itemprop=\"acceptedAnswer\" itemscope itemtype=\"http:\/\/schema.org\/Answer\">\n                                <div class=\"panel-body\" itemprop=\"text\">Un archivo robots.txt no comprometer\u00e1 la seguridad de su sitio, por lo que usarlo correctamente puede ser una excelente manera de proteger las p\u00e1ginas confidenciales de su sitio. Sin embargo, no espere que todos los rastreadores de motores de b\u00fasqueda sigan las instrucciones de este archivo. Los usuarios atacantes podr\u00e1n desactivar las instrucciones y escanear p\u00e1ginas prohibidas.<\/div>\n                            <\/div>\n                        <\/div><\/div><\/div><\/p>","protected":false},"excerpt":{"rendered":"\u00bfQu\u00e9 es Robots.txt Tester? La herramienta Robots.txt Tester de Sitechecker est\u00e1 dise\u00f1ada para validar el archivo robots.txt de un sitio web, lo que garantiza que los bots de motores de b\u00fasqueda comprendan qu\u00e9 p\u00e1ginas deben indexarse \u200b\u200bo ignorarse. Esto facilita la gesti\u00f3n eficiente de la visibilidad de un sitio en los resultados de b\u00fasqueda. La&#8230;","protected":false},"author":10409641,"featured_media":3355,"parent":0,"menu_order":0,"comment_status":"closed","ping_status":"closed","template":"pages-templates\/pages-minitools-3.php","meta":[],"categories":[73],"tags":[],"_links":{"self":[{"href":"https:\/\/sitechecker.pro\/es\/wp-json\/wp\/v2\/pages\/763"}],"collection":[{"href":"https:\/\/sitechecker.pro\/es\/wp-json\/wp\/v2\/pages"}],"about":[{"href":"https:\/\/sitechecker.pro\/es\/wp-json\/wp\/v2\/types\/page"}],"author":[{"embeddable":true,"href":"https:\/\/sitechecker.pro\/es\/wp-json\/wp\/v2\/users\/10409641"}],"replies":[{"embeddable":true,"href":"https:\/\/sitechecker.pro\/es\/wp-json\/wp\/v2\/comments?post=763"}],"version-history":[{"count":149,"href":"https:\/\/sitechecker.pro\/es\/wp-json\/wp\/v2\/pages\/763\/revisions"}],"predecessor-version":[{"id":39345,"href":"https:\/\/sitechecker.pro\/es\/wp-json\/wp\/v2\/pages\/763\/revisions\/39345"}],"wp:featuredmedia":[{"embeddable":true,"href":"https:\/\/sitechecker.pro\/es\/wp-json\/wp\/v2\/media\/3355"}],"wp:attachment":[{"href":"https:\/\/sitechecker.pro\/es\/wp-json\/wp\/v2\/media?parent=763"}],"wp:term":[{"taxonomy":"category","embeddable":true,"href":"https:\/\/sitechecker.pro\/es\/wp-json\/wp\/v2\/categories?post=763"},{"taxonomy":"post_tag","embeddable":true,"href":"https:\/\/sitechecker.pro\/es\/wp-json\/wp\/v2\/tags?post=763"}],"curies":[{"name":"wp","href":"https:\/\/api.w.org\/{rel}","templated":true}]}}