{"id":7349,"date":"2019-06-11T12:48:26","date_gmt":"2019-06-11T12:48:26","guid":{"rendered":"https:\/\/sitechecker.pro\/?page_id=7349"},"modified":"2025-02-03T14:14:51","modified_gmt":"2025-02-03T14:14:51","slug":"website-down","status":"publish","type":"page","link":"https:\/\/sitechecker.pro\/es\/website-down\/","title":{"rendered":"Comprobador de Sitios Web Ca\u00eddos | \u00bfEl Sitio Est\u00e1 Inactivo Para Todos? \u1408"},"content":{"rendered":"<p>Est\u00e1 intentando acceder a su sitio web y recibe el mensaje de que no est\u00e1 disponible. Es posible que desee ponerse en contacto con su proveedor de alojamiento web de inmediato. Pero entonces las dudas comienzan a surgir. \u00bfEste sitio est\u00e1 ca\u00eddo? \u00bfO son solo algunos problemas con su proveedor de Internet? O, tal vez, \u00bfalgo est\u00e1 mal con su computadora\/tel\u00e9fono inteligente? Hay diferentes razones por las que puede volverse inaccesible para usted.<\/p>\n<p>Entonces, \u00bfel sitio web est\u00e1 ca\u00eddo de verdad? Una forma de averiguarlo es eliminar todas las dem\u00e1s posibilidades, pero puede llevar un tiempo. Otra forma es usar una herramienta especial, que le dice exactamente lo que quiere saber. Y lo hemos dise\u00f1ado para ti.<\/p>\n<h2 id=\"ik_Check\">\u00bfC\u00f3mo verificar si un sitio web est\u00e1 ca\u00eddo?<\/h2>\n<p>&#8216;\u00bfEst\u00e1 abajo para todos?&#8217; &#8211; esa es la pregunta que haces. Con la ayuda del verificador de estado de nuestro sitio web, puede probar su disponibilidad de forma gratuita. \u00a1Eso es muy f\u00e1cil! Introduce la URL o el dominio que te interesa.<\/p>\n<div class=\"content__img-wrap\"><img src=\"https:\/\/sitechecker.pro\/wp-content\/uploads\/2022\/01\/webside_down_1.png\" alt=\"herramienta de verificaci\u00f3n de sitios web en l\u00ednea para averiguar si el sitio est\u00e1 ca\u00eddo\" class=\"description-img description-img-zoom\" loading=\"lazy\" ><\/div>\n<p>Ahora est\u00e1 listo para presionar &#8216;Iniciar prueba&#8217;. En cuesti\u00f3n de segundos, obtendr\u00e1 un informe con informaci\u00f3n detallada sobre el estado del sitio web.<\/p>\n<h2 id=\"ik_Results\">Los resultados que obtendr\u00e1 con nuestro verificador de estado del sitio web<\/h2>\n<p>Nuestro servidor en el \u00e1rea seleccionada verificar\u00e1 si el sitio web est\u00e1 ca\u00eddo, intentando acceder a \u00e9l. La primera fila del informe indica si este intento tuvo \u00e9xito o no.<\/p>\n<p>Despu\u00e9s de intentar verificar la disponibilidad del sitio web, profundizamos en los detalles t\u00e9cnicos. Obtiene la captura de pantalla de una p\u00e1gina de destino con una direcci\u00f3n IP. Adem\u00e1s, averiguas su tiempo de respuesta. Si su sitio est\u00e1 activo pero tarda a\u00f1os en cargarse, podr\u00eda ser tan bueno como inactivo para muchos usuarios. Casi la mitad de ellos esperan que su sitio web se cargue en hasta 2 segundos. Si el tiempo de carga es de 3 segundos, el 40% de los usuarios se ir\u00e1.<\/p>\n<p>El informe tambi\u00e9n contiene el c\u00f3digo de respuesta. Los c\u00f3digos de estado HTTP, devueltos por los servidores, indican el estado del sitio web. Tienen tres d\u00edgitos y generalmente comienzan con uno de cinco n\u00fameros, 1 &#8211; 5. Es posible que est\u00e9 familiarizado con el error 404 (&#8216;<a href=\"https:\/\/sitechecker.pro\/404-error\/\" rel=\"noopener noreferrer\" target=\"_blank\">P\u00e1gina no encontrada<\/a>&#8216;) o 200 (&#8216;OK&#8217;). Pero hay muchos otros c\u00f3digos de estado que pueden ser desconocidos para usted. Eche un vistazo a nuestro <a href=\"https:\/\/sitechecker.pro\/http-status-codes\/\">Verificador de estado del servidor<\/a> para obtener m\u00e1s informaci\u00f3n sobre ellos.<\/p>\n<p>Y el \u00faltimo pero no menos importante dato es la fecha de inactividad m\u00e1s reciente. &#8216;\u00bfMi sitio web est\u00e1 activo o inactivo en este momento?&#8217; es una pregunta importante, pero es posible que desee saber cu\u00e1ndo ocurri\u00f3 el \u00faltimo problema grave. Puede darle una idea sobre la confiabilidad de su proveedor.<\/p>\n<div class=\"content__img-wrap\"><img src=\"https:\/\/sitechecker.pro\/wp-content\/uploads\/2022\/01\/webside_down_2.png\" alt=\"prueba de estado del sitio nueva para verificar la correcci\u00f3n del trabajo del sitio\" class=\"description-img description-img-zoom\" loading=\"lazy\" ><\/div>\n<p>\u00bfQuiere guardar el informe del verificador de ca\u00edda del sitio web o envi\u00e1rselo a otra persona? \u00a1No es necesario hacer una captura de pantalla! Puede copiar el informe a un portapapeles con un solo clic para pegarlo en otro lugar en este formato:<\/p>\n<div class=\"article__quote\">\n                    <div class=\"quote-text\">URL del sitio web: https:\/\/copywritely.com<br \/>\n\u2022 Estado del servicio: Arriba<br \/>\n\u2022 Direcci\u00f3n IP: 148.251.238.57<br \/>\n\u2022 Tiempo de respuesta: 3.251 s<br \/>\n\u2022 C\u00f3digo de respuesta: 200 OK<\/div><\/div>\n<p>\u00a1Pruebe el sitio web y estudie los resultados usted mismo!<\/p>\n<h2 id=\"ik_Uptime\">\u00bfPor qu\u00e9 importa el tiempo de actividad?<\/h2>\n<p>El tiempo de actividad del sitio web es fundamental. Cada minuto de inactividad le cuesta dinero, sin mencionar la reputaci\u00f3n. Y cuanto m\u00e1s grande sea el negocio, m\u00e1s perder\u00e1. Por ejemplo, un minuto de tiempo de inactividad le costar\u00eda a Amazon alrededor de $ 220k.<\/p>\n<p>Adem\u00e1s, puede ser el motivo de perder posiciones si su sitio estuvo inactivo durante mucho tiempo. Mira lo que dice Google al respecto.<\/p>\n<p><iframe width=\"770\" height=\"350\" src=\"https:\/\/www.youtube.com\/embed\/4eYJuT0yGrI\" title=\"Reproductor de video de YouTube\" frameborder=\"0\" allow=\"aceler\u00f3metro; reproducci\u00f3n autom\u00e1tica; portapapeles- escribir; medios cifrados; giroscopio; imagen en imagen\" allowfullscreen><\/iframe><\/p>\n<p>Estas son las principales razones para probar si un sitio web est\u00e1 ca\u00eddo regularmente:<\/p>\n<table class=\"table-classic table-td-3\">\n<thead>\n<tr>\n<th>Motivo<\/th>\n<th>Explicaci\u00f3n<\/th>\n<\/tr>\n<\/thead>\n<tbody>\n<tr>\n<td><strong>Proporcionar una mejor experiencia de usuario<\/strong><\/td>\n<td>Los usuarios odian un sitio web que no est\u00e1 disponible. Es posible que los nuevos visitantes nunca regresen mientras que los clientes existentes se frustran. Tus competidores estar\u00e1n encantados de echarles una mano.<\/td>\n<\/tr>\n<tr>\n<td><strong>Mantener una clasificaci\u00f3n alta en los motores de b\u00fasqueda<\/strong><\/td>\n<td>Google clasificar\u00e1 m\u00e1s abajo los sitios web lentos o inaccesibles. Si su sitio web se cae con la suficiente frecuencia, prep\u00e1rese para ser &#8216;castigado&#8217;. Las clasificaciones pueden tardar mucho en recuperarse de tal golpe.<\/td>\n<\/tr>\n<tr>\n<td><strong>Proteger los ingresos publicitarios<\/strong><\/td>\n<td>Obviamente, los anuncios no se publican cuando su sitio est\u00e1 inactivo. Los servicios de publicidad tambi\u00e9n monitorean los tiempos de inactividad y no les gusta cuando su sitio no est\u00e1 disponible. Muchos de ellos suspender\u00e1n una campa\u00f1a si el sitio no funciona, especialmente por un tiempo.<\/td>\n<\/tr>\n<tr>\n<td><strong>Detecci\u00f3n de piratas inform\u00e1ticos<\/strong><\/td>\n<td>La intervenci\u00f3n de los piratas inform\u00e1ticos puede causar tiempo de inactividad. Un c\u00f3digo malicioso puede da\u00f1ar su sitio web e infiltrarse potencialmente en los dispositivos de los visitantes. Al usar un verificador de tiempo de actividad del sitio web, descubrir\u00e1 que el sitio no est\u00e1 disponible y puede actuar a tiempo para evitar el da\u00f1o.<\/td>\n<\/tr>\n<\/tbody>\n<\/table>\n<h2 id=\"ik_Availability\"> \u00bfC\u00f3mo monitorear la disponibilidad del sitio web?<\/h2>\n<p>Has aprendido a comprobar si un sitio web est\u00e1 ca\u00eddo. Pero debido a las razones mencionadas anteriormente, es posible que deseemos hacerlo constantemente. Aqu\u00ed hay algunas formas de establecer el monitoreo:<\/p>\n<ul>\n<li><strong>Utilice alertas personalizadas en Google Analytics.<\/strong> Se activan cuando Google detecta que el tr\u00e1fico cae por debajo de un valor establecido. La notificaci\u00f3n ser\u00e1 enviada a su correo electr\u00f3nico;<\/li>\n<li><strong>Desarrolle una comunidad leal en las redes sociales.<\/strong> Los usuarios habituales de su recurso web le notificar\u00e1n a trav\u00e9s de Facebook o Twitter si el sitio no funciona;<\/li>\n<li><strong>Configure el monitoreo de Sitecheckerbot.<\/strong> El bot verificar\u00e1 su sitio web en busca de cambios cr\u00edticos y le informar\u00e1 si hay alguno;<\/li>\n<li><strong>Utilice nuestro comprobador gratuito de tiempo de actividad del sitio web.<\/strong> Tan pronto como su sitio web est\u00e9 inactivo, recibir\u00e1 una notificaci\u00f3n.<\/li>\n<\/ul>\n<h2 id=\"ik_Downtime\"> \u00bfQu\u00e9 causa el tiempo de inactividad del sitio web?<\/h2>\n<p>Ha utilizado nuestro verificador de ca\u00eddas del sitio web y est\u00e1 seguro de que el sitio web est\u00e1 ca\u00eddo para todos. \u00bfCu\u00e1l es el problema? Echemos un vistazo a los escenarios m\u00e1s probables:<\/p>\n<table class=\"table-classic table-td-3\">\n<thead>\n<tr>\n<th>Motivo<\/th>\n<th>Explicaci\u00f3n<\/th>\n<\/tr>\n<\/thead>\n<tbody>\n<tr>\n<td><strong>Problemas con el proveedor de alojamiento web<\/strong><\/td>\n<td>Un alojamiento deficiente es uno de los principales contribuyentes al tiempo de inactividad del sitio web. Hay algunos tiempos de inactividad planificados debido al mantenimiento, pero tambi\u00e9n pueden ocurrir otros no planificados. \u00bfQu\u00e9 compensaci\u00f3n vas a recibir en este caso? Elija servidores web con las mejores garant\u00edas de tiempo de actividad para obtener el mejor seguro contra tales accidentes;<\/td>\n<\/tr>\n<\/tr>\n<\/tbody>\n<\/table>\n<p>En este caso, puedes probar uno de los 5 alojamientos alternativos mejor valorados que elegimos para ti ahora mismo en la herramienta. Para obtenerlos, simplemente ejecute la herramienta de sitio web. Adem\u00e1s, puede <a href=\"https:\/\/sitechecker.pro\/web-hosting\/#web-hostings-table\" rel=\"noopener noreferrer\" target=\"_blank\">ver<\/a> otras alternativas.<\/p>\n<div class=\"content__img-wrap\"><img src=\"https:\/\/sitechecker.pro\/wp-content\/uploads\/2022\/01\/webside_down_3.png\" alt=\"consulte el proveedor de alojamiento confiable\" class=\"description-img description-img-zoom\" loading=\"lazy\" ><\/div>\n<table class=\"table-classic table-td-3\">\n<thead>\n<tr>\n<th>Motivo<\/th>\n<th>Explicaci\u00f3n<\/th>\n<\/tr>\n<\/thead>\n<tbody>\n<tr>\n<td><strong>DDoS y ataques de hackers<\/strong><\/td>\n<td>Su sitio web no necesariamente tiene que ser golpeado directamente por un ataque DDoS para sufrirlo. Si utiliza alojamiento compartido, su sitio est\u00e1 en el mismo servidor que muchos otros sitios, lo que puede ser presa de los atacantes. Afortunadamente, la mayor\u00eda de los proveedores de alojamiento tienen servicios anti-DDoS avanzados. Tambi\u00e9n podr\u00eda pensar en usar servidores dedicados para una protecci\u00f3n adicional;<\/td>\n<\/tr>\n<tr>\n<td><strong>Problemas con bases de datos o software<\/strong><\/td>\n<td>Por ejemplo, la instalaci\u00f3n de complementos incompatibles puede provocar la ca\u00edda de todo el sitio de WordPress. La eliminaci\u00f3n accidental de algunos archivos o los errores de codificaci\u00f3n (errores tipogr\u00e1ficos, sintaxis incorrecta, bucles infinitos) pueden provocar errores del servidor. Los conflictos internos, los errores de la base de datos tambi\u00e9n pueden hacer que su sitio muestre p\u00e1ginas parcialmente cargadas, p\u00e1ginas en blanco o que no se cargue en absoluto;<\/td>\n<\/tr>\n<tr>\n<td><strong>Fallas de hardware<\/strong><\/td>\n<td>Ning\u00fan n\u00famero de niveles de redundancia, fuentes de alimentaci\u00f3n o controladores de red puede garantizar un tiempo de actividad del 100 %. No se puede predecir un corte de energ\u00eda generalizado o alg\u00fan da\u00f1o accidental en el cable;<\/td>\n<\/tr>\n<tr>\n<td><strong>Problemas con el servidor de nombres de dominio (DNS)<\/strong><\/td>\n<td>A veces es solo propagaci\u00f3n de DNS. Un cambio en un registro DNS suele ser cuesti\u00f3n de horas, pero puede tardar hasta 72 horas en propagarse globalmente. La configuraci\u00f3n incorrecta tambi\u00e9n puede ser la raz\u00f3n. Una simple falta de ortograf\u00eda en un servidor de nombres puede cerrar su sitio web;<\/td>\n<\/tr>\n<tr>\n<td><strong>No se renov\u00f3 el nombre de dominio<\/strong><\/td>\n<td>Incluso si compr\u00f3 un nombre de dominio, no tiene derecho a usarlo para siempre. Al igual que un apartamento o un alquiler de autom\u00f3vil, se debe renovar el registro de un nombre de dominio. De lo contrario, estar\u00e1 disponible para otro usuario. Busque los nombres de dominio que puede comprar con nuestro Verificador de disponibilidad de dominio<\/td>\n<\/tr>\n<\/tbody>\n<\/table>\n<h2 id=\"ik_Tips\">Consejos para solucionar problemas<\/h2>\n<p>Ha intentado acceder a un sitio pero no ha llegado a ninguna parte. \u00bfQu\u00e9 debes hacer? Aqu\u00ed hay algunas recomendaciones para principiantes:<\/p>\n<ul>\n<li><strong>Comprueba la URL.<\/strong> No importa lo obvio que suene, es posible que lo escribas mal sin darte cuenta;<\/li>\n<li><strong>\u00bfTu URL tiene &#8216;http&#8217; o &#8216;https&#8217; al principio?<\/strong> No es lo mismo y algunos sitios web no pueden funcionar con ambos;<\/li>\n<li><strong>\u00bfEst\u00e1 bien su conexi\u00f3n a Internet?<\/strong> Intente visitar algunos sitios populares como Google.com o Facebook.com;<\/li>\n<li><strong>\u00bfEst\u00e1 utilizando un Proxy o una VPN?<\/strong> Desact\u00edvelo y vuelva a intentarlo;<\/li>\n<li><strong>\u00bfEs su sitio web?<\/strong> Si la respuesta es &#8220;s\u00ed&#8221;, mire la configuraci\u00f3n de DNS y comun\u00edquese con su proveedor de alojamiento para verificar el servidor. Si el problema radica en el alojamiento y es recurrente, puede considerar cambiar su host. \u00a1Encuentre una empresa confiable de la lista de los <a href=\"https:\/\/sitechecker.pro\/web-hosting\/\">Mejores proveedores de alojamiento web<\/a>!<\/li>\n<\/ul>\n<p>    <div class=\"blog__conversion blog__conversion-app element__logged_out\">\n        <div class=\"blog__conversion-inner\">\n            <p class=\"title\">Cuando un sitio web no funciona, es malo, \u00a1pero hay muchos otros problemas que pueden da\u00f1ar su SEO!<\/p>\n            <p class=\"description\"><\/p>\n            <form id=\"audit__form\"\n                  class=\"article__seo-search audit__form \"\n                  action=\"\"\n                  method=\"POST\"\n                  autocomplete=\"off\">\n                <span class=\"error\"><\/span>\n                <div class=\"error__limits\">Something went wrong. Please, try again later.<\/div>\n                <input name=\"url\"\n                       type=\"text\"\n                       placeholder=\"Ingrese su dominio aqu\u00ed\">\n                                <button type=\"submit\"\n                        class=\"sitechecker__text\">\n                    <span>Lanzar auditor\u00eda<\/span>\n                    <img src=\"\/wp-content\/themes\/sitechecker\/out\/img_design\/loading.svg\"\n                         width=\"31\"\n                         height=\"30\"\n                         class=\"loading\">\n                <\/button>\n            <\/form>\n        <\/div>\n    <\/div>\n    <\/p>","protected":false},"excerpt":{"rendered":"Est\u00e1 intentando acceder a su sitio web y recibe el mensaje de que no est\u00e1 disponible. Es posible que desee ponerse en contacto con su proveedor de alojamiento web de inmediato. Pero entonces las dudas comienzan a surgir. \u00bfEste sitio est\u00e1 ca\u00eddo? \u00bfO son solo algunos problemas con su proveedor de Internet? O, tal vez,&#8230;","protected":false},"author":10409641,"featured_media":7891,"parent":0,"menu_order":0,"comment_status":"closed","ping_status":"closed","template":"pages-templates\/pages-minitools.php","meta":[],"categories":[73],"tags":[],"_links":{"self":[{"href":"https:\/\/sitechecker.pro\/es\/wp-json\/wp\/v2\/pages\/7349"}],"collection":[{"href":"https:\/\/sitechecker.pro\/es\/wp-json\/wp\/v2\/pages"}],"about":[{"href":"https:\/\/sitechecker.pro\/es\/wp-json\/wp\/v2\/types\/page"}],"author":[{"embeddable":true,"href":"https:\/\/sitechecker.pro\/es\/wp-json\/wp\/v2\/users\/10409641"}],"replies":[{"embeddable":true,"href":"https:\/\/sitechecker.pro\/es\/wp-json\/wp\/v2\/comments?post=7349"}],"version-history":[{"count":35,"href":"https:\/\/sitechecker.pro\/es\/wp-json\/wp\/v2\/pages\/7349\/revisions"}],"predecessor-version":[{"id":35279,"href":"https:\/\/sitechecker.pro\/es\/wp-json\/wp\/v2\/pages\/7349\/revisions\/35279"}],"wp:featuredmedia":[{"embeddable":true,"href":"https:\/\/sitechecker.pro\/es\/wp-json\/wp\/v2\/media\/7891"}],"wp:attachment":[{"href":"https:\/\/sitechecker.pro\/es\/wp-json\/wp\/v2\/media?parent=7349"}],"wp:term":[{"taxonomy":"category","embeddable":true,"href":"https:\/\/sitechecker.pro\/es\/wp-json\/wp\/v2\/categories?post=7349"},{"taxonomy":"post_tag","embeddable":true,"href":"https:\/\/sitechecker.pro\/es\/wp-json\/wp\/v2\/tags?post=7349"}],"curies":[{"name":"wp","href":"https:\/\/api.w.org\/{rel}","templated":true}]}}