{"id":723,"date":"2020-07-07T10:58:15","date_gmt":"2020-07-07T08:58:15","guid":{"rendered":"https:\/\/sitechecker.pro\/?page_id=723"},"modified":"2026-02-20T14:21:36","modified_gmt":"2026-02-20T14:21:36","slug":"serp","status":"publish","type":"page","link":"https:\/\/sitechecker.pro\/es\/serp\/","title":{"rendered":"Comprobador de SERP gratuito | Encuentre la posici\u00f3n del sitio y los competidores \u2611"},"content":{"rendered":"<p><\/p>\n<h2 id=\"par1\">\u00bfQu\u00e9 es la herramienta Google SERP Checker?<\/h2>\n<p>Google SERP Checker es una herramienta que te ayuda a examinar las <a href=\"https:\/\/sitechecker.pro\/google-serp-meaning-features-examples\/\" target=\"_blank\" rel=\"noopener noreferrer\">SERP<\/a> de cualquier palabra clave en diferentes dispositivos, regiones e idiomas para ver a tus competidores y tu posici\u00f3n en las SERP. Adem\u00e1s, la herramienta te permite seguir la din\u00e1mica de la distribuci\u00f3n del ranking, es decir, c\u00f3mo cambian tu posici\u00f3n y la de tus competidores a lo largo de un periodo definido.<\/p>\n<h3>Free SERP Checker ofrece varios beneficios<\/h3>\n<ul>\n<li><strong>Resultados de b\u00fasqueda en escritorio y m\u00f3vil: <\/strong>Permite ver d\u00f3nde sit\u00faa geogr\u00e1ficamente al buscador la p\u00e1gina de resultados. Se dirige a los usuarios que desean ver resultados actualizados de varias regiones, como Estados Unidos, Europa y Asia.<\/li>\n<li><strong>Ubicaciones: pa\u00edses y ciudades: <\/strong>Esta funci\u00f3n mejora la promoci\u00f3n de su sitio en los resultados de b\u00fasqueda locales especificando el pa\u00eds y la ciudad para los que desea realizar un seguimiento de los resultados de b\u00fasqueda org\u00e1nica. Esto es especialmente valioso para las empresas centradas en territorios espec\u00edficos.<\/li>\n<li><strong>Multi-Languages: <\/strong>La herramienta proporciona resultados m\u00e1s precisos en diferentes idiomas, lo que resulta \u00fatil cuando se realizan b\u00fasquedas en idiomas distintos del ingl\u00e9s.<\/li>\n<li><strong>Instant\u00e1nea del Top 100: <\/strong>Ofrece una representaci\u00f3n visual de los resultados de la b\u00fasqueda de una palabra clave.<\/li>\n<li><strong>Gr\u00e1fico del Top 100: <\/strong>Un gr\u00e1fico que ilustra los cambios en la competencia, permiti\u00e9ndole seleccionar resultados y controlar las tendencias a lo largo del tiempo.<\/li>\n<li><strong>SERP features: <\/strong>Identifican elementos especiales en la p\u00e1gina de resultados del motor de b\u00fasqueda, como Fragmentos Destacados y Fragmentos Enriquecidos, e indican si tu palabra clave alcanza dicha visibilidad.<\/li>\n<\/ul>\n<h3>Caracter\u00edsticas principales de la herramienta de seguimiento SERP<\/h3>\n<ol>\n<li><strong>Panel unificado: <\/strong>Obt\u00e9n una vista centralizada de varias m\u00e9tricas SEO y puntos de datos.<\/li>\n<li><strong>Interfaz amigable: <\/strong>Disfruta de la facilidad de uso que te permite navegar y utilizar sus funciones sin ning\u00fan problema.<\/li>\n<li><strong>Conjunto completo de herramientas SEO: <\/strong>Emplea un conjunto de herramientas para cubrir diferentes aspectos del SEO, desde <a href=\"https:\/\/sitechecker.pro\/rank-tracker\/\" rel=\"noopener noreferrer\" target=\"_blank\">seguimiento de rankings<\/a> hasta rendimiento de backlinks y alertas sobre problemas cr\u00edticos.<\/li>\n<\/ol>\n<h2 id=\"par2\">C\u00f3mo manejar Google SERP Checker &amp; Rastreador<\/h2>\n<p>Cuando un usuario introduce una palabra clave, SERP Check Online Tool le dar\u00e1 datos sobre la p\u00e1gina de resultados. Esta informaci\u00f3n te ayuda a dise\u00f1ar tu promoci\u00f3n de forma m\u00e1s efectiva porque ya sabes qu\u00e9 hacer para mejorar la posici\u00f3n de tu web.<\/p>\n<h3>Paso 1: Crear un proyecto<\/h3>\n<p>As\u00ed pues, escribe la URL de tu dominio en el cuadro de b\u00fasqueda de la p\u00e1gina SERP Checker Online y haz clic en &#8220;Comprobar SERP&#8221;. A continuaci\u00f3n, le mostraremos im\u00e1genes de los pasos.<\/p>\n<div class=\"content__img-wrap\"><img src=\"https:\/\/sitechecker.pro\/wp-content\/uploads\/2023\/11\/google-serp-checker.png\" alt=\"Google SERP Checker\" class=\"description-img description-img-zoom\" loading=\"lazy\" ><\/div>\n<div class=\"important-block\">Para recibir resultados y acceder a las funciones de Sitechecker durante 14 d\u00edas, comience su prueba GRATUITA. Registrarse es f\u00e1cil con su cuenta de correo electr\u00f3nico, Google o Facebook. No se necesita tarjeta de cr\u00e9dito.<\/div>\n<h3>Paso 2: Configuraci\u00f3n de palabras clave<\/h3>\n<p>Elija y examine sin esfuerzo el posicionamiento de las consultas de b\u00fasqueda mediante una de estas tres estrategias: adquiriendo recomendaciones, aprovechando los datos de Google Search Console (GSC) o importando desde una hoja de c\u00e1lculo de Excel.<\/p>\n<div class=\"content__img-wrap\"><img src=\"https:\/\/sitechecker.pro\/wp-content\/uploads\/2024\/02\/1-Keywords-Setup-.png\" alt=\"Keywords Setup\" class=\"description-img description-img-zoom\" loading=\"lazy\" ><\/div>\n<p>La herramienta permite identificar todas las frases clave que se sabe que est\u00e1n asociadas a las clasificaciones existentes de su sitio. Elija las que se ajusten a sus objetivos de marketing y supervise su rendimiento con regularidad.<\/p>\n<div class=\"content__img-wrap\"><img src=\"https:\/\/sitechecker.pro\/wp-content\/uploads\/2024\/02\/2-keyword-suggestion.png\" alt=\"keyword-suggestion\" class=\"description-img description-img-zoom\" loading=\"lazy\" ><\/div>\n<p>Elija la opci\u00f3n &#8220;Google Search Console&#8221; para importar frases clave y evaluar sus posiciones para estos t\u00e9rminos. A continuaci\u00f3n, aparecer\u00e1 un cuadro de di\u00e1logo para crear una conexi\u00f3n con Google Search Console y Analytics.<\/p>\n<div class=\"content__img-wrap\"><img src=\"https:\/\/sitechecker.pro\/wp-content\/uploads\/2024\/02\/3-connection-with-Google-Search-Console-and-Analytics..png\" alt=\"connection with Google Search Console and Analytics\" class=\"description-img description-img-zoom\" loading=\"lazy\" ><\/div>\n<p>Esta funci\u00f3n permite a nuestra herramienta recuperar frases clave de Google Search Console, incluidos sus datos de clasificaci\u00f3n actuales, y a\u00f1adirlas sin problemas a su lista de seguimiento.<\/p>\n<div class=\"content__img-wrap\"><img src=\"https:\/\/sitechecker.pro\/wp-content\/uploads\/2024\/02\/4-key-phrases-from-Google-Search-Console.png\" alt=\"key phrases from Google Search Console\" class=\"description-img description-img-zoom\" loading=\"lazy\" ><\/div>\n<p>Haz clic en el bot\u00f3n &#8220;Archivo de Excel&#8221; para importar tu colecci\u00f3n personalizada de consultas de b\u00fasqueda desde una hoja de c\u00e1lculo de Excel. La herramienta proporciona un formato f\u00e1cil de usar que simplifica el proceso de a\u00f1adir numerosas consultas espec\u00edficas para un seguimiento y an\u00e1lisis a medida.<\/p>\n<div class=\"content__img-wrap\"><img src=\"https:\/\/sitechecker.pro\/wp-content\/uploads\/2024\/02\/5-Import-keywords.png\" alt=\"Import keywords\" class=\"description-img description-img-zoom\" loading=\"lazy\" ><\/div>\n<p>Del mismo modo, tiene la opci\u00f3n de modificar las configuraciones del motor de b\u00fasqueda. Esta funci\u00f3n le permite especificar su p\u00fablico objetivo y afinar sus preferencias de motores de b\u00fasqueda, abarcando aspectos como ubicaciones geogr\u00e1ficas, idiomas y tipos de dispositivos, incluidos los de sobremesa y los m\u00f3viles.<\/p>\n<div class=\"content__img-wrap\"><img src=\"https:\/\/sitechecker.pro\/wp-content\/uploads\/2024\/02\/6-Select-search-engine-.png\" alt=\"Select search engine\" class=\"description-img description-img-zoom\" loading=\"lazy\" ><\/div>\n<p>Despu\u00e9s de configurar sus preferencias, haga clic en &#8220;A\u00f1adir&#8221;.<\/p>\n<p>A continuaci\u00f3n, la funci\u00f3n &#8220;Administrar palabras clave&#8221; le permite organizar sus frases clave en categor\u00edas y secuenciarlas por p\u00e1ginas de acuerdo con su enfoque de marketing.<\/p>\n<div class=\"content__img-wrap\"><img src=\"https:\/\/sitechecker.pro\/wp-content\/uploads\/2024\/02\/manage-keywords.png\" alt=\"Manage Keywords\" class=\"description-img description-img-zoom\" loading=\"lazy\" ><\/div>\n<h3>Paso 3: Recopilar datos SERP para palabras clave de destino &amp; URLs<\/h3>\n<p>Una vez a\u00f1adidas las palabras clave, la herramienta recopila datos de resultados de b\u00fasqueda para estos t\u00e9rminos y genera una lista de solicitudes rastreables. En este punto, puede agrupar las palabras clave relevantes para el seguimiento, las URL, incluido el volumen de b\u00fasqueda y la presencia de fragmentos destacados, entre otras m\u00e9tricas.<\/p>\n<div class=\"content__img-wrap\"><img src=\"https:\/\/sitechecker.pro\/wp-content\/uploads\/2024\/02\/8-Check-Serp.png\" alt=\"Check Serp\" class=\"description-img description-img-zoom\" loading=\"lazy\" ><\/div>\n<p>Al hacer clic en el bot\u00f3n SERP se accede a una pantalla que muestra los resultados de b\u00fasqueda para una palabra clave espec\u00edfica, su clasificaci\u00f3n y opciones para comparar su rendimiento con el de la competencia:<\/p>\n<div class=\"content__img-wrap\"><img src=\"https:\/\/sitechecker.pro\/wp-content\/uploads\/2024\/02\/9-Keyword-SERP-statistics.png\" alt=\"Keyword SERP statistics\" class=\"description-img description-img-zoom\" loading=\"lazy\" ><\/div>\n<h2 id=\"par3\">Caracter\u00edsticas adicionales de SERP Position Checker<\/h2>\n<p>Nuestro <a href=\"https:\/\/sitechecker.pro\/rank-tracker\/\" target=\"_blank\" rel=\"noopener noreferrer\">Google SERP tracker<\/a> muestra las tendencias de posicionamiento de palabras clave en el TOP-100 de Google. Filtra por posici\u00f3n, volumen o grupos personalizados para obtener informaci\u00f3n sobre el rendimiento.<\/p>\n<div class=\"content__img-wrap\"><img src=\"https:\/\/sitechecker.pro\/wp-content\/uploads\/2023\/11\/google-serp-additional-features.png\" alt=\"Google SERP Additional Features\" class=\"description-img description-img-zoom\" loading=\"lazy\" ><\/div>\n<p>El gr\u00e1fico muestra la clasificaci\u00f3n diaria, semanal o mensual de su sitio y marca las palabras clave a\u00f1adidas. Adem\u00e1s, puede ver la clasificaci\u00f3n general, la visibilidad y las p\u00e1ginas de su sitio en el \u00edndice de Google, as\u00ed como notas sobre las actualizaciones de Google.<\/p>\n<p>Puede realizar un seguimiento de los cambios por palabras clave, posiciones y p\u00e1ginas.<\/p>\n<div class=\"content__img-wrap\"><img src=\"https:\/\/sitechecker.pro\/wp-content\/uploads\/2023\/11\/google-serp-track-changes.png\" alt=\"Google SERP Track Changes\" class=\"description-img description-img-zoom\" loading=\"lazy\" ><\/div>\n<p>Adem\u00e1s, analice los datos de palabras clave individuales para ver las fluctuaciones de los resultados de b\u00fasqueda, el comportamiento de la competencia y los cambios en sus clasificaciones durante el periodo elegido.<\/p>\n<h2 id=\"par4\">Idea Final<\/h2>\n<p>La Herramienta de An\u00e1lisis SERP de <a href=\"http:\/\/sitechecker.pro\" target=\"_blank\" rel=\"noopener noreferrer\">Sitechecker<\/a> est\u00e1 dise\u00f1ada para ayudar en el seguimiento del ranking de un sitio web en las p\u00e1ginas de resultados de los motores de b\u00fasqueda. Cuenta con un panel de control unificado con una interfaz f\u00e1cil de usar y un completo conjunto de herramientas de SEO. Su funcionalidad incluye el seguimiento de las clasificaciones en ordenadores de sobremesa y m\u00f3viles, en varias ubicaciones e idiomas, y proporciona datos visuales a trav\u00e9s de instant\u00e1neas y gr\u00e1ficos de los 100 primeros resultados. Agiliza el proceso de seguimiento de las posiciones de las palabras clave, el an\u00e1lisis de los cambios en los resultados de b\u00fasqueda y la comparaci\u00f3n con los competidores, con filtros a\u00f1adidos para obtener informaci\u00f3n detallada y la posibilidad de realizar un seguimiento de la visibilidad del sitio y las tendencias de clasificaci\u00f3n a lo largo del tiempo.<\/p>\n<div id=\"par5\"><\/div>\n<p><div class=\"front__faq-block\"><div class=\"faq__block-title\">Preguntas frecuentes<\/div><div class=\"panel-group\" id=\"faq-accordion\" itemscope itemtype=\"https:\/\/schema.org\/FAQPage\" role=\"tablist\" aria-multiselectable=\"true\"><div class=\"panel\" itemscope itemtype=\"https:\/\/schema.org\/Question\" itemprop=\"mainEntity\">\n                            <div class=\"panel-heading\" id=\"headingFaq-1\">\n                                <div class=\"panel-title\" data-toggle=\"collapse\" aria-expanded=\"false\" href=\"#collapseFaq-1\">\n                                    <h3 itemprop=\"name\">\u00bfC\u00f3mo compruebo mi ranking SERP?<\/h3>\n                                <\/div>\n                            <\/div>\n                            <div id=\"collapseFaq-1\" class=\"panel-collapse collapse\" itemprop=\"acceptedAnswer\" itemscope itemtype=\"http:\/\/schema.org\/Answer\">\n                                <div class=\"panel-body\" itemprop=\"text\">Para comprobar su ranking SERP en <a href=\"http:\/\/sitechecker.pro\" target=\"_blank\" rel=\"noopener noreferrer\">Sitechecker.pro<\/a>, cree un proyecto, integre su cuenta de Google , agregue sus palabras clave y use SERP Analyzer para ver sus posiciones.<\/div>\n                            <\/div>\n                        <\/div><div class=\"panel\" itemscope itemtype=\"https:\/\/schema.org\/Question\" itemprop=\"mainEntity\">\n                            <div class=\"panel-heading\" id=\"headingFaq-2\">\n                                <div class=\"panel-title\" data-toggle=\"collapse\" aria-expanded=\"false\" href=\"#collapseFaq-2\">\n                                    <h3 itemprop=\"name\">\u00bfLa herramienta SERP Checker es gratuita?<\/h3>\n                                <\/div>\n                            <\/div>\n                            <div id=\"collapseFaq-2\" class=\"panel-collapse collapse\" itemprop=\"acceptedAnswer\" itemscope itemtype=\"http:\/\/schema.org\/Answer\">\n                                <div class=\"panel-body\" itemprop=\"text\"><a href=\"http:\/\/sitechecker.pro\" target=\"_blank\" rel=\"noopener noreferrer\">Sitechecker.pro<\/a> ofrece una prueba gratuita de su herramienta SERP Checker, y es posible que se requiera acceso adicional una suscripci\u00f3n despu\u00e9s del per\u00edodo de prueba.<\/div>\n                            <\/div>\n                        <\/div><div class=\"panel\" itemscope itemtype=\"https:\/\/schema.org\/Question\" itemprop=\"mainEntity\">\n                            <div class=\"panel-heading\" id=\"headingFaq-3\">\n                                <div class=\"panel-title\" data-toggle=\"collapse\" aria-expanded=\"false\" href=\"#collapseFaq-3\">\n                                    <h3 itemprop=\"name\">\u00bfC\u00f3mo puedo monitorear SERP?<\/h3>\n                                <\/div>\n                            <\/div>\n                            <div id=\"collapseFaq-3\" class=\"panel-collapse collapse\" itemprop=\"acceptedAnswer\" itemscope itemtype=\"http:\/\/schema.org\/Answer\">\n                                <div class=\"panel-body\" itemprop=\"text\">Supervise los resultados de b\u00fasqueda utilizando peri\u00f3dicamente la herramienta de an\u00e1lisis SERP para realizar un seguimiento de sus palabras clave&apos; posiciones, comparar con competidores y analizar tendencias de clasificaci\u00f3n a lo largo del tiempo.<\/div>\n                            <\/div>\n                        <\/div><\/div><\/div><\/p>","protected":false},"excerpt":{"rendered":"\u00bfQu\u00e9 es la herramienta Google SERP Checker? Google SERP Checker es una herramienta que te ayuda a examinar las SERP de cualquier palabra clave en diferentes dispositivos, regiones e idiomas para ver a tus competidores y tu posici\u00f3n en las SERP. Adem\u00e1s, la herramienta te permite seguir la din\u00e1mica de la distribuci\u00f3n del ranking, es&#8230;","protected":false},"author":10409641,"featured_media":3416,"parent":0,"menu_order":0,"comment_status":"closed","ping_status":"closed","template":"pages-templates\/pages-minitools.php","meta":[],"categories":[75],"tags":[],"_links":{"self":[{"href":"https:\/\/sitechecker.pro\/es\/wp-json\/wp\/v2\/pages\/723"}],"collection":[{"href":"https:\/\/sitechecker.pro\/es\/wp-json\/wp\/v2\/pages"}],"about":[{"href":"https:\/\/sitechecker.pro\/es\/wp-json\/wp\/v2\/types\/page"}],"author":[{"embeddable":true,"href":"https:\/\/sitechecker.pro\/es\/wp-json\/wp\/v2\/users\/10409641"}],"replies":[{"embeddable":true,"href":"https:\/\/sitechecker.pro\/es\/wp-json\/wp\/v2\/comments?post=723"}],"version-history":[{"count":137,"href":"https:\/\/sitechecker.pro\/es\/wp-json\/wp\/v2\/pages\/723\/revisions"}],"predecessor-version":[{"id":39440,"href":"https:\/\/sitechecker.pro\/es\/wp-json\/wp\/v2\/pages\/723\/revisions\/39440"}],"wp:featuredmedia":[{"embeddable":true,"href":"https:\/\/sitechecker.pro\/es\/wp-json\/wp\/v2\/media\/3416"}],"wp:attachment":[{"href":"https:\/\/sitechecker.pro\/es\/wp-json\/wp\/v2\/media?parent=723"}],"wp:term":[{"taxonomy":"category","embeddable":true,"href":"https:\/\/sitechecker.pro\/es\/wp-json\/wp\/v2\/categories?post=723"},{"taxonomy":"post_tag","embeddable":true,"href":"https:\/\/sitechecker.pro\/es\/wp-json\/wp\/v2\/tags?post=723"}],"curies":[{"name":"wp","href":"https:\/\/api.w.org\/{rel}","templated":true}]}}