{"id":7190,"date":"2019-06-04T10:11:38","date_gmt":"2019-06-04T10:11:38","guid":{"rendered":"https:\/\/sitechecker.pro\/?page_id=7190"},"modified":"2025-01-13T21:39:38","modified_gmt":"2025-01-13T21:39:38","slug":"dns-checker","status":"publish","type":"page","link":"https:\/\/sitechecker.pro\/es\/dns-checker\/","title":{"rendered":"Comprobador DNS: Buscar registros DNS para un sitio web espec\u00edfico"},"content":{"rendered":"<p>Una comprobaci\u00f3n de DNS es \u00fatil para detectar y resolver problemas de funcionalidad y capacidad de b\u00fasqueda al crear un nuevo sitio web. Adem\u00e1s de ser \u00fatil para crear sitios nuevos, un DNS adecuado tambi\u00e9n es esencial para actualizar los registros de los sitios existentes, as\u00ed como para revisar la configuraci\u00f3n de un servidor de correo, como una red de correo interna de la empresa.<\/p>\n<h2 id=\"ik_What_DNS\">\u00bfQu\u00e9 es una b\u00fasqueda de DNS?<\/h2>\n<p>El sistema de nombres de dominio (DNS) es un sistema de nombres que se utiliza para identificar equipos y otros recursos accesibles en l\u00ednea. El DNS hace esto asociando los nombres de dominio con otras formas de informaci\u00f3n. Al asignar nombres de dominio a direcciones IP num\u00e9ricas, las computadoras pueden buscar servicios y dispositivos.<\/p>\n<p>Para obtener m\u00e1s informaci\u00f3n sobre qu\u00e9 es DNS, mire el video del <a href=\"https:\/\/www.youtube.com\/c\/GoDaddy\" rel=\"noopener noreferrer\" target=\"_blank\">equipo de Techquickie<\/a>.<\/p>\n<p><iframe title=\"Reproductor de video de YouTube\" src=\"https:\/\/www.youtube.com\/embed\/Rck3BALhI5c\" width=\"770\" height=\"350\" frameborder=\"0\" allowfullscreen=\"allowfullscreen\"><\/iframe><\/p>\n<p>En pocas palabras, es la gu\u00eda telef\u00f3nica de Internet, pero en lugar de usar n\u00fameros de tel\u00e9fono y nombres, usa direcciones IP y dominios.<\/p>\n<p>La informaci\u00f3n del dominio se mantiene en servidores DNS y se utilizan registros de recursos para agregar esta informaci\u00f3n al sistema. Un servidor puede comunicar informaci\u00f3n del dominio con otros servidores mediante el uso de registros de recursos.<\/p>\n<p>En efecto, la dependencia del DNS de los registros de recursos significa que no puede encontrar dominios con registros de recursos no registrados. Cuando eso sucede, las operaciones del sitio web se vuelven imposibles.<\/p>\n<p>Pero primero debe delegar el dominio, es decir, registrar sus servidores antes de especificar registros de recursos. Existen algunos tipos de registros de recursos clave: A, CNAME, MX, TXT y SPF.<\/p>\n<h2 id=\"ik_Using\">C\u00f3mo usar la herramienta DNS Checker<\/h2>\n<h3>Paso 1: inserte su URL<\/h3>\n<p>Ingrese un nombre de dominio y presione \u201cIniciar\u201d. Para obtener los mejores resultados, ingrese el nombre de dominio completo. Lo ideal es que su b\u00fasqueda incluya \u201chttps:\/\/www.\u201d antes del nombre de dominio; por ejemplo, ingrese \u201chttps:\/\/sitechecker.pro\/\u201d en lugar de solo \u201csitechecker.pro\u201d.<\/p>\n<div class=\"content__img-wrap\"><img src=\"https:\/\/sitechecker.pro\/wp-content\/uploads\/2022\/04\/dns-lookup-3-1.jpg\" alt=\"C\u00f3mo ingresar un nombre de dominio para una b\u00fasqueda de DNS\" class=\"description-img description-img-zoom\" loading=\"lazy\" ><\/div>\n<h3>Paso 2: an\u00e1lisis de los resultados de la b\u00fasqueda de DNS<\/h3>\n<p>Despl\u00e1cese hacia abajo en la p\u00e1gina para <b>inspeccionar<\/b> el recurso <b>visor de registros <\/b>en busca de <b>comprobaciones de sitios<\/b>. Es posible que veas algo como lo siguiente, aunque no todos los sitios de la <b>web<\/b> tienen tantos <b>registros<\/b> para <b>ver<\/b>:<\/p>\n<div class=\"content__img-wrap\"><img src=\"https:\/\/sitechecker.pro\/wp-content\/uploads\/2022\/04\/dns-lookup-4-1.jpg\" alt=\"Informaci\u00f3n de registro de muestra con la herramienta de b\u00fasqueda DNS\" class=\"description-img description-img-zoom\" loading=\"lazy\" ><\/div>\n<p>Despu\u00e9s de obtener b\u00fasquedas de registros <b>gratuitas<\/b> para tu <b>sitio<\/b>, debes <a href=\"https:\/\/sitechecker.pro\/ip-checker\/\"><b>verificar<\/b><\/a><b>direcciones IP<\/b> de tu <b>sitio web<\/b> y del <b>proveedor de alojamiento<\/b> de tu <b>sitio web<\/b>. Tambi\u00e9n vale la pena verificar los sitios web de tus competidores, as\u00ed como sus <b>proveedores de alojamiento<\/b>.<\/p>\n<h2 id=\"ik_Types\">Explicaci\u00f3n de los tipos de registros DNS m\u00e1s comunes<\/h2>\n<p>La entrada A (direcci\u00f3n) es un registro clave necesario para conectar el dominio con la direcci\u00f3n IP del servidor. El registro A se utiliza para decidir desde qu\u00e9 servidor se abrir\u00e1 el sitio cuando se escribe el nombre del sitio en la barra de direcciones del navegador. El sitio no funcionar\u00e1 hasta que se registre el registro A.<\/p>\n<h3>CNAME<\/h3>\n<p>El objetivo principal de CNAME (nombre can\u00f3nico) es duplicar los registros de recursos de dominio (A, MX y TXT) para diferentes subdominios. El registro CNAME tambi\u00e9n se encarga de unir subdominios (por ejemplo, app.sitechecker.pro) con nombres de dominio can\u00f3nicos (por ejemplo, sitechecker.pro) u otro dominio.<\/p>\n<h3>MX<\/h3>\n<p>Los registros MX son esenciales para la entrega de correo del servidor. Gracias a los registros MX, la parte remitente sabe a qu\u00e9 servidor enviar el correo de su dominio.<\/p>\n<h3>TXT<\/h3>\n<p>TXT (cadena de texto) es un registro de dominio que contiene cualquier informaci\u00f3n de texto. Puede registrar una cantidad infinita de registros TXT, siempre que no se contradigan entre s\u00ed. Los registros TXT tambi\u00e9n se pueden utilizar para varias cosas, entre ellas:<\/p>\n<ul>\n<li style=\"font-weight: 400;\" aria-level=\"1\">Para <b>mostrar<\/b> prueba de la propiedad del <b>dominio<\/b><\/li>\n<li style=\"font-weight: 400;\" aria-level=\"1\">Para la seguridad del correo electr\u00f3nico<\/li>\n<li style=\"font-weight: 400;\" aria-level=\"1\">Para la confirmaci\u00f3n de un certificado SSL<\/li>\n<\/ul>\n<h3>SPF<\/h3>\n<p>El registro SPF (Sender Policy Framework) se almacena en los registros TXT del <b>dominio<\/b>. Contiene <b>informaci\u00f3n<\/b> sobre la <b>lista<\/b> de <b>servidores<\/b> autorizados para entregar correo en nombre de un determinado <b>dominio<\/b>.<\/p>\n<h3>NS<\/h3>\n<p>El registro NS (servidor de nombres autorizado) hace referencia a los servidores que se encargan de mantener los registros de recursos restantes del dominio y es fundamental para el DNS. La cantidad de registros NS debe coincidir exactamente con la cantidad de servidores que los proporcionan.<\/p>\n<h3>SOA<\/h3>\n<p>Otro registro importante es el SOA (inicio de autoridad). Es el primer elemento de la zona y especifica en qu\u00e9 servidor se guarda la informaci\u00f3n de referencia del nombre de dominio.<\/p>\n<h2 id=\"ik_Cases\">Casos en los que es necesaria una comprobaci\u00f3n de DNS<\/h2>\n<h3>Creaci\u00f3n de un sitio web<\/h3>\n<p>La configuraci\u00f3n de los registros DNS es una de las tareas que deber\u00e1 realizar al crear un nuevo sitio web. Casi todos los proveedores de alojamiento web ofrecen servidores DNS dedicados que puede utilizar para configurar los registros DNS de su sitio. Si desea utilizar servidores DNS de otra empresa, deber\u00e1 apuntar los registros NS del proveedor de alojamiento all\u00ed.<\/p>\n<h3>Actualizaci\u00f3n de registros DNS<\/h3>\n<p>Al modificar los registros DNS, es posible que determinados servidores DNS almacenen en cach\u00e9 la versi\u00f3n anterior de sus registros. Por lo tanto, si ha modificado recientemente sus registros DNS, deber\u00eda utilizar un comprobador de DNS para comprobar si los servidores est\u00e1n enviando registros nuevos o antiguos. La mayor\u00eda de los servidores eliminar\u00e1n la versi\u00f3n obsoleta, pero la propagaci\u00f3n puede llevar alg\u00fan tiempo.<\/p>\n<h3>Configuraci\u00f3n de servidores de correo<\/h3>\n<p>El correo electr\u00f3nico es una red descentralizada formada por varios servidores de correo independientes. Los registros MX especifican a qu\u00e9 servidor debe reenviar el remitente un correo electr\u00f3nico para un dominio espec\u00edfico. Asimismo, para reducir el correo no deseado, los datos SPF se almacenan en registros TXT.<\/p>\n<p>Gmail y Yahoo, por ejemplo, pueden actualizar sus servidores de correo por separado, por lo que se requiere un DNS para enviar estos cambios. Puede utilizar un <b>verificador de DNS<\/b> para <b>inspeccionar <\/b>estas configuraciones.<\/p>\n    <div class=\"blog__conversion blog__conversion-app element__logged_out\">\n        <div class=\"blog__conversion-inner\">\n            <p class=\"title\">\u00a1Detecta no solo problemas de DNS, sino tambi\u00e9n otros tipos de problemas t\u00e9cnicos en tu sitio!<\/p>\n            <p class=\"description\">Rastrea tu sitio y descubre todo tipo de problemas que pueden afectar a tus usuarios o al SEO de tu sitio web.<\/p>\n            <form id=\"audit__form\"\n                  class=\"article__seo-search audit__form Rastrea tu sitio y descubre todo tipo de problemas que pueden afectar a tus usuarios o al SEO de tu sitio web.\"\n                  action=\"\"\n                  method=\"POST\"\n                  autocomplete=\"off\">\n                <span class=\"error\"><\/span>\n                <div class=\"error__limits\">Something went wrong. Please, try again later.<\/div>\n                <input name=\"url\"\n                       type=\"text\"\n                       placeholder=\"Ingresa tu dominio aqu\u00ed\">\n                                <button type=\"submit\"\n                        class=\"sitechecker__text\">\n                    <span>Iniciar auditor\u00eda<\/span>\n                    <img src=\"\/wp-content\/themes\/sitechecker\/out\/img_design\/loading.svg\"\n                         width=\"31\"\n                         height=\"30\"\n                         class=\"loading\">\n                <\/button>\n            <\/form>\n        <\/div>\n    <\/div>\n    \n<p><div class=\"front__faq-block\"><div class=\"faq__block-title\">Preguntas frecuentes<\/div><div class=\"panel-group\" id=\"faq-accordion\" itemscope itemtype=\"https:\/\/schema.org\/FAQPage\" role=\"tablist\" aria-multiselectable=\"true\"><div class=\"panel\" itemscope itemtype=\"https:\/\/schema.org\/Question\" itemprop=\"mainEntity\">\n                            <div class=\"panel-heading\" id=\"headingFaq-1\">\n                                <div class=\"panel-title\" data-toggle=\"collapse\" aria-expanded=\"false\" href=\"#collapseFaq-1\">\n                                    <h3 itemprop=\"name\">\u00bfCu\u00e1les son las otras formas de comprobar los registros DNS?<\/h3>\n                                <\/div>\n                            <\/div>\n                            <div id=\"collapseFaq-1\" class=\"panel-collapse collapse\" itemprop=\"acceptedAnswer\" itemscope itemtype=\"http:\/\/schema.org\/Answer\">\n                                <div class=\"panel-body\" itemprop=\"text\">Si utiliza Cloud DNS, puede examinar sus registros DNS en el Panel de control de Cloud. Adem\u00e1s, Microsoft Windows tiene nslookup, una herramienta de l\u00ednea de comandos integrada para comprobar los registros DNS. Para acceder a nslookup, abra una ventana del s\u00edmbolo del sistema abriendo el Men\u00fa de inicio de Windows o presionando la tecla Windows en su teclado. Luego, simplemente escriba 'nslookup' mientras el Men\u00fa de inicio est\u00e1 abierto.<\/div>\n                            <\/div>\n                        <\/div><div class=\"panel\" itemscope itemtype=\"https:\/\/schema.org\/Question\" itemprop=\"mainEntity\">\n                            <div class=\"panel-heading\" id=\"headingFaq-2\">\n                                <div class=\"panel-title\" data-toggle=\"collapse\" aria-expanded=\"false\" href=\"#collapseFaq-2\">\n                                    <h3 itemprop=\"name\">\u00bfC\u00f3mo funciona una comprobaci\u00f3n de DNS?<\/h3>\n                                <\/div>\n                            <\/div>\n                            <div id=\"collapseFaq-2\" class=\"panel-collapse collapse\" itemprop=\"acceptedAnswer\" itemscope itemtype=\"http:\/\/schema.org\/Answer\">\n                                <div class=\"panel-body\" itemprop=\"text\">Se puede utilizar una b\u00fasqueda o consulta recursiva o no recursiva cuando un cliente o servidor DNS consulta a otro servidor DNS para recuperar un nombre de dominio. Los clientes utilizan con frecuencia consultas recursivas, mientras que los servidores DNS utilizan consultas no recursivas o iterativas, que solicitan efectivamente al otro servidor DNS que entregue una respuesta o la URL de otro servidor DNS buscador que podr\u00eda tener la respuesta.<\/div>\n                            <\/div>\n                        <\/div><div class=\"panel\" itemscope itemtype=\"https:\/\/schema.org\/Question\" itemprop=\"mainEntity\">\n                            <div class=\"panel-heading\" id=\"headingFaq-3\">\n                                <div class=\"panel-title\" data-toggle=\"collapse\" aria-expanded=\"false\" href=\"#collapseFaq-3\">\n                                    <h3 itemprop=\"name\">\u00bfC\u00f3mo encontrar un servidor DNS?<\/h3>\n                                <\/div>\n                            <\/div>\n                            <div id=\"collapseFaq-3\" class=\"panel-collapse collapse\" itemprop=\"acceptedAnswer\" itemscope itemtype=\"http:\/\/schema.org\/Answer\">\n                                <div class=\"panel-body\" itemprop=\"text\">1) Acceda al S\u00edmbolo del sistema desde el men\u00fa Inicio escribiendo cmd con el men\u00fa Inicio abierto. 2) Escriba ipconfig\/all en el s\u00edmbolo del sistema y presione Entrar. 3) Busque dos cadenas de n\u00fameros en la etiqueta Servidores DNS; el primer n\u00famero es el servidor DNS principal, mientras que el segundo es el servidor secundario.<\/div>\n                            <\/div>\n                        <\/div><div class=\"panel\" itemscope itemtype=\"https:\/\/schema.org\/Question\" itemprop=\"mainEntity\">\n                            <div class=\"panel-heading\" id=\"headingFaq-4\">\n                                <div class=\"panel-title\" data-toggle=\"collapse\" aria-expanded=\"false\" href=\"#collapseFaq-4\">\n                                    <h3 itemprop=\"name\">\u00bfQu\u00e9 es la propagaci\u00f3n de DNS?<\/h3>\n                                <\/div>\n                            <\/div>\n                            <div id=\"collapseFaq-4\" class=\"panel-collapse collapse\" itemprop=\"acceptedAnswer\" itemscope itemtype=\"http:\/\/schema.org\/Answer\">\n                                <div class=\"panel-body\" itemprop=\"text\">La propagaci\u00f3n de DNS es el tiempo que tardan los cambios en los registros en afectar a todos los servidores de Internet. Debido a que los servidores de nombres almacenan en cach\u00e9 la informaci\u00f3n de los registros de dominio durante un tiempo determinado antes de actualizarse, las actualizaciones no son inmediatas. La propagaci\u00f3n de DNS suele tardar unas pocas horas, pero puede tardar hasta 72 horas. El tiempo que tardan sus registros en propagarse est\u00e1 determinado por varias variables, incluido su proveedor de servicios de Internet (ISP), el registro de su dominio y los valores TTL de sus entradas DNS.<\/div>\n                            <\/div>\n                        <\/div><\/div><\/div><\/p>","protected":false},"excerpt":{"rendered":"Una comprobaci\u00f3n de DNS es \u00fatil para detectar y resolver problemas de funcionalidad y capacidad de b\u00fasqueda al crear un nuevo sitio web. Adem\u00e1s de ser \u00fatil para crear sitios nuevos, un DNS adecuado tambi\u00e9n es esencial para actualizar los registros de los sitios existentes, as\u00ed como para revisar la configuraci\u00f3n de un servidor de&#8230;","protected":false},"author":10409641,"featured_media":7897,"parent":0,"menu_order":0,"comment_status":"closed","ping_status":"closed","template":"pages.php","meta":[],"categories":[73],"tags":[],"_links":{"self":[{"href":"https:\/\/sitechecker.pro\/es\/wp-json\/wp\/v2\/pages\/7190"}],"collection":[{"href":"https:\/\/sitechecker.pro\/es\/wp-json\/wp\/v2\/pages"}],"about":[{"href":"https:\/\/sitechecker.pro\/es\/wp-json\/wp\/v2\/types\/page"}],"author":[{"embeddable":true,"href":"https:\/\/sitechecker.pro\/es\/wp-json\/wp\/v2\/users\/10409641"}],"replies":[{"embeddable":true,"href":"https:\/\/sitechecker.pro\/es\/wp-json\/wp\/v2\/comments?post=7190"}],"version-history":[{"count":25,"href":"https:\/\/sitechecker.pro\/es\/wp-json\/wp\/v2\/pages\/7190\/revisions"}],"predecessor-version":[{"id":34887,"href":"https:\/\/sitechecker.pro\/es\/wp-json\/wp\/v2\/pages\/7190\/revisions\/34887"}],"wp:featuredmedia":[{"embeddable":true,"href":"https:\/\/sitechecker.pro\/es\/wp-json\/wp\/v2\/media\/7897"}],"wp:attachment":[{"href":"https:\/\/sitechecker.pro\/es\/wp-json\/wp\/v2\/media?parent=7190"}],"wp:term":[{"taxonomy":"category","embeddable":true,"href":"https:\/\/sitechecker.pro\/es\/wp-json\/wp\/v2\/categories?post=7190"},{"taxonomy":"post_tag","embeddable":true,"href":"https:\/\/sitechecker.pro\/es\/wp-json\/wp\/v2\/tags?post=7190"}],"curies":[{"name":"wp","href":"https:\/\/api.w.org\/{rel}","templated":true}]}}