{"id":6997,"date":"2019-05-27T15:25:15","date_gmt":"2019-05-27T15:25:15","guid":{"rendered":"https:\/\/sitechecker.pro\/?page_id=6997"},"modified":"2025-02-06T09:20:26","modified_gmt":"2025-02-06T09:20:26","slug":"gzip-test","status":"publish","type":"page","link":"https:\/\/sitechecker.pro\/es\/gzip-test\/","title":{"rendered":"Prueba GZIP: compruebe si la compresi\u00f3n GZIP est\u00e1 habilitada en una p\u00e1gina espec\u00edfica \u1408"},"content":{"rendered":"<p><\/p>\n<h2 id=\"par1\">\u00bfQu\u00e9 es un comprobador GZIP?<\/h2>\n<p>El comprobador de compresi\u00f3n GZIP es una herramienta en l\u00ednea dise\u00f1ada para mejorar el rendimiento de los sitios web mediante la comprobaci\u00f3n de la compactaci\u00f3n de datos. Con su ayuda, los propietarios y desarrolladores de sitios web identifican si sus p\u00e1ginas web est\u00e1n comprimidas de forma eficiente. Pueden solucionar problemas relacionados con tiempos de carga lentos y grandes tama\u00f1os de transferencia de datos, mejorando la experiencia del usuario a trav\u00e9s de un acceso m\u00e1s r\u00e1pido al sitio web.<\/p>\n<h3>C\u00f3mo puede beneficiarle la herramienta de compresi\u00f3n GZIP<\/h3>\n<p><strong>Verificaci\u00f3n de la compactaci\u00f3n de datos: <\/strong>Asegura que la funcionalidad de compactaci\u00f3n de datos est\u00e1 activa y disponible en su sitio web.<\/p>\n<p><strong>Supervisi\u00f3n del sitio web: <\/strong>Permite identificar errores de velocidad del sitio en tiempo real, comprender sus causas y realizar un seguimiento de su din\u00e1mica.<\/p>\n<p><strong>Alertas personalizadas: <\/strong>Distribuye notificaciones sobre errores relacionados con problemas de velocidad de descarga para mantenerle informado y proactivo.<\/p>\n<p><strong>Auditor\u00eda del sitio: <\/strong>Identifica r\u00e1pidamente los problemas de velocidad de carga de las p\u00e1ginas web y el rendimiento general del sitio.<\/p>\n<p><strong>Recomendaciones de resoluci\u00f3n de errores: <\/strong>Proporciona consejos pr\u00e1cticos para rectificar estos problemas.<\/p>\n<h3>Caracter\u00edsticas principales de GZIP Compression Tester<\/h3>\n<p><strong>Panel de control unificado: <\/strong>Una plataforma centralizada para la gesti\u00f3n y monitorizaci\u00f3n de las m\u00e9tricas de rendimiento de su sitio web.<\/p>\n<p><strong>Interfaz f\u00e1cil de usar: <\/strong>Asegura una experiencia fluida y facilidad de uso, incluso para aquellos con conocimientos t\u00e9cnicos m\u00ednimos.<\/p>\n<p><strong>Completo conjunto de herramientas SEO: <\/strong>Un completo conjunto de herramientas SEO que proporciona todo lo necesario para optimizar el posicionamiento de su sitio web en los motores de b\u00fasqueda.<\/p>\n<h2 id=\"par2\">C\u00f3mo utilizar el comprobador de compresi\u00f3n GZIP<\/h2>\n<h3>Paso 1: Inserte su dominio<\/h3>\n<p>Nuestro Comprobador GZIP comprueba si la compactaci\u00f3n de datos est\u00e1 activada en el servidor web que aloja su sitio. La herramienta se conectar\u00e1 a su servidor y mostrar\u00e1 si la compactaci\u00f3n de datos est\u00e1 activada y en funcionamiento.<\/p>\n<div class=\"content__img-wrap\"><img src=\"https:\/\/sitechecker.pro\/wp-content\/uploads\/2023\/11\/check-gzip-compression.png\" alt=\"Comprobar compresi\u00f3n GZIP\" class=\"description-img description-img-zoom\" loading=\"lazy\" ><\/div>\n<h3>Paso 2: Interpretar los resultados del comprobador de compresi\u00f3n GZIP<\/h3>\n<p>Debajo del \u00e1rea de entrada, un cuadro de resultados confirma la correcta activaci\u00f3n del algoritmo de compresi\u00f3n. Muestra una notable disminuci\u00f3n del tama\u00f1o de la p\u00e1gina, lo que subraya la eficacia de la optimizaci\u00f3n a la hora de mejorar el rendimiento del sitio web minimizando la transferencia de datos.<\/p>\n<div class=\"content__img-wrap\"><img src=\"https:\/\/sitechecker.pro\/wp-content\/uploads\/2023\/11\/gzip-compression-results.png\" alt=\"Resultados de la compresi\u00f3n GZIP\" class=\"description-img description-img-zoom\" loading=\"lazy\" ><\/div>\n<p>Para una gesti\u00f3n sostenida del estado de compactaci\u00f3n de datos de su sitio web, considere un servicio de monitorizaci\u00f3n que ofrezca capacidades de supervisi\u00f3n continuas las 24 horas del d\u00eda, los 7 d\u00edas de la semana. Inicie su prueba gratuita para acceder a m\u00e1s datos y maximizar la eficacia de SiteChecker. La herramienta recopilar\u00e1 los datos esenciales para supervisar los indicadores clave de salud de su sitio web.<\/p>\n<p><strong>Compruebe la compresi\u00f3n del sitio web y la supervisi\u00f3n integrada<\/strong><\/p>\n<p>Mejore el rendimiento de su sitio web utilizando GZIP Test Online, respaldado por un intuitivo panel de control:<\/p>\n<ul>\n<li><strong>Alertas instant\u00e1neas: <\/strong>Mant\u00e9ngase al tanto de las actualizaciones cruciales, como las optimizaciones para reducir el ancho del DOM, que afectan directamente a las velocidades de carga.<\/li>\n<li>\n<li><strong>Informaci\u00f3n de auditor\u00eda: <\/strong>Acceda a gr\u00e1ficos visuales que muestran el rastro de auditor\u00eda de su sitio, desde la detecci\u00f3n de problemas hasta su resoluci\u00f3n, reflejados en una puntuaci\u00f3n completa del sitio web.<\/li>\n<li><strong>Puntuaci\u00f3n del sitio web<\/strong>.\n<li><strong>Enfoque espec\u00edfico: <\/strong>Utilice filtros para centrarse en las mejoras de la velocidad de la p\u00e1gina.<\/li>\n<li>\n<\/ul>\n<p>Aproveche nuestra herramienta para conseguir una presencia en l\u00ednea fluida, r\u00e1pida y con m\u00e1s b\u00fasquedas.<\/p>\n<div class=\"content__img-wrap\"><img src=\"https:\/\/sitechecker.pro\/wp-content\/uploads\/2023\/11\/site-monitoring.png\" alt=\"Supervisi\u00f3n del sitio\" class=\"description-img description-img-zoom\" loading=\"lazy\" ><\/div>\n<h2 id=\"par3\">Caracter\u00edsticas Adicionales de la Prueba GZIP<\/h2>\n<p>La secci\u00f3n &#8220;Auditor\u00eda del sitio&#8221; de una plataforma de optimizaci\u00f3n web pone de relieve los problemas de velocidad de p\u00e1gina que afectan al rendimiento del sitio y las tasas de conversi\u00f3n. Detecta problemas con la optimizaci\u00f3n de im\u00e1genes, la eficiencia del c\u00f3digo y el tama\u00f1o de los archivos que requieren su atenci\u00f3n. Las puntuaciones de velocidad de la p\u00e1gina de inicio de Mobile y Desktop PageSpeed Insights sirven como puntos de referencia.<\/p>\n<p>La auditor\u00eda tambi\u00e9n confirma las \u00e1reas sin problemas y muestra un gr\u00e1fico de barras con los porcentajes de p\u00e1ginas afectadas. Ofrece una visi\u00f3n completa del rendimiento web para agilizar la carga y los tiempos de las p\u00e1ginas mediante la integraci\u00f3n de la prueba de compresi\u00f3n de datos GZIP.<\/p>\n<div class=\"content__img-wrap\"><img src=\"https:\/\/sitechecker.pro\/wp-content\/uploads\/2023\/11\/additional-features-gzip-test.png\" alt=\"Caracter\u00edsticas adicionales Prueba GZIP\" class=\"description-img description-img-zoom\" loading=\"lazy\" ><\/div>\n<p>Por ejemplo, al seleccionar &#8220;Ver problema&#8221; para el problema de Aplazar im\u00e1genes fuera de pantalla, acceder\u00e1 a una lista de todas las p\u00e1ginas del sitio que experimentan este problema. Esta funci\u00f3n examina el error espec\u00edfico dentro del c\u00f3digo de la p\u00e1gina y ofrece recomendaciones para resolver el problema.<\/p>\n<div class=\"content__img-wrap\"><img src=\"https:\/\/sitechecker.pro\/wp-content\/uploads\/2023\/11\/defer-offscreen-images.png\" alt=\"Aplazar im\u00e1genes fuera de pantalla\" class=\"description-img description-img-zoom\" loading=\"lazy\" ><\/div>\n<h2 id=\"par4\">Idea final<\/h2>\n<p>La prueba GZIP es vital para mejorar los tiempos de carga de los sitios web mediante la compresi\u00f3n de archivos web, permitiendo un acceso m\u00e1s r\u00e1pido al usuario. Verifica la compactaci\u00f3n de datos utilizada en p\u00e1ginas espec\u00edficas, identificando r\u00e1pidamente y ofreciendo soluciones para los problemas de rendimiento. El panel de control unificado, la interfaz f\u00e1cil de usar y el conjunto de herramientas SEO de la herramienta, junto con las alertas instant\u00e1neas y los conocimientos de auditor\u00eda, apoyan la optimizaci\u00f3n proactiva del sitio. Su sistema de monitorizaci\u00f3n proporciona una supervisi\u00f3n continua. El test GZIP es una soluci\u00f3n completa para mantener una presencia en l\u00ednea eficiente y optimizada para SEO.<\/p>\n<div id=\"par5\"><\/div>\n<p><div class=\"front__faq-block\"><div class=\"faq__block-title\">FAQ<\/div><div class=\"panel-group\" id=\"faq-accordion\" itemscope itemtype=\"https:\/\/schema.org\/FAQPage\" role=\"tablist\" aria-multiselectable=\"true\"><div class=\"panel\" itemscope itemtype=\"https:\/\/schema.org\/Question\" itemprop=\"mainEntity\">\n                            <div class=\"panel-heading\" id=\"headingFaq-1\">\n                                <div class=\"panel-title\" data-toggle=\"collapse\" aria-expanded=\"false\" href=\"#collapseFaq-1\">\n                                    <h3 itemprop=\"name\">\u00bfPuede la herramienta de compresi\u00f3n GZIP ayudar a reducir el tiempo de respuesta del servidor?<\/h3>\n                                <\/div>\n                            <\/div>\n                            <div id=\"collapseFaq-1\" class=\"panel-collapse collapse\" itemprop=\"acceptedAnswer\" itemscope itemtype=\"http:\/\/schema.org\/Answer\">\n                                <div class=\"panel-body\" itemprop=\"text\">S\u00ed, al comprimir archivos web, el sitio web de comprobaci\u00f3n GZIP reduce la cantidad de datos transferidos entre el servidor y el cliente. Tambi\u00e9n disminuye el consumo de ancho de banda, lo que afecta al tiempo de respuesta del servidor.<\/div>\n                            <\/div>\n                        <\/div><div class=\"panel\" itemscope itemtype=\"https:\/\/schema.org\/Question\" itemprop=\"mainEntity\">\n                            <div class=\"panel-heading\" id=\"headingFaq-2\">\n                                <div class=\"panel-title\" data-toggle=\"collapse\" aria-expanded=\"false\" href=\"#collapseFaq-2\">\n                                    <h3 itemprop=\"name\">\u00bfAdmite la herramienta de compresi\u00f3n GZIP todo tipo de formatos de archivo y archivos web?<\/h3>\n                                <\/div>\n                            <\/div>\n                            <div id=\"collapseFaq-2\" class=\"panel-collapse collapse\" itemprop=\"acceptedAnswer\" itemscope itemtype=\"http:\/\/schema.org\/Answer\">\n                                <div class=\"panel-body\" itemprop=\"text\">La herramienta de compactaci\u00f3n de datos admite principalmente la compactaci\u00f3n de datos de formatos HTML, CSS y JavaScript. Dichos archivos suelen ver la reducci\u00f3n de tama\u00f1o m\u00e1s significativa y la mejora del rendimiento.<\/div>\n                            <\/div>\n                        <\/div><div class=\"panel\" itemscope itemtype=\"https:\/\/schema.org\/Question\" itemprop=\"mainEntity\">\n                            <div class=\"panel-heading\" id=\"headingFaq-3\">\n                                <div class=\"panel-title\" data-toggle=\"collapse\" aria-expanded=\"false\" href=\"#collapseFaq-3\">\n                                    <h3 itemprop=\"name\">\u00bfAfectar\u00e1 la compactaci\u00f3n de datos GZIP a la calidad del contenido de mi sitio web?<\/h3>\n                                <\/div>\n                            <\/div>\n                            <div id=\"collapseFaq-3\" class=\"panel-collapse collapse\" itemprop=\"acceptedAnswer\" itemscope itemtype=\"http:\/\/schema.org\/Answer\">\n                                <div class=\"panel-body\" itemprop=\"text\">No, la compactaci\u00f3n de datos es una operaci\u00f3n sin p\u00e9rdidas. La herramienta reduce el tama\u00f1o del archivo comprimido sin afectar a la calidad del contenido.<\/div>\n                            <\/div>\n                        <\/div><div class=\"panel\" itemscope itemtype=\"https:\/\/schema.org\/Question\" itemprop=\"mainEntity\">\n                            <div class=\"panel-heading\" id=\"headingFaq-4\">\n                                <div class=\"panel-title\" data-toggle=\"collapse\" aria-expanded=\"false\" href=\"#collapseFaq-4\">\n                                    <h3 itemprop=\"name\">\u00bfC\u00f3mo activar la compresi\u00f3n GZIP?<\/h3>\n                                <\/div>\n                            <\/div>\n                            <div id=\"collapseFaq-4\" class=\"panel-collapse collapse\" itemprop=\"acceptedAnswer\" itemscope itemtype=\"http:\/\/schema.org\/Answer\">\n                                <div class=\"panel-body\" itemprop=\"text\">Para activar la compactaci\u00f3n de datos, configure los ajustes de su servidor web. De esta forma, comprimir\u00e1 los archivos del sitio web antes de enviarlos al navegador. Suele implicar editar su archivo .htaccess (para servidores Apache) o el archivo de configuraci\u00f3n apropiado para otros servidores web como Nginx o IIS. En algunos sistemas de gesti\u00f3n de contenidos, puede utilizar plugins o la configuraci\u00f3n predeterminada para activar la compactaci\u00f3n de datos GZIP.<\/div>\n                            <\/div>\n                        <\/div><div class=\"panel\" itemscope itemtype=\"https:\/\/schema.org\/Question\" itemprop=\"mainEntity\">\n                            <div class=\"panel-heading\" id=\"headingFaq-5\">\n                                <div class=\"panel-title\" data-toggle=\"collapse\" aria-expanded=\"false\" href=\"#collapseFaq-5\">\n                                    <h3 itemprop=\"name\">\u00bfC\u00f3mo interact\u00faa el Comprobador de Compresi\u00f3n GZIP con la cach\u00e9 del navegador?<\/h3>\n                                <\/div>\n                            <\/div>\n                            <div id=\"collapseFaq-5\" class=\"panel-collapse collapse\" itemprop=\"acceptedAnswer\" itemscope itemtype=\"http:\/\/schema.org\/Answer\">\n                                <div class=\"panel-body\" itemprop=\"text\">El Comprobador de Compresi\u00f3n GZIP funciona junto con la cach\u00e9 del navegador reduciendo el tama\u00f1o de los archivos antes de que las versiones comprimidas completas de los archivos se almacenen en la cach\u00e9. Mejora la velocidad de recuperaci\u00f3n en visitas repetidas.<\/div>\n                            <\/div>\n                        <\/div><\/div><\/div><\/p>","protected":false},"excerpt":{"rendered":"\u00bfQu\u00e9 es un comprobador GZIP? El comprobador de compresi\u00f3n GZIP es una herramienta en l\u00ednea dise\u00f1ada para mejorar el rendimiento de los sitios web mediante la comprobaci\u00f3n de la compactaci\u00f3n de datos. Con su ayuda, los propietarios y desarrolladores de sitios web identifican si sus p\u00e1ginas web est\u00e1n comprimidas de forma eficiente. Pueden solucionar problemas&#8230;","protected":false},"author":10409641,"featured_media":6977,"parent":0,"menu_order":0,"comment_status":"closed","ping_status":"closed","template":"pages-templates\/pages-minitools.php","meta":[],"categories":[74],"tags":[],"_links":{"self":[{"href":"https:\/\/sitechecker.pro\/es\/wp-json\/wp\/v2\/pages\/6997"}],"collection":[{"href":"https:\/\/sitechecker.pro\/es\/wp-json\/wp\/v2\/pages"}],"about":[{"href":"https:\/\/sitechecker.pro\/es\/wp-json\/wp\/v2\/types\/page"}],"author":[{"embeddable":true,"href":"https:\/\/sitechecker.pro\/es\/wp-json\/wp\/v2\/users\/10409641"}],"replies":[{"embeddable":true,"href":"https:\/\/sitechecker.pro\/es\/wp-json\/wp\/v2\/comments?post=6997"}],"version-history":[{"count":53,"href":"https:\/\/sitechecker.pro\/es\/wp-json\/wp\/v2\/pages\/6997\/revisions"}],"predecessor-version":[{"id":35340,"href":"https:\/\/sitechecker.pro\/es\/wp-json\/wp\/v2\/pages\/6997\/revisions\/35340"}],"wp:featuredmedia":[{"embeddable":true,"href":"https:\/\/sitechecker.pro\/es\/wp-json\/wp\/v2\/media\/6977"}],"wp:attachment":[{"href":"https:\/\/sitechecker.pro\/es\/wp-json\/wp\/v2\/media?parent=6997"}],"wp:term":[{"taxonomy":"category","embeddable":true,"href":"https:\/\/sitechecker.pro\/es\/wp-json\/wp\/v2\/categories?post=6997"},{"taxonomy":"post_tag","embeddable":true,"href":"https:\/\/sitechecker.pro\/es\/wp-json\/wp\/v2\/tags?post=6997"}],"curies":[{"name":"wp","href":"https:\/\/api.w.org\/{rel}","templated":true}]}}