{"id":6995,"date":"2019-05-27T14:32:42","date_gmt":"2019-05-27T14:32:42","guid":{"rendered":"https:\/\/sitechecker.pro\/?page_id=6995"},"modified":"2026-02-20T14:16:39","modified_gmt":"2026-02-20T14:16:39","slug":"moz-rank","status":"publish","type":"page","link":"https:\/\/sitechecker.pro\/es\/moz-rank\/","title":{"rendered":"Moz Rank Checker: herramienta para comprobar si MozRank tiene un sitio web"},"content":{"rendered":"<p><\/p>\n<h2><strong>Moz Checker: \u00bfPor qu\u00e9 lo necesitas?<\/strong><br \/>\n<strong>\u00a0<\/strong><\/h2>\n<p>Mozrank checker es una herramienta especializada que le ayuda a realizar un seguimiento de las clasificaciones de <a href=\"https:\/\/sitechecker.pro\/es\/serp\/\">SERP<\/a> de diferentes p\u00e1ginas web y de su sitio web en general. Puede analizar f\u00e1cilmente los par\u00e1metros clave de su sitio web, como Domain Authority y Page Authority. Adem\u00e1s, puede compararlo con sus competidores y crear una estrategia de SEO para obtener una clasificaci\u00f3n m\u00e1s alta seg\u00fan el informe.<\/p>\n<p>El uso de Moz SEO checker es bastante f\u00e1cil. Pega una URL que quieras analizar en un campo especial de arriba. En unos segundos, obtendr\u00e1 los par\u00e1metros necesarios: Moz DA y PA.<\/p>\n<h2><\/h2>\n<h2><strong>\u00bfQu\u00e9 es MozRank?<\/strong><\/h2>\n<p>&nbsp;<\/p>\n<p>MozRank significa la puntuaci\u00f3n de popularidad de tu enlace, que se mide por la cantidad de calidad de los enlaces. En primer lugar, mozrank es m\u00e9trico de lo que se cre\u00f3 en mi sitio web de Moz para calcular la tasa de optimizaci\u00f3n del motor de b\u00fasqueda de una determinada p\u00e1gina web o un sitio web. Moz rank calcula esta puntuaci\u00f3n en una escala logar\u00edtmica entre 1 y 10. Por lo tanto, es mucho m\u00e1s f\u00e1cil mejorar de un MozRank de 3 a 4 que mejorar de 8 a 9. Un MozRank &#8220;promedio&#8221; de lo que la mayor\u00eda de la gente piensa de un normal La p\u00e1gina en Internet es de alrededor de 3. El MozRank de una p\u00e1gina web se puede mejorar obteniendo muchos enlaces de p\u00e1ginas semi-populares o algunos enlaces de p\u00e1ginas muy populares.<\/p>\n<p>&nbsp;<\/p>\n<h2><strong>\u00bfC\u00f3mo utilizar esta puntuaci\u00f3n en SEO y marketing?<\/strong><\/h2>\n<p>Como regla general, la puntuaci\u00f3n de Moz es utilizada por webmasters y especialistas en SEO. Es \u00fatil comprender si su perfil de v\u00ednculo de retroceso tiene la calidad suficiente como para competir por los primeros puestos en los resultados de los motores de b\u00fasqueda.<\/p>\n<ul>\n<li>Comb\u00ednelo con <a href=\"https:\/\/sitechecker.pro\/es\/alexa-rank\/\">Alexa Rank Checker<\/a>, Ahrefs Rank Checker y Traffic Checker para investigar los sitios web de sus competidores y sus estrategias de <a href=\"https:\/\/sitechecker.pro\/es\/what-is-seo\/\">SEO<\/a> y marketing.<\/li>\n<li>Eval\u00fae el desempe\u00f1o de su estrategia de construcci\u00f3n de enlaces y compare el perfil de backlinks de su sitio web con los perfiles de backlinks de los sitios web de la competencia.<\/li>\n<\/ul>\n<p><\/p>","protected":false},"excerpt":{"rendered":"Moz Checker: \u00bfPor qu\u00e9 lo necesitas? \u00a0 Mozrank checker es una herramienta especializada que le ayuda a realizar un seguimiento de las clasificaciones de SERP de diferentes p\u00e1ginas web y de su sitio web en general. Puede analizar f\u00e1cilmente los par\u00e1metros clave de su sitio web, como Domain Authority y Page Authority. Adem\u00e1s, puede compararlo&#8230;","protected":false},"author":10409641,"featured_media":6974,"parent":0,"menu_order":0,"comment_status":"closed","ping_status":"closed","template":"pages-templates\/pages-minitools.php","meta":[],"categories":[75],"tags":[],"_links":{"self":[{"href":"https:\/\/sitechecker.pro\/es\/wp-json\/wp\/v2\/pages\/6995"}],"collection":[{"href":"https:\/\/sitechecker.pro\/es\/wp-json\/wp\/v2\/pages"}],"about":[{"href":"https:\/\/sitechecker.pro\/es\/wp-json\/wp\/v2\/types\/page"}],"author":[{"embeddable":true,"href":"https:\/\/sitechecker.pro\/es\/wp-json\/wp\/v2\/users\/10409641"}],"replies":[{"embeddable":true,"href":"https:\/\/sitechecker.pro\/es\/wp-json\/wp\/v2\/comments?post=6995"}],"version-history":[{"count":31,"href":"https:\/\/sitechecker.pro\/es\/wp-json\/wp\/v2\/pages\/6995\/revisions"}],"predecessor-version":[{"id":39438,"href":"https:\/\/sitechecker.pro\/es\/wp-json\/wp\/v2\/pages\/6995\/revisions\/39438"}],"wp:featuredmedia":[{"embeddable":true,"href":"https:\/\/sitechecker.pro\/es\/wp-json\/wp\/v2\/media\/6974"}],"wp:attachment":[{"href":"https:\/\/sitechecker.pro\/es\/wp-json\/wp\/v2\/media?parent=6995"}],"wp:term":[{"taxonomy":"category","embeddable":true,"href":"https:\/\/sitechecker.pro\/es\/wp-json\/wp\/v2\/categories?post=6995"},{"taxonomy":"post_tag","embeddable":true,"href":"https:\/\/sitechecker.pro\/es\/wp-json\/wp\/v2\/tags?post=6995"}],"curies":[{"name":"wp","href":"https:\/\/api.w.org\/{rel}","templated":true}]}}