{"id":6992,"date":"2019-05-27T14:19:09","date_gmt":"2019-05-27T14:19:09","guid":{"rendered":"https:\/\/sitechecker.pro\/?page_id=6992"},"modified":"2025-03-18T08:21:22","modified_gmt":"2025-03-18T08:21:22","slug":"website-safety","status":"publish","type":"page","link":"https:\/\/sitechecker.pro\/es\/website-safety\/","title":{"rendered":"Comprobador de seguridad de sitios web | Prueba de seguridad de sitios web GRATUITA \u2611"},"content":{"rendered":"<p><\/p>\n<h2 id=\"par1\">\u00bfQu\u00e9 es un verificador de seguridad de sitios web?<\/h2>\n<p>El verificador de seguridad de sitios web de <a href=\"https:\/\/sitechecker.pro\/\" target=\"_blank\" rel=\"noopener noreferrer\">Sitechecker<\/a> est\u00e1 dise\u00f1ado para evaluar la seguridad de su sitio. Utiliza el verificador de navegaci\u00f3n segura de Google para proporcionar detalles completos sobre el dominio, eval\u00faa si el sitio aparece en alguna <a href=\"https:\/\/sitechecker.pro\/what-is-url-blacklist\/\" target=\"_blank\" rel=\"noopener noreferrer\">lista negra<\/a> y ofrece una opci\u00f3n para descargar los resultados en formato PDF. Adem\u00e1s, la herramienta puede realizar una auditor\u00eda para identificar y abordar errores t\u00e9cnicos que puedan da\u00f1ar su sitio, lo que garantiza un an\u00e1lisis exhaustivo para mantener su seguridad e integridad.<\/p>\n<h3>La herramienta puede ayudarle con:<\/h3>\n<ul>\n<li><strong>Integraci\u00f3n con Google Safe Browsing Checker<\/strong>: para detectar posibles amenazas.<\/li>\n<li><strong>Verificaci\u00f3n de lista negra<\/strong>: comprueba si el recurso web est\u00e1 incluido en alguna lista negra.<\/li>\n<li><strong>Pruebas t\u00e9cnicas de seguridad<\/strong>: identifica y soluciona errores t\u00e9cnicos que afectan la seguridad del sitio.<\/li>\n<\/ul>\n<h3>Caracter\u00edsticas clave de la herramienta<\/h3>\n<p><strong>Panel unificado<\/strong>: proporciona una descripci\u00f3n general completa de las m\u00e9tricas del sitio.<br \/>\n<strong>Interfaz f\u00e1cil de usar<\/strong>: garantiza una navegaci\u00f3n y una facilidad de uso sencillas para usuarios de todos los niveles de experiencia.<br \/>\n<strong>Complete SEO Toolset<\/strong>: ofrece una amplia gama de herramientas de SEO para investigaci\u00f3n de palabras clave, <a href=\"https:\/\/sitechecker.pro\/on-page-seo-checker\/\" target=\"_blank\" rel=\"noopener noreferrer\">auditor\u00edas de sitios<\/a> y m\u00e1s, destinadas a mejorar el rendimiento del sitio web y la visibilidad en los motores de b\u00fasqueda.<\/p>\n<h2 id=\"par2\">C\u00f3mo utilizar la herramienta<\/h2>\n<h3>Paso 1: para iniciar la verificaci\u00f3n de seguridad del sitio web, simplemente ingrese la URL de su dominio y haga clic en el bot\u00f3n &#8220;Verificar seguridad&#8221;<\/h3>\n<div class=\"content__img-wrap\"><img src=\"https:\/\/sitechecker.pro\/wp-content\/uploads\/2024\/02\/website-safety-checker.png\" alt=\"Website Safety Checker\" class=\"description-img description-img-zoom\" loading=\"lazy\" ><\/div>\n<h3>Paso 2: obtenga el resultado<\/h3>\n<p>El Comprobador de seguridad de sitios web es una herramienta s\u00f3lida dise\u00f1ada para evaluar la seguridad de los sitios. Los usuarios pueden ingresar la URL de un sitio en la interfaz para realizar una verificaci\u00f3n de seguridad, que revelar\u00e1 si el sitio est\u00e1 en la lista negra o es seguro para usar, seg\u00fan los datos de Navegaci\u00f3n segura de Google. La herramienta tambi\u00e9n proporciona detalles clave como el estado de registro del dominio, la direcci\u00f3n IP y la ubicaci\u00f3n geogr\u00e1fica, con opciones para descargar el informe o copiar sus detalles.<\/p>\n<div class=\"content__img-wrap\"><img src=\"https:\/\/sitechecker.pro\/wp-content\/uploads\/2024\/02\/safety-checker-results.png\" alt=\"Resultados del verificador de seguridad\" class=\"description-img description-img-zoom\" loading=\"lazy\" ><\/div>\n<h2 id=\"par3\">Funciones adicionales<\/h2>\n<p>La herramienta proporciona una evaluaci\u00f3n detallada de las funciones de seguridad de su sitio. Para una experiencia pr\u00e1ctica, puede iniciar una prueba gratuita seleccionando el bot\u00f3n correspondiente ubicado en la parte inferior izquierda de la interfaz de resultados.<\/p>\n<p>El verificador de seguridad de sitios web de Google presenta un panel organizado con varias secciones, como &#8220;Lista de problemas&#8221; y &#8220;P\u00e1ginas afectadas por categor\u00eda&#8221;, que brindan un an\u00e1lisis detallado del rendimiento y la seguridad del sitio. Esto incluye la cantidad de problemas cr\u00edticos, advertencias y oportunidades de mejora.<\/p>\n<p>La secci\u00f3n \u201cSeguridad\u201d destaca vulnerabilidades espec\u00edficas, como p\u00e1ginas con enlaces internos a HTTP o defensas faltantes contra ataques web comunes. Para un an\u00e1lisis m\u00e1s profundo de la estructura de directorios de su sitio, se puede utilizar la funci\u00f3n <a href=\"https:\/\/sitechecker.pro\/directory-scanner\/\"> Directory Scanner<\/a> para examinar todos los directorios y archivos en busca de posibles riesgos de seguridad o protocolos obsoletos.<\/p>\n<p>La incorporaci\u00f3n de <a href=\"https:\/\/sitechecker.pro\/website-defacement-monitoring\/\">Defacement Monitoring<\/a> detecta r\u00e1pidamente cambios no autorizados en su sitio web, lo que lo ayuda a abordar amenazas de seguridad y mantener la integridad del sitio, el rendimiento y la confianza de los usuarios.<\/p>\n<div class=\"content__img-wrap\"><img src=\"https:\/\/sitechecker.pro\/wp-content\/uploads\/2024\/02\/site-audit-dashboard.png\" alt=\"Panel de control de auditor\u00eda de sitios\" class=\"description-img description-img-zoom\" loading=\"lazy\" ><\/div>\n<p>Adem\u00e1s, para garantizar que su sitio funcione de manera eficiente, el uso de una <a href=\"https:\/\/sitechecker.pro\/speed-test\/\">prueba de velocidad del sitio web<\/a> lo ayudar\u00e1 a evaluar los tiempos de carga y detectar \u00e1reas de mejora. Tambi\u00e9n hay una representaci\u00f3n visual de la puntuaci\u00f3n del sitio web y una categorizaci\u00f3n de los problemas que afectan diferentes aspectos de la salud del sitio web, como la relevancia del contenido, la velocidad de la p\u00e1gina y la seguridad.<\/p>\n<h2 id=\"par4\">Idea final<\/h2>\n<p>El verificador de seguridad de sitios web de Sitechecker es una herramienta multifac\u00e9tica que garantiza la seguridad del sitio a trav\u00e9s de controles de navegaci\u00f3n segura de Google, verificaci\u00f3n de listas negras y una auditor\u00eda detallada de vulnerabilidades t\u00e9cnicas. Cuenta con una interfaz f\u00e1cil de usar con un panel unificado y un completo kit de herramientas de SEO para mejorar el rendimiento del sitio web. Para complementar esto, el uso de un <a href=\"https:\/\/sitechecker.pro\/googlebot-simulator\/\">simulador de Googlebot<\/a> puede brindar informaci\u00f3n sobre c\u00f3mo el rastreador de Google navega por su sitio, lo que garantiza que no haya problemas ocultos que puedan afectar el rastreo o la indexaci\u00f3n. En conjunto, estas herramientas ofrecen una soluci\u00f3n completa para optimizar y proteger el rendimiento de su sitio web.<\/p>\n<div id=\"par5\"><\/div>\n<p><div class=\"front__faq-block\"><div class=\"faq__block-title\">Preguntas frecuentes<\/div><div class=\"panel-group\" id=\"faq-accordion\" itemscope itemtype=\"https:\/\/schema.org\/FAQPage\" role=\"tablist\" aria-multiselectable=\"true\"><div class=\"panel\" itemscope itemtype=\"https:\/\/schema.org\/Question\" itemprop=\"mainEntity\">\n                            <div class=\"panel-heading\" id=\"headingFaq-1\">\n                                <div class=\"panel-title\" data-toggle=\"collapse\" aria-expanded=\"false\" href=\"#collapseFaq-1\">\n                                    <h3 itemprop=\"name\">\u00bfPuede el Comprobador de seguridad de sitios web en l\u00ednea analizar varios sitios a la vez?<\/h3>\n                                <\/div>\n                            <\/div>\n                            <div id=\"collapseFaq-1\" class=\"panel-collapse collapse\" itemprop=\"acceptedAnswer\" itemscope itemtype=\"http:\/\/schema.org\/Answer\">\n                                <div class=\"panel-body\" itemprop=\"text\">La herramienta se centra principalmente en las entradas de URL individuales para los controles de seguridad, pero para las m\u00e9tricas y el rendimiento de SEO, puede monitorear varios sitios web a trav\u00e9s de su funci\u00f3n Panel de control de SEO.<\/div>\n                            <\/div>\n                        <\/div><div class=\"panel\" itemscope itemtype=\"https:\/\/schema.org\/Question\" itemprop=\"mainEntity\">\n                            <div class=\"panel-heading\" id=\"headingFaq-2\">\n                                <div class=\"panel-title\" data-toggle=\"collapse\" aria-expanded=\"false\" href=\"#collapseFaq-2\">\n                                    <h3 itemprop=\"name\">\u00bfLa herramienta gratuita de comprobaci\u00f3n de seguridad de sitios web tambi\u00e9n eval\u00faa la salud SEO del sitio?<\/h3>\n                                <\/div>\n                            <\/div>\n                            <div id=\"collapseFaq-2\" class=\"panel-collapse collapse\" itemprop=\"acceptedAnswer\" itemscope itemtype=\"http:\/\/schema.org\/Answer\">\n                                <div class=\"panel-body\" itemprop=\"text\">S\u00ed, ofrece un conjunto completo de herramientas de SEO que eval\u00faa varios aspectos como la investigaci\u00f3n de palabras clave y las auditor\u00edas del sitio para mejorar el rendimiento del sitio web y la clasificaci\u00f3n en los motores de b\u00fasqueda.<\/div>\n                            <\/div>\n                        <\/div><div class=\"panel\" itemscope itemtype=\"https:\/\/schema.org\/Question\" itemprop=\"mainEntity\">\n                            <div class=\"panel-heading\" id=\"headingFaq-3\">\n                                <div class=\"panel-title\" data-toggle=\"collapse\" aria-expanded=\"false\" href=\"#collapseFaq-3\">\n                                    <h3 itemprop=\"name\">\u00bfExiste una funci\u00f3n para realizar un seguimiento del progreso de una verificaci\u00f3n de seguridad o no de un sitio web a lo largo del tiempo?<\/h3>\n                                <\/div>\n                            <\/div>\n                            <div id=\"collapseFaq-3\" class=\"panel-collapse collapse\" itemprop=\"acceptedAnswer\" itemscope itemtype=\"http:\/\/schema.org\/Answer\">\n                                <div class=\"panel-body\" itemprop=\"text\">La herramienta proporciona una puntuaci\u00f3n del sitio web y un seguimiento de problemas, que se puede utilizar para monitorear los cambios y las mejoras en el estado de seguridad de un sitio a lo largo del tiempo.<\/div>\n                            <\/div>\n                        <\/div><\/div><\/div><\/p>","protected":false},"excerpt":{"rendered":"\u00bfQu\u00e9 es un verificador de seguridad de sitios web? El verificador de seguridad de sitios web de Sitechecker est\u00e1 dise\u00f1ado para evaluar la seguridad de su sitio. Utiliza el verificador de navegaci\u00f3n segura de Google para proporcionar detalles completos sobre el dominio, eval\u00faa si el sitio aparece en alguna lista negra y ofrece una opci\u00f3n&#8230;","protected":false},"author":10409641,"featured_media":6976,"parent":0,"menu_order":0,"comment_status":"closed","ping_status":"closed","template":"pages-templates\/pages-minitools.php","meta":[],"categories":[73],"tags":[],"_links":{"self":[{"href":"https:\/\/sitechecker.pro\/es\/wp-json\/wp\/v2\/pages\/6992"}],"collection":[{"href":"https:\/\/sitechecker.pro\/es\/wp-json\/wp\/v2\/pages"}],"about":[{"href":"https:\/\/sitechecker.pro\/es\/wp-json\/wp\/v2\/types\/page"}],"author":[{"embeddable":true,"href":"https:\/\/sitechecker.pro\/es\/wp-json\/wp\/v2\/users\/10409641"}],"replies":[{"embeddable":true,"href":"https:\/\/sitechecker.pro\/es\/wp-json\/wp\/v2\/comments?post=6992"}],"version-history":[{"count":71,"href":"https:\/\/sitechecker.pro\/es\/wp-json\/wp\/v2\/pages\/6992\/revisions"}],"predecessor-version":[{"id":36024,"href":"https:\/\/sitechecker.pro\/es\/wp-json\/wp\/v2\/pages\/6992\/revisions\/36024"}],"wp:featuredmedia":[{"embeddable":true,"href":"https:\/\/sitechecker.pro\/es\/wp-json\/wp\/v2\/media\/6976"}],"wp:attachment":[{"href":"https:\/\/sitechecker.pro\/es\/wp-json\/wp\/v2\/media?parent=6992"}],"wp:term":[{"taxonomy":"category","embeddable":true,"href":"https:\/\/sitechecker.pro\/es\/wp-json\/wp\/v2\/categories?post=6992"},{"taxonomy":"post_tag","embeddable":true,"href":"https:\/\/sitechecker.pro\/es\/wp-json\/wp\/v2\/tags?post=6992"}],"curies":[{"name":"wp","href":"https:\/\/api.w.org\/{rel}","templated":true}]}}