{"id":6990,"date":"2019-05-27T14:14:52","date_gmt":"2019-05-27T14:14:52","guid":{"rendered":"https:\/\/sitechecker.pro\/?page_id=6990"},"modified":"2024-10-03T14:47:40","modified_gmt":"2024-10-03T14:47:40","slug":"alexa-rank","status":"publish","type":"page","link":"https:\/\/sitechecker.pro\/es\/alexa-rank\/","title":{"rendered":"Alexa Rank Checker: Comprobar el Sitio Web para Alexa Ranking"},"content":{"rendered":"<p><\/p>\n<h2><strong>\u00bfQu\u00e9 es Alexa Traffic Rank?<\/strong><\/h2>\n<p>Alexa Rank es un servicio de calificaci\u00f3n para evaluar sitios web, que se basa en la frecuencia de visitas y el n\u00famero de visitas. Las estad\u00edsticas se obtienen de los usuarios que han instalado la barra de herramientas Alexa en su navegador. La calificaci\u00f3n actual de un recurso web en particular est\u00e1 determinada por la proporci\u00f3n de asistencia de este sitio a otras. Cuanto m\u00e1s bajo sea el indicador, mayor ser\u00e1 la popularidad del sitio.<\/p>\n<p>&nbsp;<\/p>\n<h2><strong>\u00bfC\u00f3mo funciona Alexa Rank?<\/strong><\/h2>\n<p>Para Alexa Ranking, se lleva a cabo la recopilaci\u00f3n continua de datos, lo que contribuye a la actualizaci\u00f3n sistem\u00e1tica de la informaci\u00f3n y al movimiento de sitios web en el ranking. Para obtener f\u00e1cilmente informaci\u00f3n sobre los sitios, puede descargar una barra de herramientas especial.<\/p>\n<p>Toda la informaci\u00f3n se compila sobre la base de dichos datos:<\/p>\n<ul>\n<li>tr\u00e1fico de b\u00fasqueda;<\/li>\n<li>el n\u00famero de visitas a las p\u00e1ginas de recursos;<\/li>\n<li>tiempo usado;<\/li>\n<li>n\u00famero total de p\u00e1ginas vistas;<\/li>\n<li>porcentaje de rebote.<\/li>\n<\/ul>\n<h2><strong>Caracter\u00edsticas de la herramienta Alexa Rank Checker:<\/strong><\/h2>\n<p>Ahora entender\u00e1s completamente por qu\u00e9 necesitas el corrector de rango Alexa. En primer lugar, es una gran herramienta que le proporciona datos que puede utilizar para el an\u00e1lisis de la competencia. Es f\u00e1cil averiguar qu\u00e9 cantidad de usuarios visitan el sitio web cada mes de forma totalmente gratuita. Un clic y tendr\u00e1s toda la informaci\u00f3n necesaria sobre tu sitio web. Pero \u00bfqu\u00e9 es m\u00e1s?<\/p>\n<ul>\n<li><strong>An\u00e1lisis de su sitio web.<\/strong> No es nada m\u00e1s importante para el propietario del sitio web que saber la cantidad de usuarios que visitan su sitio diariamente. Para no perder popularidad, puede monitorear el ranking Alexa del progreso de sus sitios web.<\/li>\n<li><strong>An\u00e1lisis de la competencia.<\/strong> Es una gran oportunidad para comparar su sitio web y el rango de sus competidores en Alexa. Puede clasificar los sitios web por los par\u00e1metros &#8220;Global&#8221;, &#8220;Pa\u00eds&#8221; y &#8220;Categor\u00eda&#8221;.<\/li>\n<li><strong>An\u00e1lisis de tr\u00e1fico.<\/strong> Descubrir\u00e1 f\u00e1cilmente de qu\u00e9 pa\u00edses su sitio web recibe el mayor porcentaje de usuarios. Adem\u00e1s, es una oportunidad adicional para verificar sus competidores y admitir nuevas fuentes de tr\u00e1fico para su sitio web.<\/li>\n<\/ul>\n<p><\/p>","protected":false},"excerpt":{"rendered":"\u00bfQu\u00e9 es Alexa Traffic Rank? Alexa Rank es un servicio de calificaci\u00f3n para evaluar sitios web, que se basa en la frecuencia de visitas y el n\u00famero de visitas. Las estad\u00edsticas se obtienen de los usuarios que han instalado la barra de herramientas Alexa en su navegador. La calificaci\u00f3n actual de un recurso web en&#8230;","protected":false},"author":10409641,"featured_media":6970,"parent":0,"menu_order":0,"comment_status":"closed","ping_status":"closed","template":"pages-templates\/pages-minitools.php","meta":[],"categories":[30],"tags":[],"_links":{"self":[{"href":"https:\/\/sitechecker.pro\/es\/wp-json\/wp\/v2\/pages\/6990"}],"collection":[{"href":"https:\/\/sitechecker.pro\/es\/wp-json\/wp\/v2\/pages"}],"about":[{"href":"https:\/\/sitechecker.pro\/es\/wp-json\/wp\/v2\/types\/page"}],"author":[{"embeddable":true,"href":"https:\/\/sitechecker.pro\/es\/wp-json\/wp\/v2\/users\/10409641"}],"replies":[{"embeddable":true,"href":"https:\/\/sitechecker.pro\/es\/wp-json\/wp\/v2\/comments?post=6990"}],"version-history":[{"count":24,"href":"https:\/\/sitechecker.pro\/es\/wp-json\/wp\/v2\/pages\/6990\/revisions"}],"predecessor-version":[{"id":33656,"href":"https:\/\/sitechecker.pro\/es\/wp-json\/wp\/v2\/pages\/6990\/revisions\/33656"}],"wp:featuredmedia":[{"embeddable":true,"href":"https:\/\/sitechecker.pro\/es\/wp-json\/wp\/v2\/media\/6970"}],"wp:attachment":[{"href":"https:\/\/sitechecker.pro\/es\/wp-json\/wp\/v2\/media?parent=6990"}],"wp:term":[{"taxonomy":"category","embeddable":true,"href":"https:\/\/sitechecker.pro\/es\/wp-json\/wp\/v2\/categories?post=6990"},{"taxonomy":"post_tag","embeddable":true,"href":"https:\/\/sitechecker.pro\/es\/wp-json\/wp\/v2\/tags?post=6990"}],"curies":[{"name":"wp","href":"https:\/\/api.w.org\/{rel}","templated":true}]}}