{"id":6802,"date":"2019-05-16T09:03:06","date_gmt":"2019-05-16T09:03:06","guid":{"rendered":"https:\/\/sitechecker.pro\/?page_id=6802"},"modified":"2025-02-10T15:22:21","modified_gmt":"2025-02-10T15:22:21","slug":"cookie-checker","status":"publish","type":"page","link":"https:\/\/sitechecker.pro\/es\/cookie-checker\/","title":{"rendered":"Verificador de cookies de sitios web gratuito \u2611"},"content":{"rendered":"<p><\/p>\n<h2 id=\"par1\">\u00bfQu\u00e9 es el Verificador de cookies de sitios web gratuito?<\/h2>\n<p>El Comprobador de cookies de sitios web de <a href=\"https:\/\/sitechecker.pro\/\" target=\"_blank\" rel=\"noopener noreferrer\">Sitechecker<\/a> analiza las cookies de sitios web, destacando su seguridad (HttpOnly, Segura), tipo (de sesi\u00f3n o persistente), alcance (dominio\/ruta), vencimiento y pares nombre-valor. Ayuda a detectar y abordar las cookies inseguras o mal configuradas para mejorar la seguridad y el cumplimiento.<\/p>\n<h3>C\u00f3mo puede ayudarlo la herramienta<\/h3>\n<p><strong>Informaci\u00f3n detallada sobre cookies: <\/strong>proporciona datos sobre el tipo de cookie (de sesi\u00f3n o persistente), el alcance del dominio\/ruta, las fechas de vencimiento y los pares nombre-valor.<\/p>\n<p><strong>An\u00e1lisis de seguridad de cookies: <\/strong>identifica si los tokens de datos HTTP son HttpOnly, seguros y est\u00e1n configurados correctamente para evitar vulnerabilidades como ataques XSS.<\/p>\n<p><strong>Cumplimiento y optimizaci\u00f3n: <\/strong>ayuda a garantizar que las cookies cumplan con los est\u00e1ndares y las regulaciones de seguridad, lo que mejora la <a href=\"https:\/\/sitechecker.pro\/website-safety\/\" target=\"_blank\" rel=\"noopener noreferrer\">seguridad del sitio web<\/a> y la protecci\u00f3n de los datos del usuario.<\/p>\n<h3>Caracter\u00edsticas clave de la herramienta<\/h3>\n<p><strong>Panel unificado: <\/strong>ofrece una plataforma centralizada para supervisar y gestionar todas las actividades de SEO, lo que facilita el seguimiento del rendimiento del sitio web y la identificaci\u00f3n de problemas.<\/p>\n<p><strong>Interfaz f\u00e1cil de usar: <\/strong>dise\u00f1ada para facilitar su uso, lo que permite a los usuarios de todos los niveles de habilidad navegar por las herramientas y acceder a la informaci\u00f3n sin esfuerzo.<\/p>\n<p><strong>Conjunto completo de herramientas de SEO:<\/strong> ofrece un conjunto completo de herramientas, que incluyen auditor\u00edas de sitios, <a href=\"https:\/\/sitechecker.pro\/rank-tracker\/\" target=\"_blank\" rel=\"noopener noreferrer\">seguimiento de posiciones<\/a>, investigaci\u00f3n de palabras clave y monitoreo del rendimiento para optimizar la visibilidad y el tr\u00e1fico del sitio web.<\/p>\n<h2 id=\"par2\">C\u00f3mo utilizar la herramienta<\/h2>\n<h3>Paso 1: Inserte la URL del nombre de dominio y haga clic en el bot\u00f3n \u201cComprobar cookies\u201d<\/h3>\n<div class=\"content__img-wrap\"><img src=\"https:\/\/sitechecker.pro\/wp-content\/uploads\/2025\/01\/website-cookie-checker.png\" alt=\"Comprobador de cookies de sitios web\" class=\"description-img description-img-zoom\" loading=\"lazy\" ><\/div>\n<h3>Paso 2: Obtener los resultados<\/h3>\n<p>El Comprobador de cookies proporciona informaci\u00f3n detallada sobre los tokens de datos HTTP de un sitio web, incluidos sus atributos de seguridad (HttpOnly, Secure), tipo (sesi\u00f3n o persistente), fechas de vencimiento, dominios\/rutas y pares de nombre-valor asociados.<\/p>\n<div class=\"content__img-wrap\"><img src=\"https:\/\/sitechecker.pro\/wp-content\/uploads\/2025\/01\/cookie-checker-report.png\" alt=\"Informe de Cookie Checker\" class=\"description-img description-img-zoom\" loading=\"lazy\" ><\/div>\n<p>Al hacer clic en el bot\u00f3n &#8216;Prueba de seguridad de cookies&#8217;, recibir\u00e1s informaci\u00f3n detallada sobre las vulnerabilidades de tu sitio.<\/p>\n<div class=\"content__img-wrap\"><img src=\"https:\/\/sitechecker.pro\/wp-content\/uploads\/2025\/01\/test-cookies-security.png\" alt=\"Prueba de seguridad de cookies\" class=\"description-img description-img-zoom\" loading=\"lazy\" ><\/div>\n<div class=\"important-block\">Para recibir resultados y acceder a las funciones de Sitechecker durante 14 d\u00edas, comienza tu prueba GRATUITA. Registrarse es f\u00e1cil con tu correo electr\u00f3nico, cuenta de Google o Facebook. No se necesita tarjeta de cr\u00e9dito.<\/div>\n<p>Puedes descubrir cualquier error asociado con la seguridad de tu sitio web, junto con la implementaci\u00f3n de las defensas contra el acceso no autorizado a las cookies a trav\u00e9s de JavaScript. Haga clic en cualquier problema para ver las p\u00e1ginas afectadas, gu\u00edas de soluci\u00f3n de problemas e indicaciones en el c\u00f3digo.<\/p>\n<div class=\"content__img-wrap\"><img src=\"https:\/\/sitechecker.pro\/wp-content\/uploads\/2025\/01\/inspect-site-security.png\" alt=\"Inspect Site Security\" class=\"description-img description-img-zoom\" loading=\"lazy\" ><\/div>\n<h2 id=\"par3\">Funciones adicionales<\/h2>\n<p>La herramienta tambi\u00e9n clasifica las p\u00e1ginas afectadas en funci\u00f3n de problemas espec\u00edficos y proporciona un desglose claro de las vulnerabilidades por categor\u00eda, como seguridad, enlaces, indexabilidad, relevancia del contenido, velocidad de la p\u00e1gina y m\u00e1s. Cada categor\u00eda destaca el porcentaje de p\u00e1ginas afectadas, lo que permite a los usuarios priorizar las correcciones. La herramienta ofrece informaci\u00f3n pr\u00e1ctica, incluidas descripciones detalladas de los problemas y una gu\u00eda paso a paso para resolver problemas como cookies inseguras, redireccionamientos faltantes y mecanismos de defensa inadecuados. Esta categorizaci\u00f3n ayuda a agilizar la optimizaci\u00f3n del sitio web y a mejorar el rendimiento y el cumplimiento general del sitio.<\/p>\n<div class=\"content__img-wrap\"><img src=\"https:\/\/sitechecker.pro\/wp-content\/uploads\/2025\/01\/inspect-site-security.png\" alt=\"Inspeccionar la seguridad del sitio\" class=\"description-img description-img-zoom\" loading=\"lazy\" ><\/div>\n<h2 id=\"par4\">Idea final<\/h2>\n<p>El Comprobador de cookies de sitios web analiza el elemento de almacenamiento del navegador del sitio web y ofrece informaci\u00f3n sobre la seguridad (HttpOnly, Segura), el tipo (de sesi\u00f3n o persistente), la caducidad, los dominios\/rutas y el cumplimiento normativo. Identifica vulnerabilidades como los riesgos XSS y las configuraciones inseguras, lo que ayuda a mejorar la seguridad y la optimizaci\u00f3n. La herramienta ofrece una interfaz f\u00e1cil de usar, un panel centralizado y un conjunto completo de herramientas de SEO, que categoriza problemas como la seguridad, los enlaces y la velocidad de la p\u00e1gina para soluciones prioritarias. Con una gu\u00eda pr\u00e1ctica y resultados detallados, los usuarios pueden mejorar f\u00e1cilmente el rendimiento, la seguridad y el cumplimiento normativo de su sitio web.<\/p>\n<div id=\"par5\"><\/div>\n<p><div class=\"front__faq-block\"><div class=\"faq__block-title\">Preguntas frecuentes<\/div><div class=\"panel-group\" id=\"faq-accordion\" itemscope itemtype=\"https:\/\/schema.org\/FAQPage\" role=\"tablist\" aria-multiselectable=\"true\"><div class=\"panel\" itemscope itemtype=\"https:\/\/schema.org\/Question\" itemprop=\"mainEntity\">\n                            <div class=\"panel-heading\" id=\"headingFaq-1\">\n                                <div class=\"panel-title\" data-toggle=\"collapse\" aria-expanded=\"false\" href=\"#collapseFaq-1\">\n                                    <h3 itemprop=\"name\">\u00bfPuede el Comprobador de cookies de sitios web identificar cookies de terceros?<\/h3>\n                                <\/div>\n                            <\/div>\n                            <div id=\"collapseFaq-1\" class=\"panel-collapse collapse\" itemprop=\"acceptedAnswer\" itemscope itemtype=\"http:\/\/schema.org\/Answer\">\n                                <div class=\"panel-body\" itemprop=\"text\">S\u00ed, la herramienta proporciona informaci\u00f3n sobre todos los tokens de datos HTTP, incluidos los de dominios de terceros, junto con sus atributos de seguridad y configuraciones.<\/div>\n                            <\/div>\n                        <\/div><div class=\"panel\" itemscope itemtype=\"https:\/\/schema.org\/Question\" itemprop=\"mainEntity\">\n                            <div class=\"panel-heading\" id=\"headingFaq-2\">\n                                <div class=\"panel-title\" data-toggle=\"collapse\" aria-expanded=\"false\" href=\"#collapseFaq-2\">\n                                    <h3 itemprop=\"name\">\u00bfEl Comprobador de cookies proporciona orientaci\u00f3n para solucionar problemas?<\/h3>\n                                <\/div>\n                            <\/div>\n                            <div id=\"collapseFaq-2\" class=\"panel-collapse collapse\" itemprop=\"acceptedAnswer\" itemscope itemtype=\"http:\/\/schema.org\/Answer\">\n                                <div class=\"panel-body\" itemprop=\"text\">S\u00ed, ofrece orientaci\u00f3n paso a paso y avisos en el c\u00f3digo para ayudar a resolver vulnerabilidades y configuraciones incorrectas relacionadas con las cookies.<\/div>\n                            <\/div>\n                        <\/div><div class=\"panel\" itemscope itemtype=\"https:\/\/schema.org\/Question\" itemprop=\"mainEntity\">\n                            <div class=\"panel-heading\" id=\"headingFaq-3\">\n                                <div class=\"panel-title\" data-toggle=\"collapse\" aria-expanded=\"false\" href=\"#collapseFaq-3\">\n                                    <h3 itemprop=\"name\">\u00bfQu\u00e9 hace que el Comprobador de cookies sea adecuado para fines de cumplimiento?<\/h3>\n                                <\/div>\n                            <\/div>\n                            <div id=\"collapseFaq-3\" class=\"panel-collapse collapse\" itemprop=\"acceptedAnswer\" itemscope itemtype=\"http:\/\/schema.org\/Answer\">\n                                <div class=\"panel-body\" itemprop=\"text\">La herramienta garantiza que los tokens de datos HTTP cumplan con los est\u00e1ndares de seguridad y los requisitos reglamentarios al resaltar configuraciones inseguras y brindar recomendaciones pr\u00e1cticas.<\/div>\n                            <\/div>\n                        <\/div><div class=\"panel\" itemscope itemtype=\"https:\/\/schema.org\/Question\" itemprop=\"mainEntity\">\n                            <div class=\"panel-heading\" id=\"headingFaq-4\">\n                                <div class=\"panel-title\" data-toggle=\"collapse\" aria-expanded=\"false\" href=\"#collapseFaq-4\">\n                                    <h3 itemprop=\"name\">\u00bfPuedo realizar un seguimiento del progreso despu\u00e9s de solucionar los problemas identificados por la herramienta?<\/h3>\n                                <\/div>\n                            <\/div>\n                            <div id=\"collapseFaq-4\" class=\"panel-collapse collapse\" itemprop=\"acceptedAnswer\" itemscope itemtype=\"http:\/\/schema.org\/Answer\">\n                                <div class=\"panel-body\" itemprop=\"text\">S\u00ed, la herramienta le permite volver a rastrear su sitio para verificar que las correcciones se hayan implementado correctamente.<\/div>\n                            <\/div>\n                        <\/div><\/div><\/div><\/p>","protected":false},"excerpt":{"rendered":"\u00bfQu\u00e9 es el Verificador de cookies de sitios web gratuito? El Comprobador de cookies de sitios web de Sitechecker analiza las cookies de sitios web, destacando su seguridad (HttpOnly, Segura), tipo (de sesi\u00f3n o persistente), alcance (dominio\/ruta), vencimiento y pares nombre-valor. Ayuda a detectar y abordar las cookies inseguras o mal configuradas para mejorar la&#8230;","protected":false},"author":10409641,"featured_media":6979,"parent":0,"menu_order":0,"comment_status":"closed","ping_status":"closed","template":"pages-templates\/pages-minitools-3.php","meta":[],"categories":[73],"tags":[],"_links":{"self":[{"href":"https:\/\/sitechecker.pro\/es\/wp-json\/wp\/v2\/pages\/6802"}],"collection":[{"href":"https:\/\/sitechecker.pro\/es\/wp-json\/wp\/v2\/pages"}],"about":[{"href":"https:\/\/sitechecker.pro\/es\/wp-json\/wp\/v2\/types\/page"}],"author":[{"embeddable":true,"href":"https:\/\/sitechecker.pro\/es\/wp-json\/wp\/v2\/users\/10409641"}],"replies":[{"embeddable":true,"href":"https:\/\/sitechecker.pro\/es\/wp-json\/wp\/v2\/comments?post=6802"}],"version-history":[{"count":34,"href":"https:\/\/sitechecker.pro\/es\/wp-json\/wp\/v2\/pages\/6802\/revisions"}],"predecessor-version":[{"id":35365,"href":"https:\/\/sitechecker.pro\/es\/wp-json\/wp\/v2\/pages\/6802\/revisions\/35365"}],"wp:featuredmedia":[{"embeddable":true,"href":"https:\/\/sitechecker.pro\/es\/wp-json\/wp\/v2\/media\/6979"}],"wp:attachment":[{"href":"https:\/\/sitechecker.pro\/es\/wp-json\/wp\/v2\/media?parent=6802"}],"wp:term":[{"taxonomy":"category","embeddable":true,"href":"https:\/\/sitechecker.pro\/es\/wp-json\/wp\/v2\/categories?post=6802"},{"taxonomy":"post_tag","embeddable":true,"href":"https:\/\/sitechecker.pro\/es\/wp-json\/wp\/v2\/tags?post=6802"}],"curies":[{"name":"wp","href":"https:\/\/api.w.org\/{rel}","templated":true}]}}