{"id":654,"date":"2017-12-12T09:36:45","date_gmt":"2017-12-12T09:36:45","guid":{"rendered":"https:\/\/sitechecker.pro\/?page_id=654"},"modified":"2026-02-16T16:59:38","modified_gmt":"2026-02-16T16:59:38","slug":"canonical-url","status":"publish","type":"page","link":"https:\/\/sitechecker.pro\/es\/canonical-url\/","title":{"rendered":"Canonical Tag Checker | Comprueba si la URL es can\u00f3nica y arr\u00e9glalo \u2611"},"content":{"rendered":"<p><\/p>\n<h2 id=\"par1\">\u00bfQu\u00e9 es Canonical Tester?<\/h2>\n<p>El verificador de URL can\u00f3nicas de <a href=\"https:\/\/sitechecker.pro\/\" target=\"_blank\" rel=\"noopener noreferrer\">Sitechecker<\/a> verifica y analiza las <a href=\"https:\/\/sitechecker.pro\/what-is-canonical-url\/\" target=\"_blank\" rel=\"noopener noreferrer\">versiones preferidas<\/a> de las p\u00e1ginas web para evitar problemas de <a href=\"https:\/\/sitechecker.pro\/duplicate-content\/\" target=\"_blank\" rel=\"noopener noreferrer\">contenido duplicado<\/a> y garantizar una correcta indexaci\u00f3n por parte de los motores de b\u00fasqueda. Ofrece una auditor\u00eda de todo el sitio para detectar etiquetas can\u00f3nicas faltantes o incorrectas y una comprobaci\u00f3n r\u00e1pida de una sola p\u00e1gina para la validaci\u00f3n instant\u00e1nea de las etiquetas.<\/p>\n<h3>C\u00f3mo puede ayudarle la herramienta<\/h3>\n<p><strong>Verificaci\u00f3n de URL preferida: <\/strong>comprueba si una p\u00e1gina tiene una versi\u00f3n preferida de una p\u00e1gina web correctamente implementada para evitar problemas de contenido duplicado.<\/p>\n<p><strong>Detecci\u00f3n de problemas: <\/strong>escanea todas las p\u00e1ginas para identificar etiquetas faltantes, incorrectas o conflictivas para una <a href=\"https:\/\/sitechecker.pro\/google-index\/\" target=\"_blank\" rel=\"noopener noreferrer\">indexaci\u00f3n<\/a> adecuada.<\/p>\n<p><strong>Supervisi\u00f3n de etiquetas can\u00f3nicas: <\/strong>realiza un seguimiento de las etiquetas URL preferidas en todo el sitio para detectar cambios, errores o inconsistencias que podr\u00edan afectar el SEO.<\/p>\n<h3>Caracter\u00edsticas clave de la herramienta<\/h3>\n<p><strong>Panel unificado: <\/strong>ofrece una vista centralizada de todos los datos de SEO, el estado del sitio web y las recomendaciones de optimizaci\u00f3n.<\/p>\n<p><strong>Interfaz f\u00e1cil de usar: <\/strong>simplifica el an\u00e1lisis de SEO con un dise\u00f1o intuitivo, lo que facilita el seguimiento y la soluci\u00f3n de problemas sin necesidad de conocimientos t\u00e9cnicos.<\/p>\n<p><strong>Conjunto completo de herramientas de SEO: <\/strong>ofrece un conjunto completo de herramientas, auditor\u00edas de sitios y seguimiento de palabras clave para la optimizaci\u00f3n completa del sitio web.<\/p>\n<h2 id=\"par2\">C\u00f3mo utilizar la herramienta<\/h2>\n<p>Para utilizar Canonical URL Tester, seleccione una opci\u00f3n de auditor\u00eda en funci\u00f3n de sus necesidades. Elija &#8220;Verificar las etiquetas can\u00f3nicas en todas las p\u00e1ginas&#8221; para realizar una auditor\u00eda completa del sitio web o &#8220;Verificar las etiquetas can\u00f3nicas en la p\u00e1gina&#8221; para realizar una verificaci\u00f3n instant\u00e1nea de una sola p\u00e1gina. Una vez seleccionado, haga clic en &#8220;Iniciar auditor\u00eda&#8221; para analizar las etiquetas can\u00f3nicas y garantizar una indexaci\u00f3n adecuada.<\/p>\n<h2 id=\"par3\">Prueba Canonicals para todas las p\u00e1ginas<\/h2>\n<h3>Paso 1: Elige las primeras opciones del selector<\/h3>\n<div class=\"content__img-wrap\"><img src=\"https:\/\/sitechecker.pro\/wp-content\/uploads\/2025\/02\/check-canonicals-all-pages.png\" alt=\"Comprueba Canonicals para todas las p\u00e1ginas\" class=\"description-img description-img-zoom\" loading=\"lazy\" ><\/div>\n<div class=\"important-block\">Para recibir resultados y acceder a las funciones de Sitechecker durante 14 d\u00edas, comienza tu prueba GRATUITA. Registrarse es f\u00e1cil con tu correo electr\u00f3nico, cuenta de Google o Facebook. No se necesita tarjeta de cr\u00e9dito.<\/div>\n<h3>Paso 2: Obt\u00e9n resultados<\/h3>\n<p>Identifica las etiquetas URL preferidas faltantes, incorrectas o conflictivas que afectan la indexaci\u00f3n. Obt\u00e9n informes detallados de problemas, p\u00e1ginas afectadas y recomendaciones pr\u00e1cticas para garantizar un reconocimiento adecuado por parte de los motores de b\u00fasqueda y evitar problemas de contenido duplicado.<\/p>\n<div class=\"content__img-wrap\"><img src=\"https:\/\/sitechecker.pro\/wp-content\/uploads\/2025\/02\/canonical-issues.png\" alt=\"Canonical Issues\" class=\"description-img description-img-zoom\" loading=\"lazy\" ><\/div>\n<h3>Funciones adicionales de la herramienta<\/h3>\n<p>Obtenga una auditor\u00eda completa del sitio con informes detallados sobre problemas de etiquetas URL preferidas, indexabilidad, contenido duplicado y factores t\u00e9cnicos de SEO. Identifique errores cr\u00edticos, advertencias y oportunidades de optimizaci\u00f3n para mejorar la visibilidad en los motores de b\u00fasqueda y el rendimiento del sitio web.<\/p>\n<div class=\"content__img-wrap\"><img src=\"https:\/\/sitechecker.pro\/wp-content\/uploads\/2025\/02\/site-audit-issues-3.png\" alt=\"Problemas de auditor\u00eda del sitio\" class=\"description-img description-img-zoom\" loading=\"lazy\" ><\/div>\n<h2 id=\"par4\">Prueba la etiqueta can\u00f3nica en la p\u00e1gina<\/h2>\n<h3>Paso 1: elige una opci\u00f3n de auditor\u00eda de p\u00e1gina e inicia la verificaci\u00f3n<\/h3>\n<div class=\"content__img-wrap\"><img src=\"https:\/\/sitechecker.pro\/wp-content\/uploads\/2025\/02\/check-canonical-page.png\" alt=\"Verificar p\u00e1gina can\u00f3nica\" class=\"description-img description-img-zoom\" loading=\"lazy\" ><\/div>\n<h3>Paso 2: obt\u00e9n los resultados<\/h3>\n<p>Verifica al instante si una p\u00e1gina web tiene una versi\u00f3n preferida correctamente implementada, verifica su c\u00f3digo de estado y aseg\u00farate de que la indexaci\u00f3n sea correcta para evitar problemas de contenido duplicado.<\/p>\n<div class=\"content__img-wrap\"><img src=\"https:\/\/sitechecker.pro\/wp-content\/uploads\/2025\/02\/canonical-link-check.png\" alt=\"Canonical Link Check\" class=\"description-img description-img-zoom\" loading=\"lazy\" ><\/div>\n<p>Maximice las capacidades de la herramienta en la secci\u00f3n Auditor\u00eda del sitio. Explore la demostraci\u00f3n para descubrir problemas cr\u00edticos de SEO, mejorar el rendimiento del sitio web y simplificar la optimizaci\u00f3n t\u00e9cnica de su sitio web.<\/p>\n<div class=\"content__img-wrap\"><img src=\"https:\/\/sitechecker.pro\/wp-content\/uploads\/2025\/02\/site-audit-3.png\" alt=\"Auditor\u00eda del sitio\" class=\"description-img description-img-zoom\" loading=\"lazy\" ><\/div>\n<h3>Caracter\u00edsticas adicionales de la prueba de etiqueta can\u00f3nica<\/h3>\n<p>M\u00e1s all\u00e1 de la versi\u00f3n preferida de la validaci\u00f3n de una p\u00e1gina web, obtenga una descripci\u00f3n detallada de los problemas cr\u00edticos y de advertencia, el rendimiento de PageSpeed, la indexabilidad y la optimizaci\u00f3n del contenido. Identifique los problemas t\u00e9cnicos de SEO y reciba recomendaciones pr\u00e1cticas para mejorar la visibilidad de b\u00fasqueda de su p\u00e1gina web.<\/p>\n<div class=\"content__img-wrap\"><img src=\"https:\/\/sitechecker.pro\/wp-content\/uploads\/2025\/02\/issues-overview-3.png\" alt=\"Descripci\u00f3n general de problemas\" class=\"description-img description-img-zoom\" loading=\"lazy\" ><\/div>\n<p>Si se detecta una <a href=\"https:\/\/sitechecker.pro\/site-audit-issues\/canonical-is-missing\/\" target=\"_blank\" rel=\"noopener noreferrer\">URL can\u00f3nica faltante<\/a>, proporcionamos una gu\u00eda detallada y completa sobre c\u00f3mo solucionar el problema. Tambi\u00e9n puede ver la versi\u00f3n en video de la gu\u00eda aqu\u00ed.<\/p>\n<p><iframe width=\"700\" height=\"350\" src=\"https:\/\/www.youtube.com\/embed\/o_uOGuM3pjs?si=Xybk6A8ngsKd9j9B\" title=\"Reproductor de video de YouTube\" frameborder=\"0\" allow=\"accelerometer; autoplay; clipboard-write; encrypted-media; gyroscope; picture-in-picture; web-share\" referrerpolicy=\"strict-origin-when-cross-origin\" allowfullscreen><\/iframe><\/p>\n<h2 id=\"par5\">Idea final<\/h2>\n<p>El verificador de etiquetas can\u00f3nicas ayuda a garantizar una indexaci\u00f3n correcta al verificar, detectar y monitorear las etiquetas can\u00f3nicas en todo su sitio web. Ofrece auditor\u00edas de todo el sitio para identificar etiquetas faltantes o incorrectas y verificaciones instant\u00e1neas de una sola p\u00e1gina para una validaci\u00f3n r\u00e1pida. Con una interfaz f\u00e1cil de usar, un panel unificado y un conjunto completo de herramientas de SEO, simplifica el an\u00e1lisis y la optimizaci\u00f3n de SEO. Los usuarios pueden descubrir problemas cr\u00edticos de SEO, mejorar el rendimiento del sitio web y evitar problemas de contenido duplicado.<\/p>\n<div id=\"par6\"><\/div>\n<p><div class=\"front__faq-block\"><div class=\"faq__block-title\">Preguntas frecuentes<\/div><div class=\"panel-group\" id=\"faq-accordion\" itemscope itemtype=\"https:\/\/schema.org\/FAQPage\" role=\"tablist\" aria-multiselectable=\"true\"><div class=\"panel\" itemscope itemtype=\"https:\/\/schema.org\/Question\" itemprop=\"mainEntity\">\n                            <div class=\"panel-heading\" id=\"headingFaq-1\">\n                                <div class=\"panel-title\" data-toggle=\"collapse\" aria-expanded=\"false\" href=\"#collapseFaq-1\">\n                                    <h3 itemprop=\"name\">\u00bfC\u00f3mo ayuda la herramienta Canonicalization Checker a evitar problemas de contenido duplicado?<\/h3>\n                                <\/div>\n                            <\/div>\n                            <div id=\"collapseFaq-1\" class=\"panel-collapse collapse\" itemprop=\"acceptedAnswer\" itemscope itemtype=\"http:\/\/schema.org\/Answer\">\n                                <div class=\"panel-body\" itemprop=\"text\">Detecta etiquetas can\u00f3nicas incorrectas o faltantes, lo que garantiza que los motores de b\u00fasqueda reconozcan la versi\u00f3n correcta de la URL y evita penalizaciones por contenido duplicado.<\/div>\n                            <\/div>\n                        <\/div><div class=\"panel\" itemscope itemtype=\"https:\/\/schema.org\/Question\" itemprop=\"mainEntity\">\n                            <div class=\"panel-heading\" id=\"headingFaq-2\">\n                                <div class=\"panel-title\" data-toggle=\"collapse\" aria-expanded=\"false\" href=\"#collapseFaq-2\">\n                                    <h3 itemprop=\"name\">\u00bfLa herramienta puede realizar un seguimiento de los cambios en la versi\u00f3n preferida de una p\u00e1gina web a lo largo del tiempo?<\/h3>\n                                <\/div>\n                            <\/div>\n                            <div id=\"collapseFaq-2\" class=\"panel-collapse collapse\" itemprop=\"acceptedAnswer\" itemscope itemtype=\"http:\/\/schema.org\/Answer\">\n                                <div class=\"panel-body\" itemprop=\"text\">S\u00ed, ofrece supervisi\u00f3n de etiquetas can\u00f3nicas, que realiza un seguimiento continuo de los cambios, los errores y las inconsistencias en un sitio web.<\/div>\n                            <\/div>\n                        <\/div><div class=\"panel\" itemscope itemtype=\"https:\/\/schema.org\/Question\" itemprop=\"mainEntity\">\n                            <div class=\"panel-heading\" id=\"headingFaq-3\">\n                                <div class=\"panel-title\" data-toggle=\"collapse\" aria-expanded=\"false\" href=\"#collapseFaq-3\">\n                                    <h3 itemprop=\"name\">\u00bfCanonical Tag Tester ofrece recomendaciones para solucionar problemas?<\/h3>\n                                <\/div>\n                            <\/div>\n                            <div id=\"collapseFaq-3\" class=\"panel-collapse collapse\" itemprop=\"acceptedAnswer\" itemscope itemtype=\"http:\/\/schema.org\/Answer\">\n                                <div class=\"panel-body\" itemprop=\"text\">S\u00ed, genera informes de problemas detallados con explicaciones y recomendaciones pr\u00e1cticas para resolver problemas de etiquetas can\u00f3nicas.<\/div>\n                            <\/div>\n                        <\/div><\/div><\/div><\/p>","protected":false},"excerpt":{"rendered":"\u00bfQu\u00e9 es Canonical Tester? El verificador de URL can\u00f3nicas de Sitechecker verifica y analiza las versiones preferidas de las p\u00e1ginas web para evitar problemas de contenido duplicado y garantizar una correcta indexaci\u00f3n por parte de los motores de b\u00fasqueda. Ofrece una auditor\u00eda de todo el sitio para detectar etiquetas can\u00f3nicas faltantes o incorrectas y una&#8230;","protected":false},"author":10409641,"featured_media":3352,"parent":0,"menu_order":0,"comment_status":"closed","ping_status":"closed","template":"pages-templates\/pages-minitools-3.php","meta":[],"categories":[74],"tags":[],"_links":{"self":[{"href":"https:\/\/sitechecker.pro\/es\/wp-json\/wp\/v2\/pages\/654"}],"collection":[{"href":"https:\/\/sitechecker.pro\/es\/wp-json\/wp\/v2\/pages"}],"about":[{"href":"https:\/\/sitechecker.pro\/es\/wp-json\/wp\/v2\/types\/page"}],"author":[{"embeddable":true,"href":"https:\/\/sitechecker.pro\/es\/wp-json\/wp\/v2\/users\/10409641"}],"replies":[{"embeddable":true,"href":"https:\/\/sitechecker.pro\/es\/wp-json\/wp\/v2\/comments?post=654"}],"version-history":[{"count":172,"href":"https:\/\/sitechecker.pro\/es\/wp-json\/wp\/v2\/pages\/654\/revisions"}],"predecessor-version":[{"id":39294,"href":"https:\/\/sitechecker.pro\/es\/wp-json\/wp\/v2\/pages\/654\/revisions\/39294"}],"wp:featuredmedia":[{"embeddable":true,"href":"https:\/\/sitechecker.pro\/es\/wp-json\/wp\/v2\/media\/3352"}],"wp:attachment":[{"href":"https:\/\/sitechecker.pro\/es\/wp-json\/wp\/v2\/media?parent=654"}],"wp:term":[{"taxonomy":"category","embeddable":true,"href":"https:\/\/sitechecker.pro\/es\/wp-json\/wp\/v2\/categories?post=654"},{"taxonomy":"post_tag","embeddable":true,"href":"https:\/\/sitechecker.pro\/es\/wp-json\/wp\/v2\/tags?post=654"}],"curies":[{"name":"wp","href":"https:\/\/api.w.org\/{rel}","templated":true}]}}