{"id":645,"date":"2017-12-11T09:48:13","date_gmt":"2017-12-11T09:48:13","guid":{"rendered":"https:\/\/sitechecker.pro\/?page_id=645"},"modified":"2026-02-13T17:39:36","modified_gmt":"2026-02-13T17:39:36","slug":"alt-tags","status":"publish","type":"page","link":"https:\/\/sitechecker.pro\/es\/alt-tags\/","title":{"rendered":"Image Alt Tag Checker: Comprueba si los atributos alt existen y los textos son correctos \u2611"},"content":{"rendered":"<p><\/p>\n<h2 id=\"par1\">\u00bfQu\u00e9 es el verificador de etiquetas Alt de im\u00e1genes?<\/h2>\n<p>El verificador de etiquetas Alt de im\u00e1genes de <a href=\"https:\/\/sitechecker.pro\/\" target=\"_blank\" rel=\"noopener noreferrer\">Sitechecker<\/a> es una herramienta para encontrar todas las etiquetas Alt y detectar las que faltan en el sitio web. La herramienta audita todas las im\u00e1genes de un dominio o una p\u00e1gina espec\u00edfica, identificando problemas con atributos alternativos, como la falta o el uso inadecuado, y brindando soluciones para cada problema identificado.<\/p>\n<h3>\u00bfC\u00f3mo puede ayudarlo la herramienta?<\/h3>\n<p><strong>Auditor\u00eda de etiquetas Alt: <\/strong>La herramienta audita las descripciones de las im\u00e1genes para detectar problemas como etiquetas faltantes, uso inadecuado o descripciones insuficientes.<\/p>\n<p><strong>Informes detallados: <\/strong>Proporciona informes detallados sobre las etiquetas Alt de cada imagen y los problemas.<\/p>\n<p><strong>Mejora de la accesibilidad: <\/strong>Identificar mejoras para las descripciones de las im\u00e1genes ayuda a que los sitios web sean m\u00e1s accesibles para los usuarios con discapacidades visuales.<\/p>\n<h3>Caracter\u00edsticas clave de la herramienta<\/h3>\n<p><strong>Panel de control unificado: <\/strong>Proporciona un panel de control central que integra varias herramientas y an\u00e1lisis de SEO, ofreciendo una descripci\u00f3n general completa del rendimiento de SEO de su sitio web.<\/p>\n<p><strong>Interfaz f\u00e1cil de usar: <\/strong>La herramienta est\u00e1 dise\u00f1ada con una interfaz f\u00e1cil de usar, lo que la hace accesible y f\u00e1cil de navegar para usuarios de todos los niveles de habilidad.<\/p>\n<p><strong>Conjunto completo de herramientas de SEO: <\/strong>Sitechecker ofrece un conjunto completo de herramientas de SEO, que cubren aspectos como auditor\u00eda de sitios, seguimiento de clasificaci\u00f3n, verificaci\u00f3n de backlinks y m\u00e1s, para ayudarlo a optimizar sus sitios web de manera efectiva para los motores de b\u00fasqueda.<\/p>\n<h3>C\u00f3mo usar la herramienta<\/h3>\n<p>Hay dos formas de usar Image Alt Checker: ya sea verificando un dominio o una p\u00e1gina espec\u00edficos. Simplemente elija la variante que necesita, pegue una URL y presione &#8220;Verificar etiquetas alt&#8221;. Despu\u00e9s de unos momentos, comenzar\u00e1 el escaneo y podr\u00e1 ver los resultados. A continuaci\u00f3n, puede ver c\u00f3mo iniciar el proceso de escaneo.<\/p>\n<div class=\"content__img-wrap\"><img src=\"https:\/\/sitechecker.pro\/wp-content\/uploads\/2024\/08\/1-Alt-Text-Selector-min.png\" alt=\"Verificador de etiquetas Alt de imagen\" class=\"description-img description-img-zoom\" loading=\"lazy\" ><\/div>\n<h2 id=\"par2\">C\u00f3mo comprobar las etiquetas Alt en un sitio web<\/h2>\n<h3>Paso 1: inserta tu dominio<\/h3>\n<div class=\"content__img-wrap\"><img src=\"https:\/\/sitechecker.pro\/wp-content\/uploads\/2024\/08\/2-Alt-Text-Website-Check-min.png\" alt=\"Verificador de etiquetas Alt de dominio\" class=\"description-img description-img-zoom\" loading=\"lazy\" ><\/div>\n<div class=\"important-block\">Para recibir resultados y acceder a las funciones de Sitechecker durante 14 d\u00edas, comienza tu prueba GRATUITA. Registrarse es f\u00e1cil con tu cuenta de correo electr\u00f3nico, Google o Facebook. No se necesita tarjeta de cr\u00e9dito.<\/div>\n<h3>Paso 2: Interpretaci\u00f3n de los resultados del verificador de etiquetas Alt mediante la comprobaci\u00f3n del dominio<\/h3>\n<p>El an\u00e1lisis que realice generar\u00e1 una auditor\u00eda del contenido de su sitio para el dominio ingresado. En \u201cRelevancia del contenido\u201d, se pueden encontrar problemas con atributos alternativos: falta o uso inadecuado y\/o descripciones de una sola palabra, que pueden llevar a los visitantes a esperar m\u00e1s informaci\u00f3n de esas p\u00e1ginas cuando hacen clic en ellas. Al hacer clic en cualquier \u00e1rea problem\u00e1tica, se muestran las p\u00e1ginas afectadas y las instrucciones para solucionarlas, si es necesario, lo que facilita la resoluci\u00f3n de todos los problemas.<\/p>\n<div class=\"content__img-wrap\"><img src=\"https:\/\/sitechecker.pro\/wp-content\/uploads\/2024\/01\/missing-alt-text-issue.png\" alt=\"Problema de texto alternativo faltante\" class=\"description-img description-img-zoom\" loading=\"lazy\" ><\/div>\n<div class=\"content__img-wrap\"><img src=\"https:\/\/sitechecker.pro\/wp-content\/uploads\/2024\/01\/missing-alt-text-list.png\" alt=\"Lista de texto alternativo faltante\" class=\"description-img description-img-zoom\" loading=\"lazy\" ><\/div>\n<h3>Caracter\u00edsticas adicionales de Image Alt SEO Checker<\/h3>\n<p>Puede recibir un informe completo de auditor\u00eda del sitio despu\u00e9s de seleccionar la opci\u00f3n Verificar dominio. La informaci\u00f3n de este documento lo ayudar\u00e1 a identificar diferentes tipos de problemas en su sitio web y c\u00f3mo solucionarlos.<\/p>\n<div class=\"content__img-wrap\"><img src=\"https:\/\/sitechecker.pro\/wp-content\/uploads\/2024\/01\/issues-list.png\" alt=\"Lista de problemas\" class=\"description-img description-img-zoom\" loading=\"lazy\" ><\/div>\n<h2 id=\"par3\">Verificaci\u00f3n de p\u00e1gina<\/h2>\n<h3>Paso 1: inserte su URL y presione &#8220;Verificar etiquetas Alt&#8221;<\/h3>\n<div class=\"content__img-wrap\"><img src=\"https:\/\/sitechecker.pro\/wp-content\/uploads\/2024\/08\/3-Page-Alt-Texts-Check-min.png\" alt=\"Verificaci\u00f3n de etiquetas Alt de p\u00e1gina\" class=\"description-img description-img-zoom\" loading=\"lazy\" ><\/div>\n<h3>Paso 2: interpretaci\u00f3n de los resultados del comprobador de etiquetas Alt mediante la verificaci\u00f3n de p\u00e1gina<\/h3>\n<p><strong>El verificador de texto Alt<\/strong> muestra un an\u00e1lisis exitoso de una p\u00e1gina web. La parte superior de la pantalla revela una puntuaci\u00f3n de p\u00e1gina con algunas advertencias menores que se deben abordar.<\/p>\n<p>La herramienta identifica un conjunto de <a href=\"https:\/\/sitechecker.pro\/broken-image-checker\/\" data-wpil-monitor-id=\"230\">im\u00e1genes<\/a> y resalta las descripciones de las im\u00e1genes que faltan. Ver\u00e1 los resultados visuales, donde se presentan informaci\u00f3n \u00fatil, como los atributos de t\u00edtulo que faltan y los tama\u00f1os de las im\u00e1genes, lo que le permite tomar decisiones informadas para optimizar su p\u00e1gina web de manera efectiva.<\/p>\n<div class=\"content__img-wrap\"><img src=\"https:\/\/sitechecker.pro\/wp-content\/uploads\/2024\/01\/alt-text-checker-results.png\" alt=\"Alt Text Checker Results\" class=\"description-img description-img-zoom\" loading=\"lazy\" ><\/div>\n<p>Para realizar una auditor\u00eda de todo su sitio en lugar de solo una p\u00e1gina, seleccione &#8220;Ejecutar una auditor\u00eda completa del sitio web&#8221; o consulte la primera secci\u00f3n de este manual para la verificaci\u00f3n del dominio.<\/p>\n<p>La herramienta cuenta con un proyecto de demostraci\u00f3n que muestra sus capacidades. Al elegir &#8220;Auditor\u00eda del sitio&#8221;, puede explorar las funciones y comprender c\u00f3mo la herramienta puede mejorar el SEO de su sitio web.<\/p>\n<div class=\"content__img-wrap\"><img src=\"https:\/\/sitechecker.pro\/wp-content\/uploads\/2024\/01\/run-full-site-audit.png\" alt=\"Ejecutar auditor\u00eda completa del sitio\" class=\"description-img description-img-zoom\" loading=\"lazy\" ><\/div>\n<h3>Funciones adicionales del verificador de etiquetas alt de la p\u00e1gina<\/h3>\n<p>El verificador de etiquetas Alt de im\u00e1genes cuenta con una interfaz ampliada que mejora el an\u00e1lisis SEO de su sitio web. En la secci\u00f3n &#8220;Descripci\u00f3n general de problemas&#8221;, se desglosan los problemas cr\u00edticos y las advertencias.<\/p>\n<p>La secci\u00f3n &#8220;Optimizaci\u00f3n de contenido&#8221; mejora a\u00fan m\u00e1s la utilidad de la herramienta al evaluar los indicadores generales de salud de la p\u00e1gina, como el c\u00f3digo de estado y el tama\u00f1o del HTML. Tambi\u00e9n eval\u00faa la longitud de los t\u00edtulos y las descripciones para lograr el m\u00e1ximo rendimiento SEO. Tambi\u00e9n presenta datos sobre contenido estructurado y SEO, junto con una lista completa de enlaces de p\u00e1ginas. Esta integraci\u00f3n de funciones adicionales en el verificador de etiquetas Alt facilita una <a href=\"https:\/\/sitechecker.pro\/on-page-seo-checker\/\" target=\"_blank\" rel=\"noopener noreferrer\">evaluaci\u00f3n SEO en la p\u00e1gina<\/a> extensa, que trasciende las etiquetas de im\u00e1genes para brindar una evaluaci\u00f3n integral de la p\u00e1gina web.<\/p>\n<div class=\"content__img-wrap\"><img src=\"https:\/\/sitechecker.pro\/wp-content\/uploads\/2024\/01\/issues-overview.png\" alt=\"Descripci\u00f3n general de los problemas\" class=\"description-img description-img-zoom\" loading=\"lazy\" ><\/div>\n<p>Para complementar esta funcionalidad, el <a href=\"https:\/\/sitechecker.pro\/website-image-crawler\/\">Website Image Crawler<\/a> puede escanear regularmente su sitio en busca de im\u00e1genes no optimizadas y etiquetas alt faltantes, lo que garantiza que todo el contenido visual est\u00e9 optimizado correctamente para SEO.<\/p>\n<h2 id=\"par4\">Observaciones finales<\/h2>\n<p>El <strong>Image Alt Text Checker<\/strong> es una herramienta vital para mejorar el SEO y la accesibilidad de un sitio web a trav\u00e9s de auditor\u00edas integrales de etiquetas alt. Ofrece una interfaz f\u00e1cil de usar con un panel unificado, lo que simplifica el proceso de identificaci\u00f3n y resoluci\u00f3n de problemas de etiquetas alt en todo un sitio web o en p\u00e1ginas espec\u00edficas. Sus informes detallados sobre las etiquetas alt, incluidos los problemas y las recomendaciones, ayudan a que el contenido web sea accesible para todos los usuarios, incluidos aquellos con discapacidades visuales. Con funciones adicionales para la optimizaci\u00f3n SEO de todo el sitio, la herramienta es un recurso valioso para cualquiera que busque mejorar la presencia en l\u00ednea y la experiencia del usuario de su sitio web.<\/p>\n<div id=\"par5\"><\/div>\n<p><div class=\"front__faq-block\"><div class=\"faq__block-title\">Preguntas frecuentes<\/div><div class=\"panel-group\" id=\"faq-accordion\" itemscope itemtype=\"https:\/\/schema.org\/FAQPage\" role=\"tablist\" aria-multiselectable=\"true\"><div class=\"panel\" itemscope itemtype=\"https:\/\/schema.org\/Question\" itemprop=\"mainEntity\">\n                            <div class=\"panel-heading\" id=\"headingFaq-1\">\n                                <div class=\"panel-title\" data-toggle=\"collapse\" aria-expanded=\"false\" href=\"#collapseFaq-1\">\n                                    <h3 itemprop=\"name\">\u00bfPuedo usar Alt Text Tester sin conocimientos t\u00e9cnicos de SEO?<\/h3>\n                                <\/div>\n                            <\/div>\n                            <div id=\"collapseFaq-1\" class=\"panel-collapse collapse\" itemprop=\"acceptedAnswer\" itemscope itemtype=\"http:\/\/schema.org\/Answer\">\n                                <div class=\"panel-body\" itemprop=\"text\">S\u00ed, la herramienta est\u00e1 dise\u00f1ada con una interfaz f\u00e1cil de usar que permite a las personas de todos los niveles de habilidad navegar y usar f\u00e1cilmente sus funciones para la optimizaci\u00f3n SEO.<\/div>\n                            <\/div>\n                        <\/div><div class=\"panel\" itemscope itemtype=\"https:\/\/schema.org\/Question\" itemprop=\"mainEntity\">\n                            <div class=\"panel-heading\" id=\"headingFaq-2\">\n                                <div class=\"panel-title\" data-toggle=\"collapse\" aria-expanded=\"false\" href=\"#collapseFaq-2\">\n                                    <h3 itemprop=\"name\">\u00bfEl Image Alt Tag Checker admite el procesamiento por lotes para varias p\u00e1ginas?<\/h3>\n                                <\/div>\n                            <\/div>\n                            <div id=\"collapseFaq-2\" class=\"panel-collapse collapse\" itemprop=\"acceptedAnswer\" itemscope itemtype=\"http:\/\/schema.org\/Answer\">\n                                <div class=\"panel-body\" itemprop=\"text\">La herramienta le permite verificar las descripciones de im\u00e1genes en todo un dominio, procesando efectivamente varias p\u00e1ginas de manera similar a un proceso por lotes.<\/div>\n                            <\/div>\n                        <\/div><div class=\"panel\" itemscope itemtype=\"https:\/\/schema.org\/Question\" itemprop=\"mainEntity\">\n                            <div class=\"panel-heading\" id=\"headingFaq-3\">\n                                <div class=\"panel-title\" data-toggle=\"collapse\" aria-expanded=\"false\" href=\"#collapseFaq-3\">\n                                    <h3 itemprop=\"name\">\u00bfExiste un l\u00edmite para la cantidad de im\u00e1genes que la herramienta puede verificar en un sitio web?<\/h3>\n                                <\/div>\n                            <\/div>\n                            <div id=\"collapseFaq-3\" class=\"panel-collapse collapse\" itemprop=\"acceptedAnswer\" itemscope itemtype=\"http:\/\/schema.org\/Answer\">\n                                <div class=\"panel-body\" itemprop=\"text\">La herramienta no establece un l\u00edmite expl\u00edcito; puede auditar todas las im\u00e1genes que se encuentran en el dominio o la p\u00e1gina especificados.<\/div>\n                            <\/div>\n                        <\/div><div class=\"panel\" itemscope itemtype=\"https:\/\/schema.org\/Question\" itemprop=\"mainEntity\">\n                            <div class=\"panel-heading\" id=\"headingFaq-4\">\n                                <div class=\"panel-title\" data-toggle=\"collapse\" aria-expanded=\"false\" href=\"#collapseFaq-4\">\n                                    <h3 itemprop=\"name\">\u00bfCu\u00e1nto tiempo se tarda en realizar una comprobaci\u00f3n de etiquetas Alt en una p\u00e1gina?<\/h3>\n                                <\/div>\n                            <\/div>\n                            <div id=\"collapseFaq-4\" class=\"panel-collapse collapse\" itemprop=\"acceptedAnswer\" itemscope itemtype=\"http:\/\/schema.org\/Answer\">\n                                <div class=\"panel-body\" itemprop=\"text\">El proceso de escaneo comienza poco despu\u00e9s de insertar una URL e iniciar una comprobaci\u00f3n. La duraci\u00f3n puede variar seg\u00fan la cantidad de im\u00e1genes y el tama\u00f1o de la p\u00e1gina.<\/div>\n                            <\/div>\n                        <\/div><div class=\"panel\" itemscope itemtype=\"https:\/\/schema.org\/Question\" itemprop=\"mainEntity\">\n                            <div class=\"panel-heading\" id=\"headingFaq-5\">\n                                <div class=\"panel-title\" data-toggle=\"collapse\" aria-expanded=\"false\" href=\"#collapseFaq-5\">\n                                    <h3 itemprop=\"name\">\u00bfEl verificador de etiquetas Alt de im\u00e1genes proporciona explicaciones sobre sus advertencias de SEO?<\/h3>\n                                <\/div>\n                            <\/div>\n                            <div id=\"collapseFaq-5\" class=\"panel-collapse collapse\" itemprop=\"acceptedAnswer\" itemscope itemtype=\"http:\/\/schema.org\/Answer\">\n                                <div class=\"panel-body\" itemprop=\"text\">S\u00ed, la herramienta ofrece informes detallados con explicaciones sobre los problemas encontrados, incluidas las soluciones sugeridas para optimizar las descripciones de las im\u00e1genes.<\/div>\n                            <\/div>\n                        <\/div><\/div><\/div><\/p>","protected":false},"excerpt":{"rendered":"\u00bfQu\u00e9 es el verificador de etiquetas Alt de im\u00e1genes? El verificador de etiquetas Alt de im\u00e1genes de Sitechecker es una herramienta para encontrar todas las etiquetas Alt y detectar las que faltan en el sitio web. La herramienta audita todas las im\u00e1genes de un dominio o una p\u00e1gina espec\u00edfica, identificando problemas con atributos alternativos, como&#8230;","protected":false},"author":10504980,"featured_media":3419,"parent":0,"menu_order":0,"comment_status":"closed","ping_status":"closed","template":"pages-templates\/pages-minitools-3.php","meta":[],"categories":[74],"tags":[],"_links":{"self":[{"href":"https:\/\/sitechecker.pro\/es\/wp-json\/wp\/v2\/pages\/645"}],"collection":[{"href":"https:\/\/sitechecker.pro\/es\/wp-json\/wp\/v2\/pages"}],"about":[{"href":"https:\/\/sitechecker.pro\/es\/wp-json\/wp\/v2\/types\/page"}],"author":[{"embeddable":true,"href":"https:\/\/sitechecker.pro\/es\/wp-json\/wp\/v2\/users\/10504980"}],"replies":[{"embeddable":true,"href":"https:\/\/sitechecker.pro\/es\/wp-json\/wp\/v2\/comments?post=645"}],"version-history":[{"count":84,"href":"https:\/\/sitechecker.pro\/es\/wp-json\/wp\/v2\/pages\/645\/revisions"}],"predecessor-version":[{"id":39277,"href":"https:\/\/sitechecker.pro\/es\/wp-json\/wp\/v2\/pages\/645\/revisions\/39277"}],"wp:featuredmedia":[{"embeddable":true,"href":"https:\/\/sitechecker.pro\/es\/wp-json\/wp\/v2\/media\/3419"}],"wp:attachment":[{"href":"https:\/\/sitechecker.pro\/es\/wp-json\/wp\/v2\/media?parent=645"}],"wp:term":[{"taxonomy":"category","embeddable":true,"href":"https:\/\/sitechecker.pro\/es\/wp-json\/wp\/v2\/categories?post=645"},{"taxonomy":"post_tag","embeddable":true,"href":"https:\/\/sitechecker.pro\/es\/wp-json\/wp\/v2\/tags?post=645"}],"curies":[{"name":"wp","href":"https:\/\/api.w.org\/{rel}","templated":true}]}}