{"id":6406,"date":"2019-04-18T11:20:27","date_gmt":"2019-04-18T11:20:27","guid":{"rendered":"https:\/\/sitechecker.pro\/?page_id=6406"},"modified":"2026-02-20T14:20:11","modified_gmt":"2026-02-20T14:20:11","slug":"rank-checker","status":"publish","type":"page","link":"https:\/\/sitechecker.pro\/es\/rank-checker\/","title":{"rendered":"Outil gratuit pour v\u00e9rifier le classement des mots-cl\u00e9s"},"content":{"rendered":"<p><\/p>\n<h2 id=\"par1\">\u00bfQu\u00e9 es un verificador de ranking de sitios web?<\/h2>\n<p>La herramienta Google Rank Checker le permite evaluar las posiciones de palabras clave de su sitio web en Google, ofreciendo datos de ranking actuales e hist\u00f3ricos para b\u00fasquedas en computadoras de escritorio y dispositivos m\u00f3viles dentro de los 100 resultados principales de Google en 155 pa\u00edses. Esta herramienta muestra la visibilidad general de su sitio web y URL espec\u00edficas, el volumen de b\u00fasqueda de palabras clave clasificadas, informaci\u00f3n sobre fragmentos destacados y competencia en SERP.<\/p>\n<h3>Keyword Rank Checker puede ayudarlo de muchas maneras<\/h3>\n<ul>\n<li><strong>Verificaci\u00f3n de posici\u00f3n actual: <\/strong>Encuentre la clasificaci\u00f3n de consultas de b\u00fasqueda en la que se encuentra ahora y en la que se encuentran sus competidores. Le permitir\u00e1 desarrollar una estrategia de SEO exitosa para lograr sus objetivos de promoci\u00f3n.\n<\/li>\n<li><strong>Cargar una lista de palabras clave objetivo: <\/strong>Use Rank Analyzer para las consultas que planea clasificar. Tracker te mostrar\u00e1 estad\u00edsticas de palabras clave, incluso si no las tienes en Search Console.<\/li>\n<li><strong>Sugerencias de palabras clave: <\/strong>Google Rank Finder no solo comprueba las clasificaciones de frases clave, sino que tambi\u00e9n sugiere palabras clave relacionadas y su volumen de b\u00fasqueda que pueden ser valiosas para tu sitio web.<\/li>\n<li><strong>SEO local: <\/strong>Para las empresas que dependen de los clientes locales, la herramienta ofrece funciones de geolocalizaci\u00f3n. Esto significa que puedes comprobar la clasificaci\u00f3n del sitio web y qu\u00e9 tan bien est\u00e1 clasificada para palabras clave en ciudades o regiones espec\u00edficas.<\/li>\n<li><strong>M\u00f3vil vs. Escritorio: <\/strong>A medida que la b\u00fasqueda m\u00f3vil se vuelve m\u00e1s frecuente, la herramienta proporciona datos separados para b\u00fasquedas m\u00f3viles y de escritorio.<\/li>\n<li><strong>Frecuencia: <\/strong>La herramienta SEO Ranker del sitio web permite realizar verificaciones peri\u00f3dicas (1 d\u00eda, 7 d\u00edas, 30 d\u00edas, 90 d\u00edas y Todo el tiempo). Esto ayuda a mantener un registro del rendimiento y comprender la volatilidad de las clasificaciones.<\/li>\n<li><strong>Visibilidad del sitio web y visibilidad de la p\u00e1gina: <\/strong>Proporciona una puntuaci\u00f3n agregada del rendimiento de un sitio en los motores de b\u00fasqueda en funci\u00f3n de las clasificaciones de palabras clave colectivas. Muestra c\u00f3mo cada p\u00e1gina contribuye a la visibilidad general del sitio web, lo que ayuda a identificar las p\u00e1ginas de alto rendimiento o de bajo rendimiento.<\/li>\n<li><strong>Comprobaci\u00f3n de palabras clave de la competencia: <\/strong>Compruebe otros sitios, como un competidor, y conozca c\u00f3mo progresa su posici\u00f3n en los resultados de b\u00fasqueda.<\/li>\n<li><strong>Compruebe las estad\u00edsticas SEPR detalladas: <\/strong>Adem\u00e1s de ver los datos sobre las posiciones de cualquier palabra clave, puede analizarla m\u00e1s en profundidad. Si hace clic en el gr\u00e1fico cerca de las frases clave, ver\u00e1 un gr\u00e1fico m\u00e1s detallado de los cambios de posici\u00f3n.<\/li>\n<\/ul>\n<h3>Caracter\u00edsticas clave del Buscador de posiciones de clasificaci\u00f3n de palabras clave<\/h3>\n<ul>\n<li><strong>Panel unificado. <\/strong>Este elemento ofrece un centro \u00fanico donde puede supervisar todos los datos y comentarios cruciales sobre las posiciones de su sitio web. Puede mostrar detalles detallados sobre sus palabras clave, res\u00famenes de errores, representaciones gr\u00e1ficas y similares. Un panel de control consolidado agiliza y simplifica la administraci\u00f3n.<\/li>\n<li><strong>Interfaz f\u00e1cil de usar. <\/strong>Esto garantiza que la herramienta siga siendo f\u00e1cil de usar, incluso para personas que carecen de conocimientos t\u00e9cnicos. Este dise\u00f1o incluye una navegaci\u00f3n sencilla, etiquetas inequ\u00edvocas, sugerencias emergentes informativas, entre otras caracter\u00edsticas. Un dise\u00f1o intuitivo acelera el proceso de descubrimiento y uso de las funcionalidades que busca.<\/li>\n<li><strong>Suite de SEO todo incluido. <\/strong>Adem\u00e1s de verificar las clasificaciones de consultas, esta suite de SEO integral puede incorporar utilidades para evaluaciones de SEO en el sitio, monitoreo, escrutinio de enlaces, revisiones de sitios web y m\u00e1s. Estas funciones tienen como objetivo mejorar la prominencia de su sitio web en las listas de motores de b\u00fasqueda, atrayendo as\u00ed visitantes org\u00e1nicos a su plataforma.<\/li>\n<li><strong>Exportar datos en informes. <\/strong>Opci\u00f3n para descargar informes en formato .csv y .pdf para compartir con los miembros de su equipo o su cliente.<\/li>\n<\/ul>\n<h2 id=\"par2\">C\u00f3mo utilizar el verificador de clasificaci\u00f3n de sitios web de Google<\/h2>\n<h3>Paso 1: Ingrese su dominio, regi\u00f3n de destino e idioma, luego haga clic en el bot\u00f3n &#8220;Verificar clasificaci\u00f3n&#8221;.<\/h3>\n<div class=\"content__img-wrap\"><img src=\"https:\/\/sitechecker.pro\/wp-content\/uploads\/2024\/06\/website-ranking-checker.png\" alt=\"Verificador de clasificaci\u00f3n de palabras clave\" class=\"description-img description-img-zoom\" loading=\"lazy\" ><\/div>\n<h3>Paso 2: Obtenga el resultado<\/h3>\n<p>Despu\u00e9s de completar la verificaci\u00f3n de clasificaci\u00f3n del sitio web, descubrir\u00e1 las consultas principales para las que se clasifica su sitio. La herramienta ofrece una descripci\u00f3n general completa del tr\u00e1fico, que muestra el tr\u00e1fico estimado y la distribuci\u00f3n de palabras clave en las 10 primeras, 11-20 y 21-100 posiciones en SERP. Enumera las palabras clave principales junto con sus URL, posiciones de b\u00fasqueda, volumen y datos de tr\u00e1fico.<\/p>\n<div class=\"content__img-wrap\"><img src=\"https:\/\/sitechecker.pro\/wp-content\/uploads\/2024\/11\/TOP-50-in-SERP-image-min.png\" alt=\"Resultados del verificador de clasificaci\u00f3n de palabras clave\" class=\"description-img description-img-zoom\" loading=\"lazy\" ><\/div>\n<p>La informaci\u00f3n competitiva incluye la competencia de palabras clave, el costo por clic (CPC) y el costo del tr\u00e1fico, lo que le permite evaluar la competitividad del mercado y los gastos de publicidad. Las m\u00e9tricas detalladas para cada palabra clave, incluidas las posiciones de clasificaci\u00f3n exactas y el volumen de b\u00fasqueda, ayudan a identificar palabras clave de alto y bajo rendimiento de manera eficaz.<\/p>\n<p>Comience una prueba gratuita para acceder a sus clasificaciones de palabras clave completas y a los datos SERP de la competencia.<\/p>\n<div class=\"content__img-wrap\"><img src=\"https:\/\/sitechecker.pro\/wp-content\/uploads\/2024\/11\/Outrack-your-competitors-min.png\" alt=\"Etiqueta emergente de inicio de prueba gratuita\" class=\"description-img description-img-zoom\" loading=\"lazy\" ><\/div>\n<div class=\"important-block\">Para recibir resultados y acceder a las funciones de Sitechecker durante 14 d\u00edas, comience su prueba GRATUITA. Reg\u00edstrese f\u00e1cilmente con su correo electr\u00f3nico, cuenta de Google o Facebook. No se necesita tarjeta de cr\u00e9dito.<\/div>\n<h2 id=\"par3\">Funciones adicionales del verificador de clasificaci\u00f3n de palabras clave<\/h2>\n<p>Adem\u00e1s, puede usar no solo verificar las posiciones de las palabras clave, sino tambi\u00e9n nuestro software de verificaci\u00f3n de clasificaci\u00f3n. Le ayuda a realizar un seguimiento de las clasificaciones SEO de su sitio web con regularidad y a descubrir qu\u00e9 acciones llevaron al crecimiento, y a ser el primero en saber cu\u00e1ndo ocurren m\u00faltiples eventos cr\u00edticos. Puede realizar un seguimiento de forma sencilla de c\u00f3mo la soluci\u00f3n de <a href=\"https:\/\/sitechecker.pro\/website-defacement-monitoring\/\" data-wpil-monitor-id=\"98\">problemas en su sitio web<\/a> mejora su posici\u00f3n web y prueba nuevas estrategias.<\/p>\n<p>Para ello, simplemente haga clic en \u201cIniciar seguimiento\u201d en la p\u00e1gina de resultados del analizador de posiciones.<\/p>\n<div class=\"content__img-wrap\"><img src=\"https:\/\/sitechecker.pro\/wp-content\/uploads\/2024\/11\/Start-tracking-min.png\" alt=\"Iniciar seguimiento\" class=\"description-img description-img-zoom\" loading=\"lazy\" ><\/div>\n<p>Despu\u00e9s de hacer clic en el bot\u00f3n &#8220;Iniciar seguimiento&#8221;, las consultas que se encontraron se agregar\u00e1n a la p\u00e1gina de configuraci\u00f3n del rastreador:<\/p>\n<div class=\"content__img-wrap\"><img src=\"https:\/\/sitechecker.pro\/wp-content\/uploads\/2024\/06\/image6-min.png\" alt=\"configuraci\u00f3n del rastreador de rangos\" class=\"description-img description-img-zoom\" loading=\"lazy\" ><\/div>\n<p>Elija las consultas clave que desea rastrear, ajuste los par\u00e1metros de b\u00fasqueda para ellas (dispositivos, pa\u00eds, SEO local) y, si es necesario, agrupe las consultas clave de un grupo (tema) en diferentes grupos.<\/p>\n<p>Agrupe las palabras clave por categor\u00edas y p\u00e1ginas para rastrear f\u00e1cilmente el progreso de cada grupo de palabras clave. Haga clic en &#8220;Guardar&#8221;.<\/p>\n<div class=\"content__img-wrap\"><img src=\"https:\/\/sitechecker.pro\/wp-content\/uploads\/2024\/06\/image1-min.png\" alt=\"Grupos de palabras clave\" class=\"description-img description-img-zoom\" loading=\"lazy\" ><\/div>\n<p>Una vez que haya configurado sus frases clave de seguimiento, obtendr\u00e1 acceso a una amplia variedad de funciones que brindan informaci\u00f3n y an\u00e1lisis profundos. Deje que la herramienta recopile m\u00e1s datos para obtener resultados \u00f3ptimos; con esta informaci\u00f3n en la mano, se pueden identificar y monitorear en vivo las tendencias en sus calificaciones.<\/p>\n<h3>Analice la clasificaci\u00f3n y la visibilidad de su sitio web en la b\u00fasqueda de Google<\/h3>\n<p>Para ver las clasificaciones de consultas de b\u00fasqueda de su sitio web, haga clic en la pesta\u00f1a &#8220;Palabras clave&#8221;. Esto mostrar\u00e1 todos los t\u00e9rminos para los que su sitio se clasifica en los resultados de b\u00fasqueda:<\/p>\n<div class=\"content__img-wrap\"><img src=\"https:\/\/sitechecker.pro\/wp-content\/uploads\/2024\/06\/image9-min.png\" alt=\"Clasificaci\u00f3n de palabras clave\" class=\"description-img description-img-zoom\" loading=\"lazy\" ><\/div>\n<p>En esta secci\u00f3n, puede ver las tendencias de clasificaci\u00f3n de las palabras clave dentro de la b\u00fasqueda TOP-100 de Google. Filtre f\u00e1cilmente las frases clave por posici\u00f3n, volumen de b\u00fasqueda o agrupaciones, como categorizarlas en funci\u00f3n de sus ofertas de productos o servicios para monitorear la din\u00e1mica del rendimiento.<\/p>\n<p>Con el gr\u00e1fico, puede medir visualmente la posici\u00f3n de su sitio en per\u00edodos diarios, semanales o mensuales. Tambi\u00e9n puede se\u00f1alar cu\u00e1ndo se agregaron palabras clave para monitorear, hacer anotaciones e incluso realizar un seguimiento de las actualizaciones de Google.<\/p>\n<p>La tasa de visibilidad mide el potencial de obtener m\u00e1s tr\u00e1fico a partir de palabras clave clasificadas. La visibilidad se calcula utilizando un \u00edndice basado en las posiciones de las frases clave.<\/p>\n<div class=\"content__img-wrap\"><img src=\"https:\/\/sitechecker.pro\/wp-content\/uploads\/2024\/06\/image5-min.png\" alt=\"Visibilidad de palabras clave\" class=\"description-img description-img-zoom\" loading=\"lazy\" ><\/div>\n<p>El gr\u00e1fico le permite monitorear c\u00f3mo las actualizaciones de Google afectan la visibilidad de su sitio en los resultados de b\u00fasqueda.<\/p>\n<p>La funci\u00f3n de An\u00e1lisis de la competencia en el Verificador de clasificaci\u00f3n de sitios web le permite rastrear y comparar el rendimiento de SERP en dominios de la competencia.<\/p>\n<div class=\"content__img-wrap\"><img src=\"https:\/\/sitechecker.pro\/wp-content\/uploads\/2024\/11\/Competitor-Analysis.png\" alt=\"An\u00e1lisis de la competencia\" class=\"description-img description-img-zoom\" loading=\"lazy\" ><\/div>\n<p>Puede rastrear los cambios de cada competidor y compararlos directamente con el rendimiento de su sitio.<\/p>\n<p>El Rastreador de clasificaci\u00f3n proporciona informaci\u00f3n completa sobre el rendimiento de su sitio web al mostrar clasificaciones de palabras clave, visibilidad y an\u00e1lisis de la competencia. Clasifica las posiciones de las palabras clave desde la primera hasta la primera centena y rastrea el porcentaje de visibilidad general. La herramienta tambi\u00e9n compara el rendimiento de su sitio con el de sus competidores y le permite ajustar par\u00e1metros de b\u00fasqueda como dispositivos, pa\u00edses y SEO local para un seguimiento personalizado.<\/p>\n<div class=\"content__img-wrap\"><img src=\"https:\/\/sitechecker.pro\/wp-content\/uploads\/2024\/06\/image4-min.png\" alt=\"Ranking de palabras clave de la competencia\" class=\"description-img description-img-zoom\" loading=\"lazy\" ><\/div>\n<p>La siguiente tabla muestra las palabras clave junto con sus posiciones y las p\u00e1ginas correspondientes.<\/p>\n<div class=\"content__img-wrap\"><img src=\"https:\/\/sitechecker.pro\/wp-content\/uploads\/2024\/06\/image11-min.png\" alt=\"palabras clave con sus rankings\" class=\"description-img description-img-zoom\" loading=\"lazy\" ><\/div>\n<p>Puede filtrar los cambios de ranking por d\u00eda, agrupar posiciones por TOP y elegir grupos de palabras clave espec\u00edficos. Descubra las funciones SERP para cada palabra clave, la URL clasificada y las tendencias de posici\u00f3n de la frase clave. La funci\u00f3n de exportaci\u00f3n es crucial para un an\u00e1lisis de datos en profundidad y para compartir con clientes o colegas.<\/p>\n<p>Adem\u00e1s, al seleccionar \u201cAn\u00e1lisis de SERP de palabras clave\u201d, puede ver a sus competidores para una palabra clave espec\u00edfica y comparar su posici\u00f3n en la b\u00fasqueda con la de ellos.<\/p>\n<div class=\"content__img-wrap\"><img src=\"https:\/\/sitechecker.pro\/wp-content\/uploads\/2024\/06\/image10-min.png\" alt=\"SERP\" class=\"description-img description-img-zoom\" loading=\"lazy\" ><\/div>\n<p>Con <a href=\"https:\/\/sitechecker.pro\/serp-alerts\/\">SERP Alerts<\/a>, recibir\u00e1 notificaciones sobre cualquier cambio significativo en la clasificaci\u00f3n, lo que le garantizar\u00e1 mantenerse por delante de sus competidores y poder ajustar su estrategia de SEO.<\/p>\n<h2 id=\"par4\">Resumen<\/h2>\n<p>El Comprobador de clasificaci\u00f3n SEO es una herramienta de SEO s\u00f3lida que eval\u00faa las clasificaciones de palabras clave y URL en la b\u00fasqueda de Google en 155 pa\u00edses, vital tanto para computadoras de escritorio como para dispositivos m\u00f3viles. Presenta la visibilidad general del sitio web, la posici\u00f3n de la p\u00e1gina en los resultados de b\u00fasqueda, el volumen de b\u00fasqueda de palabras clave, los detalles de los fragmentos y la competencia SERP. Con un panel centrado en el usuario, funciones de geolocalizaci\u00f3n y monitoreo regular, simplifica la creaci\u00f3n de estrategias. El Comprobador de clasificaci\u00f3n de palabras clave admite la exportaci\u00f3n de datos, proporciona informaci\u00f3n sobre el potencial de tr\u00e1fico a trav\u00e9s de la tasa de visibilidad y destaca el contenido que genera fragmentos. Tambi\u00e9n ofrece informaci\u00f3n sobre la din\u00e1mica de la clasificaci\u00f3n de URL y los impactos de las actualizaciones de Google, lo que lo convierte en una herramienta esencial en SEO.<\/p>\n<div id=\"par5\"><\/div>\n<p><div class=\"front__faq-block\"><div class=\"faq__block-title\">Preguntas frecuentes<\/div><div class=\"panel-group\" id=\"faq-accordion\" itemscope itemtype=\"https:\/\/schema.org\/FAQPage\" role=\"tablist\" aria-multiselectable=\"true\"><div class=\"panel\" itemscope itemtype=\"https:\/\/schema.org\/Question\" itemprop=\"mainEntity\">\n                            <div class=\"panel-heading\" id=\"headingFaq-1\">\n                                <div class=\"panel-title\" data-toggle=\"collapse\" aria-expanded=\"false\" href=\"#collapseFaq-1\">\n                                    <h3 itemprop=\"name\">\u00bfC\u00f3mo puedo consultar la posici\u00f3n de mi consulta de b\u00fasqueda de forma gratuita?<\/h3>\n                                <\/div>\n                            <\/div>\n                            <div id=\"collapseFaq-1\" class=\"panel-collapse collapse\" itemprop=\"acceptedAnswer\" itemscope itemtype=\"http:\/\/schema.org\/Answer\">\n                                <div class=\"panel-body\" itemprop=\"text\">Utilice el Comprobador de posici\u00f3n de palabras clave SEO. Simplemente introduzca su dominio para ver la posici\u00f3n de su consulta.<\/div>\n                            <\/div>\n                        <\/div><div class=\"panel\" itemscope itemtype=\"https:\/\/schema.org\/Question\" itemprop=\"mainEntity\">\n                            <div class=\"panel-heading\" id=\"headingFaq-2\">\n                                <div class=\"panel-title\" data-toggle=\"collapse\" aria-expanded=\"false\" href=\"#collapseFaq-2\">\n                                    <h3 itemprop=\"name\">\u00bfCu\u00e1ntas palabras clave debo utilizar para SEO?<\/h3>\n                                <\/div>\n                            <\/div>\n                            <div id=\"collapseFaq-2\" class=\"panel-collapse collapse\" itemprop=\"acceptedAnswer\" itemscope itemtype=\"http:\/\/schema.org\/Answer\">\n                                <div class=\"panel-body\" itemprop=\"text\">No hay un n\u00famero fijo. Conc\u00e9ntrese principalmente en la calidad y la relevancia. Aseg\u00farese de utilizar una combinaci\u00f3n de frases clave principales y de cola larga en funci\u00f3n de su contenido.<\/div>\n                            <\/div>\n                        <\/div><div class=\"panel\" itemscope itemtype=\"https:\/\/schema.org\/Question\" itemprop=\"mainEntity\">\n                            <div class=\"panel-heading\" id=\"headingFaq-3\">\n                                <div class=\"panel-title\" data-toggle=\"collapse\" aria-expanded=\"false\" href=\"#collapseFaq-3\">\n                                    <h3 itemprop=\"name\">\u00bfPuedo realizar un seguimiento de las clasificaciones locales en un Rastreador de clasificaci\u00f3n?<\/h3>\n                                <\/div>\n                            <\/div>\n                            <div id=\"collapseFaq-3\" class=\"panel-collapse collapse\" itemprop=\"acceptedAnswer\" itemscope itemtype=\"http:\/\/schema.org\/Answer\">\n                                <div class=\"panel-body\" itemprop=\"text\">S\u00ed, el Comprobador de posici\u00f3n de palabras clave en l\u00ednea ofrece funciones de geolocalizaci\u00f3n, lo que le permite realizar un seguimiento no solo de las posiciones globales, sino tambi\u00e9n de ciudades o regiones espec\u00edficas.<\/div>\n                            <\/div>\n                        <\/div><\/div><\/div><\/p>","protected":false},"excerpt":{"rendered":"\u00bfQu\u00e9 es un verificador de ranking de sitios web? La herramienta Google Rank Checker le permite evaluar las posiciones de palabras clave de su sitio web en Google, ofreciendo datos de ranking actuales e hist\u00f3ricos para b\u00fasquedas en computadoras de escritorio y dispositivos m\u00f3viles dentro de los 100 resultados principales de Google en 155 pa\u00edses&#8230;.","protected":false},"author":10409641,"featured_media":6422,"parent":0,"menu_order":0,"comment_status":"closed","ping_status":"closed","template":"pages-templates\/pages-minitools-3.php","meta":[],"categories":[75],"tags":[],"_links":{"self":[{"href":"https:\/\/sitechecker.pro\/es\/wp-json\/wp\/v2\/pages\/6406"}],"collection":[{"href":"https:\/\/sitechecker.pro\/es\/wp-json\/wp\/v2\/pages"}],"about":[{"href":"https:\/\/sitechecker.pro\/es\/wp-json\/wp\/v2\/types\/page"}],"author":[{"embeddable":true,"href":"https:\/\/sitechecker.pro\/es\/wp-json\/wp\/v2\/users\/10409641"}],"replies":[{"embeddable":true,"href":"https:\/\/sitechecker.pro\/es\/wp-json\/wp\/v2\/comments?post=6406"}],"version-history":[{"count":143,"href":"https:\/\/sitechecker.pro\/es\/wp-json\/wp\/v2\/pages\/6406\/revisions"}],"predecessor-version":[{"id":39439,"href":"https:\/\/sitechecker.pro\/es\/wp-json\/wp\/v2\/pages\/6406\/revisions\/39439"}],"wp:featuredmedia":[{"embeddable":true,"href":"https:\/\/sitechecker.pro\/es\/wp-json\/wp\/v2\/media\/6422"}],"wp:attachment":[{"href":"https:\/\/sitechecker.pro\/es\/wp-json\/wp\/v2\/media?parent=6406"}],"wp:term":[{"taxonomy":"category","embeddable":true,"href":"https:\/\/sitechecker.pro\/es\/wp-json\/wp\/v2\/categories?post=6406"},{"taxonomy":"post_tag","embeddable":true,"href":"https:\/\/sitechecker.pro\/es\/wp-json\/wp\/v2\/tags?post=6406"}],"curies":[{"name":"wp","href":"https:\/\/api.w.org\/{rel}","templated":true}]}}