{"id":6404,"date":"2020-07-18T11:19:35","date_gmt":"2020-07-18T09:19:35","guid":{"rendered":"https:\/\/sitechecker.pro\/?page_id=6404"},"modified":"2026-02-19T14:46:56","modified_gmt":"2026-02-19T14:46:56","slug":"traffic-checker","status":"publish","type":"page","link":"https:\/\/sitechecker.pro\/es\/traffic-checker\/","title":{"rendered":"Ver Tr\u00e1fico de Una Web Online Gratis: Analizar las estad\u00edsticas de tr\u00e1fico del sitio \u1408"},"content":{"rendered":"<p><\/p>\n<h2 id=\"ik_traff_esimator\">\u00bfQu\u00e9 es un Estimador de Tr\u00e1fico del Sitio Web?<\/h2>\n<p>Es una herramienta esencial para cualquier propietario de un sitio o comercializador que busque optimizar su presencia en l\u00ednea. Nuestro verificador de <a href=\"https:\/\/sitechecker.pro\/what-is-website-traffic\/\" rel=\"noopener noreferrer\" target=\"_blank\">tr\u00e1fico del sitio web<\/a> es una herramienta de an\u00e1lisis de datos vers\u00e1til y poderosa dise\u00f1ado para ayudarlo a rastrear, analizar y optimizar el rendimiento de su sitio web.<\/p>\n<h3>Caracter\u00edsticas clave del verificador de tr\u00e1fico de dominio:<\/h3>\n<ul>\n<li><strong>Panel de control todo en uno: <\/strong>acceda a datos completos de Google Analytics, Google Search Console y SERP en un lugar conveniente, ahorrando tiempo y esfuerzo.<\/li>\n<li><strong>Interfaz f\u00e1cil de usar: <\/strong>con paneles f\u00e1ciles de usar, nuestra b\u00fasqueda de tr\u00e1fico web hace que sea m\u00e1s f\u00e1cil que nunca navegar entre las m\u00e9tricas de su sitio web sin problemas y descubrir oportunidades de crecimiento.<\/li>\n<li><strong>An\u00e1lisis de la competencia: <\/strong>mant\u00e9ngase por delante de la competencia analizando <a href=\"https:\/\/sitechecker.pro\/what-is-organic-traffic\/\" rel=\"noopener noreferrer\" target=\"_blank\">datos de tr\u00e1fico org\u00e1nico<\/a>, visibilidad SERP y principales palabras clave generadoras de tr\u00e1fico de sus competidores. Aproveche esta informaci\u00f3n para optimizar su sitio y superar a sus rivales.<\/li>\n<li><strong>Caracter\u00edsticas de la plataforma de SEO global: <\/strong>Nuestra plataforma de SEO global ofrece mucho m\u00e1s que solo an\u00e1lisis de datos de tr\u00e1fico. <a href=\"https:\/\/sitechecker.pro\/es\/\" rel=\"noopener noreferrer\" target=\"_blank\">Sitechecker<\/a> incluye una variedad de funcionalidades como auditor\u00edas SEO (en la p\u00e1gina y fuera de la p\u00e1gina), <a href=\"https:\/\/sitechecker.pro\/rank-tracker\/\" rel=\"noopener noreferrer\" target=\"_blank\">seguimiento de rango<\/a>, monitoreo del sitio y m\u00e1s. Con un an\u00e1lisis de datos tan \u00fatil, puede eliminar f\u00e1cilmente las amenazas y prever oportunidades.<\/li>\n<\/ul>\n<h2 id=\"ik_Importance\">Importancia del An\u00e1lisis y Monitoreo del Tr\u00e1fico Web<\/h2>\n<p>El an\u00e1lisis de los datos de tr\u00e1fico de su sitio web es crucial para promover la presencia en l\u00ednea y aumentar las ventas y las visitas de b\u00fasqueda org\u00e1nica. Independientemente del tama\u00f1o de su sitio o la cantidad de usuarios, el usuario normal <a href=\"https:\/\/sitechecker.pro\/pages-per-session-metric\/\" rel=\"noopener noreferrer\" target=\"_blank\">sesi\u00f3n <\/a> las auditor\u00edas son esenciales.<\/p>\n<p>Nuestra herramienta proporciona informaci\u00f3n valiosa sobre los visitantes de su sitio web, incluidas sus fuentes (org\u00e1nica, <a href=\"https:\/\/sitechecker.pro\/what-is-direct-traffic\/\" rel=\"noopener noreferrer\" target=\"_blank\"> directo<\/a>, <a href=\"https:\/\/sitechecker.pro\/what-is-paid-traffic\/\" rel=\"noopener noreferrer\" target=\"_blank\">pagado<\/a>, <a href=\"https:\/\/sitechecker.pro\/what-is-social-traffic\/\" rel=\"noopener noreferrer\" target=\"_blank\">social<\/a>, <a href=\"https:\/\/sitechecker.pro\/what -is-referral-traffic\/\" rel=\"noopener noreferrer\" target=\"_blank\">referencia<\/a>, correo electr\u00f3nico, etc.) y comportamiento, y tambi\u00e9n ofrece informaci\u00f3n para optimizar su sitio mediante la identificaci\u00f3n de \u00e1reas que necesitan mejoras. Cuantos m\u00e1s datos detallados procese, mejores y m\u00e1s precisos resultados obtendr\u00e1.<\/p>\n<p>Si no est\u00e1 monitoreando el rendimiento y la clasificaci\u00f3n de su sitio, entonces se est\u00e1 perdiendo visitantes potenciales y nuevos usuarios constantemente. Todos los d\u00edas, hay nuevas m\u00e9tricas de participaci\u00f3n para medir el \u00e9xito de un sitio, pero los aspectos b\u00e1sicos de las verificaciones de tr\u00e1fico del sitio web siguen siendo vitales.<\/p>\n<p>Hemos creado una gu\u00eda en video para ayudarlo a profundizar en la estimaci\u00f3n del tr\u00e1fico y utilizar todas las funciones que ofrece nuestro buscador de tr\u00e1fico.<\/p>\n<p><iframe title=\"Reproductor de video de YouTube\" src=\"https:\/\/www.youtube-nocookie.com\/embed\/AWQ_s7QLjsE\" width=\"700\" height=\"350\" frameborder=\"0\" allowfullscreen=\"allowfullscreen\">< span data-mce-type=\"marcador\" estilo=\"pantalla: bloque en l\u00ednea; ancho: 0px; desbordamiento: oculto; altura de l\u00ednea: 0;\" clase=\"mce_SELRES_start\">\ufeff<\/span><\/iframe><\/p>\n<h2 id=\"ik_how_to\">\u00bfC\u00f3mo Usar la Herramienta?<\/h2>\n<h3>Paso 1: Ingrese el dominio para el cual desea verificar el tr\u00e1fico, luego haga clic en el bot\u00f3n &#8220;Verificar tr\u00e1fico&#8221;<\/h3>\n<div class=\"content__img-wrap\"><img src=\"https:\/\/sitechecker.pro\/wp-content\/uploads\/2023\/06\/traffic_checker_start.png\" alt=\"C\u00f3mo usar el verificador de tr\u00e1fico web, paso 1\" class=\"description-img description-img-zoom\" loading=\"lazy\" ><\/div>\n<div class=\"important-block\">Nota: para recibir resultados y acceder a las funciones de Sitechecker durante 14 d\u00edas, comience su prueba GRATUITA. Reg\u00edstrese f\u00e1cilmente con su correo electr\u00f3nico, cuenta de Google o Facebook. NO se necesita tarjeta de cr\u00e9dito.<\/div>\n<h3>Paso 2: especifique el sitio para el que desea acceder a los datos de tr\u00e1fico<\/h3>\n<p>Nuestra poderosa herramienta le brinda f\u00e1cil acceso a los datos de tr\u00e1fico tanto para su propio sitio web como para sus competidores. Tambi\u00e9n hemos incluido una variedad de caracter\u00edsticas valiosas para ayudarlo a obtener una visi\u00f3n m\u00e1s profunda de ambos escenarios. El uso de esas funciones le brinda una mejor comprensi\u00f3n de su desempe\u00f1o en l\u00ednea y una ventaja competitiva en su industria. Al responder si es su sitio web o no, nos ayuda a preparar el panel adecuado para sus necesidades.<\/p>\n<div class=\"content__img-wrap\"><img src=\"https:\/\/sitechecker.pro\/wp-content\/uploads\/2023\/03\/traffic_checker_site_choose.png\" alt=\"C\u00f3mo usar el verificador de tr\u00e1fico web, paso 2: especifique el sitio web\" class=\"description-img description-img-zoom\" loading=\"lazy\" ><\/div>\n<h3>Paso 3: acceda a sus resultados y aproveche nuestras potentes funciones<\/h3>\n<h3 id=\"ik_own_website\">Para su Propio Sitio<\/h3>\n<p>Para acceder a los datos de su propio sitio, simplemente seleccione <strong>&#8216;S\u00ed, es m\u00edo&#8217;<\/strong> y conecte sus cuentas de GA y GSC. Esta fant\u00e1stica funci\u00f3n puede resultar muy \u00fatil para administradores de sitios, SEO y especialistas en marketing. Le permite monitorear el tr\u00e1fico del sitio web desde las dos mejores plataformas de an\u00e1lisis, todo en un solo lugar. Tambi\u00e9n hemos creado paneles personalizados con informaci\u00f3n valiosa.<\/p>\n<div class=\"content__img-wrap\"><img src=\"https:\/\/sitechecker.pro\/wp-content\/uploads\/2023\/03\/traffic_checker_own_site.png\" alt=\"Traffic checker - conectar GA y GSC\" class=\"description-img description-img-zoom\" loading=\"lazy\" ><\/div>\n<p>Eche un vistazo a nuestros paneles generales de tr\u00e1fico que brindan informaci\u00f3n sobre todos los visitantes y el tr\u00e1fico org\u00e1nico de Google Analytics. Los datos representados en la visibilidad se basan en sus palabras clave de clasificaci\u00f3n superior, mientras que otros, como impresiones, clics, tasas de clics (CTR), posiciones y palabras clave de clasificaci\u00f3n se basan en las m\u00e9tricas principales de Google Search Console.<\/p>\n<div class=\"content__img-wrap\"><img src=\"https:\/\/sitechecker.pro\/wp-content\/uploads\/2023\/05\/traffic_step_3-1.png\" alt=\"Comprobador de tr\u00e1fico: use los paneles de tr\u00e1fico\" class=\"description-img description-img-zoom\" loading=\"lazy\" ><\/div>\n<p>Para realizar un seguimiento de la din\u00e1mica de su sitio web sin problemas, nuestros paneles tambi\u00e9n tienen muchos otros conocimientos detallados con una interfaz f\u00e1cil de usar. Por ejemplo, si tiene datos de comercio electr\u00f3nico en Google Analytics, puede acceder a datos de ventas y correlaciones con el tr\u00e1fico. Esto le brinda una imagen completa del rendimiento de los ingresos de su sitio web. Adem\u00e1s, es f\u00e1cil verificar los datos para un rango de tiempo espec\u00edfico, ya sea diario, semanal o mensual.<\/p>\n<p>[imagen url=&#8221;https:\/\/sitechecker.pro\/wp-content\/uploads\/2023\/05\/traffic_step_3-2.png&#8221; alt=&#8221;Comprobador de tr\u00e1fico: datos de GA&#8221;]<\/p>\n<p>Si est\u00e1 interesado en las perspectivas de GSC, consulte el tablero que incluye el rendimiento, las posiciones, la visibilidad, las 100 palabras clave principales y las 100 p\u00e1ginas de destino principales.<\/p>\n<div class=\"content__img-wrap\"><img src=\"https:\/\/sitechecker.pro\/wp-content\/uploads\/2023\/05\/traffic_step_3-3.png\" alt=\"Comprobador de tr\u00e1fico - datos GSC\" class=\"description-img description-img-zoom\" loading=\"lazy\" ><\/div>\n<p>Un tablero similar es para las palabras clave del rastreador de clasificaci\u00f3n.<\/p>\n<div class=\"content__img-wrap\"><img src=\"https:\/\/sitechecker.pro\/wp-content\/uploads\/2023\/05\/traffic_step_3-4.png\" alt=\"Comprobador de tr\u00e1fico - Datos de Rank Tracker\" class=\"description-img description-img-zoom\" loading=\"lazy\" ><\/div>\n<p>Si posee varios sitios web, trabaja para una agencia de SEO o administra un gran sitio web empresarial, nuestra herramienta tiene una caracter\u00edstica espec\u00edfica que apreciar\u00e1. El panel del proyecto le permite realizar un seguimiento del tr\u00e1fico y otras m\u00e9tricas de rendimiento para una gran cantidad de sitios que usted o sus clientes poseen. Como alternativa, puede separar un proyecto grande en partes o idiomas espec\u00edficos, por ejemplo, y realizar un seguimiento de ellos individualmente.<\/p>\n<div class=\"content__img-wrap\"><img src=\"https:\/\/sitechecker.pro\/wp-content\/uploads\/2023\/05\/traffic_step_3-5.png\" alt=\"Controlador de tr\u00e1fico - diferentes proyectos\" class=\"description-img description-img-zoom\" loading=\"lazy\" ><\/div>\n<p>Si necesita hacer informes para sus clientes, lo tenemos cubierto. Ya los hemos creado para usted, as\u00ed que todo lo que necesita hacer es descargarlos o compartirlos.<\/p>\n<div class=\"content__img-wrap\"><img src=\"https:\/\/sitechecker.pro\/wp-content\/uploads\/2023\/05\/traffic_step_3-6.png\" alt=\"Comprobador de tr\u00e1fico - informes\" class=\"description-img description-img-zoom\" loading=\"lazy\" ><\/div>\n<h3 id=\"ik_competitors_website\">Para An\u00e1lisis de Sitios Web de la Competencia<\/h3>\n<p>En primer lugar, recomendamos seleccionar una regi\u00f3n espec\u00edfica para garantizar que los datos sean claros, est\u00e9n actualizados y brinden informaci\u00f3n sobre la situaci\u00f3n del mercado local para el an\u00e1lisis.<\/p>\n<div class=\"content__img-wrap\"><img src=\"https:\/\/sitechecker.pro\/wp-content\/uploads\/2023\/05\/traffic_checker_competitor.png\" alt=\"Prueba de la competencia del verificador de tr\u00e1fico\" class=\"description-img description-img-zoom\" loading=\"lazy\" ><\/div>\n<p>Echemos un vistazo m\u00e1s de cerca a los elementos principales de un estimador de tr\u00e1fico de un sitio web y consideremos c\u00f3mo lo ayudan a evaluar a sus competidores.<\/p>\n<div class=\"content__img-wrap\"><img src=\"https:\/\/sitechecker.pro\/wp-content\/uploads\/2023\/05\/traffic_checker_competitor_results.png\" alt=\"Resultados del competidor del verificador de tr\u00e1fico\" class=\"description-img description-img-zoom\" loading=\"lazy\" ><\/div>\n<p><strong>Tr\u00e1fico org\u00e1nico:<\/strong> se genera a partir de la tasa de clics (CTR) y el volumen de b\u00fasqueda asociado con cada palabra clave para la que se clasifica el dominio.<\/p>\n<p><strong>Valor del tr\u00e1fico:<\/strong> representa el gasto asociado con generar el volumen de tr\u00e1fico org\u00e1nico mensual estimado a trav\u00e9s de la publicidad de pago por clic (PPC) en la B\u00fasqueda de Google. Esto proporciona una comprensi\u00f3n del valor financiero potencial del tr\u00e1fico.<\/p>\n<p><strong>Posiciones de la p\u00e1gina de resultados del motor de b\u00fasqueda org\u00e1nica (SERP):<\/strong> esta m\u00e9trica muestra la cantidad de palabras clave para las que un competidor se clasifica dentro de varias posiciones SERP: 1 superior, 2-3, 4-10, 11-20, 21 -30, 31-50, 51-70 y 71-100. Ofrece informaci\u00f3n sobre la visibilidad general del competidor en los resultados de b\u00fasqueda.<\/p>\n<p>Adem\u00e1s, la estimaci\u00f3n de tr\u00e1fico de nuestro competidor incluye una caracter\u00edstica adicional, Top Keywords. Esta funci\u00f3n le permite examinar las m\u00e1s de 30 palabras clave principales por las que se clasifica el sitio. Cada palabra clave est\u00e1 acompa\u00f1ada por su URL relevante en el SERP, la posici\u00f3n en los resultados de b\u00fasqueda, el volumen de b\u00fasqueda mensual promedio, el costo por clic (CPC) de Google Ads y las principales ubicaciones geogr\u00e1ficas donde el sitio web se clasifica para la palabra clave.<\/p>\n<div class=\"content__img-wrap\"><img src=\"https:\/\/sitechecker.pro\/wp-content\/uploads\/2023\/05\/traffic_checker_competitor_keywords.png\" alt=\"Traffic checker competitor keywords\" class=\"description-img description-img-zoom\" loading=\"lazy\" ><\/div>\n<p>Si est\u00e1 interesado no solo en calcular los visitantes del sitio de la competencia, sino tambi\u00e9n en evaluar su rendimiento t\u00e9cnico de SEO, puede aprovechar nuestra funci\u00f3n de auditor\u00eda de SEO.<\/p>\n<div class=\"content__img-wrap\"><img src=\"https:\/\/sitechecker.pro\/wp-content\/uploads\/2023\/05\/traffic_checker_competitor_audit.png\" alt=\"Caracter\u00edstica de auditor\u00eda de la competencia del verificador de tr\u00e1fico\" class=\"description-img description-img-zoom\" loading=\"lazy\" ><\/div>\n    <div class=\"blog__conversion blog__conversion-app element__logged_out\">\n        <div class=\"blog__conversion-inner\">\n            <p class=\"title\">\u00a1Desbloquee el poder del rendimiento de su sitio web con nuestra herramienta de verificaci\u00f3n de tr\u00e1fico!<\/p>\n            <p class=\"description\">Sum\u00e9rjase en el rendimiento de su sitio web y mant\u00e9ngase por delante de sus competidores con nuestra herramienta avanzada de verificaci\u00f3n de tr\u00e1fico.<\/p>\n            <form id=\"audit__form\"\n                  class=\"article__seo-search audit__form Sum\u00e9rjase en el rendimiento de su sitio web y mant\u00e9ngase por delante de sus competidores con nuestra herramienta avanzada de verificaci\u00f3n de tr\u00e1fico.\"\n                  action=\"\"\n                  method=\"POST\"\n                  autocomplete=\"off\">\n                <span class=\"error\"><\/span>\n                <div class=\"error__limits\">Something went wrong. Please, try again later.<\/div>\n                <input name=\"url\"\n                       type=\"text\"\n                       placeholder=\"\">\n                <input name=\"register_url\" type=\"hidden\" value=\"traffic-checker\">                <button type=\"submit\"\n                        class=\"sitechecker__text\">\n                    <span>Comprobar el tr\u00e1fico<\/span>\n                    <img src=\"\/wp-content\/themes\/sitechecker\/out\/img_design\/loading.svg\"\n                         width=\"31\"\n                         height=\"30\"\n                         class=\"loading\">\n                <\/button>\n            <\/form>\n        <\/div>\n    <\/div>\n    \n<h2 id=\"ik_Final\">Reflexiones Finales Sobre el Verificador de Visitantes del Sitio Web<\/h2>\n<p>Nuestra herramienta es una soluci\u00f3n universal para diversas necesidades de an\u00e1lisis de visitantes. Puede usarlo para agregar datos de GA, GSC y SERP en un solo lugar. Con paneles de configuraci\u00f3n totalmente autom\u00e1ticos, puede obtener informaci\u00f3n \u00fatil y concentrarse en los datos que le brindar\u00e1n los mejores resultados. Adem\u00e1s, puede usarlo para an\u00e1lisis de mercado y controles de la competencia, incluida la estimaci\u00f3n de tr\u00e1fico org\u00e1nico y la evaluaci\u00f3n de precios. Descubra qu\u00e9 palabras clave dan a sus rivales la mejor visibilidad y resultados de tr\u00e1fico para mejorar su propio rendimiento. Puede ser una gran soluci\u00f3n para controlar y analizar el tr\u00e1fico en un solo lugar.<\/p>\n<div id=\"FAQ\"><\/div>\n<p><div class=\"front__faq-block\"><div class=\"faq__block-title\">FAQ<\/div><div class=\"panel-group\" id=\"faq-accordion\" itemscope itemtype=\"https:\/\/schema.org\/FAQPage\" role=\"tablist\" aria-multiselectable=\"true\"><div class=\"panel\" itemscope itemtype=\"https:\/\/schema.org\/Question\" itemprop=\"mainEntity\">\n                            <div class=\"panel-heading\" id=\"headingFaq-1\">\n                                <div class=\"panel-title\" data-toggle=\"collapse\" aria-expanded=\"false\" href=\"#collapseFaq-1\">\n                                    <h3 itemprop=\"name\">\u00bfPuedo comprobar el tr\u00e1fico del sitio web de forma gratuita?<\/h3>\n                                <\/div>\n                            <\/div>\n                            <div id=\"collapseFaq-1\" class=\"panel-collapse collapse\" itemprop=\"acceptedAnswer\" itemscope itemtype=\"http:\/\/schema.org\/Answer\">\n                                <div class=\"panel-body\" itemprop=\"text\">\u00a1S\u00ed! Con nuestro analizador de tr\u00e1fico del sitio web, puede iniciar una prueba gratuita durante 14 d\u00edas y obtener acceso completo a las funciones de nuestra herramienta. Sin embargo, despu\u00e9s de que finalice el per\u00edodo de prueba, si desea continuar monitoreando sus datos y acceder a funciones adicionales como auditor\u00eda y monitoreo del sitio, etc. Deber\u00e1 actualizar a un plan pago.<\/div>\n                            <\/div>\n                        <\/div><div class=\"panel\" itemscope itemtype=\"https:\/\/schema.org\/Question\" itemprop=\"mainEntity\">\n                            <div class=\"panel-heading\" id=\"headingFaq-2\">\n                                <div class=\"panel-title\" data-toggle=\"collapse\" aria-expanded=\"false\" href=\"#collapseFaq-2\">\n                                    <h3 itemprop=\"name\">\u00bfC\u00f3mo verificar el tr\u00e1fico del sitio web para mi sitio web?<\/h3>\n                                <\/div>\n                            <\/div>\n                            <div id=\"collapseFaq-2\" class=\"panel-collapse collapse\" itemprop=\"acceptedAnswer\" itemscope itemtype=\"http:\/\/schema.org\/Answer\">\n                                <div class=\"panel-body\" itemprop=\"text\">Simplemente ingrese el nombre de dominio de su sitio y comience la prueba gratuita. Luego, elija la opci\u00f3n para verificar su propio sitio. Recibir\u00e1 el paquete completo de datos de GSC, GA y SERP.<\/div>\n                            <\/div>\n                        <\/div><div class=\"panel\" itemscope itemtype=\"https:\/\/schema.org\/Question\" itemprop=\"mainEntity\">\n                            <div class=\"panel-heading\" id=\"headingFaq-3\">\n                                <div class=\"panel-title\" data-toggle=\"collapse\" aria-expanded=\"false\" href=\"#collapseFaq-3\">\n                                    <h3 itemprop=\"name\">\u00bfC\u00f3mo encontrar tr\u00e1fico para el sitio web de un competidor?<\/h3>\n                                <\/div>\n                            <\/div>\n                            <div id=\"collapseFaq-3\" class=\"panel-collapse collapse\" itemprop=\"acceptedAnswer\" itemscope itemtype=\"http:\/\/schema.org\/Answer\">\n                                <div class=\"panel-body\" itemprop=\"text\">Simplemente ingrese el nombre de dominio de su competidor y comience la prueba gratuita. Luego, seleccione la opci\u00f3n para verificar los sitios de la competencia. En cuesti\u00f3n de segundos, recibir\u00e1 los datos de tr\u00e1fico org\u00e1nico de la competencia, el valor del tr\u00e1fico, las posiciones SERP org\u00e1nicas y los principales palabras clave generadoras de visitantes.<\/div>\n                            <\/div>\n                        <\/div><div class=\"panel\" itemscope itemtype=\"https:\/\/schema.org\/Question\" itemprop=\"mainEntity\">\n                            <div class=\"panel-heading\" id=\"headingFaq-4\">\n                                <div class=\"panel-title\" data-toggle=\"collapse\" aria-expanded=\"false\" href=\"#collapseFaq-4\">\n                                    <h3 itemprop=\"name\">\u00bfPuedo ver el historial de tr\u00e1fico del sitio web usando la herramienta?<\/h3>\n                                <\/div>\n                            <\/div>\n                            <div id=\"collapseFaq-4\" class=\"panel-collapse collapse\" itemprop=\"acceptedAnswer\" itemscope itemtype=\"http:\/\/schema.org\/Answer\">\n                                <div class=\"panel-body\" itemprop=\"text\">Al conectar sus cuentas de Google Analytics y Google Search Console con Sitechecker, podr\u00e1 acceder a los datos hist\u00f3ricos de su sitio.<\/div>\n                            <\/div>\n                        <\/div><div class=\"panel\" itemscope itemtype=\"https:\/\/schema.org\/Question\" itemprop=\"mainEntity\">\n                            <div class=\"panel-heading\" id=\"headingFaq-5\">\n                                <div class=\"panel-title\" data-toggle=\"collapse\" aria-expanded=\"false\" href=\"#collapseFaq-5\">\n                                    <h3 itemprop=\"name\">\u00bfQu\u00e9 es el an\u00e1lisis de tr\u00e1fico del sitio web?<\/h3>\n                                <\/div>\n                            <\/div>\n                            <div id=\"collapseFaq-5\" class=\"panel-collapse collapse\" itemprop=\"acceptedAnswer\" itemscope itemtype=\"http:\/\/schema.org\/Answer\">\n                                <div class=\"panel-body\" itemprop=\"text\">El an\u00e1lisis del tr\u00e1fico del sitio web consiste en recopilar e interpretar (analizar) datos sobre los visitantes de su sitio web para comprender su comportamiento.<\/div>\n                            <\/div>\n                        <\/div><div class=\"panel\" itemscope itemtype=\"https:\/\/schema.org\/Question\" itemprop=\"mainEntity\">\n                            <div class=\"panel-heading\" id=\"headingFaq-6\">\n                                <div class=\"panel-title\" data-toggle=\"collapse\" aria-expanded=\"false\" href=\"#collapseFaq-6\">\n                                    <h3 itemprop=\"name\">\u00bfPuedo rastrear el tr\u00e1fico del sitio web?<\/h3>\n                                <\/div>\n                            <\/div>\n                            <div id=\"collapseFaq-6\" class=\"panel-collapse collapse\" itemprop=\"acceptedAnswer\" itemscope itemtype=\"http:\/\/schema.org\/Answer\">\n                                <div class=\"panel-body\" itemprop=\"text\">Con nuestra herramienta, puede recopilar y realizar un seguimiento f\u00e1cil y regular de las estad\u00edsticas del tr\u00e1fico del sitio web desde Google Search Console, Google Analytics y las p\u00e1ginas de resultados del motor de b\u00fasqueda (SERP).<\/div>\n                            <\/div>\n                        <\/div><\/div><\/div><\/p>","protected":false},"excerpt":{"rendered":"\u00bfQu\u00e9 es un Estimador de Tr\u00e1fico del Sitio Web? Es una herramienta esencial para cualquier propietario de un sitio o comercializador que busque optimizar su presencia en l\u00ednea. Nuestro verificador de tr\u00e1fico del sitio web es una herramienta de an\u00e1lisis de datos vers\u00e1til y poderosa dise\u00f1ado para ayudarlo a rastrear, analizar y optimizar el rendimiento&#8230;","protected":false},"author":10504980,"featured_media":6981,"parent":0,"menu_order":0,"comment_status":"closed","ping_status":"closed","template":"pages-templates\/pages-minitools-3.php","meta":[],"categories":[75],"tags":[],"_links":{"self":[{"href":"https:\/\/sitechecker.pro\/es\/wp-json\/wp\/v2\/pages\/6404"}],"collection":[{"href":"https:\/\/sitechecker.pro\/es\/wp-json\/wp\/v2\/pages"}],"about":[{"href":"https:\/\/sitechecker.pro\/es\/wp-json\/wp\/v2\/types\/page"}],"author":[{"embeddable":true,"href":"https:\/\/sitechecker.pro\/es\/wp-json\/wp\/v2\/users\/10504980"}],"replies":[{"embeddable":true,"href":"https:\/\/sitechecker.pro\/es\/wp-json\/wp\/v2\/comments?post=6404"}],"version-history":[{"count":231,"href":"https:\/\/sitechecker.pro\/es\/wp-json\/wp\/v2\/pages\/6404\/revisions"}],"predecessor-version":[{"id":39361,"href":"https:\/\/sitechecker.pro\/es\/wp-json\/wp\/v2\/pages\/6404\/revisions\/39361"}],"wp:featuredmedia":[{"embeddable":true,"href":"https:\/\/sitechecker.pro\/es\/wp-json\/wp\/v2\/media\/6981"}],"wp:attachment":[{"href":"https:\/\/sitechecker.pro\/es\/wp-json\/wp\/v2\/media?parent=6404"}],"wp:term":[{"taxonomy":"category","embeddable":true,"href":"https:\/\/sitechecker.pro\/es\/wp-json\/wp\/v2\/categories?post=6404"},{"taxonomy":"post_tag","embeddable":true,"href":"https:\/\/sitechecker.pro\/es\/wp-json\/wp\/v2\/tags?post=6404"}],"curies":[{"name":"wp","href":"https:\/\/api.w.org\/{rel}","templated":true}]}}