{"id":622,"date":"2020-06-25T08:38:54","date_gmt":"2020-06-25T06:38:54","guid":{"rendered":"https:\/\/sitechecker.pro\/?page_id=622"},"modified":"2024-09-25T10:51:37","modified_gmt":"2024-09-25T10:51:37","slug":"what-is-url","status":"publish","type":"page","link":"https:\/\/sitechecker.pro\/es\/what-is-url\/","title":{"rendered":"Comprobador de longitud de URL: l\u00edmite de longitud m\u00e1xima de URL"},"content":{"rendered":"<p>Una de las mejores pr\u00e1cticas en el desarrollo web es mantener las URL breves y concisas. Esto hace que sea m\u00e1s f\u00e1cil recordar d\u00f3nde se encuentra cierto contenido en su sitio y hace que sus p\u00e1ginas se carguen m\u00e1s r\u00e1pido porque est\u00e1 enviando menos datos a trav\u00e9s de Internet. Una <strong>herramienta de comprobaci\u00f3n de longitud de URL<\/strong> medir\u00e1 la longitud de cualquier URL determinada y determinar\u00e1 si cumple los requisitos de Google, Yahoo, Bing y otros motores de b\u00fasqueda, as\u00ed como los de sitios de redes sociales como Facebook y Gorjeo.<\/p>\n<h2 id=\"what_is\">\u00bfQu\u00e9 es un verificador de longitud de URL?<\/h2>\n<p>Un verificador de longitud de URL es una herramienta que le permite ver la cantidad de caracteres en una URL. Al hacer esto, puede ver si cumple con el l\u00edmite de longitud de URL de los motores de b\u00fasqueda y realizar los cambios necesarios para una mejor optimizaci\u00f3n del sitio web. La mayor\u00eda de los motores de b\u00fasqueda permiten una longitud m\u00e1xima de texto de URL de 2000-2500 caracteres. Sin embargo, las URL largas tambi\u00e9n tienden a estar llenas de guiones y guiones bajos, lo que puede hacer que sean dif\u00edciles de leer y que sea menos probable que aparezcan en una p\u00e1gina de resultados de b\u00fasqueda que las alternativas m\u00e1s cortas.<\/p>\n<p>Es posible que deba dividir las URL largas en varias partes (por ejemplo, convertir \/about-us\/ en \/about\/, \/history\/ y \/requests\/), o puede encontrar que usar un ancla en lugar de una ruta (por ejemplo, #top) funciona mejor para mostrar informaci\u00f3n larga en una sola p\u00e1gina web. Por lo tanto, la estructura de la URL es importante.<\/p>\n<p>Aseg\u00farese de probar c\u00f3mo se ve su URL en diferentes navegadores en diferentes sistemas operativos y c\u00f3mo se ve para los usuarios m\u00f3viles. Por ejemplo, Mozilla Firefox tiene un l\u00edmite de caracteres de URL de 65 583, mucho m\u00e1s que cualquier motor de b\u00fasqueda, lo que significa que su URL puede clasificarse de manera diferente.<\/p>\n<h2 id=\"how_to\">\u00bfC\u00f3mo utilizar el comprobador de longitud de URL?<\/h2>\n<p>Sitechecker le permite realizar un seguimiento de la longitud de sus URL para que tenga una buena reputaci\u00f3n con Google. Si bien no hay un n\u00famero espec\u00edfico despu\u00e9s del cual podr\u00eda incurrir en una penalizaci\u00f3n de Google, es mejor pecar de precavido. Aqu\u00ed se explica c\u00f3mo verificar la longitud de la URL a trav\u00e9s de Sitechecker:<\/p>\n<h3>Paso 1: inserta tu URL<\/h3>\n<div class=\"content__img-wrap\"><img src=\"https:\/\/sitechecker.pro\/wp-content\/uploads\/2022\/02\/url_lenght_checker_1.png\" alt=\"URL http o https longitud checker\" class=\"description-img description-img-zoom\" loading=\"lazy\" ><\/div>\n<p>Puede escribir cualquier URL en esta barra de localizaci\u00f3n de URL y hacer clic en la flecha para generar resultados.<\/p>\n<h3>Paso 2: obtener el resultado<\/h3>\n<div class=\"content__img-wrap\"><img src=\"https:\/\/sitechecker.pro\/wp-content\/uploads\/2022\/02\/url_lenght_checker_2.png\" alt=\"Resultados del comprobador de URL: crea URL compatibles con SEO para los robots de los motores de b\u00fasqueda\" class=\"description-img description-img-zoom\" loading=\"lazy\" ><\/div>\n<h2 id=\"URL_max\">L\u00edmites de longitud m\u00e1xima de URL<\/h2>\n<p>La mayor\u00eda de los motores de b\u00fasqueda tienen un <strong>l\u00edmite de caracteres de URL<\/strong> de 2000 a 2500 caracteres. Los l\u00edmites largos de URL son bastante comunes para muchos servicios web (particularmente los sitios de redes sociales), pero siguen siendo una molestia. El l\u00edmite puede ser especialmente malo si eres fot\u00f3grafo o quieres compartir enlaces en lugares como Reddit e Imgur, donde las URL largas simplemente no funcionan bien.<\/p>\n<h2 id=\"seo_friendly\">\u00bfLa longitud de la URL la hace compatible con SEO?<\/h2>\n<h3>\u00bfQu\u00e9 dice Google?<\/h3>\n<div class=\"art\u00edculo__testimonio\">\n<p><em>La respuesta directa es no. La longitud de la URL no importa. Usamos URLs como identificadores, no importa cu\u00e1n largas sean. Personalmente, trato de mantenerlos en menos de 1000 caracteres, pero eso es solo para facilitar el seguimiento. La cantidad de barras inclinadas all\u00ed tampoco importa.<\/em><\/p>\n<p><em><strong>John Mueller, defensor de la B\u00fasqueda de Google<\/strong><\/em><\/p>\n<\/div>\n<p>Adem\u00e1s, tenemos una gu\u00eda detallada: &#8220;<a href=\"https:\/\/sitechecker.pro\/es\/what-is-seo-friendly-url\/\" target=\"_blank\" rel=\"noopener noreferrer\">Qu\u00e9 es una URL: definici\u00f3n, estructura y ejemplos &amp; \u00bfC\u00f3mo hacer que sea compatible con SEO?<\/a>&#8221; solo \u00e9chale un vistazo.<\/p>\n<h3>\u00bfQu\u00e9 significa realmente importante en la URL para Google?<\/h3>\n<p>Google Chrome informa que todos los sitios web utilizan https:\/\/. El nombre de host es la direcci\u00f3n de su sitio web, que suele ser la misma que su direcci\u00f3n de correo electr\u00f3nico. Google distingue entre las versiones con www y sin www de un sitio web (por ejemplo, www.example.com o simplemente example.com). Los expertos recomiendan agregar las versiones http:\/\/ y https:\/\/ de su sitio web a Search Console, as\u00ed como las variantes con www y sin www.<\/p>\n<p>La ruta, el nombre del archivo y la cadena de consulta determinan a qu\u00e9 material se puede acceder desde su servidor web. Debido a que estos tres elementos distinguen entre may\u00fasculas y min\u00fasculas, la URL de TITLE ser\u00e1 diferente de la URL del t\u00edtulo. El nombre de host y el protocolo no distinguen entre may\u00fasculas y min\u00fasculas; por lo tanto, las may\u00fasculas no importan.<\/p>\n<p>Un fragmento, por ejemplo, #info, indica hacia d\u00f3nde se desplazar\u00e1 el navegador en la p\u00e1gina. Debido a que el material suele ser el mismo independientemente del fragmento utilizado, los motores de b\u00fasqueda normalmente lo ignoran. Una barra inclinada final despu\u00e9s del nombre de host es opcional cuando se vincula a la p\u00e1gina de inicio porque conduce al mismo contenido (https:\/\/example.com\/ es lo mismo que https:\/\/example.com). Una barra inclinada final en la ruta y el nombre del archivo se interpreta como una URL distinta (que indica un archivo o un directorio); por lo tanto, https:\/\/example.com\/fish no es lo mismo que https:\/\/example.com\/fish\/.<\/p>\n    <div class=\"blog__conversion blog__conversion-app element__logged_out\">\n        <div class=\"blog__conversion-inner\">\n            <p class=\"title\">\u00a1Detecte no solo el problema del l\u00edmite de longitud de la URL, sino todo tipo de problemas de URL!<\/p>\n            <p class=\"description\">Rastrea tu sitio y descubre todas las URL con problemas que pueden afectar a tus usuarios o al SEO de tu sitio web.<\/p>\n            <form id=\"audit__form\"\n                  class=\"article__seo-search audit__form Rastrea tu sitio y descubre todas las URL con problemas que pueden afectar a tus usuarios o al SEO de tu sitio web.\"\n                  action=\"\"\n                  method=\"POST\"\n                  autocomplete=\"off\">\n                <span class=\"error\"><\/span>\n                <div class=\"error__limits\">Something went wrong. Please, try again later.<\/div>\n                <input name=\"url\"\n                       type=\"text\"\n                       placeholder=\"Pegue su nombre de dominio aqu\u00ed\">\n                                <button type=\"submit\"\n                        class=\"sitechecker__text\">\n                    <span>Iniciar auditor\u00eda<\/span>\n                    <img src=\"\/wp-content\/themes\/sitechecker\/out\/img_design\/loading.svg\"\n                         width=\"31\"\n                         height=\"30\"\n                         class=\"loading\">\n                <\/button>\n            <\/form>\n        <\/div>\n    <\/div>\n    \n<h3 id=\"experts\">\u00bfQu\u00e9 dicen los expertos en SEO?<\/h3>\n<p>La longitud de una URL es un factor importante para determinar cu\u00e1n f\u00e1cil de usar y legible es, especialmente en las redes sociales. En el caso de la optimizaci\u00f3n de motores de b\u00fasqueda, una URL larga puede tener algunas ventajas de SEO, como el relleno de palabras clave de la URL, se resaltar\u00e1n y pueden proporcionar una relevancia adicional. Adem\u00e1s, puede afectar la tasa de clics. Pero en general, no es el factor principal y puede da\u00f1ar la usabilidad de su sitio web, por lo que debe mantener el equilibrio. En este video, obtendr\u00e1 una explicaci\u00f3n completa de las mejores pr\u00e1cticas de SEO con respecto a la longitud de la URL:<\/p>\n<p><iframe width=\"770\" height=\"350\" src=\"https:\/\/www.youtube.com\/embed\/7wB_7O1049c\" title=\"YouTube video player\" frameborder=\"0\" allow=\"accelerometer; autoplay; clipboard-write; encrypted-media; gyroscope; picture-in-picture\" allowfullscreen><\/iframe><\/p>\n<p>La mayor\u00eda de los expertos est\u00e1n de acuerdo en que, en el contexto de la longitud de la URL, debe <strong>centrarse en:<\/strong><\/p>\n<h4>Porcentaje de clics<\/h4>\n<p>La tasa de clics, o CTR, es extremadamente importante en SEO. CTR se refiere al porcentaje de personas que hicieron clic en su fragmento en SERP. Un CTR bajo puede indicar la mala relevancia de su fragmento para las palabras clave y ser el motivo de la degradaci\u00f3n de la posici\u00f3n.<\/p>\n<p>La mejora del CTR es una de las t\u00e9cnicas infalibles para mejorar su clasificaci\u00f3n SEO. Invertir en \u00e9l puede generar una amplia gama de beneficios, que incluyen rangos SERP m\u00e1s altos, m\u00e1s tr\u00e1fico y m\u00e1s conversiones. Las URL m\u00e1s cortas pueden conducir a altas tasas de clics.<\/p>\n<h4>Visualizaci\u00f3n de redes sociales<\/h4>\n<p>Conocer el n\u00famero de caracteres de las redes sociales ayuda a obtener m\u00e1s alcance e involucrar a los visitantes en las publicaciones. Sin embargo, cada plataforma de redes sociales tiene sus propios requisitos. Por ejemplo, Facebook permite un l\u00edmite de caracteres de 63 206 en publicaciones regulares, mientras que Instagram solo permite 2200 caracteres. Aun as\u00ed, las publicaciones m\u00e1s cortas siempre son m\u00e1s atractivas y muchos expertos est\u00e1n de acuerdo en que las publicaciones de Facebook deben tener menos de 50 caracteres.<\/p>\n<p>Pero hacer los experimentos es la \u00fanica forma correcta de validar la informaci\u00f3n y obtener tus propios resultados.<\/p>","protected":false},"excerpt":{"rendered":"Una de las mejores pr\u00e1cticas en el desarrollo web es mantener las URL breves y concisas. Esto hace que sea m\u00e1s f\u00e1cil recordar d\u00f3nde se encuentra cierto contenido en su sitio y hace que sus p\u00e1ginas se carguen m\u00e1s r\u00e1pido porque est\u00e1 enviando menos datos a trav\u00e9s de Internet. Una herramienta de comprobaci\u00f3n de longitud&#8230;","protected":false},"author":10409641,"featured_media":3347,"parent":0,"menu_order":0,"comment_status":"closed","ping_status":"closed","template":"pages.php","meta":[],"categories":[74],"tags":[],"_links":{"self":[{"href":"https:\/\/sitechecker.pro\/es\/wp-json\/wp\/v2\/pages\/622"}],"collection":[{"href":"https:\/\/sitechecker.pro\/es\/wp-json\/wp\/v2\/pages"}],"about":[{"href":"https:\/\/sitechecker.pro\/es\/wp-json\/wp\/v2\/types\/page"}],"author":[{"embeddable":true,"href":"https:\/\/sitechecker.pro\/es\/wp-json\/wp\/v2\/users\/10409641"}],"replies":[{"embeddable":true,"href":"https:\/\/sitechecker.pro\/es\/wp-json\/wp\/v2\/comments?post=622"}],"version-history":[{"count":150,"href":"https:\/\/sitechecker.pro\/es\/wp-json\/wp\/v2\/pages\/622\/revisions"}],"predecessor-version":[{"id":33591,"href":"https:\/\/sitechecker.pro\/es\/wp-json\/wp\/v2\/pages\/622\/revisions\/33591"}],"wp:featuredmedia":[{"embeddable":true,"href":"https:\/\/sitechecker.pro\/es\/wp-json\/wp\/v2\/media\/3347"}],"wp:attachment":[{"href":"https:\/\/sitechecker.pro\/es\/wp-json\/wp\/v2\/media?parent=622"}],"wp:term":[{"taxonomy":"category","embeddable":true,"href":"https:\/\/sitechecker.pro\/es\/wp-json\/wp\/v2\/categories?post=622"},{"taxonomy":"post_tag","embeddable":true,"href":"https:\/\/sitechecker.pro\/es\/wp-json\/wp\/v2\/tags?post=622"}],"curies":[{"name":"wp","href":"https:\/\/api.w.org\/{rel}","templated":true}]}}