{"id":6066,"date":"2019-03-26T09:30:04","date_gmt":"2019-03-26T09:30:04","guid":{"rendered":"https:\/\/sitechecker.pro\/?page_id=6066"},"modified":"2025-03-18T08:17:15","modified_gmt":"2025-03-18T08:17:15","slug":"backlinks-generator","status":"publish","type":"page","link":"https:\/\/sitechecker.pro\/es\/backlinks-generator\/","title":{"rendered":"Generador de backlinks gratuito: crea enlaces f\u00e1cilmente | Sitechecker \u1408"},"content":{"rendered":"<p><\/p>\n<h2 id=\"par1\">\u00bfQu\u00e9 es un generador de backlinks gratuito?<\/h2>\n<p>Un generador de backlinks es una herramienta en l\u00ednea que permite a\u00f1adir enlaces \u00fanicos SEO-friendly a su contenido mediante el abastecimiento autom\u00e1tico de otros sitios web. La mec\u00e1nica de este proceso es bastante sencilla.<\/p>\n<p>Internet est\u00e1 repleto de programas que eval\u00faan los sitios web en funci\u00f3n de diversos criterios, como la cantidad de tr\u00e1fico, el alojamiento web, la direcci\u00f3n IP, la antig\u00fcedad del dominio, etc. Adem\u00e1s, algunas de estas tecnolog\u00edas archivan y analizan los sitios web en funci\u00f3n de su antig\u00fcedad. Adem\u00e1s, algunas de estas tecnolog\u00edas archivan e indexan todos los informes que generan. La herramienta de creaci\u00f3n de v\u00ednculos de retroceso Sitechecker aprovecha esta caracter\u00edstica. Genera autom\u00e1ticamente estos informes en dichos sitios web y facilita relaciones p\u00fablicas gratuitas para su sitio web.<\/p>\n<h3>Caracter\u00edsticas principales del creador de backlinks<\/h3>\n<p>Estas son las caracter\u00edsticas m\u00e1s significativas de un creador de backlinks gratuito.<\/p>\n<ul>\n<li><strong>Acceso gratuito. <\/strong>No facturamos a los usuarios por la generaci\u00f3n de enlaces. Aunque los enlaces proporcionados son m\u00e1s bien b\u00e1sicos, pueden servir como un excelente punto de partida para la implementaci\u00f3n de una estrategia SEO eficiente.<\/li>\n<li><strong>Creador de backlinks gratuito<\/strong>.\n<li><strong>Disponibilidad del dominio. <\/strong>Recibir\u00e1 enlaces entrantes de 17 dominios de confianza diferentes.<\/li>\n<li>Disponibilidad de dominios.\n<li><strong>Rastreador de enlaces entrantes. <\/strong>Nuestra plataforma incorpora una potente <a href=\"https:\/\/sitechecker.pro\/backlinks-checker\/\" rel=\"noopener noreferrer\" target=\"_blank\">herramienta de seguimiento de backlinks<\/a>. Supervisa los enlaces entrantes generados y a\u00f1ade los nuevos que construyes para tu sitio web. Esta funci\u00f3n tambi\u00e9n te avisa cuando pierdes alg\u00fan enlace.<\/li>\n<li><strong>Seguimiento de enlaces entrantes<\/strong>.\n<li><strong>Auditar. <\/strong>Nuestro <a href=\"https:\/\/sitechecker.pro\/\" target=\"_blank\" rel=\"noopener noreferrer\">SEO checker<\/a> es m\u00e1s que un simple generador de backlinks. Le damos el poder de utilizar una funci\u00f3n de auditor\u00eda SEO integral, rastreador de rango, monitoreo de sitios web, y mucho m\u00e1s.<\/li>\n<\/ul>\n<h2 id=\"par2\">\u00bfPor qu\u00e9 deber\u00eda usar la herramienta?<\/h2>\n<p>Nuestra herramienta ofrece un enfoque gratuito y sencillo que potencia tu SEO y ayuda a que tu nuevo sitio web se indexe m\u00e1s r\u00e1pidamente. Esto es posible gracias a los enlaces de p\u00e1ginas indexadas en sitios web de alta confianza. Adem\u00e1s, con el generador, conseguir\u00e1 visibilidad en la p\u00e1gina de resultados del motor de b\u00fasqueda (SERP) al aparecer en 17 dominios de buena reputaci\u00f3n.<\/p>\n<h2 id=\"par3\">\u00bfC\u00f3mo usar el generador de backlinks gratuito?<\/h2>\n<h3>Paso 1: Introduce el dominio para el que quieres generar backlinks y haz clic en el bot\u00f3n &#8220;Empezar a generar&#8221;.<\/p>\n<div class=\"content__img-wrap\"><img src=\"https:\/\/sitechecker.pro\/wp-content\/uploads\/2023\/06\/backlinks_generator_start.png\" alt=\"Generador de backlinks Start\" class=\"description-img description-img-zoom\" loading=\"lazy\" ><\/div>\n<div class=\"important-block\">Nota: Para recibir los resultados y el acceso a las caracter\u00edsticas de Sitechecker durante 14 d\u00edas, inicie su prueba gratuita. Registrarse es f\u00e1cil con su correo electr\u00f3nico, Google, o cuenta de Facebook. NO se necesita tarjeta de cr\u00e9dito.<\/div>\n<h3>Paso 2: Interpretar los resultados del generador de backlinks<\/h3>\n<p>La herramienta generar\u00e1 enlaces entrantes para ti. Tambi\u00e9n proporcionar\u00e1 una lista de estos enlaces con sus c\u00f3digos de estado.<\/p>\n<div class=\"content__img-wrap\"><img src=\"https:\/\/sitechecker.pro\/wp-content\/uploads\/2023\/05\/backlink-generator-results.png\" alt=\"Resultados del Generador de Enlaces\" class=\"description-img description-img-zoom\" loading=\"lazy\" ><\/div>\n<p>Haga clic en cualquiera de estos enlaces para ver a d\u00f3nde conducen y obtener m\u00e1s informaci\u00f3n sobre su rendimiento.<\/p>\n<p>Adem\u00e1s, puedes utilizar la opci\u00f3n &#8220;Iniciar seguimiento&#8221; para supervisar y analizar todos los backlinks que hayas descubierto o creado para tu sitio web.<\/p>\n<div class=\"content__img-wrap\"><img src=\"https:\/\/sitechecker.pro\/wp-content\/uploads\/2023\/05\/backlink-generator-start-tracking.png\" alt=\"Generador de Backlinks Iniciar Seguimiento\" class=\"description-img description-img-zoom\" loading=\"lazy\" ><\/div>\n<p>Una vez que haga clic en el bot\u00f3n, la herramienta agregar\u00e1 autom\u00e1ticamente sus enlaces entrantes reci\u00e9n generados al rastreador de backlinks. La herramienta mostrar\u00e1 informaci\u00f3n detallada sobre los enlaces. Incluye el donante, la URL del aceptor, el ancla, el estado en la p\u00e1gina, el estado del \u00edndice, el estado de la cach\u00e9 y mucho m\u00e1s.<\/p>\n<div class=\"content__img-wrap\"><img src=\"https:\/\/sitechecker.pro\/wp-content\/uploads\/2023\/05\/backlink-tracker-1.png\" alt=\"Rastreador de enlaces\" class=\"description-img description-img-zoom\" loading=\"lazy\" ><\/div>\n<p>Adem\u00e1s de eso, hay una funci\u00f3n de gesti\u00f3n de backlinks flexible. Puede a\u00f1adir manualmente otros enlaces, importarlos desde un archivo o explorar nuestra funci\u00f3n de comprobaci\u00f3n de enlaces entrantes.<\/p>\n<div class=\"content__img-wrap\"><img src=\"https:\/\/sitechecker.pro\/wp-content\/uploads\/2023\/05\/add-import-backlinks.png\" alt=\"A\u00f1adir enlaces importados\" class=\"description-img description-img-zoom\" loading=\"lazy\" ><\/div>\n<p>Para m\u00e1s detalles, echa un vistazo a nuestra gu\u00eda en v\u00eddeo de YouTube sobre c\u00f3mo utilizar la herramienta correctamente:<\/p>\n<p><iframe width=\"700\" height=\"350\" src=\"https:\/\/www.youtube.com\/embed\/tOu8FmRXcRI?start=30\" title=\"YouTube video player\" frameborder=\"0\" allow=\"accelerometer; autoplay; clipboard-write; encrypted-media; gyroscope; picture-in-picture; web-share\" allowfullscreen><\/iframe><\/p>\n<h3>Paso 3. Utilizar las funciones adicionales del generador de backlinks<\/h3>\n<p>Adem\u00e1s de generar backlinks, la herramienta proporciona un completo informe de auditor\u00eda del sitio web para identificar posibles problemas. Este informe destacar\u00e1 estos problemas y ofrecer\u00e1 sugerencias para resolverlos. Por otra parte, puede desglosar la auditor\u00eda por tipo de problema o categor\u00eda para la orientaci\u00f3n eficiente y la resoluci\u00f3n de los desaf\u00edos cruciales que afectan el \u00e9xito de su sitio web.<\/p>\n<div class=\"content__img-wrap\"><img src=\"https:\/\/sitechecker.pro\/wp-content\/uploads\/2023\/05\/backlink-generator-additional-features.png\" alt=\"Caracter\u00edsticas adicionales del generador de enlaces\" class=\"description-img description-img-zoom\" loading=\"lazy\" ><\/div>\n<h2 id=\"par4\">Observaciones finales<\/h2>\n<p>El generador de backlinks Sitechecker es una potente herramienta que ofrece backlinks gratuitos de dominios de confianza y una gran cantidad de recursos SEO. Su interfaz f\u00e1cil de usar y funcionalidad le permiten generar y gestionar enlaces entrantes sin problemas y eficientemente. La herramienta tambi\u00e9n proporciona un informe detallado de auditor\u00eda del sitio web para identificar y abordar posibles problemas. Como resultado, garantiza una estrategia SEO mejorada y aumenta el rendimiento de su sitio web.<\/p>\n<div id=\"par5\"><\/div>\n<p><div class=\"front__faq-block\"><div class=\"faq__block-title\">FAQ<\/div><div class=\"panel-group\" id=\"faq-accordion\" itemscope itemtype=\"https:\/\/schema.org\/FAQPage\" role=\"tablist\" aria-multiselectable=\"true\"><div class=\"panel\" itemscope itemtype=\"https:\/\/schema.org\/Question\" itemprop=\"mainEntity\">\n                            <div class=\"panel-heading\" id=\"headingFaq-1\">\n                                <div class=\"panel-title\" data-toggle=\"collapse\" aria-expanded=\"false\" href=\"#collapseFaq-1\">\n                                    <h3 itemprop=\"name\">\u00bfD\u00f3nde puedo crear backlinks gratuitos?<\/h3>\n                                <\/div>\n                            <\/div>\n                            <div id=\"collapseFaq-1\" class=\"panel-collapse collapse\" itemprop=\"acceptedAnswer\" itemscope itemtype=\"http:\/\/schema.org\/Answer\">\n                                <div class=\"panel-body\" itemprop=\"text\">Para generar enlaces entrantes gratuitos, introduce la URL de tu sitio web en la herramienta generadora de backlinks de Sitechecker y comienza tu prueba gratuita. La herramienta genera autom\u00e1ticamente backlinks desde 17 dominios de confianza.<\/div>\n                            <\/div>\n                        <\/div><div class=\"panel\" itemscope itemtype=\"https:\/\/schema.org\/Question\" itemprop=\"mainEntity\">\n                            <div class=\"panel-heading\" id=\"headingFaq-2\">\n                                <div class=\"panel-title\" data-toggle=\"collapse\" aria-expanded=\"false\" href=\"#collapseFaq-2\">\n                                    <h3 itemprop=\"name\">\u00bfQu\u00e9 hace un generador de backlinks?<\/h3>\n                                <\/div>\n                            <\/div>\n                            <div id=\"collapseFaq-2\" class=\"panel-collapse collapse\" itemprop=\"acceptedAnswer\" itemscope itemtype=\"http:\/\/schema.org\/Answer\">\n                                <div class=\"panel-body\" itemprop=\"text\">Un generador de backlinks utiliza varios programas para crear enlaces y evaluar sitios web en funci\u00f3n de varios criterios. En particular, incluye la cantidad de tr\u00e1fico, el alojamiento web, la direcci\u00f3n IP y la edad del dominio.<\/div>\n                            <\/div>\n                        <\/div><div class=\"panel\" itemscope itemtype=\"https:\/\/schema.org\/Question\" itemprop=\"mainEntity\">\n                            <div class=\"panel-heading\" id=\"headingFaq-3\">\n                                <div class=\"panel-title\" data-toggle=\"collapse\" aria-expanded=\"false\" href=\"#collapseFaq-3\">\n                                    <h3 itemprop=\"name\">\u00bfCu\u00e1l es un buen ejemplo de backlinks?<\/h3>\n                                <\/div>\n                            <\/div>\n                            <div id=\"collapseFaq-3\" class=\"panel-collapse collapse\" itemprop=\"acceptedAnswer\" itemscope itemtype=\"http:\/\/schema.org\/Answer\">\n                                <div class=\"panel-body\" itemprop=\"text\">Un backlink se produce cuando un sitio web hace referencia a otras p\u00e1ginas web utilizando texto de anclaje para crear un enlace. Usted puede encontrar un ejemplo de un enlace entrante en cualquier art\u00edculo o entrada de blog que proporciona un hiperv\u00ednculo a una fuente alternativa o website.<\/div>\n                            <\/div>\n                        <\/div><\/div><\/div><\/p>","protected":false},"excerpt":{"rendered":"\u00bfQu\u00e9 es un generador de backlinks gratuito? Un generador de backlinks es una herramienta en l\u00ednea que permite a\u00f1adir enlaces \u00fanicos SEO-friendly a su contenido mediante el abastecimiento autom\u00e1tico de otros sitios web. La mec\u00e1nica de este proceso es bastante sencilla. Internet est\u00e1 repleto de programas que eval\u00faan los sitios web en funci\u00f3n de diversos&#8230;","protected":false},"author":10409641,"featured_media":6123,"parent":0,"menu_order":0,"comment_status":"closed","ping_status":"closed","template":"pages-templates\/pages-minitools.php","meta":[],"categories":[72],"tags":[],"_links":{"self":[{"href":"https:\/\/sitechecker.pro\/es\/wp-json\/wp\/v2\/pages\/6066"}],"collection":[{"href":"https:\/\/sitechecker.pro\/es\/wp-json\/wp\/v2\/pages"}],"about":[{"href":"https:\/\/sitechecker.pro\/es\/wp-json\/wp\/v2\/types\/page"}],"author":[{"embeddable":true,"href":"https:\/\/sitechecker.pro\/es\/wp-json\/wp\/v2\/users\/10409641"}],"replies":[{"embeddable":true,"href":"https:\/\/sitechecker.pro\/es\/wp-json\/wp\/v2\/comments?post=6066"}],"version-history":[{"count":73,"href":"https:\/\/sitechecker.pro\/es\/wp-json\/wp\/v2\/pages\/6066\/revisions"}],"predecessor-version":[{"id":36021,"href":"https:\/\/sitechecker.pro\/es\/wp-json\/wp\/v2\/pages\/6066\/revisions\/36021"}],"wp:featuredmedia":[{"embeddable":true,"href":"https:\/\/sitechecker.pro\/es\/wp-json\/wp\/v2\/media\/6123"}],"wp:attachment":[{"href":"https:\/\/sitechecker.pro\/es\/wp-json\/wp\/v2\/media?parent=6066"}],"wp:term":[{"taxonomy":"category","embeddable":true,"href":"https:\/\/sitechecker.pro\/es\/wp-json\/wp\/v2\/categories?post=6066"},{"taxonomy":"post_tag","embeddable":true,"href":"https:\/\/sitechecker.pro\/es\/wp-json\/wp\/v2\/tags?post=6066"}],"curies":[{"name":"wp","href":"https:\/\/api.w.org\/{rel}","templated":true}]}}