{"id":573,"date":"2017-12-07T16:00:45","date_gmt":"2017-12-07T16:00:45","guid":{"rendered":"https:\/\/sitechecker.pro\/?page_id=573"},"modified":"2025-01-27T16:23:26","modified_gmt":"2025-01-27T16:23:26","slug":"http-vs-https","status":"publish","type":"page","link":"https:\/\/sitechecker.pro\/es\/http-vs-https\/","title":{"rendered":"Comprobador de redirecciones HTTP a HTTPS | Comprueba si las redirecciones funcionan \u2611"},"content":{"rendered":"<p><\/p>\n<h2 id=\"par1\">\u00bfQu\u00e9 es el verificador de redireccionamiento de HTTP a HTTPS?<\/h2>\n<p>El verificador de HTTP a HTTPS de <a href=\"https:\/\/sitechecker.pro\/\" target=\"_blank\" rel=\"noopener noreferrer\">Sitechecker<\/a> comprueba si un sitio web o p\u00e1ginas espec\u00edficas redireccionan correctamente de HTTP a HTTPS, <a href=\"https:\/\/sitechecker.pro\/ssl-checker\/\" target=\"_blank\" rel=\"noopener noreferrer\">valida los certificados SSL<\/a>, identifica problemas de seguridad y garantiza el cumplimiento de los est\u00e1ndares de seguridad, lo que ayuda a mejorar la seguridad del sitio web y la confianza del usuario.<\/p>\n<h3>C\u00f3mo puede ayudarle la herramienta<\/h3>\n<p><strong>Prueba de redireccionamiento: <\/strong>verifica si el tr\u00e1fico HTTP se redirige correctamente a HTTPS para sitios web o p\u00e1ginas individuales.<\/p>\n<p><strong>Validaci\u00f3n de certificados SSL: <\/strong>verifica la validez y la implementaci\u00f3n adecuada de los certificados SSL.<\/p>\n<p><strong>Monitoreo de seguridad: <\/strong>identifica y rastrea posibles problemas de seguridad para garantizar el cumplimiento continuo.<\/p>\n<h3>Caracter\u00edsticas clave de la herramienta<\/h3>\n<p><strong>Panel de control unificado: <\/strong>plataforma centralizada para administrar y monitorear todas las m\u00e9tricas de rendimiento del sitio web.<\/p>\n<p><strong>Interfaz f\u00e1cil de usar: <\/strong>dise\u00f1o intuitivo adecuado para usuarios de todos los niveles de habilidad.<\/p>\n<p><strong>Conjunto completo de herramientas de SEO: <\/strong>herramientas integrales para auditor\u00edas de SEO, seguimiento de clasificaci\u00f3n, an\u00e1lisis de backlinks y optimizaci\u00f3n.<\/p>\n<h2 id=\"par2\">C\u00f3mo usar la herramienta<\/h2>\n<p>Para comenzar a usar esta herramienta, simplemente elija una de las opciones de auditor\u00eda a continuaci\u00f3n seg\u00fan sus requisitos.<\/p>\n<div class=\"content__img-wrap\"><img src=\"https:\/\/sitechecker.pro\/wp-content\/uploads\/2025\/01\/choose-audit-option-1.png\" alt=\"Elegir opci\u00f3n de auditor\u00eda\" class=\"description-img description-img-zoom\" loading=\"lazy\" ><\/div>\n<h2 id=\"par3\">Prueba de sitio web<\/h2>\n<p>Para evaluar la seguridad y el rendimiento de su sitio web, seleccione la opci\u00f3n de auditor\u00eda m\u00e1s adecuada a continuaci\u00f3n.<\/p>\n<h3>Paso 1: Elija la prueba de sitio propio<\/h3>\n<div class=\"content__img-wrap\"><img src=\"https:\/\/sitechecker.pro\/wp-content\/uploads\/2025\/01\/own-site-test.png\" alt=\"Prueba de sitio propio\" class=\"description-img description-img-zoom\" loading=\"lazy\" ><\/div>\n<div class=\"important-block\">Para recibir resultados y acceso a las funciones de Sitechecker durante 14 d\u00edas, comience su prueba GRATUITA. Registrarse es f\u00e1cil con su cuenta de correo electr\u00f3nico, Google o Facebook. No se necesita tarjeta de cr\u00e9dito.<\/div>\n<h3>Paso 2: Obtenga los resultados<\/h3>\n<p>La comprobaci\u00f3n de redireccionamiento HTTP a HTTPS proporciona informaci\u00f3n detallada sobre la seguridad y la configuraci\u00f3n de redireccionamiento de su sitio web, identificando vulnerabilidades como contenido mixto, encabezados faltantes o implementaci\u00f3n incorrecta de HTTPS.<\/p>\n<div class=\"content__img-wrap\"><img src=\"https:\/\/sitechecker.pro\/wp-content\/uploads\/2025\/01\/http-https-redirection.png\" alt=\"Redireccionamiento HTTP a HTTPS\" class=\"description-img description-img-zoom\" loading=\"lazy\" ><\/div>\n<p>Identifique y solucione cualquier vulnerabilidad de seguridad y obtenga sugerencias en el c\u00f3digo con un simple clic.<\/p>\n<h3>Caracter\u00edsticas adicionales de la prueba de dominio<\/h3>\n<p>La herramienta proporciona una descripci\u00f3n general completa de los problemas cr\u00edticos, de advertencia e informativos relacionados con el redireccionamiento HTTPS de su sitio web, incluido un desglose detallado de las p\u00e1ginas afectadas por categor\u00eda (por ejemplo, seguridad, enlaces, indexabilidad). Destaca problemas espec\u00edficos, su gravedad y perspectivas pr\u00e1cticas para la optimizaci\u00f3n.<\/p>\n<div class=\"content__img-wrap\"><img src=\"https:\/\/sitechecker.pro\/wp-content\/uploads\/2025\/01\/site-audit-issues-list.png\" alt=\"Lista de problemas de auditor\u00eda de sitios\" class=\"description-img description-img-zoom\" loading=\"lazy\" ><\/div>\n<h2 id=\"par5\">Prueba de p\u00e1gina<\/h2>\n<h3>Paso 1: Elige la opci\u00f3n para probar una p\u00e1gina<\/h3>\n<div class=\"content__img-wrap\"><img src=\"https:\/\/sitechecker.pro\/wp-content\/uploads\/2025\/01\/test-page.png\" alt=\"P\u00e1gina de prueba\" class=\"description-img description-img-zoom\" loading=\"lazy\" ><\/div>\n<h3>Paso 2: Obt\u00e9n los resultados<\/h3>\n<p>La comprobaci\u00f3n de redirecci\u00f3n de HTTP a HTTPS eval\u00faa si el protocolo HTTP se redirige correctamente a HTTPS, lo que garantiza una transmisi\u00f3n segura de datos. Proporciona informaci\u00f3n sobre la funcionalidad del protocolo, las vulnerabilidades de la estructura de URL y recomendaciones para el cumplimiento de los est\u00e1ndares de seguridad.<\/p>\n<div class=\"content__img-wrap\"><img src=\"https:\/\/sitechecker.pro\/wp-content\/uploads\/2025\/01\/http-protocol-doesnt-work.png\" alt=\"El protocolo HTTP no funciona\" class=\"description-img description-img-zoom\" loading=\"lazy\" ><\/div>\n<p>Vaya a la secci\u00f3n de auditor\u00eda del sitio web para explorar una demostraci\u00f3n que muestra todas las funciones de la herramienta. Esto proporciona una gu\u00eda clara para mejorar la salud t\u00e9cnica de su sitio y gestionar eficazmente los posibles problemas.<\/p>\n<div class=\"content__img-wrap\"><img src=\"https:\/\/sitechecker.pro\/wp-content\/uploads\/2025\/01\/site-audit-1.png\" alt=\"Auditor\u00eda del sitio\" class=\"description-img description-img-zoom\" loading=\"lazy\" ><\/div>\n<h3>Funciones adicionales para probar un dominio que no es el suyo<\/h3>\n<p>La comprobaci\u00f3n de redireccionamiento de HTTP a HTTPS no solo verifica la funcionalidad de redireccionamiento, sino que tambi\u00e9n proporciona informaci\u00f3n adicional, como la puntuaci\u00f3n de la p\u00e1gina, los problemas cr\u00edticos y de advertencia, el c\u00f3digo de estado, la indexabilidad y el tama\u00f1o de la p\u00e1gina. Ofrece opciones de navegaci\u00f3n detalladas para la optimizaci\u00f3n, como datos estructurados, contenido, im\u00e1genes y estad\u00edsticas de PageSpeed, lo que garantiza una evaluaci\u00f3n integral del rendimiento y la seguridad de su sitio web.<\/p>\n<div class=\"content__img-wrap\"><img src=\"https:\/\/sitechecker.pro\/wp-content\/uploads\/2025\/01\/on-page-seo-checker.png\" alt=\"On Page SEO Checker\" class=\"description-img description-img-zoom\" loading=\"lazy\" ><\/div>\n<h2 id=\"par7\">Idea final<\/h2>\n<p>El verificador de redireccionamiento HTTP a HTTPS garantiza una redirecci\u00f3n adecuada, valida los certificados SSL e identifica problemas de seguridad para mejorar la seguridad del sitio web. Proporciona informaci\u00f3n \u00fatil, puntuaciones de p\u00e1gina y m\u00e9tricas de optimizaci\u00f3n a trav\u00e9s de un panel de control f\u00e1cil de usar.<\/p>\n<div id=\"par8\"><\/div>\n<p><div class=\"front__faq-block\"><div class=\"faq__block-title\">Preguntas frecuentes<\/div><div class=\"panel-group\" id=\"faq-accordion\" itemscope itemtype=\"https:\/\/schema.org\/FAQPage\" role=\"tablist\" aria-multiselectable=\"true\"><div class=\"panel\" itemscope itemtype=\"https:\/\/schema.org\/Question\" itemprop=\"mainEntity\">\n                            <div class=\"panel-heading\" id=\"headingFaq-1\">\n                                <div class=\"panel-title\" data-toggle=\"collapse\" aria-expanded=\"false\" href=\"#collapseFaq-1\">\n                                    <h3 itemprop=\"name\">\u00bfCu\u00e1l es el prop\u00f3sito del verificador de redireccionamiento de HTTP a HTTPS?<\/h3>\n                                <\/div>\n                            <\/div>\n                            <div id=\"collapseFaq-1\" class=\"panel-collapse collapse\" itemprop=\"acceptedAnswer\" itemscope itemtype=\"http:\/\/schema.org\/Answer\">\n                                <div class=\"panel-body\" itemprop=\"text\">La herramienta prueba si los sitios web o las p\u00e1ginas redireccionan correctamente de HTTP a HTTPS, lo que garantiza una transmisi\u00f3n segura de datos y mejora la confianza del usuario.<\/div>\n                            <\/div>\n                        <\/div><div class=\"panel\" itemscope itemtype=\"https:\/\/schema.org\/Question\" itemprop=\"mainEntity\">\n                            <div class=\"panel-heading\" id=\"headingFaq-2\">\n                                <div class=\"panel-title\" data-toggle=\"collapse\" aria-expanded=\"false\" href=\"#collapseFaq-2\">\n                                    <h3 itemprop=\"name\">\u00bfLa herramienta ofrece informaci\u00f3n adicional m\u00e1s all\u00e1 de la verificaci\u00f3n de redireccionamiento?<\/h3>\n                                <\/div>\n                            <\/div>\n                            <div id=\"collapseFaq-2\" class=\"panel-collapse collapse\" itemprop=\"acceptedAnswer\" itemscope itemtype=\"http:\/\/schema.org\/Answer\">\n                                <div class=\"panel-body\" itemprop=\"text\">S\u00ed, proporciona informaci\u00f3n como puntajes de p\u00e1gina, problemas cr\u00edticos y de advertencia, indexabilidad, tama\u00f1o de p\u00e1gina y recomendaciones de cumplimiento de seguridad.<\/div>\n                            <\/div>\n                        <\/div><div class=\"panel\" itemscope itemtype=\"https:\/\/schema.org\/Question\" itemprop=\"mainEntity\">\n                            <div class=\"panel-heading\" id=\"headingFaq-3\">\n                                <div class=\"panel-title\" data-toggle=\"collapse\" aria-expanded=\"false\" href=\"#collapseFaq-3\">\n                                    <h3 itemprop=\"name\">\u00bfPuedo usar la herramienta para probar dominios que no son de mi propiedad?<\/h3>\n                                <\/div>\n                            <\/div>\n                            <div id=\"collapseFaq-3\" class=\"panel-collapse collapse\" itemprop=\"acceptedAnswer\" itemscope itemtype=\"http:\/\/schema.org\/Answer\">\n                                <div class=\"panel-body\" itemprop=\"text\">S\u00ed, puede probar otros dominios para verificar su configuraci\u00f3n de redireccionamiento y cumplimiento de seguridad sin requerir la propiedad.<\/div>\n                            <\/div>\n                        <\/div><\/div><\/div><\/p>","protected":false},"excerpt":{"rendered":"\u00bfQu\u00e9 es el verificador de redireccionamiento de HTTP a HTTPS? El verificador de HTTP a HTTPS de Sitechecker comprueba si un sitio web o p\u00e1ginas espec\u00edficas redireccionan correctamente de HTTP a HTTPS, valida los certificados SSL, identifica problemas de seguridad y garantiza el cumplimiento de los est\u00e1ndares de seguridad, lo que ayuda a mejorar la&#8230;","protected":false},"author":10409641,"featured_media":3356,"parent":0,"menu_order":0,"comment_status":"closed","ping_status":"closed","template":"pages-templates\/pages-minitools-3.php","meta":[],"categories":[73],"tags":[],"_links":{"self":[{"href":"https:\/\/sitechecker.pro\/es\/wp-json\/wp\/v2\/pages\/573"}],"collection":[{"href":"https:\/\/sitechecker.pro\/es\/wp-json\/wp\/v2\/pages"}],"about":[{"href":"https:\/\/sitechecker.pro\/es\/wp-json\/wp\/v2\/types\/page"}],"author":[{"embeddable":true,"href":"https:\/\/sitechecker.pro\/es\/wp-json\/wp\/v2\/users\/10409641"}],"replies":[{"embeddable":true,"href":"https:\/\/sitechecker.pro\/es\/wp-json\/wp\/v2\/comments?post=573"}],"version-history":[{"count":6,"href":"https:\/\/sitechecker.pro\/es\/wp-json\/wp\/v2\/pages\/573\/revisions"}],"predecessor-version":[{"id":35166,"href":"https:\/\/sitechecker.pro\/es\/wp-json\/wp\/v2\/pages\/573\/revisions\/35166"}],"wp:featuredmedia":[{"embeddable":true,"href":"https:\/\/sitechecker.pro\/es\/wp-json\/wp\/v2\/media\/3356"}],"wp:attachment":[{"href":"https:\/\/sitechecker.pro\/es\/wp-json\/wp\/v2\/media?parent=573"}],"wp:term":[{"taxonomy":"category","embeddable":true,"href":"https:\/\/sitechecker.pro\/es\/wp-json\/wp\/v2\/categories?post=573"},{"taxonomy":"post_tag","embeddable":true,"href":"https:\/\/sitechecker.pro\/es\/wp-json\/wp\/v2\/tags?post=573"}],"curies":[{"name":"wp","href":"https:\/\/api.w.org\/{rel}","templated":true}]}}