{"id":554,"date":"2023-12-07T12:15:10","date_gmt":"2023-12-07T12:15:10","guid":{"rendered":"https:\/\/sitechecker.pro\/?page_id=554"},"modified":"2025-05-21T13:13:20","modified_gmt":"2025-05-21T13:13:20","slug":"meta-tags","status":"publish","type":"page","link":"https:\/\/sitechecker.pro\/es\/meta-tags\/","title":{"rendered":"Etiquetas SEO: ejemplos y consejos para su uso adecuado"},"content":{"rendered":"<p><\/p>\n<h2>\u00bfQu\u00e9 son las Etiquetas SEO?<\/h2>\n<p>&nbsp;<\/p>\n<p>\u00bfEst\u00e1s familiarizado con otras metaetiquetas SEO, adem\u00e1s de la conocida descripci\u00f3n SEO y las palabras clave? Aqu\u00ed podr\u00e1s encontrar una lista con algunas de ellas, divididas en tres categor\u00edas: aquellas que son buenas, malas e indiferentes (depender\u00e1 de ti si deseas usarlas o no). Adem\u00e1s, una vez hayas le\u00eddo este art\u00edculo hasta el final, descubrir\u00e1s que el n\u00famero de metaetiquetas malas es mucho mayor que el que podr\u00edas imaginar.<\/p>\n<p>Indudablemente, es imposible hacer una lista completa de meta etiquetas HTML, as\u00ed que, si necesitas m\u00e1s, siempre podr\u00e1s hallar algo extra utilizando esta <a href=\"https:\/\/www.metatags.org\/all-meta-tags-overview\/\" target=\"_blank\" rel=\"noopener noreferrer\">fuente de Meta etiquetas<\/a>.<\/p>\n<div class=\"box\">El consejo m\u00e1s \u00fatil que puedo darte ahora es que no agregues meta etiquetas solo para llenar cualquier espacio y m\u00e1s a\u00fan si no las necesitas.<br \/>\nComo bien ya sabes, la cantidad no significa calidad, por lo tanto, siempre debes tratar el proceso de codificaci\u00f3n en t\u00e9rminos de c\u00f3mo se reflejar\u00e1 en tu navegador y c\u00f3mo puede ayudarte a conseguir lo buscas en la web.<\/div>\n<div><\/div>\n<h2>Metaetiquetas malas<\/h2>\n<p>&nbsp;<\/p>\n<p>No podemos decir que estas etiquetas puedan influir de forma negativa en tu sitio, pero son solo una p\u00e9rdida de espacio en tu codificaci\u00f3n.<\/p>\n<ul>\n<li><strong>Etiqueta Author<\/strong>: especifica qui\u00e9n es el autor de la p\u00e1gina. \u00bfDe verdad necesitas mencionar esto?<\/li>\n<li><strong>Etiqueta Generator:<\/strong> se usa para reconocer el programa que ha generado tu p\u00e1gina. Sin embargo, en nuestra opini\u00f3n, no vale la pena utilizarla.<\/li>\n<li><strong>Etiqueta Resource type :<\/strong> especifica el tipo de fuente que tu p\u00e1gina. Para ahorrar tiempo es mejor utilizar DTD (o document type definition).<\/li>\n<li><strong>Etiqueta Revisit after :<\/strong> da a los robots de b\u00fasqueda una direcci\u00f3n de regreso a la p\u00e1gina web una vez m\u00e1s luego de un tiempo, pero la mayor\u00eda de los buscadores m\u00e1s reconocidos no la admiten.<\/li>\n<li><strong>Etiqueta Rating:<\/strong> ayuda a agregar una restricci\u00f3n de edad a tu contenido. Sin embargo, a\u00fan creemos que la mejor manera de tratar con im\u00e1genes para adultos es ubicarlas en un directorio alejado de las im\u00e1genes comunes que se usan en el sitio web y notificar a Google al respecto.<\/li>\n<li><strong>Etiqueta Distribution:<\/strong> se usa cuando necesitas cambiar la accesibilidad del documento. En la mayor\u00eda de los casos tiene un modo &#8220;global&#8221; por defecto, por lo tanto, si tu p\u00e1gina est\u00e1 reci\u00e9n abierta, significa que est\u00e1 disponible para todo el mundo.<\/li>\n<li><strong>Etiqueta Abstract<\/strong>: se usa solamente cuando necesitas agregar un texto resumen.<\/li>\n<li><strong>Etiquetas Date\/expiration:<\/strong> es la fecha que se usa para especificar el d\u00eda exacto en el que se cre\u00f3 la p\u00e1gina y cuando caducar\u00e1. No obstante, es mucho m\u00e1s \u00fatil eliminar por tu misma cuenta las p\u00e1ginas cuando est\u00e1n caducadas y actualizar el mapa XML del sitio constantemente.<\/li>\n<li><strong>Etiqueta Copyright:<\/strong> si ya la tienes en la secci\u00f3n del pie de p\u00e1gina \u00bfpor qu\u00e9 usarla una vez m\u00e1s?<\/li>\n<li><strong>Etiqueta Cache control:<\/strong> te ayuda a controlar el tiempo que una p\u00e1gina pasa en el cach\u00e9 de un navegador; pero es preferible hacerlo en un encabezado HTTP.<\/li>\n<\/ul>\n<p>&nbsp;<\/p>\n<h2>Metaetiquetas buenas<\/h2>\n<p>&nbsp;<\/p>\n<p>Las meta tags &#8220;buenas&#8221; deben usarse en cada p\u00e1gina. Esta no es una lista completa de cada una de ellas, sin embargo, deber\u00edas usar al menos estas que aqu\u00ed mencionaremos:<\/p>\n<ul>\n<li>\u00a0<strong><a href=\"https:\/\/sitechecker.pro\/es\/meta-title\/\">Meta t\u00edtulo<\/a>:<\/strong> este es un elemento muy importante en cualquier optimizaci\u00f3n de SEO, ya que se coloca en la secci\u00f3n de encabezado y contiene los datos m\u00e1s importantes. La \u00fanica regla que debes seguir aqu\u00ed es crear un t\u00edtulo exclusivo para cada p\u00e1gina.<\/li>\n<li><strong><a href=\"https:\/\/sitechecker.pro\/es\/meta-tag-description\/\">Meta descripci\u00f3n<\/a>:<\/strong> este meta-elemento sirve como descripci\u00f3n de la p\u00e1gina para varios SERP. Aunque no influye directamente en el ranking de un sitio, sigue siendo muy importante, puesto que tiene como objetivo \u201cobligar\u201d al usuario a visitar su sitio. Para escribir una descripci\u00f3n ideal, debe seguir varias reglas: la descripci\u00f3n debe tener al menos 160 caracteres y debe ser pegajosa.<\/li>\n<li>E<strong>tiqueta de meta contenido:<\/strong> se debe usar en todas las p\u00e1ginas. Esta muestra el conjunto de caracteres de la p\u00e1gina y su omisi\u00f3n puede influir en la reproducci\u00f3n de la p\u00e1gina en cuesti\u00f3n dentro del navegador. Aqu\u00ed hay varias variantes, un dise\u00f1ador web experimentado puede elegir la mejor opci\u00f3n para su sitio.<\/li>\n<\/ul>\n<div class=\"code\"><code>&lt;meta http-equiv=\"Content-Type\" content=\"text\/html; charset=utf-8\" \/&gt;<br \/>\n&lt;meta http-equiv=\"Content-Type\" content=\"text\/html; charset=ISO-8859-1\"&gt;<\/code><\/div>\n<ul>\n<li>\u00a0Viewport: en nuestra era tecnol\u00f3gica este es un elemento muy importante si deseas que tu sitio tenga buena UX para movil. Puedes utilizar programas como Google PageSpeed Insights Tool para obtener informaci\u00f3n m\u00e1s detallada. En caso contrario, te dejamos aqu\u00ed la etiqueta est\u00e1ndar:<\/li>\n<\/ul>\n<div class=\"code\"><code>&lt;meta name=viewport content=\"width=device-width, initial-scale=1\"&gt;<\/code><\/div>\n<p>&nbsp;<\/p>\n<h2>Meta etiquetas indiferentes<\/h2>\n<p>&nbsp;<\/p>\n<p>Estas etiquetas no son obligatorias y francamente deber\u00edas evitarlas si no hay casos especiales en los que sea imposible hacerlo, claro est\u00e1.<\/p>\n<ul>\n<li><strong>Etiqueta Social meta:<\/strong> la informaci\u00f3n de Twitter y <a href=\"https:\/\/sitechecker.pro\/es\/open-graph\/\">OpenGraph<\/a> en la mayor\u00eda de los casos es crucial, pero no obligatoria.<\/li>\n<li><strong>Etiqueta Language:<\/strong> puedes usarla si necesitas indicar un idioma preciso utilizado en la p\u00e1gina. Por ejemplo, si te est\u00e1s mudando a otro pa\u00eds.<\/li>\n<li><strong>Etiqueta Specific bots:<\/strong> sirve para dar instrucciones a los bots. Por ejemplo: noodp (le indica que los datos de lista DMOZ est\u00e1n prohibidos) y noydir (bastante similar, pero aqu\u00ed la informaci\u00f3n es de la lista de directorios de Yahoo). Los <a href=\"https:\/\/sitechecker.pro\/es\/search-engines\/\">motores de b\u00fasqueda<\/a> pueden hacer esto por s\u00ed solos, pero si realmente crees que esto les ayuda, entonces agr\u00e9gala.<\/li>\n<li><strong>Robots:<\/strong> algunos especialistas piensan que esta es una meta etiqueta obligatoria. Pero mejor resolvamos esto nosotros mismos. En t\u00e9rminos de indexaci\u00f3n de una p\u00e1gina, si no agregas la metaetiqueta Robots, los bots leer\u00e1n el \u00edndice tal y como sigue. Si realmente necesitas cambiar este comando, puedes usar estas etiquetas de robots. En caso de que desees enlaces Noindex, entonces necesitas usar este elemento de Noindex.<\/li>\n<\/ul>\n<div class=\"code\"><code>&lt;meta name=\"robots\" content=\"noindex\" \/&gt;<\/code><\/div>\n<ul>\n<li><strong>Etiqueta Refresh:<\/strong> es una variaci\u00f3n de la redirecci\u00f3n que debes evitar en cualquier caso. La mejor variante es la <a href=\"https:\/\/sitechecker.pro\/es\/301-redirect\/\">redirecci\u00f3n 301<\/a>, incluso si necesitas que se tomen determinados pasos tan pronto sea posible.<\/li>\n<li><strong><a href=\"https:\/\/sitechecker.pro\/es\/meta-keywords\/\">Etiqueta de palabras clave<\/a>:<\/strong> tambi\u00e9n llamada etiqueta de Keywords. Gracias a muchas estrategias de SEO, no se recomienda su uso, dado que existen pocas probabilidades que nos ayude en algo. Si fue utilizado autom\u00e1ticamente al crear el sitio, entonces d\u00e9jalo, pero si no fue as\u00ed, lo mejor es que no lo agregues.<\/li>\n<li><strong>Geoetiquetado:<\/strong> solo se usa para que sea compatible con el motor de b\u00fasqueda de Bing. Adem\u00e1s, este se divide en tres tipos: regi\u00f3n, posici\u00f3n y nombre de lugar.<\/li>\n<\/ul>\n<div class=\"code\"><code>&lt;META NAME=\"geo.position\" CONTENT=\"latitude; longitude\"&gt;<br \/>\n&lt;META NAME=\"geo.region\" CONTENT=\"Country Subdivision Code\"&gt;<br \/>\n&lt;META NAME=\"geo.placename\" CONTENT=\"Place Name\"&gt;<\/code><\/div>\n<ul>\n<li><strong>Etiqueta Site Verification:<\/strong> a veces es obligatorio usarla para autorizar alg\u00fan sitio web con Google. Tambi\u00e9n se puede usar un archivo externo, DNS o solo un enlace a su perfil de Google Analytics. Por otro lado, si hablamos de Bing, la meta etiqueta y el archivo de verificaci\u00f3n XML son aceptables, pero el XML suele ser preferible.<\/li>\n<\/ul>\n<p><\/p>","protected":false},"excerpt":{"rendered":"\u00bfQu\u00e9 son las Etiquetas SEO? &nbsp; \u00bfEst\u00e1s familiarizado con otras metaetiquetas SEO, adem\u00e1s de la conocida descripci\u00f3n SEO y las palabras clave? Aqu\u00ed podr\u00e1s encontrar una lista con algunas de ellas, divididas en tres categor\u00edas: aquellas que son buenas, malas e indiferentes (depender\u00e1 de ti si deseas usarlas o no). Adem\u00e1s, una vez hayas le\u00eddo&#8230;","protected":false},"author":11474150,"featured_media":3431,"parent":0,"menu_order":0,"comment_status":"closed","ping_status":"closed","template":"pages-templates\/pages-v2.php","meta":[],"categories":[27],"tags":[],"_links":{"self":[{"href":"https:\/\/sitechecker.pro\/es\/wp-json\/wp\/v2\/pages\/554"}],"collection":[{"href":"https:\/\/sitechecker.pro\/es\/wp-json\/wp\/v2\/pages"}],"about":[{"href":"https:\/\/sitechecker.pro\/es\/wp-json\/wp\/v2\/types\/page"}],"author":[{"embeddable":true,"href":"https:\/\/sitechecker.pro\/es\/wp-json\/wp\/v2\/users\/11474150"}],"replies":[{"embeddable":true,"href":"https:\/\/sitechecker.pro\/es\/wp-json\/wp\/v2\/comments?post=554"}],"version-history":[{"count":52,"href":"https:\/\/sitechecker.pro\/es\/wp-json\/wp\/v2\/pages\/554\/revisions"}],"predecessor-version":[{"id":37110,"href":"https:\/\/sitechecker.pro\/es\/wp-json\/wp\/v2\/pages\/554\/revisions\/37110"}],"wp:featuredmedia":[{"embeddable":true,"href":"https:\/\/sitechecker.pro\/es\/wp-json\/wp\/v2\/media\/3431"}],"wp:attachment":[{"href":"https:\/\/sitechecker.pro\/es\/wp-json\/wp\/v2\/media?parent=554"}],"wp:term":[{"taxonomy":"category","embeddable":true,"href":"https:\/\/sitechecker.pro\/es\/wp-json\/wp\/v2\/categories?post=554"},{"taxonomy":"post_tag","embeddable":true,"href":"https:\/\/sitechecker.pro\/es\/wp-json\/wp\/v2\/tags?post=554"}],"curies":[{"name":"wp","href":"https:\/\/api.w.org\/{rel}","templated":true}]}}