{"id":543,"date":"2020-07-20T12:39:04","date_gmt":"2020-07-20T10:39:04","guid":{"rendered":"https:\/\/sitechecker.pro\/?page_id=543"},"modified":"2026-02-13T17:47:15","modified_gmt":"2026-02-13T17:47:15","slug":"meta-title","status":"publish","type":"page","link":"https:\/\/sitechecker.pro\/es\/meta-title\/","title":{"rendered":"Meta Title Checker | Comprobar etiqueta Corectence, Longitud y Texto"},"content":{"rendered":"<p><\/p>\n<h2 id=\"par1\">\u00bfQu\u00e9 es Meta Title Tag Checker?<\/h2>\n<p>El Website Title Checker de <a href=\"https:\/\/sitechecker.pro\/\" rel=\"noopener noreferrer\" target=\"_blank\">Sitechecker<\/a> es una herramienta dise\u00f1ada para evaluar la eficacia SEO de las <a href=\"https:\/\/sitechecker.pro\/what-is-website-title-tag\/\" rel=\"noopener noreferrer\" target=\"_blank\">meta titletags<\/a> en las p\u00e1ginas web. Analiza los t\u00edtulos en cuanto a longitud, relevancia y <a href=\"https:\/\/sitechecker.pro\/keyword-research\/\" rel=\"noopener noreferrer\" target=\"_blank\">optimizaci\u00f3n de palabras clave<\/a>, identifica problemas y sugiere mejoras para mejorar la visibilidad en los motores de b\u00fasqueda. La herramienta tambi\u00e9n monitorea los cambios en los meta t\u00edtulos a lo largo del tiempo, lo que ayuda a los usuarios a mantener actualizada la estrategia SEO de su sitio web.<\/p>\n<h3>Caracter\u00edsticas principales de la herramienta<\/h3>\n<p><strong>An\u00e1lisis de etiquetas de t\u00edtulo meta: <\/strong>examina cada p\u00e1gina de su sitio web, verificando la cantidad, el contenido y la longitud de las etiquetas de t\u00edtulo, asegur\u00e1ndose de que est\u00e9n optimizadas con palabras clave relevantes y dentro del l\u00edmite de caracteres recomendado.<\/p>\n<p><strong>Identificaci\u00f3n de problemas y orientaci\u00f3n: <\/strong>adem\u00e1s de identificar problemas con las etiquetas de t\u00edtulo, proporciona soluciones, enumera las URL problem\u00e1ticas y ofrece consejos sobre soluciones, lo que sirve como hoja de ruta para mejorar el SEO de su sitio web.<\/p>\n<p><strong>Seguimiento de cambios: <\/strong>monitorea cualquier modificaci\u00f3n de las etiquetas meta de su sitio web, lo alerta tanto de los cambios significativos como de los ajustes menores, lo que ayuda a mantener la salud del SEO de su sitio.<\/p>\n<h3>Caracter\u00edsticas principales de la herramienta<\/h3>\n<p><strong>Panel unificado: <\/strong>ofrece una vista consolidada de todas las m\u00e9tricas y perspectivas de SEO.<\/p>\n<p><strong>Interfaz f\u00e1cil de usar: <\/strong>dise\u00f1ada para una navegaci\u00f3n intuitiva y facilidad de uso.<\/p>\n<p><strong>Complete SEO Toolset:<\/strong> proporciona un conjunto completo de herramientas para el an\u00e1lisis y la optimizaci\u00f3n SEO en profundidad.<\/p>\n<h2 id=\"par2\">\u00bfC\u00f3mo comprobar la etiqueta de t\u00edtulo meta de un sitio web con nuestra herramienta de prueba?<\/h2>\n<p>Elija el dominio o la p\u00e1gina que desea comprobar, agregue la URL al espacio proporcionado y presione el bot\u00f3n para comenzar.<\/p>\n<div class=\"content__img-wrap\"><img src=\"https:\/\/sitechecker.pro\/wp-content\/uploads\/2024\/08\/choose-audit-option-1.png\" alt=\"Elegir opci\u00f3n de auditor\u00eda\" class=\"description-img description-img-zoom\" loading=\"lazy\" ><\/div>\n<h2 id=\"par3\">Comprobaci\u00f3n de dominio<\/h2>\n<h3>Paso 1: Ingrese el nombre de dominio y elija la inspecci\u00f3n del sitio web<\/h3>\n<div class=\"content__img-wrap\"><img src=\"https:\/\/sitechecker.pro\/wp-content\/uploads\/2024\/08\/check-titles-for-site.png\" alt=\"Comprobar t\u00edtulos para el sitio\" class=\"description-img description-img-zoom\" loading=\"lazy\" ><\/div>\n<div class=\"important-block\">Para recibir resultados y acceder a las funciones de Sitechecker durante 14 d\u00edas, comience su prueba GRATUITA. Registrarse es f\u00e1cil con su cuenta de correo electr\u00f3nico, Google o Facebook. No se necesita tarjeta de cr\u00e9dito.<\/div>\n<h3>Paso 2: Obtenga el resultado del buscador de t\u00edtulos de sitios web<\/h3>\n<p>Un escaneo de dominio con Sitechecker incluye una auditor\u00eda completa del sitio gratuita que enumerar\u00e1 todas las URL con problemas en la etiqueta de t\u00edtulo. Esto le ayuda a solucionar el problema en todo su sitio web y evita nuevos problemas. Haga clic en un problema y obtenga una lista de p\u00e1ginas da\u00f1adas junto con instrucciones sobre c\u00f3mo solucionarlas. Esto hace que Sitechecker sea una herramienta eficaz para la verificaci\u00f3n masiva de etiquetas de t\u00edtulo.<\/p>\n<div class=\"content__img-wrap\"><img src=\"https:\/\/sitechecker.pro\/wp-content\/uploads\/2024\/08\/content-relevance-issues.png\" alt=\"Problemas de relevancia del contenido\" class=\"description-img description-img-zoom\" loading=\"lazy\" ><\/div>\n<div class=\"content__img-wrap\"><img src=\"https:\/\/sitechecker.pro\/wp-content\/uploads\/2024\/08\/title-too-long-issue.png\" alt=\"Problema de t\u00edtulo demasiado largo\" class=\"description-img description-img-zoom\" loading=\"lazy\" ><\/div>\n<p>Para examinar el t\u00edtulo de cualquier p\u00e1gina, haga clic en &#8220;Ver todas las p\u00e1ginas&#8221;.<\/p>\n<p>Sitechecker no solo examina una sola p\u00e1gina web, sino que investiga todo el sitio web y recopila datos de cualquier URL. Para recopilar detalles de las etiquetas de t\u00edtulo meta de SEO de varias p\u00e1ginas de su sitio web, simplemente utilice el filtro Todas las p\u00e1ginas HTML para identificar la URL que le interese.<\/p>\n<div class=\"content__img-wrap\"><img src=\"https:\/\/sitechecker.pro\/wp-content\/uploads\/2024\/08\/all-html-pages-filter.png\" alt=\"Filtro Todas las p\u00e1ginas HTML\" class=\"description-img description-img-zoom\" loading=\"lazy\" ><\/div>\n<p>Adem\u00e1s, puede utilizar la funci\u00f3n Buscar por categor\u00eda para identificar problemas relacionados con el t\u00edtulo que afecten a varias p\u00e1ginas de su sitio web. Seleccione la pesta\u00f1a de categor\u00eda e ingrese el problema espec\u00edfico que desea solucionar, por ejemplo, &#8220;t\u00edtulo&#8221;. La b\u00fasqueda identificar\u00e1 los problemas relevantes en su sitio web.<\/p>\n<div class=\"content__img-wrap\"><img src=\"https:\/\/sitechecker.pro\/wp-content\/uploads\/2024\/08\/filter-by-category.png\" alt=\"Filtrar por categor\u00eda\" class=\"description-img description-img-zoom\" loading=\"lazy\" ><\/div>\n<p>Si selecciona un problema en particular, se lo dirigir\u00e1 a una p\u00e1gina dedicada. Cuenta con un estado indicado por colores: el rojo representa un problema cr\u00edtico, el naranja representa una advertencia y el azul, un aviso. Esta p\u00e1gina muestra instrucciones sobre c\u00f3mo solucionar el problema, una lista extensa de URL afectadas y el bot\u00f3n para inspeccionar el c\u00f3digo de la p\u00e1gina o realizar una auditor\u00eda completa en la p\u00e1gina. Puede utilizar herramientas como el <a href=\"https:\/\/sitechecker.pro\/duplicate-content\/\" data-wpil-monitor-id=\"31\">verificador de t\u00edtulos duplicados<\/a> para identificar cualquier problema relacionado con las etiquetas de t\u00edtulo.<\/p>\n<div class=\"content__img-wrap\"><img src=\"https:\/\/sitechecker.pro\/wp-content\/uploads\/2024\/08\/title-duplicates-issue.png\" alt=\"Problema de t\u00edtulos duplicados\" class=\"description-img description-img-zoom\" loading=\"lazy\" ><\/div>\n<p>En conclusi\u00f3n, puede descargar un informe completo con la descripci\u00f3n de los problemas y las URL afectadas. Esta funci\u00f3n ser\u00e1 \u00fatil para los aut\u00f3nomos de SEO (profesionales de agencias) que necesitan mostrar datos a sus clientes o para los expertos internos que desean distribuir datos a los miembros del equipo.Tambi\u00e9n puede exportar datos para desarrolladores. Simplemente coloque los datos exportados en la tarea t\u00e9cnica (TT), lo que les permitir\u00e1 abordar los problemas.<\/p>\n<div class=\"content__img-wrap\"><img src=\"https:\/\/sitechecker.pro\/wp-content\/uploads\/2024\/08\/export-data.png\" alt=\"Exportar datos\" class=\"description-img description-img-zoom\" loading=\"lazy\" ><\/div>\n<p>Algunas de las otras funciones que vienen con el esc\u00e1ner de etiquetas de t\u00edtulo de dominio\/sitio web<\/p>\n<p>En la p\u00e1gina de resumen de auditor\u00eda del sitio, tambi\u00e9n encontrar\u00e1 una lista completa de problemas internos en su sitio web.<\/p>\n<p>Puede filtrar los problemas por tipo, como Cr\u00edticos, Advertencias, Oportunidades y Avisos. Alternativamente, puede ordenarlos seg\u00fan categor\u00edas, por ejemplo, Enlaces, Indexabilidad o Relevancia del contenido. Esto hace que sea mucho m\u00e1s sencillo concentrarse en reparar los problemas que m\u00e1s afectar\u00e1n el \u00e9xito de su sitio web.<\/p>\n<div class=\"content__img-wrap\"><img src=\"https:\/\/sitechecker.pro\/wp-content\/uploads\/2024\/08\/issues-list_66c774ec55522.png\" alt=\"Lista de problemas\" class=\"description-img description-img-zoom\" loading=\"lazy\" ><\/div>\n<h2 id=\"par4\">Comprobador de t\u00edtulo de p\u00e1gina<\/h2>\n<h3>Paso 1: haga clic en &#8220;Verificar la p\u00e1gina&#8221; para iniciar el an\u00e1lisis<\/h3>\n<div class=\"content__img-wrap\"><img src=\"https:\/\/sitechecker.pro\/wp-content\/uploads\/2024\/08\/check-title-for-page.png\" alt=\"Comprobar t\u00edtulo de p\u00e1gina\" class=\"description-img description-img-zoom\" loading=\"lazy\" ><\/div>\n<h3>Paso 2: an\u00e1lisis de los resultados<\/h3>\n<p>Se rastrear\u00e1 la URL que ingres\u00f3 en nuestra herramienta para obtener datos. El proceso demora unos minutos. Despu\u00e9s de eso, descubrir\u00e1 la etiqueta del encabezado, la cantidad de etiquetas de t\u00edtulo presentes en la p\u00e1gina, la longitud del encabezado y si el t\u00edtulo es igual a H1.<\/p>\n<div class=\"content__img-wrap\"><img src=\"https:\/\/sitechecker.pro\/wp-content\/uploads\/2024\/08\/review-results.png\" alt=\"Revisar resultados\" class=\"description-img description-img-zoom\" loading=\"lazy\" ><\/div>\n<p>Para revisar todos los metat\u00edtulos de su sitio, utilice el bot\u00f3n &#8220;Ejecutar una auditor\u00eda completa del sitio web&#8221; que aparece en el banner para obtener un an\u00e1lisis completo.<\/p>\n<p>Explore la funcionalidad de la herramienta a trav\u00e9s de un proyecto de demostraci\u00f3n haciendo clic en &#8220;Auditor\u00eda del sitio&#8221; y seleccionando la opci\u00f3n de demostraci\u00f3n.<\/p>\n<div class=\"content__img-wrap\"><img src=\"https:\/\/sitechecker.pro\/wp-content\/uploads\/2024\/08\/run-full-audit.png\" alt=\"Ejecutar una auditor\u00eda completa del sitio web\" class=\"description-img description-img-zoom\" loading=\"lazy\" ><\/div>\n<h2 id=\"par5\">Funciones adicionales<\/h2>\n<p>El verificador de t\u00edtulos optimizado para SEO ofrece un an\u00e1lisis completo que confirma el estado HTTP correcto y mide el tama\u00f1o del contenido HTML. Garantiza que los metat\u00edtulos y las <a href=\"https:\/\/sitechecker.pro\/meta-tag-description\/\" target=\"_blank\" rel=\"noopener noreferrer\">descripciones<\/a> tengan la longitud \u00f3ptima seg\u00fan los est\u00e1ndares de los motores de b\u00fasqueda y eval\u00faa los tiempos de carga de la p\u00e1gina para mejorar la experiencia del usuario tanto en dispositivos m\u00f3viles como en computadoras de escritorio a trav\u00e9s de PageSpeed \u200b\u200bInsights. Esta herramienta es fundamental para optimizar el SEO al examinar los elementos cruciales de la p\u00e1gina web para reforzar el rendimiento y la visibilidad.<\/p>\n<div class=\"content__img-wrap\"><img src=\"https:\/\/sitechecker.pro\/wp-content\/uploads\/2024\/08\/issues-overview-1.png\" alt=\"Descripci\u00f3n general de problemas\" class=\"description-img description-img-zoom\" loading=\"lazy\" ><\/div>\n<h2 id=\"par6\">Observaciones finales<\/h2>\n<p>En resumen, Website Meta Title Checker es crucial en el competitivo panorama digital moderno. Sus funciones se extienden m\u00e1s all\u00e1 de simplemente verificar la presencia y la calidad de las metaetiquetas de t\u00edtulo. Como herramienta esencial para la salud del SEO de su sitio web, detecta problemas potenciales y proporciona informaci\u00f3n \u00fatil para mejorar la clasificaci\u00f3n de su sitio web en los motores de b\u00fasqueda, la tasa de clics y la experiencia del usuario.<\/p>\n<div id=\"par7\"><\/div>\n<p><div class=\"front__faq-block\"><div class=\"faq__block-title\">Preguntas frecuentes<\/div><div class=\"panel-group\" id=\"faq-accordion\" itemscope itemtype=\"https:\/\/schema.org\/FAQPage\" role=\"tablist\" aria-multiselectable=\"true\"><div class=\"panel\" itemscope itemtype=\"https:\/\/schema.org\/Question\" itemprop=\"mainEntity\">\n                            <div class=\"panel-heading\" id=\"headingFaq-1\">\n                                <div class=\"panel-title\" data-toggle=\"collapse\" aria-expanded=\"false\" href=\"#collapseFaq-1\">\n                                    <h3 itemprop=\"name\">\u00bfC\u00f3mo encuentro una etiqueta de t\u00edtulo?<\/h3>\n                                <\/div>\n                            <\/div>\n                            <div id=\"collapseFaq-1\" class=\"panel-collapse collapse\" itemprop=\"acceptedAnswer\" itemscope itemtype=\"http:\/\/schema.org\/Answer\">\n                                <div class=\"panel-body\" itemprop=\"text\">Para utilizar la herramienta de verificaci\u00f3n de t\u00edtulos SEO, simplemente elija escanear una p\u00e1gina espec\u00edfica o un dominio completo; inserte su URL en el campo provisto. La herramienta analizar\u00e1 a fondo la etiqueta de t\u00edtulo meta de la URL seleccionada, proporcion\u00e1ndole un informe detallado que incluye cualquier problema identificado e informaci\u00f3n relevante.<\/div>\n                            <\/div>\n                        <\/div><div class=\"panel\" itemscope itemtype=\"https:\/\/schema.org\/Question\" itemprop=\"mainEntity\">\n                            <div class=\"panel-heading\" id=\"headingFaq-2\">\n                                <div class=\"panel-title\" data-toggle=\"collapse\" aria-expanded=\"false\" href=\"#collapseFaq-2\">\n                                    <h3 itemprop=\"name\">\u00bfCu\u00e1ntos caracteres (p\u00edxeles) tiene una etiqueta de t\u00edtulo?<\/h3>\n                                <\/div>\n                            <\/div>\n                            <div id=\"collapseFaq-2\" class=\"panel-collapse collapse\" itemprop=\"acceptedAnswer\" itemscope itemtype=\"http:\/\/schema.org\/Answer\">\n                                <div class=\"panel-body\" itemprop=\"text\">Seg\u00fan las pr\u00e1cticas est\u00e1ndar de SEO, generalmente se recomienda que una etiqueta de t\u00edtulo tenga entre 50 y 60 caracteres o aproximadamente 600 p\u00edxeles de longitud. Esto se puede verificar f\u00e1cilmente utilizando nuestro verificador de longitud de t\u00edtulo SEO.<\/div>\n                            <\/div>\n                        <\/div><div class=\"panel\" itemscope itemtype=\"https:\/\/schema.org\/Question\" itemprop=\"mainEntity\">\n                            <div class=\"panel-heading\" id=\"headingFaq-3\">\n                                <div class=\"panel-title\" data-toggle=\"collapse\" aria-expanded=\"false\" href=\"#collapseFaq-3\">\n                                    <h3 itemprop=\"name\">\u00bfPara qu\u00e9 sirve una prueba de t\u00edtulo meta?<\/h3>\n                                <\/div>\n                            <\/div>\n                            <div id=\"collapseFaq-3\" class=\"panel-collapse collapse\" itemprop=\"acceptedAnswer\" itemscope itemtype=\"http:\/\/schema.org\/Answer\">\n                                <div class=\"panel-body\" itemprop=\"text\">El verificador de sitios analiza la presencia de metaetiquetas, su n\u00famero, contenido y longitud en todo su sitio web. Desempe\u00f1a un papel crucial en la mejora de la salud SEO de su sitio web al verificar palabras clave relevantes, confirmar que el t\u00edtulo cumple con la longitud de caracteres recomendada e identificar cualquier problema relacionado con las etiquetas de encabezado. El objetivo final es mejorar la clasificaci\u00f3n de su sitio web en los motores de b\u00fasqueda, aumentar la tasa de clics y mejorar la experiencia general del usuario.<\/div>\n                            <\/div>\n                        <\/div><div class=\"panel\" itemscope itemtype=\"https:\/\/schema.org\/Question\" itemprop=\"mainEntity\">\n                            <div class=\"panel-heading\" id=\"headingFaq-4\">\n                                <div class=\"panel-title\" data-toggle=\"collapse\" aria-expanded=\"false\" href=\"#collapseFaq-4\">\n                                    <h3 itemprop=\"name\">\u00bfLa herramienta realiza un seguimiento de los cambios en mis metaetiquetas?<\/h3>\n                                <\/div>\n                            <\/div>\n                            <div id=\"collapseFaq-4\" class=\"panel-collapse collapse\" itemprop=\"acceptedAnswer\" itemscope itemtype=\"http:\/\/schema.org\/Answer\">\n                                <div class=\"panel-body\" itemprop=\"text\">Por supuesto, el verificador de etiquetas de t\u00edtulo est\u00e1 dise\u00f1ado para monitorear cualquier modificaci\u00f3n realizada en las metaetiquetas de sus p\u00e1ginas web. Esta funci\u00f3n de seguimiento de cambios garantiza que se mantenga actualizado con la naturaleza din\u00e1mica del contenido de su sitio web y su impacto en el rendimiento SEO.<\/div>\n                            <\/div>\n                        <\/div><div class=\"panel\" itemscope itemtype=\"https:\/\/schema.org\/Question\" itemprop=\"mainEntity\">\n                            <div class=\"panel-heading\" id=\"headingFaq-5\">\n                                <div class=\"panel-title\" data-toggle=\"collapse\" aria-expanded=\"false\" href=\"#collapseFaq-5\">\n                                    <h3 itemprop=\"name\">\u00bfCon qu\u00e9 otras herramientas SEO se integra el verificador de t\u00edtulos?<\/h3>\n                                <\/div>\n                            <\/div>\n                            <div id=\"collapseFaq-5\" class=\"panel-collapse collapse\" itemprop=\"acceptedAnswer\" itemscope itemtype=\"http:\/\/schema.org\/Answer\">\n                                <div class=\"panel-body\" itemprop=\"text\">Nuestra herramienta forma parte de un conjunto m\u00e1s amplio de herramientas de SEO de Sitechecker. Estas herramientas ofrecen una amplia gama de funciones, que incluyen una auditor\u00eda detallada del sitio web, seguimiento de la clasificaci\u00f3n, monitoreo de v\u00ednculos de retroceso y m\u00e1s. Este amplio conjunto de funciones proporciona una soluci\u00f3n integral para sus necesidades de SEO.<\/div>\n                            <\/div>\n                        <\/div><\/div><\/div><\/p>","protected":false},"excerpt":{"rendered":"\u00bfQu\u00e9 es Meta Title Tag Checker? El Website Title Checker de Sitechecker es una herramienta dise\u00f1ada para evaluar la eficacia SEO de las meta titletags en las p\u00e1ginas web. Analiza los t\u00edtulos en cuanto a longitud, relevancia y optimizaci\u00f3n de palabras clave, identifica problemas y sugiere mejoras para mejorar la visibilidad en los motores de&#8230;","protected":false},"author":10409641,"featured_media":3432,"parent":0,"menu_order":0,"comment_status":"closed","ping_status":"closed","template":"pages-templates\/pages-minitools-3.php","meta":[],"categories":[70],"tags":[],"_links":{"self":[{"href":"https:\/\/sitechecker.pro\/es\/wp-json\/wp\/v2\/pages\/543"}],"collection":[{"href":"https:\/\/sitechecker.pro\/es\/wp-json\/wp\/v2\/pages"}],"about":[{"href":"https:\/\/sitechecker.pro\/es\/wp-json\/wp\/v2\/types\/page"}],"author":[{"embeddable":true,"href":"https:\/\/sitechecker.pro\/es\/wp-json\/wp\/v2\/users\/10409641"}],"replies":[{"embeddable":true,"href":"https:\/\/sitechecker.pro\/es\/wp-json\/wp\/v2\/comments?post=543"}],"version-history":[{"count":134,"href":"https:\/\/sitechecker.pro\/es\/wp-json\/wp\/v2\/pages\/543\/revisions"}],"predecessor-version":[{"id":39279,"href":"https:\/\/sitechecker.pro\/es\/wp-json\/wp\/v2\/pages\/543\/revisions\/39279"}],"wp:featuredmedia":[{"embeddable":true,"href":"https:\/\/sitechecker.pro\/es\/wp-json\/wp\/v2\/media\/3432"}],"wp:attachment":[{"href":"https:\/\/sitechecker.pro\/es\/wp-json\/wp\/v2\/media?parent=543"}],"wp:term":[{"taxonomy":"category","embeddable":true,"href":"https:\/\/sitechecker.pro\/es\/wp-json\/wp\/v2\/categories?post=543"},{"taxonomy":"post_tag","embeddable":true,"href":"https:\/\/sitechecker.pro\/es\/wp-json\/wp\/v2\/tags?post=543"}],"curies":[{"name":"wp","href":"https:\/\/api.w.org\/{rel}","templated":true}]}}