{"id":5313,"date":"2019-02-08T12:18:57","date_gmt":"2019-02-08T12:18:57","guid":{"rendered":"https:\/\/sitechecker.pro\/?page_id=5313"},"modified":"2025-02-27T15:18:49","modified_gmt":"2025-02-27T15:18:49","slug":"redirect-checker","status":"publish","type":"page","link":"https:\/\/sitechecker.pro\/es\/redirect-checker\/","title":{"rendered":"Comprobador de redirecci\u00f3n | Prueba de redirecci\u00f3n para URL o todo el sitio web \u2611"},"content":{"rendered":"<p><\/p>\n<h2 id=\"par1\">\u00bfQu\u00e9 es el verificador de redireccionamiento?<\/h2>\n<p>El verificador de redireccionamiento de URL es una herramienta que se utiliza para identificar y analizar la ruta completa a la que conduce una URL redirigida. Examina los c\u00f3digos de estado HTTP, como 301 o 302, para determinar el tipo de redirecci\u00f3n (permanente o temporal) y ayuda a identificar las <a href=\"https:\/\/sitechecker.pro\/what-are-3xx-status-codes\/\" target=\"_blank\" rel=\"noopener noreferrer\">cadenas 3xx<\/a> de redireccionamiento.<\/p>\n<p>La herramienta permite analizar todas las URL de un sitio web o URL independientes.<\/p>\n<h3>El verificador de cadenas de redireccionamiento puede ayudarle de muchas maneras:<\/h3>\n<ul>\n<li><strong>Garantizar una redirecci\u00f3n adecuada. <\/strong>Algunos, como el 301 o el 302, indican un cambio de URL en una p\u00e1gina web. Esta herramienta comprueba los c\u00f3digos de estado e identifica el tipo exacto de redireccionamiento, lo que garantiza que las URL antiguas conduzcan correctamente a las nuevas para retener el tr\u00e1fico.<\/li>\n<li><strong>Detecci\u00f3n y resoluci\u00f3n de problemas de redireccionamiento.<\/strong>Puede utilizar esta herramienta para diagnosticar y solucionar problemas como bucles de cambio de ruta o cadenas demasiado largas, que pueden afectar negativamente tanto a la experiencia del usuario como al SEO.<\/li>\n<li><strong>An\u00e1lisis de enlaces de terceros.<\/strong>Si est\u00e1 enlazando a un sitio externo, puede utilizar esta herramienta para ver a d\u00f3nde conduce realmente esa URL. A veces, una URL puede pasar por varias redirecciones antes de llegar a la p\u00e1gina final, y esa p\u00e1gina puede ser diferente de lo que esperaba.<\/li>\n<li><strong>Prevenci\u00f3n de riesgos de seguridad.<\/strong>Puede utilizar esta herramienta para asegurarse de que su sitio web no cambie de ruta a sitios maliciosos, lo que puede suceder si su sitio es pirateado.<\/li>\n<li><strong>Redirecci\u00f3n de HTTP a HTTPS.<\/strong>Puede confirmar que todo el tr\u00e1fico HTTP se est\u00e1 redirigiendo correctamente a HTTPS. Esto es esencial para proteger los datos de los usuarios y generar confianza en ellos.<\/li>\n<li><strong>An\u00e1lisis de redireccionamiento integral. <\/strong>Esta herramienta puede auditar por completo todos los enlaces internos y externos de su sitio web. Al escanear cada enlace, garantiza que todos los redireccionamientos funcionen de manera correcta y eficiente, lo que ayuda a optimizar el rendimiento general del sitio.<\/li>\n<\/ul>\n<h3>Caracter\u00edsticas clave del verificador de redireccionamiento de URL:<\/h3>\n<ol>\n<li><strong>Panel de control unificado. <\/strong>Esta funci\u00f3n proporciona una ubicaci\u00f3n central donde puede monitorear todos los datos e informaci\u00f3n importantes sobre los redireccionamientos de su sitio web. Puede incluir informaci\u00f3n detallada sobre sus redireccionamientos, informes de errores, visualizaciones de datos, etc. Un panel de control unificado es esencial para una administraci\u00f3n eficiente y sencilla.<\/li>\n<li><strong>Interfaz f\u00e1cil de usar. <\/strong>Esto garantiza que la herramienta sea f\u00e1cil de usar, incluso para personas sin conocimientos t\u00e9cnicos. Esto puede implicar una navegaci\u00f3n intuitiva, un etiquetado claro, informaci\u00f3n \u00fatil sobre herramientas y m\u00e1s. Una interfaz f\u00e1cil de usar le permite encontrar y usar las funciones que necesita con mayor facilidad.<\/li>\n<li><strong>Presenta la ruta de redireccionamiento completa,<\/strong> lo que ilustra el recorrido completo de un usuario o un robot de motor de b\u00fasqueda. Adem\u00e1s, identificar el tipo de reubicaci\u00f3n, ya sea HTTP, JavaScript o Meta Refresh, tambi\u00e9n es vital debido a sus diferentes impactos. Adem\u00e1s, la inclusi\u00f3n de informaci\u00f3n de IP del servidor puede ayudar a identificar y resolver problemas a nivel de servidor.<\/li>\n<li><strong>Conjunto completo de herramientas de SEO. <\/strong>Adem\u00e1s de verificar las redirecciones, un conjunto completo de herramientas de SEO puede incluir funciones para investigaci\u00f3n de palabras clave, an\u00e1lisis de backlinks, <a href=\"https:\/\/sitechecker.pro\/on-page-seo-checker\/\" target=\"_blank\" rel=\"noopener noreferrer\">an\u00e1lisis de SEO en la p\u00e1gina<\/a>, <a href=\"https:\/\/sitechecker.pro\/rank-tracker\/\" target=\"_blank\" rel=\"noopener noreferrer\">seguimiento de ranking<\/a>, <a href=\"https:\/\/sitechecker.pro\/\" target=\"_blank\" rel=\"noopener noreferrer\">auditor\u00edas de sitios<\/a> y m\u00e1s. Estas funciones pueden ayudar a mejorar la visibilidad de su sitio en los resultados de los motores de b\u00fasqueda, lo que genera m\u00e1s <a href=\"https:\/\/sitechecker.pro\/what-is-organic-traffic\/\" target=\"_blank\" rel=\"noopener noreferrer\">tr\u00e1fico org\u00e1nico<\/a> a su sitio.<\/li>\n<\/ol>\n<h2 id=\"par2\">C\u00f3mo usar el verificador de redireccionamiento<\/h2>\n<p>El verificador de redireccionamiento 301 brinda la capacidad de examinar tanto URL espec\u00edficas como el sitio web completo en busca de cambios de ruta y redireccionamientos. El an\u00e1lisis solo demorar\u00e1 unos segundos en completarse. Una vez que haya terminado, tendr\u00e1 la oportunidad de ver y rastrear cualquier problema detectado, lo que ofrece una vista integral tanto de las URL individuales como del sitio en general.<\/p>\n<div class=\"content__img-wrap\"><img src=\"https:\/\/sitechecker.pro\/wp-content\/uploads\/2024\/08\/Selector-General-min.png\" alt=\"URL Redirect Checker Domain\" class=\"description-img description-img-zoom\" loading=\"lazy\" ><\/div>\n<h2 id=\"par3\">Verificaci\u00f3n de dominio<\/h2>\n<h3>Paso 1: Inserta tu dominio en la barra de b\u00fasqueda<\/h3>\n<p>Para verificar un dominio, presiona el bot\u00f3n \u201cverificar dominio\u201d, ingresa el nombre del dominio y presiona el bot\u00f3n \u201cVerificar redirecci\u00f3n\u201d:<\/p>\n<div class=\"content__img-wrap\"><img src=\"https:\/\/sitechecker.pro\/wp-content\/uploads\/2024\/08\/2-Websire-redirect-Check-min.png\" alt=\"URL Redirect Checker\" class=\"description-img description-img-zoom\" loading=\"lazy\" ><\/div>\n<div class=\"important-block\">Comienza tu prueba GRATUITA para obtener resultados y acceder a las funciones de Sitechecker durante 14 d\u00edas. Reg\u00edstrate f\u00e1cilmente usando tu correo electr\u00f3nico, cuenta de Google o Facebook. No se requiere tarjeta de cr\u00e9dito.<\/div>\n<h3>Paso 2: Interpretaci\u00f3n de los resultados del verificador de redireccionamiento de dominio<\/h3>\n<p>El an\u00e1lisis que realice generar\u00e1 una auditor\u00eda del sitio para el dominio que ingrese, que revelar\u00e1 varios problemas, como 301, HTTPS a HTTP, cambios de ruta 302, etc.<\/p>\n<div class=\"content__img-wrap\"><img src=\"https:\/\/sitechecker.pro\/wp-content\/uploads\/2023\/08\/site-audit-redirects.png\" alt=\"Redirecciones de auditor\u00eda del sitio\" class=\"description-img description-img-zoom\" loading=\"lazy\" ><\/div>\n<p>Simplemente haga clic en &#8220;La p\u00e1gina tiene enlaces internos a p\u00e1ginas 3xx&#8221; y podr\u00e1 ver la lista:<\/p>\n<div class=\"content__img-wrap\"><img src=\"https:\/\/sitechecker.pro\/wp-content\/uploads\/2023\/08\/internal-3xx-links.png\" alt=\"Enlaces internos 3xx\" class=\"description-img description-img-zoom\" loading=\"lazy\" ><\/div>\n<p>Despu\u00e9s de eso, haga clic en el bot\u00f3n &#8220;Ver enlaces internos&#8221; para abrir una lista de p\u00e1ginas del sitio con c\u00f3digos de estado:<\/p>\n<div class=\"content__img-wrap\"><img src=\"https:\/\/sitechecker.pro\/wp-content\/uploads\/2023\/08\/internal-links-status-code.png\" alt=\"C\u00f3digo de estado de enlaces internos\" class=\"description-img description-img-zoom\" loading=\"lazy\" ><\/div>\n<h3>Funciones adicionales del verificador de redireccionamiento de sitios web<\/h3>\n<p>Despu\u00e9s de verificar el dominio, recibir\u00e1 un informe completo de auditor\u00eda del sitio web que lo ayudar\u00e1 a identificar diferentes tipos de problemas. El informe tambi\u00e9n proporcionar\u00e1 instrucciones sobre c\u00f3mo solucionar los problemas identificados. Adem\u00e1s, puede observar los problemas por tipo o categor\u00eda, lo que le permite identificar y resolver r\u00e1pidamente los problemas m\u00e1s importantes para el \u00e9xito de su sitio web.<\/p>\n<div class=\"content__img-wrap\"><img src=\"https:\/\/sitechecker.pro\/wp-content\/uploads\/2023\/08\/issues-list.png\" alt=\"Lista de problemas\" class=\"description-img description-img-zoom\" loading=\"lazy\" ><\/div>\n<p>Un verificador avanzado de bucles de redireccionamiento viene con un conjunto de funciones adicionales que facilitan una auditor\u00eda integral de las redirecciones de su sitio web.<\/p>\n<p>Cuando selecciona la opci\u00f3n &#8220;Ver todas las p\u00e1ginas afectadas&#8221;:<\/p>\n<div class=\"content__img-wrap\"><img src=\"https:\/\/sitechecker.pro\/wp-content\/uploads\/2023\/08\/all-affected-pages.png\" alt=\"Todas las p\u00e1ginas afectadas\" class=\"description-img description-img-zoom\" loading=\"lazy\" ><\/div>\n<p>La herramienta presenta una lista detallada de todas las URL del sitio web junto con los problemas asociados.<\/p>\n<div class=\"content__img-wrap\"><img src=\"https:\/\/sitechecker.pro\/wp-content\/uploads\/2023\/08\/all-html-pages_64d265269e204.png\" alt=\"Todas las p\u00e1ginas HTML\" class=\"description-img description-img-zoom\" loading=\"lazy\" ><\/div>\n<p>Puede detectar toda la informaci\u00f3n sobre enlaces (internos y externos), relevancia del contenido, velocidad de la p\u00e1gina, indexabilidad, redirecciones, tr\u00e1fico de b\u00fasqueda, etc.<\/p>\n<p>Los problemas tambi\u00e9n se clasifican en tipos como Cr\u00edticos, Advertencias, Oportunidades y Avisos. Esta clasificaci\u00f3n lo ayuda a identificar r\u00e1pidamente la gravedad de cada problema y asignar sus recursos de manera eficaz. Los problemas cr\u00edticos pueden ser problemas de redireccionamiento urgentes que necesitan una soluci\u00f3n inmediata, mientras que las oportunidades pueden ser \u00e1reas en las que se podr\u00eda mejorar su estrategia de redireccionamiento.<\/p>\n<div class=\"content__img-wrap\"><img src=\"https:\/\/sitechecker.pro\/wp-content\/uploads\/2023\/08\/all-html-pages-issue-type.png\" alt=\"Tipo de problema de todas las p\u00e1ginas HTML\" class=\"description-img description-img-zoom\" loading=\"lazy\" ><\/div>\n<p>Esta descripci\u00f3n general estructurada y la clasificaci\u00f3n de problemas le permiten centrarse m\u00e1s f\u00e1cilmente en resolver los problemas que tienen el mayor impacto en el rendimiento de su sitio web.<\/p>\n<p>Tiene la capacidad de ajustar su interacci\u00f3n con las URL aplicando filtros o integrando datos adicionales para p\u00e1ginas individuales para ayudar en su proceso de trabajo.<\/p>\n<div class=\"content__img-wrap\"><img src=\"https:\/\/sitechecker.pro\/wp-content\/uploads\/2023\/08\/all-html-pages-manage-columns.png\" alt=\"Administrar columnas de todas las p\u00e1ginas HTML\" class=\"description-img description-img-zoom\" loading=\"lazy\" ><\/div>\n<p>Adem\u00e1s, la herramienta le brinda la flexibilidad de capturar y transferir los resultados del rastreador descarg\u00e1ndolos en formatos PDF o CSV, transfiri\u00e9ndolos a Google Sheets o copi\u00e1ndolos sin esfuerzo seg\u00fan sus necesidades.<\/p>\n<div class=\"content__img-wrap\"><img src=\"https:\/\/sitechecker.pro\/wp-content\/uploads\/2023\/08\/export-data.png\" alt=\"Exportar datos\" class=\"description-img description-img-zoom\" loading=\"lazy\" ><\/div>\n<p>La capacidad de descargar y exportar los resultados del rastreador en varios formatos resulta ventajosa para los aut\u00f3nomos y los administradores de SEO, ya que proporciona datos adaptables para su revisi\u00f3n y ajuste.<\/p>\n<p>Esta caracter\u00edstica ayuda a la creaci\u00f3n de informes detallados para clientes o actores clave, lo que mejora la transparencia de los descubrimientos y los planes futuros.<\/p>\n<h2 id=\"par4\">Verificaci\u00f3n de p\u00e1gina<\/h2>\n<h3>Paso 1: Inserte su URL e inicie &#8220;Verificar redirecci\u00f3n&#8221;<\/h3>\n<p>Para seleccionar una p\u00e1gina para inspecci\u00f3n, haga clic en el bot\u00f3n correspondiente en el selector y comience la auditor\u00eda.<\/p>\n<div class=\"content__img-wrap\"><img src=\"https:\/\/sitechecker.pro\/wp-content\/uploads\/2024\/08\/2-Check-Page-Redirect-min.png\" alt=\"P\u00e1gina del verificador de redirecci\u00f3n de URL\" class=\"description-img description-img-zoom\" loading=\"lazy\" ><\/div>\n<h3>Paso 2: Interpretaci\u00f3n de los resultados del verificador de p\u00e1ginas<\/h3>\n<p>La herramienta proporciona informaci\u00f3n inmediata sobre el c\u00f3digo de estado HTTP de una p\u00e1gina espec\u00edfica, confirmando su recuperaci\u00f3n exitosa con un estado de redirecci\u00f3n o un mensaje &#8220;200 OK&#8221;.<\/p>\n<div class=\"content__img-wrap\"><img src=\"https:\/\/sitechecker.pro\/wp-content\/uploads\/2024\/08\/Redirect-Page-Result.png\" alt=\"Detalles de la p\u00e1gina\" class=\"description-img description-img-zoom\" loading=\"lazy\" ><\/div>\n<p>Si el estado aparece como <a href=\"https:\/\/sitechecker.pro\/what-are-2xx-status-codes\/\" target=\"_blank\" rel=\"noopener noreferrer\">200<\/a> en lugar de un c\u00f3digo 3xx, es esencial inspeccionar los enlaces internos y externos. Esto garantiza que no haya conexiones no intencionales a redireccionamientos en otros sitios web o dentro de la estructura interna de su propio sitio.<\/p>\n<h3>Funciones adicionales de Redirect Checker en l\u00ednea<\/h3>\n<p>Redirect Checker ofrece un panel de control SEO para el an\u00e1lisis y la optimizaci\u00f3n de enlaces. Eval\u00faa los enlaces internos y externos, identifica problemas de SEO y sugiere mejoras de contenido para una mejor participaci\u00f3n del usuario y relevancia de b\u00fasqueda. La herramienta tambi\u00e9n optimiza el contenido visual y estructura los datos para una mejor interpretaci\u00f3n del motor de b\u00fasqueda.<\/p>\n<p>Con PageSpeed \u200b\u200bInsights, eval\u00faa el rendimiento del sitio web, algo crucial para la experiencia del usuario y la clasificaci\u00f3n.<\/p>\n<div class=\"content__img-wrap\"><img src=\"https:\/\/sitechecker.pro\/wp-content\/uploads\/2024\/08\/Issue-overview-min.png\" alt=\"Detalles de la p\u00e1gina\" class=\"description-img description-img-zoom\" loading=\"lazy\" ><\/div>\n<p>Esta suite ofrece en conjunto una auditor\u00eda SEO profunda con informaci\u00f3n \u00fatil para impulsar la presencia en las b\u00fasquedas.<\/p>\n<h2 id=\"par5\">Extensi\u00f3n de Chrome de Sitechecker para detectar redireccionamientos<\/h2>\n<p>La <a href=\"https:\/\/chrome.google.com\/webstore\/detail\/website-seo-checker-free\/nljcdkjpjnhlilgepggmmagnmebhadnk\" target=\"_blank\" rel=\"nofollow noopener noreferrer\">extensi\u00f3n de Chrome de Sitechecker<\/a> ofrece una funci\u00f3n dise\u00f1ada espec\u00edficamente para detectar enlaces de redireccionamiento directamente en su navegador. Al habilitar esta funci\u00f3n, puede analizar r\u00e1pidamente cualquier p\u00e1gina web, centr\u00e1ndose en el estado de los enlaces y, especialmente, identificando enlaces con c\u00f3digos de estado <a href=\"https:\/\/sitechecker.pro\/301-redirect\/\" target=\"_blank\" rel=\"noopener noreferrer\">301 (Movido permanentemente)<\/a> y 302 (Encontrado).<\/p>\n<p>Esta funci\u00f3n es excelente para detectar y corregir redirecciones <a href=\"https:\/\/sitechecker.pro\/broken-links\/\" target=\"_blank\" rel=\"noopener noreferrer\">rotas<\/a> o no v\u00e1lidas en su sitio web. Una vez activada en su navegador Chrome, puede escanear f\u00e1cilmente cualquier p\u00e1gina web y evaluar todos los enlaces para comprobar su estado y validez.<\/p>\n<div class=\"content__img-wrap\"><img src=\"https:\/\/sitechecker.pro\/wp-content\/uploads\/2023\/08\/sitechecker-extension.png\" alt=\"Extensi\u00f3n de Sitechecker\" class=\"description-img description-img-zoom\" loading=\"lazy\" ><\/div>\n<p>Esto puede resultar incre\u00edblemente beneficioso para mantener una experiencia de usuario \u00f3ptima y pr\u00e1cticas de SEO efectivas, ya que le permite identificar y resolver r\u00e1pidamente problemas que podr\u00edan afectar el rendimiento o la clasificaci\u00f3n de su sitio.<\/p>\n<h2 id=\"par6\">Idea final<\/h2>\n<p>El Comprobador de redireccionamiento de dominio es una herramienta crucial para desarrolladores web y expertos en SEO, que permite examinar la redireccionamiento de URL, incluidos los c\u00f3digos de estado 301 y 302. Ayuda a garantizar un cambio de ruta adecuado, diagnosticar problemas, comprobar enlaces de terceros y mantener la seguridad. Las caracter\u00edsticas clave incluyen un panel unificado, una interfaz f\u00e1cil de usar, un conjunto completo de herramientas de SEO y la capacidad de realizar auditor\u00edas detalladas.<\/p>\n<p>Las funciones adicionales, como la extensi\u00f3n de Chrome Sitechecker, ofrecen una detecci\u00f3n y rectificaci\u00f3n mejoradas de enlaces de redireccionamiento.<\/p>\n<div id=\"par7\"><\/div>\n<p><div class=\"front__faq-block\"><div class=\"faq__block-title\">Preguntas frecuentes<\/div><div class=\"panel-group\" id=\"faq-accordion\" itemscope itemtype=\"https:\/\/schema.org\/FAQPage\" role=\"tablist\" aria-multiselectable=\"true\"><div class=\"panel\" itemscope itemtype=\"https:\/\/schema.org\/Question\" itemprop=\"mainEntity\">\n                            <div class=\"panel-heading\" id=\"headingFaq-1\">\n                                <div class=\"panel-title\" data-toggle=\"collapse\" aria-expanded=\"false\" href=\"#collapseFaq-1\">\n                                    <h3 itemprop=\"name\">\u00bfC\u00f3mo ayuda el verificador de redireccionamiento HTTPS con el redireccionamiento HTTPS?<\/h3>\n                                <\/div>\n                            <\/div>\n                            <div id=\"collapseFaq-1\" class=\"panel-collapse collapse\" itemprop=\"acceptedAnswer\" itemscope itemtype=\"http:\/\/schema.org\/Answer\">\n                                <div class=\"panel-body\" itemprop=\"text\">La herramienta puede confirmar que todo el tr\u00e1fico HTTP se redirige correctamente a HTTPS, lo que es vital para proteger los datos del usuario y generar confianza.<\/div>\n                            <\/div>\n                        <\/div><div class=\"panel\" itemscope itemtype=\"https:\/\/schema.org\/Question\" itemprop=\"mainEntity\">\n                            <div class=\"panel-heading\" id=\"headingFaq-2\">\n                                <div class=\"panel-title\" data-toggle=\"collapse\" aria-expanded=\"false\" href=\"#collapseFaq-2\">\n                                    <h3 itemprop=\"name\">\u00bfQu\u00e9 tipos de redireccionamientos puede identificar el verificador de redireccionamiento de URL?<\/h3>\n                                <\/div>\n                            <\/div>\n                            <div id=\"collapseFaq-2\" class=\"panel-collapse collapse\" itemprop=\"acceptedAnswer\" itemscope itemtype=\"http:\/\/schema.org\/Answer\">\n                                <div class=\"panel-body\" itemprop=\"text\">La herramienta puede identificar varias redirecciones, incluidas HTTP, JavaScript, Meta Refresh y c\u00f3digos de estado como 301 (Movido permanentemente), 302 (Encontrado), 307 (Redireccionamiento temporal), etc.<\/div>\n                            <\/div>\n                        <\/div><div class=\"panel\" itemscope itemtype=\"https:\/\/schema.org\/Question\" itemprop=\"mainEntity\">\n                            <div class=\"panel-heading\" id=\"headingFaq-3\">\n                                <div class=\"panel-title\" data-toggle=\"collapse\" aria-expanded=\"false\" href=\"#collapseFaq-3\">\n                                    <h3 itemprop=\"name\">\u00bfC\u00f3mo comprobar la redirecci\u00f3n de un sitio web?<\/h3>\n                                <\/div>\n                            <\/div>\n                            <div id=\"collapseFaq-3\" class=\"panel-collapse collapse\" itemprop=\"acceptedAnswer\" itemscope itemtype=\"http:\/\/schema.org\/Answer\">\n                                <div class=\"panel-body\" itemprop=\"text\">Para comprobar si un sitio web tiene redirecciones 301-302, puede utilizar un Comprobador de redireccionamiento de sitios web. Simplemente introduzca la URL que desea comprobar en la herramienta y esta seguir\u00e1 la ruta de las redirecciones, mostrando informaci\u00f3n como el tipo de redireccionamiento, los c\u00f3digos de estado y el destino final de la URL. Algunas herramientas tambi\u00e9n ofrecen extensiones de navegador para realizar un an\u00e1lisis r\u00e1pido directamente desde su navegador.<\/div>\n                            <\/div>\n                        <\/div><\/div><\/div><\/p>","protected":false},"excerpt":{"rendered":"\u00bfQu\u00e9 es el verificador de redireccionamiento? El verificador de redireccionamiento de URL es una herramienta que se utiliza para identificar y analizar la ruta completa a la que conduce una URL redirigida. Examina los c\u00f3digos de estado HTTP, como 301 o 302, para determinar el tipo de redirecci\u00f3n (permanente o temporal) y ayuda a identificar&#8230;","protected":false},"author":10504980,"featured_media":5325,"parent":0,"menu_order":0,"comment_status":"closed","ping_status":"closed","template":"pages-templates\/pages-minitools-3.php","meta":[],"categories":[72],"tags":[],"_links":{"self":[{"href":"https:\/\/sitechecker.pro\/es\/wp-json\/wp\/v2\/pages\/5313"}],"collection":[{"href":"https:\/\/sitechecker.pro\/es\/wp-json\/wp\/v2\/pages"}],"about":[{"href":"https:\/\/sitechecker.pro\/es\/wp-json\/wp\/v2\/types\/page"}],"author":[{"embeddable":true,"href":"https:\/\/sitechecker.pro\/es\/wp-json\/wp\/v2\/users\/10504980"}],"replies":[{"embeddable":true,"href":"https:\/\/sitechecker.pro\/es\/wp-json\/wp\/v2\/comments?post=5313"}],"version-history":[{"count":75,"href":"https:\/\/sitechecker.pro\/es\/wp-json\/wp\/v2\/pages\/5313\/revisions"}],"predecessor-version":[{"id":35765,"href":"https:\/\/sitechecker.pro\/es\/wp-json\/wp\/v2\/pages\/5313\/revisions\/35765"}],"wp:featuredmedia":[{"embeddable":true,"href":"https:\/\/sitechecker.pro\/es\/wp-json\/wp\/v2\/media\/5325"}],"wp:attachment":[{"href":"https:\/\/sitechecker.pro\/es\/wp-json\/wp\/v2\/media?parent=5313"}],"wp:term":[{"taxonomy":"category","embeddable":true,"href":"https:\/\/sitechecker.pro\/es\/wp-json\/wp\/v2\/categories?post=5313"},{"taxonomy":"post_tag","embeddable":true,"href":"https:\/\/sitechecker.pro\/es\/wp-json\/wp\/v2\/tags?post=5313"}],"curies":[{"name":"wp","href":"https:\/\/api.w.org\/{rel}","templated":true}]}}