{"id":5229,"date":"2019-02-05T11:44:32","date_gmt":"2019-02-05T11:44:32","guid":{"rendered":"https:\/\/sitechecker.pro\/?page_id=5229"},"modified":"2025-03-18T08:22:43","modified_gmt":"2025-03-18T08:22:43","slug":"what-is-cms","status":"publish","type":"page","link":"https:\/\/sitechecker.pro\/es\/what-is-cms\/","title":{"rendered":"Detector de CMS [Verificaci\u00f3n GRATUITA] \u00bfQu\u00e9 CMS usa un sitio web?"},"content":{"rendered":"<p><\/p>\n<h2 id=\"par1\">\u00bfQu\u00e9 es la herramienta de detecci\u00f3n de CMS para sitios web?<\/h2>\n<p>El detector CMS identifica los <a href=\"https:\/\/sitechecker.pro\/cms-functions-and-definition\/\" target=\"_blank\" rel=\"noopener noreferrer\">sistemas de gesti\u00f3n de contenidos<\/a> que utiliza un sitio web. Simplemente puede ingresar el dominio del sitio y la herramienta detectar\u00e1 el CMS. Agiliza el proceso, ya que no necesita registros ni pagos complejos.<\/p>\n<h3>\u00bfC\u00f3mo puede ayudar la herramienta a su sitio web?<\/h3>\n<ul>\n<li><strong>Identificar el CMS del sitio: <\/strong>determinar qu\u00e9 sistema de gesti\u00f3n de contenido ejecuta un sitio web.<\/li>\n<li><strong>Analiza el sitio web en busca de problemas t\u00e9cnicos comunes <\/strong>como enlaces rotos, tiempos de carga lentos de la p\u00e1gina y contenido duplicado, que luego pueden solucionarse para mejorar el rendimiento general del sitio web y la experiencia del usuario.<\/li>\n<li><strong>Ofrece informaci\u00f3n sobre aspectos de SEO <\/strong>como metaetiquetas, calidad del contenido, compatibilidad con dispositivos m\u00f3viles y otros <a target=\"_blank\" rel=\"noopener noreferrer\">elementos en la p\u00e1gina<\/a> que afectan el ranking de b\u00fasqueda, ayudando a priorizar las estrategias de SEO.<\/li>\n<\/ul>\n<h3>Caracter\u00edsticas clave del detector CMS<\/h3>\n<p><strong>Panel unificado: <\/strong>un panel centralizado que muestra toda la informaci\u00f3n de auditor\u00eda t\u00e9cnica. Este panel simplifica el seguimiento y el an\u00e1lisis, proporcionando una vista completa en un solo lugar.<\/p>\n<p><strong>Interfaz f\u00e1cil de usar: <\/strong>dise\u00f1ada para ser intuitiva y f\u00e1cil de navegar, hace que la herramienta sea accesible incluso para aquellos sin habilidades t\u00e9cnicas avanzadas. Esto garantiza una experiencia de usuario fluida.<\/p>\n<p><strong>Conjunto completo de herramientas de SEO: <\/strong>la herramienta incluye funciones o integraciones con motores de b\u00fasqueda que ofrecen informaci\u00f3n y recomendaciones para SEO. Esto podr\u00eda incluir auditor\u00edas para problemas de SEO, sugerencias de mejoras y uso de otras herramientas de an\u00e1lisis para proporcionar una visi\u00f3n hol\u00edstica del estado de optimizaci\u00f3n del motor de b\u00fasqueda del sitio web.<\/p>\n<h2 id=\"par2\">\u00bfC\u00f3mo uso un detector de CMS para sitios web?<\/h2>\n<h3>Paso 1: Inserta tu dominio<\/h3>\n<p>\u00a1Comenzar a detectar CMS es simple y r\u00e1pido! Lo \u00fanico que tienes que hacer es introducir tu dominio a continuaci\u00f3n, y con solo un clic en el bot\u00f3n definir\u00e1s qu\u00e9 CMS representa esta web:<\/p>\n<div class=\"content__img-wrap\"><img src=\"https:\/\/sitechecker.pro\/wp-content\/uploads\/2023\/12\/cms-detector.png\" alt=\"Detector CMS\" class=\"description-img description-img-zoom\" loading=\"lazy\" ><\/div>\n<h3>Paso 2: resultados de la detecci\u00f3n del CMS<\/h3>\n<p>Acceda a informaci\u00f3n sobre el CMS utilizado en el recurso web.<\/p>\n<div class=\"content__img-wrap\"><img src=\"https:\/\/sitechecker.pro\/wp-content\/uploads\/2023\/12\/cms-checker-results.png\" alt=\"Resultados del Comprobador de CMS\" class=\"description-img description-img-zoom\" loading=\"lazy\" ><\/div>\n<h2 id=\"par3\">Funciones adicionales de la herramienta de b\u00fasqueda CMS<\/h2>\n<p>Al seleccionar el bot\u00f3n &#8220;Iniciar monitoreo&#8221; e iniciar su prueba gratuita, obtendr\u00e1 acceso completo al conjunto completo de herramientas para una inspecci\u00f3n t\u00e9cnica de su sitio web.<\/p>\n<p>La auditor\u00eda del sitio proporciona una descripci\u00f3n general del estado del sitio con secciones para &#8220;Cr\u00edticos&#8221;, &#8220;Advertencias&#8221; y &#8220;Oportunidades&#8221;, junto con una &#8220;Puntuaci\u00f3n del sitio web&#8221;. Una &#8216;Lista de problemas&#8217; detallada desglosa el contenido del sitio web en \u00e1reas espec\u00edficas como &#8216;Enlaces&#8217; y &#8216;Relevancia del contenido&#8217;, indicando la velocidad del sitio y la cantidad de problemas identificados para guiar los esfuerzos de optimizaci\u00f3n del sitio web.<\/p>\n<div class=\"content__img-wrap\"><img src=\"https:\/\/sitechecker.pro\/wp-content\/uploads\/2023\/12\/cms-checker-additional-features.png\" alt=\"Funciones adicionales de CMS Checker\" class=\"description-img description-img-zoom\" loading=\"lazy\" ><\/div>\n<h2 id=\"par4\">Conclusi\u00f3n<\/h2>\n<p>Free CMS Finder es una herramienta gratuita que identifica qu\u00e9 sistema de gesti\u00f3n de contenidos se encuentra en un sitio web, ofreciendo una interfaz f\u00e1cil de usar, un panel unificado para auditor\u00eda, toda la informaci\u00f3n relevante y un conjunto completo de herramientas de SEO. Ayuda a los propietarios de sitios y administradores de SEO a detectar con precisi\u00f3n el sistema de gesti\u00f3n de contenidos utilizado, identificar problemas t\u00e9cnicos y optimizar las estrategias de SEO. El uso es sencillo: ingrese un dominio para comenzar y acceder a informaci\u00f3n sobre el sistema CMS utilizado. La funci\u00f3n Auditor\u00eda del sitio proporciona descripciones generales del estado e informaci\u00f3n detallada con desgloses de problemas para mejorar el rendimiento del sitio.<\/p>\n<div id=\"par5\"><\/div>\n<p><div class=\"front__faq-block\"><div class=\"faq__block-title\">Preguntas frecuentes<\/div><div class=\"panel-group\" id=\"faq-accordion\" itemscope itemtype=\"https:\/\/schema.org\/FAQPage\" role=\"tablist\" aria-multiselectable=\"true\"><div class=\"panel\" itemscope itemtype=\"https:\/\/schema.org\/Question\" itemprop=\"mainEntity\">\n                            <div class=\"panel-heading\" id=\"headingFaq-1\">\n                                <div class=\"panel-title\" data-toggle=\"collapse\" aria-expanded=\"false\" href=\"#collapseFaq-1\">\n                                    <h3 itemprop=\"name\">\u00bfPuede el analizador CMS identificar todos los tipos de CMS populares?<\/h3>\n                                <\/div>\n                            <\/div>\n                            <div id=\"collapseFaq-1\" class=\"panel-collapse collapse\" itemprop=\"acceptedAnswer\" itemscope itemtype=\"http:\/\/schema.org\/Answer\">\n                                <div class=\"panel-body\" itemprop=\"text\">La herramienta est\u00e1 dise\u00f1ada para la detecci\u00f3n de CMS y funciona con una amplia gama de sistemas de gesti\u00f3n de contenidos populares. Cubre los CMS m\u00e1s populares (WordPress, Drupal, Jumla, Shopify, etc.). Sin embargo, puede haber algunos CMS menos conocidos o personalizados que un determinado sitio web est\u00e9 utilizando y que no pueda detectar.<\/div>\n                            <\/div>\n                        <\/div><div class=\"panel\" itemscope itemtype=\"https:\/\/schema.org\/Question\" itemprop=\"mainEntity\">\n                            <div class=\"panel-heading\" id=\"headingFaq-2\">\n                                <div class=\"panel-title\" data-toggle=\"collapse\" aria-expanded=\"false\" href=\"#collapseFaq-2\">\n                                    <h3 itemprop=\"name\">\u00bfExiste un l\u00edmite en la cantidad de p\u00e1ginas web de sitios o sitios web que puedo consultar con el CMS Detector?<\/h3>\n                                <\/div>\n                            <\/div>\n                            <div id=\"collapseFaq-2\" class=\"panel-collapse collapse\" itemprop=\"acceptedAnswer\" itemscope itemtype=\"http:\/\/schema.org\/Answer\">\n                                <div class=\"panel-body\" itemprop=\"text\">La herramienta puede tener l\u00edmites de uso, especialmente para pruebas gratuitas. Para un acceso ilimitado, puede que sea necesaria una suscripci\u00f3n.<\/div>\n                            <\/div>\n                        <\/div><div class=\"panel\" itemscope itemtype=\"https:\/\/schema.org\/Question\" itemprop=\"mainEntity\">\n                            <div class=\"panel-heading\" id=\"headingFaq-3\">\n                                <div class=\"panel-title\" data-toggle=\"collapse\" aria-expanded=\"false\" href=\"#collapseFaq-3\">\n                                    <h3 itemprop=\"name\">\u00bfSon procesables los conocimientos de SEO proporcionados por la herramienta CMS Detector?<\/h3>\n                                <\/div>\n                            <\/div>\n                            <div id=\"collapseFaq-3\" class=\"panel-collapse collapse\" itemprop=\"acceptedAnswer\" itemscope itemtype=\"http:\/\/schema.org\/Answer\">\n                                <div class=\"panel-body\" itemprop=\"text\">S\u00ed, los conocimientos de SEO est\u00e1n pensados para ser pr\u00e1cticos, con recomendaciones claras para mejorar la optimizaci\u00f3n del motor de b\u00fasqueda de su sitio.<\/div>\n                            <\/div>\n                        <\/div><\/div><\/div><\/p>","protected":false},"excerpt":{"rendered":"\u00bfQu\u00e9 es la herramienta de detecci\u00f3n de CMS para sitios web? El detector CMS identifica los sistemas de gesti\u00f3n de contenidos que utiliza un sitio web. Simplemente puede ingresar el dominio del sitio y la herramienta detectar\u00e1 el CMS. Agiliza el proceso, ya que no necesita registros ni pagos complejos. \u00bfC\u00f3mo puede ayudar la herramienta&#8230;","protected":false},"author":10409641,"featured_media":5438,"parent":0,"menu_order":0,"comment_status":"closed","ping_status":"closed","template":"pages-templates\/pages-minitools.php","meta":[],"categories":[73],"tags":[],"_links":{"self":[{"href":"https:\/\/sitechecker.pro\/es\/wp-json\/wp\/v2\/pages\/5229"}],"collection":[{"href":"https:\/\/sitechecker.pro\/es\/wp-json\/wp\/v2\/pages"}],"about":[{"href":"https:\/\/sitechecker.pro\/es\/wp-json\/wp\/v2\/types\/page"}],"author":[{"embeddable":true,"href":"https:\/\/sitechecker.pro\/es\/wp-json\/wp\/v2\/users\/10409641"}],"replies":[{"embeddable":true,"href":"https:\/\/sitechecker.pro\/es\/wp-json\/wp\/v2\/comments?post=5229"}],"version-history":[{"count":27,"href":"https:\/\/sitechecker.pro\/es\/wp-json\/wp\/v2\/pages\/5229\/revisions"}],"predecessor-version":[{"id":36025,"href":"https:\/\/sitechecker.pro\/es\/wp-json\/wp\/v2\/pages\/5229\/revisions\/36025"}],"wp:featuredmedia":[{"embeddable":true,"href":"https:\/\/sitechecker.pro\/es\/wp-json\/wp\/v2\/media\/5438"}],"wp:attachment":[{"href":"https:\/\/sitechecker.pro\/es\/wp-json\/wp\/v2\/media?parent=5229"}],"wp:term":[{"taxonomy":"category","embeddable":true,"href":"https:\/\/sitechecker.pro\/es\/wp-json\/wp\/v2\/categories?post=5229"},{"taxonomy":"post_tag","embeddable":true,"href":"https:\/\/sitechecker.pro\/es\/wp-json\/wp\/v2\/tags?post=5229"}],"curies":[{"name":"wp","href":"https:\/\/api.w.org\/{rel}","templated":true}]}}