{"id":4179,"date":"2020-07-21T09:42:03","date_gmt":"2020-07-21T07:42:03","guid":{"rendered":"https:\/\/sitechecker.pro\/?page_id=4179"},"modified":"2025-03-20T09:17:08","modified_gmt":"2025-03-20T09:17:08","slug":"google-cache","status":"publish","type":"page","link":"https:\/\/sitechecker.pro\/es\/google-cache\/","title":{"rendered":"Google Cache Checker: herramienta en l\u00ednea para verificar las p\u00e1ginas en cach\u00e9 del sitio web \u1408"},"content":{"rendered":"<p>Al volver a trabajar, mejorar o crear una estrategia de SEO, es fundamental tener en cuenta la <b>cach\u00e9 de Google<\/b>. Sin embargo, las razones de ello pueden no estar del todo claras. \u00bfC\u00f3mo puede influir exactamente el cach\u00e9 de Google en el SEO del sitio web? \u00bfC\u00f3mo funciona el almacenamiento en cach\u00e9 para el sitio web? \u00bfNecesitamos verificar el cach\u00e9 de un sitio web con regularidad, o debemos confiar solo en los algoritmos de los motores de b\u00fasqueda?<\/p>\n<p>Para responder a todas estas preguntas, primero, aclaremos el significado del cach\u00e9 de Google.<\/p>\n<p>El cach\u00e9 de Google es una <b>instant\u00e1nea de una p\u00e1gina web <\/b>de la que se realiza una copia de seguridad en los servidores. La informaci\u00f3n se guarda cuando los motores de b\u00fasqueda visitan un sitio para su indexaci\u00f3n. Estas instant\u00e1neas act\u00faan como copias de seguridad que se utilizan para hacer coincidir las consultas de los usuarios de Internet. Es m\u00e1s f\u00e1cil para los motores de b\u00fasqueda acceder a las copias en cach\u00e9 que a los sitios web.<\/p>\n<p>Los <a href=\"https:\/\/sitechecker.pro\/website-crawler\/\">rastreadores web<\/a> se utilizan para realizar <b>archivos web<\/b>. Cuando un rastreador visita su sitio, lo encuentra a trav\u00e9s de hiperv\u00ednculos. A continuaci\u00f3n, el rastreador copia el contenido. Cuando busca una palabra clave en Internet, obtiene enlaces que pueden dirigirlo a la versi\u00f3n original del sitio web.<br \/>\n<div class=\"content__img-wrap\"><img src=\"https:\/\/sitechecker.pro\/wp-content\/uploads\/2022\/01\/Google-Cache-Checker-1.jpg\" alt=\"Resultado de instant\u00e1nea de archivos de archivo web de Google\" class=\"description-img description-img-zoom\" loading=\"lazy\" ><\/div><\/p>\n<p>B\u00e1sicamente, todos los sitios almacenados en cach\u00e9 son<b> indexados y clasificados dentro de indexadores<\/b>. Pero la indexaci\u00f3n no ocurre autom\u00e1ticamente cuando la p\u00e1gina web o el sitio web se inician o est\u00e1n disponibles para los usuarios. El proceso toma alg\u00fan tiempo. Un espectador puede obtener informaci\u00f3n m\u00e1s antigua. Por lo tanto, debe acelerar la indexaci\u00f3n para que se pueda acceder f\u00e1cilmente al nuevo contenido en Internet.<\/p>\n<p>Incluso si la p\u00e1gina web ha estado en l\u00ednea por un tiempo y acaba de cambiar alguna informaci\u00f3n, todav\u00eda tiene que volver a indexarse. Por lo tanto, se crea una nueva copia. Los resultados de la b\u00fasqueda mostrar\u00e1n informaci\u00f3n actualizada. Si necesita eliminar una URL del cach\u00e9 web de Google, use Google Search Console. Si <a href=\"https:\/\/support.google.com\/webmasters\/answer\/9689846?hl=es\">sigue las instrucciones<\/a>, puedes enviar una solicitud.<\/p>\n<h2 id=\"ik_Guide\">Uso de Google Cache Checker: una gu\u00eda paso a paso<\/h2>\n<p><b>Google Cache Checker<\/b> es una herramienta eficaz que le ayuda a determinar la hora y la fecha en que la p\u00e1gina se modific\u00f3 por \u00faltima vez y se guard\u00f3 en la memoria cach\u00e9. Dichas herramientas de verificaci\u00f3n deben ser f\u00e1ciles de usar, ya que pueden usarse para diferentes negocios.<\/p>\n<h3>Paso 1: Inserta tu URL<\/h3>\n<p>Comience ingresando la URL de la p\u00e1gina que le interesa. Puede consultar una p\u00e1gina por solicitud. Elegimos el dominio <a href=\"https:\/\/sitechecker.pro\/\">https:\/\/sitechecker.pro\/<\/a> como ejemplo, para mostrarle c\u00f3mo funciona:<\/p>\n<div class=\"content__img-wrap\"><img src=\"https:\/\/sitechecker.pro\/wp-content\/uploads\/2022\/01\/Google-Cache-Checker-2.jpg\" alt=\"Ingrese la URL del sitio para verificar el cach\u00e9 de los motores de su sitio web\" class=\"description-img description-img-zoom\" loading=\"lazy\" ><\/div>\n<h3>Paso 2: Interpretaci\u00f3n de los resultados de Google Cache Checker<\/h3>\n<p>Una vez que finaliza el an\u00e1lisis, obtiene toda la informaci\u00f3n b\u00e1sica sobre la p\u00e1gina web guardada en Google Cache. Esta informaci\u00f3n incluye la URL de la p\u00e1gina almacenada en cach\u00e9, su <b> estado<\/b> y la <b> fecha y hora en que se modific\u00f3. <\/b><\/p>\n<div class=\"content__img-wrap\"><img src=\"https:\/\/sitechecker.pro\/wp-content\/uploads\/2022\/01\/Google-Cache-Checker-3.jpg\" alt=\"Obtendr\u00e1 el resultado con el estado de la URL del sitio, el hora, y la fecha de las \u00faltimas modificaciones indexadas\" class=\"description-img description-img-zoom\" loading=\"lazy\" ><\/div>\n<h2 id=\"ik_Cases\">Casos en los que se necesita la herramienta Google Cache Checker<\/h2>\n<p>La <b>cach\u00e9 del sitio web<\/b> ayuda a que su sitio web se cargue m\u00e1s r\u00e1pido. Los visitantes ver\u00e1n toda la informaci\u00f3n justo cuando hagan clic en un enlace.<br \/>\n<div class=\"content__img-wrap\"><img src=\"https:\/\/sitechecker.pro\/wp-content\/uploads\/2022\/01\/Google-Cache-Checker-4.jpg\" alt=\"Forma alternativa de verificar si el sitio est\u00e1 cobrado\" class=\"description-img description-img-zoom\" loading=\"lazy\" ><\/div><\/p>\n<p>\u00bfQu\u00e9 significa en cach\u00e9 en la b\u00fasqueda de Google? Significa que el bot de Google rastre\u00f3 su p\u00e1gina y detect\u00f3 toda la informaci\u00f3n necesaria que podr\u00eda afectar la clasificaci\u00f3n.<\/p>\n<p>Sin embargo, las versiones actuales de los sitios web pueden no estar disponibles por muchas razones. Por lo tanto, el almacenamiento en cach\u00e9 de versiones anteriores se vuelve \u00fatil. Por lo tanto, el almacenamiento en cach\u00e9 de versiones anteriores se vuelve \u00fatil. Por ejemplo:<\/p>\n<ol>\n<li>El propietario elimina un sitio web. Imagine que necesita verificar el contenido del sitio web, pero se elimin\u00f3 recientemente. Su copia guardada se encuentra en un servidor con una URL HTTPS y se le puede proporcionar r\u00e1pidamente.<\/li>\n<li>Congesti\u00f3n del tr\u00e1fico de Internet. Por lo tanto, se solicita la copia de seguridad de los paquetes de datos para acelerar los procesos.<\/li>\n<li>Cuando necesite ver la \u00faltima vez que un rastreador visit\u00f3 el sitio. Es f\u00e1cil ver cu\u00e1ndo los robots de Google rastrearon su sitio por \u00faltima vez. La hora y la fecha exactas aparecer\u00e1n en la parte superior de la p\u00e1gina.<\/li>\n<li>La carga del sitio es lenta. Si reduce el tiempo entre la solicitud del usuario y el servidor, reduce el tiempo que tarda en cargar la p\u00e1gina del sitio web. As\u00ed que la velocidad del sitio web est\u00e1 aumentando. Para comprobarlo, utilice la herramienta <a href=\"https:\/\/sitechecker.pro\/speed-test\/\">prueba de velocidad del sitio web<\/a>.<\/li>\n<li>Cuando desee acceder a contenido bloqueado geogr\u00e1ficamente.<\/li>\n<\/ol>\n<p>La herramienta <b> Google Cache Checker<\/b> ayuda a prevenir todas las consecuencias negativas, ya que siempre sabr\u00e1 si su p\u00e1gina web est\u00e1 disponible en l\u00ednea.<br \/>\n    <div class=\"blog__conversion blog__conversion-app element__logged_out\">\n        <div class=\"blog__conversion-inner\">\n            <p class=\"title\">Comprobar Google Cache es importante, pero no lo suficiente para clasificar lo suficientemente bien!<\/p>\n            <p class=\"description\"><\/p>\n            <form id=\"audit__form\"\n                  class=\"article__seo-search audit__form \"\n                  action=\"\"\n                  method=\"POST\"\n                  autocomplete=\"off\">\n                <span class=\"error\"><\/span>\n                <div class=\"error__limits\">Something went wrong. Please, try again later.<\/div>\n                <input name=\"url\"\n                       type=\"text\"\n                       placeholder=\"Ingrese su dominio aqu\u00ed\">\n                                <button type=\"submit\"\n                        class=\"sitechecker__text\">\n                    <span>Lanzar auditor\u00eda<\/span>\n                    <img src=\"\/wp-content\/themes\/sitechecker\/out\/img_design\/loading.svg\"\n                         width=\"31\"\n                         height=\"30\"\n                         class=\"loading\">\n                <\/button>\n            <\/form>\n        <\/div>\n    <\/div>\n    <\/p>\n<h2>Otras formas de ver el cach\u00e9 de Google<\/h2>\n<p>Hay algunas formas m\u00e1s de ver <b>p\u00e1ginas web almacenadas en cach\u00e9<\/b>. Estas formas son simples y f\u00e1ciles de hacer.<\/p>\n<h3>1. Barra de direcciones de Chrome<\/h3>\n<p>Es simplemente lo que est\u00e1 escribiendo en una fila de b\u00fasqueda. Al usar la barra de direcciones de Chrome, debe:<\/p>\n<ol>\n<li>Abra el navegador Chrome.<\/li>\n<li>Ingrese &#8220;cach\u00e9&#8221; en la barra de direcciones, ingrese &#8220;cach\u00e9&#8221; seguido de su direcci\u00f3n web de destino.<\/li>\n<li>Los resultados ser\u00e1n similares a los resultados de b\u00fasqueda de Google.<\/li>\n<\/ol>\n<div class=\"content__img-wrap\"><img src=\"https:\/\/sitechecker.pro\/wp-content\/uploads\/2022\/01\/Google-Cache-Checker-5.jpg\" alt=\"C\u00f3mo comprobar un archivo en Google Chrome\" class=\"description-img description-img-zoom\" loading=\"lazy\" ><\/div>\n<h3>2. Archivo web<\/h3>\n<p>Hay una forma m\u00e1s de buscar el cach\u00e9 para Yandex, Bing o <a href=\"https:\/\/sitechecker.pro\/search-engines\/\">Google alternativo<\/a> motor de b\u00fasqueda. Excepto por la ayuda de Google, tambi\u00e9n puede ver c\u00f3mo se ve\u00edan las p\u00e1ginas web en un per\u00edodo de tiempo espec\u00edfico. Web Archive es una organizaci\u00f3n sin fines de lucro que recopila copias guardadas de sitios web, diferentes im\u00e1genes, videos, etc. El objetivo principal es <b>proporcionar un archivo a largo plazo <\/b>recopilado en acceso gratuito para todos los usuarios de Internet. Guarda todas las copias antiguas de los sitios web. Incluso si la <a href=\"https:\/\/sitechecker.pro\/domain-age\/\">antig\u00fcedad del dominio<\/a> es superior a 20 a\u00f1os. Para usarlo, debe:<\/p>\n<ol>\n<li>Abra <a href=\"https:\/\/archive.org\/\">archivo web<\/a> usando un navegador.<\/li>\n<li>Escriba la direcci\u00f3n web a la que desea acceder y haga clic en &#8220;Ir&#8221;.<\/li>\n<li>En un calendario, ver\u00e1 varias versiones guardadas de la p\u00e1gina web.<\/li>\n<li>Busque la opci\u00f3n m\u00e1s relevante.<\/li>\n<li>Si la p\u00e1gina no tiene un historial archivado, Wayback Machine le dir\u00e1 que no existe.<\/li>\n<\/ol>\n<h3>3. Comprobador de cach\u00e9 de Google<\/h3>\n<p><b>Cache checker<\/b> es una herramienta especializada que se utiliza para averiguar si Google indexa su sitio web. Ayuda a comprender cu\u00e1ndo los robots de b\u00fasqueda visitaron su sitio web por \u00faltima vez. Debido a la informaci\u00f3n recibida, los especialistas en SEO y los administradores de sitios web pueden concluir qu\u00e9 tan r\u00e1pido se indexan las p\u00e1ginas web y m\u00f3viles, si el sitio web necesita m\u00e1s <a href=\"https:\/\/sitechecker.pro\/backlinks\/\">backlinks<\/a>, y qu\u00e9 hacer para acelerar el proceso.<\/p>","protected":false},"excerpt":{"rendered":"Al volver a trabajar, mejorar o crear una estrategia de SEO, es fundamental tener en cuenta la cach\u00e9 de Google. Sin embargo, las razones de ello pueden no estar del todo claras. \u00bfC\u00f3mo puede influir exactamente el cach\u00e9 de Google en el SEO del sitio web? \u00bfC\u00f3mo funciona el almacenamiento en cach\u00e9 para el sitio&#8230;","protected":false},"author":10409641,"featured_media":4227,"parent":0,"menu_order":0,"comment_status":"closed","ping_status":"closed","template":"pages-templates\/pages-minitools.php","meta":[],"categories":[73],"tags":[],"_links":{"self":[{"href":"https:\/\/sitechecker.pro\/es\/wp-json\/wp\/v2\/pages\/4179"}],"collection":[{"href":"https:\/\/sitechecker.pro\/es\/wp-json\/wp\/v2\/pages"}],"about":[{"href":"https:\/\/sitechecker.pro\/es\/wp-json\/wp\/v2\/types\/page"}],"author":[{"embeddable":true,"href":"https:\/\/sitechecker.pro\/es\/wp-json\/wp\/v2\/users\/10409641"}],"replies":[{"embeddable":true,"href":"https:\/\/sitechecker.pro\/es\/wp-json\/wp\/v2\/comments?post=4179"}],"version-history":[{"count":64,"href":"https:\/\/sitechecker.pro\/es\/wp-json\/wp\/v2\/pages\/4179\/revisions"}],"predecessor-version":[{"id":36074,"href":"https:\/\/sitechecker.pro\/es\/wp-json\/wp\/v2\/pages\/4179\/revisions\/36074"}],"wp:featuredmedia":[{"embeddable":true,"href":"https:\/\/sitechecker.pro\/es\/wp-json\/wp\/v2\/media\/4227"}],"wp:attachment":[{"href":"https:\/\/sitechecker.pro\/es\/wp-json\/wp\/v2\/media?parent=4179"}],"wp:term":[{"taxonomy":"category","embeddable":true,"href":"https:\/\/sitechecker.pro\/es\/wp-json\/wp\/v2\/categories?post=4179"},{"taxonomy":"post_tag","embeddable":true,"href":"https:\/\/sitechecker.pro\/es\/wp-json\/wp\/v2\/tags?post=4179"}],"curies":[{"name":"wp","href":"https:\/\/api.w.org\/{rel}","templated":true}]}}