{"id":37680,"date":"2025-07-02T10:53:33","date_gmt":"2025-07-02T10:53:33","guid":{"rendered":"https:\/\/sitechecker.pro\/?page_id=37680"},"modified":"2026-03-04T18:00:11","modified_gmt":"2026-03-04T18:00:11","slug":"free-looker-studio-template-analyze-traffic-ai-chats","status":"publish","type":"page","link":"https:\/\/sitechecker.pro\/es\/looker-studio-template-analyze-traffic-ai-chats\/","title":{"rendered":"Plantilla gratuita de Looker Studio para analizar el tr\u00e1fico de los chats de IA"},"content":{"rendered":"<p>No es tan dif\u00edcil crear un informe simple en GA4 con una regla regex para ver cu\u00e1nto tr\u00e1fico y conversiones te traen los chats de IA.<\/p>\n<p>Sin embargo, si quieres profundizar m\u00e1s y analizar m\u00e1s de 1 sitio web, y hacerlo r\u00e1pido, tienes que probar mi plantilla gratuita basada en datos de GA4. Estoy seguro de que te encantar\u00e1.<\/p>\n<p><strong><a href=\"https:\/\/lookerstudio.google.com\/reporting\/c7a2624d-65e8-428b-9a9f-5cf9a4c7f79d\" rel=\"\">Aqu\u00ed est\u00e1 el enlace a la plantilla &gt;&gt;<\/a><\/strong><\/p>\n<div class=\"content__img-wrap\"><img src=\"https:\/\/sitechecker.pro\/wp-content\/uploads\/2025\/07\/1.png\" alt=\"c\u00f3mo usar el informe de tr\u00e1fico de IA\" class=\"description-img description-img-zoom\" loading=\"lazy\" ><\/div>\n<h2 class=\"header-anchor-post\">C\u00f3mo usar la plantilla de an\u00e1lisis de tr\u00e1fico de chats de IA<\/h2>\n<p>Mira un video r\u00e1pido o lee las instrucciones de texto a continuaci\u00f3n.<\/p>\n<p><iframe title=\"YouTube video player\" src=\"https:\/\/www.youtube.com\/embed\/vDHI9OqJMqU?si=jAM7qhJP3U_vDpGK\" width=\"860\" height=\"315\" frameborder=\"0\" allowfullscreen=\"allowfullscreen\"><\/iframe><\/p>\n<h4 class=\"header-anchor-post\">La primera p\u00e1gina (IA vs b\u00fasqueda vs social)<\/h4>\n<p>Esta p\u00e1gina est\u00e1 dise\u00f1ada con un objetivo: comparar el tr\u00e1fico de los chats de IA con el tr\u00e1fico de otros canales org\u00e1nicos como la b\u00fasqueda org\u00e1nica y el social org\u00e1nico.<\/p>\n<p style=\"background-color: #ffcccc; display: inline;\">Considerando lo r\u00e1pido que crece la adopci\u00f3n de los chats de IA, tiene sentido.<\/p>\n<p>Para crear este informe, he creado una dimensi\u00f3n personalizada con la siguiente f\u00f3rmula.<br \/>\n<div class=\"content__img-wrap\"><img src=\"https:\/\/sitechecker.pro\/wp-content\/uploads\/2025\/07\/2.png\" alt=\"c\u00f3mo usar el informe de tr\u00e1fico de IA\" class=\"description-img description-img-zoom\" loading=\"lazy\" ><\/div><\/p>\n<p>Por defecto, uso la m\u00e9trica <strong>Sesiones<\/strong> en los gr\u00e1ficos y tablas din\u00e1micas, pero puedes cambiarla a Eventos clave o Nuevos usuarios, o agregar tus m\u00e9tricas opcionales despu\u00e9s de copiar.<\/p>\n<p><div class=\"content__img-wrap\"><img src=\"https:\/\/sitechecker.pro\/wp-content\/uploads\/2025\/07\/3.png\" alt=\"c\u00f3mo usar el informe de tr\u00e1fico de IA\" class=\"description-img description-img-zoom\" loading=\"lazy\" ><\/div><br \/>\nDespu\u00e9s de esta pantalla, encontrar\u00e1s el desglose por fuentes para los 3 canales org\u00e1nicos. Tambi\u00e9n puedes cambiar las m\u00e9tricas en los gr\u00e1ficos circulares de <strong>Sesiones<\/strong> a <strong>Eventos Clave.<\/strong><\/p>\n<p><div class=\"content__img-wrap\"><img src=\"https:\/\/sitechecker.pro\/wp-content\/uploads\/2025\/07\/4.png\" alt=\"c\u00f3mo usar el informe de tr\u00e1fico de IA\" class=\"description-img description-img-zoom\" loading=\"lazy\" ><\/div><br \/>\nDespu\u00e9s de esto, encontrar\u00e1s la tabla que m\u00e1s me gusta en esta p\u00e1gina: una comparaci\u00f3n f\u00e1cil de las sesiones de los 3 canales org\u00e1nicos por p\u00e1ginas de destino.<\/p>\n<div class=\"content__img-wrap\"><img src=\"https:\/\/sitechecker.pro\/wp-content\/uploads\/2025\/07\/5.png\" alt=\"c\u00f3mo usar el informe de tr\u00e1fico de IA\" class=\"description-img description-img-zoom\" loading=\"lazy\" ><\/div>\n<div class=\"important-block\">Te puede sorprender que los chats de IA pueden enviar la misma cantidad de tr\u00e1fico que los motores de b\u00fasqueda org\u00e1nicos a algunas p\u00e1ginas, \u00a1y a veces incluso m\u00e1s! Vale la pena analizarlo.<\/div>\n<h4 class=\"header-anchor-post\">La segunda p\u00e1gina (fuentes)<\/h4>\n<p>Aqu\u00ed puedes ver el rendimiento detallado por fuente espec\u00edfica.<\/p>\n<div class=\"content__img-wrap\"><img src=\"https:\/\/sitechecker.pro\/wp-content\/uploads\/2025\/07\/6.png\" alt=\"c\u00f3mo usar el informe de tr\u00e1fico de IA\" class=\"description-img description-img-zoom\" loading=\"lazy\" ><\/div>\n<p>Incluyendo el rendimiento en din\u00e1micas.<\/p>\n<div class=\"content__img-wrap\"><img src=\"https:\/\/sitechecker.pro\/wp-content\/uploads\/2025\/07\/7.jpg\" alt=\"c\u00f3mo usar el informe de tr\u00e1fico de IA\" class=\"description-img description-img-zoom\" loading=\"lazy\" ><\/div>\n<h4 class=\"header-anchor-post\">La tercera p\u00e1gina (p\u00e1ginas de destino)<\/h4>\n<p>Tiene los mismos gr\u00e1ficos y tablas que la p\u00e1gina anterior, pero tambi\u00e9n una valiosa tabla din\u00e1mica donde puedes comparar el tr\u00e1fico de diferentes chats de IA para cada p\u00e1gina de destino.<\/p>\n<div class=\"content__img-wrap\"><img src=\"https:\/\/sitechecker.pro\/wp-content\/uploads\/2025\/07\/8.png\" alt=\"c\u00f3mo usar el informe de tr\u00e1fico de IA\" class=\"description-img description-img-zoom\" loading=\"lazy\" ><\/div>\n<p>La 4\u00aa p\u00e1gina tiene los mismos gr\u00e1ficos que la 3\u00aa p\u00e1gina, pero para pa\u00edses.<\/p>\n<h4 class=\"header-anchor-post\">La quinta p\u00e1gina (segmentos de p\u00e1gina)<\/h4>\n<p>Esta p\u00e1gina es para usuarios avanzados que trabajan en sitios web grandes donde la segmentaci\u00f3n de p\u00e1ginas es imprescindible.<br \/>\nPor defecto, uso una dimensi\u00f3n de <strong>Grupo de Contenido<\/strong> de GA4, que he configurado a trav\u00e9s de Google Tag Manager para mi sitio web. Puedes usar mi m\u00e9todo, o puedes crear una dimensi\u00f3n personalizada en Looker Studio despu\u00e9s de copiar la plantilla.<\/p>\n<p><div class=\"content__img-wrap\"><img src=\"https:\/\/sitechecker.pro\/wp-content\/uploads\/2025\/07\/new1.jpg\" alt=\"c\u00f3mo usar el informe de tr\u00e1fico de IA\" class=\"description-img description-img-zoom\" loading=\"lazy\" ><\/div><br \/>\n<div class=\"content__img-wrap\"><img src=\"https:\/\/sitechecker.pro\/wp-content\/uploads\/2025\/07\/new2.jpg\" alt=\"c\u00f3mo usar el informe de tr\u00e1fico de IA\" class=\"description-img description-img-zoom\" loading=\"lazy\" ><\/div><\/p>\n<p>El problema con un Grupo de Contenido es que no se aplica a los datos hist\u00f3ricos, mientras que una dimensi\u00f3n personalizada en Looker Studio s\u00ed se aplica a los datos hist\u00f3ricos.<\/p>\n<p>Si creas una dimensi\u00f3n personalizada en Looker Studio, debes reemplazar todos los gr\u00e1ficos en un <strong>Grupo de Contenido<\/strong> con el nombre de tu dimensi\u00f3n personalizada.<\/p>\n<div class=\"content__img-wrap\"><img src=\"https:\/\/sitechecker.pro\/wp-content\/uploads\/2025\/07\/10.png\" alt=\"c\u00f3mo usar el informe de tr\u00e1fico de IA\" class=\"description-img description-img-zoom\" loading=\"lazy\" ><\/div>\n<p>Aqu\u00ed est\u00e1 mi gu\u00eda detallada sobre por qu\u00e9 recomiendo usar <a href=\"https:\/\/medium.com\/@ivanpalii\/3-reasons-why-page-segmentation-in-seo-is-a-must-how-to-do-it-properly-b9ecd99f31e9\" rel=\"\">la segmentaci\u00f3n de p\u00e1ginas para informes<\/a> y c\u00f3mo hacerlo correctamente.<\/p>\n<h2 class=\"header-anchor-post\">C\u00f3mo copiar la plantilla<\/h2>\n<p style=\"background-color: #ffcccc; display: inline;\">Desafortunadamente, no puedes copiar una plantilla en 1 clic sin problemas.<\/p>\n<p>Esto se debe a que la dimensi\u00f3n personalizada <strong>Canales org\u00e1nicos<\/strong> se crea a nivel del conector de datos y no se puede copiar cuando copias la plantilla.<br \/>\nAdem\u00e1s, todos los filtros en la plantilla funcionan bas\u00e1ndose en esta dimensi\u00f3n personalizada.<\/p>\n<p><div class=\"content__img-wrap\"><img src=\"https:\/\/sitechecker.pro\/wp-content\/uploads\/2025\/07\/11.png\" alt=\"c\u00f3mo usar el informe de tr\u00e1fico de IA\" class=\"description-img description-img-zoom\" loading=\"lazy\" ><\/div><br \/>\nTienes 2 opciones aqu\u00ed:<\/p>\n<ol>\n<li>Continuar usando mi plantilla sin copiarla. Ser\u00e1 suficiente para ti en la mayor\u00eda de los casos.<\/li>\n<li>Si quieres copiar la plantilla para tenerla y personalizarla para tus propios prop\u00f3sitos, <a href=\"https:\/\/youtu.be\/vDHI9OqJMqU?si=VoK4fI1RFNfF3g-v&amp;t=209\" rel=\"\">mira mi video desde este momento<\/a>.<\/li>\n<\/ol>\n<p><\/p>","protected":false},"excerpt":{"rendered":"No es tan dif\u00edcil crear un informe simple en GA4 con una regla regex para ver cu\u00e1nto tr\u00e1fico y conversiones te traen los chats de IA. Sin embargo, si quieres profundizar m\u00e1s y analizar m\u00e1s de 1 sitio web, y hacerlo r\u00e1pido, tienes que probar mi plantilla gratuita basada en datos de GA4. Estoy seguro&#8230;","protected":false},"author":10409641,"featured_media":37693,"parent":0,"menu_order":0,"comment_status":"closed","ping_status":"closed","template":"pages-templates\/pages-v2.php","meta":[],"categories":[31],"tags":[],"_links":{"self":[{"href":"https:\/\/sitechecker.pro\/es\/wp-json\/wp\/v2\/pages\/37680"}],"collection":[{"href":"https:\/\/sitechecker.pro\/es\/wp-json\/wp\/v2\/pages"}],"about":[{"href":"https:\/\/sitechecker.pro\/es\/wp-json\/wp\/v2\/types\/page"}],"author":[{"embeddable":true,"href":"https:\/\/sitechecker.pro\/es\/wp-json\/wp\/v2\/users\/10409641"}],"replies":[{"embeddable":true,"href":"https:\/\/sitechecker.pro\/es\/wp-json\/wp\/v2\/comments?post=37680"}],"version-history":[{"count":12,"href":"https:\/\/sitechecker.pro\/es\/wp-json\/wp\/v2\/pages\/37680\/revisions"}],"predecessor-version":[{"id":39548,"href":"https:\/\/sitechecker.pro\/es\/wp-json\/wp\/v2\/pages\/37680\/revisions\/39548"}],"wp:featuredmedia":[{"embeddable":true,"href":"https:\/\/sitechecker.pro\/es\/wp-json\/wp\/v2\/media\/37693"}],"wp:attachment":[{"href":"https:\/\/sitechecker.pro\/es\/wp-json\/wp\/v2\/media?parent=37680"}],"wp:term":[{"taxonomy":"category","embeddable":true,"href":"https:\/\/sitechecker.pro\/es\/wp-json\/wp\/v2\/categories?post=37680"},{"taxonomy":"post_tag","embeddable":true,"href":"https:\/\/sitechecker.pro\/es\/wp-json\/wp\/v2\/tags?post=37680"}],"curies":[{"name":"wp","href":"https:\/\/api.w.org\/{rel}","templated":true}]}}