{"id":3560,"date":"2018-07-20T10:45:11","date_gmt":"2018-07-20T10:45:11","guid":{"rendered":"https:\/\/sitechecker.pro\/?page_id=3560"},"modified":"2026-02-19T15:15:47","modified_gmt":"2026-02-19T15:15:47","slug":"duplicate-content","status":"publish","type":"page","link":"https:\/\/sitechecker.pro\/es\/duplicate-content\/","title":{"rendered":"Herramienta de verificaci\u00f3n de contenido duplicado: forma sencilla de detectar contenido duplicado"},"content":{"rendered":"<p><\/p>\n<h2 id=\"par1\">\u00bfQu\u00e9 es un comprobador de contenido duplicado?<\/h2>\n<p>El Comprobador de duplicados de sitios web de <a href=\"https:\/\/sitechecker.pro\/\" target=\"_blank\" rel=\"noopener noreferrer\">Sitechecker<\/a> es una herramienta gratuita que identifica <a href=\"https:\/ \/sitechecker.pro\/what-is-duplicate-content-in-seo\/\" target=\"_blank\" rel=\"noopener noreferrer\">contenido duplicado<\/a> en sitios web. Rastrea su sitio, encuentra problemas duplicados en t\u00edtulos, encabezados y descripciones, y proporciona un informe de auditor\u00eda detallado. Con \u00e9l, puede categorizar problemas duplicados y obtener soluciones, como usar URL can\u00f3nicas para abordar estos problemas.<\/p>\n<h3>\u00bfC\u00f3mo puede ayudarte la herramienta?<\/h3>\n<ul>\n<li><strong>Encontrar contenido duplicado:<\/strong> la herramienta escanea eficazmente las p\u00e1ginas web para identificar cualquier dato clonado (por ejemplo, t\u00edtulos, encabezados y metadescripciones repetidos). Es crucial para mantener la singularidad y la calidad de los datos del sitio web.<\/li>\n<li><strong>Detecta varios problemas de contenido en sitios web: <\/strong>m\u00e1s all\u00e1 de datos id\u00e9nticos, tambi\u00e9n detecta una variedad de otros problemas de contenido, como atributos alt faltantes o proporciones deficientes de texto a HTML, lo que ayuda a optimizar y calidad general de los datos. mejora.<\/li>\n<li><strong>Evaluar los par\u00e1metros generales de SEO:<\/strong> la herramienta eval\u00faa de manera integral los par\u00e1metros clave de SEO, como la velocidad del sitio, la capacidad de respuesta m\u00f3vil y la precisi\u00f3n de las metaetiquetas. Obtendr\u00e1 una visi\u00f3n integral del estado de SEO del sitio web e informaci\u00f3n \u00fatil para mejorar.<\/li>\n<\/ul>\n<h3>Caracter\u00edsticas generales del Comprobador interno de contenido duplicado<\/h3>\n<ul>\n<li><strong>Panel unificado:<\/strong> la herramienta proporciona un panel centralizado que agrega todos los hallazgos e informes, lo que facilita a los usuarios el acceso y la interpretaci\u00f3n de los datos en su sitio web.<\/li>\n<li><strong>Interfaz f\u00e1cil de usar: <\/strong>Dise\u00f1ada teniendo en cuenta la usabilidad, la herramienta ofrece una interfaz intuitiva, que simplifica el proceso de escaneo y la hace accesible incluso para aquellos con conocimientos t\u00e9cnicos limitados de SEO.<\/li>\n<li><strong>Conjunto completo de herramientas de SEO: <\/strong>M\u00e1s all\u00e1 de simplemente identificar datos id\u00e9nticos, la herramienta es parte de un conjunto de herramientas de SEO m\u00e1s amplio ofrecido por Sitechecker, que incluye varias caracter\u00edsticas para optimizar el rendimiento del sitio web en los motores de b\u00fasqueda, abarcando una amplia gama de Aspectos SEO.<\/li>\n<\/ul>\n<h2 id=\"par2\">\u00bfC\u00f3mo utilizar el Buscador de contenido duplicado SEO?<\/h2>\n<p>Google y otros motores de b\u00fasqueda consideran que los datos \u00fanicos son el principal factor de clasificaci\u00f3n. Usar un Comprobador de contenido duplicado de p\u00e1ginas para identificar duplicados internos de un sitio web completo es f\u00e1cil.<\/p>\n<h3>Paso 1: Inserta tu URL<\/h3>\n<p>Simplemente agregue su dominio y haga clic en el bot\u00f3n.<\/p>\n<div class=\"content__img-wrap\"><img src=\"https:\/\/sitechecker.pro\/wp-content\/uploads\/2023\/12\/duplicate-content-checker.png\" alt=\"Comprobador de contenido duplicado\" class=\"description-img description-img-zoom\" loading=\"lazy\" ><\/div>\n<div class=\"important-block\">Para recibir resultados y acceder a las funciones de Sitechecker durante 14 d\u00edas, comience su prueba GRATUITA. Registrarse es f\u00e1cil con su cuenta de correo electr\u00f3nico, Google o Facebook. No se necesita tarjeta de cr\u00e9dito.<\/div>\n<h3>Paso 2: Obtenga el resultado<\/h3>\n<p>Rastrearemos su sitio y encontraremos problemas de contenido duplicado: p\u00e1ginas duplicadas sin duplicados can\u00f3nicos, de t\u00edtulo, h1 y de descripci\u00f3n. Todos esos tipos de problemas los ver\u00e1 en la categor\u00eda &#8220;Contenido duplicado&#8221; en los resultados de la auditor\u00eda en el sitio.<\/p>\n<p>Una secci\u00f3n dedicada destaca problemas relacionados con datos id\u00e9nticos y enumera problemas espec\u00edficos como t\u00edtulos duplicados, encabezados id\u00e9nticos y etiquetas en varias p\u00e1ginas.<\/p>\n<div class=\"content__img-wrap\"><img src=\"https:\/\/sitechecker.pro\/wp-content\/uploads\/2023\/12\/duplicate-content-issues.png\" alt=\"Problemas de contenido duplicado\" class=\"description-img description-img-zoom\" loading=\"lazy\" ><\/div>\n<p>Los usuarios pueden ver c\u00f3modamente los detalles de cada problema, utilizando una interfaz interactiva y f\u00e1cil de usar. Esto es parte de un completo conjunto de herramientas de SEO dise\u00f1ado para diagnosticar y guiar mejoras para la optimizaci\u00f3n de sitios web.<\/p>\n<p>Duplicate Content Tester proporciona una interfaz din\u00e1mica para identificar y resolver problemas de SEO. Destaca \u00e1reas cr\u00edticas, como t\u00edtulos id\u00e9nticos en las p\u00e1ginas de un sitio web, y ofrece soluciones pr\u00e1cticas. Con funciones como &#8220;Ver problema en el c\u00f3digo&#8221;, la herramienta lleva directamente a los usuarios a los elementos en cuesti\u00f3n dentro del c\u00f3digo de su sitio web.<\/p>\n<div class=\"content__img-wrap\"><img src=\"https:\/\/sitechecker.pro\/wp-content\/uploads\/2023\/12\/page-has-identical-headings.png\" alt=\"La p\u00e1gina tiene encabezados id\u00e9nticos\" class=\"description-img description-img-zoom\" loading=\"lazy\" ><\/div>\n<p>Adem\u00e1s, la &#8216;Gu\u00eda de reparaci\u00f3n&#8217; ofrece un recurso completo, que incluye instrucciones detalladas y ayudas visuales. Ayuda a los usuarios a rectificar los problemas identificados con el contenido existente en su p\u00e1gina web, mejorando la salud general de SEO del sitio.<\/p>\n<h2 id=\"par3\">Funciones adicionales del identificador de contenido duplicado<\/h2>\n<p>Al volver a visitar la pesta\u00f1a Auditor\u00eda del sitio, obtendr\u00e1 una vista general de los indicadores de estado de su sitio e identificar\u00e1 cualquier problema t\u00e9cnico presente en cualquier p\u00e1gina web.<\/p>\n<div class=\"content__img-wrap\"><img src=\"https:\/\/sitechecker.pro\/wp-content\/uploads\/2023\/12\/site-audit-issues-list.png\" alt=\"Lista de problemas de auditor\u00eda del sitio\" class=\"description-img description-img-zoom\" loading=\"lazy\" ><\/div>\n<p>La herramienta de contenido duplicado ofrece una evaluaci\u00f3n SEO integral, identificando problemas m\u00e1s all\u00e1 de la duplicaci\u00f3n para incluir la relevancia de los datos. Detecta de forma inteligente una variedad de mejoras potenciales, desde atributos alternativos faltantes hasta estructuras de encabezado sub\u00f3ptimas, cada una de ellas cuantificada y procesable a trav\u00e9s de la interfaz.<\/p>\n<div class=\"content__img-wrap\"><img src=\"https:\/\/sitechecker.pro\/wp-content\/uploads\/2023\/12\/content-relevance-issues.png\" alt=\"Problemas de relevancia del contenido\" class=\"description-img description-img-zoom\" loading=\"lazy\" ><\/div>\n<p>Google Duplicate Content Detector subraya la importancia de ajustar todos los aspectos del contenido para alinearlos con la intenci\u00f3n de b\u00fasqueda, contribuyendo directamente al rendimiento SEO del sitio.<\/p>\n<h2 id=\"par4\">Conclusi\u00f3n<\/h2>\n<p>Website Content Checker es una herramienta integral de SEO que ofrece una interfaz f\u00e1cil de usar y un panel unificado para que los webmasters identifiquen y rectifiquen f\u00e1cilmente los datos clonados en sus sitios web. Busca duplicados en t\u00edtulos, encabezados y descripciones y sugiere mejoras de SEO, como la implementaci\u00f3n de URL can\u00f3nicas. Esta herramienta gratuita, que forma parte del conjunto de herramientas de SEO m\u00e1s amplio de Sitechecker, tambi\u00e9n proporciona informes de auditor\u00eda detallados con resultados precisos, lo que ayuda con los par\u00e1metros generales de SEO. Adem\u00e1s, a diferencia de muchas otras herramientas, incluye una &#8220;gu\u00eda de soluci\u00f3n&#8221; para resolver problemas. La herramienta mejora el rendimiento del sitio web y la salud del SEO al garantizar la unicidad de los datos, un factor cr\u00edtico en la clasificaci\u00f3n de los motores de b\u00fasqueda.<\/p>\n<div id=\"par5\"><\/div>\n<p><div class=\"front__faq-block\"><div class=\"faq__block-title\">Preguntas frecuentes<\/div><div class=\"panel-group\" id=\"faq-accordion\" itemscope itemtype=\"https:\/\/schema.org\/FAQPage\" role=\"tablist\" aria-multiselectable=\"true\"><div class=\"panel\" itemscope itemtype=\"https:\/\/schema.org\/Question\" itemprop=\"mainEntity\">\n                            <div class=\"panel-heading\" id=\"headingFaq-1\">\n                                <div class=\"panel-title\" data-toggle=\"collapse\" aria-expanded=\"false\" href=\"#collapseFaq-1\">\n                                    <h3 itemprop=\"name\">\u00bfEs posible automatizar comprobaciones peri\u00f3dicas de contenido duplicado?<\/h3>\n                                <\/div>\n                            <\/div>\n                            <div id=\"collapseFaq-1\" class=\"panel-collapse collapse\" itemprop=\"acceptedAnswer\" itemscope itemtype=\"http:\/\/schema.org\/Answer\">\n                                <div class=\"panel-body\" itemprop=\"text\">La herramienta ofrece funciones como el rastreo autom\u00e1tico, que se puede programar para comprobar autom\u00e1ticamente si hay problemas de repetici\u00f3n de datos a intervalos regulares.<\/div>\n                            <\/div>\n                        <\/div><div class=\"panel\" itemscope itemtype=\"https:\/\/schema.org\/Question\" itemprop=\"mainEntity\">\n                            <div class=\"panel-heading\" id=\"headingFaq-2\">\n                                <div class=\"panel-title\" data-toggle=\"collapse\" aria-expanded=\"false\" href=\"#collapseFaq-2\">\n                                    <h3 itemprop=\"name\">\u00bfC\u00f3mo ayuda el Comprobador de contenido duplicado en l\u00ednea con el SEO?<\/h3>\n                                <\/div>\n                            <\/div>\n                            <div id=\"collapseFaq-2\" class=\"panel-collapse collapse\" itemprop=\"acceptedAnswer\" itemscope itemtype=\"http:\/\/schema.org\/Answer\">\n                                <div class=\"panel-body\" itemprop=\"text\">Al identificar y permitir la correcci\u00f3n de la repetici\u00f3n de datos, la herramienta ayuda a mejorar el SEO de un sitio, ya que el contenido \u00fanico es un factor de clasificaci\u00f3n importante para los motores de b\u00fasqueda.<\/div>\n                            <\/div>\n                        <\/div><div class=\"panel\" itemscope itemtype=\"https:\/\/schema.org\/Question\" itemprop=\"mainEntity\">\n                            <div class=\"panel-heading\" id=\"headingFaq-3\">\n                                <div class=\"panel-title\" data-toggle=\"collapse\" aria-expanded=\"false\" href=\"#collapseFaq-3\">\n                                    <h3 itemprop=\"name\">\u00bfLa herramienta proporciona orientaci\u00f3n sobre c\u00f3mo resolver los problemas de SEO detectados?<\/h3>\n                                <\/div>\n                            <\/div>\n                            <div id=\"collapseFaq-3\" class=\"panel-collapse collapse\" itemprop=\"acceptedAnswer\" itemscope itemtype=\"http:\/\/schema.org\/Answer\">\n                                <div class=\"panel-body\" itemprop=\"text\">S\u00ed, el Comprobador de contenido duplicado incluye una \"gu\u00eda de soluci\u00f3n\" con instrucciones detalladas, ejemplos y, a veces, v\u00eddeos para ayudar a resolver los problemas identificados.<\/div>\n                            <\/div>\n                        <\/div><\/div><\/div><\/p>","protected":false},"excerpt":{"rendered":"\u00bfQu\u00e9 es un comprobador de contenido duplicado? El Comprobador de duplicados de sitios web de Sitechecker es una herramienta gratuita que identifica contenido duplicado en sitios web. Rastrea su sitio, encuentra problemas duplicados en t\u00edtulos, encabezados y descripciones, y proporciona un informe de auditor\u00eda detallado. Con \u00e9l, puede categorizar problemas duplicados y obtener soluciones, como&#8230;","protected":false},"author":10409641,"featured_media":3774,"parent":0,"menu_order":0,"comment_status":"closed","ping_status":"closed","template":"pages-templates\/pages-minitools.php","meta":[],"categories":[70],"tags":[],"_links":{"self":[{"href":"https:\/\/sitechecker.pro\/es\/wp-json\/wp\/v2\/pages\/3560"}],"collection":[{"href":"https:\/\/sitechecker.pro\/es\/wp-json\/wp\/v2\/pages"}],"about":[{"href":"https:\/\/sitechecker.pro\/es\/wp-json\/wp\/v2\/types\/page"}],"author":[{"embeddable":true,"href":"https:\/\/sitechecker.pro\/es\/wp-json\/wp\/v2\/users\/10409641"}],"replies":[{"embeddable":true,"href":"https:\/\/sitechecker.pro\/es\/wp-json\/wp\/v2\/comments?post=3560"}],"version-history":[{"count":17,"href":"https:\/\/sitechecker.pro\/es\/wp-json\/wp\/v2\/pages\/3560\/revisions"}],"predecessor-version":[{"id":39380,"href":"https:\/\/sitechecker.pro\/es\/wp-json\/wp\/v2\/pages\/3560\/revisions\/39380"}],"wp:featuredmedia":[{"embeddable":true,"href":"https:\/\/sitechecker.pro\/es\/wp-json\/wp\/v2\/media\/3774"}],"wp:attachment":[{"href":"https:\/\/sitechecker.pro\/es\/wp-json\/wp\/v2\/media?parent=3560"}],"wp:term":[{"taxonomy":"category","embeddable":true,"href":"https:\/\/sitechecker.pro\/es\/wp-json\/wp\/v2\/categories?post=3560"},{"taxonomy":"post_tag","embeddable":true,"href":"https:\/\/sitechecker.pro\/es\/wp-json\/wp\/v2\/tags?post=3560"}],"curies":[{"name":"wp","href":"https:\/\/api.w.org\/{rel}","templated":true}]}}