{"id":349,"date":"2017-11-20T12:28:18","date_gmt":"2017-11-20T12:28:18","guid":{"rendered":"https:\/\/sitechecker.pro\/?page_id=349"},"modified":"2026-02-18T14:52:40","modified_gmt":"2026-02-18T14:52:40","slug":"h1-tag","status":"publish","type":"page","link":"https:\/\/sitechecker.pro\/es\/h1-tag\/","title":{"rendered":"H1 Tag Checker | Encontrar H1 en la p\u00e1gina o en todo el sitio web \u2611"},"content":{"rendered":"<p>\u00bfQu\u00e9 es el Comprobador de Etiquetas H1?<\/p>\n<p>El Comprobador de Etiquetas H1 de <a href=\"https:\/\/sitechecker.pro\/\" target=\"_blank\" rel=\"noopener noreferrer\">Sitechecker<\/a> es una herramienta en l\u00ednea dise\u00f1ada para analizar p\u00e1ginas espec\u00edficas y todo el sitio web en busca del atributo <a href=\"https:\/\/sitechecker.pro\/h1-tag-requirements-writing-properly\/\" target=\"_blank\" rel=\"noopener noreferrer\">encabezado de p\u00e1gina<\/a>. Ayuda a verificar si tus p\u00e1ginas web tienen una etiqueta H1 definida y problemas relacionados con la relevancia del contenido.<\/p>\n<p>\u00bfC\u00f3mo puede ayudarte esta herramienta?<\/p>\n<p>Comprobaci\u00f3n de Etiquetas H1 por p\u00e1gina: Analiza p\u00e1ginas web individuales para detectar la presencia y los atributos del encabezado principal, lo que ayuda a los usuarios a garantizar que sus encabezados principales est\u00e9n configurados correctamente para la optimizaci\u00f3n SEO.<\/p>\n<p>Informaci\u00f3n sobre los atributos de las etiquetas: Proporciona informaci\u00f3n detallada sobre los encabezados principales encontrados, incluyendo su n\u00famero y longitud, y destaca cualquier problema potencial que pueda afectar el rendimiento SEO.<\/p>\n<p>An\u00e1lisis de dominio completo: Analiza un sitio web completo para identificar el uso de etiquetas H1 en todas las p\u00e1ginas, lo que facilita una <a href=\"https:\/\/sitechecker.pro\/on-page-seo-checker\/\" target=\"_blank\" rel=\"noopener noreferrer\">auditor\u00eda SEO<\/a> completa.<\/p>\n<p>Caracter\u00edsticas clave de la herramienta: Panel de control unificado: Ofrece una visi\u00f3n general completa del rendimiento SEO, incluyendo el estado del sitio, las estad\u00edsticas de tr\u00e1fico y el an\u00e1lisis de backlinks, lo que facilita la monitorizaci\u00f3n y la toma de decisiones.<\/p>\n<p>Interfaz intuitiva: Dise\u00f1ada para una navegaci\u00f3n intuitiva, es accesible tanto para principiantes como para expertos para gestionar e implementar estrategias SEO de forma eficaz.<\/p>\n<p><strong>Conjunto completo de herramientas SEO:<\/strong> ofrece una amplia gama de herramientas que abarcan investigaci\u00f3n de palabras clave, auditor\u00edas de sitios web, an\u00e1lisis de backlinks y seguimiento del rendimiento para abordar todos los aspectos de la optimizaci\u00f3n SEO de forma integral.<\/p>\n<h2 id=\"par2\">C\u00f3mo usar H1 Finder<\/h2>\n<p>La herramienta ofrece dos tipos de comprobaciones: una para p\u00e1ginas individuales y otra para todo el dominio. Proporciona informaci\u00f3n sobre la presencia, el n\u00famero y la longitud de los encabezados principales, as\u00ed como otros aspectos relacionados. Seleccione la opci\u00f3n deseada para comenzar.<\/p>\n<div class=\"content__img-wrap\"><img src=\"https:\/\/sitechecker.pro\/wp-content\/uploads\/2024\/07\/check-h1-audit-option.png\" alt=\"Comprobar opci\u00f3n de auditor\u00eda H1\" class=\"description-img description-img-zoom\" loading=\"lazy\" ><\/div>\n<h3>Comprobaci\u00f3n de dominio<\/h3>\n<h4>Paso 1: Insertar su dominio<\/h4>\n<p>Para comprobar un dominio, simplemente pulse el bot\u00f3n &#8220;Comprobar dominio&#8221; e introduzca la URL deseada.<\/p>\n<div class=\"content__img-wrap\"><img src=\"https:\/\/sitechecker.pro\/wp-content\/uploads\/2024\/07\/check-h1-all-pages.png\" alt=\"Comprobar H1 en todas las p\u00e1ginas\" class=\"description-img description-img-zoom\" loading=\"lazy\" ><\/div>\n<div class=\"important-block\">Para recibir resultados y acceder a las funciones de Sitechecker durante 14 d\u00edas, comience su prueba gratuita. Reg\u00edstrese f\u00e1cilmente con su correo electr\u00f3nico, cuenta de Google o Facebook. No necesita tarjeta de cr\u00e9dito.<\/div>\n<h4>Paso 2: Interpretaci\u00f3n de los resultados del comprobador de etiquetas H1 mediante la comprobaci\u00f3n del dominio<\/h4>\n<p>El an\u00e1lisis que realice generar\u00e1 una auditor\u00eda del dominio, que revelar\u00e1 varios problemas con el contenido, como el H1, el t\u00edtulo y la descripci\u00f3n. Al hacer clic en cualquier \u00e1rea problem\u00e1tica (por ejemplo, una etiqueta de Encabezado 1 con un formato incorrecto), podr\u00e1 ver qu\u00e9 p\u00e1ginas est\u00e1n afectadas. De esta manera, facilitamos la identificaci\u00f3n de errores sin tener que revisar miles de p\u00e1ginas web.<\/p>\n<div class=\"content__img-wrap\"><img src=\"https:\/\/sitechecker.pro\/wp-content\/uploads\/2024\/07\/h1-tag-issues.png\" alt=\"Problemas con la etiqueta H1\" class=\"description-img description-img-zoom\" loading=\"lazy\" ><\/div>\n<h4>Funciones adicionales del verificador de etiquetas H1 de dominio\/sitio web<\/h4>\n<p>Al revisar su dominio, recibir\u00e1 un informe completo de auditor\u00eda del sitio. Este informe le ayudar\u00e1 a identificar diferentes tipos de problemas en su sitio web y le proporcionar\u00e1 instrucciones para solucionarlos.<\/p>\n<p>Puede ver los problemas por tipo, como cr\u00edticos, advertencias, oportunidades o avisos. Tambi\u00e9n puede verlos por categor\u00eda, como enlaces, indexabilidad, relevancia del contenido, etc. Esto le permite identificar y resolver r\u00e1pidamente los problemas m\u00e1s importantes para el \u00e9xito de su sitio web.<\/p>\n<div class=\"content__img-wrap\"><img src=\"https:\/\/sitechecker.pro\/wp-content\/uploads\/2024\/07\/issues-list.png\" alt=\"Lista de Problemas\" class=\"description-img description-img-zoom\" loading=\"lazy\" ><\/div>\n<p>No dejes pasar la oportunidad de descargar la extensi\u00f3n para Chrome que permite la comprobaci\u00f3n de etiquetas. A\u00f1\u00e1dela a tu panel de extensiones mientras se escanea tu sitio.<\/p>\n<h3>Comprobaci\u00f3n de P\u00e1gina<\/h3>\n<h4>Paso 1: Introduce tu URL<\/h4>\n<p>Si quieres comprobar una p\u00e1gina espec\u00edfica, puedes usar la opci\u00f3n &#8220;Comprobar p\u00e1gina&#8221; en el selector. Introduce la URL de la p\u00e1gina que quieres analizar e inicia el escaneo.<\/p>\n<div class=\"content__img-wrap\"><img src=\"https:\/\/sitechecker.pro\/wp-content\/uploads\/2024\/07\/check-h1-page.png\" alt=\"Comprobar p\u00e1gina H1\" class=\"description-img description-img-zoom\" loading=\"lazy\" ><\/div>\n<h4>Paso 2: Interpretaci\u00f3n de los resultados del comprobador de etiquetas H1 mediante la comprobaci\u00f3n de la p\u00e1gina<\/h4>\n<p>La herramienta Comprobador de H1 le proporcionar\u00e1 una auditor\u00eda de la URL que introduzca, con un bloque abierto de informaci\u00f3n sobre el contenido. All\u00ed podr\u00e1 averiguar el H1, su n\u00famero, longitud y si H1=T\u00edtulo.<\/p>\n<div class=\"content__img-wrap\"><img src=\"https:\/\/sitechecker.pro\/wp-content\/uploads\/2024\/07\/on-page-seo-checker-h1.png\" alt=\"Comprobador SEO On Page H1\" class=\"description-img description-img-zoom\" loading=\"lazy\" ><\/div>\n<p>Revisar solo una p\u00e1gina no ofrece una visi\u00f3n completa de la configuraci\u00f3n del encabezado principal de su sitio web. Consulte la secci\u00f3n inicial de esta gu\u00eda para descubrir c\u00f3mo una comprobaci\u00f3n de dominio puede ayudarle a identificar todas las etiquetas H1 de su sitio e identificar cualquier error de relevancia del contenido.<\/p>\n<p>Tambi\u00e9n le invitamos a explorar nuestro proyecto de demostraci\u00f3n; simplemente navegue a la pesta\u00f1a de auditor\u00eda del sitio para descubrir las capacidades de la herramienta. Comience una auditor\u00eda completa del sitio inmediatamente haciendo clic en el bot\u00f3n &#8220;Auditor\u00eda completa del sitio web&#8221; en la ventana emergente.<\/p>\n<h4>Funciones adicionales<\/h4>\n<p>El panel de navegaci\u00f3n de la herramienta de un verificador de etiquetas de p\u00e1gina H1 incluye diversas funciones para mejorar el rendimiento de b\u00fasqueda de un sitio web. La funci\u00f3n &#8220;Enlaces&#8221; examina la estructura de enlaces internos y externos del sitio. La secci\u00f3n &#8220;Resumen de problemas&#8221; compila una lista categorizada de los problemas que afectan la optimizaci\u00f3n del sitio. &#8220;Optimizaci\u00f3n de contenido&#8221; ofrece estrategias para refinar el contenido web y aumentar la relevancia y la interacci\u00f3n.<\/p>\n<p>La secci\u00f3n &#8220;Datos estructurados&#8221; gestiona datos que ayudan a los motores de b\u00fasqueda a comprender y mostrar mejor el contenido. &#8220;Im\u00e1genes&#8221; puede analizar elementos visuales para garantizar su optimizaci\u00f3n para motores de b\u00fasqueda. &#8220;Optimizaci\u00f3n de b\u00fasqueda&#8221; abarca una gama m\u00e1s amplia de t\u00e1cticas SEO.<\/p>\n<p>Por \u00faltimo, &#8220;PageSpeed \u200b\u200bInsights&#8221; mide m\u00e9tricas de rendimiento del sitio web, esenciales para la experiencia del usuario y el posicionamiento SEO. Este panel refleja un conjunto robusto de herramientas dise\u00f1adas para proporcionar una auditor\u00eda SEO detallada y pr\u00e1ctica.<\/p>\n<div class=\"content__img-wrap\"><img src=\"https:\/\/sitechecker.pro\/wp-content\/uploads\/2024\/07\/issues-overview.png\" alt=\"Resumen de problemas\" class=\"description-img description-img-zoom\" loading=\"lazy\" ><\/div>\n<h2 id=\"par3\">Idea final<\/h2>\n<p>El verificador de etiquetas H1 es una herramienta en l\u00ednea especializada para analizar etiquetas H1 en p\u00e1ginas web y en sitios web completos. Ofrece un proceso sencillo para comprobar si las p\u00e1ginas web han implementado correctamente las etiquetas H1, cruciales para la optimizaci\u00f3n SEO. La herramienta proporciona informaci\u00f3n sobre la presencia de las etiquetas H1, sus atributos y los posibles problemas que afectan al SEO. Adem\u00e1s, cuenta con una interfaz intuitiva y un panel de control unificado para un conjunto integral de herramientas SEO. Los usuarios pueden realizar una comprobaci\u00f3n de dominio para una auditor\u00eda SEO exhaustiva o una comprobaci\u00f3n de p\u00e1gina para un an\u00e1lisis espec\u00edfico, con la opci\u00f3n de explorar funciones adicionales para una mejora exhaustiva del rendimiento de b\u00fasqueda.<\/p>\n<div id=\"par4\"><\/div>\n<p><div class=\"front__faq-block\"><div class=\"faq__block-title\">Preguntas frecuentes<\/div><div class=\"panel-group\" id=\"faq-accordion\" itemscope itemtype=\"https:\/\/schema.org\/FAQPage\" role=\"tablist\" aria-multiselectable=\"true\"><div class=\"panel\" itemscope itemtype=\"https:\/\/schema.org\/Question\" itemprop=\"mainEntity\">\n                            <div class=\"panel-heading\" id=\"headingFaq-1\">\n                                <div class=\"panel-title\" data-toggle=\"collapse\" aria-expanded=\"false\" href=\"#collapseFaq-1\">\n                                    <h3 itemprop=\"name\">\u00bfPuedo analizar el encabezado principal de una p\u00e1gina web espec\u00edfica con el Analizador de etiquetas H1?<\/h3>\n                                <\/div>\n                            <\/div>\n                            <div id=\"collapseFaq-1\" class=\"panel-collapse collapse\" itemprop=\"acceptedAnswer\" itemscope itemtype=\"http:\/\/schema.org\/Answer\">\n                                <div class=\"panel-body\" itemprop=\"text\">S\u00ed, el Verificador de etiquetas H1 permite analizar p\u00e1ginas web espec\u00edficas introduciendo la URL y buscando el encabezado principal.<\/div>\n                            <\/div>\n                        <\/div><div class=\"panel\" itemscope itemtype=\"https:\/\/schema.org\/Question\" itemprop=\"mainEntity\">\n                            <div class=\"panel-heading\" id=\"headingFaq-2\">\n                                <div class=\"panel-title\" data-toggle=\"collapse\" aria-expanded=\"false\" href=\"#collapseFaq-2\">\n                                    <h3 itemprop=\"name\">\u00bfSe requiere una cuenta para usar el Verificador de longitud H1 para p\u00e1ginas individuales?<\/h3>\n                                <\/div>\n                            <\/div>\n                            <div id=\"collapseFaq-2\" class=\"panel-collapse collapse\" itemprop=\"acceptedAnswer\" itemscope itemtype=\"http:\/\/schema.org\/Answer\">\n                                <div class=\"panel-body\" itemprop=\"text\">No, puede obtener un informe instant\u00e1neo de una sola p\u00e1gina web sin necesidad de una cuenta.<\/div>\n                            <\/div>\n                        <\/div><div class=\"panel\" itemscope itemtype=\"https:\/\/schema.org\/Question\" itemprop=\"mainEntity\">\n                            <div class=\"panel-heading\" id=\"headingFaq-3\">\n                                <div class=\"panel-title\" data-toggle=\"collapse\" aria-expanded=\"false\" href=\"#collapseFaq-3\">\n                                    <h3 itemprop=\"name\">\u00bfC\u00f3mo mejora el Verificador de etiquetas de encabezado el SEO?<\/h3>\n                                <\/div>\n                            <\/div>\n                            <div id=\"collapseFaq-3\" class=\"panel-collapse collapse\" itemprop=\"acceptedAnswer\" itemscope itemtype=\"http:\/\/schema.org\/Answer\">\n                                <div class=\"panel-body\" itemprop=\"text\">La herramienta comprueba la correcta implementaci\u00f3n de las etiquetas H1, esenciales para el SEO, analizando su presencia, atributos y cualquier problema que pueda afectar el posicionamiento en los motores de b\u00fasqueda.<\/div>\n                            <\/div>\n                        <\/div><div class=\"panel\" itemscope itemtype=\"https:\/\/schema.org\/Question\" itemprop=\"mainEntity\">\n                            <div class=\"panel-heading\" id=\"headingFaq-4\">\n                                <div class=\"panel-title\" data-toggle=\"collapse\" aria-expanded=\"false\" href=\"#collapseFaq-4\">\n                                    <h3 itemprop=\"name\">\u00bfEl Buscador de encabezados ofrece una auditor\u00eda completa del sitio?<\/h3>\n                                <\/div>\n                            <\/div>\n                            <div id=\"collapseFaq-4\" class=\"panel-collapse collapse\" itemprop=\"acceptedAnswer\" itemscope itemtype=\"http:\/\/schema.org\/Answer\">\n                                <div class=\"panel-body\" itemprop=\"text\">S\u00ed, la herramienta puede escanear un dominio completo para realizar una auditor\u00eda completa del sitio, identificando el uso de etiquetas H1 y otros problemas de contenido relacionados en todas las p\u00e1ginas.<\/div>\n                            <\/div>\n                        <\/div><div class=\"panel\" itemscope itemtype=\"https:\/\/schema.org\/Question\" itemprop=\"mainEntity\">\n                            <div class=\"panel-heading\" id=\"headingFaq-5\">\n                                <div class=\"panel-title\" data-toggle=\"collapse\" aria-expanded=\"false\" href=\"#collapseFaq-5\">\n                                    <h3 itemprop=\"name\">\u00bfPuede el Comprobador de Encabezados SEO ayudar a solucionar los problemas de SEO detectados?<\/h3>\n                                <\/div>\n                            <\/div>\n                            <div id=\"collapseFaq-5\" class=\"panel-collapse collapse\" itemprop=\"acceptedAnswer\" itemscope itemtype=\"http:\/\/schema.org\/Answer\">\n                                <div class=\"panel-body\" itemprop=\"text\">La herramienta no solo identifica problemas de SEO, sino que tambi\u00e9n proporciona instrucciones y estrategias para solucionarlos y mejorar el rendimiento de su sitio web.<\/div>\n                            <\/div>\n                        <\/div><\/div><\/div><\/p>","protected":false},"excerpt":{"rendered":"\u00bfQu\u00e9 es el Comprobador de Etiquetas H1? El Comprobador de Etiquetas H1 de Sitechecker es una herramienta en l\u00ednea dise\u00f1ada para analizar p\u00e1ginas espec\u00edficas y todo el sitio web en busca del atributo encabezado de p\u00e1gina. Ayuda a verificar si tus p\u00e1ginas web tienen una etiqueta H1 definida y problemas relacionados con la relevancia del&#8230;","protected":false},"author":11474150,"featured_media":3427,"parent":0,"menu_order":0,"comment_status":"closed","ping_status":"closed","template":"pages-templates\/pages-minitools-3.php","meta":[],"categories":[70],"tags":[],"_links":{"self":[{"href":"https:\/\/sitechecker.pro\/es\/wp-json\/wp\/v2\/pages\/349"}],"collection":[{"href":"https:\/\/sitechecker.pro\/es\/wp-json\/wp\/v2\/pages"}],"about":[{"href":"https:\/\/sitechecker.pro\/es\/wp-json\/wp\/v2\/types\/page"}],"author":[{"embeddable":true,"href":"https:\/\/sitechecker.pro\/es\/wp-json\/wp\/v2\/users\/11474150"}],"replies":[{"embeddable":true,"href":"https:\/\/sitechecker.pro\/es\/wp-json\/wp\/v2\/comments?post=349"}],"version-history":[{"count":105,"href":"https:\/\/sitechecker.pro\/es\/wp-json\/wp\/v2\/pages\/349\/revisions"}],"predecessor-version":[{"id":39341,"href":"https:\/\/sitechecker.pro\/es\/wp-json\/wp\/v2\/pages\/349\/revisions\/39341"}],"wp:featuredmedia":[{"embeddable":true,"href":"https:\/\/sitechecker.pro\/es\/wp-json\/wp\/v2\/media\/3427"}],"wp:attachment":[{"href":"https:\/\/sitechecker.pro\/es\/wp-json\/wp\/v2\/media?parent=349"}],"wp:term":[{"taxonomy":"category","embeddable":true,"href":"https:\/\/sitechecker.pro\/es\/wp-json\/wp\/v2\/categories?post=349"},{"taxonomy":"post_tag","embeddable":true,"href":"https:\/\/sitechecker.pro\/es\/wp-json\/wp\/v2\/tags?post=349"}],"curies":[{"name":"wp","href":"https:\/\/api.w.org\/{rel}","templated":true}]}}