{"id":30462,"date":"2024-02-12T13:39:47","date_gmt":"2024-02-12T13:39:47","guid":{"rendered":"https:\/\/sitechecker.pro\/?page_id=30462"},"modified":"2025-04-28T16:22:19","modified_gmt":"2025-04-28T16:22:19","slug":"html-source-code-viewer-inspect-code-identify-issues","status":"publish","type":"page","link":"https:\/\/sitechecker.pro\/es\/html-source-code-viewer\/","title":{"rendered":"Ver Codigo HTML Fuente Pagina Web | Inspeccione su c\u00f3digo e identifique problemas"},"content":{"rendered":"<p><\/p>\n<h2 id=\"par1\">\u00bfQu\u00e9 es el visor de c\u00f3digo fuente HTML?<\/h2>\n<p>El visor de c\u00f3digo fuente HTML de <a href=\"https:\/\/sitechecker.pro\/\" target=\"_blank\" rel=\"noopener noreferrer\">Sitechecker<\/a> es una herramienta dise\u00f1ada para inspeccionar y analizar el <a href=\"https:\/\/sitechecker.pro\/what-is-html\/\" target=\"_blank\" rel=\"noopener noreferrer\">c\u00f3digo HTML<\/a> de un sitio web, incluidas p\u00e1ginas espec\u00edficas, para identificar problemas de validaci\u00f3n de c\u00f3digo. Ayuda a comprender las estructuras de las p\u00e1ginas web, valida los problemas y mejora el rendimiento del sitio web al examinar el c\u00f3digo fuente que utilizan los navegadores para mostrar los sitios web.<\/p>\n<h3>\u00bfC\u00f3mo puede ayudarle el verificador de c\u00f3digo fuente HTML?<\/h3>\n<p><strong>Inspeccionar c\u00f3digo HTML: <\/strong>implica observar la estructura, la sintaxis y el contenido del HTML de cualquier p\u00e1gina web. Posibilidad de copiar el c\u00f3digo y encontrar elementos espec\u00edficos.<\/p>\n<p><strong>Identificaci\u00f3n de problemas: <\/strong>analice el HTML de su sitio web para identificar errores o \u00e1reas que necesitan mejoras.<\/p>\n<p><strong>Validaci\u00f3n peri\u00f3dica del estado del c\u00f3digo HTML: <\/strong>facilita la detecci\u00f3n constante de errores dentro del c\u00f3digo, genera informes de validaci\u00f3n y prioriza los errores para su posterior resoluci\u00f3n.<\/p>\n<h3>Caracter\u00edsticas clave de la herramienta<\/h3>\n<p><strong>Panel unificado: <\/strong>ofrece una descripci\u00f3n general completa del estado de SEO y las m\u00e9tricas de rendimiento de su sitio web en una ubicaci\u00f3n central. Permite un f\u00e1cil monitoreo de indicadores clave como el an\u00e1lisis de tr\u00e1fico, la calidad de los v\u00ednculos de retroceso y la velocidad del sitio, lo que facilita evaluaciones y decisiones r\u00e1pidas.<\/p>\n<p><strong>Interfaz f\u00e1cil de usar: <\/strong>dise\u00f1ada con una interfaz sencilla e intuitiva, lo que la hace accesible para usuarios de todos los niveles de habilidad. Esta facilidad de uso garantiza que navegar por las distintas funciones y herramientas sea simple, lo que mejora la experiencia general del usuario.<\/p>\n<p><strong>Complete SEO Toolset:<\/strong> ofrece un amplio conjunto de herramientas de SEO que abarcan desde la investigaci\u00f3n de palabras clave y el <a href=\"https:\/\/sitechecker.pro\/on-page-seo-checker\/\" target=\"_blank\" rel=\"noopener noreferrer\">an\u00e1lisis de SEO en la p\u00e1gina<\/a> hasta el seguimiento de backlinks y las auditor\u00edas de sitios web. Este completo conjunto de herramientas le permite abordar todos los aspectos del SEO desde una \u00fanica plataforma, lo que agiliza el proceso de optimizaci\u00f3n para obtener mejores clasificaciones y visibilidad en los motores de b\u00fasqueda.<\/p>\n<h2 id=\"par2\">C\u00f3mo utilizar la herramienta<\/h2>\n<p>Para realizar una comprobaci\u00f3n, seleccione la opci\u00f3n que necesite: comprobar todo el sitio o una p\u00e1gina espec\u00edfica. Comprobar todo el sitio le permite identificar errores comunes en el c\u00f3digo HTML, observar las tendencias de estos errores en su sitio y recibir recomendaciones para su resoluci\u00f3n. Validar una sola p\u00e1gina proporciona una evaluaci\u00f3n inmediata de la estructura HTML.<\/p>\n<div class=\"content__img-wrap\"><img src=\"https:\/\/sitechecker.pro\/wp-content\/uploads\/2024\/08\/1-HTML-selector-min-1.png\" alt=\"Elegir embudo\" class=\"description-img description-img-zoom\" loading=\"lazy\" ><\/div>\n<h2 id=\"par3\">Comprobaci\u00f3n del dominio<\/h2>\n<h3>Paso 1: Para iniciar la comprobaci\u00f3n del dominio, haga clic en el bot\u00f3n correspondiente para comenzar el proceso<\/h3>\n<div class=\"content__img-wrap\"><img src=\"https:\/\/sitechecker.pro\/wp-content\/uploads\/2024\/08\/2-HTML-code-website-check-min-1.png\" alt=\"Comprobaci\u00f3n del embudo del dominio\" class=\"description-img description-img-zoom\" loading=\"lazy\" ><\/div>\n<h3>Paso 2: Obtener resultados<\/h3>\n<p>El software en l\u00ednea HTML Source Code Viewer es una herramienta integral que muestra varios aspectos del estado del sitio web.<\/p>\n<p>La herramienta est\u00e1 dedicada a una lista de problemas, que detalla problemas HTML espec\u00edficos que afectan al sitio, desde problemas de datos estructurados hasta atributos duplicados, y muestra la cantidad de p\u00e1ginas afectadas. Esta secci\u00f3n se complementa con un \u00e1rea que confirma qu\u00e9 comprobaciones ha pasado el sitio, lo que indica que est\u00e1 en buenas condiciones en ciertos aspectos.<\/p>\n<p>En la parte superior, puede encontrar opciones para acciones inmediatas, como iniciar un nuevo rastreo, descargar un informe en PDF o exportar los resultados para un an\u00e1lisis m\u00e1s detallado. Un resumen de m\u00e9tricas proporciona una instant\u00e1nea r\u00e1pida del estado del sitio, que indica la cantidad de problemas cr\u00edticos, advertencias y avisos, junto con una puntuaci\u00f3n din\u00e1mica del sitio web que eval\u00faa la salud general sobre 100.<\/p>\n<div class=\"content__img-wrap\"><img src=\"https:\/\/sitechecker.pro\/wp-content\/uploads\/2024\/02\/code-validation-issues.png\" alt=\"Problemas de validaci\u00f3n de c\u00f3digo\" class=\"description-img description-img-zoom\" loading=\"lazy\" ><\/div>\n<h3>Funciones adicionales<\/h3>\n<p>Al hacer clic en el bot\u00f3n &#8220;Ver todas las p\u00e1ginas&#8221;, se abre una pantalla que muestra una lista de las p\u00e1ginas de su sitio, junto con opciones de filtrado para encontrar r\u00e1pidamente lo que necesita. Al seleccionar cualquier p\u00e1gina, ver\u00e1s detalles de su estado t\u00e9cnico y tendr\u00e1s la opci\u00f3n de examinar los datos HTML, copiarlos o buscar elementos espec\u00edficos.<\/p>\n<div class=\"content__img-wrap\"><img src=\"https:\/\/sitechecker.pro\/wp-content\/uploads\/2024\/02\/html-source-code.png\" alt=\"C\u00f3digo fuente HTML\" class=\"description-img description-img-zoom\" loading=\"lazy\" ><\/div>\n<h2 id=\"par4\">Inspeccionar el c\u00f3digo HTML de una p\u00e1gina espec\u00edfica<\/h2>\n<h3>Paso 1: Elige la opci\u00f3n de auditor\u00eda de p\u00e1gina<\/h3>\n<div class=\"content__img-wrap\"><img src=\"https:\/\/sitechecker.pro\/wp-content\/uploads\/2024\/08\/3-Get-Page-HTML-code-min-1.png\" alt=\"Page Funnel Check\" class=\"description-img description-img-zoom\" loading=\"lazy\" ><\/div>\n<h3>Paso 2: Obt\u00e9n resultados<\/h3>\n<p>A la derecha, la herramienta presenta una vista dividida. Un lado muestra el c\u00f3digo HTML de la p\u00e1gina revisada, lo que te permite inspeccionar la fuente directamente dentro de la herramienta. La secci\u00f3n de datos HTML incluye la declaraci\u00f3n de tipo de documento, el atributo de idioma, el conjunto de caracteres meta y una serie de etiquetas de v\u00ednculo alternativas para diferentes versiones de idioma, lo que indica una configuraci\u00f3n de sitio web multiling\u00fce. El otro lado de la vista dividida est\u00e1 destinado a la informaci\u00f3n del encabezado HTTP, que ser\u00eda fundamental para diagnosticar problemas relacionados con las respuestas del servidor y la accesibilidad de la p\u00e1gina.<\/p>\n<div class=\"content__img-wrap\"><img src=\"https:\/\/sitechecker.pro\/wp-content\/uploads\/2024\/02\/page-html.png\" alt=\"Page HTML\" class=\"description-img description-img-zoom\" loading=\"lazy\" ><\/div>\n<p>Para obtener una comprensi\u00f3n integral de las capacidades de la herramienta m\u00e1s all\u00e1 del an\u00e1lisis del c\u00f3digo HTML de una sola p\u00e1gina, consulte las pantallas de verificaci\u00f3n de dominio detalladas en la secci\u00f3n de apertura de la gu\u00eda sobre c\u00f3mo realizar un escaneo de dominio.<\/p>\n<div class=\"content__img-wrap\"><img src=\"https:\/\/sitechecker.pro\/wp-content\/uploads\/2024\/02\/run-full-website-audit_65ca1cb6765ae.png\" alt=\"Ejecutar auditor\u00eda completa del sitio web\" class=\"description-img description-img-zoom\" loading=\"lazy\" ><\/div>\n<p>Alternativamente, puede seleccionar &#8220;Auditor\u00eda del sitio&#8221; para profundizar en la gama completa de funciones que ofrece la herramienta. Esta exploraci\u00f3n le permite comprender c\u00f3mo se puede aplicar la herramienta para mejorar el rendimiento de su sitio web.<\/p>\n<h3>Funciones adicionales<\/h3>\n<p>La herramienta HTML Code Checker proporciona un an\u00e1lisis integral del estado de SEO de una p\u00e1gina web. Cuenta con un sistema de puntuaci\u00f3n, que aqu\u00ed muestra hasta 100, que refleja el nivel de optimizaci\u00f3n de la p\u00e1gina.<\/p>\n<p>Los problemas cr\u00edticos y las advertencias se resumen para una r\u00e1pida identificaci\u00f3n y se detallan en el panel de navegaci\u00f3n, que incluye varios aspectos de SEO como an\u00e1lisis de enlaces, relevancia del contenido, im\u00e1genes, informaci\u00f3n de PageSpeed, etc.<\/p>\n<div class=\"content__img-wrap\"><img src=\"https:\/\/sitechecker.pro\/wp-content\/uploads\/2024\/02\/on-page-seo-checker.png\" alt=\"On-Page SEO Checker\" class=\"description-img description-img-zoom\" loading=\"lazy\" ><\/div>\n<p>La herramienta tambi\u00e9n presenta una secci\u00f3n para revisar enlaces, que indica el estado y la relevancia de las conexiones entrantes y salientes. Esta funcionalidad es esencial para ajustar los atributos de SEO de la p\u00e1gina y mejorar el rendimiento del sitio.<\/p>\n<h2 id=\"par5\">Idea final<\/h2>\n<p>La herramienta Page Inspector es una herramienta en l\u00ednea para analizar y validar el c\u00f3digo HTML de las p\u00e1ginas web. Ayuda a identificar problemas, comprender las estructuras de las p\u00e1ginas y mejorar el rendimiento del sitio web. Las caracter\u00edsticas clave incluyen un panel unificado para una vista general del estado de SEO, una interfaz f\u00e1cil de usar y un conjunto completo de herramientas de SEO para tareas de optimizaci\u00f3n integrales. Los usuarios pueden realizar comprobaciones en todo el sitio o centrarse en p\u00e1ginas espec\u00edficas para detectar errores y recibir recomendaciones. La herramienta tambi\u00e9n proporciona informes detallados, recuperaci\u00f3n instant\u00e1nea de c\u00f3digo y la capacidad de inspeccionar, copiar y solucionar problemas de HTML y <a href=\"https:\/\/sitechecker.pro\/http-header-checker\/\" data-wpil-monitor-id=\"237\">encabezados HTTP<\/a>, lo que permite realizar an\u00e1lisis detallados y comprobaciones r\u00e1pidas.<\/p>\n<div id=\"par6\"><\/div>\n<p><div class=\"front__faq-block\"><div class=\"faq__block-title\">Preguntas frecuentes<\/div><div class=\"panel-group\" id=\"faq-accordion\" itemscope itemtype=\"https:\/\/schema.org\/FAQPage\" role=\"tablist\" aria-multiselectable=\"true\"><div class=\"panel\" itemscope itemtype=\"https:\/\/schema.org\/Question\" itemprop=\"mainEntity\">\n                            <div class=\"panel-heading\" id=\"headingFaq-1\">\n                                <div class=\"panel-title\" data-toggle=\"collapse\" aria-expanded=\"false\" href=\"#collapseFaq-1\">\n                                    <h3 itemprop=\"name\">\u00bfCu\u00e1l es el objetivo principal del esc\u00e1ner de c\u00f3digo fuente HTML?<\/h3>\n                                <\/div>\n                            <\/div>\n                            <div id=\"collapseFaq-1\" class=\"panel-collapse collapse\" itemprop=\"acceptedAnswer\" itemscope itemtype=\"http:\/\/schema.org\/Answer\">\n                                <div class=\"panel-body\" itemprop=\"text\">Su objetivo principal es analizar el HTML de las p\u00e1ginas web para identificar errores, garantizar el estado del c\u00f3digo y mejorar el rendimiento y el SEO de un sitio web.<\/div>\n                            <\/div>\n                        <\/div><div class=\"panel\" itemscope itemtype=\"https:\/\/schema.org\/Question\" itemprop=\"mainEntity\">\n                            <div class=\"panel-heading\" id=\"headingFaq-2\">\n                                <div class=\"panel-title\" data-toggle=\"collapse\" aria-expanded=\"false\" href=\"#collapseFaq-2\">\n                                    <h3 itemprop=\"name\">\u00bfExisten funciones para supervisar los cambios en el estado del SEO de un sitio web a lo largo del tiempo?<\/h3>\n                                <\/div>\n                            <\/div>\n                            <div id=\"collapseFaq-2\" class=\"panel-collapse collapse\" itemprop=\"acceptedAnswer\" itemscope itemtype=\"http:\/\/schema.org\/Answer\">\n                                <div class=\"panel-body\" itemprop=\"text\">S\u00ed, la herramienta incluye funciones para realizar un seguimiento de las tendencias de errores de HTML y otros problemas de SEO, lo que ayuda a supervisar el estado de un sitio de forma din\u00e1mica.<\/div>\n                            <\/div>\n                        <\/div><div class=\"panel\" itemscope itemtype=\"https:\/\/schema.org\/Question\" itemprop=\"mainEntity\">\n                            <div class=\"panel-heading\" id=\"headingFaq-3\">\n                                <div class=\"panel-title\" data-toggle=\"collapse\" aria-expanded=\"false\" href=\"#collapseFaq-3\">\n                                    <h3 itemprop=\"name\">\u00bfQu\u00e9 tan f\u00e1cil de usar es el Analizador de c\u00f3digo fuente HTML para usuarios no t\u00e9cnicos?<\/h3>\n                                <\/div>\n                            <\/div>\n                            <div id=\"collapseFaq-3\" class=\"panel-collapse collapse\" itemprop=\"acceptedAnswer\" itemscope itemtype=\"http:\/\/schema.org\/Answer\">\n                                <div class=\"panel-body\" itemprop=\"text\">La herramienta est\u00e1 dise\u00f1ada con una interfaz sencilla e intuitiva, lo que la hace accesible y f\u00e1cil de usar para usuarios de todos los niveles de habilidad.<\/div>\n                            <\/div>\n                        <\/div><div class=\"panel\" itemscope itemtype=\"https:\/\/schema.org\/Question\" itemprop=\"mainEntity\">\n                            <div class=\"panel-heading\" id=\"headingFaq-4\">\n                                <div class=\"panel-title\" data-toggle=\"collapse\" aria-expanded=\"false\" href=\"#collapseFaq-4\">\n                                    <h3 itemprop=\"name\">\u00bfHay soporte para sitios web multiling\u00fces dentro de la funcionalidad del Comprobador de c\u00f3digo fuente HTML?<\/h3>\n                                <\/div>\n                            <\/div>\n                            <div id=\"collapseFaq-4\" class=\"panel-collapse collapse\" itemprop=\"acceptedAnswer\" itemscope itemtype=\"http:\/\/schema.org\/Answer\">\n                                <div class=\"panel-body\" itemprop=\"text\">S\u00ed, la herramienta puede identificar y manejar etiquetas de enlaces alternativos para diferentes versiones de idioma, lo cual es esencial para configuraciones de sitios web multiling\u00fces.<\/div>\n                            <\/div>\n                        <\/div><\/div><\/div><\/p>","protected":false},"excerpt":{"rendered":"\u00bfQu\u00e9 es el visor de c\u00f3digo fuente HTML? El visor de c\u00f3digo fuente HTML de Sitechecker es una herramienta dise\u00f1ada para inspeccionar y analizar el c\u00f3digo HTML de un sitio web, incluidas p\u00e1ginas espec\u00edficas, para identificar problemas de validaci\u00f3n de c\u00f3digo. Ayuda a comprender las estructuras de las p\u00e1ginas web, valida los problemas y mejora&#8230;","protected":false},"author":10409641,"featured_media":0,"parent":0,"menu_order":0,"comment_status":"closed","ping_status":"closed","template":"pages-templates\/pages-minitools-3.php","meta":[],"categories":[74],"tags":[],"_links":{"self":[{"href":"https:\/\/sitechecker.pro\/es\/wp-json\/wp\/v2\/pages\/30462"}],"collection":[{"href":"https:\/\/sitechecker.pro\/es\/wp-json\/wp\/v2\/pages"}],"about":[{"href":"https:\/\/sitechecker.pro\/es\/wp-json\/wp\/v2\/types\/page"}],"author":[{"embeddable":true,"href":"https:\/\/sitechecker.pro\/es\/wp-json\/wp\/v2\/users\/10409641"}],"replies":[{"embeddable":true,"href":"https:\/\/sitechecker.pro\/es\/wp-json\/wp\/v2\/comments?post=30462"}],"version-history":[{"count":10,"href":"https:\/\/sitechecker.pro\/es\/wp-json\/wp\/v2\/pages\/30462\/revisions"}],"predecessor-version":[{"id":38160,"href":"https:\/\/sitechecker.pro\/es\/wp-json\/wp\/v2\/pages\/30462\/revisions\/38160"}],"wp:attachment":[{"href":"https:\/\/sitechecker.pro\/es\/wp-json\/wp\/v2\/media?parent=30462"}],"wp:term":[{"taxonomy":"category","embeddable":true,"href":"https:\/\/sitechecker.pro\/es\/wp-json\/wp\/v2\/categories?post=30462"},{"taxonomy":"post_tag","embeddable":true,"href":"https:\/\/sitechecker.pro\/es\/wp-json\/wp\/v2\/tags?post=30462"}],"curies":[{"name":"wp","href":"https:\/\/api.w.org\/{rel}","templated":true}]}}