{"id":30166,"date":"2024-02-01T12:49:09","date_gmt":"2024-02-01T12:49:09","guid":{"rendered":"https:\/\/sitechecker.pro\/?page_id=30166"},"modified":"2026-02-13T16:49:09","modified_gmt":"2026-02-13T16:49:09","slug":"anchor-text-checker-accurate-detection-anchors-webpages","status":"publish","type":"page","link":"https:\/\/sitechecker.pro\/es\/anchor-text-checker\/","title":{"rendered":"Comprobador de texto de anclaje"},"content":{"rendered":"<p><\/p>\n<h2 id=\"par1\">\u00bfQu\u00e9 es Anchor Text Checker?<\/h2>\n<p>El Anchor Text Checker de <a href=\"https:\/\/sitechecker.pro\/\" target=\"_blank\" rel=\"noopener noreferrer\">Sitechecker<\/a> es una herramienta de SEO que analiza el texto en el que se puede hacer clic en los hiperv\u00ednculos que apuntan a un sitio web. Ayuda a identificar la diversidad y la relevancia de estos textos de enlaces, lo que garantiza que se ajusten a las mejores pr\u00e1cticas de SEO. Esta herramienta es fundamental para detectar la sobreoptimizaci\u00f3n y para mejorar el <a href=\"https:\/\/sitechecker.pro\/what-is-backlink\/\" target=\"_blank\" rel=\"noopener noreferrer\">perfil de backlinks<\/a> de un sitio web, lo que es importante para obtener mejores clasificaciones en los motores de b\u00fasqueda.<\/p>\n<h3>La herramienta puede ayudarte de muchas maneras<\/h3>\n<p><strong>An\u00e1lisis de texto de anclaje: <\/strong>se destaca en el an\u00e1lisis de la diversidad y relevancia de los textos de anclaje en todo un sitio web, permite <a href=\"https:\/\/sitechecker.pro\/link-extractor\/\" target=\"_blank\" rel=\"noopener noreferrer\">inspeccionar todos los enlaces<\/a> en tu sitio o profundizar en p\u00e1ginas espec\u00edficas para obtener informaci\u00f3n detallada.<\/p>\n<p><strong>Detecci\u00f3n de problemas de anclaje: <\/strong>destaca de manera eficaz \u00e1reas cr\u00edticas en el uso del texto de anclaje, como la repetici\u00f3n excesiva o la falta de diversidad, que son cruciales para mantener un perfil SEO saludable y evitar penalizaciones de los motores de b\u00fasqueda.<\/p>\n<p><strong>Informaci\u00f3n para mejorar los enlaces: <\/strong>ofrece informaci\u00f3n detallada sobre c\u00f3mo se utilizan los textos de los enlaces en un sitio web. El Comprobador de texto de hiperv\u00ednculos le ayuda a optimizar sus pr\u00e1cticas de enlaces <a href=\"https:\/\/sitechecker.pro\/what-is-internal-link\/\" target=\"_blank\" rel=\"noopener noreferrer\">internos<\/a> y <a href=\"https:\/\/sitechecker.pro\/what-are-external-links\/\" target=\"_blank\" rel=\"noopener noreferrer\">externos<\/a>.<\/p>\n<h3>Caracter\u00edsticas clave de la herramienta<\/h3>\n<p><strong>Panel unificado: <\/strong>ofrece una ubicaci\u00f3n centralizada donde se muestran todos los datos y m\u00e9tricas relacionados con el SEO. Permite a los usuarios <a href=\"https:\/\/sitechecker.pro\/monitoreo-de-sitios-web\/\" target=\"_blank\" rel=\"noopener noreferrer\">monitorear el rendimiento del sitio web<\/a>, hacer un seguimiento de las clasificaciones, ver los perfiles de backlinks y analizar el estado del sitio web, todo desde un \u00fanico panel.<\/p>\n<p><strong>Interfaz f\u00e1cil de usar: <\/strong>dise\u00f1ada con un enfoque en la facilidad de uso. Su interfaz es intuitiva, lo que la hace accesible tanto para principiantes como para profesionales de SEO experimentados.<\/p>\n<p><strong>Conjunto completo de herramientas de SEO: <\/strong>ofrece un conjunto completo de herramientas de SEO que cubren todos los aspectos de optimizaci\u00f3n del sitio web. Esto incluye auditor\u00edas de SEO en la p\u00e1gina, seguimiento de palabras clave, an\u00e1lisis de backlinks, seguimiento de la clasificaci\u00f3n del sitio web y m\u00e1s.<\/p>\n<h2 id=\"par2\">C\u00f3mo usar la herramienta<\/h2>\n<p>Para la extracci\u00f3n de anclas, elija el m\u00e9todo de dominio para analizar todos los enlaces en un sitio web, o seleccione el m\u00e9todo de p\u00e1gina \u00fanica para obtener informaci\u00f3n detallada sobre una p\u00e1gina espec\u00edfica. Ingrese su dominio o URL y haga clic en &#8220;Obtener todas las anclas&#8221; para comenzar. Una vez listo, la herramienta comienza a analizar los datos del sitio.<\/p>\n<div class=\"content__img-wrap\"><img src=\"https:\/\/sitechecker.pro\/wp-content\/uploads\/2024\/08\/1-Anchors-Selector-min.png\" alt=\"Anchor Text Checker Page\" class=\"description-img description-img-zoom\" loading=\"lazy\" ><\/div>\n<h2 id=\"par3\">Domain Check<\/h2>\n<h3>Paso 1: Elige la opci\u00f3n de dominio, ingresa el dominio que deseas analizar y haz clic en el bot\u00f3n &#8220;Obtener todos los anclajes&#8221;<\/h3>\n<div class=\"content__img-wrap\"><img src=\"https:\/\/sitechecker.pro\/wp-content\/uploads\/2024\/08\/1-Website-Anchors-Check-min.png\" alt=\"Anchor Text Checker Domain\" class=\"description-img description-img-zoom\" loading=\"lazy\" ><\/div>\n<div class=\"important-block\">Para recibir resultados y acceso a las funciones de Sitechecker durante 14 d\u00edas, comienza tu prueba GRATUITA. Registrarse es f\u00e1cil con tu cuenta de correo electr\u00f3nico, Google o Facebook. No se necesita tarjeta de cr\u00e9dito.<\/div>\n<h3>Paso 2: Obtener resultados<\/h3>\n<p>El \u00e1rea principal de la herramienta muestra una lista de problemas, donde los problemas se clasifican como &#8220;Todos los problemas&#8221;, &#8220;Cr\u00edticos&#8221;, &#8220;Advertencias&#8221;, &#8220;Oportunidades&#8221;, &#8220;Avisos&#8221; y &#8220;Cero problemas&#8221;.<\/p>\n<p>En esta lista, se destacan problemas espec\u00edficos relacionados con los enlaces, como enlaces internos a p\u00e1ginas 3xx, p\u00e1ginas con una sola URL de enlace interno seguida, etc.<\/p>\n<p>Una advertencia de ancla indica que hay varias p\u00e1ginas con enlaces internos salientes que utilizan un texto de enlace de una sola palabra. Esto podr\u00eda sugerir una falta de diversidad de palabras clave, lo que no es ideal para SEO, ya que puede necesitar proporcionar m\u00e1s contexto a los motores de b\u00fasqueda sobre el contenido vinculado.<\/p>\n<p>Adem\u00e1s, el Comprobador de texto de ancla interno indica p\u00e1ginas con m\u00e1s de dos enlaces a una p\u00e1gina interna que utilizan el mismo texto de ancla, lo que podr\u00eda ser marcado como sobreoptimizaci\u00f3n por los motores de b\u00fasqueda y podr\u00eda afectar negativamente el rendimiento SEO del sitio.<\/p>\n<div class=\"content__img-wrap\"><img src=\"https:\/\/sitechecker.pro\/wp-content\/uploads\/2024\/02\/site-audit-results.png\" alt=\"Resultados de la auditor\u00eda del sitio\" class=\"description-img description-img-zoom\" loading=\"lazy\" ><\/div>\n<p>Backlink Anchor Text Checker ha realizado un rastreo exhaustivo de forma preventiva, identificando y categorizando los textos de los enlaces utilizados en los enlaces internos y externos de su sitio. Puede acceder a estos datos, que le ofrecer\u00e1n informaci\u00f3n valiosa para refinar la distribuci\u00f3n de su texto de anclaje, haciendo clic en &#8220;Ver todas las p\u00e1ginas&#8221; y seleccionando una p\u00e1gina espec\u00edfica.<\/p>\n<div class=\"content__img-wrap\"><img src=\"https:\/\/sitechecker.pro\/wp-content\/uploads\/2024\/02\/page-details-anchors.png\" alt=\"Anclajes de detalles de la p\u00e1gina\" class=\"description-img description-img-zoom\" loading=\"lazy\" ><\/div>\n<h3>Funciones adicionales<\/h3>\n<p>El detector de texto de anclaje ofrece un diagn\u00f3stico completo de los problemas relacionados con el SEO, destacando el porcentaje de p\u00e1ginas afectadas por desaf\u00edos espec\u00edficos. Identifica las p\u00e1ginas que requieren mejoras en el SEO relacionado con los enlaces, la relevancia del contenido y la velocidad de la p\u00e1gina, entre otros factores.<\/p>\n<p>Adem\u00e1s, la herramienta proporciona informaci\u00f3n sobre la indexabilidad, las redirecciones y los problemas del mapa del sitio para garantizar la m\u00e1xima visibilidad en los motores de b\u00fasqueda y mejorar la experiencia del usuario. El an\u00e1lisis est\u00e1 dise\u00f1ado para ayudar a los usuarios a priorizar de manera eficaz sus estrategias de SEO.<\/p>\n<div class=\"content__img-wrap\"><img src=\"https:\/\/sitechecker.pro\/wp-content\/uploads\/2024\/02\/affected-pages-by-category.png\" alt=\"P\u00e1ginas afectadas por categor\u00eda\" class=\"description-img description-img-zoom\" loading=\"lazy\" ><\/div>\n<h2 id=\"par4\">Comprobador de texto de anclaje de p\u00e1gina<\/h2>\n<p>El Comprobador de texto de anclaje es una funci\u00f3n esencial para analizar el perfil de enlaces de su sitio, ya que proporciona una mirada en profundidad a los textos de los enlaces asociados con sus enlaces externos, internos y de subdominio. Esta herramienta ayuda a identificar c\u00f3mo est\u00e1 anclado cada enlace, lo que garantiza que se alinee con sus estrategias de SEO. Tambi\u00e9n verifica los c\u00f3digos de respuesta HTTP para confirmar el estado y la accesibilidad de las p\u00e1ginas vinculadas. Ya sea para realizar un seguimiento de c\u00f3mo los sitios externos hacen referencia a su sitio o para comprender su estructura de enlaces internos, Anchor Text Checker le proporciona la informaci\u00f3n necesaria para realizar optimizaciones informadas en la estrategia de enlaces de su sitio web.<\/p>\n<div class=\"content__img-wrap\"><img src=\"https:\/\/sitechecker.pro\/wp-content\/uploads\/2024\/08\/3-Page-Anchors-Check-min.png\" alt=\"Enlaces de subdominios internos externos\" class=\"description-img description-img-zoom\" loading=\"lazy\" ><\/div>\n<p>Comprender el impacto de los textos de los enlaces en su sitio web requiere m\u00e1s que un an\u00e1lisis p\u00e1gina por p\u00e1gina. Para una evaluaci\u00f3n hol\u00edstica, inicie una revisi\u00f3n integral del sitio haciendo clic en el bot\u00f3n &#8220;Ejecutar una auditor\u00eda completa del sitio web&#8221;.<\/p>\n<p>Para obtener m\u00e1s informaci\u00f3n sobre lo que la herramienta puede ofrecer despu\u00e9s del an\u00e1lisis del dominio, consulte la secci\u00f3n de verificaci\u00f3n del dominio al comienzo de esta gu\u00eda. Adem\u00e1s, para experimentar de primera mano los beneficios de la herramienta, interact\u00fae con el proyecto de demostraci\u00f3n proporcionado. Explore todo el potencial de la herramienta seleccionando el bot\u00f3n &#8220;Auditor\u00eda del sitio&#8221;.<\/p>\n<div class=\"content__img-wrap\"><img src=\"https:\/\/sitechecker.pro\/wp-content\/uploads\/2024\/02\/run-full-website-audit.png\" alt=\"Ejecutar auditor\u00eda completa del sitio web\" class=\"description-img description-img-zoom\" loading=\"lazy\" ><\/div>\n<h3>Funciones adicionales de Page Anchor Checker<\/h3>\n<p>El Anchor Text Checker mejora el SEO de su sitio al ofrecer un conjunto integrado de funciones. Comienza con una descripci\u00f3n general de todos los problemas de SEO, lo que lo gu\u00eda hacia las \u00e1reas que necesitan mejoras.<\/p>\n<p>La optimizaci\u00f3n de contenido garantiza que su texto se alinee con las mejores pr\u00e1cticas de SEO, mientras que la funci\u00f3n de datos estructurados verifica que los motores de b\u00fasqueda puedan comprender el contexto de su contenido.<\/p>\n<p>La optimizaci\u00f3n de im\u00e1genes eval\u00faa el impacto SEO de los elementos visuales y la optimizaci\u00f3n de b\u00fasqueda m\u00e1s amplia eval\u00faa la visibilidad de su sitio en los resultados de b\u00fasqueda.<\/p>\n<p>PageSpeed \u200b\u200bInsights analiza los tiempos de carga, lo cual es crucial tanto para la experiencia del usuario como para las clasificaciones de b\u00fasqueda. Estas herramientas funcionan al un\u00edsono para lograr un enfoque optimizado y eficaz del SEO.<\/p>\n<div class=\"content__img-wrap\"><img src=\"https:\/\/sitechecker.pro\/wp-content\/uploads\/2024\/02\/issues-overview.png\" alt=\"Descripci\u00f3n general de los problemas\" class=\"description-img description-img-zoom\" loading=\"lazy\" ><\/div>\n<h2 id=\"par5\">Idea final<\/h2>\n<p>El Comprobador de texto de anclaje es una herramienta de SEO fundamental que detecta todos los textos de anclaje de su sitio y los que enlazan a \u00e9l. Con una interfaz f\u00e1cil de usar y un s\u00f3lido conjunto de funciones, ofrece un an\u00e1lisis integral de los textos de los enlaces y el estado general del sitio web. Esta herramienta es perfecta para propietarios de sitios web y expertos en SEO, ya que identifica \u00e1reas de mejora y ofrece informaci\u00f3n valiosa para mejorar las clasificaciones de b\u00fasqueda y la experiencia del usuario. Con funcionalidades adicionales para la optimizaci\u00f3n de contenido, im\u00e1genes y b\u00fasqueda, as\u00ed como informaci\u00f3n sobre la velocidad, sirve como una soluci\u00f3n integral para fortalecer su presencia en l\u00ednea.<\/p>\n<div id=\"par6\"><\/div>\n<p><div class=\"front__faq-block\"><div class=\"faq__block-title\">Preguntas frecuentes<\/div><div class=\"panel-group\" id=\"faq-accordion\" itemscope itemtype=\"https:\/\/schema.org\/FAQPage\" role=\"tablist\" aria-multiselectable=\"true\"><div class=\"panel\" itemscope itemtype=\"https:\/\/schema.org\/Question\" itemprop=\"mainEntity\">\n                            <div class=\"panel-heading\" id=\"headingFaq-1\">\n                                <div class=\"panel-title\" data-toggle=\"collapse\" aria-expanded=\"false\" href=\"#collapseFaq-1\">\n                                    <h3 itemprop=\"name\">\u00bfPuede el Anchor Text Checker ayudar con el SEO fuera de la p\u00e1gina?<\/h3>\n                                <\/div>\n                            <\/div>\n                            <div id=\"collapseFaq-1\" class=\"panel-collapse collapse\" itemprop=\"acceptedAnswer\" itemscope itemtype=\"http:\/\/schema.org\/Answer\">\n                                <div class=\"panel-body\" itemprop=\"text\">S\u00ed, puede analizar los textos de los enlaces de los backlinks, lo que le ayudar\u00e1 a comprender y mejorar su estrategia de SEO fuera de la p\u00e1gina.<\/div>\n                            <\/div>\n                        <\/div><div class=\"panel\" itemscope itemtype=\"https:\/\/schema.org\/Question\" itemprop=\"mainEntity\">\n                            <div class=\"panel-heading\" id=\"headingFaq-2\">\n                                <div class=\"panel-title\" data-toggle=\"collapse\" aria-expanded=\"false\" href=\"#collapseFaq-2\">\n                                    <h3 itemprop=\"name\">\u00bfLos principiantes pueden utilizar el Anchor Text Checker de forma eficaz?<\/h3>\n                                <\/div>\n                            <\/div>\n                            <div id=\"collapseFaq-2\" class=\"panel-collapse collapse\" itemprop=\"acceptedAnswer\" itemscope itemtype=\"http:\/\/schema.org\/Answer\">\n                                <div class=\"panel-body\" itemprop=\"text\">S\u00ed, la herramienta tiene una interfaz f\u00e1cil de usar dise\u00f1ada tanto para principiantes como para profesionales del SEO.<\/div>\n                            <\/div>\n                        <\/div><div class=\"panel\" itemscope itemtype=\"https:\/\/schema.org\/Question\" itemprop=\"mainEntity\">\n                            <div class=\"panel-heading\" id=\"headingFaq-3\">\n                                <div class=\"panel-title\" data-toggle=\"collapse\" aria-expanded=\"false\" href=\"#collapseFaq-3\">\n                                    <h3 itemprop=\"name\">\u00bfLa herramienta proporciona actualizaciones en tiempo real sobre el rendimiento del ancla?<\/h3>\n                                <\/div>\n                            <\/div>\n                            <div id=\"collapseFaq-3\" class=\"panel-collapse collapse\" itemprop=\"acceptedAnswer\" itemscope itemtype=\"http:\/\/schema.org\/Answer\">\n                                <div class=\"panel-body\" itemprop=\"text\">Es probable que la herramienta ofrezca una funci\u00f3n para realizar un seguimiento del rendimiento del ancla y actualizaciones sobre el estado de los backlinks, que pueden ser casi en tiempo real seg\u00fan la frecuencia de rastreo de la herramienta.<\/div>\n                            <\/div>\n                        <\/div><\/div><\/div><\/p>","protected":false},"excerpt":{"rendered":"\u00bfQu\u00e9 es Anchor Text Checker? El Anchor Text Checker de Sitechecker es una herramienta de SEO que analiza el texto en el que se puede hacer clic en los hiperv\u00ednculos que apuntan a un sitio web. Ayuda a identificar la diversidad y la relevancia de estos textos de enlaces, lo que garantiza que se ajusten&#8230;","protected":false},"author":10409641,"featured_media":0,"parent":0,"menu_order":0,"comment_status":"closed","ping_status":"closed","template":"pages-templates\/pages-minitools-3.php","meta":[],"categories":[72],"tags":[],"_links":{"self":[{"href":"https:\/\/sitechecker.pro\/es\/wp-json\/wp\/v2\/pages\/30166"}],"collection":[{"href":"https:\/\/sitechecker.pro\/es\/wp-json\/wp\/v2\/pages"}],"about":[{"href":"https:\/\/sitechecker.pro\/es\/wp-json\/wp\/v2\/types\/page"}],"author":[{"embeddable":true,"href":"https:\/\/sitechecker.pro\/es\/wp-json\/wp\/v2\/users\/10409641"}],"replies":[{"embeddable":true,"href":"https:\/\/sitechecker.pro\/es\/wp-json\/wp\/v2\/comments?post=30166"}],"version-history":[{"count":19,"href":"https:\/\/sitechecker.pro\/es\/wp-json\/wp\/v2\/pages\/30166\/revisions"}],"predecessor-version":[{"id":39265,"href":"https:\/\/sitechecker.pro\/es\/wp-json\/wp\/v2\/pages\/30166\/revisions\/39265"}],"wp:attachment":[{"href":"https:\/\/sitechecker.pro\/es\/wp-json\/wp\/v2\/media?parent=30166"}],"wp:term":[{"taxonomy":"category","embeddable":true,"href":"https:\/\/sitechecker.pro\/es\/wp-json\/wp\/v2\/categories?post=30166"},{"taxonomy":"post_tag","embeddable":true,"href":"https:\/\/sitechecker.pro\/es\/wp-json\/wp\/v2\/tags?post=30166"}],"curies":[{"name":"wp","href":"https:\/\/api.w.org\/{rel}","templated":true}]}}