{"id":29818,"date":"2024-01-22T16:09:06","date_gmt":"2024-01-22T16:09:06","guid":{"rendered":"https:\/\/sitechecker.pro\/?page_id=29818"},"modified":"2026-02-18T15:58:04","modified_gmt":"2026-02-18T15:58:04","slug":"nofollow-link-checker-detect-nofollow-attributes-website","status":"publish","type":"page","link":"https:\/\/sitechecker.pro\/es\/nofollow-link-checker\/","title":{"rendered":"Comprobador de enlaces nofollow | Detecta atributos nofollow en sitios web"},"content":{"rendered":"<p><\/p>\n<h2 id=\"par1\">\u00bfQu\u00e9 es una herramienta Nofollow Link Checker?<\/h2>\n<p>Nofollow Link Checker es una herramienta que analiza una p\u00e1gina web e identifica el atributo rel=&#8221;nofollow&#8221; de todos los enlaces y las directivas de indexaci\u00f3n. Detecta la configuraci\u00f3n de Robots meta y <a href=\"https:\/\/sitechecker.pro\/meta-robots-tag\/\" target=\"_blank\" rel=\"noopener noreferrer\">X-Robots-Tag<\/a>, comprueba los <a href=\"https:\/\/sitechecker.pro\/link-attributes\/\" target=\"_blank\" rel=\"noopener noreferrer\">atributos nofollow<\/a>, muestra enlaces internos y externos dofollow\/nofollow, proporciona una lista completa de anclajes y devuelve los <a href=\"https:\/\/sitechecker.pro\/http-status-codes-list\/\" target=\"_blank\" rel=\"noopener noreferrer\">c\u00f3digos de estado<\/a> de cada URL.<\/p>\n<h3>C\u00f3mo puede ayudarte la herramienta<\/h3>\n<p><strong>Identificaci\u00f3n de reglas de Robots y X-Robots-Tag: <\/strong>comprueba si la p\u00e1gina contiene directivas Robots meta o X-Robots-Tag y te ayuda a detectar noindex, nofollow u otras reglas que pueden limitar el <a href=\"https:\/\/sitechecker.pro\/website-crawler\/\" target=\"_blank\" rel=\"noopener noreferrer\">rastreo<\/a> o la <a href=\"https:\/\/sitechecker.pro\/google-index\/\" target=\"_blank\" rel=\"noopener noreferrer\">indexaci\u00f3n<\/a>.<\/p>\n<p><strong>Detecci\u00f3n de enlaces nofollow internos y externos: <\/strong>identifica todos los atributos dofollow y nofollow en enlaces internos y externos, ofreciendo una visibilidad completa de c\u00f3mo fluye la autoridad de enlaces a trav\u00e9s de la p\u00e1gina.<\/p>\n<p><strong>Informe completo de anclajes y estado de enlaces: <\/strong>proporciona una lista estructurada de todos los textos de anclaje y verifica los c\u00f3digos de estado de cada URL, permiti\u00e9ndote detectar <a href=\"https:\/\/sitechecker.pro\/broken-links\/\" target=\"_blank\" rel=\"noopener noreferrer\">enlaces rotos<\/a>, <a href=\"https:\/\/sitechecker.pro\/redirect-checker\/\" target=\"_blank\" rel=\"noopener noreferrer\">redirecciones<\/a> y otros problemas que pueden afectar el rendimiento SEO.<\/p>\n<h3>Funciones clave de la herramienta<\/h3>\n<p><strong>Panel unificado: <\/strong>ofrece un panel centralizado que proporciona una visi\u00f3n completa de varias m\u00e9tricas SEO e indicadores de rendimiento del sitio web.<\/p>\n<p><strong>Interfaz f\u00e1cil de usar: <\/strong>dise\u00f1ada con un enfoque en la experiencia del usuario, asegurando que la interfaz sea intuitiva y f\u00e1cil de navegar.<\/p>\n<p><strong>Conjunto completo de herramientas SEO: <\/strong>incluye una suite completa de herramientas SEO, con funciones para investigaci\u00f3n de palabras clave, optimizaci\u00f3n de <a href=\"https:\/\/sitechecker.pro\/on-page-seo-checker\/\" target=\"_blank\" rel=\"noopener noreferrer\">SEO on-page<\/a>, <a href=\"https:\/\/sitechecker.pro\/seo-site-audit\/\" target=\"_blank\" rel=\"noopener noreferrer\">auditor\u00edas del sitio<\/a> y m\u00e1s.<\/p>\n<h2 id=\"par2\">C\u00f3mo usar el Nofollow Links Checker<\/h2>\n<p>Puedes comprobar si la p\u00e1gina contiene directivas Robots o X-Robots-Tag, o analizar todos los estados follow\/nofollow de los enlaces en la p\u00e1gina. Selecciona la opci\u00f3n que mejor se adapte a tu objetivo y luego inicia la auditor\u00eda para recibir un informe inmediato.<\/p>\n<div class=\"content__img-wrap\"><img src=\"https:\/\/sitechecker.pro\/wp-content\/uploads\/2025\/11\/choose-an-audit-option.png\" alt=\"Choose an audit option\" class=\"description-img description-img-zoom\" loading=\"lazy\" ><\/div>\n<h2 id=\"par3\">Comprobar el atributo nofollow en Robots meta y X-Robots-Tag<\/h2>\n<h3>Paso 1: Elegir la inspecci\u00f3n<\/h3>\n<div class=\"content__img-wrap\"><img src=\"https:\/\/sitechecker.pro\/wp-content\/uploads\/2025\/11\/test-robots-meta-x-robots-tag.png\" alt=\"Test Robots meta and X-Robots-tag\" class=\"description-img description-img-zoom\" loading=\"lazy\" ><\/div>\n<h3>Paso 2: Obtener los resultados<\/h3>\n<p>En los resultados puedes ver c\u00f3mo se comporta la p\u00e1gina en t\u00e9rminos de indexaci\u00f3n seg\u00fan varias se\u00f1ales:<\/p>\n<p><strong>Etiqueta Robots meta<\/strong> \u2013 si contiene directivas como index, noindex, follow o nofollow.<\/p>\n<p><strong>X-Robots-Tag<\/strong> \u2013 reglas de indexaci\u00f3n a nivel de servidor que se devuelven en los encabezados HTTP.<\/p>\n<p><strong>Archivo <a href=\"https:\/\/sitechecker.pro\/robots-tester\/\" target=\"_blank\" rel=\"noopener noreferrer\">robots.txt<\/a><\/strong> \u2013 indica si el rastreo est\u00e1 permitido o restringido para esta URL.<\/p>\n<p><strong>Etiqueta noindex<\/strong> \u2013 si aparecen directivas noindex dentro del contenido de la p\u00e1gina.<\/p>\n<p>Esta auditor\u00eda te ayuda a comprender r\u00e1pidamente c\u00f3mo se indica a los motores de b\u00fasqueda que rastreen e indexen la p\u00e1gina.<\/p>\n<div class=\"content__img-wrap\"><img src=\"https:\/\/sitechecker.pro\/wp-content\/uploads\/2025\/11\/on-page-seo-checker-indexation.png\" alt=\"On-page SEO Checker indexation\" class=\"description-img description-img-zoom\" loading=\"lazy\" ><\/div>\n<h3>Funciones adicionales de la comprobaci\u00f3n de Robots meta y X-Robots-Tag<\/h3>\n<p>Adem\u00e1s de comprobar los atributos nofollow y las reglas de indexaci\u00f3n, la herramienta tambi\u00e9n proporciona una vista r\u00e1pida de otros problemas on-page. Puedes identificar problemas cr\u00edticos, advertencias y se\u00f1ales t\u00e9cnicas, como problemas de <a href=\"https:\/\/sitechecker.pro\/speed-test\/\" target=\"_blank\" rel=\"noopener noreferrer\">velocidad de p\u00e1gina<\/a>, errores 404, c\u00f3digos de estado, tama\u00f1o HTML y calidad de los metadatos.<\/p>\n<p>Esto te permite revisar los atributos de los enlaces y diagnosticar problemas SEO generales en la misma p\u00e1gina en un solo escaneo.<\/p>\n<div class=\"content__img-wrap\"><img src=\"https:\/\/sitechecker.pro\/wp-content\/uploads\/2025\/11\/issues-overview.png\" alt=\"Issues overview\" class=\"description-img description-img-zoom\" loading=\"lazy\" ><\/div>\n<h2 id=\"par4\">Comprobar los estados follow de los enlaces en la p\u00e1gina<\/h2>\n<h3>Paso 1: Seleccionar la opci\u00f3n \u201cLinks follow statuses on the page\u201d<\/h3>\n<div class=\"content__img-wrap\"><img src=\"https:\/\/sitechecker.pro\/wp-content\/uploads\/2025\/11\/links-follow-statuses-on-the-page.png\" alt=\"Links follow statuses on the page\" class=\"description-img description-img-zoom\" loading=\"lazy\" ><\/div>\n<h3>Paso 2: Obtener los resultados<\/h3>\n<p>Como resultado de esta auditor\u00eda, puedes revisar todos los enlaces internos y externos encontrados en la p\u00e1gina. El informe muestra cada URL a la que la p\u00e1gina enlaza, tanto dentro de tu sitio como fuera de \u00e9l. Para cada enlace, puedes comprobar el c\u00f3digo de estado HTTP, el atributo follow\/nofollow y el texto de anclaje.<\/p>\n<p>Puedes filtrar y ordenar estos datos como necesites, exportarlos para un an\u00e1lisis posterior o descargar el informe completo.<\/p>\n<div class=\"content__img-wrap\"><img src=\"https:\/\/sitechecker.pro\/wp-content\/uploads\/2025\/11\/on-page-audit-internal-links.png\" alt=\"On-page audit internal links\" class=\"description-img description-img-zoom\" loading=\"lazy\" ><\/div>\n<h3>Funciones adicionales<\/h3>\n<p>A nivel de todo el sitio, tambi\u00e9n puedes detectar problemas relacionados con los enlaces nofollow, como p\u00e1ginas que usan nofollow incorrectamente, que solo tienen enlaces internos nofollow o que contienen atributos follow\/nofollow mezclados.<\/p>\n<div class=\"content__img-wrap\"><img src=\"https:\/\/sitechecker.pro\/wp-content\/uploads\/2025\/11\/site-audit-nofollow-issues.png\" alt=\"Site audit nofollow issues\" class=\"description-img description-img-zoom\" loading=\"lazy\" ><\/div>\n<div class=\"important-block\">Para recibir los resultados y acceder a las funciones de Sitechecker durante 14 d\u00edas, inicia tu prueba GRATUITA. El registro es sencillo con tu correo electr\u00f3nico, cuenta de Google o Facebook. No se requiere tarjeta de cr\u00e9dito.<\/div>\n<h2 id=\"par5\">Idea final<\/h2>\n<p>Nofollow Link Checker te ayuda a comprender r\u00e1pidamente c\u00f3mo una p\u00e1gina gestiona los atributos nofollow, las reglas de indexaci\u00f3n y el comportamiento de los enlaces. La herramienta muestra las directivas Robots meta y X-Robots-Tag, los enlaces internos y externos follow\/nofollow, los textos de anclaje y los c\u00f3digos de estado en un \u00fanico informe claro. Tambi\u00e9n puedes detectar problemas on-page adicionales y problemas de nofollow a nivel de todo el sitio, asegurando que tu p\u00e1gina sea rastreada e indexada como se pretende.<\/p>\n<div id=\"par6\"><\/div>\n<p><div class=\"front__faq-block\"><div class=\"faq__block-title\">FAQ<\/div><div class=\"panel-group\" id=\"faq-accordion\" itemscope itemtype=\"https:\/\/schema.org\/FAQPage\" role=\"tablist\" aria-multiselectable=\"true\"><div class=\"panel\" itemscope itemtype=\"https:\/\/schema.org\/Question\" itemprop=\"mainEntity\">\n                            <div class=\"panel-heading\" id=\"headingFaq-1\">\n                                <div class=\"panel-title\" data-toggle=\"collapse\" aria-expanded=\"false\" href=\"#collapseFaq-1\">\n                                    <h3 itemprop=\"name\">\u00bfCu\u00e1ndo debo usar un enlace nofollow en mi sitio web?<\/h3>\n                                <\/div>\n                            <\/div>\n                            <div id=\"collapseFaq-1\" class=\"panel-collapse collapse\" itemprop=\"acceptedAnswer\" itemscope itemtype=\"http:\/\/schema.org\/Answer\">\n                                <div class=\"panel-body\" itemprop=\"text\">Utiliza nofollow al enlazar a fuentes no confiables, contenido generado por usuarios, ubicaciones pagadas o p\u00e1ginas que no deseas respaldar con autoridad de enlace.<\/div>\n                            <\/div>\n                        <\/div><div class=\"panel\" itemscope itemtype=\"https:\/\/schema.org\/Question\" itemprop=\"mainEntity\">\n                            <div class=\"panel-heading\" id=\"headingFaq-2\">\n                                <div class=\"panel-title\" data-toggle=\"collapse\" aria-expanded=\"false\" href=\"#collapseFaq-2\">\n                                    <h3 itemprop=\"name\">\u00bfPueden los enlaces nofollow afectar a mis rankings?<\/h3>\n                                <\/div>\n                            <\/div>\n                            <div id=\"collapseFaq-2\" class=\"panel-collapse collapse\" itemprop=\"acceptedAnswer\" itemscope itemtype=\"http:\/\/schema.org\/Answer\">\n                                <div class=\"panel-body\" itemprop=\"text\">No transmiten PageRank, pero aun as\u00ed ayudan a los motores de b\u00fasqueda a comprender el contexto, descubrir nuevas URL y mantener un perfil de enlaces natural.<\/div>\n                            <\/div>\n                        <\/div><div class=\"panel\" itemscope itemtype=\"https:\/\/schema.org\/Question\" itemprop=\"mainEntity\">\n                            <div class=\"panel-heading\" id=\"headingFaq-3\">\n                                <div class=\"panel-title\" data-toggle=\"collapse\" aria-expanded=\"false\" href=\"#collapseFaq-3\">\n                                    <h3 itemprop=\"name\">\u00bfDeben los enlaces internos ser nofollow alguna vez?<\/h3>\n                                <\/div>\n                            <\/div>\n                            <div id=\"collapseFaq-3\" class=\"panel-collapse collapse\" itemprop=\"acceptedAnswer\" itemscope itemtype=\"http:\/\/schema.org\/Answer\">\n                                <div class=\"panel-body\" itemprop=\"text\">En la mayor\u00eda de los casos, no. Los enlaces internos nofollow pueden romper las rutas de rastreo y reducir la eficiencia de la indexaci\u00f3n, a menos que quieras bloquear intencionalmente ciertas secciones.<\/div>\n                            <\/div>\n                        <\/div><div class=\"panel\" itemscope itemtype=\"https:\/\/schema.org\/Question\" itemprop=\"mainEntity\">\n                            <div class=\"panel-heading\" id=\"headingFaq-4\">\n                                <div class=\"panel-title\" data-toggle=\"collapse\" aria-expanded=\"false\" href=\"#collapseFaq-4\">\n                                    <h3 itemprop=\"name\">\u00bfGoogle siempre respeta los atributos nofollow?<\/h3>\n                                <\/div>\n                            <\/div>\n                            <div id=\"collapseFaq-4\" class=\"panel-collapse collapse\" itemprop=\"acceptedAnswer\" itemscope itemtype=\"http:\/\/schema.org\/Answer\">\n                                <div class=\"panel-body\" itemprop=\"text\">Google trata nofollow como una sugerencia, no como una directiva estricta. Aun as\u00ed, puede rastrear o indexar una URL si la considera importante.<\/div>\n                            <\/div>\n                        <\/div><div class=\"panel\" itemscope itemtype=\"https:\/\/schema.org\/Question\" itemprop=\"mainEntity\">\n                            <div class=\"panel-heading\" id=\"headingFaq-5\">\n                                <div class=\"panel-title\" data-toggle=\"collapse\" aria-expanded=\"false\" href=\"#collapseFaq-5\">\n                                    <h3 itemprop=\"name\">\u00bfCon qu\u00e9 frecuencia debo auditar mis p\u00e1ginas en busca de problemas de nofollow?<\/h3>\n                                <\/div>\n                            <\/div>\n                            <div id=\"collapseFaq-5\" class=\"panel-collapse collapse\" itemprop=\"acceptedAnswer\" itemscope itemtype=\"http:\/\/schema.org\/Answer\">\n                                <div class=\"panel-body\" itemprop=\"text\">Despu\u00e9s de actualizaciones de contenido, redise\u00f1os, cambios de CMS, migraciones o cuando el tr\u00e1fico cae repentinamente \u2014 estos son momentos comunes en los que aparecen errores de nofollow.<\/div>\n                            <\/div>\n                        <\/div><\/div><\/div><\/p>","protected":false},"excerpt":{"rendered":"\u00bfQu\u00e9 es una herramienta Nofollow Link Checker? Nofollow Link Checker es una herramienta que analiza una p\u00e1gina web e identifica el atributo rel=&#8221;nofollow&#8221; de todos los enlaces y las directivas de indexaci\u00f3n. Detecta la configuraci\u00f3n de Robots meta y X-Robots-Tag, comprueba los atributos nofollow, muestra enlaces internos y externos dofollow\/nofollow, proporciona una lista completa de&#8230;","protected":false},"author":10409641,"featured_media":0,"parent":0,"menu_order":0,"comment_status":"closed","ping_status":"closed","template":"pages-templates\/pages-minitools-3.php","meta":[],"categories":[72],"tags":[],"_links":{"self":[{"href":"https:\/\/sitechecker.pro\/es\/wp-json\/wp\/v2\/pages\/29818"}],"collection":[{"href":"https:\/\/sitechecker.pro\/es\/wp-json\/wp\/v2\/pages"}],"about":[{"href":"https:\/\/sitechecker.pro\/es\/wp-json\/wp\/v2\/types\/page"}],"author":[{"embeddable":true,"href":"https:\/\/sitechecker.pro\/es\/wp-json\/wp\/v2\/users\/10409641"}],"replies":[{"embeddable":true,"href":"https:\/\/sitechecker.pro\/es\/wp-json\/wp\/v2\/comments?post=29818"}],"version-history":[{"count":10,"href":"https:\/\/sitechecker.pro\/es\/wp-json\/wp\/v2\/pages\/29818\/revisions"}],"predecessor-version":[{"id":39346,"href":"https:\/\/sitechecker.pro\/es\/wp-json\/wp\/v2\/pages\/29818\/revisions\/39346"}],"wp:attachment":[{"href":"https:\/\/sitechecker.pro\/es\/wp-json\/wp\/v2\/media?parent=29818"}],"wp:term":[{"taxonomy":"category","embeddable":true,"href":"https:\/\/sitechecker.pro\/es\/wp-json\/wp\/v2\/categories?post=29818"},{"taxonomy":"post_tag","embeddable":true,"href":"https:\/\/sitechecker.pro\/es\/wp-json\/wp\/v2\/tags?post=29818"}],"curies":[{"name":"wp","href":"https:\/\/api.w.org\/{rel}","templated":true}]}}