{"id":29810,"date":"2024-01-22T15:46:39","date_gmt":"2024-01-22T15:46:39","guid":{"rendered":"https:\/\/sitechecker.pro\/?page_id=29810"},"modified":"2026-02-19T15:12:39","modified_gmt":"2026-02-19T15:12:39","slug":"dofollow-link-checker-detect-follow-links-link-errors","status":"publish","type":"page","link":"https:\/\/sitechecker.pro\/es\/dofollow-link-checker\/","title":{"rendered":"Comprobador de enlaces Dofollow | Detecta enlaces seguidos y errores de enlaces"},"content":{"rendered":"<p><\/p>\n<h2 id=\"par1\">\u00bfQu\u00e9 es un Dofollow Link Checker?<\/h2>\n<p> Un Dofollow Link Detector de <a href=\"https:\/\/sitechecker.pro\/\" target=\"_blank\" rel=\"noopener noreferrer\">Sitechecker<\/a> es una herramienta para identificar y analizar enlaces <a href=\"https:\/\/sitechecker.pro\/what-is-dofollow-link\/\" target=\"_blank\" rel=\"noopener noreferrer\">dofollow<\/a> en un sitio web o en una p\u00e1gina espec\u00edfica.<\/p>\n<p>Esta herramienta tambi\u00e9n facilita la verificaci\u00f3n de los c\u00f3digos de estado de las URL internas y el an\u00e1lisis de sus textos de anclaje. Adem\u00e1s, realiza una auditor\u00eda t\u00e9cnica de tu sitio web, detectando y reportando cualquier problema relacionado con las p\u00e1ginas. Esto incluye la evaluaci\u00f3n del impacto y la calidad de las p\u00e1ginas.<\/p>\n<h3>La herramienta puede ayudarte de muchas formas<\/h3>\n<p> <strong>Identificaci\u00f3n de enlaces Dofollow: <\/strong>dise\u00f1ada para detectar y enumerar todas las URL de una p\u00e1gina web que no contienen el atributo rel=&#8221;<a href=\"https:\/\/sitechecker.pro\/nofollow-link-checker\/\" target=\"_blank\" rel=\"noopener noreferrer\">nofollow<\/a>&#8220;. Esto te permite identificar qu\u00e9 URL est\u00e1n transmitiendo potencialmente autoridad de p\u00e1gina con fines de SEO.<\/p>\n<p><strong>Verificaci\u00f3n de c\u00f3digos de estado para URL internas Dofollow: <\/strong>comprueba los c\u00f3digos de estado HTTP de las URL internas de tu sitio web que est\u00e1n marcadas como dofollow.<\/p>\n<p><strong>Identificaci\u00f3n y reporte de errores o problemas relacionados con enlaces Follow: <\/strong>orientada a detectar y reportar errores o problemas espec\u00edficamente asociados a los atributos follow. Esto incluye URL rotas, estructuras incorrectas y otros errores relacionados.<\/p>\n<h3>Funciones clave de la herramienta<\/h3>\n<p> <strong>Panel unificado: <\/strong>esta funci\u00f3n te permite supervisar todas las m\u00e9tricas importantes en un \u00fanico panel f\u00e1cil de navegar. Esta centralizaci\u00f3n simplifica el an\u00e1lisis y la prueba de nuevas hip\u00f3tesis SEO, ofreciendo una visi\u00f3n completa del rendimiento de tu sitio web.<\/p>\n<p><strong>Interfaz f\u00e1cil de usar: <\/strong>la herramienta est\u00e1 dise\u00f1ada con un enfoque en la experiencia del usuario, garantizando que incluso quienes no tienen amplios conocimientos de SEO puedan navegar y utilizar sus funciones de forma eficaz. Esto incluye una presentaci\u00f3n clara de los datos y gu\u00edas paso a paso para resolver los problemas detectados.<\/p>\n<p><strong>Conjunto completo de herramientas SEO: <\/strong>ofrece una s\u00f3lida suite de herramientas SEO, resumida en dos funciones principales: el Rank Tracker, que importa y actualiza palabras clave de posicionamiento, admite m\u00faltiples motores de b\u00fasqueda y proporciona informaci\u00f3n sobre las p\u00e1ginas con mejor rendimiento; y la funci\u00f3n de Site Monitoring, que analiza los sitios web en busca de actualizaciones como cambios de contenido y URL rotas, lo cual es crucial para el seguimiento de modificaciones en CMS, temas y plugins, etc.<\/p>\n<h2 id=\"par2\">C\u00f3mo usar la herramienta<\/h2>\n<h3>Paso 1: Para iniciar el an\u00e1lisis, simplemente introduce el nombre de dominio o la URL de una p\u00e1gina espec\u00edfica y espera el resultado<\/h3>\n<div class=\"content__img-wrap\"><img src=\"https:\/\/sitechecker.pro\/wp-content\/uploads\/2024\/01\/dofollow-link-checker.png\" alt=\"Dofollow Link Checker\" class=\"description-img description-img-zoom\" loading=\"lazy\" ><\/div>\n<h3>Paso 2: Obtener resultados<\/h3>\n<p> El Dofollow Link Finder ofrece un an\u00e1lisis detallado de los enlaces internos y externos de un sitio web. Muestra cada URL y su c\u00f3digo de estado HTTP, identificando redirecciones o URL rotas. La herramienta tambi\u00e9n diferencia entre enlaces \u201cdofollow\u201d y \u201cnofollow\u201d, lo que ayuda a preservar la equidad SEO. Adem\u00e1s, analiza los textos de anclaje para asegurarse de que refuercen el SEO, lo cual es vital para mejorar el posicionamiento en los motores de b\u00fasqueda.<\/p>\n<div class=\"content__img-wrap\"><img src=\"https:\/\/sitechecker.pro\/wp-content\/uploads\/2024\/01\/page-details-dofollow.png\" alt=\"Page Details Dofollow\" class=\"description-img description-img-zoom\" loading=\"lazy\" ><\/div>\n<h2 id=\"par3\">Funciones adicionales<\/h2>\n<p> La secci\u00f3n Site Audit proporciona una visi\u00f3n general completa de la salud SEO de un sitio web, mostrando m\u00e9tricas importantes como el n\u00famero de problemas cr\u00edticos, advertencias, oportunidades de mejora y avisos. El Website Score ofrece una representaci\u00f3n visual r\u00e1pida del rendimiento SEO actual del sitio.<\/p>\n<p>La herramienta identifica URL no indexadas que est\u00e1n marcadas incorrectamente como \u201cfollow\u201d, evitando as\u00ed un rastreo mal dirigido por parte de los motores de b\u00fasqueda. Tambi\u00e9n detecta p\u00e1ginas que reciben se\u00f1ales mixtas de \u201cfollow\u201d y \u201cnofollow\u201d, aclarando la autoridad de p\u00e1gina para los motores de b\u00fasqueda. Resalta las p\u00e1ginas con pocas URL internas \u201cfollow\u201d, lo que puede limitar su potencial de posicionamiento. Adem\u00e1s, el checker se asegura de que los textos de anclaje de los atributos \u201cfollow\u201d sean descriptivos, ayudando a los motores de b\u00fasqueda a comprender mejor el contexto del contenido enlazado. Con esta informaci\u00f3n, los webmasters pueden ajustar la estrategia de su sitio para obtener mejores resultados SEO.<\/p>\n<div class=\"content__img-wrap\"><img src=\"https:\/\/sitechecker.pro\/wp-content\/uploads\/2024\/01\/follow-links-issues.png\" alt=\"Follow Links Issues\" class=\"description-img description-img-zoom\" loading=\"lazy\" ><\/div>\n<h2 id=\"par4\">Idea final<\/h2>\n<p> El Dofollow Link Analyzer es una herramienta completa dise\u00f1ada para identificar atributos \u201cdofollow\u201d que influyen en la autoridad SEO. Simplifica la auditor\u00eda del sitio al ofrecer un panel unificado para la supervisi\u00f3n sencilla de m\u00e9tricas SEO y proporciona una interfaz f\u00e1cil de usar, adecuada incluso para quienes tienen poca experiencia en SEO. Su amplio conjunto de herramientas SEO, que incluye Rank Tracker y Site Monitoring, ayuda a optimizar la estrategia de enlaces de un sitio web y mejora el posicionamiento en los motores de b\u00fasqueda al abordar problemas como URL \u201cfollow\u201d no indexadas y se\u00f1ales mixtas de \u201cfollow\u201d y \u201cnofollow\u201d. El Dofollow Link Checker es esencial para los webmasters que desean mejorar de forma efectiva el rendimiento SEO de su sitio web. <\/p>\n<div id=\"par5\"><\/div>\n<p> <div class=\"front__faq-block\"><div class=\"faq__block-title\">FAQ<\/div><div class=\"panel-group\" id=\"faq-accordion\" itemscope itemtype=\"https:\/\/schema.org\/FAQPage\" role=\"tablist\" aria-multiselectable=\"true\"><div class=\"panel\" itemscope itemtype=\"https:\/\/schema.org\/Question\" itemprop=\"mainEntity\">\n                            <div class=\"panel-heading\" id=\"headingFaq-1\">\n                                <div class=\"panel-title\" data-toggle=\"collapse\" aria-expanded=\"false\" href=\"#collapseFaq-1\">\n                                    <h3 itemprop=\"name\">\u00bfQu\u00e9 tipos de enlaces puede analizar el Dofollow Link Checker?<\/h3>\n                                <\/div>\n                            <\/div>\n                            <div id=\"collapseFaq-1\" class=\"panel-collapse collapse\" itemprop=\"acceptedAnswer\" itemscope itemtype=\"http:\/\/schema.org\/Answer\">\n                                <div class=\"panel-body\" itemprop=\"text\">El Dofollow URL Checker puede analizar tanto p\u00e1ginas \u201cdofollow\u201d internas como externas de un sitio web, incluidos sus c\u00f3digos de estado HTTP y textos de anclaje.<\/div>\n                            <\/div>\n                        <\/div><div class=\"panel\" itemscope itemtype=\"https:\/\/schema.org\/Question\" itemprop=\"mainEntity\">\n                            <div class=\"panel-heading\" id=\"headingFaq-2\">\n                                <div class=\"panel-title\" data-toggle=\"collapse\" aria-expanded=\"false\" href=\"#collapseFaq-2\">\n                                    <h3 itemprop=\"name\">\u00bfLa herramienta en l\u00ednea Dofollow Link Checker puede detectar enlaces rotos?<\/h3>\n                                <\/div>\n                            <\/div>\n                            <div id=\"collapseFaq-2\" class=\"panel-collapse collapse\" itemprop=\"acceptedAnswer\" itemscope itemtype=\"http:\/\/schema.org\/Answer\">\n                                <div class=\"panel-body\" itemprop=\"text\">S\u00ed, puede identificar URL rotas comprobando los c\u00f3digos de estado HTTP de las URL marcadas como \u201cdofollow\u201d.<\/div>\n                            <\/div>\n                        <\/div><div class=\"panel\" itemscope itemtype=\"https:\/\/schema.org\/Question\" itemprop=\"mainEntity\">\n                            <div class=\"panel-heading\" id=\"headingFaq-3\">\n                                <div class=\"panel-title\" data-toggle=\"collapse\" aria-expanded=\"false\" href=\"#collapseFaq-3\">\n                                    <h3 itemprop=\"name\">\u00bfCon qu\u00e9 frecuencia se debe auditar un sitio web con el Dofollow Link Checker?<\/h3>\n                                <\/div>\n                            <\/div>\n                            <div id=\"collapseFaq-3\" class=\"panel-collapse collapse\" itemprop=\"acceptedAnswer\" itemscope itemtype=\"http:\/\/schema.org\/Answer\">\n                                <div class=\"panel-body\" itemprop=\"text\">Se recomiendan auditor\u00edas peri\u00f3dicas, especialmente despu\u00e9s de grandes actualizaciones de contenido, reestructuraciones o cuando se notan cambios en el tr\u00e1fico del sitio web. Algunos prefieren programar auditor\u00edas mensuales o trimestrales, seg\u00fan el tama\u00f1o y la din\u00e1mica del sitio.<\/div>\n                            <\/div>\n                        <\/div><\/div><\/div><\/p>","protected":false},"excerpt":{"rendered":"\u00bfQu\u00e9 es un Dofollow Link Checker? Un Dofollow Link Detector de Sitechecker es una herramienta para identificar y analizar enlaces dofollow en un sitio web o en una p\u00e1gina espec\u00edfica. Esta herramienta tambi\u00e9n facilita la verificaci\u00f3n de los c\u00f3digos de estado de las URL internas y el an\u00e1lisis de sus textos de anclaje. Adem\u00e1s, realiza&#8230;","protected":false},"author":10409641,"featured_media":0,"parent":0,"menu_order":0,"comment_status":"closed","ping_status":"closed","template":"pages-templates\/pages-minitools-3.php","meta":[],"categories":[72],"tags":[],"_links":{"self":[{"href":"https:\/\/sitechecker.pro\/es\/wp-json\/wp\/v2\/pages\/29810"}],"collection":[{"href":"https:\/\/sitechecker.pro\/es\/wp-json\/wp\/v2\/pages"}],"about":[{"href":"https:\/\/sitechecker.pro\/es\/wp-json\/wp\/v2\/types\/page"}],"author":[{"embeddable":true,"href":"https:\/\/sitechecker.pro\/es\/wp-json\/wp\/v2\/users\/10409641"}],"replies":[{"embeddable":true,"href":"https:\/\/sitechecker.pro\/es\/wp-json\/wp\/v2\/comments?post=29810"}],"version-history":[{"count":13,"href":"https:\/\/sitechecker.pro\/es\/wp-json\/wp\/v2\/pages\/29810\/revisions"}],"predecessor-version":[{"id":39378,"href":"https:\/\/sitechecker.pro\/es\/wp-json\/wp\/v2\/pages\/29810\/revisions\/39378"}],"wp:attachment":[{"href":"https:\/\/sitechecker.pro\/es\/wp-json\/wp\/v2\/media?parent=29810"}],"wp:term":[{"taxonomy":"category","embeddable":true,"href":"https:\/\/sitechecker.pro\/es\/wp-json\/wp\/v2\/categories?post=29810"},{"taxonomy":"post_tag","embeddable":true,"href":"https:\/\/sitechecker.pro\/es\/wp-json\/wp\/v2\/tags?post=29810"}],"curies":[{"name":"wp","href":"https:\/\/api.w.org\/{rel}","templated":true}]}}