{"id":29734,"date":"2024-01-18T17:13:05","date_gmt":"2024-01-18T17:13:05","guid":{"rendered":"https:\/\/sitechecker.pro\/?page_id=29734"},"modified":"2025-04-14T08:35:16","modified_gmt":"2025-04-14T08:35:16","slug":"website-link-counter-url-count-link-analysis-error-detection","status":"publish","type":"page","link":"https:\/\/sitechecker.pro\/es\/website-link-counter\/","title":{"rendered":"Contador de Enlaces | Recuento de URLs, An\u00e1lisis de Enlaces y Detecci\u00f3n de Errores"},"content":{"rendered":"<p><\/p>\n<h2 id=\"par1\">\u00bfQu\u00e9 es el contador de enlaces?<\/h2>\n<p>El contador de enlaces internos de sitios web de <a href=\"https:\/\/sitechecker.pro\/\" target=\"_blank\" rel=\"noopener noreferrer\">Sitechecker<\/a> es una herramienta dise\u00f1ada para determinar la cantidad total de <a href=\"https:\/\/sitechecker.pro\/what-is-internal-link\/\" target=\"_blank\" rel=\"noopener noreferrer\">URL en un sitio o p\u00e1gina<\/a> y ofrece una variedad de funciones para el an\u00e1lisis de URL. Es \u00fatil para identificar qu\u00e9 URL de su XML <a href=\"https:\/\/sitechecker.pro\/what-is-sitemap\/\" target=\"_blank\" rel=\"noopener noreferrer\">Sitemap<\/a> est\u00e1n <a href=\"https:\/\/sitechecker.pro\/what-is-google-index\/\" target=\"_blank\" rel=\"noopener noreferrer\">indexadas por los motores de b\u00fasqueda de Google<\/a> y detectar cualquier error en los hiperv\u00ednculos de su sitio web.<\/p>\n<h3>La herramienta puede ayudarlo<\/h3>\n<p><strong>Recuento total de URL: <\/strong>calcula el n\u00famero total de URL en su sitio web (enlaces internos, externos, nofollow y dofollow)<\/p>\n<p><strong>An\u00e1lisis de enlaces: <\/strong>identifica las URL internas y externas en su sitio y p\u00e1gina que est\u00e1n indexadas por los motores de b\u00fasqueda de Google.<\/p>\n<p><strong>Detecci\u00f3n de errores: <\/strong>detecta cualquier error presente en los hiperv\u00ednculos de su sitio web.<\/p>\n<h3>Caracter\u00edsticas clave de la herramienta<\/h3>\n<p><strong>Panel de control unificado: <\/strong>ofrece una vista central y completa del rendimiento y las m\u00e9tricas de SEO de su sitio web, lo que facilita el seguimiento y el an\u00e1lisis de los datos.<\/p>\n<p><strong>Interfaz f\u00e1cil de usar: <\/strong>dise\u00f1ada para facilitar su uso, lo que garantiza que incluso los usuarios con conocimientos t\u00e9cnicos limitados puedan navegar y utilizar la herramienta de manera eficaz.<\/p>\n<p><strong>Conjunto completo de herramientas de SEO: <\/strong>ofrece una amplia gama de herramientas de SEO, que cubren varios aspectos, como an\u00e1lisis, investigaci\u00f3n de palabras clave, auditor\u00edas de sitios y seguimiento del rendimiento, lo que la convierte en una soluci\u00f3n vers\u00e1til para las necesidades de SEO.<\/p>\n<h2 id=\"par2\">C\u00f3mo utilizar la herramienta de contador de enlaces<\/h2>\n<p>Existen dos enfoques para contar los enlaces de un sitio web: utilizar el m\u00e9todo de dominio o comprobar una p\u00e1gina espec\u00edfica. Elija el m\u00e9todo de dominio para contar todas las direcciones URL de un sitio web y comprobar si hay problemas con las direcciones URL. Alternativamente, el m\u00e9todo de URL es ideal para analizar una p\u00e1gina en particular, ya que captura todas sus direcciones URL y datos relacionados, como c\u00f3digos de estado. Simplemente seleccione el m\u00e9todo que se ajuste a sus necesidades, ingrese el dominio o URL y haga clic en \u201c<a href=\"https:\/\/sitechecker.pro\/link-extractor\/\">Obtener todos los enlaces<\/a>\u201d<\/p>\n<div class=\"content__img-wrap\"><img src=\"https:\/\/sitechecker.pro\/wp-content\/uploads\/2024\/04\/1-choose-an-audit.png\" alt=\"Contador de enlaces\" class=\"description-img description-img-zoom\" loading=\"lazy\" ><\/div>\n<h2 id=\"par3\">Verificaci\u00f3n de dominio<\/h2>\n<h3>Paso 1: Seleccione la opci\u00f3n de dominio, ingrese el dominio que desea analizar y presione el bot\u00f3n \u201cObtener todos los enlaces\u201d<\/h3>\n<div class=\"content__img-wrap\"><img src=\"https:\/\/sitechecker.pro\/wp-content\/uploads\/2024\/04\/2-get-all-link-from-a-website.png\" alt=\"Contador de enlaces Verificar dominio\" class=\"description-img description-img-zoom\" loading=\"lazy\" ><\/div>\n<div class=\"important-block\">Para recibir resultados y acceso a las funciones de Sitechecker durante 14 d\u00edas, Comience su prueba GRATUITA. Reg\u00edstrese f\u00e1cilmente con su correo electr\u00f3nico, cuenta de Google o Facebook. No necesita tarjeta de cr\u00e9dito.<\/div>\n<h3>Paso 2. Resultados<\/h3>\n<p>El contador de enlaces es experto en identificar diversos problemas de hiperv\u00ednculos, como URL internas hu\u00e9rfanas e inadecuadas. Cuantifica los problemas cr\u00edticos y proporciona un recuento claro de advertencias y oportunidades de mejora. Al categorizar las p\u00e1ginas afectadas, lo ayuda a priorizar las correcciones relacionadas con el SEO, mejorando la estructura de la direcci\u00f3n URL de su sitio web y la visibilidad en los motores de b\u00fasqueda.<\/p>\n<div class=\"content__img-wrap\"><img src=\"https:\/\/sitechecker.pro\/wp-content\/uploads\/2024\/01\/site-audit-links-issues.png\" alt=\"Problemas de enlaces de Site Audit\" class=\"description-img description-img-zoom\" loading=\"lazy\" ><\/div>\n<p>En la pantalla Todas las p\u00e1ginas, encontrar\u00e1 el <a href=\"https:\/\/sitechecker.pro\/page-counter\/\" data-wpil-monitor-id=\"143\">n\u00famero total de p\u00e1ginas de su sitio<\/a>, una lista con todas las p\u00e1ginas, sus c\u00f3digos de respuesta y valores de peso de p\u00e1gina.<\/p>\n<p>En la herramienta Contador de enlaces, la funci\u00f3n &#8220;Todas las p\u00e1ginas HTML&#8221; muestra una lista completa de todas las p\u00e1ginas de su sitio que se han rastreado.<\/p>\n<p>Para cada p\u00e1gina, la herramienta proporciona m\u00e9tricas detalladas, como el n\u00famero de hiperv\u00ednculos externos, entrantes e internos. Esto le permite evaluar la estructura de direcciones de hiperv\u00ednculos de su sitio de manera sistem\u00e1tica y tomar decisiones informadas para el SEO y el mantenimiento del estado del sitio.<\/p>\n<div class=\"content__img-wrap\"><img src=\"https:\/\/sitechecker.pro\/wp-content\/uploads\/2024\/01\/all-html-pages-1.png\" alt=\"Todas las p\u00e1ginas HTML\" class=\"description-img description-img-zoom\" loading=\"lazy\" ><\/div>\n<h3>Funciones adicionales de la verificaci\u00f3n de dominio<\/h3>\n<p>La funci\u00f3n &#8220;Detalles de la p\u00e1gina&#8221; de la herramienta Contador de enlaces proporciona un an\u00e1lisis en profundidad de las URL internas de una p\u00e1gina espec\u00edfica de su sitio web. Enumera cada enlace interno encontrado en la p\u00e1gina seleccionada, junto con su c\u00f3digo de estado y si est\u00e1 marcado como &#8220;dofollow&#8221; o &#8220;nofollow&#8221; para los rastreadores de motores de b\u00fasqueda. Esta secci\u00f3n le permite monitorear la conectividad y la compatibilidad con SEO de la estructura de la direcci\u00f3n de su p\u00e1gina interna, lo que garantiza que las p\u00e1ginas importantes sean accesibles y que el valor de la p\u00e1gina se transmita de manera efectiva en todo su sitio.<\/p>\n<div class=\"content__img-wrap\"><img src=\"https:\/\/sitechecker.pro\/wp-content\/uploads\/2024\/01\/page-details-links.png\" alt=\"Enlaces a detalles de la p\u00e1gina\" class=\"description-img description-img-zoom\" loading=\"lazy\" ><\/div>\n<h2 id=\"par4\">Verificaci\u00f3n de p\u00e1gina<\/h2>\n<p>Haga clic en el bot\u00f3n &#8220;Verificar p\u00e1gina&#8221; para iniciar el an\u00e1lisis de una p\u00e1gina<\/p>\n<div class=\"content__img-wrap\"><img src=\"https:\/\/sitechecker.pro\/wp-content\/uploads\/2024\/04\/3-Get-all-links-from-a-page.png\" alt=\"Contador de enlaces Verificar p\u00e1gina\" class=\"description-img description-img-zoom\" loading=\"lazy\" ><\/div>\n<p>La herramienta Contador de enlaces de p\u00e1gina presenta una descripci\u00f3n general estructurada de una URL espec\u00edfica. Identifica las direcciones URL externas, que son aquellas que conducen a otros sitios web, junto con sus respectivas URL, textos de anclaje y c\u00f3digos de respuesta HTTP, lo que garantiza que pueda verificar que estas direcciones de p\u00e1gina conducen a p\u00e1ginas activas y relevantes.<\/p>\n<p>Mientras tanto, tambi\u00e9n detalla las URL internas, que abarcan todos los elementos de navegaci\u00f3n dentro de su sitio. Esto incluye las URL y los textos utilizados para vincular, junto con sus c\u00f3digos de estado para confirmar su integridad operativa.<\/p>\n<p>Adem\u00e1s, la herramienta resalta las URL de subdominio, lo que proporciona informaci\u00f3n sobre c\u00f3mo se interconectan los subdominios de su dominio principal. Muestra la URL y el texto de anclaje descriptivo para cada direcci\u00f3n de p\u00e1gina, as\u00ed como sus c\u00f3digos de respuesta, lo que brinda una imagen clara del estado y la estructura de su red de sitios web m\u00e1s amplia.<\/p>\n<div class=\"content__img-wrap\"><img src=\"https:\/\/sitechecker.pro\/wp-content\/uploads\/2024\/01\/external-internal-subdomain-links.png\" alt=\"Enlaces de subdominios internos y externos\" class=\"description-img description-img-zoom\" loading=\"lazy\" ><\/div>\n<p>Recuerde que auditar una sola p\u00e1gina podr\u00eda no mejorar en gran medida el SEO de su sitio web. Para una evaluaci\u00f3n integral, seleccione &#8220;Ejecutar una auditor\u00eda completa del sitio web&#8221;. Esta opci\u00f3n se detalla en la parte inicial de nuestro manual, donde se explican los datos que recibir\u00e1 de una inspecci\u00f3n completa del sitio.<\/p>\n<p>Adem\u00e1s, visite la secci\u00f3n &#8220;Auditor\u00eda del sitio&#8221; para iniciar nuestro proyecto de demostraci\u00f3n. Esto le permitir\u00e1 experimentar todas las capacidades de la herramienta y obtener informaci\u00f3n esencial sobre el rendimiento de su sitio web.<\/p>\n<div class=\"content__img-wrap\"><img src=\"https:\/\/sitechecker.pro\/wp-content\/uploads\/2024\/01\/run-full-website-audit-3.png\" alt=\"Ejecutar auditor\u00eda completa del sitio web\" class=\"description-img description-img-zoom\" loading=\"lazy\" ><\/div>\n<p><iframe width=\"700\" height=\"350\" src=\"https:\/\/www.youtube.com\/embed\/-cexaqBe4KQ?si=PhGWgldVUcxNCsqq&amp;start=213\" title=\"Reproductor de video de YouTube\" frameborder=\"0\" allow=\"accelerometer; autoplay; clipboard-write; encrypted-media; gyroscope; picture-in-picture; web-share\" allowfullscreen><\/iframe><\/p>\n<h3>Funciones adicionales de la comprobaci\u00f3n del contador de enlaces de p\u00e1gina<\/h3>\n<p>La funci\u00f3n &#8220;Detalles de la p\u00e1gina&#8221; de la herramienta Contador de enlaces proporciona un an\u00e1lisis en profundidad de las URL internas de una p\u00e1gina espec\u00edfica de su sitio web. En \u00e9l se enumeran todos los enlaces internos que se encuentran en la p\u00e1gina seleccionada, junto con su c\u00f3digo de estado y si est\u00e1n marcados como &#8220;dofollow&#8221; o &#8220;nofollow&#8221; para los rastreadores de los motores de b\u00fasqueda. Esta secci\u00f3n le permite supervisar la conectividad y la compatibilidad con SEO de la estructura de la direcci\u00f3n de su p\u00e1gina interna, lo que garantiza que las p\u00e1ginas importantes sean accesibles y que el valor de la p\u00e1gina se transmita de manera efectiva en todo el sitio. Adem\u00e1s, con la herramienta <a href=\"https:\/\/sitechecker.pro\/directory-scanner\/\">Contador de p\u00e1ginas<\/a>, puede realizar un seguimiento de la cantidad total de p\u00e1ginas de su sitio web, lo que ayuda a mantener una estructura bien organizada y garantiza que todas las p\u00e1ginas est\u00e9n correctamente indexadas y optimizadas para los motores de b\u00fasqueda.<\/p>\n<div class=\"content__img-wrap\"><img src=\"https:\/\/sitechecker.pro\/wp-content\/uploads\/2024\/01\/issues-overview-5.png\" alt=\"Descripci\u00f3n general de problemas\" class=\"description-img description-img-zoom\" loading=\"lazy\" ><\/div>\n<h2 id=\"par5\">Idea final<\/h2>\n<p>Website Link Counter Checker surge como una herramienta indispensable para cualquier webmaster que busque mejorar el SEO de su sitio web. Al ofrecer un an\u00e1lisis exhaustivo de las URL, que incluye el recuento total de URL, el an\u00e1lisis de enlaces y la detecci\u00f3n de errores, proporciona una plataforma s\u00f3lida para optimizar la estructura de enlaces de su sitio. Su interfaz f\u00e1cil de usar, su panel unificado y su completo conjunto de herramientas de SEO permiten a los usuarios realizar auditor\u00edas integrales del sitio, realizar un seguimiento del rendimiento y tomar decisiones informadas.<\/p>\n<div id=\"par6\"><\/div>\n<p><div class=\"front__faq-block\"><div class=\"faq__block-title\">Preguntas frecuentes<\/div><div class=\"panel-group\" id=\"faq-accordion\" itemscope itemtype=\"https:\/\/schema.org\/FAQPage\" role=\"tablist\" aria-multiselectable=\"true\"><div class=\"panel\" itemscope itemtype=\"https:\/\/schema.org\/Question\" itemprop=\"mainEntity\">\n                            <div class=\"panel-heading\" id=\"headingFaq-1\">\n                                <div class=\"panel-title\" data-toggle=\"collapse\" aria-expanded=\"false\" href=\"#collapseFaq-1\">\n                                    <h3 itemprop=\"name\">\u00bfQu\u00e9 tipo de enlaces analiza la herramienta Link Count?<\/h3>\n                                <\/div>\n                            <\/div>\n                            <div id=\"collapseFaq-1\" class=\"panel-collapse collapse\" itemprop=\"acceptedAnswer\" itemscope itemtype=\"http:\/\/schema.org\/Answer\">\n                                <div class=\"panel-body\" itemprop=\"text\">La herramienta de contador de direcciones URL analiza los enlaces internos, externos, dofollow y nofollow dentro de un sitio web.<\/div>\n                            <\/div>\n                        <\/div><div class=\"panel\" itemscope itemtype=\"https:\/\/schema.org\/Question\" itemprop=\"mainEntity\">\n                            <div class=\"panel-heading\" id=\"headingFaq-2\">\n                                <div class=\"panel-title\" data-toggle=\"collapse\" aria-expanded=\"false\" href=\"#collapseFaq-2\">\n                                    <h3 itemprop=\"name\">\u00bfPuede el analizador de recuento de enlaces identificar problemas de SEO relacionados con hiperv\u00ednculos?<\/h3>\n                                <\/div>\n                            <\/div>\n                            <div id=\"collapseFaq-2\" class=\"panel-collapse collapse\" itemprop=\"acceptedAnswer\" itemscope itemtype=\"http:\/\/schema.org\/Answer\">\n                                <div class=\"panel-body\" itemprop=\"text\">S\u00ed, puede detectar URL hu\u00e9rfanas y direcciones de p\u00e1ginas internas inadecuadas, y proporcionar un recuento de advertencias y oportunidades para mejorar el SEO.<\/div>\n                            <\/div>\n                        <\/div><div class=\"panel\" itemscope itemtype=\"https:\/\/schema.org\/Question\" itemprop=\"mainEntity\">\n                            <div class=\"panel-heading\" id=\"headingFaq-3\">\n                                <div class=\"panel-title\" data-toggle=\"collapse\" aria-expanded=\"false\" href=\"#collapseFaq-3\">\n                                    <h3 itemprop=\"name\">\u00bfEl identificador de recuento de enlaces es adecuado para usuarios no t\u00e9cnicos?<\/h3>\n                                <\/div>\n                            <\/div>\n                            <div id=\"collapseFaq-3\" class=\"panel-collapse collapse\" itemprop=\"acceptedAnswer\" itemscope itemtype=\"http:\/\/schema.org\/Answer\">\n                                <div class=\"panel-body\" itemprop=\"text\">Por supuesto, est\u00e1 dise\u00f1ado con una interfaz f\u00e1cil de usar que permite a aquellos con conocimientos t\u00e9cnicos limitados navegar y utilizar la herramienta f\u00e1cilmente.<\/div>\n                            <\/div>\n                        <\/div><div class=\"panel\" itemscope itemtype=\"https:\/\/schema.org\/Question\" itemprop=\"mainEntity\">\n                            <div class=\"panel-heading\" id=\"headingFaq-4\">\n                                <div class=\"panel-title\" data-toggle=\"collapse\" aria-expanded=\"false\" href=\"#collapseFaq-4\">\n                                    <h3 itemprop=\"name\">\u00bfQu\u00e9 implica una auditor\u00eda completa de un sitio web en comparaci\u00f3n con una auditor\u00eda de una sola p\u00e1gina?<\/h3>\n                                <\/div>\n                            <\/div>\n                            <div id=\"collapseFaq-4\" class=\"panel-collapse collapse\" itemprop=\"acceptedAnswer\" itemscope itemtype=\"http:\/\/schema.org\/Answer\">\n                                <div class=\"panel-body\" itemprop=\"text\">Una auditor\u00eda completa de un sitio web proporciona una visi\u00f3n integral del estado general del sitio, incluidas todas las p\u00e1ginas, mientras que una auditor\u00eda de una sola p\u00e1gina se centra en las direcciones URL y los elementos SEO de una p\u00e1gina.<\/div>\n                            <\/div>\n                        <\/div><\/div><\/div><\/p>","protected":false},"excerpt":{"rendered":"\u00bfQu\u00e9 es el contador de enlaces? El contador de enlaces internos de sitios web de Sitechecker es una herramienta dise\u00f1ada para determinar la cantidad total de URL en un sitio o p\u00e1gina y ofrece una variedad de funciones para el an\u00e1lisis de URL. Es \u00fatil para identificar qu\u00e9 URL de su XML Sitemap est\u00e1n indexadas&#8230;","protected":false},"author":10409641,"featured_media":0,"parent":0,"menu_order":0,"comment_status":"closed","ping_status":"closed","template":"pages-templates\/pages-minitools-3.php","meta":[],"categories":[72],"tags":[],"_links":{"self":[{"href":"https:\/\/sitechecker.pro\/es\/wp-json\/wp\/v2\/pages\/29734"}],"collection":[{"href":"https:\/\/sitechecker.pro\/es\/wp-json\/wp\/v2\/pages"}],"about":[{"href":"https:\/\/sitechecker.pro\/es\/wp-json\/wp\/v2\/types\/page"}],"author":[{"embeddable":true,"href":"https:\/\/sitechecker.pro\/es\/wp-json\/wp\/v2\/users\/10409641"}],"replies":[{"embeddable":true,"href":"https:\/\/sitechecker.pro\/es\/wp-json\/wp\/v2\/comments?post=29734"}],"version-history":[{"count":8,"href":"https:\/\/sitechecker.pro\/es\/wp-json\/wp\/v2\/pages\/29734\/revisions"}],"predecessor-version":[{"id":36586,"href":"https:\/\/sitechecker.pro\/es\/wp-json\/wp\/v2\/pages\/29734\/revisions\/36586"}],"wp:attachment":[{"href":"https:\/\/sitechecker.pro\/es\/wp-json\/wp\/v2\/media?parent=29734"}],"wp:term":[{"taxonomy":"category","embeddable":true,"href":"https:\/\/sitechecker.pro\/es\/wp-json\/wp\/v2\/categories?post=29734"},{"taxonomy":"post_tag","embeddable":true,"href":"https:\/\/sitechecker.pro\/es\/wp-json\/wp\/v2\/tags?post=29734"}],"curies":[{"name":"wp","href":"https:\/\/api.w.org\/{rel}","templated":true}]}}