{"id":29720,"date":"2024-01-18T16:07:02","date_gmt":"2024-01-18T16:07:02","guid":{"rendered":"https:\/\/sitechecker.pro\/?page_id=29720"},"modified":"2025-05-02T12:58:21","modified_gmt":"2025-05-02T12:58:21","slug":"http-header-checker-tool-detect-fix-server-header-issues","status":"publish","type":"page","link":"https:\/\/sitechecker.pro\/es\/http-header-checker\/","title":{"rendered":"Verificaci\u00f3n de encabezados HTTP"},"content":{"rendered":"<p><\/p>\n<h2 id=\"par1\">\u00bfQu\u00e9 es HTTP Header Checker?<\/h2>\n<p>El HTTP Header Checker de <a href=\"https:\/\/sitechecker.pro\/\" target=\"_blank\" rel=\"noopener noreferrer\">Sitechecker<\/a> es una herramienta de diagn\u00f3stico que examina los encabezados HTTP enviados por un servidor web en respuesta a las solicitudes de los clientes. Proporciona un an\u00e1lisis completo de los encabezados de cada p\u00e1gina de un sitio y detecta problemas comunes como discrepancias en las etiquetas can\u00f3nicas, discrepancias en las directivas nofollow y noindex e implementaciones de redireccionamiento HTTPS incorrectas. La herramienta tambi\u00e9n eval\u00faa el uso de etiquetas can\u00f3nicas en los encabezados HTML y HTTP y ofrece soluciones detalladas para corregir cualquier problema identificado.<\/p>\n<h3>\u00bfC\u00f3mo puede ayudarle la herramienta?<\/h3>\n<p><strong>Visualizaci\u00f3n de encabezados de respuesta: <\/strong>muestra los encabezados de respuesta HTTP enviados por el servidor y proporciona informaci\u00f3n como el tipo de contenido, el tipo de servidor, las pol\u00edticas de almacenamiento en cach\u00e9, la codificaci\u00f3n del contenido y los c\u00f3digos de estado.<\/p>\n<p><strong><a href=\"https:\/\/sitechecker.pro\/http-monitoring\/\" target=\"_blank\" rel=\"noopener noreferrer\">Problemas de supervisi\u00f3n de encabezados HTTP<\/a>: <\/strong>identifica problemas en los encabezados HTTP, como etiquetas y directivas no coincidentes o faltantes. Esto incluye problemas como errores de coincidencia de etiquetas can\u00f3nicas, inconsistencias de directivas nofollow y noindex y redirecciones HTTPS incorrectas.<\/p>\n<p><strong>Proporciona datos completos sobre c\u00f3mo solucionar problemas: <\/strong>ofrece orientaci\u00f3n detallada sobre c\u00f3mo resolver problemas identificados en los encabezados HTTP. Esto incluye instrucciones paso a paso para corregir errores de coincidencia, implementar etiquetas y directivas adecuadas y garantizar una configuraci\u00f3n \u00f3ptima del encabezado para SEO.<\/p>\n<h3>Caracter\u00edsticas clave de HTTP Header Checker<\/h3>\n<p><strong>Panel unificado: <\/strong>centraliza todos los datos y m\u00e9tricas de SEO para facilitar la supervisi\u00f3n y el an\u00e1lisis, lo que simplifica la gesti\u00f3n de campa\u00f1as de SEO.<\/p>\n<p><strong>Interfaz f\u00e1cil de usar: <\/strong>Dise\u00f1ada para facilitar su uso, lo que hace que las herramientas de SEO sean accesibles para usuarios de todos los niveles de habilidad, incluidos los principiantes.<\/p>\n<p><strong>Conjunto completo de herramientas de SEO: <\/strong>Ofrece un conjunto completo de herramientas que cubren todos los aspectos de SEO, incluida la investigaci\u00f3n de palabras clave, las auditor\u00edas de sitios y el an\u00e1lisis de v\u00ednculos de retroceso.<\/p>\n<h2 id=\"par2\">C\u00f3mo utilizar la herramienta<\/h2>\n<p>El verificador de encabezados HTTP de Sitechecker es una herramienta f\u00e1cil de usar dise\u00f1ada para analizar los encabezados HTTP tanto de p\u00e1ginas individuales como de dominios completos. Le permite evaluar y corregir f\u00e1cilmente los problemas comunes de los encabezados, lo que garantiza un rendimiento \u00f3ptimo del sitio web y una eficiencia de SEO. Simplemente seleccione un dominio o una sola p\u00e1gina para comenzar el an\u00e1lisis.<\/p>\n<div class=\"content__img-wrap\"><img src=\"https:\/\/sitechecker.pro\/wp-content\/uploads\/2024\/08\/1-Selector-HTTP-min.png\" alt=\"Verificador de encabezados HTTP\" class=\"description-img description-img-zoom\" loading=\"lazy\" ><\/div>\n<h2 id=\"par3\">Verificaci\u00f3n de dominio<\/h2>\n<h3>Paso 1: para verificar un dominio, haga clic en el bot\u00f3n designado para iniciar el proceso de escaneo<\/h3>\n<div class=\"content__img-wrap\"><img src=\"https:\/\/sitechecker.pro\/wp-content\/uploads\/2024\/08\/2-HTTP-Headers-Domain-Check-min.png\" alt=\"Verificador de encabezados HTTP Dominio\" class=\"description-img description-img-zoom\" loading=\"lazy\" ><\/div>\n<div class=\"important-block\">Para recibir resultados y acceder a las funciones de Sitechecker durante 14 d\u00edas, comience su prueba GRATUITA. Registrarse es f\u00e1cil con su cuenta de correo electr\u00f3nico, Google o Facebook. No se necesita tarjeta de cr\u00e9dito.<\/div>\n<h3>Paso 2: Resultados<\/h3>\n<p>El verificador de encabezados HTTP escanea meticulosamente en busca de inconsistencias espec\u00edficas en los encabezados HTTP, vitales para el SEO y la funcionalidad, como etiquetas can\u00f3nicas no coincidentes que pueden confundir a los motores de b\u00fasqueda al determinar la versi\u00f3n autorizada de una p\u00e1gina. Identifica errores de alineaci\u00f3n entre las directivas nofollow y noindex dentro de los encabezados HTML y HTTP, lo que afecta la forma en que los motores de b\u00fasqueda rastrean e indexan el contenido.<\/p>\n<p>Adem\u00e1s, la herramienta verifica la precisi\u00f3n de las redirecciones HTTP y HTTPS en los encabezados de respuesta (esenciales para la seguridad y el SEO) y verifica que las etiquetas can\u00f3nicas se presenten de manera consistente en los encabezados HTML y HTTP para evitar problemas de contenido duplicado, lo que garantiza la claridad para los algoritmos de los motores de b\u00fasqueda.<\/p>\n<div class=\"content__img-wrap\"><img src=\"https:\/\/sitechecker.pro\/wp-content\/uploads\/2024\/01\/site-audit-header-issues.png\" alt=\"Problemas con los encabezados de Site Audit\" class=\"description-img description-img-zoom\" loading=\"lazy\" ><\/div>\n<p>Para configurar alertas autom\u00e1ticas para los cambios en los encabezados HTTP, navegue hasta la configuraci\u00f3n del proyecto en la parte superior de la pantalla. Luego, dentro de la secci\u00f3n Alertas e informes, seleccione &#8220;Enviarme una alerta cuando los encabezados HTTP cambien&#8221;. Recibir\u00e1 autom\u00e1ticamente notificaciones por correo electr\u00f3nico de cualquier cambio.<\/p>\n<div class=\"content__img-wrap\"><img src=\"https:\/\/sitechecker.pro\/wp-content\/uploads\/2024\/04\/Enviarme-una-alerta-cuando-los-encabezados-HTTP-cambien.png\" alt=\"Enviarme una alerta cuando los encabezados HTTP cambien\" class=\"description-img description-img-zoom\" loading=\"lazy\" ><\/div>\n<h3>Caracter\u00edsticas adicionales de la herramienta<\/h3>\n<p>Haga clic en la pesta\u00f1a &#8220;Ver todas las p\u00e1ginas&#8221; para mostrar todas las URL de su sitio junto con sus configuraciones. Para ver los detalles de una p\u00e1gina espec\u00edfica, simplemente haga clic en la p\u00e1gina deseada y se presentar\u00e1 una descripci\u00f3n de su encabezado HTTP.<\/p>\n<p>La herramienta muestra los encabezados de respuesta HTTP del servidor, detallando elementos como la fecha y hora de respuesta, el tipo de contenido, el estado de conexi\u00f3n del servidor y los protocolos de seguridad.<\/p>\n<p>Los encabezados clave visibles, incluidos &#8220;Content-Type&#8221; y &#8220;Strict-Transport-Security&#8221;, junto con detalles del servidor como &#8220;X-Powered-By&#8221; y &#8220;Server&#8221;, son esenciales para el SEO, la seguridad y la funcionalidad del sitio.<\/p>\n<div class=\"content__img-wrap\"><img src=\"https:\/\/sitechecker.pro\/wp-content\/uploads\/2024\/01\/page-details-http-headers.png\" alt=\"Encabezados HTTP de detalles de p\u00e1gina\" class=\"description-img description-img-zoom\" loading=\"lazy\" ><\/div>\n<p>Por ejemplo, el encabezado &#8216;Strict-Transport-Security&#8217; garantiza que los navegadores establezcan conexiones exclusivamente a trav\u00e9s de HTTPS, lo que significa que se trata de un enlace seguro. El acceso a dicha informaci\u00f3n es fundamental para solucionar problemas relacionados con el encabezado HTTP y verificar que el servidor web est\u00e9 configurado para un rendimiento m\u00e1ximo y el cumplimiento de los est\u00e1ndares de seguridad.<\/p>\n<h2 id=\"par4\">Verificaci\u00f3n de p\u00e1gina<\/h2>\n<h3>Paso 1: Inserte su URL espec\u00edfica<\/h3>\n<div class=\"content__img-wrap\"><img src=\"https:\/\/sitechecker.pro\/wp-content\/uploads\/2024\/08\/3-Page-Check-HTTP-Check-min.png\" alt=\"P\u00e1gina de verificaci\u00f3n de encabezado HTTP\" class=\"description-img description-img-zoom\" loading=\"lazy\" ><\/div>\n<h3>Paso 2: Obtenga resultados<\/h3>\n<p>La herramienta de verificaci\u00f3n de encabezado HTTP examina los encabezados HTTP devueltos por un servidor web en respuesta a una solicitud de una URL espec\u00edfica.<\/p>\n<p>Esta herramienta verifica si la etiqueta X-Robots est\u00e1 presente en el encabezado HTTP, que es una directiva que los motores de b\u00fasqueda utilizan para determinar c\u00f3mo indexar y seguir el contenido de la p\u00e1gina web.<\/p>\n<p>En el contexto de esta herramienta, la etiqueta X-Robots es un elemento importante porque le permite controlar la indexaci\u00f3n de una p\u00e1gina web incluso cuando otras etiquetas de nivel HTML pueden no estar presentes. Es especialmente \u00fatil para archivos que no son HTML, como im\u00e1genes o PDF, donde no se puede usar la etiqueta meta robots habitual.<\/p>\n<div class=\"content__img-wrap\"><img src=\"https:\/\/sitechecker.pro\/wp-content\/uploads\/2024\/01\/indexation-check.png\" alt=\"Indexation Check\" class=\"description-img description-img-zoom\" loading=\"lazy\" ><\/div>\n<p>Para comprender completamente la funcionalidad de los encabezados HTTP de su sitio web, puede que no sea suficiente examinar solo una p\u00e1gina. Se recomienda una revisi\u00f3n m\u00e1s exhaustiva para comprender completamente. Para ello, active el bot\u00f3n &#8220;Ejecutar una auditor\u00eda completa del sitio web&#8221;.<\/p>\n<p>Para comprender mejor las capacidades de la herramienta despu\u00e9s de analizar su dominio, consulte las pantallas de verificaci\u00f3n de dominio ubicadas en la parte inicial de este manual. Adem\u00e1s, puede participar en el proyecto de demostraci\u00f3n interactivo, que ofrece una ilustraci\u00f3n pr\u00e1ctica de las ventajas que ofrece la herramienta. Haga clic en el bot\u00f3n &#8220;Auditor\u00eda del sitio&#8221; para obtener m\u00e1s informaci\u00f3n.<\/p>\n<div class=\"content__img-wrap\"><img src=\"https:\/\/sitechecker.pro\/wp-content\/uploads\/2024\/01\/run-full-website-audit.png\" alt=\"Ejecutar auditor\u00eda completa del sitio web\" class=\"description-img description-img-zoom\" loading=\"lazy\" ><\/div>\n<h3>Funciones adicionales de la herramienta de verificaci\u00f3n de encabezado HTTP de p\u00e1gina<\/h3>\n<p>Examine las secciones de navegaci\u00f3n de la p\u00e1gina para identificar \u00e1reas que podr\u00edan indicar problemas o revelar m\u00e1s oportunidades para una auditor\u00eda t\u00e9cnica de la p\u00e1gina. La herramienta ayuda en aspectos esenciales del refinamiento del contenido mediante el an\u00e1lisis de t\u00edtulos y metadatos, la verificaci\u00f3n de la implementaci\u00f3n de datos estructurados y la evaluaci\u00f3n de configuraciones precisas del \u00edndice de b\u00fasqueda. Adem\u00e1s, eval\u00faa la velocidad del sitio m\u00f3vil para aumentar la experiencia del usuario.<\/p>\n<div class=\"content__img-wrap\"><img src=\"https:\/\/sitechecker.pro\/wp-content\/uploads\/2024\/01\/on-page-seo-checker-page-navigation.png\" alt=\"On Page Seo Checker Page Navigation\" class=\"description-img description-img-zoom\" loading=\"lazy\" ><\/div>\n<h2 id=\"par5\">Observaciones finales<\/h2>\n<p>El HTTP Header Checker es una herramienta integral para diagnosticar y solucionar problemas de encabezado HTTP para optimizar el SEO y la funcionalidad del sitio web. Analiza los encabezados de respuesta del servidor, identifica problemas relacionados con el SEO y ofrece soluciones para problemas como errores de coincidencia de etiquetas y redireccionamientos incorrectos. Con una interfaz f\u00e1cil de usar y un conjunto de herramientas de SEO, est\u00e1 dise\u00f1ado tanto para principiantes como para expertos. La herramienta facilita escaneos de dominios completos o p\u00e1ginas individuales y ofrece una auditor\u00eda ampliada para una evaluaci\u00f3n detallada, mejorando el contenido, la estructura de datos y la experiencia del usuario m\u00f3vil.<\/p>\n<div id=\"par6\"><\/div>\n<p><div class=\"front__faq-block\"><div class=\"faq__block-title\">Preguntas frecuentes<\/div><div class=\"panel-group\" id=\"faq-accordion\" itemscope itemtype=\"https:\/\/schema.org\/FAQPage\" role=\"tablist\" aria-multiselectable=\"true\"><div class=\"panel\" itemscope itemtype=\"https:\/\/schema.org\/Question\" itemprop=\"mainEntity\">\n                            <div class=\"panel-heading\" id=\"headingFaq-1\">\n                                <div class=\"panel-title\" data-toggle=\"collapse\" aria-expanded=\"false\" href=\"#collapseFaq-1\">\n                                    <h3 itemprop=\"name\">\u00bfQu\u00e9 tipos de problemas de encabezado HTTP puede identificar el Comprobador de encabezado HTTP?<\/h3>\n                                <\/div>\n                            <\/div>\n                            <div id=\"collapseFaq-1\" class=\"panel-collapse collapse\" itemprop=\"acceptedAnswer\" itemscope itemtype=\"http:\/\/schema.org\/Answer\">\n                                <div class=\"panel-body\" itemprop=\"text\">La herramienta puede identificar varios problemas de encabezado HTTP, incluidos errores de coincidencia en las etiquetas can\u00f3nicas, discrepancias en las directivas nofollow y noindex e implementaciones de redireccionamiento HTTPS incorrectas.<\/div>\n                            <\/div>\n                        <\/div><div class=\"panel\" itemscope itemtype=\"https:\/\/schema.org\/Question\" itemprop=\"mainEntity\">\n                            <div class=\"panel-heading\" id=\"headingFaq-2\">\n                                <div class=\"panel-title\" data-toggle=\"collapse\" aria-expanded=\"false\" href=\"#collapseFaq-2\">\n                                    <h3 itemprop=\"name\">\u00bfPuede la herramienta Comprobador de encabezado HTTP analizar encabezados en busca de archivos que no sean HTML?<\/h3>\n                                <\/div>\n                            <\/div>\n                            <div id=\"collapseFaq-2\" class=\"panel-collapse collapse\" itemprop=\"acceptedAnswer\" itemscope itemtype=\"http:\/\/schema.org\/Answer\">\n                                <div class=\"panel-body\" itemprop=\"text\">S\u00ed, puede analizar encabezados en busca de archivos que no sean HTML, como im\u00e1genes y archivos PDF, al verificar directivas como la etiqueta X-Robots-Tag en el encabezado HTTP.<\/div>\n                            <\/div>\n                        <\/div><div class=\"panel\" itemscope itemtype=\"https:\/\/schema.org\/Question\" itemprop=\"mainEntity\">\n                            <div class=\"panel-heading\" id=\"headingFaq-3\">\n                                <div class=\"panel-title\" data-toggle=\"collapse\" aria-expanded=\"false\" href=\"#collapseFaq-3\">\n                                    <h3 itemprop=\"name\">\u00bfEl Comprobador de encabezado HTTP ofrece orientaci\u00f3n para solucionar problemas?<\/h3>\n                                <\/div>\n                            <\/div>\n                            <div id=\"collapseFaq-3\" class=\"panel-collapse collapse\" itemprop=\"acceptedAnswer\" itemscope itemtype=\"http:\/\/schema.org\/Answer\">\n                                <div class=\"panel-body\" itemprop=\"text\">S\u00ed, proporciona datos completos e instrucciones paso a paso sobre c\u00f3mo solucionar todos los problemas de encabezado HTTP identificados.<\/div>\n                            <\/div>\n                        <\/div><div class=\"panel\" itemscope itemtype=\"https:\/\/schema.org\/Question\" itemprop=\"mainEntity\">\n                            <div class=\"panel-heading\" id=\"headingFaq-4\">\n                                <div class=\"panel-title\" data-toggle=\"collapse\" aria-expanded=\"false\" href=\"#collapseFaq-4\">\n                                    <h3 itemprop=\"name\">\u00bfQu\u00e9 caracter\u00edsticas adicionales incluye la herramienta Comprobador de encabezado HTTP?<\/h3>\n                                <\/div>\n                            <\/div>\n                            <div id=\"collapseFaq-4\" class=\"panel-collapse collapse\" itemprop=\"acceptedAnswer\" itemscope itemtype=\"http:\/\/schema.org\/Answer\">\n                                <div class=\"panel-body\" itemprop=\"text\">Incluye un panel unificado para datos de SEO, una interfaz f\u00e1cil de usar y un conjunto completo de herramientas de SEO para investigaci\u00f3n de palabras clave, auditor\u00edas de sitios y an\u00e1lisis de backlinks.<\/div>\n                            <\/div>\n                        <\/div><div class=\"panel\" itemscope itemtype=\"https:\/\/schema.org\/Question\" itemprop=\"mainEntity\">\n                            <div class=\"panel-heading\" id=\"headingFaq-5\">\n                                <div class=\"panel-title\" data-toggle=\"collapse\" aria-expanded=\"false\" href=\"#collapseFaq-5\">\n                                    <h3 itemprop=\"name\">\u00bfPuede la herramienta HTTP Header Checker manejar auditor\u00edas completas de sitios web?<\/h3>\n                                <\/div>\n                            <\/div>\n                            <div id=\"collapseFaq-5\" class=\"panel-collapse collapse\" itemprop=\"acceptedAnswer\" itemscope itemtype=\"http:\/\/schema.org\/Answer\">\n                                <div class=\"panel-body\" itemprop=\"text\">S\u00ed, la herramienta tiene una funci\u00f3n para ejecutar una auditor\u00eda completa del sitio web para un examen exhaustivo m\u00e1s all\u00e1 del an\u00e1lisis de una sola p\u00e1gina.<\/div>\n                            <\/div>\n                        <\/div><div class=\"panel\" itemscope itemtype=\"https:\/\/schema.org\/Question\" itemprop=\"mainEntity\">\n                            <div class=\"panel-heading\" id=\"headingFaq-6\">\n                                <div class=\"panel-title\" data-toggle=\"collapse\" aria-expanded=\"false\" href=\"#collapseFaq-6\">\n                                    <h3 itemprop=\"name\">\u00bfC\u00f3mo empezar a utilizar la herramienta HTTP Header Checker?<\/h3>\n                                <\/div>\n                            <\/div>\n                            <div id=\"collapseFaq-6\" class=\"panel-collapse collapse\" itemprop=\"acceptedAnswer\" itemscope itemtype=\"http:\/\/schema.org\/Answer\">\n                                <div class=\"panel-body\" itemprop=\"text\">Puede empezar a utilizar la herramienta seleccionando un dominio o una sola p\u00e1gina para escanear, y para tener acceso completo a las funciones de Sitechecker, hay disponible una prueba gratuita sin necesidad de una tarjeta de cr\u00e9dito.<\/div>\n                            <\/div>\n                        <\/div><\/div><\/div><\/p>","protected":false},"excerpt":{"rendered":"\u00bfQu\u00e9 es HTTP Header Checker? El HTTP Header Checker de Sitechecker es una herramienta de diagn\u00f3stico que examina los encabezados HTTP enviados por un servidor web en respuesta a las solicitudes de los clientes. Proporciona un an\u00e1lisis completo de los encabezados de cada p\u00e1gina de un sitio y detecta problemas comunes como discrepancias en las&#8230;","protected":false},"author":10409641,"featured_media":0,"parent":0,"menu_order":0,"comment_status":"closed","ping_status":"closed","template":"pages-templates\/pages-minitools-3.php","meta":[],"categories":[74],"tags":[],"_links":{"self":[{"href":"https:\/\/sitechecker.pro\/es\/wp-json\/wp\/v2\/pages\/29720"}],"collection":[{"href":"https:\/\/sitechecker.pro\/es\/wp-json\/wp\/v2\/pages"}],"about":[{"href":"https:\/\/sitechecker.pro\/es\/wp-json\/wp\/v2\/types\/page"}],"author":[{"embeddable":true,"href":"https:\/\/sitechecker.pro\/es\/wp-json\/wp\/v2\/users\/10409641"}],"replies":[{"embeddable":true,"href":"https:\/\/sitechecker.pro\/es\/wp-json\/wp\/v2\/comments?post=29720"}],"version-history":[{"count":10,"href":"https:\/\/sitechecker.pro\/es\/wp-json\/wp\/v2\/pages\/29720\/revisions"}],"predecessor-version":[{"id":36864,"href":"https:\/\/sitechecker.pro\/es\/wp-json\/wp\/v2\/pages\/29720\/revisions\/36864"}],"wp:attachment":[{"href":"https:\/\/sitechecker.pro\/es\/wp-json\/wp\/v2\/media?parent=29720"}],"wp:term":[{"taxonomy":"category","embeddable":true,"href":"https:\/\/sitechecker.pro\/es\/wp-json\/wp\/v2\/categories?post=29720"},{"taxonomy":"post_tag","embeddable":true,"href":"https:\/\/sitechecker.pro\/es\/wp-json\/wp\/v2\/tags?post=29720"}],"curies":[{"name":"wp","href":"https:\/\/api.w.org\/{rel}","templated":true}]}}