{"id":29711,"date":"2024-01-18T14:51:57","date_gmt":"2024-01-18T14:51:57","guid":{"rendered":"https:\/\/sitechecker.pro\/?page_id=29711"},"modified":"2025-04-28T15:41:49","modified_gmt":"2025-04-28T15:41:49","slug":"broken-image-checker-online-detector-broken-images","status":"publish","type":"page","link":"https:\/\/sitechecker.pro\/es\/broken-image-checker\/","title":{"rendered":"Encontrar y Reparar Im\u00e1genes Rotas en un Sitio Web"},"content":{"rendered":"<p><\/p>\n<h2 id=\"par1\">\u00bfQu\u00e9 es Broken Image Checker?<\/h2>\n<p>Broken Image Checker de <a href=\"https:\/\/sitechecker.pro\/\" target=\"_blank\" rel=\"noopener noreferrer\">Sitechecker<\/a> es una herramienta que ayuda a identificar im\u00e1genes rotas en un sitio web que no se muestran correctamente. La herramienta identifica todos los c\u00f3digos de estado de las im\u00e1genes de su sitio, adem\u00e1s de brindar informaci\u00f3n sobre la URL de la imagen, el t\u00edtulo, la etiqueta alt, el tama\u00f1o y detecta cualquier error relacionado con las im\u00e1genes.<\/p>\n<h3>La herramienta puede ayudarlo de muchas maneras<\/h3>\n<p><strong>Detecci\u00f3n de im\u00e1genes rotas: <\/strong>La herramienta escanea las p\u00e1ginas web para detectar ilustraciones que no se cargan. Esto puede deberse a varias razones, como URL de im\u00e1genes incorrectas, archivos de im\u00e1genes eliminados o movidos o errores del servidor.<\/p>\n<p><strong>Descubra datos completos sobre todas las im\u00e1genes de sitios web: <\/strong>incluye una lista de c\u00f3digos de estado para cada imagen, junto con detalles como la URL de la imagen, el t\u00edtulo, la etiqueta alt, el tama\u00f1o y el an\u00e1lisis de los errores relacionados con las im\u00e1genes.<\/p>\n<p><strong>Identifique errores y advertencias: <\/strong>busque errores comunes relacionados con las im\u00e1genes, como la falta de <a href=\"https:\/\/sitechecker.pro\/alt-tags\/\" data-wpil-monitor-id=\"225\">etiquetas alt<\/a> (importantes para el SEO y la accesibilidad) e im\u00e1genes de gran tama\u00f1o (que pueden ralentizar los tiempos de carga de la p\u00e1gina).<\/p>\n<p><strong>Automatizaci\u00f3n: <\/strong>incluya la verificaci\u00f3n autom\u00e1tica de elementos visuales como parte de sus rutinas habituales de mantenimiento del sitio.<\/p>\n<h3>Caracter\u00edsticas clave de la herramienta<\/h3>\n<p><strong>Panel de control unificado: <\/strong>ofrece una vista centralizada para supervisar las m\u00e9tricas de SEO y el estado del sitio web, con datos en tiempo real y vistas personalizables para los indicadores clave de rendimiento.<\/p>\n<p><strong>Interfaz f\u00e1cil de usar: <\/strong>dise\u00f1ada para facilitar su uso con un dise\u00f1o intuitivo, representaciones visuales claras de los datos y acciones guiadas para mejorar el SEO.<\/p>\n<p><strong>Conjunto completo de herramientas de SEO: <\/strong>abarca la auditor\u00eda del sitio, el seguimiento y an\u00e1lisis de palabras clave, el an\u00e1lisis de v\u00ednculos de retroceso, la optimizaci\u00f3n en la p\u00e1gina, el an\u00e1lisis de la competencia y la generaci\u00f3n de informes de rendimiento detallados.<\/p>\n<h2 id=\"par2\">C\u00f3mo utilizar la herramienta<\/h2>\n<h3>Paso 1: Ingrese la URL de la p\u00e1gina que desea escanear en busca de im\u00e1genes rotas<\/h3>\n<div class=\"content__img-wrap\"><img src=\"https:\/\/sitechecker.pro\/wp-content\/uploads\/2024\/01\/broken-image-checker.png\" alt=\"Broken Image Checker\" class=\"description-img description-img-zoom\" loading=\"lazy\" ><\/div>\n<h3>Paso 2: Obtenga resultados<\/h3>\n<p>Nuestro Broken Image Checker le permite filtrar e identificar im\u00e1genes por sus c\u00f3digos de estado HTTP. Esto significa que puede detectar y corregir r\u00e1pidamente cualquier elemento visual que est\u00e9 generando errores de cliente o servidor, que son cruciales para una experiencia de usuario fluida.<\/p>\n<p>El panel tambi\u00e9n muestra el tama\u00f1o de cada imagen, lo que lo ayuda a controlar los tiempos de carga, que pueden afectar significativamente el rendimiento del sitio y la satisfacci\u00f3n del usuario. Adem\u00e1s, la herramienta verifica la presencia de &#8220;atributos alt&#8221; con cada imagen, lo que garantiza que su sitio se adhiera a las mejores pr\u00e1cticas de SEO y permanezca accesible para todos los usuarios.<\/p>\n<p>La herramienta proporciona informaci\u00f3n sobre los atributos de t\u00edtulo optimizados para SEO de sus im\u00e1genes y confirma su visibilidad de acuerdo con su archivo robots.txt.<\/p>\n<div class=\"content__img-wrap\"><img src=\"https:\/\/sitechecker.pro\/wp-content\/uploads\/2024\/01\/page-details-images.png\" alt=\"Detalles de la p\u00e1gina Im\u00e1genes\" class=\"description-img description-img-zoom\" loading=\"lazy\" ><\/div>\n<h2 id=\"par3\">Funciones adicionales<\/h2>\n<p>La herramienta realiza una auditor\u00eda integral de su sitio web. Navegue hasta la pesta\u00f1a &#8220;Auditor\u00eda del sitio&#8221; para continuar.<\/p>\n<p>La herramienta divide los problemas en categor\u00edas: Cr\u00edticos, Advertencias, Oportunidades y Avisos, junto con una Puntuaci\u00f3n del sitio web. Detalla la cantidad de p\u00e1ginas rastreadas e indica cu\u00e1ntas son indexables.<\/p>\n<p>En el contexto de un &#8220;verificador de im\u00e1genes rotas&#8221;, esta herramienta podr\u00eda marcar problemas relacionados con im\u00e1genes en secciones como &#8220;Enlaces de p\u00e1ginas HTTPS a im\u00e1genes HTTP&#8221; e &#8220;Im\u00e1genes&#8221;, con un recuento de ocurrencias. Por ejemplo, si hay problemas relacionados con las im\u00e1genes, se enumerar\u00e1n con una descripci\u00f3n espec\u00edfica, como &#8220;Agregar dimensiones a las im\u00e1genes&#8221; o &#8220;Mostrar im\u00e1genes en formatos de \u00faltima generaci\u00f3n&#8221;, lo que ayuda a identificar y corregir problemas con la visualizaci\u00f3n o la optimizaci\u00f3n de las im\u00e1genes.<\/p>\n<p>Adem\u00e1s, la herramienta segmenta los problemas seg\u00fan su impacto en diferentes aspectos del sitio, como la velocidad de la p\u00e1gina, la indexabilidad y la relevancia del contenido, lo que ofrece una descripci\u00f3n general completa del estado de un sitio web y destaca las \u00e1reas que necesitan atenci\u00f3n, incluidas las im\u00e1genes da\u00f1adas. Esto es esencial para mantener una presencia web optimizada y garantizar una experiencia de usuario de calidad.<\/p>\n<div class=\"content__img-wrap\"><img src=\"https:\/\/sitechecker.pro\/wp-content\/uploads\/2024\/01\/site-audit-images-issues.png\" alt=\"Problemas de im\u00e1genes de Site Audit\" class=\"description-img description-img-zoom\" loading=\"lazy\" ><\/div>\n<h2 id=\"par4\">Idea final<\/h2>\n<p>Broken Image Checker es una herramienta esencial para identificar y resolver de manera eficiente las ilustraciones da\u00f1adas, agilizando el proceso de mantenimiento de la salud del sitio web y optimizando el SEO. Proporciona un panel s\u00f3lido para una f\u00e1cil administraci\u00f3n, informes detallados sobre problemas de elementos visuales y un conjunto de herramientas de SEO para mejorar el rendimiento del sitio. Esta herramienta es fundamental para garantizar que las im\u00e1genes y la funcionalidad de su sitio web sean de primera categor\u00eda, mejorando as\u00ed la experiencia del usuario y la visibilidad en los motores de b\u00fasqueda.<\/p>\n<div id=\"par5\"><\/div>\n<p><div class=\"front__faq-block\"><div class=\"faq__block-title\">Preguntas frecuentes<\/div><div class=\"panel-group\" id=\"faq-accordion\" itemscope itemtype=\"https:\/\/schema.org\/FAQPage\" role=\"tablist\" aria-multiselectable=\"true\"><div class=\"panel\" itemscope itemtype=\"https:\/\/schema.org\/Question\" itemprop=\"mainEntity\">\n                            <div class=\"panel-heading\" id=\"headingFaq-1\">\n                                <div class=\"panel-title\" data-toggle=\"collapse\" aria-expanded=\"false\" href=\"#collapseFaq-1\">\n                                    <h3 itemprop=\"name\">\u00bfPuede Broken Image Finder ayudar a mejorar el tiempo de carga de mi sitio web?<\/h3>\n                                <\/div>\n                            <\/div>\n                            <div id=\"collapseFaq-1\" class=\"panel-collapse collapse\" itemprop=\"acceptedAnswer\" itemscope itemtype=\"http:\/\/schema.org\/Answer\">\n                                <div class=\"panel-body\" itemprop=\"text\">S\u00ed, al detectar y permitirle reparar o eliminar im\u00e1genes da\u00f1adas, nuestra herramienta puede reducir los tiempos de carga innecesarios, mejorando la velocidad y el rendimiento generales de su sitio web.<\/div>\n                            <\/div>\n                        <\/div><div class=\"panel\" itemscope itemtype=\"https:\/\/schema.org\/Question\" itemprop=\"mainEntity\">\n                            <div class=\"panel-heading\" id=\"headingFaq-2\">\n                                <div class=\"panel-title\" data-toggle=\"collapse\" aria-expanded=\"false\" href=\"#collapseFaq-2\">\n                                    <h3 itemprop=\"name\">\u00bfEl Broken Image Detector admite el escaneo autom\u00e1tico para controles de rutina?<\/h3>\n                                <\/div>\n                            <\/div>\n                            <div id=\"collapseFaq-2\" class=\"panel-collapse collapse\" itemprop=\"acceptedAnswer\" itemscope itemtype=\"http:\/\/schema.org\/Answer\">\n                                <div class=\"panel-body\" itemprop=\"text\">S\u00ed, la herramienta incluye una funci\u00f3n de automatizaci\u00f3n que se puede integrar en las rutinas de mantenimiento regulares del sitio, lo que garantiza el monitoreo y el mantenimiento continuos de las im\u00e1genes de su sitio web.<\/div>\n                            <\/div>\n                        <\/div><div class=\"panel\" itemscope itemtype=\"https:\/\/schema.org\/Question\" itemprop=\"mainEntity\">\n                            <div class=\"panel-heading\" id=\"headingFaq-3\">\n                                <div class=\"panel-title\" data-toggle=\"collapse\" aria-expanded=\"false\" href=\"#collapseFaq-3\">\n                                    <h3 itemprop=\"name\">\u00bfPuede el Broken Image Checker analizar el impacto SEO de mis im\u00e1genes?<\/h3>\n                                <\/div>\n                            <\/div>\n                            <div id=\"collapseFaq-3\" class=\"panel-collapse collapse\" itemprop=\"acceptedAnswer\" itemscope itemtype=\"http:\/\/schema.org\/Answer\">\n                                <div class=\"panel-body\" itemprop=\"text\">Absolutamente, la herramienta no solo verifica si hay im\u00e1genes da\u00f1adas, sino que tambi\u00e9n eval\u00faa los \"atributos alt\" y los atributos de t\u00edtulo compatibles con SEO, lo que contribuye a la efectividad SEO de su sitio.<\/div>\n                            <\/div>\n                        <\/div><div class=\"panel\" itemscope itemtype=\"https:\/\/schema.org\/Question\" itemprop=\"mainEntity\">\n                            <div class=\"panel-heading\" id=\"headingFaq-4\">\n                                <div class=\"panel-title\" data-toggle=\"collapse\" aria-expanded=\"false\" href=\"#collapseFaq-4\">\n                                    <h3 itemprop=\"name\">\u00bfEl Broken Image Checker soluciona problemas con elementos visuales adaptables para dispositivos m\u00f3viles?<\/h3>\n                                <\/div>\n                            <\/div>\n                            <div id=\"collapseFaq-4\" class=\"panel-collapse collapse\" itemprop=\"acceptedAnswer\" itemscope itemtype=\"http:\/\/schema.org\/Answer\">\n                                <div class=\"panel-body\" itemprop=\"text\">La herramienta verifica las configuraciones de la ventana gr\u00e1fica meta, que son cruciales para el dise\u00f1o adaptable, lo que ayuda a garantizar que las im\u00e1genes se muestren correctamente en todos los dispositivos.<\/div>\n                            <\/div>\n                        <\/div><\/div><\/div><\/p>","protected":false},"excerpt":{"rendered":"\u00bfQu\u00e9 es Broken Image Checker? Broken Image Checker de Sitechecker es una herramienta que ayuda a identificar im\u00e1genes rotas en un sitio web que no se muestran correctamente. La herramienta identifica todos los c\u00f3digos de estado de las im\u00e1genes de su sitio, adem\u00e1s de brindar informaci\u00f3n sobre la URL de la imagen, el t\u00edtulo, la&#8230;","protected":false},"author":10409641,"featured_media":0,"parent":0,"menu_order":0,"comment_status":"closed","ping_status":"closed","template":"pages-templates\/pages-minitools-3.php","meta":[],"categories":[74],"tags":[],"_links":{"self":[{"href":"https:\/\/sitechecker.pro\/es\/wp-json\/wp\/v2\/pages\/29711"}],"collection":[{"href":"https:\/\/sitechecker.pro\/es\/wp-json\/wp\/v2\/pages"}],"about":[{"href":"https:\/\/sitechecker.pro\/es\/wp-json\/wp\/v2\/types\/page"}],"author":[{"embeddable":true,"href":"https:\/\/sitechecker.pro\/es\/wp-json\/wp\/v2\/users\/10409641"}],"replies":[{"embeddable":true,"href":"https:\/\/sitechecker.pro\/es\/wp-json\/wp\/v2\/comments?post=29711"}],"version-history":[{"count":10,"href":"https:\/\/sitechecker.pro\/es\/wp-json\/wp\/v2\/pages\/29711\/revisions"}],"predecessor-version":[{"id":38165,"href":"https:\/\/sitechecker.pro\/es\/wp-json\/wp\/v2\/pages\/29711\/revisions\/38165"}],"wp:attachment":[{"href":"https:\/\/sitechecker.pro\/es\/wp-json\/wp\/v2\/media?parent=29711"}],"wp:term":[{"taxonomy":"category","embeddable":true,"href":"https:\/\/sitechecker.pro\/es\/wp-json\/wp\/v2\/categories?post=29711"},{"taxonomy":"post_tag","embeddable":true,"href":"https:\/\/sitechecker.pro\/es\/wp-json\/wp\/v2\/tags?post=29711"}],"curies":[{"name":"wp","href":"https:\/\/api.w.org\/{rel}","templated":true}]}}