{"id":29615,"date":"2024-01-15T14:37:48","date_gmt":"2024-01-15T14:37:48","guid":{"rendered":"https:\/\/sitechecker.pro\/?page_id=29615"},"modified":"2026-01-30T17:32:15","modified_gmt":"2026-01-30T17:32:15","slug":"keyword-cannibalization-checker-detect-pages-compete-search-query","status":"publish","type":"page","link":"https:\/\/sitechecker.pro\/es\/keyword-cannibalization-checker\/","title":{"rendered":"Comprobador de canibalizaci\u00f3n de palabras clave | Detecta p\u00e1ginas canibalizadas"},"content":{"rendered":"<p><\/p>\n<h2 id=\"par1\">\u00bfQu\u00e9 es la herramienta Keyword Cannibalization Checker?<\/h2>\n<p>La herramienta de canibalizaci\u00f3n de palabras clave de <a href=\"https:\/\/sitechecker.pro\/\" target=\"_blank\" rel=\"noopener noreferrer\">Sitechecker<\/a> muestra, a partir de los <a href=\"https:\/\/sitechecker.pro\/google-search-console-dashboard\/\" target=\"_blank\" rel=\"noopener noreferrer\">datos de Google Search Console<\/a>, cu\u00e1ndo varias p\u00e1ginas se posicionan para la misma palabra clave y c\u00f3mo se reparten las impresiones, los clics y las posiciones entre ellas. Ayuda a identificar los casos en los que Google no puede determinar una p\u00e1gina principal, lo que provoca una visibilidad diluida. La herramienta destaca palabras clave y URLs en competencia bas\u00e1ndose en el rendimiento real de b\u00fasqueda, no en estimaciones.<\/p>\n<h3>C\u00f3mo puede ayudarte la herramienta<\/h3>\n<p><strong><a href=\"https:\/\/sitechecker.pro\/what-is-keyword-cannibalization\/\" target=\"_blank\" rel=\"noopener noreferrer\">Vista general de las palabras clave canibalizadas<\/a>: <\/strong>visualiza las palabras clave ordenadas por el n\u00famero de p\u00e1ginas que se posicionan para ellas, para que puedas detectar al instante las consultas con una superposici\u00f3n excesiva de URLs.<\/p>\n<p><strong>Desglose del rendimiento a nivel de p\u00e1gina: <\/strong>abre cualquier palabra clave para ver todas las URLs competidoras con impresiones, clics, CTR, posici\u00f3n media y porcentaje de impresiones de la p\u00e1gina principal, mostrando c\u00f3mo se reparte la visibilidad.<\/p>\n<p><strong>Exploraci\u00f3n r\u00e1pida con filtrado por pa\u00eds: <\/strong>haz clic en cualquier p\u00e1gina para ver todas sus palabras clave posicionadas sin recargar y utiliza filtros por pa\u00eds para separar la canibalizaci\u00f3n real de los rankings internacionales normales.<\/p>\n<h3>Funciones clave de la herramienta<\/h3>\n<p><strong>Panel unificado: <\/strong>una plataforma centralizada que muestra todas las m\u00e9tricas SEO en una vista integrada.<\/p>\n<p><strong>Interfaz f\u00e1cil de usar: <\/strong>un dise\u00f1o intuitivo y sencillo que hace accesibles las tareas SEO complejas incluso para usuarios sin experiencia.<\/p>\n<p><strong>Conjunto completo de herramientas SEO: <\/strong>un set completo de herramientas SEO que cubre desde la investigaci\u00f3n de palabras clave y el an\u00e1lisis on-page hasta el seguimiento de backlinks y la monitorizaci\u00f3n del sitio.<\/p>\n<h2 id=\"par2\">C\u00f3mo usar la herramienta<\/h2>\n<h3>Paso 1: Introduce tu nombre de dominio<\/h3>\n<div class=\"content__img-wrap\"><img src=\"https:\/\/sitechecker.pro\/wp-content\/uploads\/2026\/01\/keyword-cannibalization-checker.png\" alt=\"Keyword Cannibalization Checker\" class=\"description-img description-img-zoom\" loading=\"lazy\" ><\/div>\n<div class=\"important-block\">Para recibir resultados y acceder a las funciones de Sitechecker durante 14 d\u00edas, inicia tu prueba GRATUITA. El registro es sencillo con tu correo electr\u00f3nico, cuenta de Google o Facebook. No se requiere tarjeta de cr\u00e9dito.<\/div>\n<h3>Paso 2: Conecta la propiedad de GSC<\/h3>\n<div class=\"content__img-wrap\"><img src=\"https:\/\/sitechecker.pro\/wp-content\/uploads\/2026\/01\/connect-gsc-sitechecker.png\" alt=\"Connect GSC Sitechecker\" class=\"description-img description-img-zoom\" loading=\"lazy\" ><\/div>\n<h3>Paso 3: Obt\u00e9n los resultados<\/h3>\n<p>Obt\u00e9n una lista completa de las p\u00e1ginas que se posicionan para la misma palabra clave bas\u00e1ndose en los datos de Google Search Console. Cada p\u00e1gina se muestra con impresiones, clics, CTR, posici\u00f3n media y cuota de impresiones en una sola vista clara. Esto facilita ver cu\u00e1ndo la visibilidad se reparte entre varias URLs. Puedes identificar r\u00e1pidamente las p\u00e1ginas competidoras y entender d\u00f3nde se diluye la fuerza de posicionamiento.<\/p>\n<div class=\"content__img-wrap\"><img src=\"https:\/\/sitechecker.pro\/wp-content\/uploads\/2026\/01\/competing-urls.png\" alt=\"Competing URLs\" class=\"description-img description-img-zoom\" loading=\"lazy\" ><\/div>\n<h2 id=\"par3\">Informes adicionales basados en datos de GSC<\/h2>\n<p>La herramienta de canibalizaci\u00f3n de palabras clave forma parte de Google Search Console Insights en Sitechecker. Proporciona una visi\u00f3n clara de palabras clave, p\u00e1ginas competidoras, impresiones, clics, CTR, posici\u00f3n media y cuota de impresiones en un solo lugar. Esto te ayuda a identificar r\u00e1pidamente los casos en los que varias p\u00e1ginas se posicionan para la misma palabra clave y la visibilidad se divide.<\/p>\n<p>Otros informes de GSC Insights te ayudan a analizar el rendimiento de b\u00fasqueda desde distintos \u00e1ngulos, incluyendo las tendencias de <a href=\"https:\/\/sitechecker.pro\/branded-vs-non-branded-traffic\/\" target=\"_blank\" rel=\"noopener noreferrer\">tr\u00e1fico de marca y no de marca<\/a>, p\u00e1ginas ganadoras y perdedoras, palabras clave nuevas y perdidas, y la competencia de palabras clave entre p\u00e1ginas.<\/p>\n<div class=\"content__img-wrap\"><img src=\"https:\/\/sitechecker.pro\/wp-content\/uploads\/2026\/01\/gsc-insights.png\" alt=\"GSC insights\" class=\"description-img description-img-zoom\" loading=\"lazy\" ><\/div>\n<h2 id=\"par4\">Idea final<\/h2>\n<p>La herramienta de canibalizaci\u00f3n de palabras clave te ayuda a identificar las p\u00e1ginas que compiten por las mismas palabras clave utilizando datos reales de Google Search Console. Muestra c\u00f3mo se distribuyen las impresiones, los clics, el CTR, las posiciones y la cuota de impresiones entre las URLs, lo que facilita detectar una visibilidad diluida. Puedes ver r\u00e1pidamente qu\u00e9 palabras clave activan varias p\u00e1ginas posicionadas, abrir el rendimiento detallado a nivel de URL y entender si Google reconoce una p\u00e1gina principal clara. La herramienta forma parte de GSC Insights en Sitechecker y funciona con todos los datos de Search Console, rangos de fechas flexibles y hasta 36 meses de historial, para que puedas analizar la canibalizaci\u00f3n con precisi\u00f3n y a gran escala.<\/p>\n<div id=\"par5\"><\/div>\n<p><div class=\"front__faq-block\"><div class=\"faq__block-title\">FAQ<\/div><div class=\"panel-group\" id=\"faq-accordion\" itemscope itemtype=\"https:\/\/schema.org\/FAQPage\" role=\"tablist\" aria-multiselectable=\"true\"><div class=\"panel\" itemscope itemtype=\"https:\/\/schema.org\/Question\" itemprop=\"mainEntity\">\n                            <div class=\"panel-heading\" id=\"headingFaq-1\">\n                                <div class=\"panel-title\" data-toggle=\"collapse\" aria-expanded=\"false\" href=\"#collapseFaq-1\">\n                                    <h3 itemprop=\"name\">\u00bfLa canibalizaci\u00f3n de palabras clave siempre es perjudicial para el posicionamiento?<\/h3>\n                                <\/div>\n                            <\/div>\n                            <div id=\"collapseFaq-1\" class=\"panel-collapse collapse\" itemprop=\"acceptedAnswer\" itemscope itemtype=\"http:\/\/schema.org\/Answer\">\n                                <div class=\"panel-body\" itemprop=\"text\">No. La canibalizaci\u00f3n solo se convierte en un problema cuando Google no puede identificar claramente la p\u00e1gina principal y divide las impresiones entre varias URLs, reduciendo la visibilidad general.<\/div>\n                            <\/div>\n                        <\/div><div class=\"panel\" itemscope itemtype=\"https:\/\/schema.org\/Question\" itemprop=\"mainEntity\">\n                            <div class=\"panel-heading\" id=\"headingFaq-2\">\n                                <div class=\"panel-title\" data-toggle=\"collapse\" aria-expanded=\"false\" href=\"#collapseFaq-2\">\n                                    <h3 itemprop=\"name\">\u00bfC\u00f3mo diferenciar la canibalizaci\u00f3n real de una superposici\u00f3n normal de palabras clave?<\/h3>\n                                <\/div>\n                            <\/div>\n                            <div id=\"collapseFaq-2\" class=\"panel-collapse collapse\" itemprop=\"acceptedAnswer\" itemscope itemtype=\"http:\/\/schema.org\/Answer\">\n                                <div class=\"panel-body\" itemprop=\"text\">La canibalizaci\u00f3n real suele mostrar una cuota de impresiones fragmentada, rankings inestables y cambios frecuentes de URL para la misma consulta.<\/div>\n                            <\/div>\n                        <\/div><div class=\"panel\" itemscope itemtype=\"https:\/\/schema.org\/Question\" itemprop=\"mainEntity\">\n                            <div class=\"panel-heading\" id=\"headingFaq-3\">\n                                <div class=\"panel-title\" data-toggle=\"collapse\" aria-expanded=\"false\" href=\"#collapseFaq-3\">\n                                    <h3 itemprop=\"name\">\u00bfPor qu\u00e9 Google posiciona varias p\u00e1ginas para una misma palabra clave?<\/h3>\n                                <\/div>\n                            <\/div>\n                            <div id=\"collapseFaq-3\" class=\"panel-collapse collapse\" itemprop=\"acceptedAnswer\" itemscope itemtype=\"http:\/\/schema.org\/Answer\">\n                                <div class=\"panel-body\" itemprop=\"text\">Esto ocurre a menudo cuando las p\u00e1ginas tienen una intenci\u00f3n similar, contenido solapado o un enlazado interno poco claro que no se\u00f1ala una p\u00e1gina principal.<\/div>\n                            <\/div>\n                        <\/div><div class=\"panel\" itemscope itemtype=\"https:\/\/schema.org\/Question\" itemprop=\"mainEntity\">\n                            <div class=\"panel-heading\" id=\"headingFaq-4\">\n                                <div class=\"panel-title\" data-toggle=\"collapse\" aria-expanded=\"false\" href=\"#collapseFaq-4\">\n                                    <h3 itemprop=\"name\">\u00bfLa canibalizaci\u00f3n de palabras clave puede limitar el crecimiento del tr\u00e1fico?<\/h3>\n                                <\/div>\n                            <\/div>\n                            <div id=\"collapseFaq-4\" class=\"panel-collapse collapse\" itemprop=\"acceptedAnswer\" itemscope itemtype=\"http:\/\/schema.org\/Answer\">\n                                <div class=\"panel-body\" itemprop=\"text\">S\u00ed. Incluso si varias p\u00e1ginas se posicionan, ninguna alcanza su m\u00e1ximo potencial porque las se\u00f1ales de ranking se dividen en lugar de consolidarse.<\/div>\n                            <\/div>\n                        <\/div><div class=\"panel\" itemscope itemtype=\"https:\/\/schema.org\/Question\" itemprop=\"mainEntity\">\n                            <div class=\"panel-heading\" id=\"headingFaq-5\">\n                                <div class=\"panel-title\" data-toggle=\"collapse\" aria-expanded=\"false\" href=\"#collapseFaq-5\">\n                                    <h3 itemprop=\"name\">\u00bfCu\u00e1ndo deber\u00eda corregirse la canibalizaci\u00f3n?<\/h3>\n                                <\/div>\n                            <\/div>\n                            <div id=\"collapseFaq-5\" class=\"panel-collapse collapse\" itemprop=\"acceptedAnswer\" itemscope itemtype=\"http:\/\/schema.org\/Answer\">\n                                <div class=\"panel-body\" itemprop=\"text\">Debe corregirse cuando una p\u00e1gina est\u00e1 destinada a posicionarse pero pierde visibilidad debido a p\u00e1ginas internas competidoras con la misma intenci\u00f3n de b\u00fasqueda.<\/div>\n                            <\/div>\n                        <\/div><\/div><\/div><\/p>","protected":false},"excerpt":{"rendered":"\u00bfQu\u00e9 es la herramienta Keyword Cannibalization Checker? La herramienta de canibalizaci\u00f3n de palabras clave de Sitechecker muestra, a partir de los datos de Google Search Console, cu\u00e1ndo varias p\u00e1ginas se posicionan para la misma palabra clave y c\u00f3mo se reparten las impresiones, los clics y las posiciones entre ellas. Ayuda a identificar los casos en&#8230;","protected":false},"author":10409641,"featured_media":0,"parent":0,"menu_order":0,"comment_status":"closed","ping_status":"closed","template":"pages-templates\/pages-minitools-3.php","meta":[],"categories":[71],"tags":[],"_links":{"self":[{"href":"https:\/\/sitechecker.pro\/es\/wp-json\/wp\/v2\/pages\/29615"}],"collection":[{"href":"https:\/\/sitechecker.pro\/es\/wp-json\/wp\/v2\/pages"}],"about":[{"href":"https:\/\/sitechecker.pro\/es\/wp-json\/wp\/v2\/types\/page"}],"author":[{"embeddable":true,"href":"https:\/\/sitechecker.pro\/es\/wp-json\/wp\/v2\/users\/10409641"}],"replies":[{"embeddable":true,"href":"https:\/\/sitechecker.pro\/es\/wp-json\/wp\/v2\/comments?post=29615"}],"version-history":[{"count":18,"href":"https:\/\/sitechecker.pro\/es\/wp-json\/wp\/v2\/pages\/29615\/revisions"}],"predecessor-version":[{"id":39236,"href":"https:\/\/sitechecker.pro\/es\/wp-json\/wp\/v2\/pages\/29615\/revisions\/39236"}],"wp:attachment":[{"href":"https:\/\/sitechecker.pro\/es\/wp-json\/wp\/v2\/media?parent=29615"}],"wp:term":[{"taxonomy":"category","embeddable":true,"href":"https:\/\/sitechecker.pro\/es\/wp-json\/wp\/v2\/categories?post=29615"},{"taxonomy":"post_tag","embeddable":true,"href":"https:\/\/sitechecker.pro\/es\/wp-json\/wp\/v2\/tags?post=29615"}],"curies":[{"name":"wp","href":"https:\/\/api.w.org\/{rel}","templated":true}]}}