{"id":2833,"date":"2019-01-25T09:12:58","date_gmt":"2019-01-25T09:12:58","guid":{"rendered":"https:\/\/sitechecker.pro\/?page_id=2833"},"modified":"2024-09-25T10:24:57","modified_gmt":"2024-09-25T10:24:57","slug":"backlinks-checker","status":"publish","type":"page","link":"https:\/\/sitechecker.pro\/es\/backlinks-checker\/","title":{"rendered":"Backlink Checker &#038; Tracker: Analiza los Backlinks con la Gratuita \u1408"},"content":{"rendered":"<p>Cuando <b>vincula <\/b>a otro sitio en las p\u00e1ginas de su sitio, esto se denomina <b>v\u00ednculo de retroceso<\/b>. Los sitios web intercambian dichos enlaces para pasar el peso del enlace y el tr\u00e1fico de usuarios. Sin embargo, no todos los enlaces pueden afectar positivamente la clasificaci\u00f3n de los motores de b\u00fasqueda de su sitio. Mientras <b>hace backlinks<\/b> de su enlace, debe prestar atenci\u00f3n a la autoridad de los sitios y su tema. Si obtiene backlinks de sitios de mala calidad, entonces el <b>motor de b\u00fasqueda<\/b> tambi\u00e9n puede considerar que su sitio es de mala calidad. Por eso es importante verificar los v\u00ednculos de retroceso y ver qu\u00e9 sitios se vinculan con usted y a qu\u00e9 sitios se vincula.<\/p>\n<p>Hemos desarrollado una herramienta gratuita llamada <b>Backlink Checker<\/b>, que analiza todo el perfil de backlinks del sitio al que est\u00e1 enlazando. Tambi\u00e9n puede usarlo de forma gratuita para realizar auditor\u00edas de backlinks de sus competidores. Tu investigaci\u00f3n de marketing puede beneficiarse de la informaci\u00f3n sobre los backlinks de tus competidores, por lo que nuestra herramienta tambi\u00e9n te ser\u00e1 \u00fatil para esta tarea. Le diremos c\u00f3mo y por qu\u00e9 comprueba los v\u00ednculos de retroceso con nuestra <b>herramienta de prueba de v\u00ednculos de retroceso.<\/b><\/p>\n<h2 id=\"ik_Guide\">Uso del verificador de backlinks: una gu\u00eda paso a paso<\/h2>\n<p>Para una promoci\u00f3n competente en los motores de b\u00fasqueda, debe prestar atenci\u00f3n a muchos factores. Un factor significativo es la calidad y cantidad de backlinks. Los motores de b\u00fasqueda recomiendan que elimine los enlaces a sitios t\u00f3xicos y de baja calidad de su sitio. De lo contrario, puede ser penalizado por el motor de b\u00fasqueda y ser objeto de sanciones. Entonces perder\u00e1 tr\u00e1fico potencial y clientes para su sitio, y no aparecer\u00e1 en los resultados de b\u00fasqueda.<\/p>\n<p>Hemos desarrollado una herramienta de prueba gratuita Backlink Checker para realizar una auditor\u00eda exhaustiva de backlinks de su sitio web. El objetivo principal de nuestro software de seguimiento es comprobar los enlaces de vuelta y buscar el perfil de enlace de vuelta de cualquier <b> URL<\/b>.<\/p>\n<p>Bueno, nuestras nuevas herramientas de an\u00e1lisis son muy f\u00e1ciles de usar. Utilizando nuestro <b> sitechecker de sitios web. pro <\/b>ejemplo a continuaci\u00f3n, le mostraremos c\u00f3mo puede hacer un escaneo y an\u00e1lisis de backlinks en su sitio web en dos simples pasos.<\/p>\n<h3>Paso 1: Inserta tu URL<\/h3>\n<p>Entra en la <b>p\u00e1gina URL<\/b> que te interese en nuestra herramienta. Puede ser su sitio o los del dominio de su competidor. Luego haga clic en el bot\u00f3n de flecha y comience a <b>analizar<\/b>.<br \/>\n<div class=\"content__img-wrap\"><img src=\"https:\/\/sitechecker.pro\/wp-content\/uploads\/2022\/04\/backlink-checker-new--1.jpg\" alt=\"Escaneo del rastreador de backlinks: use la herramienta de verificaci\u00f3n de backlinks para estrategias exitosas de construcci\u00f3n de enlaces\" class=\"description-img description-img-zoom\" loading=\"lazy\" ><\/div><\/p>\n<h3>Paso 2: Interpretaci\u00f3n de los resultados del verificador de backlinks gratuito<\/h3>\n<p>Una vez que se complete el escaneo, ver\u00e1 un informe detallado sobre el estado de los v\u00ednculos de retroceso. Habr\u00e1 enlaces <b>dofollow y nofollow<\/b> y el total de backlinks y <b>dominios de referencia<\/b>. Analiza esta informaci\u00f3n y elimina los backlinks de baja calidad para no perjudicar la promoci\u00f3n de tu sitio en los <b> motores de b\u00fasqueda.<\/b> Incluso puedes descargar los tuyos y los <b>resultados<\/b> de la competencia.<br \/>\n<div class=\"content__img-wrap\"><img src=\"https:\/\/sitechecker.pro\/wp-content\/uploads\/2022\/05\/backlinks_checker_result.png\" alt=\"Backlink Checker Contador de enlaces: use el verificador de backlinks para el an\u00e1lisis de backlinks para detectar enlaces spam para construcci\u00f3n de enlaces exitosa\" class=\"description-img description-img-zoom\" loading=\"lazy\" ><\/div><\/p>\n<p>Recuerda que los backlinks son necesarios para el SEO. Los enlaces de calidad pueden ayudarte en la carrera por el tr\u00e1fico con tus competidores. Con una <b>herramienta de an\u00e1lisis<\/b> gratuita de calificaci\u00f3n de backlinks, puede revisar los backlinks sin esfuerzo.<\/p>\n<h2 id=\"ik_Cases\">Casos en los que se necesita Backlink Checker<\/h2>\n<p>Los v\u00ednculos de retroceso a su sitio permiten que los motores de b\u00fasqueda sepan que otros sitios creen que su sitio es <b>autoritario<\/b>. Si muchos buenos sitios enlazan con su sitio, el motor de b\u00fasqueda considera que su sitio es bueno y le otorga m\u00e1s clasificaciones en los motores de b\u00fasqueda. Si su contenido est\u00e1 vinculado, su sitio es \u00fatil para los usuarios y se puede mostrar en el motor de b\u00fasqueda para <b>consultas del generador<\/b> de los usuarios. Obtener backlinks tiene un efecto positivo en las <b>oportunidades<\/b> de su sitio y en la cantidad de tr\u00e1fico de usuarios.<\/p>\n<p>Entonces, \u00bfcu\u00e1ndo puede beneficiarse del uso de una <b>estrategia de desarrollo<\/b> de sitios de backlinks? Puede ganar dinero con enlaces externos, pero llevar\u00e1 mucho tiempo. Para crear el perfil de enlaces de un sitio, debe <b>determinar<\/b>el contenido \u00fatil que los usuarios querr\u00e1n compartir en sus <b>redes sociales<\/b>, en sus sitios. S\u00f3lo el contenido de texto de <b>calidad<\/b> atrae la atenci\u00f3n de los usuarios y propietarios de otros sitios.<\/p>\n<p>\u00bfC\u00f3mo se pueden obtener enlaces? Cree datos y contenido \u00fatiles, y los backlinks lo encontrar\u00e1n. Intercambie enlaces con sus <b>socios<\/b>. Escriba <b>publicaciones de invitados<\/b> y ofr\u00e9zcalas a los editores de sitios populares. \u00a1Muchos creadores de sitios web est\u00e1n encantados de aceptar contenido de calidad y vincular a su sitio absolutamente gratis con su ancla de palabra clave! Otra opci\u00f3n es comprar enlaces. Incluso en esta opci\u00f3n, debe realizar un seguimiento de sitios web espec\u00edficos.<\/p>\n<p>Debe <b>comprobar<\/b> la cantidad y la calidad de los v\u00ednculos de retroceso porque no todos son igualmente \u00fatiles para su sitio. Sucede que los <b>competidores <\/b>pueden comprar enlaces a su sitio de baja calidad de puntaje dr y recursos malos y no deseados para da\u00f1ar la promoci\u00f3n de su sitio. Los v\u00ednculos de retroceso de recursos acreditados y sin spam lo beneficiar\u00e1n e influir\u00e1n positivamente en su clasificaci\u00f3n en los motores de b\u00fasqueda. Obtiene tr\u00e1fico entrante de usuarios mientras los usuarios seguir\u00e1n el enlace a su sitio. Adem\u00e1s, incluso si no lo hacen, obtendr\u00e1 el peso del enlace. Obtenga menciones en <b>sitios de confianza<\/b> y aumente la clasificaci\u00f3n de su sitio en las <b>clasificaciones de los motores de b\u00fasqueda.<\/b><\/p>\n<p>Para obtener una clasificaci\u00f3n alta en los resultados de los motores de b\u00fasqueda y obtener m\u00e1s tr\u00e1fico org\u00e1nico a su sitio web, se le recomienda controlar la cantidad y la calidad de sus enlaces. Usa el buscador de backlinks para analizar tu perfil de enlaces, como lo puedes hacer con ahrefs. Es una forma completamente gratuita de verificar y analizar los v\u00ednculos de retroceso, as\u00ed que no olvides verificar el \u00edndice de tu sitio regularmente con verificadores.<\/p>\n<p><div class=\"front__faq-block\"><div class=\"faq__block-title\">Preguntas m\u00e1s frecuentes<\/div><div class=\"panel-group\" id=\"faq-accordion\" itemscope itemtype=\"https:\/\/schema.org\/FAQPage\" role=\"tablist\" aria-multiselectable=\"true\"><div class=\"panel\" itemscope itemtype=\"https:\/\/schema.org\/Question\" itemprop=\"mainEntity\">\n                            <div class=\"panel-heading\" id=\"headingFaq-1\">\n                                <div class=\"panel-title\" data-toggle=\"collapse\" aria-expanded=\"false\" href=\"#collapseFaq-1\">\n                                    <h3 itemprop=\"name\">\u00bfC\u00f3mo encuentro los backlinks de mis competidores?<\/h3>\n                                <\/div>\n                            <\/div>\n                            <div id=\"collapseFaq-1\" class=\"panel-collapse collapse\" itemprop=\"acceptedAnswer\" itemscope itemtype=\"http:\/\/schema.org\/Answer\">\n                                <div class=\"panel-body\" itemprop=\"text\">A medida que analiza las estrategias de compra de backlinks href de sus competidores, puede encontrar sitios \u00fatiles que tambi\u00e9n pueden colocar su enlace. Nuestro verificador gratuito lo ayudar\u00e1 a obtener esta informaci\u00f3n y usarla para agregar valor a su sitio.<\/div>\n                            <\/div>\n                        <\/div><div class=\"panel\" itemscope itemtype=\"https:\/\/schema.org\/Question\" itemprop=\"mainEntity\">\n                            <div class=\"panel-heading\" id=\"headingFaq-2\">\n                                <div class=\"panel-title\" data-toggle=\"collapse\" aria-expanded=\"false\" href=\"#collapseFaq-2\">\n                                    <h3 itemprop=\"name\">\u00bfCu\u00e1ntos tipos de backlinks hay en SEO?<\/h3>\n                                <\/div>\n                            <\/div>\n                            <div id=\"collapseFaq-2\" class=\"panel-collapse collapse\" itemprop=\"acceptedAnswer\" itemscope itemtype=\"http:\/\/schema.org\/Answer\">\n                                <div class=\"panel-body\" itemprop=\"text\">Los backlinks son enlaces en otros sitios que apuntan a su sitio. Los motores de b\u00fasqueda analizan el n\u00famero y la calidad de los enlaces entrantes que conducen a su sitio. Tu ranking est\u00e1 directamente relacionado con la calidad de tus backlinks. Cuantos m\u00e1s v\u00ednculos de retroceso (de calidad) tenga, m\u00e1s podr\u00e1 ser clasificado por los motores de b\u00fasqueda. Google y otros motores de b\u00fasqueda analizan todos los mejores backlinks y toman buenos enlaces como referencia. Como resultado, cuanto mayor sea el n\u00famero de backlinks, los motores de b\u00fasqueda m\u00e1s confiables y \u00fatiles considerar\u00e1n su sitio web. Y, en \u00faltima instancia, mejor ser\u00e1 su clasificaci\u00f3n.<\/div>\n                            <\/div>\n                        <\/div><div class=\"panel\" itemscope itemtype=\"https:\/\/schema.org\/Question\" itemprop=\"mainEntity\">\n                            <div class=\"panel-heading\" id=\"headingFaq-3\">\n                                <div class=\"panel-title\" data-toggle=\"collapse\" aria-expanded=\"false\" href=\"#collapseFaq-3\">\n                                    <h3 itemprop=\"name\">\u00bfC\u00f3mo funciona un v\u00ednculo de retroceso?<\/h3>\n                                <\/div>\n                            <\/div>\n                            <div id=\"collapseFaq-3\" class=\"panel-collapse collapse\" itemprop=\"acceptedAnswer\" itemscope itemtype=\"http:\/\/schema.org\/Answer\">\n                                <div class=\"panel-body\" itemprop=\"text\">Un backlink transfiere un peque\u00f1o peso de enlace de un sitio a otro. <\/div>\n                            <\/div>\n                        <\/div><\/div><\/div><\/p>","protected":false},"excerpt":{"rendered":"Cuando vincula a otro sitio en las p\u00e1ginas de su sitio, esto se denomina v\u00ednculo de retroceso. Los sitios web intercambian dichos enlaces para pasar el peso del enlace y el tr\u00e1fico de usuarios. Sin embargo, no todos los enlaces pueden afectar positivamente la clasificaci\u00f3n de los motores de b\u00fasqueda de su sitio. Mientras hace&#8230;","protected":false},"author":10409641,"featured_media":3764,"parent":0,"menu_order":0,"comment_status":"closed","ping_status":"closed","template":"front-page.php","meta":[],"categories":[30],"tags":[],"_links":{"self":[{"href":"https:\/\/sitechecker.pro\/es\/wp-json\/wp\/v2\/pages\/2833"}],"collection":[{"href":"https:\/\/sitechecker.pro\/es\/wp-json\/wp\/v2\/pages"}],"about":[{"href":"https:\/\/sitechecker.pro\/es\/wp-json\/wp\/v2\/types\/page"}],"author":[{"embeddable":true,"href":"https:\/\/sitechecker.pro\/es\/wp-json\/wp\/v2\/users\/10409641"}],"replies":[{"embeddable":true,"href":"https:\/\/sitechecker.pro\/es\/wp-json\/wp\/v2\/comments?post=2833"}],"version-history":[{"count":101,"href":"https:\/\/sitechecker.pro\/es\/wp-json\/wp\/v2\/pages\/2833\/revisions"}],"predecessor-version":[{"id":33589,"href":"https:\/\/sitechecker.pro\/es\/wp-json\/wp\/v2\/pages\/2833\/revisions\/33589"}],"wp:featuredmedia":[{"embeddable":true,"href":"https:\/\/sitechecker.pro\/es\/wp-json\/wp\/v2\/media\/3764"}],"wp:attachment":[{"href":"https:\/\/sitechecker.pro\/es\/wp-json\/wp\/v2\/media?parent=2833"}],"wp:term":[{"taxonomy":"category","embeddable":true,"href":"https:\/\/sitechecker.pro\/es\/wp-json\/wp\/v2\/categories?post=2833"},{"taxonomy":"post_tag","embeddable":true,"href":"https:\/\/sitechecker.pro\/es\/wp-json\/wp\/v2\/tags?post=2833"}],"curies":[{"name":"wp","href":"https:\/\/api.w.org\/{rel}","templated":true}]}}