{"id":2517,"date":"2018-04-17T12:41:56","date_gmt":"2018-04-17T12:41:56","guid":{"rendered":"https:\/\/sitechecker.pro\/?page_id=2517"},"modified":"2025-04-15T19:26:15","modified_gmt":"2025-04-15T19:26:15","slug":"page-rank","status":"publish","type":"page","link":"https:\/\/sitechecker.pro\/es\/page-rank\/","title":{"rendered":"Comprobador de Page Rank Interno | Alternativa a Google PR"},"content":{"rendered":"<p><\/p>\n<h2 id=\"par1\">\u00bfQu\u00e9 es Page Rank Checker?<\/h2>\n<p>Un verificador de Page Rank es una herramienta integral que mide la calificaci\u00f3n o autoridad de una p\u00e1gina web. Esta m\u00e9trica examina los <a href=\"https:\/\/sitechecker.pro\/what-is-internal-link\/\" target=\"_blank\" rel=\"noopener noreferrer\">enlaces internos<\/a>, ofreciendo informaci\u00f3n sobre la eficiencia de los enlaces internos al tiempo que identifica qu\u00e9 p\u00e1ginas poseen mayor importancia.<\/p>\n<p>As\u00ed es como calculamos la importancia de la p\u00e1gina del sitio web:<\/p>\n<p><strong>suma(0,25 \/ n\u00famero de enlaces de la p\u00e1gina) * 0,85<\/strong><\/p>\n<p>Es una m\u00e9trica interna de <a href=\"https:\/\/sitechecker.pro\/\" target=\"_blank\" rel=\"noopener noreferrer\">Sitechecker<\/a>. Si bien el comprobador de PageRank interno ofrece perspectivas valiosas, vale la pena se\u00f1alar que se trata de estimaciones y es posible que no reflejen los algoritmos precisos que emplean los motores de b\u00fasqueda.<\/p>\n<h3>El comprobador de PageRank interno de Sitechecker puede ayudarlo de muchas maneras<\/h3>\n<ol>\n<li><strong>An\u00e1lisis detallado de los enlaces internos: <\/strong>la herramienta examina meticulosamente los enlaces internos y le ofrece informaci\u00f3n sobre la eficacia de su estrategia de enlaces internos. Esto puede guiarlo para refinar la <a href=\"https:\/\/sitechecker.pro\/link-juice\/\" target=\"_blank\" rel=\"noopener noreferrer\">distribuci\u00f3n de jugo de enlaces<\/a> de su sitio web. Se puede utilizar como una alternativa de enlaces internos a <a href=\"https:\/\/sitechecker.pro\/what-is-google-page-rank-metric\/\" target=\"_blank\" rel=\"noopener noreferrer\">Google PageRank<\/a>.<\/li>\n<li><strong>Resaltar p\u00e1ginas web clave: <\/strong>Identifique las p\u00e1ginas que deber\u00edan tener una mayor importancia en el ranking interno y centre sus esfuerzos en la <a href=\"https:\/\/sitechecker.pro\/what-is-link-equity\/\" target=\"_blank\" rel=\"noopener noreferrer\">equidad de enlaces<\/a> de otras URL en ellas.<\/li>\n<li><strong>Auditor\u00eda t\u00e9cnica: <\/strong>La herramienta no solo eval\u00faa la importancia de la URL; Tambi\u00e9n identifica obst\u00e1culos t\u00e9cnicos que afectan la clasificaci\u00f3n, como tiempos de carga prolongados, problemas con la optimizaci\u00f3n m\u00f3vil, enlaces rotos, etc.<\/li>\n<\/ol>\n<p>En esencia, el verificador de Page Rank interno es una herramienta indispensable para fortalecer la estructura interna de su sitio web, optimizar la equidad de enlaces y priorizar p\u00e1ginas valiosas. La combinaci\u00f3n de esta herramienta con un <a href=\"https:\/\/sitechecker.pro\/seo-website-grader\/\">SEO Grader<\/a> le permite obtener una vista integral de los factores internos y externos que afectan su SEO, lo que garantiza que todos los aspectos de su sitio est\u00e9n completamente optimizados para obtener mejores clasificaciones.<\/p>\n<h3>Caracter\u00edsticas clave del verificador de clasificaci\u00f3n de URL web<\/h3>\n<ul>\n<li><strong>Panel de control unificado. <\/strong>La gesti\u00f3n eficiente de sitios web comienza con un centro central. El panel de control unificado del verificador de clasificaci\u00f3n agrega datos cr\u00edticos, ofreciendo informaci\u00f3n sobre direcciones de redireccionamiento, informes de errores e incluso visualizaciones de datos.<\/li>\n<li><strong>Interfaz f\u00e1cil de usar. <\/strong>Reconociendo que los usuarios var\u00edan en experiencia t\u00e9cnica, la herramienta est\u00e1 dise\u00f1ada para ser accesible para todos. Con una navegaci\u00f3n intuitiva, funciones bien etiquetadas y \u00fatiles sugerencias, incluso los principiantes pueden navegar por sus funcionalidades con facilidad.<\/li>\n<li><strong>An\u00e1lisis de enlaces internos detallado. <\/strong>El Page Rank Checker eval\u00faa la importancia de las p\u00e1ginas web, examina los enlaces internos para comprobar su eficiencia e identifica las direcciones web clave con mayor importancia. Su m\u00e9todo de c\u00e1lculo transparente ofrece informaci\u00f3n, al mismo tiempo que enfatiza que los resultados son estimaciones que se alinean estrechamente con la estrategia de enlaces internos.<\/li>\n<li><strong>Conjunto completo de herramientas de SEO. <\/strong>M\u00e1s all\u00e1 de la comprobaci\u00f3n de la calificaci\u00f3n interna de las p\u00e1ginas web, el arsenal de la herramienta abarca un conjunto de herramientas de SEO diverso. Desde la investigaci\u00f3n de palabras clave y el an\u00e1lisis de backlinks hasta el <a href=\"https:\/\/sitechecker.pro\/on-page-seo-checker\/\" target=\"_blank\" rel=\"noopener noreferrer\">escrutinio de SEO en la p\u00e1gina<\/a>, el seguimiento de la clasificaci\u00f3n y las auditor\u00edas integrales del sitio, est\u00e1 equipado para reforzar la estrategia de SEO de un sitio web.<\/li>\n<\/ul>\n<h2 id=\"par2\">C\u00f3mo usar Page Rank Checker<\/h2>\n<div class=\"content__img-wrap\"><img src=\"https:\/\/sitechecker.pro\/wp-content\/uploads\/2024\/07\/1-selector-min_66a0a47c5b5e7.png\" alt=\"Selector Page Rank Checker\" class=\"description-img description-img-zoom\" loading=\"lazy\" ><\/div>\n<p>El verificador de clasificaci\u00f3n de p\u00e1ginas ofrece la posibilidad de evaluar la autoridad y la clasificaci\u00f3n de una direcci\u00f3n web espec\u00edfica en funci\u00f3n de todos los enlaces internos.<\/p>\n<p>El proceso es r\u00e1pido y finaliza en cuesti\u00f3n de minutos. Al finalizar, se le presentar\u00e1 informaci\u00f3n detallada sobre el ranking y el valor percibido de su estructura de enlaces en el contexto de todas las p\u00e1ginas HTML de su sitio, lo que le otorgar\u00e1 una comprensi\u00f3n integral de las clasificaciones de cada p\u00e1gina web.<\/p>\n<h2 id=\"par3\">Verificaci\u00f3n de dominio<\/h2>\n<h3>Paso 1: inserte su dominio en la barra de b\u00fasqueda<\/h3>\n<p>Para examinar un dominio en l\u00ednea, haga clic en la opci\u00f3n &#8220;Verificar dominio&#8221;, ingrese el nombre del dominio y luego presione el bot\u00f3n &#8220;Verificar PageRank&#8221;.<br \/>\n<div class=\"content__img-wrap\"><img src=\"https:\/\/sitechecker.pro\/wp-content\/uploads\/2024\/07\/2-selector-min.png\" alt=\"Verificador de PageRank de sitios web\" class=\"description-img description-img-zoom\" loading=\"lazy\" ><\/div><\/p>\n<div class=\"important-block\">Para recibir resultados y acceso a las funciones de Sitechecker durante 14 d\u00edas, comience su prueba GRATUITA. Registrarse es f\u00e1cil con su correo electr\u00f3nico, cuenta de Google o Facebook. No se necesita tarjeta de cr\u00e9dito.<\/div>\n<h3>Paso 2: Interpretaci\u00f3n de los resultados del PageRank del dominio<\/h3>\n<p>En la categor\u00eda \u201cTodas las p\u00e1ginas HTML\u201d, puedes buscar y ordenar datos sobre tu direcci\u00f3n web. Cuanto mayor sea la puntuaci\u00f3n, m\u00e1s enlaces apuntar\u00e1n al dominio y m\u00e1s autoridad tendr\u00e1n (en comparaci\u00f3n con otros sitios web). Comprueba y mejora la puntuaci\u00f3n de todas las URL de tu dominio.<\/p>\n<div class=\"content__img-wrap\"><img src=\"https:\/\/sitechecker.pro\/wp-content\/uploads\/2023\/08\/page-weight.png\" alt=\"Peso de la p\u00e1gina\" class=\"description-img description-img-zoom\" loading=\"lazy\" ><\/div>\n<p>Si desea localizar una URL de calificaci\u00f3n espec\u00edfica para verificar su contenido, puede utilizar el filtro:<\/p>\n<div class=\"content__img-wrap\"><img src=\"https:\/\/sitechecker.pro\/wp-content\/uploads\/2023\/08\/specific-rating-url.png\" alt=\"URL de calificaci\u00f3n espec\u00edfica\" class=\"description-img description-img-zoom\" loading=\"lazy\" ><\/div>\n<p>Adem\u00e1s de la tasa de p\u00e1gina en la tabla, puede personalizar las columnas y agregar los puntos de datos que le interesen:<\/p>\n<div class=\"content__img-wrap\"><img src=\"https:\/\/sitechecker.pro\/wp-content\/uploads\/2023\/08\/manage-columns.png\" alt=\"Administrar columnas\" class=\"description-img description-img-zoom\" loading=\"lazy\" ><\/div>\n<h2 id=\"par4\">Otras funciones del Page Rating Tester<\/h2>\n<p>El Page Rank Tester le proporcionar\u00e1 una auditor\u00eda y evaluaci\u00f3n integral del sitio web dise\u00f1ada para ayudarlo a identificar y abordar cualquier problema.<\/p>\n<p>Cada informe de auditor\u00eda incluye recomendaciones sobre c\u00f3mo corregir los problemas identificados, adem\u00e1s de permitirle clasificar f\u00e1cilmente los problemas por tipo: cr\u00edticos, advertencias, oportunidades, avisos.<\/p>\n<div class=\"content__img-wrap\"><img src=\"https:\/\/sitechecker.pro\/wp-content\/uploads\/2023\/08\/issues-type.png\" alt=\"Tipo de problema\" class=\"description-img description-img-zoom\" loading=\"lazy\" ><\/div>\n<p>Al activar el filtro &#8220;por categor\u00eda&#8221;, puede revisar informaci\u00f3n relacionada con enlaces, indexabilidad, relevancia del contenido, velocidad de URL, seguridad y m\u00e1s:<\/p>\n<div class=\"content__img-wrap\"><img src=\"https:\/\/sitechecker.pro\/wp-content\/uploads\/2023\/08\/by-category-filter.png\" alt=\"Filtro por categor\u00eda\" class=\"description-img description-img-zoom\" loading=\"lazy\" ><\/div>\n<p>Para profundizar en el rendimiento del sitio web, puede integrar Google Analytics y Google Search Console:<\/p>\n<div class=\"content__img-wrap\"><img src=\"https:\/\/sitechecker.pro\/wp-content\/uploads\/2023\/08\/ga-gsc-setup.png\" alt=\"Configuraci\u00f3n de GA GSC\" class=\"description-img description-img-zoom\" loading=\"lazy\" ><\/div>\n<p>Se puede acceder a los datos de los servicios de Google en los filtros &#8220;Administrar columnas&#8221;:<\/p>\n<div class=\"content__img-wrap\"><img src=\"https:\/\/sitechecker.pro\/wp-content\/uploads\/2023\/08\/google-services-data.png\" alt=\"Datos de los servicios de Google\" class=\"description-img description-img-zoom\" loading=\"lazy\" ><\/div>\n<p>Para un an\u00e1lisis m\u00e1s detallado de los datos recopilados, existe la opci\u00f3n de exportar a Google Sheets, guardar como PDF o simplemente copiar la informaci\u00f3n:<\/p>\n<div class=\"content__img-wrap\"><img src=\"https:\/\/sitechecker.pro\/wp-content\/uploads\/2023\/08\/export-data-pdf.png\" alt=\"Exportar datos PDF\" class=\"description-img description-img-zoom\" loading=\"lazy\" ><\/div>\n<h2 id=\"par5\">Verificar PageRank<\/h2>\n<h3>Paso 1: Inserta tu URL<\/h3>\n<p>Con solo un clic, puedes hacer una verificaci\u00f3n de la clasificaci\u00f3n de la p\u00e1gina de la direcci\u00f3n web que deseas analizar.<\/p>\n<div class=\"content__img-wrap\"><img src=\"https:\/\/sitechecker.pro\/wp-content\/uploads\/2024\/07\/3-selector-min.png\" alt=\"Verificaci\u00f3n de Page Rank Checker\" class=\"description-img description-img-zoom\" loading=\"lazy\" ><\/div>\n<h3>Paso 2: Verificaci\u00f3n de resultados<\/h3>\n<p>Al aprovechar nuestra herramienta avanzada, podemos <a href=\"https:\/\/sitechecker.pro\/seo-website-grader\/\" target=\"_blank\" rel=\"noopener noreferrer\">calificar un sitio web<\/a> r\u00e1pidamente y analizar los datos asociados con la importancia de una URL espec\u00edfica. Aqu\u00ed puede ver la importancia de su URL. Cuanto mayor sea el Page Rank (peso de la p\u00e1gina), m\u00e1s enlaces apuntar\u00e1n al sitio web y m\u00e1s autoridad tendr\u00e1n (en comparaci\u00f3n con otros sitios web). Verifique y mejore la puntuaci\u00f3n del enlace analizado.<\/p>\n<div class=\"content__img-wrap\"><img src=\"https:\/\/sitechecker.pro\/wp-content\/uploads\/2024\/06\/results-of-page-check-inspection.png\" alt=\"Detalles de la p\u00e1gina Peso de la p\u00e1gina\" class=\"description-img description-img-zoom\" loading=\"lazy\" ><\/div>\n<p>Adem\u00e1s, puede ver informaci\u00f3n sobre los enlaces internos del enlace seleccionado aqu\u00ed:<\/p>\n<div class=\"content__img-wrap\"><img src=\"https:\/\/sitechecker.pro\/wp-content\/uploads\/2024\/06\/6-internal-links-status-codes-filter.png\" alt=\"Detalles de la p\u00e1gina Enlaces internos\" class=\"description-img description-img-zoom\" loading=\"lazy\" ><\/div>\n<p>Esta lista de URL ilustra c\u00f3mo la direcci\u00f3n web seleccionada influye en las consecuencias de otras p\u00e1ginas web.<\/p>\n<h2 id=\"par6\">Caracter\u00edsticas adicionales de Free Page Rating Checker<\/h2>\n<p>La informaci\u00f3n que se incluye destaca los problemas que afectan directamente a la m\u00e9trica de su URL:<\/p>\n<div class=\"content__img-wrap\"><img src=\"https:\/\/sitechecker.pro\/wp-content\/uploads\/2024\/06\/5-issues.png\" alt=\"Problemas con los detalles de la p\u00e1gina\" class=\"description-img description-img-zoom\" loading=\"lazy\" ><\/div>\n<p>Para mantener un valor alto en la URL, es fundamental monitorear los c\u00f3digos de estado de respuesta de manera constante:<\/p>\n<div class=\"content__img-wrap\"><img src=\"https:\/\/sitechecker.pro\/wp-content\/uploads\/2024\/06\/6-internal-links-status-codes-filter.png\" alt=\"C\u00f3digo de estado de los detalles de la p\u00e1gina\" class=\"description-img description-img-zoom\" loading=\"lazy\" ><\/div>\n<p>Si bien el PageRank es una m\u00e9trica valiosa, los webmasters tambi\u00e9n deben centrarse en monitorear el rendimiento del sitio en t\u00e9rminos de palabras clave y posiciones SERP para la practicidad diaria.<\/p>\n<p>Para comprobar la posici\u00f3n de su sitio en los motores de b\u00fasqueda, utilice nuestro <a href=\"https:\/\/sitechecker.pro\/rank-tracker\/\" target=\"_blank\" rel=\"noopener noreferrer\">Comprobador de clasificaci\u00f3n de sitios web<\/a>.<\/p>\n<p>Esta herramienta le permite controlar los cambios en la posesi\u00f3n de palabras clave de sus frases clave:<\/p>\n<div class=\"content__img-wrap\"><img src=\"https:\/\/sitechecker.pro\/wp-content\/uploads\/2023\/08\/rank-tracker.png\" alt=\"Rastreador de clasificaci\u00f3n\" class=\"description-img description-img-zoom\" loading=\"lazy\" ><\/div>\n<p>El Rastreador de clasificaci\u00f3n de palabras clave le permite controlar los cambios en la posici\u00f3n de una palabra clave a lo largo del tiempo, evaluar el volumen de b\u00fasqueda de la frase, ver la URL asociada y m\u00e1s.<\/p>\n<h2 id=\"par7\">Observaciones finales<\/h2>\n<p>El verificador de ranking de p\u00e1ginas web de Sitechecker es una herramienta especializada dise\u00f1ada para evaluar la autoridad de los enlaces internos de una p\u00e1gina web. Al examinar los enlaces internos, identifica las p\u00e1ginas de mayor importancia y calcula su importancia digital mediante una f\u00f3rmula \u00fanica.<\/p>\n<p>La interfaz f\u00e1cil de usar presenta un panel unificado que proporciona informaci\u00f3n crucial que simplifica la gesti\u00f3n del sitio web. Adem\u00e1s de clasificar las p\u00e1ginas, la herramienta funciona a la perfecci\u00f3n con la funci\u00f3n <a href=\"https:\/\/sitechecker.pro\/page-counter\/\">Contador de p\u00e1ginas<\/a>, que le permite realizar un seguimiento de la cantidad total de p\u00e1ginas de su sitio web y asegurarse de que su estrategia de enlaces internos cubra todas las p\u00e1ginas clave. M\u00e1s all\u00e1 de simplemente clasificar las p\u00e1ginas web, la herramienta ofrece un completo kit de herramientas de SEO que se ocupa de tareas como la investigaci\u00f3n de palabras clave, el an\u00e1lisis de v\u00ednculos de retroceso y m\u00e1s. La integraci\u00f3n con plataformas como Google Analytics y Google Search Console ampl\u00eda a\u00fan m\u00e1s sus capacidades.<\/p>\n<p>Como complemento a las funciones principales, Sitechecker tambi\u00e9n ofrece herramientas adicionales como el <a href=\"https:\/\/sitechecker.pro\/rank-checker\/\" target=\"_blank\" rel=\"noopener noreferrer\">Website Ranking Checker<\/a> y el <a href=\"https:\/\/sitechecker.pro\/rank-tracker\/\" target=\"_blank\" rel=\"noopener noreferrer\">Keyword Rank Tracker<\/a>. Estas herramientas, utilizadas junto con el Page Rank Checker, ofrecen una visi\u00f3n integral de la posici\u00f3n SEO de un sitio, lo que lo hace invaluable para aquellos que buscan mejorar la presencia en l\u00ednea de su sitio web.<\/p>\n<div id=\"par8\"><\/div>\n<p><div class=\"front__faq-block\"><div class=\"faq__block-title\">Preguntas frecuentes<\/div><div class=\"panel-group\" id=\"faq-accordion\" itemscope itemtype=\"https:\/\/schema.org\/FAQPage\" role=\"tablist\" aria-multiselectable=\"true\"><div class=\"panel\" itemscope itemtype=\"https:\/\/schema.org\/Question\" itemprop=\"mainEntity\">\n                            <div class=\"panel-heading\" id=\"headingFaq-1\">\n                                <div class=\"panel-title\" data-toggle=\"collapse\" aria-expanded=\"false\" href=\"#collapseFaq-1\">\n                                    <h3 itemprop=\"name\">\u00bfCu\u00e1l es la diferencia entre Google PR y Sitechecker PR?<\/h3>\n                                <\/div>\n                            <\/div>\n                            <div id=\"collapseFaq-1\" class=\"panel-collapse collapse\" itemprop=\"acceptedAnswer\" itemscope itemtype=\"http:\/\/schema.org\/Answer\">\n                                <div class=\"panel-body\" itemprop=\"text\">La diferencia entre Google PR y Sitechecker PR es que Google PR era un sistema desarrollado por Google para clasificar las p\u00e1ginas web en funci\u00f3n de su autoridad y relevancia, pero ya no est\u00e1 disponible p\u00fablicamente. Por otro lado, Sitechecker PR es una m\u00e9trica interna desarrollada por Sitechecker para evaluar la importancia y la eficiencia de las p\u00e1ginas web, en concreto, analizando los enlaces internos. Esta m\u00e9trica proporciona informaci\u00f3n sobre la estructura interna del sitio web.<\/div>\n                            <\/div>\n                        <\/div><div class=\"panel\" itemscope itemtype=\"https:\/\/schema.org\/Question\" itemprop=\"mainEntity\">\n                            <div class=\"panel-heading\" id=\"headingFaq-2\">\n                                <div class=\"panel-title\" data-toggle=\"collapse\" aria-expanded=\"false\" href=\"#collapseFaq-2\">\n                                    <h3 itemprop=\"name\">\u00bfC\u00f3mo puedo comprobar mi PageRank?<\/h3>\n                                <\/div>\n                            <\/div>\n                            <div id=\"collapseFaq-2\" class=\"panel-collapse collapse\" itemprop=\"acceptedAnswer\" itemscope itemtype=\"http:\/\/schema.org\/Answer\">\n                                <div class=\"panel-body\" itemprop=\"text\">Utilice el verificador de PageRank de Sitechecker introduciendo su dominio o URL espec\u00edfica.<\/div>\n                            <\/div>\n                        <\/div><div class=\"panel\" itemscope itemtype=\"https:\/\/schema.org\/Question\" itemprop=\"mainEntity\">\n                            <div class=\"panel-heading\" id=\"headingFaq-3\">\n                                <div class=\"panel-title\" data-toggle=\"collapse\" aria-expanded=\"false\" href=\"#collapseFaq-3\">\n                                    <h3 itemprop=\"name\">\u00bfCu\u00e1les son los beneficios de comprender el ranking de las p\u00e1ginas web mediante esta herramienta?<\/h3>\n                                <\/div>\n                            <\/div>\n                            <div id=\"collapseFaq-3\" class=\"panel-collapse collapse\" itemprop=\"acceptedAnswer\" itemscope itemtype=\"http:\/\/schema.org\/Answer\">\n                                <div class=\"panel-body\" itemprop=\"text\">Comprender y optimizar la clasificaci\u00f3n puede ayudar a optimizar la equidad de los enlaces, priorizar las p\u00e1ginas con el contenido m\u00e1s valioso y trabajar en las p\u00e1ginas con una clasificaci\u00f3n baja.<\/div>\n                            <\/div>\n                        <\/div><div class=\"panel\" itemscope itemtype=\"https:\/\/schema.org\/Question\" itemprop=\"mainEntity\">\n                            <div class=\"panel-heading\" id=\"headingFaq-4\">\n                                <div class=\"panel-title\" data-toggle=\"collapse\" aria-expanded=\"false\" href=\"#collapseFaq-4\">\n                                    <h3 itemprop=\"name\">\u00bfQu\u00e9 es un buen PageRank?<\/h3>\n                                <\/div>\n                            <\/div>\n                            <div id=\"collapseFaq-4\" class=\"panel-collapse collapse\" itemprop=\"acceptedAnswer\" itemscope itemtype=\"http:\/\/schema.org\/Answer\">\n                                <div class=\"panel-body\" itemprop=\"text\">Seg\u00fan los est\u00e1ndares de Sitechecker, un buen PageRank refleja enlaces internos eficientes. Los puntajes m\u00e1s altos indican mayor autoridad.<\/div>\n                            <\/div>\n                        <\/div><\/div><\/div><\/p>","protected":false},"excerpt":{"rendered":"\u00bfQu\u00e9 es Page Rank Checker? Un verificador de Page Rank es una herramienta integral que mide la calificaci\u00f3n o autoridad de una p\u00e1gina web. Esta m\u00e9trica examina los enlaces internos, ofreciendo informaci\u00f3n sobre la eficiencia de los enlaces internos al tiempo que identifica qu\u00e9 p\u00e1ginas poseen mayor importancia. As\u00ed es como calculamos la importancia de&#8230;","protected":false},"author":10409641,"featured_media":3830,"parent":0,"menu_order":0,"comment_status":"closed","ping_status":"closed","template":"pages-templates\/pages-minitools-3.php","meta":[],"categories":[72],"tags":[],"_links":{"self":[{"href":"https:\/\/sitechecker.pro\/es\/wp-json\/wp\/v2\/pages\/2517"}],"collection":[{"href":"https:\/\/sitechecker.pro\/es\/wp-json\/wp\/v2\/pages"}],"about":[{"href":"https:\/\/sitechecker.pro\/es\/wp-json\/wp\/v2\/types\/page"}],"author":[{"embeddable":true,"href":"https:\/\/sitechecker.pro\/es\/wp-json\/wp\/v2\/users\/10409641"}],"replies":[{"embeddable":true,"href":"https:\/\/sitechecker.pro\/es\/wp-json\/wp\/v2\/comments?post=2517"}],"version-history":[{"count":111,"href":"https:\/\/sitechecker.pro\/es\/wp-json\/wp\/v2\/pages\/2517\/revisions"}],"predecessor-version":[{"id":36625,"href":"https:\/\/sitechecker.pro\/es\/wp-json\/wp\/v2\/pages\/2517\/revisions\/36625"}],"wp:featuredmedia":[{"embeddable":true,"href":"https:\/\/sitechecker.pro\/es\/wp-json\/wp\/v2\/media\/3830"}],"wp:attachment":[{"href":"https:\/\/sitechecker.pro\/es\/wp-json\/wp\/v2\/media?parent=2517"}],"wp:term":[{"taxonomy":"category","embeddable":true,"href":"https:\/\/sitechecker.pro\/es\/wp-json\/wp\/v2\/categories?post=2517"},{"taxonomy":"post_tag","embeddable":true,"href":"https:\/\/sitechecker.pro\/es\/wp-json\/wp\/v2\/tags?post=2517"}],"curies":[{"name":"wp","href":"https:\/\/api.w.org\/{rel}","templated":true}]}}