{"id":25058,"date":"2023-07-24T12:51:49","date_gmt":"2023-07-24T12:51:49","guid":{"rendered":"https:\/\/sitechecker.pro\/?page_id=25058"},"modified":"2025-02-17T11:37:24","modified_gmt":"2025-02-17T11:37:24","slug":"negative-keyword-list-generator-google-bing-yahoo-ads-%e1%90%88","status":"publish","type":"page","link":"https:\/\/sitechecker.pro\/es\/negative-keywords\/","title":{"rendered":"Generador de listas de palabras clave negativas | Google, Bing, Yahoo Ads \u1408"},"content":{"rendered":"<p><\/p>\n<h2 id=\"par1\">\u00bfQu\u00e9 es la herramienta de palabras clave negativas?<\/h2>\n<p>La herramienta gratuita de palabras clave negativas de <a href=\"https:\/\/sitechecker.pro\/\" target=\"_blank\" rel=\"noopener noreferrer\">Sitechecker<\/a> ayuda a los anunciantes a identificar y excluir t\u00e9rminos de b\u00fasqueda irrelevantes de sus campa\u00f1as de pago por clic (PPC). Al ingresar un t\u00e9rmino amplio relacionado con su negocio, la herramienta genera una lista de sugerencias de palabras clave. Luego, puede identificar t\u00e9rminos que no se alinean con sus ofertas y agregarlos como palabras clave negativas. Este proceso garantiza que sus anuncios no aparezcan en b\u00fasquedas no relacionadas, lo que reduce el gasto publicitario desperdiciado y mejora la relevancia general de sus campa\u00f1as.<\/p>\n<h3>C\u00f3mo puede ayudarlo la herramienta<\/h3>\n<p><strong>Orientaci\u00f3n regional e idiom\u00e1tica: <\/strong>permite a los anunciantes centrarse en t\u00e9rminos de b\u00fasqueda espec\u00edficos de su idioma y regi\u00f3n geogr\u00e1fica preferidos, lo que ayuda a excluir t\u00e9rminos irrelevantes que podr\u00edan atraer audiencias no deseadas.<\/p>\n<p><strong>Optimizaci\u00f3n de costos: <\/strong>eliminar clics irrelevantes evita que su inversi\u00f3n publicitaria se desperdicie en usuarios que probablemente no realicen conversiones, lo que lo ayuda a aprovechar al m\u00e1ximo su presupuesto publicitario.<\/p>\n<h2 id=\"par2\">C\u00f3mo usar el generador de palabras clave negativas<\/h2>\n<h3>Paso 1: ingrese una o varias consultas iniciales, configure los ajustes y presione el bot\u00f3n &#8220;Generar sugerencias de palabras clave&#8221;<\/h3>\n<div class=\"content__img-wrap\"><img src=\"https:\/\/sitechecker.pro\/wp-content\/uploads\/2024\/12\/negative-keyword-list-generator.png\" alt=\"Generador de listas de palabras clave negativas\" class=\"description-img description-img-zoom\" loading=\"lazy\" ><\/div>\n<h3>Paso 2: obtenga sus resultados<\/h3>\n<p>Seleccione consultas que incluyan su t\u00e9rmino de b\u00fasqueda principal pero que no se alineen con su propuesta comercial. Copie estas consultas y agr\u00e9guelas como frase clave negativa en Google Ads.<\/p>\n<div class=\"content__img-wrap\"><img src=\"https:\/\/sitechecker.pro\/wp-content\/uploads\/2024\/12\/copy-selected-keywords.png\" alt=\"Copiar palabras clave seleccionadas\" class=\"description-img description-img-zoom\" loading=\"lazy\" ><\/div>\n<p>Comienza una prueba gratuita para analizar cualquier consulta con mayor detalle, incluido su volumen de b\u00fasqueda, gr\u00e1fico de tendencias y nivel de competencia.<\/p>\n<div class=\"content__img-wrap\"><img src=\"https:\/\/sitechecker.pro\/wp-content\/uploads\/2024\/12\/keywords-info.png\" alt=\"Informaci\u00f3n de palabras clave\" class=\"description-img description-img-zoom\" loading=\"lazy\" ><\/div>\n<div class=\"important-block\">Para recibir resultados y acceso a las funciones de Sitechecker durante 14 d\u00edas, comienza tu prueba GRATUITA. Registrarse es f\u00e1cil con tu correo electr\u00f3nico, cuenta de Google o Facebook. No se necesita tarjeta de cr\u00e9dito.<\/div>\n<h2 id=\"par3\">Idea final<\/h2>\n<p>El Buscador de palabras clave negativas es una herramienta gratuita dise\u00f1ada para Google Ads, Bing Ads y Yahoo Ads para mejorar las campa\u00f1as de PPC. Ayuda a los anunciantes a excluir t\u00e9rminos de b\u00fasqueda irrelevantes al generar sugerencias de palabras clave basadas en consultas generales. Al orientarse a idiomas y regiones espec\u00edficos, optimiza el gasto en publicidad, reduce los clics irrelevantes y mejora el rendimiento de la campa\u00f1a. F\u00e1cil de usar, la herramienta permite a los usuarios analizar los t\u00e9rminos de b\u00fasqueda para conocer el volumen de b\u00fasqueda, las tendencias y la competencia.<\/p>","protected":false},"excerpt":{"rendered":"\u00bfQu\u00e9 es la herramienta de palabras clave negativas? La herramienta gratuita de palabras clave negativas de Sitechecker ayuda a los anunciantes a identificar y excluir t\u00e9rminos de b\u00fasqueda irrelevantes de sus campa\u00f1as de pago por clic (PPC). Al ingresar un t\u00e9rmino amplio relacionado con su negocio, la herramienta genera una lista de sugerencias de palabras&#8230;","protected":false},"author":10409641,"featured_media":0,"parent":0,"menu_order":0,"comment_status":"closed","ping_status":"closed","template":"pages-templates\/pages-minitools.php","meta":[],"categories":[71],"tags":[],"_links":{"self":[{"href":"https:\/\/sitechecker.pro\/es\/wp-json\/wp\/v2\/pages\/25058"}],"collection":[{"href":"https:\/\/sitechecker.pro\/es\/wp-json\/wp\/v2\/pages"}],"about":[{"href":"https:\/\/sitechecker.pro\/es\/wp-json\/wp\/v2\/types\/page"}],"author":[{"embeddable":true,"href":"https:\/\/sitechecker.pro\/es\/wp-json\/wp\/v2\/users\/10409641"}],"replies":[{"embeddable":true,"href":"https:\/\/sitechecker.pro\/es\/wp-json\/wp\/v2\/comments?post=25058"}],"version-history":[{"count":17,"href":"https:\/\/sitechecker.pro\/es\/wp-json\/wp\/v2\/pages\/25058\/revisions"}],"predecessor-version":[{"id":35548,"href":"https:\/\/sitechecker.pro\/es\/wp-json\/wp\/v2\/pages\/25058\/revisions\/35548"}],"wp:attachment":[{"href":"https:\/\/sitechecker.pro\/es\/wp-json\/wp\/v2\/media?parent=25058"}],"wp:term":[{"taxonomy":"category","embeddable":true,"href":"https:\/\/sitechecker.pro\/es\/wp-json\/wp\/v2\/categories?post=25058"},{"taxonomy":"post_tag","embeddable":true,"href":"https:\/\/sitechecker.pro\/es\/wp-json\/wp\/v2\/tags?post=25058"}],"curies":[{"name":"wp","href":"https:\/\/api.w.org\/{rel}","templated":true}]}}