{"id":25050,"date":"2023-07-24T12:46:13","date_gmt":"2023-07-24T12:46:13","guid":{"rendered":"https:\/\/sitechecker.pro\/?page_id=25050"},"modified":"2026-03-04T18:08:36","modified_gmt":"2026-03-04T18:08:36","slug":"free-seo-keyword-generator-get-thousands-relevant-keywords","status":"publish","type":"page","link":"https:\/\/sitechecker.pro\/es\/keyword-generator-tool\/","title":{"rendered":"Generador de palabras clave GRATUITO (Obtenga m\u00e1s de 199 ideas de contenido para SEO)"},"content":{"rendered":"<p><\/p>\n<h2 id=\"par1\">\u00bfQu\u00e9 es un generador de palabras clave de enfoque?<\/h2>\n<p>El generador de palabras clave de enfoque de <a href=\"https:\/\/sitechecker.pro\/\" target=\"_blank\" rel=\"noopener noreferrer\">Sitechecker<\/a> es una herramienta gratuita que ayuda a generar sugerencias de palabras clave para campa\u00f1as de SEO y PPC mediante la b\u00fasqueda de ideas en plataformas como Google, YouTube, Amazon, Bing y eBay. Proporciona sugerencias de palabras clave de cola larga mediante datos de sugerencias autom\u00e1ticas, ayuda a identificar palabras clave de alto valor con vol\u00famenes de b\u00fasqueda significativos y respalda la creaci\u00f3n de contenido, la optimizaci\u00f3n de sitios web y la investigaci\u00f3n de mercado.<\/p>\n<h3>C\u00f3mo puede ayudarlo la herramienta<\/h3>\n<p><strong>Sugerencias de palabras clave multiplataforma: <\/strong>genera ideas de frases clave de diversas plataformas como Google, YouTube, Amazon, Bing y eBay para maximizar el alcance y la relevancia.<\/p>\n<p><strong>Descubrimiento de palabras clave de cola larga: <\/strong>aprovecha los datos de sugerencias autom\u00e1ticas para proporcionar valiosas palabras clave de cola larga con vol\u00famenes de b\u00fasqueda sustanciales, ideales para la segmentaci\u00f3n de nichos y la optimizaci\u00f3n de contenido.<\/p>\n<p><strong>Integraci\u00f3n de campa\u00f1as de SEO: <\/strong>funciona a la perfecci\u00f3n con herramientas de SEO m\u00e1s amplias, incluido el seguimiento de la clasificaci\u00f3n y la supervisi\u00f3n del rendimiento del sitio web, para mejorar las estrategias de optimizaci\u00f3n generales.<\/p>\n<h3>Caracter\u00edsticas clave de la herramienta<\/h3>\n<p><strong>Panel unificado: <\/strong>una plataforma centralizada para realizar un seguimiento del rendimiento del sitio web, las m\u00e9tricas de SEO, las clasificaciones de frases clave y las auditor\u00edas del sitio, que proporciona una descripci\u00f3n general completa en un solo lugar.<\/p>\n<p><strong>Interfaz f\u00e1cil de usar: <\/strong>el dise\u00f1o intuitivo facilita la navegaci\u00f3n y el acceso a informaci\u00f3n \u00fatil para los usuarios de todos los niveles de experiencia.<\/p>\n<p><strong>Conjunto completo de herramientas de SEO: <\/strong>ofrece una soluci\u00f3n todo en uno con herramientas para la supervisi\u00f3n del sitio web, el seguimiento de la clasificaci\u00f3n, el an\u00e1lisis de v\u00ednculos de retroceso, la investigaci\u00f3n de palabras clave y las auditor\u00edas t\u00e9cnicas y en la p\u00e1gina detalladas de SEO.<\/p>\n<h2 id=\"par2\">C\u00f3mo usar la herramienta<\/h2>\n<h3>Paso 1: Ingrese una palabra clave o frase en el cuadro de entrada y haga clic en el bot\u00f3n &#8220;Obtener sugerencias&#8221;<\/h3>\n<p>Seleccione entre varias plataformas de b\u00fasqueda, incluidas Google, YouTube, Bing y otras, para definir las fuentes para generar ideas de contenido.<\/p>\n<div class=\"content__img-wrap\"><img src=\"https:\/\/sitechecker.pro\/wp-content\/uploads\/2024\/12\/seo-focus-keyphrase-generator.png\" alt=\"Generador de frases clave de SEO Focus\" class=\"description-img description-img-zoom\" loading=\"lazy\" ><\/div>\n<h3>Paso 2: Vea los resultados<\/h3>\n<p>La herramienta genera una lista de palabras clave relacionadas junto con m\u00e9tricas detalladas como volumen de b\u00fasqueda, tendencias, CPC y nivel de competencia. Use estos datos para ajustar su estrategia de contenido, enfocarse en temas de alta demanda y optimizar para mejorar la visibilidad y el rendimiento.<\/p>\n<div class=\"content__img-wrap\"><img src=\"https:\/\/sitechecker.pro\/wp-content\/uploads\/2024\/12\/search-suggestions.png\" alt=\"Sugerencias de b\u00fasqueda\" class=\"description-img description-img-zoom\" loading=\"lazy\" ><\/div>\n<h3>Paso 3: Elige y copia palabras clave relevantes<\/h3>\n<p>Explora la lista generada de ideas de frases clave, categorizadas por frecuencia y respaldadas por m\u00e9tricas como el volumen de b\u00fasqueda y las tendencias. Selecciona las palabras clave m\u00e1s relevantes, organ\u00edzalas seg\u00fan sea necesario y c\u00f3pialas para mejorar tu estrategia de contenido.<\/p>\n<div class=\"content__img-wrap\"><img src=\"https:\/\/sitechecker.pro\/wp-content\/uploads\/2024\/12\/select-copy-topics.png\" alt=\"Seleccionar, copiar temas\" class=\"description-img description-img-zoom\" loading=\"lazy\" ><\/div>\n<p>En el panel izquierdo, explora grupos de sugerencias de palabras clave agrupadas por la consulta principal, lo que permite que la herramienta funcione como un agrupador de palabras clave.<\/p>\n<p>Cada palabra clave muestra m\u00e9tricas detalladas como el volumen de b\u00fasqueda, las tendencias, el CPC y la competencia de anuncios. Puede seleccionar palabras clave relevantes y agregarlas al Rank Tracker para realizar un seguimiento en profundidad y optimizar la estrategia. Acceda a estos datos iniciando una prueba gratuita.<\/p>\n<div class=\"content__img-wrap\"><img src=\"https:\/\/sitechecker.pro\/wp-content\/uploads\/2024\/12\/keyword-stats.png\" alt=\"Estad\u00edsticas de palabras clave\" class=\"description-img description-img-zoom\" loading=\"lazy\" ><\/div>\n<div class=\"important-block\">Para recibir resultados y acceder a las funciones de Sitechecker durante 14 d\u00edas, inicie su prueba GRATUITA. Reg\u00edstrese f\u00e1cilmente con su correo electr\u00f3nico, cuenta de Google o Facebook. No necesita tarjeta de cr\u00e9dito.<\/div>\n<h2 id=\"par3\">Comience a monitorear palabras clave de inter\u00e9s<\/h2>\n<p>Haga clic en el bot\u00f3n para realizar un seguimiento de las frases clave de inter\u00e9s seleccion\u00e1ndolas y agreg\u00e1ndolas al Rank Tracker para un an\u00e1lisis de rendimiento continuo.<\/p>\n<div class=\"content__img-wrap\"><img src=\"https:\/\/sitechecker.pro\/wp-content\/uploads\/2024\/12\/add-to-rank-tracker.png\" alt=\"Agregar a Rank Tracker\" class=\"description-img description-img-zoom\" loading=\"lazy\" ><\/div>\n<p>Puede agrupar temas y agregarlos a Rank Tracker para realizar un seguimiento y an\u00e1lisis completos.<\/p>\n<div class=\"content__img-wrap\"><img src=\"https:\/\/sitechecker.pro\/wp-content\/uploads\/2024\/12\/add-to-rank-tracker-settings.png\" alt=\"Agregar a la configuraci\u00f3n de Rank Tracker\" class=\"description-img description-img-zoom\" loading=\"lazy\" ><\/div>\n<p>Seleccione su motor de b\u00fasqueda, dispositivo, pa\u00eds y regi\u00f3n preferidos en esta secci\u00f3n.<\/p>\n<p>Despu\u00e9s de configurar sus ajustes, haga clic en &#8220;Agregar a Rank Tracker&#8221; para comenzar a realizar el seguimiento.<\/p>\n<p>Use la funci\u00f3n &#8220;Administrar palabras clave&#8221; para organizar frases clave en categor\u00edas y vincularlas a p\u00e1ginas espec\u00edficas, agilizando su estrategia de promoci\u00f3n.<\/p>\n<div class=\"content__img-wrap\"><img src=\"https:\/\/sitechecker.pro\/wp-content\/uploads\/2024\/12\/manage-keywords.png\" alt=\"Administrar palabras clave\" class=\"description-img description-img-zoom\" loading=\"lazy\" ><\/div>\n<p>La herramienta ofrece un seguimiento personalizado de los temas en funci\u00f3n del dispositivo y la ubicaci\u00f3n, lo que ofrece informaci\u00f3n valiosa sobre las clasificaciones y la competencia. Las funciones como las puntuaciones de visibilidad, el seguimiento de la indexaci\u00f3n y los gr\u00e1ficos de tendencias de SEO mejoran la optimizaci\u00f3n de la estrategia, mientras que los informes flexibles se adaptan a los cronogramas de las campa\u00f1as.<\/p>\n<div class=\"content__img-wrap\"><img src=\"https:\/\/sitechecker.pro\/wp-content\/uploads\/2024\/12\/rank-tracker-dashboard.png\" alt=\"Panel de control de Rank Tracker\" class=\"description-img description-img-zoom\" loading=\"lazy\" ><\/div>\n<h2 id=\"par4\">Idea final<\/h2>\n<p>Keyword Maker es una herramienta gratuita y f\u00e1cil de usar para generar sugerencias de palabras clave en plataformas como Google, YouTube y Amazon. Ofrece m\u00e9tricas detalladas, descubrimiento de frases clave de cola larga y admite estrategias de SEO y PPC con funciones como seguimiento de clasificaci\u00f3n, puntajes de visibilidad y gr\u00e1ficos de tendencias de SEO. Los usuarios pueden organizar palabras clave, monitorear el rendimiento por ubicaci\u00f3n y dispositivo, y optimizar los esfuerzos promocionales utilizando la interfaz intuitiva de la herramienta y el conjunto integral de herramientas de SEO.<\/p>","protected":false},"excerpt":{"rendered":"\u00bfQu\u00e9 es un generador de palabras clave de enfoque? El generador de palabras clave de enfoque de Sitechecker es una herramienta gratuita que ayuda a generar sugerencias de palabras clave para campa\u00f1as de SEO y PPC mediante la b\u00fasqueda de ideas en plataformas como Google, YouTube, Amazon, Bing y eBay. Proporciona sugerencias de palabras clave&#8230;","protected":false},"author":10409641,"featured_media":0,"parent":0,"menu_order":0,"comment_status":"closed","ping_status":"closed","template":"pages-templates\/pages-minitools.php","meta":[],"categories":[71],"tags":[],"_links":{"self":[{"href":"https:\/\/sitechecker.pro\/es\/wp-json\/wp\/v2\/pages\/25050"}],"collection":[{"href":"https:\/\/sitechecker.pro\/es\/wp-json\/wp\/v2\/pages"}],"about":[{"href":"https:\/\/sitechecker.pro\/es\/wp-json\/wp\/v2\/types\/page"}],"author":[{"embeddable":true,"href":"https:\/\/sitechecker.pro\/es\/wp-json\/wp\/v2\/users\/10409641"}],"replies":[{"embeddable":true,"href":"https:\/\/sitechecker.pro\/es\/wp-json\/wp\/v2\/comments?post=25050"}],"version-history":[{"count":41,"href":"https:\/\/sitechecker.pro\/es\/wp-json\/wp\/v2\/pages\/25050\/revisions"}],"predecessor-version":[{"id":39554,"href":"https:\/\/sitechecker.pro\/es\/wp-json\/wp\/v2\/pages\/25050\/revisions\/39554"}],"wp:attachment":[{"href":"https:\/\/sitechecker.pro\/es\/wp-json\/wp\/v2\/media?parent=25050"}],"wp:term":[{"taxonomy":"category","embeddable":true,"href":"https:\/\/sitechecker.pro\/es\/wp-json\/wp\/v2\/categories?post=25050"},{"taxonomy":"post_tag","embeddable":true,"href":"https:\/\/sitechecker.pro\/es\/wp-json\/wp\/v2\/tags?post=25050"}],"curies":[{"name":"wp","href":"https:\/\/api.w.org\/{rel}","templated":true}]}}