{"id":25043,"date":"2023-07-24T12:49:46","date_gmt":"2023-07-24T12:49:46","guid":{"rendered":"https:\/\/sitechecker.pro\/?page_id=25043"},"modified":"2025-02-17T16:32:20","modified_gmt":"2025-02-17T16:32:20","slug":"professional-content-idea-generator-sitechecker-%e1%90%88","status":"publish","type":"page","link":"https:\/\/sitechecker.pro\/es\/content-idea-generator\/","title":{"rendered":"Generador de ideas de contenido: Temas, Posts, T\u00edtulos \u1408"},"content":{"rendered":"<p><\/p>\n<h2 id=\"par1\">\u00bfQu\u00e9 es un generador de ideas de contenido gratuito?<\/h2>\n<p>El generador de ideas de contenido de <a href=\"https:\/\/sitechecker.pro\/\" target=\"_blank\" rel=\"noopener noreferrer\">Sitechecker<\/a> es una herramienta dise\u00f1ada para simplificar el proceso de lluvia de ideas y proporcionar un flujo constante de ideas de contenido \u00fanicas y relevantes adaptadas a su nicho. Al analizar palabras clave y tendencias, ofrece r\u00e1pidamente sugerencias para publicaciones de blogs, actualizaciones de redes sociales, videos, podcasts y m\u00e1s.<\/p>\n<h3>El generador de ideas de art\u00edculos puede ayudarlo a:<\/h3>\n<p><strong>Ideas de contenido personalizadas: <\/strong>obtenga sugerencias de contenido adaptadas a sus palabras clave y nicho para blogs, redes sociales y m\u00e1s.<\/p>\n<p><strong>Inspiraci\u00f3n ilimitada: <\/strong>genere ideas infinitas al instante para mantener su calendario de contenido completo y atractivo.<\/p>\n<p><strong>Sugerencias impulsadas por SEO: <\/strong>cree contenido que resuene con su audiencia y tenga una clasificaci\u00f3n alta en los motores de b\u00fasqueda.<\/p>\n<h3>Caracter\u00edsticas principales del generador de ideas para blogs<\/h3>\n<p><strong>Panel de control unificado: <\/strong>realice un seguimiento del rendimiento, las clasificaciones y los problemas en un solo lugar central.<\/p>\n<p><strong>Interfaz f\u00e1cil de usar: <\/strong>un dise\u00f1o simplificado para una navegaci\u00f3n sencilla, ideal para todos los niveles de habilidad.<\/p>\n<p><strong>Conjunto completo de herramientas de SEO: <\/strong>herramientas integrales para auditor\u00edas, palabras clave, monitoreo y an\u00e1lisis.<\/p>\n<h2 id=\"par2\">\u00bfC\u00f3mo utilizar el generador de sugerencias de contenido?<\/h2>\n<h3>Paso 1: ingrese una palabra clave o frase y presione el bot\u00f3n &#8220;Obtener sugerencias&#8221;<\/h3>\n<p>Cuadro de entrada, elija entre varias plataformas de b\u00fasqueda como Google, YouTube, Bing y otras.<\/p>\n<p>Estas fuentes determinar\u00e1n de d\u00f3nde se derivan las ideas de contenido.<\/p>\n<div class=\"content__img-wrap\"><img src=\"https:\/\/sitechecker.pro\/wp-content\/uploads\/2024\/12\/professional-content-idea-generator.png\" alt=\"Generador de ideas de contenido profesional\" class=\"description-img description-img-zoom\" loading=\"lazy\" ><\/div>\n<h3>Paso 2: recupera los resultados<\/h3>\n<p>Las sugerencias de palabras clave proporcionan una lista de t\u00e9rminos relacionados con m\u00e9tricas detalladas, que incluyen volumen de b\u00fasqueda, tendencias, CPC y nivel de competencia. Estos datos ayudan a refinar tu estrategia de contenido, identificar temas de alta demanda y optimizar el contenido para una mejor visibilidad y rendimiento.<\/p>\n<div class=\"content__img-wrap\"><img src=\"https:\/\/sitechecker.pro\/wp-content\/uploads\/2024\/12\/search-suggestions.png\" alt=\"Sugerencias de b\u00fasqueda\" class=\"description-img description-img-zoom\" loading=\"lazy\" ><\/div>\n<h3>Paso 3: selecciona y copia temas relevantes<\/h3>\n<p>La herramienta genera una lista de ideas relevantes, categorizadas por frecuencia, e incluye m\u00e9tricas como volumen de b\u00fasqueda y tendencias. Puede seleccionar, organizar y copiar palabras clave para optimizar sus estrategias de contenido.<\/p>\n<div class=\"content__img-wrap\"><img src=\"https:\/\/sitechecker.pro\/wp-content\/uploads\/2024\/12\/select-copy-topics.png\" alt=\"Seleccionar, copiar temas\" class=\"description-img description-img-zoom\" loading=\"lazy\" ><\/div>\n<p>En el panel izquierdo, descubra grupos de sugerencias categorizadas seg\u00fan la consulta principal de la lista general. De esta manera, use la herramienta como un agrupador de palabras clave.<\/p>\n<p>Tambi\u00e9n muestra el volumen de b\u00fasqueda, las tendencias, el CPC y la competencia de anuncios. Puede seleccionar palabras clave y agregarlas al Rank Tracker para realizar un seguimiento detallado y optimizar la estrategia. Para acceder a estos datos, inicie una prueba gratuita.<\/p>\n<div class=\"content__img-wrap\"><img src=\"https:\/\/sitechecker.pro\/wp-content\/uploads\/2024\/12\/keyword-stats.png\" alt=\"Estad\u00edsticas de palabras clave\" class=\"description-img description-img-zoom\" loading=\"lazy\" ><\/div>\n<div class=\"important-block\">Para recibir resultados y acceder a las funciones de Sitechecker durante 14 d\u00edas, comience su prueba GRATUITA. Reg\u00edstrese f\u00e1cilmente con su correo electr\u00f3nico, cuenta de Google o Facebook. No se necesita tarjeta de cr\u00e9dito.<\/div>\n<h2 id=\"par3\">Comience a rastrear temas de contenido relevantes<\/h2>\n<p>Presione el bot\u00f3n para comenzar a rastrear temas de contenido relevantes seleccionando aquellos que le interesen y agreg\u00e1ndolos al <a href=\"https:\/\/sitechecker.pro\/rank-tracker\/\" target=\"_blank\" rel=\"noopener noreferrer\">Rank Tracker<\/a>.<\/p>\n<div class=\"content__img-wrap\"><img src=\"https:\/\/sitechecker.pro\/wp-content\/uploads\/2024\/12\/add-to-rank-tracker.png\" alt=\"A\u00f1adir a Rank Tracker\" class=\"description-img description-img-zoom\" loading=\"lazy\" ><\/div>\n<p>Los temas se pueden agrupar y a\u00f1adir a Rank Tracker para realizar un seguimiento y un an\u00e1lisis detallados.<\/p>\n<div class=\"content__img-wrap\"><img src=\"https:\/\/sitechecker.pro\/wp-content\/uploads\/2024\/12\/add-to-rank-tracker-settings.png\" alt=\"A\u00f1adir a la configuraci\u00f3n de Rank Tracker\" class=\"description-img description-img-zoom\" loading=\"lazy\" ><\/div>\n<p>Aqu\u00ed puedes elegir el motor de b\u00fasqueda, el dispositivo, el pa\u00eds y la regi\u00f3n que desees.<\/p>\n<p>Una vez que todo est\u00e9 configurado, haz clic en &#8220;A\u00f1adir a Rank Tracker&#8221;.<\/p>\n<p>La opci\u00f3n &#8220;Administrar palabras clave&#8221; te permite agrupar palabras clave en categor\u00edas y alinearlas con p\u00e1ginas espec\u00edficas para optimizar tu estrategia de promoci\u00f3n.<\/p>\n<div class=\"content__img-wrap\"><img src=\"https:\/\/sitechecker.pro\/wp-content\/uploads\/2024\/12\/manage-keywords.png\" alt=\"Administrar palabras clave\" class=\"description-img description-img-zoom\" loading=\"lazy\" ><\/div>\n<p>La herramienta ofrece un seguimiento personalizado de las ideas de temas por dispositivo y ubicaci\u00f3n, lo que ofrece informaci\u00f3n sobre las clasificaciones y la competencia. Las funciones como las puntuaciones de visibilidad, el seguimiento de la indexaci\u00f3n y los gr\u00e1ficos de tendencias de SEO ayudan a optimizar las estrategias, mientras que los informes flexibles se alinean con los cronogramas de las campa\u00f1as.<\/p>\n<div class=\"content__img-wrap\"><img src=\"https:\/\/sitechecker.pro\/wp-content\/uploads\/2024\/12\/rank-tracker-dashboard.png\" alt=\"Panel de control de Rank Tracker\" class=\"description-img description-img-zoom\" loading=\"lazy\" ><\/div>\n<h2 id=\"par4\">Idea final<\/h2>\n<p>El generador de ideas de contenido profesional simplifica la planificaci\u00f3n de contenido al brindar ideas personalizadas para blogs, redes sociales y m\u00e1s. Ofrece sugerencias basadas en palabras clave con m\u00e9tricas como volumen de b\u00fasqueda, tendencias, CPC y competencia, lo que ayuda a optimizar las estrategias de contenido. Las caracter\u00edsticas clave incluyen una interfaz f\u00e1cil de usar, informaci\u00f3n enfocada en SEO y herramientas para agrupar y rastrear palabras clave. El panel unificado y los informes flexibles mejoran el monitoreo del rendimiento, mientras que las configuraciones personalizables refinan los resultados. \u00daselo para generar ideas de contenido \u00fanico, realizar un seguimiento de las clasificaciones y mejorar la visibilidad con estrategias impulsadas por SEO. Comience una prueba gratuita para explorar todas sus capacidades sin necesidad de una tarjeta de cr\u00e9dito.<\/p>","protected":false},"excerpt":{"rendered":"\u00bfQu\u00e9 es un generador de ideas de contenido gratuito? El generador de ideas de contenido de Sitechecker es una herramienta dise\u00f1ada para simplificar el proceso de lluvia de ideas y proporcionar un flujo constante de ideas de contenido \u00fanicas y relevantes adaptadas a su nicho. Al analizar palabras clave y tendencias, ofrece r\u00e1pidamente sugerencias para&#8230;","protected":false},"author":10409641,"featured_media":0,"parent":0,"menu_order":0,"comment_status":"closed","ping_status":"closed","template":"pages-templates\/pages-minitools.php","meta":[],"categories":[70],"tags":[],"_links":{"self":[{"href":"https:\/\/sitechecker.pro\/es\/wp-json\/wp\/v2\/pages\/25043"}],"collection":[{"href":"https:\/\/sitechecker.pro\/es\/wp-json\/wp\/v2\/pages"}],"about":[{"href":"https:\/\/sitechecker.pro\/es\/wp-json\/wp\/v2\/types\/page"}],"author":[{"embeddable":true,"href":"https:\/\/sitechecker.pro\/es\/wp-json\/wp\/v2\/users\/10409641"}],"replies":[{"embeddable":true,"href":"https:\/\/sitechecker.pro\/es\/wp-json\/wp\/v2\/comments?post=25043"}],"version-history":[{"count":10,"href":"https:\/\/sitechecker.pro\/es\/wp-json\/wp\/v2\/pages\/25043\/revisions"}],"predecessor-version":[{"id":35572,"href":"https:\/\/sitechecker.pro\/es\/wp-json\/wp\/v2\/pages\/25043\/revisions\/35572"}],"wp:attachment":[{"href":"https:\/\/sitechecker.pro\/es\/wp-json\/wp\/v2\/media?parent=25043"}],"wp:term":[{"taxonomy":"category","embeddable":true,"href":"https:\/\/sitechecker.pro\/es\/wp-json\/wp\/v2\/categories?post=25043"},{"taxonomy":"post_tag","embeddable":true,"href":"https:\/\/sitechecker.pro\/es\/wp-json\/wp\/v2\/tags?post=25043"}],"curies":[{"name":"wp","href":"https:\/\/api.w.org\/{rel}","templated":true}]}}