{"id":25028,"date":"2023-07-24T12:41:47","date_gmt":"2023-07-24T12:41:47","guid":{"rendered":"https:\/\/sitechecker.pro\/?page_id=25028"},"modified":"2025-08-29T11:46:23","modified_gmt":"2025-08-29T11:46:23","slug":"email-name-generator-professional-email-address-generator-%e1%90%88","status":"publish","type":"page","link":"https:\/\/sitechecker.pro\/es\/email-name-generator\/","title":{"rendered":"Generador profesional de nombres de email [GRATIS 99+] Ideas de nombres de email"},"content":{"rendered":"<p><\/p>\n<h2 id=\"par1\">\u00bfQu\u00e9 es el generador de nombres de correo electr\u00f3nico profesional?<\/h2>\n<p>El generador de nombres de correo electr\u00f3nico profesional de <a href=\"https:\/\/sitechecker.pro\/\" target=\"_blank\" rel=\"noopener noreferrer\">Sitechecker<\/a> es una herramienta que crea r\u00e1pidamente sugerencias de nombres de correo electr\u00f3nico profesionales y \u00fanicas adaptadas a las necesidades personales o comerciales. Ofrece opciones personalizables basadas en palabras clave, admite la creaci\u00f3n de correo electr\u00f3nico de dominio y se adhiere a las convenciones de nombre de usuario al mismo tiempo que aprovecha las configuraciones de b\u00fasqueda avanzadas para la regi\u00f3n, el idioma y la relevancia espec\u00edfica de la plataforma.<\/p>\n<h3>C\u00f3mo puede ayudarlo el generador de nombres de Gmail<\/h3>\n<p><strong>Generador de nombres de correo electr\u00f3nico: <\/strong>proporciona r\u00e1pidamente numerosas sugerencias de nombres mediante la funci\u00f3n de b\u00fasqueda. Consulte las sugerencias disponibles para encontrar la perfecta para sus necesidades.<\/p>\n<p><strong>Propuestas de palabras clave multiplataforma: <\/strong>le permite descubrir palabras clave potenciales de varios motores de b\u00fasqueda y plataformas, incluidos (entre otros) Google, Bing, Amazon, eBay y YouTube.<\/p>\n<h2 id=\"par2\">C\u00f3mo usar la herramienta<\/h2>\n<h3>Paso 1: inserte una frase clave o un n\u00famero para generar miles de ideas de ID de cuenta<\/h3>\n<div class=\"content__img-wrap\"><img src=\"https:\/\/sitechecker.pro\/wp-content\/uploads\/2024\/12\/email-name-generator.png\" alt=\"Generador de nombres de correo electr\u00f3nico\" class=\"description-img description-img-zoom\" loading=\"lazy\" ><\/div>\n<h3>Paso 2: explore los resultados<\/h3>\n<p>Al comenzar con una sola frase clave, puede generar ideas de correo electr\u00f3nico listas para usar o extraer palabras individuales para crear su nombre \u00fanico.<\/p>\n<div class=\"content__img-wrap\"><img src=\"https:\/\/sitechecker.pro\/wp-content\/uploads\/2024\/12\/generate-email-ideas.png\" alt=\"Generar ideas de correo electr\u00f3nico\" class=\"description-img description-img-zoom\" loading=\"lazy\" ><\/div>\n<p>Una vez que comience la prueba gratuita, puede analizar la popularidad de las palabras clave seleccionadas y evaluar sus tendencias de b\u00fasqueda.<\/p>\n<p>En el panel izquierdo, explora grupos de sugerencias categorizadas por la consulta principal de la lista general, utilizando eficazmente la herramienta como un agrupador de ideas de identificadores de perfil. Aprovecha la opci\u00f3n de copiar las palabras que m\u00e1s te interesen.<\/p>\n<div class=\"content__img-wrap\"><img src=\"https:\/\/sitechecker.pro\/wp-content\/uploads\/2024\/12\/keywords-key-metrics.png\" alt=\"Keywords Key Metrics\" class=\"description-img description-img-zoom\" loading=\"lazy\" ><\/div>\n<p>La herramienta tambi\u00e9n muestra m\u00e9tricas clave como el volumen de b\u00fasqueda, las tendencias, el CPC y la competencia de anuncios.<\/p>\n<h2 id=\"par3\">Idea final<\/h2>\n<p>El generador de nombres de correo electr\u00f3nico aleatorios te ayuda a crear ideas de identificadores de perfil \u00fanicas y personalizadas para uso personal o comercial. Con sugerencias personalizables basadas en palabras clave, capacidades de b\u00fasqueda multiplataforma y filtros avanzados, la herramienta simplifica la b\u00fasqueda del identificador de perfil perfecto. Analiza las tendencias de palabras clave, los vol\u00famenes de b\u00fasqueda y la competencia para refinar tus opciones. Comienza ingresando una frase clave, explora sugerencias categorizadas y crea un identificador de perfil destacado en poco tiempo.<\/p>\n<div id=\"par4\"><\/div>\n<p><div class=\"front__faq-block\"><div class=\"faq__block-title\">Preguntas frecuentes<\/div><div class=\"panel-group\" id=\"faq-accordion\" itemscope itemtype=\"https:\/\/schema.org\/FAQPage\" role=\"tablist\" aria-multiselectable=\"true\"><div class=\"panel\" itemscope itemtype=\"https:\/\/schema.org\/Question\" itemprop=\"mainEntity\">\n                            <div class=\"panel-heading\" id=\"headingFaq-1\">\n                                <div class=\"panel-title\" data-toggle=\"collapse\" aria-expanded=\"false\" href=\"#collapseFaq-1\">\n                                    <h3 itemprop=\"name\">\u00bfC\u00f3mo uso el generador de direcciones de correo electr\u00f3nico profesional?<\/h3>\n                                <\/div>\n                            <\/div>\n                            <div id=\"collapseFaq-1\" class=\"panel-collapse collapse\" itemprop=\"acceptedAnswer\" itemscope itemtype=\"http:\/\/schema.org\/Answer\">\n                                <div class=\"panel-body\" itemprop=\"text\">Primero, pegue la palabra o el n\u00famero que desea incluir y agregue un elemento creativo. Configure el sistema de b\u00fasqueda, seleccione sus par\u00e1metros geogr\u00e1ficos y de idioma y haga clic en el bot\u00f3n 'Obtener sugerencias de palabras clave.' Examine los resultados y seleccione el nombre de correo electr\u00f3nico m\u00e1s adecuado para usted.<\/div>\n                            <\/div>\n                        <\/div><div class=\"panel\" itemscope itemtype=\"https:\/\/schema.org\/Question\" itemprop=\"mainEntity\">\n                            <div class=\"panel-heading\" id=\"headingFaq-2\">\n                                <div class=\"panel-title\" data-toggle=\"collapse\" aria-expanded=\"false\" href=\"#collapseFaq-2\">\n                                    <h3 itemprop=\"name\">\u00bfPuedo usar esta herramienta para servicios de correo electr\u00f3nico espec\u00edficos?<\/h3>\n                                <\/div>\n                            <\/div>\n                            <div id=\"collapseFaq-2\" class=\"panel-collapse collapse\" itemprop=\"acceptedAnswer\" itemscope itemtype=\"http:\/\/schema.org\/Answer\">\n                                <div class=\"panel-body\" itemprop=\"text\">S\u00ed, puede usar esta herramienta como generador de nombres de usuario para Gmail o cualquier otro servicio de correo electr\u00f3nico. Su funcionalidad no se limita a un servicio de correo electr\u00f3nico espec\u00edfico.<\/div>\n                            <\/div>\n                        <\/div><div class=\"panel\" itemscope itemtype=\"https:\/\/schema.org\/Question\" itemprop=\"mainEntity\">\n                            <div class=\"panel-heading\" id=\"headingFaq-3\">\n                                <div class=\"panel-title\" data-toggle=\"collapse\" aria-expanded=\"false\" href=\"#collapseFaq-3\">\n                                    <h3 itemprop=\"name\">\u00bfC\u00f3mo contribuye el generador de nombres de correo electr\u00f3nico a mi estrategia de comunicaci\u00f3n digital?<\/h3>\n                                <\/div>\n                            <\/div>\n                            <div id=\"collapseFaq-3\" class=\"panel-collapse collapse\" itemprop=\"acceptedAnswer\" itemscope itemtype=\"http:\/\/schema.org\/Answer\">\n                                <div class=\"panel-body\" itemprop=\"text\">Al generar nombres de usuario de correo electr\u00f3nico \u00fanicos y efectivos, la herramienta mejora su imagen profesional, atrae clientes y mejora su estrategia de comunicaci\u00f3n digital general.<\/div>\n                            <\/div>\n                        <\/div><div class=\"panel\" itemscope itemtype=\"https:\/\/schema.org\/Question\" itemprop=\"mainEntity\">\n                            <div class=\"panel-heading\" id=\"headingFaq-4\">\n                                <div class=\"panel-title\" data-toggle=\"collapse\" aria-expanded=\"false\" href=\"#collapseFaq-4\">\n                                    <h3 itemprop=\"name\">\u00bfCu\u00e1les son los nombres de correo electr\u00f3nico adecuados?<\/h3>\n                                <\/div>\n                            <\/div>\n                            <div id=\"collapseFaq-4\" class=\"panel-collapse collapse\" itemprop=\"acceptedAnswer\" itemscope itemtype=\"http:\/\/schema.org\/Answer\">\n                                <div class=\"panel-body\" itemprop=\"text\">Los buenos nombres de correo electr\u00f3nico son \u00fanicos, relevantes y se adaptan bien a la persona o empresa que representan. Pueden incluir nombres completos, solo nombre o apellido, o combinaciones de nombres e iniciales. Un identificador de perfil eficaz atrae a los clientes, causa una buena impresi\u00f3n y mejora la imagen profesional y la reputaci\u00f3n de la marca.<\/div>\n                            <\/div>\n                        <\/div><\/div><\/div><\/p>","protected":false},"excerpt":{"rendered":"\u00bfQu\u00e9 es el generador de nombres de correo electr\u00f3nico profesional? El generador de nombres de correo electr\u00f3nico profesional de Sitechecker es una herramienta que crea r\u00e1pidamente sugerencias de nombres de correo electr\u00f3nico profesionales y \u00fanicas adaptadas a las necesidades personales o comerciales. Ofrece opciones personalizables basadas en palabras clave, admite la creaci\u00f3n de correo electr\u00f3nico&#8230;","protected":false},"author":10409641,"featured_media":0,"parent":0,"menu_order":0,"comment_status":"closed","ping_status":"closed","template":"pages-templates\/pages-minitools.php","meta":[],"categories":[71],"tags":[],"_links":{"self":[{"href":"https:\/\/sitechecker.pro\/es\/wp-json\/wp\/v2\/pages\/25028"}],"collection":[{"href":"https:\/\/sitechecker.pro\/es\/wp-json\/wp\/v2\/pages"}],"about":[{"href":"https:\/\/sitechecker.pro\/es\/wp-json\/wp\/v2\/types\/page"}],"author":[{"embeddable":true,"href":"https:\/\/sitechecker.pro\/es\/wp-json\/wp\/v2\/users\/10409641"}],"replies":[{"embeddable":true,"href":"https:\/\/sitechecker.pro\/es\/wp-json\/wp\/v2\/comments?post=25028"}],"version-history":[{"count":17,"href":"https:\/\/sitechecker.pro\/es\/wp-json\/wp\/v2\/pages\/25028\/revisions"}],"predecessor-version":[{"id":38308,"href":"https:\/\/sitechecker.pro\/es\/wp-json\/wp\/v2\/pages\/25028\/revisions\/38308"}],"wp:attachment":[{"href":"https:\/\/sitechecker.pro\/es\/wp-json\/wp\/v2\/media?parent=25028"}],"wp:term":[{"taxonomy":"category","embeddable":true,"href":"https:\/\/sitechecker.pro\/es\/wp-json\/wp\/v2\/categories?post=25028"},{"taxonomy":"post_tag","embeddable":true,"href":"https:\/\/sitechecker.pro\/es\/wp-json\/wp\/v2\/tags?post=25028"}],"curies":[{"name":"wp","href":"https:\/\/api.w.org\/{rel}","templated":true}]}}